{"id":39337,"date":"2025-02-07T11:58:25","date_gmt":"2025-02-07T10:58:25","guid":{"rendered":"https:\/\/naturalpoland.com\/produkty\/uncategorized\/flavor-of-creme-brulee\/"},"modified":"2025-02-07T14:52:39","modified_gmt":"2025-02-07T13:52:39","slug":"flavor-of-creme-brulee","status":"publish","type":"product","link":"https:\/\/naturalpoland.com\/en\/products\/products-for-the-food-industry\/aromas\/dessert-aromas\/flavor-of-creme-brulee\/","title":{"rendered":"Flavor of cr\u00e8me br\u00fbl\u00e9e"},"content":{"rendered":"<p><strong style=\"color: #555555; font-size: 14.4px;\">Cr\u00e8me br\u00fbl\u00e9e flavor (powdered)<\/strong><span style=\"color: #555555; font-size: 14.4px;\"> is intended for use in <\/span><strong style=\"color: #555555; font-size: 14.4px;\">dry products<\/strong><span style=\"color: #555555; font-size: 14.4px;\">, such as cake mixes, puddings, instant drinks, powdered desserts. In the product you can sense   <\/span>creamy vanilla<span style=\"color: #555555; font-size: 14.4px;\">, caramel<\/span> and toffee. The composition gives the products a sweet, enveloping fragrance. <\/p>\n<p>Cr\u00e8me br\u00fbl\u00e9e flavor is often used in the following products:<\/p>\n<ul>\n<li>ice cream,<\/li>\n<li>cheesecakes,<\/li>\n<li>creams,<\/li>\n<li>flavored coffees,<\/li>\n<li>desserts.<\/li>\n<\/ul>\n","protected":false},"excerpt":{"rendered":"<p><strong>Cr\u00e8me br\u00fbl\u00e9e flavor<\/strong> powder is a composition that captures the essence of this classic French dessert. The aroma is characterized by <strong>a deep vanilla sweetness<\/strong>, interspersed with <strong>notes of caramelized sugar<\/strong>, associated with toffee. It pairs well with dairy and confectionery products, where it emphasizes their creamy character.  <\/p>\n","protected":false},"featured_media":39238,"template":"","meta":{"_acf_changed":false},"product_brand":[],"product_cat":[7590],"product_tag":[],"class_list":{"0":"post-39337","1":"product","2":"type-product","3":"status-publish","4":"has-post-thumbnail","6":"product_cat-dessert-aromas","8":"first","9":"instock","10":"shipping-taxable","11":"product-type-simple"},"acf":[],"yoast_head":"<!-- This site is optimized with the Yoast SEO plugin v27.5 - https:\/\/yoast.com\/product\/yoast-seo-wordpress\/ -->\n<title>Flavor of cr\u00e8me br\u00fbl\u00e9e - Wholesale Distributor<\/title>\n<meta name=\"description\" content=\"The cr\u00e8me br\u00fbl\u00e9e flavor is an excellent choice for producers looking to enhance their recipes with a refined sweetness with a gently roasted caramel finish.\" \/>\n<meta name=\"robots\" content=\"index, follow, max-snippet:-1, max-image-preview:large, max-video-preview:-1\" \/>\n<link rel=\"canonical\" href=\"https:\/\/naturalpoland.com\/en\/products\/products-for-the-food-industry\/aromas\/dessert-aromas\/flavor-of-creme-brulee\/\" \/>\n<meta property=\"og:locale\" content=\"en_US\" \/>\n<meta property=\"og:type\" content=\"article\" \/>\n<meta property=\"og:title\" content=\"Flavor of cr\u00e8me br\u00fbl\u00e9e - Wholesale Distributor\" \/>\n<meta property=\"og:description\" content=\"The cr\u00e8me br\u00fbl\u00e9e flavor is an excellent choice for producers looking to enhance their recipes with a refined sweetness with a gently roasted caramel finish.\" \/>\n<meta property=\"og:url\" content=\"https:\/\/naturalpoland.com\/en\/products\/products-for-the-food-industry\/aromas\/dessert-aromas\/flavor-of-creme-brulee\/\" \/>\n<meta property=\"og:site_name\" content=\"POLISH DISTRIBUTOR OF RAW MATERIALS\" \/>\n<meta property=\"article:publisher\" content=\"https:\/\/www.facebook.com\/naturalpoland.b2b\" \/>\n<meta property=\"article:modified_time\" content=\"2025-02-07T13:52:39+00:00\" \/>\n<meta property=\"og:image\" content=\"https:\/\/naturalpoland.com\/wp-content\/uploads\/aromat-creme-brulee.webp\" \/>\n\t<meta property=\"og:image:width\" content=\"597\" \/>\n\t<meta property=\"og:image:height\" content=\"597\" \/>\n\t<meta property=\"og:image:type\" content=\"image\/webp\" \/>\n<script type=\"application\/ld+json\" class=\"yoast-schema-graph\">{\"@context\":\"https:\\\/\\\/schema.org\",\"@graph\":[{\"@type\":\"WebPage\",\"@id\":\"https:\\\/\\\/naturalpoland.com\\\/en\\\/products\\\/products-for-the-food-industry\\\/aromas\\\/dessert-aromas\\\/flavor-of-creme-brulee\\\/\",\"url\":\"https:\\\/\\\/naturalpoland.com\\\/en\\\/products\\\/products-for-the-food-industry\\\/aromas\\\/dessert-aromas\\\/flavor-of-creme-brulee\\\/\",\"name\":\"Flavor of cr\u00e8me br\u00fbl\u00e9e - Wholesale Distributor\",\"isPartOf\":{\"@id\":\"https:\\\/\\\/naturalpoland.com\\\/en\\\/#website\"},\"primaryImageOfPage\":{\"@id\":\"https:\\\/\\\/naturalpoland.com\\\/en\\\/products\\\/products-for-the-food-industry\\\/aromas\\\/dessert-aromas\\\/flavor-of-creme-brulee\\\/#primaryimage\"},\"image\":{\"@id\":\"https:\\\/\\\/naturalpoland.com\\\/en\\\/products\\\/products-for-the-food-industry\\\/aromas\\\/dessert-aromas\\\/flavor-of-creme-brulee\\\/#primaryimage\"},\"thumbnailUrl\":\"https:\\\/\\\/naturalpoland.com\\\/wp-content\\\/uploads\\\/aromat-creme-brulee.webp\",\"datePublished\":\"2025-02-07T10:58:25+00:00\",\"dateModified\":\"2025-02-07T13:52:39+00:00\",\"description\":\"The cr\u00e8me br\u00fbl\u00e9e flavor is an excellent choice for producers looking to enhance their recipes with a refined sweetness with a gently roasted caramel finish.\",\"breadcrumb\":{\"@id\":\"https:\\\/\\\/naturalpoland.com\\\/en\\\/products\\\/products-for-the-food-industry\\\/aromas\\\/dessert-aromas\\\/flavor-of-creme-brulee\\\/#breadcrumb\"},\"inLanguage\":\"en-US\",\"potentialAction\":[{\"@type\":\"ReadAction\",\"target\":[\"https:\\\/\\\/naturalpoland.com\\\/en\\\/products\\\/products-for-the-food-industry\\\/aromas\\\/dessert-aromas\\\/flavor-of-creme-brulee\\\/\"]}]},{\"@type\":\"ImageObject\",\"inLanguage\":\"en-US\",\"@id\":\"https:\\\/\\\/naturalpoland.com\\\/en\\\/products\\\/products-for-the-food-industry\\\/aromas\\\/dessert-aromas\\\/flavor-of-creme-brulee\\\/#primaryimage\",\"url\":\"https:\\\/\\\/naturalpoland.com\\\/wp-content\\\/uploads\\\/aromat-creme-brulee.webp\",\"contentUrl\":\"https:\\\/\\\/naturalpoland.com\\\/wp-content\\\/uploads\\\/aromat-creme-brulee.webp\",\"width\":597,\"height\":597,\"caption\":\"aromat creme brulee w proszku\"},{\"@type\":\"BreadcrumbList\",\"@id\":\"https:\\\/\\\/naturalpoland.com\\\/en\\\/products\\\/products-for-the-food-industry\\\/aromas\\\/dessert-aromas\\\/flavor-of-creme-brulee\\\/#breadcrumb\",\"itemListElement\":[{\"@type\":\"ListItem\",\"position\":1,\"name\":\"Homepage\",\"item\":\"https:\\\/\\\/naturalpoland.com\\\/en\\\/\"},{\"@type\":\"ListItem\",\"position\":2,\"name\":\"Products\",\"item\":\"https:\\\/\\\/naturalpoland.com\\\/en\\\/products\\\/\"},{\"@type\":\"ListItem\",\"position\":3,\"name\":\"Flavor of cr\u00e8me br\u00fbl\u00e9e\"}]},{\"@type\":\"WebSite\",\"@id\":\"https:\\\/\\\/naturalpoland.com\\\/en\\\/#website\",\"url\":\"https:\\\/\\\/naturalpoland.com\\\/en\\\/\",\"name\":\"POLISH DISTRIBUTOR OF RAW MATERIALS\",\"description\":\"Raw materials for food, cosmetic and pharmaceutical industries\",\"publisher\":{\"@id\":\"https:\\\/\\\/naturalpoland.com\\\/en\\\/#organization\"},\"potentialAction\":[{\"@type\":\"SearchAction\",\"target\":{\"@type\":\"EntryPoint\",\"urlTemplate\":\"https:\\\/\\\/naturalpoland.com\\\/en\\\/?s={search_term_string}\"},\"query-input\":{\"@type\":\"PropertyValueSpecification\",\"valueRequired\":true,\"valueName\":\"search_term_string\"}}],\"inLanguage\":\"en-US\"},{\"@type\":\"Organization\",\"@id\":\"https:\\\/\\\/naturalpoland.com\\\/en\\\/#organization\",\"name\":\"Natural Poland\",\"url\":\"https:\\\/\\\/naturalpoland.com\\\/en\\\/\",\"logo\":{\"@type\":\"ImageObject\",\"inLanguage\":\"en-US\",\"@id\":\"https:\\\/\\\/naturalpoland.com\\\/en\\\/#\\\/schema\\\/logo\\\/image\\\/\",\"url\":\"https:\\\/\\\/naturalpoland.com\\\/wp-content\\\/uploads\\\/2021\\\/05\\\/natural-poland-icon.png\",\"contentUrl\":\"https:\\\/\\\/naturalpoland.com\\\/wp-content\\\/uploads\\\/2021\\\/05\\\/natural-poland-icon.png\",\"width\":512,\"height\":512,\"caption\":\"Natural Poland\"},\"image\":{\"@id\":\"https:\\\/\\\/naturalpoland.com\\\/en\\\/#\\\/schema\\\/logo\\\/image\\\/\"},\"sameAs\":[\"https:\\\/\\\/www.facebook.com\\\/naturalpoland.b2b\",\"https:\\\/\\\/pl.linkedin.com\\\/company\\\/natural-poland\",\"https:\\\/\\\/www.youtube.com\\\/channel\\\/UCgeGGkvOMahZo-xu_MSEWxg\"]}]}<\/script>\n<!-- \/ Yoast SEO plugin. -->","yoast_head_json":{"title":"Flavor of cr\u00e8me br\u00fbl\u00e9e - Wholesale Distributor","description":"The cr\u00e8me br\u00fbl\u00e9e flavor is an excellent choice for producers looking to enhance their recipes with a refined sweetness with a gently roasted caramel finish.","robots":{"index":"index","follow":"follow","max-snippet":"max-snippet:-1","max-image-preview":"max-image-preview:large","max-video-preview":"max-video-preview:-1"},"canonical":"https:\/\/naturalpoland.com\/en\/products\/products-for-the-food-industry\/aromas\/dessert-aromas\/flavor-of-creme-brulee\/","og_locale":"en_US","og_type":"article","og_title":"Flavor of cr\u00e8me br\u00fbl\u00e9e - Wholesale Distributor","og_description":"The cr\u00e8me br\u00fbl\u00e9e flavor is an excellent choice for producers looking to enhance their recipes with a refined sweetness with a gently roasted caramel finish.","og_url":"https:\/\/naturalpoland.com\/en\/products\/products-for-the-food-industry\/aromas\/dessert-aromas\/flavor-of-creme-brulee\/","og_site_name":"POLISH DISTRIBUTOR OF RAW MATERIALS","article_publisher":"https:\/\/www.facebook.com\/naturalpoland.b2b","article_modified_time":"2025-02-07T13:52:39+00:00","og_image":[{"width":597,"height":597,"url":"https:\/\/naturalpoland.com\/wp-content\/uploads\/aromat-creme-brulee.webp","type":"image\/webp"}],"schema":{"@context":"https:\/\/schema.org","@graph":[{"@type":"WebPage","@id":"https:\/\/naturalpoland.com\/en\/products\/products-for-the-food-industry\/aromas\/dessert-aromas\/flavor-of-creme-brulee\/","url":"https:\/\/naturalpoland.com\/en\/products\/products-for-the-food-industry\/aromas\/dessert-aromas\/flavor-of-creme-brulee\/","name":"Flavor of cr\u00e8me br\u00fbl\u00e9e - Wholesale Distributor","isPartOf":{"@id":"https:\/\/naturalpoland.com\/en\/#website"},"primaryImageOfPage":{"@id":"https:\/\/naturalpoland.com\/en\/products\/products-for-the-food-industry\/aromas\/dessert-aromas\/flavor-of-creme-brulee\/#primaryimage"},"image":{"@id":"https:\/\/naturalpoland.com\/en\/products\/products-for-the-food-industry\/aromas\/dessert-aromas\/flavor-of-creme-brulee\/#primaryimage"},"thumbnailUrl":"https:\/\/naturalpoland.com\/wp-content\/uploads\/aromat-creme-brulee.webp","datePublished":"2025-02-07T10:58:25+00:00","dateModified":"2025-02-07T13:52:39+00:00","description":"The cr\u00e8me br\u00fbl\u00e9e flavor is an excellent choice for producers looking to enhance their recipes with a refined sweetness with a gently roasted caramel finish.","breadcrumb":{"@id":"https:\/\/naturalpoland.com\/en\/products\/products-for-the-food-industry\/aromas\/dessert-aromas\/flavor-of-creme-brulee\/#breadcrumb"},"inLanguage":"en-US","potentialAction":[{"@type":"ReadAction","target":["https:\/\/naturalpoland.com\/en\/products\/products-for-the-food-industry\/aromas\/dessert-aromas\/flavor-of-creme-brulee\/"]}]},{"@type":"ImageObject","inLanguage":"en-US","@id":"https:\/\/naturalpoland.com\/en\/products\/products-for-the-food-industry\/aromas\/dessert-aromas\/flavor-of-creme-brulee\/#primaryimage","url":"https:\/\/naturalpoland.com\/wp-content\/uploads\/aromat-creme-brulee.webp","contentUrl":"https:\/\/naturalpoland.com\/wp-content\/uploads\/aromat-creme-brulee.webp","width":597,"height":597,"caption":"aromat creme brulee w proszku"},{"@type":"BreadcrumbList","@id":"https:\/\/naturalpoland.com\/en\/products\/products-for-the-food-industry\/aromas\/dessert-aromas\/flavor-of-creme-brulee\/#breadcrumb","itemListElement":[{"@type":"ListItem","position":1,"name":"Homepage","item":"https:\/\/naturalpoland.com\/en\/"},{"@type":"ListItem","position":2,"name":"Products","item":"https:\/\/naturalpoland.com\/en\/products\/"},{"@type":"ListItem","position":3,"name":"Flavor of cr\u00e8me br\u00fbl\u00e9e"}]},{"@type":"WebSite","@id":"https:\/\/naturalpoland.com\/en\/#website","url":"https:\/\/naturalpoland.com\/en\/","name":"POLISH DISTRIBUTOR OF RAW MATERIALS","description":"Raw materials for food, cosmetic and pharmaceutical industries","publisher":{"@id":"https:\/\/naturalpoland.com\/en\/#organization"},"potentialAction":[{"@type":"SearchAction","target":{"@type":"EntryPoint","urlTemplate":"https:\/\/naturalpoland.com\/en\/?s={search_term_string}"},"query-input":{"@type":"PropertyValueSpecification","valueRequired":true,"valueName":"search_term_string"}}],"inLanguage":"en-US"},{"@type":"Organization","@id":"https:\/\/naturalpoland.com\/en\/#organization","name":"Natural Poland","url":"https:\/\/naturalpoland.com\/en\/","logo":{"@type":"ImageObject","inLanguage":"en-US","@id":"https:\/\/naturalpoland.com\/en\/#\/schema\/logo\/image\/","url":"https:\/\/naturalpoland.com\/wp-content\/uploads\/2021\/05\/natural-poland-icon.png","contentUrl":"https:\/\/naturalpoland.com\/wp-content\/uploads\/2021\/05\/natural-poland-icon.png","width":512,"height":512,"caption":"Natural Poland"},"image":{"@id":"https:\/\/naturalpoland.com\/en\/#\/schema\/logo\/image\/"},"sameAs":["https:\/\/www.facebook.com\/naturalpoland.b2b","https:\/\/pl.linkedin.com\/company\/natural-poland","https:\/\/www.youtube.com\/channel\/UCgeGGkvOMahZo-xu_MSEWxg"]}]}},"_links":{"self":[{"href":"https:\/\/naturalpoland.com\/en\/wp-json\/wp\/v2\/product\/39337","targetHints":{"allow":["GET"]}}],"collection":[{"href":"https:\/\/naturalpoland.com\/en\/wp-json\/wp\/v2\/product"}],"about":[{"href":"https:\/\/naturalpoland.com\/en\/wp-json\/wp\/v2\/types\/product"}],"wp:featuredmedia":[{"embeddable":true,"href":"https:\/\/naturalpoland.com\/en\/wp-json\/wp\/v2\/media\/39238"}],"wp:attachment":[{"href":"https:\/\/naturalpoland.com\/en\/wp-json\/wp\/v2\/media?parent=39337"}],"wp:term":[{"taxonomy":"product_brand","embeddable":true,"href":"https:\/\/naturalpoland.com\/en\/wp-json\/wp\/v2\/product_brand?post=39337"},{"taxonomy":"product_cat","embeddable":true,"href":"https:\/\/naturalpoland.com\/en\/wp-json\/wp\/v2\/product_cat?post=39337"},{"taxonomy":"product_tag","embeddable":true,"href":"https:\/\/naturalpoland.com\/en\/wp-json\/wp\/v2\/product_tag?post=39337"}],"curies":[{"name":"wp","href":"https:\/\/api.w.org\/{rel}","templated":true}]}}