{"id":4293,"date":"2021-05-11T13:52:08","date_gmt":"2021-06-14T09:14:50","guid":{"rendered":"https:\/\/naturalpoland.pl\/?post_type=product&#038;p=4293"},"modified":"2024-10-09T16:09:21","modified_gmt":"2024-10-09T14:09:21","slug":"rose-hip-rosa-canina-oil","status":"publish","type":"product","link":"https:\/\/naturalpoland.com\/en\/products\/products-for-the-food-industry\/food-oils\/rose-hip-rosa-canina-oil\/","title":{"rendered":"Rosehip fruit Oil"},"content":{"rendered":"<h2>Composition of rosehip oil<\/h2>\n<p>This oil is rich in natural components such as essential fatty acids (EFAs), vitamins C, A and E, flavonoids and retinoic acid. The relative mass proportion of fatty acids is as follows: <\/p>\n<table>\n<tbody>\n<tr>\n<td>Palmitic Acid (C 16:0)<\/td>\n<td>6,9%<\/td>\n<\/tr>\n<tr>\n<td>Palmitoleic (C 16:1)<\/td>\n<td>0,12%<\/td>\n<\/tr>\n<tr>\n<td>Stearic Acid (C 18:0)<\/td>\n<td>4,5%<\/td>\n<\/tr>\n<tr>\n<td>Oleic Acid (C 18:1)<\/td>\n<td>22,3%<\/td>\n<\/tr>\n<tr>\n<td>Linoleic Acid (C 18:2)<\/td>\n<td>47,1%<\/td>\n<\/tr>\n<tr>\n<td>Linolenic Acid (C 18:3)<\/td>\n<td>17,0%<\/td>\n<\/tr>\n<tr>\n<td>Arachidic acid (C 20:0)<\/td>\n<td>0,22%<\/td>\n<\/tr>\n<tr>\n<td>Eicosenoic acid (C 20:1)<\/td>\n<td>0,12%<\/td>\n<\/tr>\n<tr>\n<td>Behenic acid (C 22:0)<\/td>\n<td>0,4%<\/td>\n<\/tr>\n<tr>\n<td>Lignoceric acid (C 24:0)<\/td>\n<td>0,3%<\/td>\n<\/tr>\n<\/tbody>\n<\/table>\n<p>&nbsp;<\/p>\n<h2>Properties:<\/h2>\n<p>Rosehip oil has <strong>regenerative<\/strong>, <strong>moisturizing<\/strong> and <strong>anti-aging<\/strong> <strong>properties<\/strong>. The high content of linoleic and linolenic fatty acids helps rebuild the skin&#8217;s protective barrier, accelerates the healing of scars, levels stretch marks and reduces the appearance of wrinkles. Antioxidant-rich vitamin C counteracts skin aging, and its natural form, which does not react with iron, protects against toxic free radicals. This makes the oil extremely safe for the skin and non-irritating.   <\/p>\n<p>&nbsp;<\/p>\n<h2>Application:<\/h2>\n<p>The product is perfect for <strong>all skin types<\/strong>, especially dry, mature and sensitive <strong>skin<\/strong>. It does not clog pores, so it is also suitable for oily and acne-prone skin. Its regular use improves skin elasticity, evens out skin tone, and reduces blemishes and scars. The oil is also ideal for <strong>hair care<\/strong> &#8211; it moisturizes, strengthens and improves elasticity. It can be applied directly to the skin, hair or as an additive to skin care products such as creams, lotions and masks. It has a gentle effect and can be used even on sensitive areas, such as the eye area. Rosehip oil is often called the &#8220;oil of youth&#8221; because it effectively helps keep skin radiant, healthy and youthful.  <\/p>\n","protected":false},"excerpt":{"rendered":"<p><strong>Rosa Canina rosehip oil<\/strong> is cold-pressed from the whole fruit of wild rose bushes. It is characterized by a light orange color and a delicate, fruity aroma. <\/p>\n","protected":false},"featured_media":36033,"template":"","meta":{"_acf_changed":false},"product_brand":[],"product_cat":[421,299,423],"product_tag":[],"class_list":{"0":"post-4293","1":"product","2":"type-product","3":"status-publish","4":"has-post-thumbnail","6":"product_cat-cosmetic-oils","7":"product_cat-food-and-cosmetic-oils","8":"product_cat-food-oils","10":"first","11":"instock","12":"shipping-taxable","13":"product-type-simple"},"acf":[],"yoast_head":"<!-- This site is optimized with the Yoast SEO plugin v27.5 - https:\/\/yoast.com\/product\/yoast-seo-wordpress\/ -->\n<title>Rosehip fruit Oil - POLISH DISTRIBUTOR OF RAW MATERIALS<\/title>\n<meta name=\"description\" content=\"Rosa Canina rosehip oil is a premium quality product, cold-pressed from the whole fruit of wild rose bushes.\" \/>\n<meta name=\"robots\" content=\"index, follow, max-snippet:-1, max-image-preview:large, max-video-preview:-1\" \/>\n<link rel=\"canonical\" href=\"https:\/\/naturalpoland.com\/en\/products\/products-for-the-food-industry\/food-oils\/rose-hip-rosa-canina-oil\/\" \/>\n<meta property=\"og:locale\" content=\"en_US\" \/>\n<meta property=\"og:type\" content=\"article\" \/>\n<meta property=\"og:title\" content=\"Rosehip fruit Oil - POLISH DISTRIBUTOR OF RAW MATERIALS\" \/>\n<meta property=\"og:description\" content=\"Rosa Canina rosehip oil is a premium quality product, cold-pressed from the whole fruit of wild rose bushes.\" \/>\n<meta property=\"og:url\" content=\"https:\/\/naturalpoland.com\/en\/products\/products-for-the-food-industry\/food-oils\/rose-hip-rosa-canina-oil\/\" \/>\n<meta property=\"og:site_name\" content=\"POLISH DISTRIBUTOR OF RAW MATERIALS\" \/>\n<meta property=\"article:publisher\" content=\"https:\/\/www.facebook.com\/naturalpoland.b2b\" \/>\n<meta property=\"article:modified_time\" content=\"2024-10-09T14:09:21+00:00\" \/>\n<meta property=\"og:image\" content=\"https:\/\/naturalpoland.com\/wp-content\/uploads\/olej-z-owocow-dzikiej-rozy.webp\" \/>\n\t<meta property=\"og:image:width\" content=\"619\" \/>\n\t<meta property=\"og:image:height\" content=\"619\" \/>\n\t<meta property=\"og:image:type\" content=\"image\/webp\" \/>\n<script type=\"application\/ld+json\" class=\"yoast-schema-graph\">{\"@context\":\"https:\\\/\\\/schema.org\",\"@graph\":[{\"@type\":\"WebPage\",\"@id\":\"https:\\\/\\\/naturalpoland.com\\\/en\\\/products\\\/products-for-the-food-industry\\\/food-oils\\\/rose-hip-rosa-canina-oil\\\/\",\"url\":\"https:\\\/\\\/naturalpoland.com\\\/en\\\/products\\\/products-for-the-food-industry\\\/food-oils\\\/rose-hip-rosa-canina-oil\\\/\",\"name\":\"Rosehip fruit Oil - POLISH DISTRIBUTOR OF RAW MATERIALS\",\"isPartOf\":{\"@id\":\"https:\\\/\\\/naturalpoland.com\\\/en\\\/#website\"},\"primaryImageOfPage\":{\"@id\":\"https:\\\/\\\/naturalpoland.com\\\/en\\\/products\\\/products-for-the-food-industry\\\/food-oils\\\/rose-hip-rosa-canina-oil\\\/#primaryimage\"},\"image\":{\"@id\":\"https:\\\/\\\/naturalpoland.com\\\/en\\\/products\\\/products-for-the-food-industry\\\/food-oils\\\/rose-hip-rosa-canina-oil\\\/#primaryimage\"},\"thumbnailUrl\":\"https:\\\/\\\/naturalpoland.com\\\/wp-content\\\/uploads\\\/olej-z-owocow-dzikiej-rozy.webp\",\"datePublished\":\"2021-06-14T09:14:50+00:00\",\"dateModified\":\"2024-10-09T14:09:21+00:00\",\"description\":\"Rosa Canina rosehip oil is a premium quality product, cold-pressed from the whole fruit of wild rose bushes.\",\"breadcrumb\":{\"@id\":\"https:\\\/\\\/naturalpoland.com\\\/en\\\/products\\\/products-for-the-food-industry\\\/food-oils\\\/rose-hip-rosa-canina-oil\\\/#breadcrumb\"},\"inLanguage\":\"en-US\",\"potentialAction\":[{\"@type\":\"ReadAction\",\"target\":[\"https:\\\/\\\/naturalpoland.com\\\/en\\\/products\\\/products-for-the-food-industry\\\/food-oils\\\/rose-hip-rosa-canina-oil\\\/\"]}]},{\"@type\":\"ImageObject\",\"inLanguage\":\"en-US\",\"@id\":\"https:\\\/\\\/naturalpoland.com\\\/en\\\/products\\\/products-for-the-food-industry\\\/food-oils\\\/rose-hip-rosa-canina-oil\\\/#primaryimage\",\"url\":\"https:\\\/\\\/naturalpoland.com\\\/wp-content\\\/uploads\\\/olej-z-owocow-dzikiej-rozy.webp\",\"contentUrl\":\"https:\\\/\\\/naturalpoland.com\\\/wp-content\\\/uploads\\\/olej-z-owocow-dzikiej-rozy.webp\",\"width\":619,\"height\":619,\"caption\":\"Olej z owoc\u00f3w dzikiej r\u00f3\u017cy Rosa Canina\"},{\"@type\":\"BreadcrumbList\",\"@id\":\"https:\\\/\\\/naturalpoland.com\\\/en\\\/products\\\/products-for-the-food-industry\\\/food-oils\\\/rose-hip-rosa-canina-oil\\\/#breadcrumb\",\"itemListElement\":[{\"@type\":\"ListItem\",\"position\":1,\"name\":\"Homepage\",\"item\":\"https:\\\/\\\/naturalpoland.com\\\/en\\\/\"},{\"@type\":\"ListItem\",\"position\":2,\"name\":\"Products\",\"item\":\"https:\\\/\\\/naturalpoland.com\\\/en\\\/products\\\/\"},{\"@type\":\"ListItem\",\"position\":3,\"name\":\"Rosehip fruit Oil\"}]},{\"@type\":\"WebSite\",\"@id\":\"https:\\\/\\\/naturalpoland.com\\\/en\\\/#website\",\"url\":\"https:\\\/\\\/naturalpoland.com\\\/en\\\/\",\"name\":\"POLISH DISTRIBUTOR OF RAW MATERIALS\",\"description\":\"Raw materials for food, cosmetic and pharmaceutical industries\",\"publisher\":{\"@id\":\"https:\\\/\\\/naturalpoland.com\\\/en\\\/#organization\"},\"potentialAction\":[{\"@type\":\"SearchAction\",\"target\":{\"@type\":\"EntryPoint\",\"urlTemplate\":\"https:\\\/\\\/naturalpoland.com\\\/en\\\/?s={search_term_string}\"},\"query-input\":{\"@type\":\"PropertyValueSpecification\",\"valueRequired\":true,\"valueName\":\"search_term_string\"}}],\"inLanguage\":\"en-US\"},{\"@type\":\"Organization\",\"@id\":\"https:\\\/\\\/naturalpoland.com\\\/en\\\/#organization\",\"name\":\"Natural Poland\",\"url\":\"https:\\\/\\\/naturalpoland.com\\\/en\\\/\",\"logo\":{\"@type\":\"ImageObject\",\"inLanguage\":\"en-US\",\"@id\":\"https:\\\/\\\/naturalpoland.com\\\/en\\\/#\\\/schema\\\/logo\\\/image\\\/\",\"url\":\"https:\\\/\\\/naturalpoland.com\\\/wp-content\\\/uploads\\\/2021\\\/05\\\/natural-poland-icon.png\",\"contentUrl\":\"https:\\\/\\\/naturalpoland.com\\\/wp-content\\\/uploads\\\/2021\\\/05\\\/natural-poland-icon.png\",\"width\":512,\"height\":512,\"caption\":\"Natural Poland\"},\"image\":{\"@id\":\"https:\\\/\\\/naturalpoland.com\\\/en\\\/#\\\/schema\\\/logo\\\/image\\\/\"},\"sameAs\":[\"https:\\\/\\\/www.facebook.com\\\/naturalpoland.b2b\",\"https:\\\/\\\/pl.linkedin.com\\\/company\\\/natural-poland\",\"https:\\\/\\\/www.youtube.com\\\/channel\\\/UCgeGGkvOMahZo-xu_MSEWxg\"]}]}<\/script>\n<!-- \/ Yoast SEO plugin. -->","yoast_head_json":{"title":"Rosehip fruit Oil - POLISH DISTRIBUTOR OF RAW MATERIALS","description":"Rosa Canina rosehip oil is a premium quality product, cold-pressed from the whole fruit of wild rose bushes.","robots":{"index":"index","follow":"follow","max-snippet":"max-snippet:-1","max-image-preview":"max-image-preview:large","max-video-preview":"max-video-preview:-1"},"canonical":"https:\/\/naturalpoland.com\/en\/products\/products-for-the-food-industry\/food-oils\/rose-hip-rosa-canina-oil\/","og_locale":"en_US","og_type":"article","og_title":"Rosehip fruit Oil - POLISH DISTRIBUTOR OF RAW MATERIALS","og_description":"Rosa Canina rosehip oil is a premium quality product, cold-pressed from the whole fruit of wild rose bushes.","og_url":"https:\/\/naturalpoland.com\/en\/products\/products-for-the-food-industry\/food-oils\/rose-hip-rosa-canina-oil\/","og_site_name":"POLISH DISTRIBUTOR OF RAW MATERIALS","article_publisher":"https:\/\/www.facebook.com\/naturalpoland.b2b","article_modified_time":"2024-10-09T14:09:21+00:00","og_image":[{"width":619,"height":619,"url":"https:\/\/naturalpoland.com\/wp-content\/uploads\/olej-z-owocow-dzikiej-rozy.webp","type":"image\/webp"}],"schema":{"@context":"https:\/\/schema.org","@graph":[{"@type":"WebPage","@id":"https:\/\/naturalpoland.com\/en\/products\/products-for-the-food-industry\/food-oils\/rose-hip-rosa-canina-oil\/","url":"https:\/\/naturalpoland.com\/en\/products\/products-for-the-food-industry\/food-oils\/rose-hip-rosa-canina-oil\/","name":"Rosehip fruit Oil - POLISH DISTRIBUTOR OF RAW MATERIALS","isPartOf":{"@id":"https:\/\/naturalpoland.com\/en\/#website"},"primaryImageOfPage":{"@id":"https:\/\/naturalpoland.com\/en\/products\/products-for-the-food-industry\/food-oils\/rose-hip-rosa-canina-oil\/#primaryimage"},"image":{"@id":"https:\/\/naturalpoland.com\/en\/products\/products-for-the-food-industry\/food-oils\/rose-hip-rosa-canina-oil\/#primaryimage"},"thumbnailUrl":"https:\/\/naturalpoland.com\/wp-content\/uploads\/olej-z-owocow-dzikiej-rozy.webp","datePublished":"2021-06-14T09:14:50+00:00","dateModified":"2024-10-09T14:09:21+00:00","description":"Rosa Canina rosehip oil is a premium quality product, cold-pressed from the whole fruit of wild rose bushes.","breadcrumb":{"@id":"https:\/\/naturalpoland.com\/en\/products\/products-for-the-food-industry\/food-oils\/rose-hip-rosa-canina-oil\/#breadcrumb"},"inLanguage":"en-US","potentialAction":[{"@type":"ReadAction","target":["https:\/\/naturalpoland.com\/en\/products\/products-for-the-food-industry\/food-oils\/rose-hip-rosa-canina-oil\/"]}]},{"@type":"ImageObject","inLanguage":"en-US","@id":"https:\/\/naturalpoland.com\/en\/products\/products-for-the-food-industry\/food-oils\/rose-hip-rosa-canina-oil\/#primaryimage","url":"https:\/\/naturalpoland.com\/wp-content\/uploads\/olej-z-owocow-dzikiej-rozy.webp","contentUrl":"https:\/\/naturalpoland.com\/wp-content\/uploads\/olej-z-owocow-dzikiej-rozy.webp","width":619,"height":619,"caption":"Olej z owoc\u00f3w dzikiej r\u00f3\u017cy Rosa Canina"},{"@type":"BreadcrumbList","@id":"https:\/\/naturalpoland.com\/en\/products\/products-for-the-food-industry\/food-oils\/rose-hip-rosa-canina-oil\/#breadcrumb","itemListElement":[{"@type":"ListItem","position":1,"name":"Homepage","item":"https:\/\/naturalpoland.com\/en\/"},{"@type":"ListItem","position":2,"name":"Products","item":"https:\/\/naturalpoland.com\/en\/products\/"},{"@type":"ListItem","position":3,"name":"Rosehip fruit Oil"}]},{"@type":"WebSite","@id":"https:\/\/naturalpoland.com\/en\/#website","url":"https:\/\/naturalpoland.com\/en\/","name":"POLISH DISTRIBUTOR OF RAW MATERIALS","description":"Raw materials for food, cosmetic and pharmaceutical industries","publisher":{"@id":"https:\/\/naturalpoland.com\/en\/#organization"},"potentialAction":[{"@type":"SearchAction","target":{"@type":"EntryPoint","urlTemplate":"https:\/\/naturalpoland.com\/en\/?s={search_term_string}"},"query-input":{"@type":"PropertyValueSpecification","valueRequired":true,"valueName":"search_term_string"}}],"inLanguage":"en-US"},{"@type":"Organization","@id":"https:\/\/naturalpoland.com\/en\/#organization","name":"Natural Poland","url":"https:\/\/naturalpoland.com\/en\/","logo":{"@type":"ImageObject","inLanguage":"en-US","@id":"https:\/\/naturalpoland.com\/en\/#\/schema\/logo\/image\/","url":"https:\/\/naturalpoland.com\/wp-content\/uploads\/2021\/05\/natural-poland-icon.png","contentUrl":"https:\/\/naturalpoland.com\/wp-content\/uploads\/2021\/05\/natural-poland-icon.png","width":512,"height":512,"caption":"Natural Poland"},"image":{"@id":"https:\/\/naturalpoland.com\/en\/#\/schema\/logo\/image\/"},"sameAs":["https:\/\/www.facebook.com\/naturalpoland.b2b","https:\/\/pl.linkedin.com\/company\/natural-poland","https:\/\/www.youtube.com\/channel\/UCgeGGkvOMahZo-xu_MSEWxg"]}]}},"_links":{"self":[{"href":"https:\/\/naturalpoland.com\/en\/wp-json\/wp\/v2\/product\/4293","targetHints":{"allow":["GET"]}}],"collection":[{"href":"https:\/\/naturalpoland.com\/en\/wp-json\/wp\/v2\/product"}],"about":[{"href":"https:\/\/naturalpoland.com\/en\/wp-json\/wp\/v2\/types\/product"}],"wp:featuredmedia":[{"embeddable":true,"href":"https:\/\/naturalpoland.com\/en\/wp-json\/wp\/v2\/media\/36033"}],"wp:attachment":[{"href":"https:\/\/naturalpoland.com\/en\/wp-json\/wp\/v2\/media?parent=4293"}],"wp:term":[{"taxonomy":"product_brand","embeddable":true,"href":"https:\/\/naturalpoland.com\/en\/wp-json\/wp\/v2\/product_brand?post=4293"},{"taxonomy":"product_cat","embeddable":true,"href":"https:\/\/naturalpoland.com\/en\/wp-json\/wp\/v2\/product_cat?post=4293"},{"taxonomy":"product_tag","embeddable":true,"href":"https:\/\/naturalpoland.com\/en\/wp-json\/wp\/v2\/product_tag?post=4293"}],"curies":[{"name":"wp","href":"https:\/\/api.w.org\/{rel}","templated":true}]}}