{"id":4749,"date":"2021-05-11T13:46:09","date_gmt":"2021-07-01T11:05:24","guid":{"rendered":"https:\/\/naturalpoland.pl\/produkty\/uncategorized\/sweet-blackberry-leaf\/"},"modified":"2021-07-01T13:06:28","modified_gmt":"2021-07-01T11:06:28","slug":"sweet-blackberry-leaf","status":"publish","type":"product","link":"https:\/\/naturalpoland.com\/en\/products\/products-for-the-food-industry\/raw-materials-for-production\/sweet-blackberry-leaf\/","title":{"rendered":"Sweet blackberry leaf"},"content":{"rendered":"<p>The sweet blackberry leaf is one of those organic products that have been present in natural medicine for generations. An infusion of its leaves perfectly warms up and increases immunity. The positive effects of sweet blackberry leaf infusion include fighting bacteria, lowering blood glucose levels, having astringent effects on mucous membranes, preventing inflammation, or having a beneficial effect on the digestive system. Regular use of sweet blackberry leaf infusion brings positive results for the functioning of the entire body. It is an extremely popular product, good-tasting and, above all, safe for everyone.    <\/p>\n<p><strong>We have 5 years of experience in importing and distributing this product.<\/strong><\/p>\n","protected":false},"excerpt":{"rendered":"<p>Quality 100% leaves, whole or cut. Without admixtures or additives.<\/p>\n<p>Without admixtures or additives. The plantation is located in an unpolluted area. <strong>We independently select and supervise the import of this product.<\/strong>Regular plantation visits and controls guarantee the highest quality of our raw material. <\/p>\n<p>&nbsp;<\/p>\n","protected":false},"featured_media":4846,"template":"","meta":{"_acf_changed":false},"product_brand":[],"product_cat":[425],"product_tag":[],"class_list":{"0":"post-4749","1":"product","2":"type-product","3":"status-publish","4":"has-post-thumbnail","6":"product_cat-raw-materials-for-production","8":"first","9":"instock","10":"shipping-taxable","11":"product-type-simple"},"acf":[],"yoast_head":"<!-- This site is optimized with the Yoast SEO plugin v27.5 - https:\/\/yoast.com\/product\/yoast-seo-wordpress\/ -->\n<title>Sweet blackberry leaf - Wholesale Distributor<\/title>\n<meta name=\"robots\" content=\"index, follow, max-snippet:-1, max-image-preview:large, max-video-preview:-1\" \/>\n<link rel=\"canonical\" href=\"https:\/\/naturalpoland.com\/en\/products\/products-for-the-food-industry\/raw-materials-for-production\/sweet-blackberry-leaf\/\" \/>\n<meta property=\"og:locale\" content=\"en_US\" \/>\n<meta property=\"og:type\" content=\"article\" \/>\n<meta property=\"og:title\" content=\"Sweet blackberry leaf - Wholesale Distributor\" \/>\n<meta property=\"og:description\" content=\"Quality 100% leaves, whole or cut. Without admixtures or additives. Without admixtures or additives. The plantation is located in an unpolluted area. We independently select and supervise the import of this product.Regular plantation visits and controls guarantee the highest quality of our raw material.  &nbsp;\" \/>\n<meta property=\"og:url\" content=\"https:\/\/naturalpoland.com\/en\/products\/products-for-the-food-industry\/raw-materials-for-production\/sweet-blackberry-leaf\/\" \/>\n<meta property=\"og:site_name\" content=\"POLISH DISTRIBUTOR OF RAW MATERIALS\" \/>\n<meta property=\"article:publisher\" content=\"https:\/\/www.facebook.com\/naturalpoland.b2b\" \/>\n<meta property=\"article:modified_time\" content=\"2021-07-01T11:06:28+00:00\" \/>\n<meta property=\"og:image\" content=\"https:\/\/naturalpoland.com\/wp-content\/uploads\/lisc-jezyny-slodkiej.jpg\" \/>\n\t<meta property=\"og:image:width\" content=\"653\" \/>\n\t<meta property=\"og:image:height\" content=\"600\" \/>\n\t<meta property=\"og:image:type\" content=\"image\/jpeg\" \/>\n<script type=\"application\/ld+json\" class=\"yoast-schema-graph\">{\"@context\":\"https:\\\/\\\/schema.org\",\"@graph\":[{\"@type\":\"WebPage\",\"@id\":\"https:\\\/\\\/naturalpoland.com\\\/en\\\/products\\\/products-for-the-food-industry\\\/raw-materials-for-production\\\/sweet-blackberry-leaf\\\/\",\"url\":\"https:\\\/\\\/naturalpoland.com\\\/en\\\/products\\\/products-for-the-food-industry\\\/raw-materials-for-production\\\/sweet-blackberry-leaf\\\/\",\"name\":\"Sweet blackberry leaf - Wholesale Distributor\",\"isPartOf\":{\"@id\":\"https:\\\/\\\/naturalpoland.com\\\/en\\\/#website\"},\"primaryImageOfPage\":{\"@id\":\"https:\\\/\\\/naturalpoland.com\\\/en\\\/products\\\/products-for-the-food-industry\\\/raw-materials-for-production\\\/sweet-blackberry-leaf\\\/#primaryimage\"},\"image\":{\"@id\":\"https:\\\/\\\/naturalpoland.com\\\/en\\\/products\\\/products-for-the-food-industry\\\/raw-materials-for-production\\\/sweet-blackberry-leaf\\\/#primaryimage\"},\"thumbnailUrl\":\"https:\\\/\\\/naturalpoland.com\\\/wp-content\\\/uploads\\\/lisc-jezyny-slodkiej.jpg\",\"datePublished\":\"2021-07-01T11:05:24+00:00\",\"dateModified\":\"2021-07-01T11:06:28+00:00\",\"breadcrumb\":{\"@id\":\"https:\\\/\\\/naturalpoland.com\\\/en\\\/products\\\/products-for-the-food-industry\\\/raw-materials-for-production\\\/sweet-blackberry-leaf\\\/#breadcrumb\"},\"inLanguage\":\"en-US\",\"potentialAction\":[{\"@type\":\"ReadAction\",\"target\":[\"https:\\\/\\\/naturalpoland.com\\\/en\\\/products\\\/products-for-the-food-industry\\\/raw-materials-for-production\\\/sweet-blackberry-leaf\\\/\"]}]},{\"@type\":\"ImageObject\",\"inLanguage\":\"en-US\",\"@id\":\"https:\\\/\\\/naturalpoland.com\\\/en\\\/products\\\/products-for-the-food-industry\\\/raw-materials-for-production\\\/sweet-blackberry-leaf\\\/#primaryimage\",\"url\":\"https:\\\/\\\/naturalpoland.com\\\/wp-content\\\/uploads\\\/lisc-jezyny-slodkiej.jpg\",\"contentUrl\":\"https:\\\/\\\/naturalpoland.com\\\/wp-content\\\/uploads\\\/lisc-jezyny-slodkiej.jpg\",\"width\":653,\"height\":600,\"caption\":\"li\u015b\u0107 je\u017cyny s\u0142odkiej\"},{\"@type\":\"BreadcrumbList\",\"@id\":\"https:\\\/\\\/naturalpoland.com\\\/en\\\/products\\\/products-for-the-food-industry\\\/raw-materials-for-production\\\/sweet-blackberry-leaf\\\/#breadcrumb\",\"itemListElement\":[{\"@type\":\"ListItem\",\"position\":1,\"name\":\"Homepage\",\"item\":\"https:\\\/\\\/naturalpoland.com\\\/en\\\/\"},{\"@type\":\"ListItem\",\"position\":2,\"name\":\"Products\",\"item\":\"https:\\\/\\\/naturalpoland.com\\\/en\\\/products\\\/\"},{\"@type\":\"ListItem\",\"position\":3,\"name\":\"Sweet blackberry leaf\"}]},{\"@type\":\"WebSite\",\"@id\":\"https:\\\/\\\/naturalpoland.com\\\/en\\\/#website\",\"url\":\"https:\\\/\\\/naturalpoland.com\\\/en\\\/\",\"name\":\"POLISH DISTRIBUTOR OF RAW MATERIALS\",\"description\":\"Raw materials for food, cosmetic and pharmaceutical industries\",\"publisher\":{\"@id\":\"https:\\\/\\\/naturalpoland.com\\\/en\\\/#organization\"},\"potentialAction\":[{\"@type\":\"SearchAction\",\"target\":{\"@type\":\"EntryPoint\",\"urlTemplate\":\"https:\\\/\\\/naturalpoland.com\\\/en\\\/?s={search_term_string}\"},\"query-input\":{\"@type\":\"PropertyValueSpecification\",\"valueRequired\":true,\"valueName\":\"search_term_string\"}}],\"inLanguage\":\"en-US\"},{\"@type\":\"Organization\",\"@id\":\"https:\\\/\\\/naturalpoland.com\\\/en\\\/#organization\",\"name\":\"Natural Poland\",\"url\":\"https:\\\/\\\/naturalpoland.com\\\/en\\\/\",\"logo\":{\"@type\":\"ImageObject\",\"inLanguage\":\"en-US\",\"@id\":\"https:\\\/\\\/naturalpoland.com\\\/en\\\/#\\\/schema\\\/logo\\\/image\\\/\",\"url\":\"https:\\\/\\\/naturalpoland.com\\\/wp-content\\\/uploads\\\/2021\\\/05\\\/natural-poland-icon.png\",\"contentUrl\":\"https:\\\/\\\/naturalpoland.com\\\/wp-content\\\/uploads\\\/2021\\\/05\\\/natural-poland-icon.png\",\"width\":512,\"height\":512,\"caption\":\"Natural Poland\"},\"image\":{\"@id\":\"https:\\\/\\\/naturalpoland.com\\\/en\\\/#\\\/schema\\\/logo\\\/image\\\/\"},\"sameAs\":[\"https:\\\/\\\/www.facebook.com\\\/naturalpoland.b2b\",\"https:\\\/\\\/pl.linkedin.com\\\/company\\\/natural-poland\",\"https:\\\/\\\/www.youtube.com\\\/channel\\\/UCgeGGkvOMahZo-xu_MSEWxg\"]}]}<\/script>\n<!-- \/ Yoast SEO plugin. -->","yoast_head_json":{"title":"Sweet blackberry leaf - Wholesale Distributor","robots":{"index":"index","follow":"follow","max-snippet":"max-snippet:-1","max-image-preview":"max-image-preview:large","max-video-preview":"max-video-preview:-1"},"canonical":"https:\/\/naturalpoland.com\/en\/products\/products-for-the-food-industry\/raw-materials-for-production\/sweet-blackberry-leaf\/","og_locale":"en_US","og_type":"article","og_title":"Sweet blackberry leaf - Wholesale Distributor","og_description":"Quality 100% leaves, whole or cut. Without admixtures or additives. Without admixtures or additives. The plantation is located in an unpolluted area. We independently select and supervise the import of this product.Regular plantation visits and controls guarantee the highest quality of our raw material.  &nbsp;","og_url":"https:\/\/naturalpoland.com\/en\/products\/products-for-the-food-industry\/raw-materials-for-production\/sweet-blackberry-leaf\/","og_site_name":"POLISH DISTRIBUTOR OF RAW MATERIALS","article_publisher":"https:\/\/www.facebook.com\/naturalpoland.b2b","article_modified_time":"2021-07-01T11:06:28+00:00","og_image":[{"width":653,"height":600,"url":"https:\/\/naturalpoland.com\/wp-content\/uploads\/lisc-jezyny-slodkiej.jpg","type":"image\/jpeg"}],"schema":{"@context":"https:\/\/schema.org","@graph":[{"@type":"WebPage","@id":"https:\/\/naturalpoland.com\/en\/products\/products-for-the-food-industry\/raw-materials-for-production\/sweet-blackberry-leaf\/","url":"https:\/\/naturalpoland.com\/en\/products\/products-for-the-food-industry\/raw-materials-for-production\/sweet-blackberry-leaf\/","name":"Sweet blackberry leaf - Wholesale Distributor","isPartOf":{"@id":"https:\/\/naturalpoland.com\/en\/#website"},"primaryImageOfPage":{"@id":"https:\/\/naturalpoland.com\/en\/products\/products-for-the-food-industry\/raw-materials-for-production\/sweet-blackberry-leaf\/#primaryimage"},"image":{"@id":"https:\/\/naturalpoland.com\/en\/products\/products-for-the-food-industry\/raw-materials-for-production\/sweet-blackberry-leaf\/#primaryimage"},"thumbnailUrl":"https:\/\/naturalpoland.com\/wp-content\/uploads\/lisc-jezyny-slodkiej.jpg","datePublished":"2021-07-01T11:05:24+00:00","dateModified":"2021-07-01T11:06:28+00:00","breadcrumb":{"@id":"https:\/\/naturalpoland.com\/en\/products\/products-for-the-food-industry\/raw-materials-for-production\/sweet-blackberry-leaf\/#breadcrumb"},"inLanguage":"en-US","potentialAction":[{"@type":"ReadAction","target":["https:\/\/naturalpoland.com\/en\/products\/products-for-the-food-industry\/raw-materials-for-production\/sweet-blackberry-leaf\/"]}]},{"@type":"ImageObject","inLanguage":"en-US","@id":"https:\/\/naturalpoland.com\/en\/products\/products-for-the-food-industry\/raw-materials-for-production\/sweet-blackberry-leaf\/#primaryimage","url":"https:\/\/naturalpoland.com\/wp-content\/uploads\/lisc-jezyny-slodkiej.jpg","contentUrl":"https:\/\/naturalpoland.com\/wp-content\/uploads\/lisc-jezyny-slodkiej.jpg","width":653,"height":600,"caption":"li\u015b\u0107 je\u017cyny s\u0142odkiej"},{"@type":"BreadcrumbList","@id":"https:\/\/naturalpoland.com\/en\/products\/products-for-the-food-industry\/raw-materials-for-production\/sweet-blackberry-leaf\/#breadcrumb","itemListElement":[{"@type":"ListItem","position":1,"name":"Homepage","item":"https:\/\/naturalpoland.com\/en\/"},{"@type":"ListItem","position":2,"name":"Products","item":"https:\/\/naturalpoland.com\/en\/products\/"},{"@type":"ListItem","position":3,"name":"Sweet blackberry leaf"}]},{"@type":"WebSite","@id":"https:\/\/naturalpoland.com\/en\/#website","url":"https:\/\/naturalpoland.com\/en\/","name":"POLISH DISTRIBUTOR OF RAW MATERIALS","description":"Raw materials for food, cosmetic and pharmaceutical industries","publisher":{"@id":"https:\/\/naturalpoland.com\/en\/#organization"},"potentialAction":[{"@type":"SearchAction","target":{"@type":"EntryPoint","urlTemplate":"https:\/\/naturalpoland.com\/en\/?s={search_term_string}"},"query-input":{"@type":"PropertyValueSpecification","valueRequired":true,"valueName":"search_term_string"}}],"inLanguage":"en-US"},{"@type":"Organization","@id":"https:\/\/naturalpoland.com\/en\/#organization","name":"Natural Poland","url":"https:\/\/naturalpoland.com\/en\/","logo":{"@type":"ImageObject","inLanguage":"en-US","@id":"https:\/\/naturalpoland.com\/en\/#\/schema\/logo\/image\/","url":"https:\/\/naturalpoland.com\/wp-content\/uploads\/2021\/05\/natural-poland-icon.png","contentUrl":"https:\/\/naturalpoland.com\/wp-content\/uploads\/2021\/05\/natural-poland-icon.png","width":512,"height":512,"caption":"Natural Poland"},"image":{"@id":"https:\/\/naturalpoland.com\/en\/#\/schema\/logo\/image\/"},"sameAs":["https:\/\/www.facebook.com\/naturalpoland.b2b","https:\/\/pl.linkedin.com\/company\/natural-poland","https:\/\/www.youtube.com\/channel\/UCgeGGkvOMahZo-xu_MSEWxg"]}]}},"_links":{"self":[{"href":"https:\/\/naturalpoland.com\/en\/wp-json\/wp\/v2\/product\/4749","targetHints":{"allow":["GET"]}}],"collection":[{"href":"https:\/\/naturalpoland.com\/en\/wp-json\/wp\/v2\/product"}],"about":[{"href":"https:\/\/naturalpoland.com\/en\/wp-json\/wp\/v2\/types\/product"}],"wp:featuredmedia":[{"embeddable":true,"href":"https:\/\/naturalpoland.com\/en\/wp-json\/wp\/v2\/media\/4846"}],"wp:attachment":[{"href":"https:\/\/naturalpoland.com\/en\/wp-json\/wp\/v2\/media?parent=4749"}],"wp:term":[{"taxonomy":"product_brand","embeddable":true,"href":"https:\/\/naturalpoland.com\/en\/wp-json\/wp\/v2\/product_brand?post=4749"},{"taxonomy":"product_cat","embeddable":true,"href":"https:\/\/naturalpoland.com\/en\/wp-json\/wp\/v2\/product_cat?post=4749"},{"taxonomy":"product_tag","embeddable":true,"href":"https:\/\/naturalpoland.com\/en\/wp-json\/wp\/v2\/product_tag?post=4749"}],"curies":[{"name":"wp","href":"https:\/\/api.w.org\/{rel}","templated":true}]}}