{"id":6875,"date":"2021-06-14T16:56:14","date_gmt":"2021-09-01T15:29:24","guid":{"rendered":"https:\/\/naturalpoland.pl\/produkty\/uncategorized\/graviola-extract\/"},"modified":"2024-10-07T12:01:41","modified_gmt":"2024-10-07T10:01:41","slug":"graviola-extract","status":"publish","type":"product","link":"https:\/\/naturalpoland.com\/en\/products\/plant-extracts\/graviola-extract\/","title":{"rendered":"Graviola extract"},"content":{"rendered":"<h2>Properties of graviola extract<\/h2>\n<p>  Graviola extract contains biologically active compounds such as <strong>annonaceous acetogenins<\/strong> and vitamins, including.<br \/>\nVitamin C, B, E and K, as well as minerals such as magnesium, phosphorus, potassium, iron and zinc.<br \/>\nThese compounds support the body&#8217;s function on many levels, from strengthening immunity to protecting against infections.    <\/p>\n<h2>Effect of graviola extract<\/h2>\n<p>  The most notable feature of graviola extract is its <strong>anticancer properties<\/strong>.<br \/>\nAcetogenins, which are present in large amounts in the extract, show the ability to selectively destroy cancer cells without harming healthy cells.<br \/>\nGraviola has shown high efficacy against such cancers as breast, prostate, pancreatic, lung and colon cancer.<br \/>\nThe mechanism of action involves inhibiting enzymes found in the membranes of cancer cells, which prevents their further development.<br \/>\nHowever, research is still underway to use graviola to develop an effective new cancer drug.<br \/>\nGraviola extract also has strong <strong>antibacterial and antiparasitic properties<\/strong>.<br \/>\nGraviola seeds have traditionally been used to fight parasites, while extracts from the fruit and leaves have been used to fight bacterial infections, fungal infections and to treat skin conditions such as psoriasis and eczema.<br \/>\nThe use of the extract helps eliminate internal and external infections, and strengthens the immune system.<br \/>\nGraviola also has a beneficial effect on <strong>the cardiovascular system<\/strong>, lowering blood pressure and supporting heart function.<br \/>\nCompounds in the plant dilate blood vessels, reducing heart rate.<br \/>\nThe extract also exhibits <strong>antidiabetic effects<\/strong>, supporting the regulation of blood glucose levels.<br \/>\nDue to <strong>the sedative and anti-anxiety<\/strong> properties of the graviola herb, the extract can be used as a natural support in the fight against stress, nervous tension and insomnia.<br \/>\nRegular use helps improve sleep quality, relieves nervousness and calms down.<br \/>\nIt can be used as a natural alternative to anti-inflammatory drugs, offering relief without side effects as it exhibits <strong>anti-inflammatory and analgesic<\/strong> effects.               &nbsp;<\/p>\n","protected":false},"excerpt":{"rendered":"<p><strong>Graviola extract<\/strong> is extracted from the fruit of the graviola<em>(Annona muricata<\/em>), also known as the softwood cherimoya.<br \/>\nIt is a tropical tree with exceptional health properties, native to Central and South America. <\/p>\n","protected":false},"featured_media":35831,"template":"","meta":{"_acf_changed":false},"product_brand":[],"product_cat":[298],"product_tag":[],"class_list":{"0":"post-6875","1":"product","2":"type-product","3":"status-publish","4":"has-post-thumbnail","6":"product_cat-plant-extracts","7":"pa_czesc-rosliny-fruit","9":"first","10":"instock","11":"shipping-taxable","12":"product-type-simple"},"acf":[],"yoast_head":"<!-- This site is optimized with the Yoast SEO plugin v27.6 - https:\/\/yoast.com\/product\/yoast-seo-wordpress\/ -->\n<title>Graviola extract - POLISH DISTRIBUTOR OF RAW MATERIALS<\/title>\n<meta name=\"description\" content=\"Graviola extract is a unique product with a broad spectrum of activity - it has anti-cancer, anti-bacterial, calming and strengthening properties.\" \/>\n<meta name=\"robots\" content=\"index, follow, max-snippet:-1, max-image-preview:large, max-video-preview:-1\" \/>\n<link rel=\"canonical\" href=\"https:\/\/naturalpoland.com\/en\/products\/plant-extracts\/graviola-extract\/\" \/>\n<meta property=\"og:locale\" content=\"en_US\" \/>\n<meta property=\"og:type\" content=\"article\" \/>\n<meta property=\"og:title\" content=\"Graviola extract - POLISH DISTRIBUTOR OF RAW MATERIALS\" \/>\n<meta property=\"og:description\" content=\"Graviola extract is a unique product with a broad spectrum of activity - it has anti-cancer, anti-bacterial, calming and strengthening properties.\" \/>\n<meta property=\"og:url\" content=\"https:\/\/naturalpoland.com\/en\/products\/plant-extracts\/graviola-extract\/\" \/>\n<meta property=\"og:site_name\" content=\"POLISH DISTRIBUTOR OF RAW MATERIALS\" \/>\n<meta property=\"article:publisher\" content=\"https:\/\/www.facebook.com\/naturalpoland.b2b\" \/>\n<meta property=\"article:modified_time\" content=\"2024-10-07T10:01:41+00:00\" \/>\n<meta property=\"og:image\" content=\"https:\/\/naturalpoland.com\/wp-content\/uploads\/ekstrakt-z-gravioli.webp\" \/>\n\t<meta property=\"og:image:width\" content=\"619\" \/>\n\t<meta property=\"og:image:height\" content=\"619\" \/>\n\t<meta property=\"og:image:type\" content=\"image\/webp\" \/>\n<script type=\"application\/ld+json\" class=\"yoast-schema-graph\">{\"@context\":\"https:\\\/\\\/schema.org\",\"@graph\":[{\"@type\":\"WebPage\",\"@id\":\"https:\\\/\\\/naturalpoland.com\\\/en\\\/products\\\/plant-extracts\\\/graviola-extract\\\/\",\"url\":\"https:\\\/\\\/naturalpoland.com\\\/en\\\/products\\\/plant-extracts\\\/graviola-extract\\\/\",\"name\":\"Graviola extract - POLISH DISTRIBUTOR OF RAW MATERIALS\",\"isPartOf\":{\"@id\":\"https:\\\/\\\/naturalpoland.com\\\/en\\\/#website\"},\"primaryImageOfPage\":{\"@id\":\"https:\\\/\\\/naturalpoland.com\\\/en\\\/products\\\/plant-extracts\\\/graviola-extract\\\/#primaryimage\"},\"image\":{\"@id\":\"https:\\\/\\\/naturalpoland.com\\\/en\\\/products\\\/plant-extracts\\\/graviola-extract\\\/#primaryimage\"},\"thumbnailUrl\":\"https:\\\/\\\/naturalpoland.com\\\/wp-content\\\/uploads\\\/ekstrakt-z-gravioli.webp\",\"datePublished\":\"2021-09-01T15:29:24+00:00\",\"dateModified\":\"2024-10-07T10:01:41+00:00\",\"description\":\"Graviola extract is a unique product with a broad spectrum of activity - it has anti-cancer, anti-bacterial, calming and strengthening properties.\",\"breadcrumb\":{\"@id\":\"https:\\\/\\\/naturalpoland.com\\\/en\\\/products\\\/plant-extracts\\\/graviola-extract\\\/#breadcrumb\"},\"inLanguage\":\"en-US\",\"potentialAction\":[{\"@type\":\"ReadAction\",\"target\":[\"https:\\\/\\\/naturalpoland.com\\\/en\\\/products\\\/plant-extracts\\\/graviola-extract\\\/\"]}]},{\"@type\":\"ImageObject\",\"inLanguage\":\"en-US\",\"@id\":\"https:\\\/\\\/naturalpoland.com\\\/en\\\/products\\\/plant-extracts\\\/graviola-extract\\\/#primaryimage\",\"url\":\"https:\\\/\\\/naturalpoland.com\\\/wp-content\\\/uploads\\\/ekstrakt-z-gravioli.webp\",\"contentUrl\":\"https:\\\/\\\/naturalpoland.com\\\/wp-content\\\/uploads\\\/ekstrakt-z-gravioli.webp\",\"width\":619,\"height\":619,\"caption\":\"ekstrakt z owocu gravioli w postaci \u017c\u00f3\u0142to-br\u0105zowego proszku\"},{\"@type\":\"BreadcrumbList\",\"@id\":\"https:\\\/\\\/naturalpoland.com\\\/en\\\/products\\\/plant-extracts\\\/graviola-extract\\\/#breadcrumb\",\"itemListElement\":[{\"@type\":\"ListItem\",\"position\":1,\"name\":\"Homepage\",\"item\":\"https:\\\/\\\/naturalpoland.com\\\/en\\\/\"},{\"@type\":\"ListItem\",\"position\":2,\"name\":\"Products\",\"item\":\"https:\\\/\\\/naturalpoland.com\\\/en\\\/products\\\/\"},{\"@type\":\"ListItem\",\"position\":3,\"name\":\"Graviola extract\"}]},{\"@type\":\"WebSite\",\"@id\":\"https:\\\/\\\/naturalpoland.com\\\/en\\\/#website\",\"url\":\"https:\\\/\\\/naturalpoland.com\\\/en\\\/\",\"name\":\"POLISH DISTRIBUTOR OF RAW MATERIALS\",\"description\":\"Raw materials for food, cosmetic and pharmaceutical industries\",\"publisher\":{\"@id\":\"https:\\\/\\\/naturalpoland.com\\\/en\\\/#organization\"},\"potentialAction\":[{\"@type\":\"SearchAction\",\"target\":{\"@type\":\"EntryPoint\",\"urlTemplate\":\"https:\\\/\\\/naturalpoland.com\\\/en\\\/?s={search_term_string}\"},\"query-input\":{\"@type\":\"PropertyValueSpecification\",\"valueRequired\":true,\"valueName\":\"search_term_string\"}}],\"inLanguage\":\"en-US\"},{\"@type\":\"Organization\",\"@id\":\"https:\\\/\\\/naturalpoland.com\\\/en\\\/#organization\",\"name\":\"Natural Poland\",\"url\":\"https:\\\/\\\/naturalpoland.com\\\/en\\\/\",\"logo\":{\"@type\":\"ImageObject\",\"inLanguage\":\"en-US\",\"@id\":\"https:\\\/\\\/naturalpoland.com\\\/en\\\/#\\\/schema\\\/logo\\\/image\\\/\",\"url\":\"https:\\\/\\\/naturalpoland.com\\\/wp-content\\\/uploads\\\/2021\\\/05\\\/natural-poland-icon.png\",\"contentUrl\":\"https:\\\/\\\/naturalpoland.com\\\/wp-content\\\/uploads\\\/2021\\\/05\\\/natural-poland-icon.png\",\"width\":512,\"height\":512,\"caption\":\"Natural Poland\"},\"image\":{\"@id\":\"https:\\\/\\\/naturalpoland.com\\\/en\\\/#\\\/schema\\\/logo\\\/image\\\/\"},\"sameAs\":[\"https:\\\/\\\/www.facebook.com\\\/naturalpoland.b2b\",\"https:\\\/\\\/pl.linkedin.com\\\/company\\\/natural-poland\",\"https:\\\/\\\/www.youtube.com\\\/channel\\\/UCgeGGkvOMahZo-xu_MSEWxg\"]}]}<\/script>\n<!-- \/ Yoast SEO plugin. -->","yoast_head_json":{"title":"Graviola extract - POLISH DISTRIBUTOR OF RAW MATERIALS","description":"Graviola extract is a unique product with a broad spectrum of activity - it has anti-cancer, anti-bacterial, calming and strengthening properties.","robots":{"index":"index","follow":"follow","max-snippet":"max-snippet:-1","max-image-preview":"max-image-preview:large","max-video-preview":"max-video-preview:-1"},"canonical":"https:\/\/naturalpoland.com\/en\/products\/plant-extracts\/graviola-extract\/","og_locale":"en_US","og_type":"article","og_title":"Graviola extract - POLISH DISTRIBUTOR OF RAW MATERIALS","og_description":"Graviola extract is a unique product with a broad spectrum of activity - it has anti-cancer, anti-bacterial, calming and strengthening properties.","og_url":"https:\/\/naturalpoland.com\/en\/products\/plant-extracts\/graviola-extract\/","og_site_name":"POLISH DISTRIBUTOR OF RAW MATERIALS","article_publisher":"https:\/\/www.facebook.com\/naturalpoland.b2b","article_modified_time":"2024-10-07T10:01:41+00:00","og_image":[{"width":619,"height":619,"url":"https:\/\/naturalpoland.com\/wp-content\/uploads\/ekstrakt-z-gravioli.webp","type":"image\/webp"}],"schema":{"@context":"https:\/\/schema.org","@graph":[{"@type":"WebPage","@id":"https:\/\/naturalpoland.com\/en\/products\/plant-extracts\/graviola-extract\/","url":"https:\/\/naturalpoland.com\/en\/products\/plant-extracts\/graviola-extract\/","name":"Graviola extract - POLISH DISTRIBUTOR OF RAW MATERIALS","isPartOf":{"@id":"https:\/\/naturalpoland.com\/en\/#website"},"primaryImageOfPage":{"@id":"https:\/\/naturalpoland.com\/en\/products\/plant-extracts\/graviola-extract\/#primaryimage"},"image":{"@id":"https:\/\/naturalpoland.com\/en\/products\/plant-extracts\/graviola-extract\/#primaryimage"},"thumbnailUrl":"https:\/\/naturalpoland.com\/wp-content\/uploads\/ekstrakt-z-gravioli.webp","datePublished":"2021-09-01T15:29:24+00:00","dateModified":"2024-10-07T10:01:41+00:00","description":"Graviola extract is a unique product with a broad spectrum of activity - it has anti-cancer, anti-bacterial, calming and strengthening properties.","breadcrumb":{"@id":"https:\/\/naturalpoland.com\/en\/products\/plant-extracts\/graviola-extract\/#breadcrumb"},"inLanguage":"en-US","potentialAction":[{"@type":"ReadAction","target":["https:\/\/naturalpoland.com\/en\/products\/plant-extracts\/graviola-extract\/"]}]},{"@type":"ImageObject","inLanguage":"en-US","@id":"https:\/\/naturalpoland.com\/en\/products\/plant-extracts\/graviola-extract\/#primaryimage","url":"https:\/\/naturalpoland.com\/wp-content\/uploads\/ekstrakt-z-gravioli.webp","contentUrl":"https:\/\/naturalpoland.com\/wp-content\/uploads\/ekstrakt-z-gravioli.webp","width":619,"height":619,"caption":"ekstrakt z owocu gravioli w postaci \u017c\u00f3\u0142to-br\u0105zowego proszku"},{"@type":"BreadcrumbList","@id":"https:\/\/naturalpoland.com\/en\/products\/plant-extracts\/graviola-extract\/#breadcrumb","itemListElement":[{"@type":"ListItem","position":1,"name":"Homepage","item":"https:\/\/naturalpoland.com\/en\/"},{"@type":"ListItem","position":2,"name":"Products","item":"https:\/\/naturalpoland.com\/en\/products\/"},{"@type":"ListItem","position":3,"name":"Graviola extract"}]},{"@type":"WebSite","@id":"https:\/\/naturalpoland.com\/en\/#website","url":"https:\/\/naturalpoland.com\/en\/","name":"POLISH DISTRIBUTOR OF RAW MATERIALS","description":"Raw materials for food, cosmetic and pharmaceutical industries","publisher":{"@id":"https:\/\/naturalpoland.com\/en\/#organization"},"potentialAction":[{"@type":"SearchAction","target":{"@type":"EntryPoint","urlTemplate":"https:\/\/naturalpoland.com\/en\/?s={search_term_string}"},"query-input":{"@type":"PropertyValueSpecification","valueRequired":true,"valueName":"search_term_string"}}],"inLanguage":"en-US"},{"@type":"Organization","@id":"https:\/\/naturalpoland.com\/en\/#organization","name":"Natural Poland","url":"https:\/\/naturalpoland.com\/en\/","logo":{"@type":"ImageObject","inLanguage":"en-US","@id":"https:\/\/naturalpoland.com\/en\/#\/schema\/logo\/image\/","url":"https:\/\/naturalpoland.com\/wp-content\/uploads\/2021\/05\/natural-poland-icon.png","contentUrl":"https:\/\/naturalpoland.com\/wp-content\/uploads\/2021\/05\/natural-poland-icon.png","width":512,"height":512,"caption":"Natural Poland"},"image":{"@id":"https:\/\/naturalpoland.com\/en\/#\/schema\/logo\/image\/"},"sameAs":["https:\/\/www.facebook.com\/naturalpoland.b2b","https:\/\/pl.linkedin.com\/company\/natural-poland","https:\/\/www.youtube.com\/channel\/UCgeGGkvOMahZo-xu_MSEWxg"]}]}},"_links":{"self":[{"href":"https:\/\/naturalpoland.com\/en\/wp-json\/wp\/v2\/product\/6875","targetHints":{"allow":["GET"]}}],"collection":[{"href":"https:\/\/naturalpoland.com\/en\/wp-json\/wp\/v2\/product"}],"about":[{"href":"https:\/\/naturalpoland.com\/en\/wp-json\/wp\/v2\/types\/product"}],"wp:featuredmedia":[{"embeddable":true,"href":"https:\/\/naturalpoland.com\/en\/wp-json\/wp\/v2\/media\/35831"}],"wp:attachment":[{"href":"https:\/\/naturalpoland.com\/en\/wp-json\/wp\/v2\/media?parent=6875"}],"wp:term":[{"taxonomy":"product_brand","embeddable":true,"href":"https:\/\/naturalpoland.com\/en\/wp-json\/wp\/v2\/product_brand?post=6875"},{"taxonomy":"product_cat","embeddable":true,"href":"https:\/\/naturalpoland.com\/en\/wp-json\/wp\/v2\/product_cat?post=6875"},{"taxonomy":"product_tag","embeddable":true,"href":"https:\/\/naturalpoland.com\/en\/wp-json\/wp\/v2\/product_tag?post=6875"}],"curies":[{"name":"wp","href":"https:\/\/api.w.org\/{rel}","templated":true}]}}