{"id":20831,"date":"2023-02-08T11:21:00","date_gmt":"2023-02-08T10:21:00","guid":{"rendered":"https:\/\/naturalpoland.pl\/para-fabricantes-y-proveedores\/"},"modified":"2023-08-21T10:27:55","modified_gmt":"2023-08-21T08:27:55","slug":"para-fabricantes-y-proveedores","status":"publish","type":"page","link":"https:\/\/naturalpoland.com\/es\/para-fabricantes-y-proveedores\/","title":{"rendered":"PARA FABRICANTES Y PROVEEDORES"},"content":{"rendered":"\n\n  <div class=\"banner has-hover\" id=\"banner-1973927987\">\n          <div class=\"banner-inner fill\">\n        <div class=\"banner-bg fill\" >\n            <img decoding=\"async\" width=\"1020\" height=\"680\" src=\"https:\/\/naturalpoland.com\/wp-content\/uploads\/2011\/07\/Fotolia_84309657_Subscription_Monthly_M_shadow.jpg\" class=\"bg attachment-large size-large\" alt=\"Global Spread NATURAL POLAND\" \/>                        <div class=\"overlay\"><\/div>            \n                    <\/div>\n\t\t\n        <div class=\"banner-layers container\">\n            <div class=\"fill banner-link\"><\/div>            \n\n   <div id=\"text-box-904103292\" class=\"text-box banner-layer x50 md-x50 lg-x50 y50 md-y50 lg-y50 res-text\">\n                                <div class=\"text-box-content text dark\">\n              \n              <div class=\"text-inner text-center\">\n                  \n\n<h1 class=\"uppercase\">PARA FABRICANTES Y PROVEEDORES<\/h1>\n\n              <\/div>\n           <\/div>\n                            \n<style>\n#text-box-904103292 {\n  width: 89%;\n}\n#text-box-904103292 .text-box-content {\n  font-size: 100%;\n}\n<\/style>\n    <\/div>\n \n\n        <\/div>\n      <\/div>\n\n            \n<style>\n#banner-1973927987 {\n  padding-top: 350px;\n}\n#banner-1973927987 .overlay {\n  background-color: rgba(0, 0, 0, 0.5);\n}\n#banner-1973927987 .banner-bg img {\n  object-position: 77% 24%;\n}\n<\/style>\n  <\/div>\n\n\n\n\t<section class=\"section\" id=\"section_909361217\">\n\t\t<div class=\"section-bg fill\" >\n\t\t\t\t\t\t\t\t\t\n\t\t\t\n\n\t\t<\/div>\n\n\t\t\n\n\t\t<div class=\"section-content relative\">\n\t\t\t\n\n\t<div id=\"gap-328630951\" class=\"gap-element clearfix\" style=\"display:block; height:auto;\">\n\t\t\n<style>\n#gap-328630951 {\n  padding-top: 40px;\n}\n<\/style>\n\t<\/div>\n\t\n\n<div class=\"row\"  id=\"row-214482039\">\n\n\n\t<div id=\"col-1309374077\" class=\"col medium-8 small-12 large-8\"  >\n\t\t\t\t<div class=\"col-inner\"  >\n\t\t\t\n\t\t\t\n\n<p><span style=\"font-size:150%\"><strong>La marca Natural Poland es conocida en todo el mundo como un proveedor fiable y seguro de las materias primas alimentarias, cosm\u00e9ticas y farmac\u00e9uticas. Tenemos una base de clientes frecuentes y seguimos adquiriendo otros nuevos. <\/strong><\/span><\/p>\n<p style=\"font-size:120%\">Nuestros destinatarios son fabricantes de alimentos, cosm\u00e9ticos y suplementos de la dieta, generalmente de los pa\u00edses asi\u00e1ticos y europeos. Para nosotros no hay restricciones culturales y ling\u00fc\u00edsticas, por eso tenemos experiencia en la colaboraci\u00f3n con unas empresas incluso en los mercados mundiales m\u00e1s dif\u00edciles. <\/p>\n<p style=\"font-size:120%\">Nuestra posici\u00f3n de l\u00edder que hemos construido a lo largo de los a\u00f1os ha hecho que actualmente las empresas de todo el mundo nos encarguen la b\u00fasqueda de una gran diversidad de materias primas y productos, incluso los poco comunes.<\/p>\n\n\t\t<\/div>\n\t\t\t\t\t<\/div>\n\n\t\n\n\t<div id=\"col-2122053122\" class=\"col medium-4 small-12 large-4\"  >\n\t\t\t\t<div class=\"col-inner\"  >\n\t\t\t\n\t\t\t\n\n\t<div class=\"img has-hover x md-x lg-x y md-y lg-y\" id=\"image_947637658\">\n\t\t\t\t\t\t\t\t<div class=\"img-inner dark\" >\n\t\t\t<img decoding=\"async\" width=\"627\" height=\"1024\" src=\"https:\/\/naturalpoland.com\/wp-content\/uploads\/wspolpraca-natural-poland-627x1024.jpg\" class=\"attachment-large size-large\" alt=\"\" srcset=\"https:\/\/naturalpoland.com\/wp-content\/uploads\/wspolpraca-natural-poland-627x1024.jpg 627w, https:\/\/naturalpoland.com\/wp-content\/uploads\/wspolpraca-natural-poland-510x833.jpg 510w, https:\/\/naturalpoland.com\/wp-content\/uploads\/wspolpraca-natural-poland-184x300.jpg 184w, https:\/\/naturalpoland.com\/wp-content\/uploads\/wspolpraca-natural-poland.jpg 700w\" sizes=\"(max-width: 627px) 100vw, 627px\" \/>\t\t\t\t\t\t\n\t\t\t\t\t<\/div>\n\t\t\t\t\t\t\t\t\n<style>\n#image_947637658 {\n  width: 100%;\n}\n<\/style>\n\t<\/div>\n\t\n\n\n\t\t<\/div>\n\t\t\t\t\t<\/div>\n\n\t\n\n<\/div>\n<div class=\"container section-title-container\" ><h3 class=\"section-title section-title-normal\"><b aria-hidden=\"true\"><\/b><span class=\"section-title-main\" >Estableceremos relaciones de colaboraci\u00f3n con fabricantes y proveedores de materias primas<\/span><b aria-hidden=\"true\"><\/b><\/h3><\/div>\n\n  <div class=\"banner-grid-wrapper\">\n  <div id=\"banner-grid-507311720\" class=\"banner-grid row row-grid row-small\" data-packery-options=\"\">\n                      \n\n<div class=\"col grid-col large-6 grid-col-1\" ><div class=\"col-inner\">\n\n\n  <div class=\"banner has-hover\" id=\"banner-642160097\">\n          <div class=\"banner-inner fill\">\n        <div class=\"banner-bg fill\" >\n                                    <div class=\"overlay\"><\/div>            \n                    <\/div>\n\t\t\n        <div class=\"banner-layers container\">\n            <div class=\"fill banner-link\"><\/div>            \n\n   <div id=\"text-box-1372053799\" class=\"text-box banner-layer x50 md-x50 lg-x50 y50 md-y50 lg-y50 res-text\">\n                                <div class=\"text-box-content text dark\">\n              \n              <div class=\"text-inner text-center\">\n                  \n\n\n\n<div class=\"pipedriveWebForms\" data-pd-webforms=\"https:\/\/webforms.pipedrive.com\/f\/ckmFS5gwsFk0zFzTzyLVFrFTcXba76ND6F7TqbSirF7G0aD9wft6I9P8H4uJ7iAMT1\"><script src=\"https:\/\/webforms.pipedrive.com\/f\/loader\"><\/script><\/div>\n\n\n              <\/div>\n           <\/div>\n                            \n<style>\n#text-box-1372053799 {\n  width: 88%;\n}\n#text-box-1372053799 .text-box-content {\n  font-size: 100%;\n}\n<\/style>\n    <\/div>\n \n\n        <\/div>\n      <\/div>\n\n            \n<style>\n#banner-642160097 {\n  padding-top: 700px;\n  background-color: rgb(255,255,255);\n}\n#banner-642160097 .overlay {\n  background-color: rgba(0, 0, 0, 0.17);\n}\n<\/style>\n  <\/div>\n\n\n\n<\/div><\/div>\n<div class=\"col grid-col large-6 grid-col-1\" ><div class=\"col-inner\">\n\n\n  <div class=\"banner has-hover\" id=\"banner-1871104830\">\n          <div class=\"banner-inner fill\">\n        <div class=\"banner-bg fill\" >\n                                    <div class=\"overlay\"><\/div>            \n                    <\/div>\n\t\t\n        <div class=\"banner-layers container\">\n            <div class=\"fill banner-link\"><\/div>            \n\n   <div id=\"text-box-1625529380\" class=\"text-box banner-layer x5 md-x5 lg-x5 y50 md-y50 lg-y50 res-text\">\n                                <div class=\"text-box-content text \">\n              \n              <div class=\"text-inner text-left\">\n                  \n\n\t<div id=\"text-2780341658\" class=\"text\">\n\t\t\n\n<ul>\n<li><strong>Nuestro equipo lo forman los especialistas competentes<\/strong> con educaci\u00f3n biotecnol\u00f3gica, farmac\u00e9utica y cosm\u00e9tica, como tambi\u00e9n los tecn\u00f3logos de la nutrici\u00f3n. Nuestros conocimientos y experiencia generan confianza. Muchas veces somos capaces de aconsejar a nuestros clientes unos componentes adecuados para sus f\u00f3rmulas. <\/li>\n<li><strong>Tenemos nuestro propio almac\u00e9n en Polonia<\/strong>, con lo cual podemos pedir mayores cantidades de materias primas a la vez.<\/li>\n<li><strong>Tenemos experiencia en la colaboraci\u00f3n con diferentes transportistas,<\/strong> que realizan los servicios de transporte terrestre, a\u00e9reo y mar\u00edtimo.<\/li>\n<li><strong>Contamos con el apoyo de abogados<\/strong> en lo que se refiere a los requisitos legales, aduaneros y fiscales en el caso de la entrega de materias primas a determinados pa\u00edses.<\/li>\n<li><strong>Invertimos en la publicidad de los productos ofrecidos por nosotros<\/strong>. Disponemos de los conocimientos, las herramientas y los medios para llevar a cabo actividades de marketing a la escala mundial. Estamos presentes en las ferias locales e internacionales. En el caso de un contrato de exclusividad, preparamos materiales de marketing espec\u00edficos y campa\u00f1as publicitarias para grupos seleccionados de productos.   <\/li>\n<\/ul>\n\t\t\n<style>\n#text-2780341658 {\n  font-size: 1rem;\n  line-height: 1.4;\n  color: rgb(255, 255, 255);\n}\n#text-2780341658 > * {\n  color: rgb(255, 255, 255);\n}\n<\/style>\n\t<\/div>\n\t\n\n              <\/div>\n           <\/div>\n                            \n<style>\n#text-box-1625529380 {\n  width: 60%;\n}\n#text-box-1625529380 .text-box-content {\n  font-size: 100%;\n}\n@media (min-width:550px) {\n  #text-box-1625529380 {\n    width: 93%;\n  }\n}\n<\/style>\n    <\/div>\n \n\n        <\/div>\n      <\/div>\n\n            \n<style>\n#banner-1871104830 {\n  padding-top: 500px;\n  background-color: #204a4f;\n}\n#banner-1871104830 .overlay {\n  background-color: rgba(190, 190, 190, 0.2);\n}\n<\/style>\n  <\/div>\n\n\n\n<\/div><\/div>\n\n            <\/div>\n    <style>\n    #banner-grid-507311720 .grid-col-1{height: 600px}\n    #banner-grid-507311720 .grid-col-1-2{height: 300px}\n    #banner-grid-507311720 .grid-col-1-3{height:200px}\n    #banner-grid-507311720 .grid-col-2-3{height: 400px}\n    #banner-grid-507311720 .grid-col-1-4{height: 150px}\n    #banner-grid-507311720 .grid-col-3-4{height: 450px}\n\n\n    \n    \n\n  <\/style>\n    <\/div>\n  \n\n\t\t<\/div>\n\n\t\t\n<style>\n#section_909361217 {\n  padding-top: 30px;\n  padding-bottom: 30px;\n}\n<\/style>\n\t<\/section>\n\t\n\n","protected":false},"excerpt":{"rendered":"","protected":false},"author":1,"featured_media":0,"parent":0,"menu_order":0,"comment_status":"closed","ping_status":"closed","template":"page-blank.php","meta":{"footnotes":""},"class_list":["post-20831","page","type-page","status-publish","hentry"],"yoast_head":"<!-- This site is optimized with the Yoast SEO plugin v27.3 - https:\/\/yoast.com\/product\/yoast-seo-wordpress\/ -->\n<title>PARA FABRICANTES Y PROVEEDORES - NATURAL POLAND - Distribuidor Mayorista de Materias Primas<\/title>\n<meta name=\"robots\" content=\"index, follow, max-snippet:-1, max-image-preview:large, max-video-preview:-1\" \/>\n<link rel=\"canonical\" href=\"https:\/\/naturalpoland.com\/es\/para-fabricantes-y-proveedores\/\" \/>\n<meta property=\"og:locale\" content=\"es_ES\" \/>\n<meta property=\"og:type\" content=\"article\" \/>\n<meta property=\"og:title\" content=\"PARA FABRICANTES Y PROVEEDORES - NATURAL POLAND - Distribuidor Mayorista de Materias Primas\" \/>\n<meta property=\"og:url\" content=\"https:\/\/naturalpoland.com\/es\/para-fabricantes-y-proveedores\/\" \/>\n<meta property=\"og:site_name\" content=\"NATURAL POLAND - Distribuidor Mayorista de Materias Primas\" \/>\n<meta property=\"article:publisher\" content=\"https:\/\/www.facebook.com\/naturalpoland.b2b\" \/>\n<meta property=\"article:modified_time\" content=\"2023-08-21T08:27:55+00:00\" \/>\n<meta property=\"og:image\" content=\"https:\/\/naturalpoland.com\/wp-content\/uploads\/2021\/05\/natural-poland-icon.png\" \/>\n\t<meta property=\"og:image:width\" content=\"512\" \/>\n\t<meta property=\"og:image:height\" content=\"512\" \/>\n\t<meta property=\"og:image:type\" content=\"image\/png\" \/>\n<script type=\"application\/ld+json\" class=\"yoast-schema-graph\">{\"@context\":\"https:\\\/\\\/schema.org\",\"@graph\":[{\"@type\":\"WebPage\",\"@id\":\"https:\\\/\\\/naturalpoland.com\\\/es\\\/para-fabricantes-y-proveedores\\\/\",\"url\":\"https:\\\/\\\/naturalpoland.com\\\/es\\\/para-fabricantes-y-proveedores\\\/\",\"name\":\"PARA FABRICANTES Y PROVEEDORES - NATURAL POLAND - Distribuidor Mayorista de Materias Primas\",\"isPartOf\":{\"@id\":\"https:\\\/\\\/naturalpoland.com\\\/es\\\/#website\"},\"datePublished\":\"2023-02-08T10:21:00+00:00\",\"dateModified\":\"2023-08-21T08:27:55+00:00\",\"breadcrumb\":{\"@id\":\"https:\\\/\\\/naturalpoland.com\\\/es\\\/para-fabricantes-y-proveedores\\\/#breadcrumb\"},\"inLanguage\":\"es\",\"potentialAction\":[{\"@type\":\"ReadAction\",\"target\":[\"https:\\\/\\\/naturalpoland.com\\\/es\\\/para-fabricantes-y-proveedores\\\/\"]}]},{\"@type\":\"BreadcrumbList\",\"@id\":\"https:\\\/\\\/naturalpoland.com\\\/es\\\/para-fabricantes-y-proveedores\\\/#breadcrumb\",\"itemListElement\":[{\"@type\":\"ListItem\",\"position\":1,\"name\":\"Inicio\",\"item\":\"https:\\\/\\\/naturalpoland.com\\\/es\\\/\"},{\"@type\":\"ListItem\",\"position\":2,\"name\":\"PARA FABRICANTES Y PROVEEDORES\"}]},{\"@type\":\"WebSite\",\"@id\":\"https:\\\/\\\/naturalpoland.com\\\/es\\\/#website\",\"url\":\"https:\\\/\\\/naturalpoland.com\\\/es\\\/\",\"name\":\"NATURAL POLAND - Distribuidor Mayorista de Materias Primas\",\"description\":\"Surowce dla przemys\u0142u spo\u017cywczego, kosmetycznego i farmaceutycznego\",\"publisher\":{\"@id\":\"https:\\\/\\\/naturalpoland.com\\\/es\\\/#organization\"},\"potentialAction\":[{\"@type\":\"SearchAction\",\"target\":{\"@type\":\"EntryPoint\",\"urlTemplate\":\"https:\\\/\\\/naturalpoland.com\\\/es\\\/?s={search_term_string}\"},\"query-input\":{\"@type\":\"PropertyValueSpecification\",\"valueRequired\":true,\"valueName\":\"search_term_string\"}}],\"inLanguage\":\"es\"},{\"@type\":\"Organization\",\"@id\":\"https:\\\/\\\/naturalpoland.com\\\/es\\\/#organization\",\"name\":\"Natural Poland\",\"url\":\"https:\\\/\\\/naturalpoland.com\\\/es\\\/\",\"logo\":{\"@type\":\"ImageObject\",\"inLanguage\":\"es\",\"@id\":\"https:\\\/\\\/naturalpoland.com\\\/es\\\/#\\\/schema\\\/logo\\\/image\\\/\",\"url\":\"https:\\\/\\\/naturalpoland.com\\\/wp-content\\\/uploads\\\/2021\\\/05\\\/natural-poland-icon.png\",\"contentUrl\":\"https:\\\/\\\/naturalpoland.com\\\/wp-content\\\/uploads\\\/2021\\\/05\\\/natural-poland-icon.png\",\"width\":512,\"height\":512,\"caption\":\"Natural Poland\"},\"image\":{\"@id\":\"https:\\\/\\\/naturalpoland.com\\\/es\\\/#\\\/schema\\\/logo\\\/image\\\/\"},\"sameAs\":[\"https:\\\/\\\/www.facebook.com\\\/naturalpoland.b2b\",\"https:\\\/\\\/pl.linkedin.com\\\/company\\\/natural-poland\",\"https:\\\/\\\/www.youtube.com\\\/channel\\\/UCgeGGkvOMahZo-xu_MSEWxg\"]}]}<\/script>\n<!-- \/ Yoast SEO plugin. -->","yoast_head_json":{"title":"PARA FABRICANTES Y PROVEEDORES - NATURAL POLAND - Distribuidor Mayorista de Materias Primas","robots":{"index":"index","follow":"follow","max-snippet":"max-snippet:-1","max-image-preview":"max-image-preview:large","max-video-preview":"max-video-preview:-1"},"canonical":"https:\/\/naturalpoland.com\/es\/para-fabricantes-y-proveedores\/","og_locale":"es_ES","og_type":"article","og_title":"PARA FABRICANTES Y PROVEEDORES - NATURAL POLAND - Distribuidor Mayorista de Materias Primas","og_url":"https:\/\/naturalpoland.com\/es\/para-fabricantes-y-proveedores\/","og_site_name":"NATURAL POLAND - Distribuidor Mayorista de Materias Primas","article_publisher":"https:\/\/www.facebook.com\/naturalpoland.b2b","article_modified_time":"2023-08-21T08:27:55+00:00","og_image":[{"width":512,"height":512,"url":"https:\/\/naturalpoland.com\/wp-content\/uploads\/2021\/05\/natural-poland-icon.png","type":"image\/png"}],"schema":{"@context":"https:\/\/schema.org","@graph":[{"@type":"WebPage","@id":"https:\/\/naturalpoland.com\/es\/para-fabricantes-y-proveedores\/","url":"https:\/\/naturalpoland.com\/es\/para-fabricantes-y-proveedores\/","name":"PARA FABRICANTES Y PROVEEDORES - NATURAL POLAND - Distribuidor Mayorista de Materias Primas","isPartOf":{"@id":"https:\/\/naturalpoland.com\/es\/#website"},"datePublished":"2023-02-08T10:21:00+00:00","dateModified":"2023-08-21T08:27:55+00:00","breadcrumb":{"@id":"https:\/\/naturalpoland.com\/es\/para-fabricantes-y-proveedores\/#breadcrumb"},"inLanguage":"es","potentialAction":[{"@type":"ReadAction","target":["https:\/\/naturalpoland.com\/es\/para-fabricantes-y-proveedores\/"]}]},{"@type":"BreadcrumbList","@id":"https:\/\/naturalpoland.com\/es\/para-fabricantes-y-proveedores\/#breadcrumb","itemListElement":[{"@type":"ListItem","position":1,"name":"Inicio","item":"https:\/\/naturalpoland.com\/es\/"},{"@type":"ListItem","position":2,"name":"PARA FABRICANTES Y PROVEEDORES"}]},{"@type":"WebSite","@id":"https:\/\/naturalpoland.com\/es\/#website","url":"https:\/\/naturalpoland.com\/es\/","name":"NATURAL POLAND - Distribuidor Mayorista de Materias Primas","description":"Surowce dla przemys\u0142u spo\u017cywczego, kosmetycznego i farmaceutycznego","publisher":{"@id":"https:\/\/naturalpoland.com\/es\/#organization"},"potentialAction":[{"@type":"SearchAction","target":{"@type":"EntryPoint","urlTemplate":"https:\/\/naturalpoland.com\/es\/?s={search_term_string}"},"query-input":{"@type":"PropertyValueSpecification","valueRequired":true,"valueName":"search_term_string"}}],"inLanguage":"es"},{"@type":"Organization","@id":"https:\/\/naturalpoland.com\/es\/#organization","name":"Natural Poland","url":"https:\/\/naturalpoland.com\/es\/","logo":{"@type":"ImageObject","inLanguage":"es","@id":"https:\/\/naturalpoland.com\/es\/#\/schema\/logo\/image\/","url":"https:\/\/naturalpoland.com\/wp-content\/uploads\/2021\/05\/natural-poland-icon.png","contentUrl":"https:\/\/naturalpoland.com\/wp-content\/uploads\/2021\/05\/natural-poland-icon.png","width":512,"height":512,"caption":"Natural Poland"},"image":{"@id":"https:\/\/naturalpoland.com\/es\/#\/schema\/logo\/image\/"},"sameAs":["https:\/\/www.facebook.com\/naturalpoland.b2b","https:\/\/pl.linkedin.com\/company\/natural-poland","https:\/\/www.youtube.com\/channel\/UCgeGGkvOMahZo-xu_MSEWxg"]}]}},"_links":{"self":[{"href":"https:\/\/naturalpoland.com\/es\/wp-json\/wp\/v2\/pages\/20831","targetHints":{"allow":["GET"]}}],"collection":[{"href":"https:\/\/naturalpoland.com\/es\/wp-json\/wp\/v2\/pages"}],"about":[{"href":"https:\/\/naturalpoland.com\/es\/wp-json\/wp\/v2\/types\/page"}],"author":[{"embeddable":true,"href":"https:\/\/naturalpoland.com\/es\/wp-json\/wp\/v2\/users\/1"}],"replies":[{"embeddable":true,"href":"https:\/\/naturalpoland.com\/es\/wp-json\/wp\/v2\/comments?post=20831"}],"version-history":[{"count":0,"href":"https:\/\/naturalpoland.com\/es\/wp-json\/wp\/v2\/pages\/20831\/revisions"}],"wp:attachment":[{"href":"https:\/\/naturalpoland.com\/es\/wp-json\/wp\/v2\/media?parent=20831"}],"curies":[{"name":"wp","href":"https:\/\/api.w.org\/{rel}","templated":true}]}}