{"id":10690,"date":"2021-05-11T13:44:11","date_gmt":"2021-09-16T14:36:07","guid":{"rendered":"https:\/\/naturalpoland.pl\/produkty\/sin%20categor\u00eda\/coenzima-q10\/"},"modified":"2025-01-29T14:05:43","modified_gmt":"2025-01-29T13:05:43","slug":"coenzima-q10","status":"publish","type":"product","link":"https:\/\/naturalpoland.com\/es\/productos\/productos-para-la-industria-farmaceutica-y-medica\/aditivos-para-complementos-alimenticios\/coenzima-q10\/","title":{"rendered":"Coenzima Q10"},"content":{"rendered":"<p>Como suplemento diet\u00e9tico, la coenzima Q10 tiene propiedades antioxidantes y antihipertensivas (en personas con hipertensi\u00f3n), previene los ataques de migra\u00f1a y alivia la dermatitis.<\/p>\n<p>La coenzima Q10 es un compuesto org\u00e1nico de quini\u00f3n que tambi\u00e9n se llama<strong> ubiquinona<\/strong> . Se encuentra en las mitocondrias de las c\u00e9lulas vegetales y animales y es una parte importante de la cadena respiratoria. Muy a menudo es un componente de los cosm\u00e9ticos, por ejemplo, cremas, mascarillas, sueros y suplementos diet\u00e9ticos. La coenzima Q10 es muy confiable tambi\u00e9n debido a su amplia aplicaci\u00f3n.<\/p>\n<p>La coenzima Q10 apoya la condici\u00f3n del cabello, la piel y las u\u00f1as porque afecta la absorci\u00f3n eficiente de vitamina E, selenio y zinc. Apoya el funcionamiento de los sistemas inmunol\u00f3gico y nervioso. Tambi\u00e9n es de gran importancia para la correcta s\u00edntesis de col\u00e1geno. La coenzima tambi\u00e9n es necesaria para mantener las funciones psicol\u00f3gicas adecuadas.<\/p>\n<hr>\n<h2>CoQXorb\u2122 LSMe<\/h2>\n<p><strong>CoQXorb\u2122 LSMe<\/strong> es un producto avanzado que utiliza la tecnolog\u00eda BioSNEDS\u2122 para aumentar significativamente la biodisponibilidad de la coenzima Q10 (CoQ10), un ingrediente clave que favorece la salud del coraz\u00f3n, la producci\u00f3n de energ\u00eda celular y la funci\u00f3n antioxidante.<\/p>\n<h3>Ventajas de la tecnolog\u00eda BioSNEDS<\/h3>\n<ul>\n<li>CoQXorb\u2122 es 39 veces m\u00e1s biodisponible que la CoQ10 convencional, lo que significa que los 6 mg de CoQ10 activa de BioSNEDS\u2122 son bioequivalentes a 200 mg de CoQ10 convencional.<\/li>\n<li>M\u00e1s dosis por kilogramo: 16.666 dosis por kilogramo frente a 4.950 dosis de CoQ10 convencional.<\/li>\n<li>Disponible en polvos y emulsiones de sabor neutro y sin olor.<\/li>\n<\/ul>\n<h3>Aplicaci\u00f3n:<\/h3>\n<p>Suplementos diet\u00e9ticos, alimentos funcionales, cosm\u00e9ticos t\u00f3picos, nutrici\u00f3n animal.<\/p>\n<h3>Beneficios para la salud:<\/h3>\n<ul>\n<li>La CoQ10 favorece la salud cardiovascular.<\/li>\n<li>Favorece la producci\u00f3n de energ\u00eda en las c\u00e9lulas, lo que es crucial para la salud y la resistencia muscular.<\/li>\n<li>Protege las c\u00e9lulas del estr\u00e9s oxidativo, lo que puede prevenir el envejecimiento y las enfermedades cr\u00f3nicas.<\/li>\n<li>Favorece la funci\u00f3n cerebral y la salud neurol\u00f3gica.<\/li>\n<li>Puede mejorar la salud de la piel y reducir los signos del envejecimiento.<\/li>\n<\/ul>\n","protected":false},"excerpt":{"rendered":"<p>Ofrecemos distribuci\u00f3n al por mayor de Coenzima Q10 (ubiquinona) de alta calidad. Producto tambi\u00e9n disponible en tecnolog\u00eda BioSNEDS\u2122 en forma de<strong>CoQXorb\u2122 LSMe<\/strong>.<\/p>\n<p>&nbsp;<\/p>\n","protected":false},"featured_media":10692,"template":"","meta":{"_acf_changed":false},"product_brand":[],"product_cat":[1076],"product_tag":[],"class_list":{"0":"post-10690","1":"product","2":"type-product","3":"status-publish","4":"has-post-thumbnail","6":"product_cat-aditivos-para-complementos-alimenticios","7":"pa_grupa-substancji-nutraceuticos","8":"pa_technologia-tecnologia-biosneds-es","10":"first","11":"instock","12":"shipping-taxable","13":"product-type-simple"},"acf":[],"yoast_head":"<!-- This site is optimized with the Yoast SEO plugin v27.4 - https:\/\/yoast.com\/product\/yoast-seo-wordpress\/ -->\n<title>Coenzima Q10 - NATURAL POLAND - Distribuidor Mayorista de Materias Primas<\/title>\n<meta name=\"description\" content=\"La coenzima Q10 tiene propiedades antioxidantes, reduce la tensi\u00f3n arterial (en personas con hipertensi\u00f3n), previene los ataques de migra\u00f1a y alivia la dermatitis.\" \/>\n<meta name=\"robots\" content=\"index, follow, max-snippet:-1, max-image-preview:large, max-video-preview:-1\" \/>\n<link rel=\"canonical\" href=\"https:\/\/naturalpoland.com\/es\/productos\/productos-para-la-industria-farmaceutica-y-medica\/aditivos-para-complementos-alimenticios\/coenzima-q10\/\" \/>\n<meta property=\"og:locale\" content=\"es_ES\" \/>\n<meta property=\"og:type\" content=\"article\" \/>\n<meta property=\"og:title\" content=\"Coenzima Q10 - NATURAL POLAND - Distribuidor Mayorista de Materias Primas\" \/>\n<meta property=\"og:description\" content=\"La coenzima Q10 tiene propiedades antioxidantes, reduce la tensi\u00f3n arterial (en personas con hipertensi\u00f3n), previene los ataques de migra\u00f1a y alivia la dermatitis.\" \/>\n<meta property=\"og:url\" content=\"https:\/\/naturalpoland.com\/es\/productos\/productos-para-la-industria-farmaceutica-y-medica\/aditivos-para-complementos-alimenticios\/coenzima-q10\/\" \/>\n<meta property=\"og:site_name\" content=\"NATURAL POLAND - Distribuidor Mayorista de Materias Primas\" \/>\n<meta property=\"article:publisher\" content=\"https:\/\/www.facebook.com\/naturalpoland.b2b\" \/>\n<meta property=\"article:modified_time\" content=\"2025-01-29T13:05:43+00:00\" \/>\n<meta property=\"og:image\" content=\"https:\/\/naturalpoland.com\/wp-content\/uploads\/2021\/05\/coenzyme-q10.jpg\" \/>\n\t<meta property=\"og:image:width\" content=\"288\" \/>\n\t<meta property=\"og:image:height\" content=\"175\" \/>\n\t<meta property=\"og:image:type\" content=\"image\/jpeg\" \/>\n<script type=\"application\/ld+json\" class=\"yoast-schema-graph\">{\"@context\":\"https:\\\/\\\/schema.org\",\"@graph\":[{\"@type\":\"WebPage\",\"@id\":\"https:\\\/\\\/naturalpoland.com\\\/es\\\/productos\\\/productos-para-la-industria-farmaceutica-y-medica\\\/aditivos-para-complementos-alimenticios\\\/coenzima-q10\\\/\",\"url\":\"https:\\\/\\\/naturalpoland.com\\\/es\\\/productos\\\/productos-para-la-industria-farmaceutica-y-medica\\\/aditivos-para-complementos-alimenticios\\\/coenzima-q10\\\/\",\"name\":\"Coenzima Q10 - NATURAL POLAND - Distribuidor Mayorista de Materias Primas\",\"isPartOf\":{\"@id\":\"https:\\\/\\\/naturalpoland.com\\\/es\\\/#website\"},\"primaryImageOfPage\":{\"@id\":\"https:\\\/\\\/naturalpoland.com\\\/es\\\/productos\\\/productos-para-la-industria-farmaceutica-y-medica\\\/aditivos-para-complementos-alimenticios\\\/coenzima-q10\\\/#primaryimage\"},\"image\":{\"@id\":\"https:\\\/\\\/naturalpoland.com\\\/es\\\/productos\\\/productos-para-la-industria-farmaceutica-y-medica\\\/aditivos-para-complementos-alimenticios\\\/coenzima-q10\\\/#primaryimage\"},\"thumbnailUrl\":\"https:\\\/\\\/naturalpoland.com\\\/wp-content\\\/uploads\\\/2021\\\/05\\\/coenzyme-q10.jpg\",\"datePublished\":\"2021-09-16T14:36:07+00:00\",\"dateModified\":\"2025-01-29T13:05:43+00:00\",\"description\":\"La coenzima Q10 tiene propiedades antioxidantes, reduce la tensi\u00f3n arterial (en personas con hipertensi\u00f3n), previene los ataques de migra\u00f1a y alivia la dermatitis.\",\"breadcrumb\":{\"@id\":\"https:\\\/\\\/naturalpoland.com\\\/es\\\/productos\\\/productos-para-la-industria-farmaceutica-y-medica\\\/aditivos-para-complementos-alimenticios\\\/coenzima-q10\\\/#breadcrumb\"},\"inLanguage\":\"es\",\"potentialAction\":[{\"@type\":\"ReadAction\",\"target\":[\"https:\\\/\\\/naturalpoland.com\\\/es\\\/productos\\\/productos-para-la-industria-farmaceutica-y-medica\\\/aditivos-para-complementos-alimenticios\\\/coenzima-q10\\\/\"]}]},{\"@type\":\"ImageObject\",\"inLanguage\":\"es\",\"@id\":\"https:\\\/\\\/naturalpoland.com\\\/es\\\/productos\\\/productos-para-la-industria-farmaceutica-y-medica\\\/aditivos-para-complementos-alimenticios\\\/coenzima-q10\\\/#primaryimage\",\"url\":\"https:\\\/\\\/naturalpoland.com\\\/wp-content\\\/uploads\\\/2021\\\/05\\\/coenzyme-q10.jpg\",\"contentUrl\":\"https:\\\/\\\/naturalpoland.com\\\/wp-content\\\/uploads\\\/2021\\\/05\\\/coenzyme-q10.jpg\",\"width\":288,\"height\":175},{\"@type\":\"BreadcrumbList\",\"@id\":\"https:\\\/\\\/naturalpoland.com\\\/es\\\/productos\\\/productos-para-la-industria-farmaceutica-y-medica\\\/aditivos-para-complementos-alimenticios\\\/coenzima-q10\\\/#breadcrumb\",\"itemListElement\":[{\"@type\":\"ListItem\",\"position\":1,\"name\":\"Inicio\",\"item\":\"https:\\\/\\\/naturalpoland.com\\\/es\\\/\"},{\"@type\":\"ListItem\",\"position\":2,\"name\":\"Productos\",\"item\":\"https:\\\/\\\/naturalpoland.com\\\/es\\\/productos\\\/\"},{\"@type\":\"ListItem\",\"position\":3,\"name\":\"Coenzima Q10\"}]},{\"@type\":\"WebSite\",\"@id\":\"https:\\\/\\\/naturalpoland.com\\\/es\\\/#website\",\"url\":\"https:\\\/\\\/naturalpoland.com\\\/es\\\/\",\"name\":\"NATURAL POLAND - Distribuidor Mayorista de Materias Primas\",\"description\":\"Surowce dla przemys\u0142u spo\u017cywczego, kosmetycznego i farmaceutycznego\",\"publisher\":{\"@id\":\"https:\\\/\\\/naturalpoland.com\\\/es\\\/#organization\"},\"potentialAction\":[{\"@type\":\"SearchAction\",\"target\":{\"@type\":\"EntryPoint\",\"urlTemplate\":\"https:\\\/\\\/naturalpoland.com\\\/es\\\/?s={search_term_string}\"},\"query-input\":{\"@type\":\"PropertyValueSpecification\",\"valueRequired\":true,\"valueName\":\"search_term_string\"}}],\"inLanguage\":\"es\"},{\"@type\":\"Organization\",\"@id\":\"https:\\\/\\\/naturalpoland.com\\\/es\\\/#organization\",\"name\":\"Natural Poland\",\"url\":\"https:\\\/\\\/naturalpoland.com\\\/es\\\/\",\"logo\":{\"@type\":\"ImageObject\",\"inLanguage\":\"es\",\"@id\":\"https:\\\/\\\/naturalpoland.com\\\/es\\\/#\\\/schema\\\/logo\\\/image\\\/\",\"url\":\"https:\\\/\\\/naturalpoland.com\\\/wp-content\\\/uploads\\\/2021\\\/05\\\/natural-poland-icon.png\",\"contentUrl\":\"https:\\\/\\\/naturalpoland.com\\\/wp-content\\\/uploads\\\/2021\\\/05\\\/natural-poland-icon.png\",\"width\":512,\"height\":512,\"caption\":\"Natural Poland\"},\"image\":{\"@id\":\"https:\\\/\\\/naturalpoland.com\\\/es\\\/#\\\/schema\\\/logo\\\/image\\\/\"},\"sameAs\":[\"https:\\\/\\\/www.facebook.com\\\/naturalpoland.b2b\",\"https:\\\/\\\/pl.linkedin.com\\\/company\\\/natural-poland\",\"https:\\\/\\\/www.youtube.com\\\/channel\\\/UCgeGGkvOMahZo-xu_MSEWxg\"]}]}<\/script>\n<!-- \/ Yoast SEO plugin. -->","yoast_head_json":{"title":"Coenzima Q10 - NATURAL POLAND - Distribuidor Mayorista de Materias Primas","description":"La coenzima Q10 tiene propiedades antioxidantes, reduce la tensi\u00f3n arterial (en personas con hipertensi\u00f3n), previene los ataques de migra\u00f1a y alivia la dermatitis.","robots":{"index":"index","follow":"follow","max-snippet":"max-snippet:-1","max-image-preview":"max-image-preview:large","max-video-preview":"max-video-preview:-1"},"canonical":"https:\/\/naturalpoland.com\/es\/productos\/productos-para-la-industria-farmaceutica-y-medica\/aditivos-para-complementos-alimenticios\/coenzima-q10\/","og_locale":"es_ES","og_type":"article","og_title":"Coenzima Q10 - NATURAL POLAND - Distribuidor Mayorista de Materias Primas","og_description":"La coenzima Q10 tiene propiedades antioxidantes, reduce la tensi\u00f3n arterial (en personas con hipertensi\u00f3n), previene los ataques de migra\u00f1a y alivia la dermatitis.","og_url":"https:\/\/naturalpoland.com\/es\/productos\/productos-para-la-industria-farmaceutica-y-medica\/aditivos-para-complementos-alimenticios\/coenzima-q10\/","og_site_name":"NATURAL POLAND - Distribuidor Mayorista de Materias Primas","article_publisher":"https:\/\/www.facebook.com\/naturalpoland.b2b","article_modified_time":"2025-01-29T13:05:43+00:00","og_image":[{"width":288,"height":175,"url":"https:\/\/naturalpoland.com\/wp-content\/uploads\/2021\/05\/coenzyme-q10.jpg","type":"image\/jpeg"}],"schema":{"@context":"https:\/\/schema.org","@graph":[{"@type":"WebPage","@id":"https:\/\/naturalpoland.com\/es\/productos\/productos-para-la-industria-farmaceutica-y-medica\/aditivos-para-complementos-alimenticios\/coenzima-q10\/","url":"https:\/\/naturalpoland.com\/es\/productos\/productos-para-la-industria-farmaceutica-y-medica\/aditivos-para-complementos-alimenticios\/coenzima-q10\/","name":"Coenzima Q10 - NATURAL POLAND - Distribuidor Mayorista de Materias Primas","isPartOf":{"@id":"https:\/\/naturalpoland.com\/es\/#website"},"primaryImageOfPage":{"@id":"https:\/\/naturalpoland.com\/es\/productos\/productos-para-la-industria-farmaceutica-y-medica\/aditivos-para-complementos-alimenticios\/coenzima-q10\/#primaryimage"},"image":{"@id":"https:\/\/naturalpoland.com\/es\/productos\/productos-para-la-industria-farmaceutica-y-medica\/aditivos-para-complementos-alimenticios\/coenzima-q10\/#primaryimage"},"thumbnailUrl":"https:\/\/naturalpoland.com\/wp-content\/uploads\/2021\/05\/coenzyme-q10.jpg","datePublished":"2021-09-16T14:36:07+00:00","dateModified":"2025-01-29T13:05:43+00:00","description":"La coenzima Q10 tiene propiedades antioxidantes, reduce la tensi\u00f3n arterial (en personas con hipertensi\u00f3n), previene los ataques de migra\u00f1a y alivia la dermatitis.","breadcrumb":{"@id":"https:\/\/naturalpoland.com\/es\/productos\/productos-para-la-industria-farmaceutica-y-medica\/aditivos-para-complementos-alimenticios\/coenzima-q10\/#breadcrumb"},"inLanguage":"es","potentialAction":[{"@type":"ReadAction","target":["https:\/\/naturalpoland.com\/es\/productos\/productos-para-la-industria-farmaceutica-y-medica\/aditivos-para-complementos-alimenticios\/coenzima-q10\/"]}]},{"@type":"ImageObject","inLanguage":"es","@id":"https:\/\/naturalpoland.com\/es\/productos\/productos-para-la-industria-farmaceutica-y-medica\/aditivos-para-complementos-alimenticios\/coenzima-q10\/#primaryimage","url":"https:\/\/naturalpoland.com\/wp-content\/uploads\/2021\/05\/coenzyme-q10.jpg","contentUrl":"https:\/\/naturalpoland.com\/wp-content\/uploads\/2021\/05\/coenzyme-q10.jpg","width":288,"height":175},{"@type":"BreadcrumbList","@id":"https:\/\/naturalpoland.com\/es\/productos\/productos-para-la-industria-farmaceutica-y-medica\/aditivos-para-complementos-alimenticios\/coenzima-q10\/#breadcrumb","itemListElement":[{"@type":"ListItem","position":1,"name":"Inicio","item":"https:\/\/naturalpoland.com\/es\/"},{"@type":"ListItem","position":2,"name":"Productos","item":"https:\/\/naturalpoland.com\/es\/productos\/"},{"@type":"ListItem","position":3,"name":"Coenzima Q10"}]},{"@type":"WebSite","@id":"https:\/\/naturalpoland.com\/es\/#website","url":"https:\/\/naturalpoland.com\/es\/","name":"NATURAL POLAND - Distribuidor Mayorista de Materias Primas","description":"Surowce dla przemys\u0142u spo\u017cywczego, kosmetycznego i farmaceutycznego","publisher":{"@id":"https:\/\/naturalpoland.com\/es\/#organization"},"potentialAction":[{"@type":"SearchAction","target":{"@type":"EntryPoint","urlTemplate":"https:\/\/naturalpoland.com\/es\/?s={search_term_string}"},"query-input":{"@type":"PropertyValueSpecification","valueRequired":true,"valueName":"search_term_string"}}],"inLanguage":"es"},{"@type":"Organization","@id":"https:\/\/naturalpoland.com\/es\/#organization","name":"Natural Poland","url":"https:\/\/naturalpoland.com\/es\/","logo":{"@type":"ImageObject","inLanguage":"es","@id":"https:\/\/naturalpoland.com\/es\/#\/schema\/logo\/image\/","url":"https:\/\/naturalpoland.com\/wp-content\/uploads\/2021\/05\/natural-poland-icon.png","contentUrl":"https:\/\/naturalpoland.com\/wp-content\/uploads\/2021\/05\/natural-poland-icon.png","width":512,"height":512,"caption":"Natural Poland"},"image":{"@id":"https:\/\/naturalpoland.com\/es\/#\/schema\/logo\/image\/"},"sameAs":["https:\/\/www.facebook.com\/naturalpoland.b2b","https:\/\/pl.linkedin.com\/company\/natural-poland","https:\/\/www.youtube.com\/channel\/UCgeGGkvOMahZo-xu_MSEWxg"]}]}},"_links":{"self":[{"href":"https:\/\/naturalpoland.com\/es\/wp-json\/wp\/v2\/product\/10690","targetHints":{"allow":["GET"]}}],"collection":[{"href":"https:\/\/naturalpoland.com\/es\/wp-json\/wp\/v2\/product"}],"about":[{"href":"https:\/\/naturalpoland.com\/es\/wp-json\/wp\/v2\/types\/product"}],"wp:featuredmedia":[{"embeddable":true,"href":"https:\/\/naturalpoland.com\/es\/wp-json\/wp\/v2\/media\/10692"}],"wp:attachment":[{"href":"https:\/\/naturalpoland.com\/es\/wp-json\/wp\/v2\/media?parent=10690"}],"wp:term":[{"taxonomy":"product_brand","embeddable":true,"href":"https:\/\/naturalpoland.com\/es\/wp-json\/wp\/v2\/product_brand?post=10690"},{"taxonomy":"product_cat","embeddable":true,"href":"https:\/\/naturalpoland.com\/es\/wp-json\/wp\/v2\/product_cat?post=10690"},{"taxonomy":"product_tag","embeddable":true,"href":"https:\/\/naturalpoland.com\/es\/wp-json\/wp\/v2\/product_tag?post=10690"}],"curies":[{"name":"wp","href":"https:\/\/api.w.org\/{rel}","templated":true}]}}