{"id":10804,"date":"2021-05-11T13:45:21","date_gmt":"2021-05-11T11:45:21","guid":{"rendered":"https:\/\/naturalpoland.pl\/produkty\/sin categor\u00eda\/l-arginina\/"},"modified":"2021-09-20T12:26:52","modified_gmt":"2021-09-20T10:26:52","slug":"l-arginina-2","status":"publish","type":"product","link":"https:\/\/naturalpoland.com\/es\/productos\/productos-para-la-industria-farmaceutica-y-medica\/aminoacidos\/l-arginina-2\/","title":{"rendered":"L-arginina"},"content":{"rendered":"<p>La L-arginina es un amino\u00e1cido end\u00f3geno. Se produce en el cuerpo, pero tambi\u00e9n se puede ingerir con alimentos, por ejemplo, calabaza, semillas de girasol. La arginina se convierte en \u00f3xido n\u00edtrico, agmatina y \u00e1cido glut\u00e1mico. Este \u00faltimo es fundamental para la producci\u00f3n de neurotransmisores encargados de mantener el equilibrio.<\/p>\n<p>Papel en el cuerpo:<br \/>\nLa L-arginina es necesaria para el buen funcionamiento del h\u00edgado y la s\u00edntesis de la hormona del crecimiento. Afecta la expansi\u00f3n de los vasos sangu\u00edneos. Regula la arritmia, reduce el riesgo de infarto. Tiene un efecto positivo sobre los intestinos y el sistema inmunol\u00f3gico. Tambi\u00e9n juega un papel en el metabolismo de las grasas y lo acelera. Gracias a esto, puede lograr mejores resultados de entrenamiento y dieta m\u00e1s r\u00e1pido.<\/p>\n","protected":false},"excerpt":{"rendered":"<p><strong>L-arginina<\/strong> es un amino\u00e1cido producido naturalmente por el cuerpo humano, a partir del cual se cre\u00f3 una preparaci\u00f3n especializada, que apoya el trabajo del coraz\u00f3n y todos los vasos relacionados con el trabajo del sistema circulatorio.<\/p>\n<p>La L-arginina se ha utilizado ampliamente en la industria farmac\u00e9utica tambi\u00e9n debido a su efecto beneficioso sobre el sistema inmunol\u00f3gico.<\/p>\n","protected":false},"featured_media":43326,"template":"","meta":{"_acf_changed":false},"product_brand":[],"product_cat":[1075],"product_tag":[],"class_list":{"0":"post-10804","1":"product","2":"type-product","3":"status-publish","4":"has-post-thumbnail","6":"product_cat-aminoacidos","8":"first","9":"instock","10":"shipping-taxable","11":"product-type-simple"},"acf":[],"yoast_head":"<!-- This site is optimized with the Yoast SEO plugin v27.5 - https:\/\/yoast.com\/product\/yoast-seo-wordpress\/ -->\n<title>L-arginina - Distribuidor mayorista<\/title>\n<meta name=\"robots\" content=\"index, follow, max-snippet:-1, max-image-preview:large, max-video-preview:-1\" \/>\n<link rel=\"canonical\" href=\"https:\/\/naturalpoland.com\/es\/productos\/productos-para-la-industria-farmaceutica-y-medica\/aminoacidos\/l-arginina-2\/\" \/>\n<meta property=\"og:locale\" content=\"es_ES\" \/>\n<meta property=\"og:type\" content=\"article\" \/>\n<meta property=\"og:title\" content=\"L-arginina - Distribuidor mayorista\" \/>\n<meta property=\"og:description\" content=\"L-arginina es un amino\u00e1cido producido naturalmente por el cuerpo humano, a partir del cual se cre\u00f3 una preparaci\u00f3n especializada, que apoya el trabajo del coraz\u00f3n y todos los vasos relacionados con el trabajo del sistema circulatorio. La L-arginina se ha utilizado ampliamente en la industria farmac\u00e9utica tambi\u00e9n debido a su efecto beneficioso sobre el sistema inmunol\u00f3gico.\" \/>\n<meta property=\"og:url\" content=\"https:\/\/naturalpoland.com\/es\/productos\/productos-para-la-industria-farmaceutica-y-medica\/aminoacidos\/l-arginina-2\/\" \/>\n<meta property=\"og:site_name\" content=\"NATURAL POLAND - Distribuidor Mayorista de Materias Primas\" \/>\n<meta property=\"article:publisher\" content=\"https:\/\/www.facebook.com\/naturalpoland.b2b\" \/>\n<meta property=\"article:modified_time\" content=\"2021-09-20T10:26:52+00:00\" \/>\n<meta property=\"og:image\" content=\"https:\/\/naturalpoland.com\/wp-content\/uploads\/2021\/05\/l-arginine.jpg\" \/>\n\t<meta property=\"og:image:width\" content=\"197\" \/>\n\t<meta property=\"og:image:height\" content=\"151\" \/>\n\t<meta property=\"og:image:type\" content=\"image\/jpeg\" \/>\n<script type=\"application\/ld+json\" class=\"yoast-schema-graph\">{\"@context\":\"https:\\\/\\\/schema.org\",\"@graph\":[{\"@type\":\"WebPage\",\"@id\":\"https:\\\/\\\/naturalpoland.com\\\/es\\\/productos\\\/productos-para-la-industria-farmaceutica-y-medica\\\/aminoacidos\\\/l-arginina-2\\\/\",\"url\":\"https:\\\/\\\/naturalpoland.com\\\/es\\\/productos\\\/productos-para-la-industria-farmaceutica-y-medica\\\/aminoacidos\\\/l-arginina-2\\\/\",\"name\":\"L-arginina - Distribuidor mayorista\",\"isPartOf\":{\"@id\":\"https:\\\/\\\/naturalpoland.com\\\/es\\\/#website\"},\"primaryImageOfPage\":{\"@id\":\"https:\\\/\\\/naturalpoland.com\\\/es\\\/productos\\\/productos-para-la-industria-farmaceutica-y-medica\\\/aminoacidos\\\/l-arginina-2\\\/#primaryimage\"},\"image\":{\"@id\":\"https:\\\/\\\/naturalpoland.com\\\/es\\\/productos\\\/productos-para-la-industria-farmaceutica-y-medica\\\/aminoacidos\\\/l-arginina-2\\\/#primaryimage\"},\"thumbnailUrl\":\"https:\\\/\\\/naturalpoland.com\\\/wp-content\\\/uploads\\\/l-arginina.webp\",\"datePublished\":\"2021-05-11T11:45:21+00:00\",\"dateModified\":\"2021-09-20T10:26:52+00:00\",\"breadcrumb\":{\"@id\":\"https:\\\/\\\/naturalpoland.com\\\/es\\\/productos\\\/productos-para-la-industria-farmaceutica-y-medica\\\/aminoacidos\\\/l-arginina-2\\\/#breadcrumb\"},\"inLanguage\":\"es\",\"potentialAction\":[{\"@type\":\"ReadAction\",\"target\":[\"https:\\\/\\\/naturalpoland.com\\\/es\\\/productos\\\/productos-para-la-industria-farmaceutica-y-medica\\\/aminoacidos\\\/l-arginina-2\\\/\"]}]},{\"@type\":\"ImageObject\",\"inLanguage\":\"es\",\"@id\":\"https:\\\/\\\/naturalpoland.com\\\/es\\\/productos\\\/productos-para-la-industria-farmaceutica-y-medica\\\/aminoacidos\\\/l-arginina-2\\\/#primaryimage\",\"url\":\"https:\\\/\\\/naturalpoland.com\\\/wp-content\\\/uploads\\\/l-arginina.webp\",\"contentUrl\":\"https:\\\/\\\/naturalpoland.com\\\/wp-content\\\/uploads\\\/l-arginina.webp\",\"width\":1024,\"height\":1024,\"caption\":\"l-arginina w proszku\"},{\"@type\":\"BreadcrumbList\",\"@id\":\"https:\\\/\\\/naturalpoland.com\\\/es\\\/productos\\\/productos-para-la-industria-farmaceutica-y-medica\\\/aminoacidos\\\/l-arginina-2\\\/#breadcrumb\",\"itemListElement\":[{\"@type\":\"ListItem\",\"position\":1,\"name\":\"Inicio\",\"item\":\"https:\\\/\\\/naturalpoland.com\\\/es\\\/\"},{\"@type\":\"ListItem\",\"position\":2,\"name\":\"Productos\",\"item\":\"https:\\\/\\\/naturalpoland.com\\\/es\\\/productos\\\/\"},{\"@type\":\"ListItem\",\"position\":3,\"name\":\"L-arginina\"}]},{\"@type\":\"WebSite\",\"@id\":\"https:\\\/\\\/naturalpoland.com\\\/es\\\/#website\",\"url\":\"https:\\\/\\\/naturalpoland.com\\\/es\\\/\",\"name\":\"NATURAL POLAND - Distribuidor Mayorista de Materias Primas\",\"description\":\"Surowce dla przemys\u0142u spo\u017cywczego, kosmetycznego i farmaceutycznego\",\"publisher\":{\"@id\":\"https:\\\/\\\/naturalpoland.com\\\/es\\\/#organization\"},\"potentialAction\":[{\"@type\":\"SearchAction\",\"target\":{\"@type\":\"EntryPoint\",\"urlTemplate\":\"https:\\\/\\\/naturalpoland.com\\\/es\\\/?s={search_term_string}\"},\"query-input\":{\"@type\":\"PropertyValueSpecification\",\"valueRequired\":true,\"valueName\":\"search_term_string\"}}],\"inLanguage\":\"es\"},{\"@type\":\"Organization\",\"@id\":\"https:\\\/\\\/naturalpoland.com\\\/es\\\/#organization\",\"name\":\"Natural Poland\",\"url\":\"https:\\\/\\\/naturalpoland.com\\\/es\\\/\",\"logo\":{\"@type\":\"ImageObject\",\"inLanguage\":\"es\",\"@id\":\"https:\\\/\\\/naturalpoland.com\\\/es\\\/#\\\/schema\\\/logo\\\/image\\\/\",\"url\":\"https:\\\/\\\/naturalpoland.com\\\/wp-content\\\/uploads\\\/2021\\\/05\\\/natural-poland-icon.png\",\"contentUrl\":\"https:\\\/\\\/naturalpoland.com\\\/wp-content\\\/uploads\\\/2021\\\/05\\\/natural-poland-icon.png\",\"width\":512,\"height\":512,\"caption\":\"Natural Poland\"},\"image\":{\"@id\":\"https:\\\/\\\/naturalpoland.com\\\/es\\\/#\\\/schema\\\/logo\\\/image\\\/\"},\"sameAs\":[\"https:\\\/\\\/www.facebook.com\\\/naturalpoland.b2b\",\"https:\\\/\\\/pl.linkedin.com\\\/company\\\/natural-poland\",\"https:\\\/\\\/www.youtube.com\\\/channel\\\/UCgeGGkvOMahZo-xu_MSEWxg\"]}]}<\/script>\n<!-- \/ Yoast SEO plugin. -->","yoast_head_json":{"title":"L-arginina - Distribuidor mayorista","robots":{"index":"index","follow":"follow","max-snippet":"max-snippet:-1","max-image-preview":"max-image-preview:large","max-video-preview":"max-video-preview:-1"},"canonical":"https:\/\/naturalpoland.com\/es\/productos\/productos-para-la-industria-farmaceutica-y-medica\/aminoacidos\/l-arginina-2\/","og_locale":"es_ES","og_type":"article","og_title":"L-arginina - Distribuidor mayorista","og_description":"L-arginina es un amino\u00e1cido producido naturalmente por el cuerpo humano, a partir del cual se cre\u00f3 una preparaci\u00f3n especializada, que apoya el trabajo del coraz\u00f3n y todos los vasos relacionados con el trabajo del sistema circulatorio. La L-arginina se ha utilizado ampliamente en la industria farmac\u00e9utica tambi\u00e9n debido a su efecto beneficioso sobre el sistema inmunol\u00f3gico.","og_url":"https:\/\/naturalpoland.com\/es\/productos\/productos-para-la-industria-farmaceutica-y-medica\/aminoacidos\/l-arginina-2\/","og_site_name":"NATURAL POLAND - Distribuidor Mayorista de Materias Primas","article_publisher":"https:\/\/www.facebook.com\/naturalpoland.b2b","article_modified_time":"2021-09-20T10:26:52+00:00","og_image":[{"width":197,"height":151,"url":"https:\/\/naturalpoland.com\/wp-content\/uploads\/2021\/05\/l-arginine.jpg","type":"image\/jpeg"}],"schema":{"@context":"https:\/\/schema.org","@graph":[{"@type":"WebPage","@id":"https:\/\/naturalpoland.com\/es\/productos\/productos-para-la-industria-farmaceutica-y-medica\/aminoacidos\/l-arginina-2\/","url":"https:\/\/naturalpoland.com\/es\/productos\/productos-para-la-industria-farmaceutica-y-medica\/aminoacidos\/l-arginina-2\/","name":"L-arginina - Distribuidor mayorista","isPartOf":{"@id":"https:\/\/naturalpoland.com\/es\/#website"},"primaryImageOfPage":{"@id":"https:\/\/naturalpoland.com\/es\/productos\/productos-para-la-industria-farmaceutica-y-medica\/aminoacidos\/l-arginina-2\/#primaryimage"},"image":{"@id":"https:\/\/naturalpoland.com\/es\/productos\/productos-para-la-industria-farmaceutica-y-medica\/aminoacidos\/l-arginina-2\/#primaryimage"},"thumbnailUrl":"https:\/\/naturalpoland.com\/wp-content\/uploads\/l-arginina.webp","datePublished":"2021-05-11T11:45:21+00:00","dateModified":"2021-09-20T10:26:52+00:00","breadcrumb":{"@id":"https:\/\/naturalpoland.com\/es\/productos\/productos-para-la-industria-farmaceutica-y-medica\/aminoacidos\/l-arginina-2\/#breadcrumb"},"inLanguage":"es","potentialAction":[{"@type":"ReadAction","target":["https:\/\/naturalpoland.com\/es\/productos\/productos-para-la-industria-farmaceutica-y-medica\/aminoacidos\/l-arginina-2\/"]}]},{"@type":"ImageObject","inLanguage":"es","@id":"https:\/\/naturalpoland.com\/es\/productos\/productos-para-la-industria-farmaceutica-y-medica\/aminoacidos\/l-arginina-2\/#primaryimage","url":"https:\/\/naturalpoland.com\/wp-content\/uploads\/l-arginina.webp","contentUrl":"https:\/\/naturalpoland.com\/wp-content\/uploads\/l-arginina.webp","width":1024,"height":1024,"caption":"l-arginina w proszku"},{"@type":"BreadcrumbList","@id":"https:\/\/naturalpoland.com\/es\/productos\/productos-para-la-industria-farmaceutica-y-medica\/aminoacidos\/l-arginina-2\/#breadcrumb","itemListElement":[{"@type":"ListItem","position":1,"name":"Inicio","item":"https:\/\/naturalpoland.com\/es\/"},{"@type":"ListItem","position":2,"name":"Productos","item":"https:\/\/naturalpoland.com\/es\/productos\/"},{"@type":"ListItem","position":3,"name":"L-arginina"}]},{"@type":"WebSite","@id":"https:\/\/naturalpoland.com\/es\/#website","url":"https:\/\/naturalpoland.com\/es\/","name":"NATURAL POLAND - Distribuidor Mayorista de Materias Primas","description":"Surowce dla przemys\u0142u spo\u017cywczego, kosmetycznego i farmaceutycznego","publisher":{"@id":"https:\/\/naturalpoland.com\/es\/#organization"},"potentialAction":[{"@type":"SearchAction","target":{"@type":"EntryPoint","urlTemplate":"https:\/\/naturalpoland.com\/es\/?s={search_term_string}"},"query-input":{"@type":"PropertyValueSpecification","valueRequired":true,"valueName":"search_term_string"}}],"inLanguage":"es"},{"@type":"Organization","@id":"https:\/\/naturalpoland.com\/es\/#organization","name":"Natural Poland","url":"https:\/\/naturalpoland.com\/es\/","logo":{"@type":"ImageObject","inLanguage":"es","@id":"https:\/\/naturalpoland.com\/es\/#\/schema\/logo\/image\/","url":"https:\/\/naturalpoland.com\/wp-content\/uploads\/2021\/05\/natural-poland-icon.png","contentUrl":"https:\/\/naturalpoland.com\/wp-content\/uploads\/2021\/05\/natural-poland-icon.png","width":512,"height":512,"caption":"Natural Poland"},"image":{"@id":"https:\/\/naturalpoland.com\/es\/#\/schema\/logo\/image\/"},"sameAs":["https:\/\/www.facebook.com\/naturalpoland.b2b","https:\/\/pl.linkedin.com\/company\/natural-poland","https:\/\/www.youtube.com\/channel\/UCgeGGkvOMahZo-xu_MSEWxg"]}]}},"_links":{"self":[{"href":"https:\/\/naturalpoland.com\/es\/wp-json\/wp\/v2\/product\/10804","targetHints":{"allow":["GET"]}}],"collection":[{"href":"https:\/\/naturalpoland.com\/es\/wp-json\/wp\/v2\/product"}],"about":[{"href":"https:\/\/naturalpoland.com\/es\/wp-json\/wp\/v2\/types\/product"}],"wp:featuredmedia":[{"embeddable":true,"href":"https:\/\/naturalpoland.com\/es\/wp-json\/wp\/v2\/media\/43326"}],"wp:attachment":[{"href":"https:\/\/naturalpoland.com\/es\/wp-json\/wp\/v2\/media?parent=10804"}],"wp:term":[{"taxonomy":"product_brand","embeddable":true,"href":"https:\/\/naturalpoland.com\/es\/wp-json\/wp\/v2\/product_brand?post=10804"},{"taxonomy":"product_cat","embeddable":true,"href":"https:\/\/naturalpoland.com\/es\/wp-json\/wp\/v2\/product_cat?post=10804"},{"taxonomy":"product_tag","embeddable":true,"href":"https:\/\/naturalpoland.com\/es\/wp-json\/wp\/v2\/product_tag?post=10804"}],"curies":[{"name":"wp","href":"https:\/\/api.w.org\/{rel}","templated":true}]}}