{"id":11347,"date":"2021-05-11T13:45:00","date_gmt":"2021-09-20T13:26:11","guid":{"rendered":"https:\/\/naturalpoland.pl\/produkty\/sin%20categor\u00eda\/flor-hibiscus\/"},"modified":"2024-10-07T12:01:13","modified_gmt":"2024-10-07T10:01:13","slug":"flor-hibiscus","status":"publish","type":"product","link":"https:\/\/naturalpoland.com\/es\/productos\/productos-para-la-industria-alimentaria\/materias-primas-para-la-produccion\/flor-hibiscus\/","title":{"rendered":"Flor Hibiscus"},"content":{"rendered":"<p>La infusi\u00f3n de flores de hibisco se distingue por su sabor caracter\u00edstico, ligeramente \u00e1cido, que a menudo se enriquece con otros aditivos para darle un sabor m\u00e1s equilibrado.<br \/>\nAdem\u00e1s de su sabor excepcional, el hibisco es famoso por sus numerosos beneficios para la salud, debido a su riqueza en nutrientes y antioxidantes.   <\/p>\n<h2><\/h2>\n<h2>Principios activos y propiedades saludables de la flor de hibisco<\/h2>\n<p>  La flor de hibisco contiene una serie de \u00e1cidos org\u00e1nicos, como el \u00e1cido de hibisco, el \u00e1cido c\u00edtrico, el \u00e1cido m\u00e1lico, el \u00e1cido tart\u00e1rico y el \u00e1cido ox\u00e1lico, que contribuyen a su sabor caracter\u00edstico y ayudan al metabolismo. Adem\u00e1s, esta flor contiene muchas <a href=\"https:\/\/naturalpoland.com\/artykuly\/dodatki-do-zywnosci\/czym-sa-antocyjany-i-jakie-maja-zastosowanie\/\">antocianinas<\/a>, <a href=\"https:\/\/naturalpoland.com\/artykuly\/produkty-naturalne\/czym-sa-i-jak-dzialaja-flawonoidy\/\">flavonoides<\/a> y <a href=\"https:\/\/naturalpoland.com\/artykuly\/produkty-naturalne\/przeciwutleniacze-w-kosmetykach-fenole-i-polifenole\/\">polifenoles<\/a>, que son antioxidantes. Retrasan el proceso de envejecimiento de la piel y aumentan la resistencia del organismo. Protegen contra las infecciones y aceleran su curaci\u00f3n. Tambi\u00e9n conviene recordar que el hibisco es una rica fuente de vitamina C. Adem\u00e1s de vitamina C, el hibisco aporta minerales valiosos como calcio, f\u00f3sforo y hierro, que contribuyen al funcionamiento de los sistemas circulatorio y \u00f3seo.<br \/>\nTambi\u00e9n contiene pectina y fitoesteroles, que ayudan a regular los niveles de colesterol.   <\/p>\n<h3><\/h3>\n<h3><strong>Acci\u00f3n promotora de la salud:<\/strong><\/h3>\n<ul>\n<li><strong>Antiinflamatorio y antibacteriano<\/strong> (prevenci\u00f3n de las infecciones de las v\u00edas respiratorias)<\/li>\n<li><strong>Reducir la tensi\u00f3n arterial<\/strong><\/li>\n<li><strong>Acci\u00f3n diur\u00e9tica<\/strong>, que ayuda a limpiar el organismo de toxinas y evita el estancamiento de agua.<\/li>\n<li><strong>Refuerzo del sistema inmunitario<\/strong> (protecci\u00f3n contra las infecciones).<\/li>\n<\/ul>\n<p>&nbsp;<\/p>\n<h2>Usos de la flor de hibisco:<\/h2>\n<p><strong>Industria alimentaria:<\/strong><strong>La flor de hibisco seca<\/strong> es un ingrediente popular en infusiones de frutas y hierbas.<br \/>\nConfiere a las infusiones un color rojo intenso y un sabor \u00e1cido.<br \/>\nTambi\u00e9n puede utilizarse como colorante alimentario natural, as\u00ed como ingrediente de bebidas instant\u00e1neas y de diversas mezclas de sabores.<br \/>\nCombina bien con otras hierbas y frutas para enriquecer el sabor de t\u00e9s y bebidas refrescantes. <strong>Medicina herbal:<\/strong> Se recomienda una infusi\u00f3n de hibisco para aliviar los problemas digestivos y la debilidad.<br \/>\nSus propiedades laxantes y diur\u00e9ticas hacen que el hibisco se utilice en el tratamiento de trastornos digestivos como el estre\u00f1imiento.<br \/>\nTiene un efecto t\u00f3nico suave, que favorece la funci\u00f3n intestinal normal, y tambi\u00e9n ayuda a restablecer el equilibrio del organismo tras una enfermedad o intoxicaci\u00f3n alimentaria. <strong>Contraindicaciones:<\/strong> Debido a la falta de estudios adecuados sobre la seguridad del uso del hibisco en mujeres embarazadas y lactantes, no se recomienda a este grupo.<br \/>\nEl hibisco tambi\u00e9n puede presentar efectos estrog\u00e9nicos, lo que deben tener en cuenta quienes planeen un embarazo.      <\/p>\n","protected":false},"excerpt":{"rendered":"<p><strong>La flor de<\/strong><em>hibisco (Hibiscus sabdariffa<\/em>), tambi\u00e9n se conoce como malva de Sud\u00e1n u oxalis ketmia.<br \/>\nSe utiliza en fitoterapia y en la industria alimentaria, sobre todo en forma seca para t\u00e9s e infusiones. <\/p>\n","protected":false},"featured_media":36117,"template":"","meta":{"_acf_changed":false},"product_brand":[],"product_cat":[1062,1082],"product_tag":[],"class_list":{"0":"post-11347","1":"product","2":"type-product","3":"status-publish","4":"has-post-thumbnail","6":"product_cat-materias-primas-para-la-produccion","7":"product_cat-productos-vegetales","9":"first","10":"instock","11":"shipping-taxable","12":"product-type-simple"},"acf":[],"yoast_head":"<!-- This site is optimized with the Yoast SEO plugin v27.4 - https:\/\/yoast.com\/product\/yoast-seo-wordpress\/ -->\n<title>Flor Hibiscus - NATURAL POLAND - Distribuidor Mayorista de Materias Primas<\/title>\n<meta name=\"description\" content=\"La flor de hibisco puede favorecer la salud del coraz\u00f3n, el h\u00edgado y el sistema inmunitario, adem\u00e1s de contribuir a la salud general del organismo.\" \/>\n<meta name=\"robots\" content=\"index, follow, max-snippet:-1, max-image-preview:large, max-video-preview:-1\" \/>\n<link rel=\"canonical\" href=\"https:\/\/naturalpoland.com\/es\/productos\/productos-para-la-industria-alimentaria\/materias-primas-para-la-produccion\/flor-hibiscus\/\" \/>\n<meta property=\"og:locale\" content=\"es_ES\" \/>\n<meta property=\"og:type\" content=\"article\" \/>\n<meta property=\"og:title\" content=\"Flor Hibiscus - NATURAL POLAND - Distribuidor Mayorista de Materias Primas\" \/>\n<meta property=\"og:description\" content=\"La flor de hibisco puede favorecer la salud del coraz\u00f3n, el h\u00edgado y el sistema inmunitario, adem\u00e1s de contribuir a la salud general del organismo.\" \/>\n<meta property=\"og:url\" content=\"https:\/\/naturalpoland.com\/es\/productos\/productos-para-la-industria-alimentaria\/materias-primas-para-la-produccion\/flor-hibiscus\/\" \/>\n<meta property=\"og:site_name\" content=\"NATURAL POLAND - Distribuidor Mayorista de Materias Primas\" \/>\n<meta property=\"article:publisher\" content=\"https:\/\/www.facebook.com\/naturalpoland.b2b\" \/>\n<meta property=\"article:modified_time\" content=\"2024-10-07T10:01:13+00:00\" \/>\n<meta property=\"og:image\" content=\"https:\/\/naturalpoland.com\/wp-content\/uploads\/suszone-kwiaty-hibiskusa.webp\" \/>\n\t<meta property=\"og:image:width\" content=\"619\" \/>\n\t<meta property=\"og:image:height\" content=\"619\" \/>\n\t<meta property=\"og:image:type\" content=\"image\/webp\" \/>\n<script type=\"application\/ld+json\" class=\"yoast-schema-graph\">{\"@context\":\"https:\\\/\\\/schema.org\",\"@graph\":[{\"@type\":\"WebPage\",\"@id\":\"https:\\\/\\\/naturalpoland.com\\\/es\\\/productos\\\/productos-para-la-industria-alimentaria\\\/materias-primas-para-la-produccion\\\/flor-hibiscus\\\/\",\"url\":\"https:\\\/\\\/naturalpoland.com\\\/es\\\/productos\\\/productos-para-la-industria-alimentaria\\\/materias-primas-para-la-produccion\\\/flor-hibiscus\\\/\",\"name\":\"Flor Hibiscus - NATURAL POLAND - Distribuidor Mayorista de Materias Primas\",\"isPartOf\":{\"@id\":\"https:\\\/\\\/naturalpoland.com\\\/es\\\/#website\"},\"primaryImageOfPage\":{\"@id\":\"https:\\\/\\\/naturalpoland.com\\\/es\\\/productos\\\/productos-para-la-industria-alimentaria\\\/materias-primas-para-la-produccion\\\/flor-hibiscus\\\/#primaryimage\"},\"image\":{\"@id\":\"https:\\\/\\\/naturalpoland.com\\\/es\\\/productos\\\/productos-para-la-industria-alimentaria\\\/materias-primas-para-la-produccion\\\/flor-hibiscus\\\/#primaryimage\"},\"thumbnailUrl\":\"https:\\\/\\\/naturalpoland.com\\\/wp-content\\\/uploads\\\/suszone-kwiaty-hibiskusa.webp\",\"datePublished\":\"2021-09-20T13:26:11+00:00\",\"dateModified\":\"2024-10-07T10:01:13+00:00\",\"description\":\"La flor de hibisco puede favorecer la salud del coraz\u00f3n, el h\u00edgado y el sistema inmunitario, adem\u00e1s de contribuir a la salud general del organismo.\",\"breadcrumb\":{\"@id\":\"https:\\\/\\\/naturalpoland.com\\\/es\\\/productos\\\/productos-para-la-industria-alimentaria\\\/materias-primas-para-la-produccion\\\/flor-hibiscus\\\/#breadcrumb\"},\"inLanguage\":\"es\",\"potentialAction\":[{\"@type\":\"ReadAction\",\"target\":[\"https:\\\/\\\/naturalpoland.com\\\/es\\\/productos\\\/productos-para-la-industria-alimentaria\\\/materias-primas-para-la-produccion\\\/flor-hibiscus\\\/\"]}]},{\"@type\":\"ImageObject\",\"inLanguage\":\"es\",\"@id\":\"https:\\\/\\\/naturalpoland.com\\\/es\\\/productos\\\/productos-para-la-industria-alimentaria\\\/materias-primas-para-la-produccion\\\/flor-hibiscus\\\/#primaryimage\",\"url\":\"https:\\\/\\\/naturalpoland.com\\\/wp-content\\\/uploads\\\/suszone-kwiaty-hibiskusa.webp\",\"contentUrl\":\"https:\\\/\\\/naturalpoland.com\\\/wp-content\\\/uploads\\\/suszone-kwiaty-hibiskusa.webp\",\"width\":619,\"height\":619,\"caption\":\"suszone kwiaty hibiskusa\"},{\"@type\":\"BreadcrumbList\",\"@id\":\"https:\\\/\\\/naturalpoland.com\\\/es\\\/productos\\\/productos-para-la-industria-alimentaria\\\/materias-primas-para-la-produccion\\\/flor-hibiscus\\\/#breadcrumb\",\"itemListElement\":[{\"@type\":\"ListItem\",\"position\":1,\"name\":\"Inicio\",\"item\":\"https:\\\/\\\/naturalpoland.com\\\/es\\\/\"},{\"@type\":\"ListItem\",\"position\":2,\"name\":\"Productos\",\"item\":\"https:\\\/\\\/naturalpoland.com\\\/es\\\/productos\\\/\"},{\"@type\":\"ListItem\",\"position\":3,\"name\":\"Flor Hibiscus\"}]},{\"@type\":\"WebSite\",\"@id\":\"https:\\\/\\\/naturalpoland.com\\\/es\\\/#website\",\"url\":\"https:\\\/\\\/naturalpoland.com\\\/es\\\/\",\"name\":\"NATURAL POLAND - Distribuidor Mayorista de Materias Primas\",\"description\":\"Surowce dla przemys\u0142u spo\u017cywczego, kosmetycznego i farmaceutycznego\",\"publisher\":{\"@id\":\"https:\\\/\\\/naturalpoland.com\\\/es\\\/#organization\"},\"potentialAction\":[{\"@type\":\"SearchAction\",\"target\":{\"@type\":\"EntryPoint\",\"urlTemplate\":\"https:\\\/\\\/naturalpoland.com\\\/es\\\/?s={search_term_string}\"},\"query-input\":{\"@type\":\"PropertyValueSpecification\",\"valueRequired\":true,\"valueName\":\"search_term_string\"}}],\"inLanguage\":\"es\"},{\"@type\":\"Organization\",\"@id\":\"https:\\\/\\\/naturalpoland.com\\\/es\\\/#organization\",\"name\":\"Natural Poland\",\"url\":\"https:\\\/\\\/naturalpoland.com\\\/es\\\/\",\"logo\":{\"@type\":\"ImageObject\",\"inLanguage\":\"es\",\"@id\":\"https:\\\/\\\/naturalpoland.com\\\/es\\\/#\\\/schema\\\/logo\\\/image\\\/\",\"url\":\"https:\\\/\\\/naturalpoland.com\\\/wp-content\\\/uploads\\\/2021\\\/05\\\/natural-poland-icon.png\",\"contentUrl\":\"https:\\\/\\\/naturalpoland.com\\\/wp-content\\\/uploads\\\/2021\\\/05\\\/natural-poland-icon.png\",\"width\":512,\"height\":512,\"caption\":\"Natural Poland\"},\"image\":{\"@id\":\"https:\\\/\\\/naturalpoland.com\\\/es\\\/#\\\/schema\\\/logo\\\/image\\\/\"},\"sameAs\":[\"https:\\\/\\\/www.facebook.com\\\/naturalpoland.b2b\",\"https:\\\/\\\/pl.linkedin.com\\\/company\\\/natural-poland\",\"https:\\\/\\\/www.youtube.com\\\/channel\\\/UCgeGGkvOMahZo-xu_MSEWxg\"]}]}<\/script>\n<!-- \/ Yoast SEO plugin. -->","yoast_head_json":{"title":"Flor Hibiscus - NATURAL POLAND - Distribuidor Mayorista de Materias Primas","description":"La flor de hibisco puede favorecer la salud del coraz\u00f3n, el h\u00edgado y el sistema inmunitario, adem\u00e1s de contribuir a la salud general del organismo.","robots":{"index":"index","follow":"follow","max-snippet":"max-snippet:-1","max-image-preview":"max-image-preview:large","max-video-preview":"max-video-preview:-1"},"canonical":"https:\/\/naturalpoland.com\/es\/productos\/productos-para-la-industria-alimentaria\/materias-primas-para-la-produccion\/flor-hibiscus\/","og_locale":"es_ES","og_type":"article","og_title":"Flor Hibiscus - NATURAL POLAND - Distribuidor Mayorista de Materias Primas","og_description":"La flor de hibisco puede favorecer la salud del coraz\u00f3n, el h\u00edgado y el sistema inmunitario, adem\u00e1s de contribuir a la salud general del organismo.","og_url":"https:\/\/naturalpoland.com\/es\/productos\/productos-para-la-industria-alimentaria\/materias-primas-para-la-produccion\/flor-hibiscus\/","og_site_name":"NATURAL POLAND - Distribuidor Mayorista de Materias Primas","article_publisher":"https:\/\/www.facebook.com\/naturalpoland.b2b","article_modified_time":"2024-10-07T10:01:13+00:00","og_image":[{"width":619,"height":619,"url":"https:\/\/naturalpoland.com\/wp-content\/uploads\/suszone-kwiaty-hibiskusa.webp","type":"image\/webp"}],"schema":{"@context":"https:\/\/schema.org","@graph":[{"@type":"WebPage","@id":"https:\/\/naturalpoland.com\/es\/productos\/productos-para-la-industria-alimentaria\/materias-primas-para-la-produccion\/flor-hibiscus\/","url":"https:\/\/naturalpoland.com\/es\/productos\/productos-para-la-industria-alimentaria\/materias-primas-para-la-produccion\/flor-hibiscus\/","name":"Flor Hibiscus - NATURAL POLAND - Distribuidor Mayorista de Materias Primas","isPartOf":{"@id":"https:\/\/naturalpoland.com\/es\/#website"},"primaryImageOfPage":{"@id":"https:\/\/naturalpoland.com\/es\/productos\/productos-para-la-industria-alimentaria\/materias-primas-para-la-produccion\/flor-hibiscus\/#primaryimage"},"image":{"@id":"https:\/\/naturalpoland.com\/es\/productos\/productos-para-la-industria-alimentaria\/materias-primas-para-la-produccion\/flor-hibiscus\/#primaryimage"},"thumbnailUrl":"https:\/\/naturalpoland.com\/wp-content\/uploads\/suszone-kwiaty-hibiskusa.webp","datePublished":"2021-09-20T13:26:11+00:00","dateModified":"2024-10-07T10:01:13+00:00","description":"La flor de hibisco puede favorecer la salud del coraz\u00f3n, el h\u00edgado y el sistema inmunitario, adem\u00e1s de contribuir a la salud general del organismo.","breadcrumb":{"@id":"https:\/\/naturalpoland.com\/es\/productos\/productos-para-la-industria-alimentaria\/materias-primas-para-la-produccion\/flor-hibiscus\/#breadcrumb"},"inLanguage":"es","potentialAction":[{"@type":"ReadAction","target":["https:\/\/naturalpoland.com\/es\/productos\/productos-para-la-industria-alimentaria\/materias-primas-para-la-produccion\/flor-hibiscus\/"]}]},{"@type":"ImageObject","inLanguage":"es","@id":"https:\/\/naturalpoland.com\/es\/productos\/productos-para-la-industria-alimentaria\/materias-primas-para-la-produccion\/flor-hibiscus\/#primaryimage","url":"https:\/\/naturalpoland.com\/wp-content\/uploads\/suszone-kwiaty-hibiskusa.webp","contentUrl":"https:\/\/naturalpoland.com\/wp-content\/uploads\/suszone-kwiaty-hibiskusa.webp","width":619,"height":619,"caption":"suszone kwiaty hibiskusa"},{"@type":"BreadcrumbList","@id":"https:\/\/naturalpoland.com\/es\/productos\/productos-para-la-industria-alimentaria\/materias-primas-para-la-produccion\/flor-hibiscus\/#breadcrumb","itemListElement":[{"@type":"ListItem","position":1,"name":"Inicio","item":"https:\/\/naturalpoland.com\/es\/"},{"@type":"ListItem","position":2,"name":"Productos","item":"https:\/\/naturalpoland.com\/es\/productos\/"},{"@type":"ListItem","position":3,"name":"Flor Hibiscus"}]},{"@type":"WebSite","@id":"https:\/\/naturalpoland.com\/es\/#website","url":"https:\/\/naturalpoland.com\/es\/","name":"NATURAL POLAND - Distribuidor Mayorista de Materias Primas","description":"Surowce dla przemys\u0142u spo\u017cywczego, kosmetycznego i farmaceutycznego","publisher":{"@id":"https:\/\/naturalpoland.com\/es\/#organization"},"potentialAction":[{"@type":"SearchAction","target":{"@type":"EntryPoint","urlTemplate":"https:\/\/naturalpoland.com\/es\/?s={search_term_string}"},"query-input":{"@type":"PropertyValueSpecification","valueRequired":true,"valueName":"search_term_string"}}],"inLanguage":"es"},{"@type":"Organization","@id":"https:\/\/naturalpoland.com\/es\/#organization","name":"Natural Poland","url":"https:\/\/naturalpoland.com\/es\/","logo":{"@type":"ImageObject","inLanguage":"es","@id":"https:\/\/naturalpoland.com\/es\/#\/schema\/logo\/image\/","url":"https:\/\/naturalpoland.com\/wp-content\/uploads\/2021\/05\/natural-poland-icon.png","contentUrl":"https:\/\/naturalpoland.com\/wp-content\/uploads\/2021\/05\/natural-poland-icon.png","width":512,"height":512,"caption":"Natural Poland"},"image":{"@id":"https:\/\/naturalpoland.com\/es\/#\/schema\/logo\/image\/"},"sameAs":["https:\/\/www.facebook.com\/naturalpoland.b2b","https:\/\/pl.linkedin.com\/company\/natural-poland","https:\/\/www.youtube.com\/channel\/UCgeGGkvOMahZo-xu_MSEWxg"]}]}},"_links":{"self":[{"href":"https:\/\/naturalpoland.com\/es\/wp-json\/wp\/v2\/product\/11347","targetHints":{"allow":["GET"]}}],"collection":[{"href":"https:\/\/naturalpoland.com\/es\/wp-json\/wp\/v2\/product"}],"about":[{"href":"https:\/\/naturalpoland.com\/es\/wp-json\/wp\/v2\/types\/product"}],"wp:featuredmedia":[{"embeddable":true,"href":"https:\/\/naturalpoland.com\/es\/wp-json\/wp\/v2\/media\/36117"}],"wp:attachment":[{"href":"https:\/\/naturalpoland.com\/es\/wp-json\/wp\/v2\/media?parent=11347"}],"wp:term":[{"taxonomy":"product_brand","embeddable":true,"href":"https:\/\/naturalpoland.com\/es\/wp-json\/wp\/v2\/product_brand?post=11347"},{"taxonomy":"product_cat","embeddable":true,"href":"https:\/\/naturalpoland.com\/es\/wp-json\/wp\/v2\/product_cat?post=11347"},{"taxonomy":"product_tag","embeddable":true,"href":"https:\/\/naturalpoland.com\/es\/wp-json\/wp\/v2\/product_tag?post=11347"}],"curies":[{"name":"wp","href":"https:\/\/api.w.org\/{rel}","templated":true}]}}