{"id":11402,"date":"2021-05-11T13:48:55","date_gmt":"2021-05-11T11:48:55","guid":{"rendered":"https:\/\/naturalpoland.pl\/produkty\/sin%20categor\u00eda\/aceite-de-argan\/"},"modified":"2025-09-09T13:37:41","modified_gmt":"2025-09-09T11:37:41","slug":"aceite-de-argan","status":"publish","type":"product","link":"https:\/\/naturalpoland.com\/es\/productos\/productos-para-la-industria-cosmetica\/aceites-cosmeticos\/aceite-de-argan\/","title":{"rendered":"Aceite de arg\u00e1n"},"content":{"rendered":"<h2>Uso y propiedades del aceite de arg\u00e1n<\/h2>\n<p>El aceite de arg\u00e1n contiene grandes cantidades de vitamina E, que ejerce un efecto regenerador sobre el organismo y ayuda a frenar el envejecimiento de las c\u00e9lulas. Es un producto natural que puede utilizarse en cualquier tipo de piel o cabello. Tambi\u00e9n es adecuado para personas con tendencia a las alergias. El aceite de arg\u00e1n ayuda adem\u00e1s a combatir la celulitis y las estr\u00edas. Es muy apreciado tanto como producto de cuidado por s\u00ed solo como a\u00f1adido a otros cosm\u00e9ticos. Su uso regular aporta resultados en poco tiempo.<\/p>\n<h2>Composici\u00f3n qu\u00edmica del aceite de arg\u00e1n<\/h2>\n<p>La fracci\u00f3n grasa del aceite de arg\u00e1n se compone principalmente de \u00e1cidos grasos insaturados muy valorados en cosm\u00e9tica: \u00e1cido oleico (42\u201355\u00a0%), \u00e1cido linoleico (27\u201340\u00a0%), con la adici\u00f3n del \u00e1cido palm\u00edtico saturado (6\u201316\u00a0%).<\/p>\n<table>\n<thead>\n<tr>\n<th>\u00c1cido<\/th>\n<th>F\u00f3rmula<\/th>\n<th>Porcentaje<\/th>\n<\/tr>\n<\/thead>\n<tbody>\n<tr>\n<td>\u00c1cido palm\u00edtico<\/td>\n<td>C16:0<\/td>\n<td>6\u201316\u00a0%<\/td>\n<\/tr>\n<tr>\n<td>\u00c1cido este\u00e1rico<\/td>\n<td>C18:0<\/td>\n<td>3\u20138\u00a0%<\/td>\n<\/tr>\n<tr>\n<td>\u00c1cido oleico<\/td>\n<td>C18:1<\/td>\n<td>42\u201355\u00a0%<\/td>\n<\/tr>\n<tr>\n<td>\u00c1cido linoleico<\/td>\n<td>C18:2<\/td>\n<td>27\u201340\u00a0%<\/td>\n<\/tr>\n<\/tbody>\n<\/table>\n<p>En la fracci\u00f3n insaponificable, que constituye aproximadamente el 1\u00a0% del aceite, est\u00e1n presentes esteroles \u2014principalmente espinasterol y schottenol\u2014 as\u00ed como alcoholes triterp\u00e9nicos, xantofilas, tocoferoles y otros compuestos fen\u00f3licos.<\/p>\n<p>Adem\u00e1s de los componentes grasos, merecen especial atenci\u00f3n los tocoferoles, derivados de la vitamina\u00a0E con propiedades antioxidantes muy potentes. En el aceite de arg\u00e1n domina el \u03b3-tocoferol, y tambi\u00e9n est\u00e1n presentes \u03b1\u2011, \u03b2\u2011 y \u03b4\u2011tocoferol.<\/p>\n<h2>\u00bfC\u00f3mo utilizar el aceite de arg\u00e1n?<\/h2>\n<h3>Aceite de arg\u00e1n en cosm\u00e9tica<\/h3>\n<p>El aceite de arg\u00e1n se utiliza principalmente en cosm\u00e9tica, tanto solo como ingrediente de preparaciones complejas. Su composici\u00f3n qu\u00edmica, que incluye \u00e1cidos grasos insaturados y compuestos con fuerte actividad antioxidante, le confiere propiedades nutritivas, regeneradoras y de cuidado, adem\u00e1s de reducir la secreci\u00f3n de sebo.<\/p>\n<h3>Aceite de arg\u00e1n aplicado sobre la piel<\/h3>\n<p>Desde hace cientos de a\u00f1os, las mujeres marroqu\u00edes utilizan el aceite de arg\u00e1n en el cuidado de la piel, especialmente para luchar contra el acn\u00e9, las erupciones, las cicatrices de la varicela y las grietas de la piel. Hoy en d\u00eda este uso no solo se mantiene, sino que tambi\u00e9n ha sido confirmado cient\u00edficamente.<\/p>\n<p>El aceite de arg\u00e1n es especialmente valorado por sus propiedades hidratantes y antiedad: hidrata la piel, neutraliza los radicales libres, act\u00faa de forma nutritiva, favorece la regeneraci\u00f3n y aumenta la elasticidad de la epidermis. En su aplicaci\u00f3n cosm\u00e9tica tambi\u00e9n son importantes las propiedades fisicoqu\u00edmicas de esta materia prima: tiene un olor agradable, se absorbe perfectamente y se integra r\u00e1pidamente en la piel.<\/p>\n<p>Gracias a estas propiedades, el aceite de arg\u00e1n puede utilizarse como ingrediente en productos cosm\u00e9ticos destinados tanto a pieles acneicas como a pieles da\u00f1adas y maduras. Adem\u00e1s de cremas, lociones y s\u00e9rums con efecto hidratante, antiedad y nutritivo, tambi\u00e9n puede formar parte de jabones, espumas de afeitar o usarse solo como aceite para masajes.<\/p>\n<h3>Aceite de arg\u00e1n para el cabello y las u\u00f1as<\/h3>\n<p>En cosm\u00e9tica, el aceite de arg\u00e1n tambi\u00e9n puede aplicarse al cabello y a las u\u00f1as, a las que nutre y fortalece. Su aplicaci\u00f3n sobre el cabello conlleva beneficios adicionales: aporta brillo y suavidad, revitaliza el cuero cabelludo y reduce la secreci\u00f3n de sebo, protegiendo el cabello del exceso de grasa. Puede utilizarse tanto como aceite capilar como ingrediente de champ\u00fas y acondicionadores.<\/p>\n<h3>Uso alimentario del aceite de arg\u00e1n<\/h3>\n<p>Otra forma de utilizar el aceite de arg\u00e1n es incorporarlo a la dieta. A pesar de su alto precio, esta materia prima tambi\u00e9n se utiliza en la cocina. Su caracter\u00edstico sabor y aroma a nuez confieren a los platos un toque oriental, y adem\u00e1s, como parte de la dieta, ofrece beneficios para la salud.<\/p>\n<p>Gracias a su fuerte acci\u00f3n antioxidante y a su elevado contenido de \u00e1cidos grasos insaturados, al igual que el aceite de oliva, el aceite de arg\u00e1n es adecuado para la prevenci\u00f3n de enfermedades cardiovasculares. Los estudios confirman su eficacia en la reducci\u00f3n de los niveles de colesterol y triglic\u00e9ridos en sangre, as\u00ed como su acci\u00f3n hipotensora y antiateroscler\u00f3tica.<\/p>\n","protected":false},"excerpt":{"rendered":"<p>Aceite de arg\u00e1n 100\u00a0% puro sin refinar de Marruecos, procedente de un proveedor verificado. Sin olores desagradables. Se puede usar en todo tipo de cosm\u00e9ticos. Producto fresco, natural y rico en vitamina\u00a0E.<\/p>\n","protected":false},"featured_media":36027,"template":"","meta":{"_acf_changed":false},"product_brand":[],"product_cat":[1080,1069],"product_tag":[],"class_list":{"0":"post-11402","1":"product","2":"type-product","3":"status-publish","4":"has-post-thumbnail","6":"product_cat-aceites-alimentarios-y-cosmeticos","7":"product_cat-aceites-cosmeticos","8":"pa_grupa-substancji-emolientes","9":"pa_metoda-pozyskiwania-prensado-en-frio","11":"first","12":"instock","13":"shipping-taxable","14":"product-type-simple"},"acf":[],"yoast_head":"<!-- This site is optimized with the Yoast SEO plugin v27.6 - https:\/\/yoast.com\/product\/yoast-seo-wordpress\/ -->\n<title>Aceite de arg\u00e1n - Distribuidor mayorista<\/title>\n<meta name=\"description\" content=\"Aceite de arg\u00e1n de Marruecos de un proveedor fiable. No tiene olor desagradable. Se puede utilizar para cosm\u00e9ticos sin ning\u00fan problema.\" \/>\n<meta name=\"robots\" content=\"index, follow, max-snippet:-1, max-image-preview:large, max-video-preview:-1\" \/>\n<link rel=\"canonical\" href=\"https:\/\/naturalpoland.com\/es\/productos\/productos-para-la-industria-cosmetica\/aceites-cosmeticos\/aceite-de-argan\/\" \/>\n<meta property=\"og:locale\" content=\"es_ES\" \/>\n<meta property=\"og:type\" content=\"article\" \/>\n<meta property=\"og:title\" content=\"Aceite de arg\u00e1n - Distribuidor mayorista\" \/>\n<meta property=\"og:description\" content=\"Aceite de arg\u00e1n de Marruecos de un proveedor fiable. No tiene olor desagradable. Se puede utilizar para cosm\u00e9ticos sin ning\u00fan problema.\" \/>\n<meta property=\"og:url\" content=\"https:\/\/naturalpoland.com\/es\/productos\/productos-para-la-industria-cosmetica\/aceites-cosmeticos\/aceite-de-argan\/\" \/>\n<meta property=\"og:site_name\" content=\"NATURAL POLAND - Distribuidor Mayorista de Materias Primas\" \/>\n<meta property=\"article:publisher\" content=\"https:\/\/www.facebook.com\/naturalpoland.b2b\" \/>\n<meta property=\"article:modified_time\" content=\"2025-09-09T11:37:41+00:00\" \/>\n<meta property=\"og:image\" content=\"https:\/\/naturalpoland.com\/wp-content\/uploads\/argan-oil.webp\" \/>\n\t<meta property=\"og:image:width\" content=\"619\" \/>\n\t<meta property=\"og:image:height\" content=\"619\" \/>\n\t<meta property=\"og:image:type\" content=\"image\/webp\" \/>\n<script type=\"application\/ld+json\" class=\"yoast-schema-graph\">{\"@context\":\"https:\\\/\\\/schema.org\",\"@graph\":[{\"@type\":\"WebPage\",\"@id\":\"https:\\\/\\\/naturalpoland.com\\\/es\\\/productos\\\/productos-para-la-industria-cosmetica\\\/aceites-cosmeticos\\\/aceite-de-argan\\\/\",\"url\":\"https:\\\/\\\/naturalpoland.com\\\/es\\\/productos\\\/productos-para-la-industria-cosmetica\\\/aceites-cosmeticos\\\/aceite-de-argan\\\/\",\"name\":\"Aceite de arg\u00e1n - Distribuidor mayorista\",\"isPartOf\":{\"@id\":\"https:\\\/\\\/naturalpoland.com\\\/es\\\/#website\"},\"primaryImageOfPage\":{\"@id\":\"https:\\\/\\\/naturalpoland.com\\\/es\\\/productos\\\/productos-para-la-industria-cosmetica\\\/aceites-cosmeticos\\\/aceite-de-argan\\\/#primaryimage\"},\"image\":{\"@id\":\"https:\\\/\\\/naturalpoland.com\\\/es\\\/productos\\\/productos-para-la-industria-cosmetica\\\/aceites-cosmeticos\\\/aceite-de-argan\\\/#primaryimage\"},\"thumbnailUrl\":\"https:\\\/\\\/naturalpoland.com\\\/wp-content\\\/uploads\\\/argan-oil.webp\",\"datePublished\":\"2021-05-11T11:48:55+00:00\",\"dateModified\":\"2025-09-09T11:37:41+00:00\",\"description\":\"Aceite de arg\u00e1n de Marruecos de un proveedor fiable. No tiene olor desagradable. Se puede utilizar para cosm\u00e9ticos sin ning\u00fan problema.\",\"breadcrumb\":{\"@id\":\"https:\\\/\\\/naturalpoland.com\\\/es\\\/productos\\\/productos-para-la-industria-cosmetica\\\/aceites-cosmeticos\\\/aceite-de-argan\\\/#breadcrumb\"},\"inLanguage\":\"es\",\"potentialAction\":[{\"@type\":\"ReadAction\",\"target\":[\"https:\\\/\\\/naturalpoland.com\\\/es\\\/productos\\\/productos-para-la-industria-cosmetica\\\/aceites-cosmeticos\\\/aceite-de-argan\\\/\"]}]},{\"@type\":\"ImageObject\",\"inLanguage\":\"es\",\"@id\":\"https:\\\/\\\/naturalpoland.com\\\/es\\\/productos\\\/productos-para-la-industria-cosmetica\\\/aceites-cosmeticos\\\/aceite-de-argan\\\/#primaryimage\",\"url\":\"https:\\\/\\\/naturalpoland.com\\\/wp-content\\\/uploads\\\/argan-oil.webp\",\"contentUrl\":\"https:\\\/\\\/naturalpoland.com\\\/wp-content\\\/uploads\\\/argan-oil.webp\",\"width\":619,\"height\":619,\"caption\":\"olej arganowy\"},{\"@type\":\"BreadcrumbList\",\"@id\":\"https:\\\/\\\/naturalpoland.com\\\/es\\\/productos\\\/productos-para-la-industria-cosmetica\\\/aceites-cosmeticos\\\/aceite-de-argan\\\/#breadcrumb\",\"itemListElement\":[{\"@type\":\"ListItem\",\"position\":1,\"name\":\"Inicio\",\"item\":\"https:\\\/\\\/naturalpoland.com\\\/es\\\/\"},{\"@type\":\"ListItem\",\"position\":2,\"name\":\"Productos\",\"item\":\"https:\\\/\\\/naturalpoland.com\\\/es\\\/productos\\\/\"},{\"@type\":\"ListItem\",\"position\":3,\"name\":\"Aceite de arg\u00e1n\"}]},{\"@type\":\"WebSite\",\"@id\":\"https:\\\/\\\/naturalpoland.com\\\/es\\\/#website\",\"url\":\"https:\\\/\\\/naturalpoland.com\\\/es\\\/\",\"name\":\"NATURAL POLAND - Distribuidor Mayorista de Materias Primas\",\"description\":\"Surowce dla przemys\u0142u spo\u017cywczego, kosmetycznego i farmaceutycznego\",\"publisher\":{\"@id\":\"https:\\\/\\\/naturalpoland.com\\\/es\\\/#organization\"},\"potentialAction\":[{\"@type\":\"SearchAction\",\"target\":{\"@type\":\"EntryPoint\",\"urlTemplate\":\"https:\\\/\\\/naturalpoland.com\\\/es\\\/?s={search_term_string}\"},\"query-input\":{\"@type\":\"PropertyValueSpecification\",\"valueRequired\":true,\"valueName\":\"search_term_string\"}}],\"inLanguage\":\"es\"},{\"@type\":\"Organization\",\"@id\":\"https:\\\/\\\/naturalpoland.com\\\/es\\\/#organization\",\"name\":\"Natural Poland\",\"url\":\"https:\\\/\\\/naturalpoland.com\\\/es\\\/\",\"logo\":{\"@type\":\"ImageObject\",\"inLanguage\":\"es\",\"@id\":\"https:\\\/\\\/naturalpoland.com\\\/es\\\/#\\\/schema\\\/logo\\\/image\\\/\",\"url\":\"https:\\\/\\\/naturalpoland.com\\\/wp-content\\\/uploads\\\/2021\\\/05\\\/natural-poland-icon.png\",\"contentUrl\":\"https:\\\/\\\/naturalpoland.com\\\/wp-content\\\/uploads\\\/2021\\\/05\\\/natural-poland-icon.png\",\"width\":512,\"height\":512,\"caption\":\"Natural Poland\"},\"image\":{\"@id\":\"https:\\\/\\\/naturalpoland.com\\\/es\\\/#\\\/schema\\\/logo\\\/image\\\/\"},\"sameAs\":[\"https:\\\/\\\/www.facebook.com\\\/naturalpoland.b2b\",\"https:\\\/\\\/pl.linkedin.com\\\/company\\\/natural-poland\",\"https:\\\/\\\/www.youtube.com\\\/channel\\\/UCgeGGkvOMahZo-xu_MSEWxg\"]}]}<\/script>\n<!-- \/ Yoast SEO plugin. -->","yoast_head_json":{"title":"Aceite de arg\u00e1n - Distribuidor mayorista","description":"Aceite de arg\u00e1n de Marruecos de un proveedor fiable. No tiene olor desagradable. Se puede utilizar para cosm\u00e9ticos sin ning\u00fan problema.","robots":{"index":"index","follow":"follow","max-snippet":"max-snippet:-1","max-image-preview":"max-image-preview:large","max-video-preview":"max-video-preview:-1"},"canonical":"https:\/\/naturalpoland.com\/es\/productos\/productos-para-la-industria-cosmetica\/aceites-cosmeticos\/aceite-de-argan\/","og_locale":"es_ES","og_type":"article","og_title":"Aceite de arg\u00e1n - Distribuidor mayorista","og_description":"Aceite de arg\u00e1n de Marruecos de un proveedor fiable. No tiene olor desagradable. Se puede utilizar para cosm\u00e9ticos sin ning\u00fan problema.","og_url":"https:\/\/naturalpoland.com\/es\/productos\/productos-para-la-industria-cosmetica\/aceites-cosmeticos\/aceite-de-argan\/","og_site_name":"NATURAL POLAND - Distribuidor Mayorista de Materias Primas","article_publisher":"https:\/\/www.facebook.com\/naturalpoland.b2b","article_modified_time":"2025-09-09T11:37:41+00:00","og_image":[{"width":619,"height":619,"url":"https:\/\/naturalpoland.com\/wp-content\/uploads\/argan-oil.webp","type":"image\/webp"}],"schema":{"@context":"https:\/\/schema.org","@graph":[{"@type":"WebPage","@id":"https:\/\/naturalpoland.com\/es\/productos\/productos-para-la-industria-cosmetica\/aceites-cosmeticos\/aceite-de-argan\/","url":"https:\/\/naturalpoland.com\/es\/productos\/productos-para-la-industria-cosmetica\/aceites-cosmeticos\/aceite-de-argan\/","name":"Aceite de arg\u00e1n - Distribuidor mayorista","isPartOf":{"@id":"https:\/\/naturalpoland.com\/es\/#website"},"primaryImageOfPage":{"@id":"https:\/\/naturalpoland.com\/es\/productos\/productos-para-la-industria-cosmetica\/aceites-cosmeticos\/aceite-de-argan\/#primaryimage"},"image":{"@id":"https:\/\/naturalpoland.com\/es\/productos\/productos-para-la-industria-cosmetica\/aceites-cosmeticos\/aceite-de-argan\/#primaryimage"},"thumbnailUrl":"https:\/\/naturalpoland.com\/wp-content\/uploads\/argan-oil.webp","datePublished":"2021-05-11T11:48:55+00:00","dateModified":"2025-09-09T11:37:41+00:00","description":"Aceite de arg\u00e1n de Marruecos de un proveedor fiable. No tiene olor desagradable. Se puede utilizar para cosm\u00e9ticos sin ning\u00fan problema.","breadcrumb":{"@id":"https:\/\/naturalpoland.com\/es\/productos\/productos-para-la-industria-cosmetica\/aceites-cosmeticos\/aceite-de-argan\/#breadcrumb"},"inLanguage":"es","potentialAction":[{"@type":"ReadAction","target":["https:\/\/naturalpoland.com\/es\/productos\/productos-para-la-industria-cosmetica\/aceites-cosmeticos\/aceite-de-argan\/"]}]},{"@type":"ImageObject","inLanguage":"es","@id":"https:\/\/naturalpoland.com\/es\/productos\/productos-para-la-industria-cosmetica\/aceites-cosmeticos\/aceite-de-argan\/#primaryimage","url":"https:\/\/naturalpoland.com\/wp-content\/uploads\/argan-oil.webp","contentUrl":"https:\/\/naturalpoland.com\/wp-content\/uploads\/argan-oil.webp","width":619,"height":619,"caption":"olej arganowy"},{"@type":"BreadcrumbList","@id":"https:\/\/naturalpoland.com\/es\/productos\/productos-para-la-industria-cosmetica\/aceites-cosmeticos\/aceite-de-argan\/#breadcrumb","itemListElement":[{"@type":"ListItem","position":1,"name":"Inicio","item":"https:\/\/naturalpoland.com\/es\/"},{"@type":"ListItem","position":2,"name":"Productos","item":"https:\/\/naturalpoland.com\/es\/productos\/"},{"@type":"ListItem","position":3,"name":"Aceite de arg\u00e1n"}]},{"@type":"WebSite","@id":"https:\/\/naturalpoland.com\/es\/#website","url":"https:\/\/naturalpoland.com\/es\/","name":"NATURAL POLAND - Distribuidor Mayorista de Materias Primas","description":"Surowce dla przemys\u0142u spo\u017cywczego, kosmetycznego i farmaceutycznego","publisher":{"@id":"https:\/\/naturalpoland.com\/es\/#organization"},"potentialAction":[{"@type":"SearchAction","target":{"@type":"EntryPoint","urlTemplate":"https:\/\/naturalpoland.com\/es\/?s={search_term_string}"},"query-input":{"@type":"PropertyValueSpecification","valueRequired":true,"valueName":"search_term_string"}}],"inLanguage":"es"},{"@type":"Organization","@id":"https:\/\/naturalpoland.com\/es\/#organization","name":"Natural Poland","url":"https:\/\/naturalpoland.com\/es\/","logo":{"@type":"ImageObject","inLanguage":"es","@id":"https:\/\/naturalpoland.com\/es\/#\/schema\/logo\/image\/","url":"https:\/\/naturalpoland.com\/wp-content\/uploads\/2021\/05\/natural-poland-icon.png","contentUrl":"https:\/\/naturalpoland.com\/wp-content\/uploads\/2021\/05\/natural-poland-icon.png","width":512,"height":512,"caption":"Natural Poland"},"image":{"@id":"https:\/\/naturalpoland.com\/es\/#\/schema\/logo\/image\/"},"sameAs":["https:\/\/www.facebook.com\/naturalpoland.b2b","https:\/\/pl.linkedin.com\/company\/natural-poland","https:\/\/www.youtube.com\/channel\/UCgeGGkvOMahZo-xu_MSEWxg"]}]}},"_links":{"self":[{"href":"https:\/\/naturalpoland.com\/es\/wp-json\/wp\/v2\/product\/11402","targetHints":{"allow":["GET"]}}],"collection":[{"href":"https:\/\/naturalpoland.com\/es\/wp-json\/wp\/v2\/product"}],"about":[{"href":"https:\/\/naturalpoland.com\/es\/wp-json\/wp\/v2\/types\/product"}],"wp:featuredmedia":[{"embeddable":true,"href":"https:\/\/naturalpoland.com\/es\/wp-json\/wp\/v2\/media\/36027"}],"wp:attachment":[{"href":"https:\/\/naturalpoland.com\/es\/wp-json\/wp\/v2\/media?parent=11402"}],"wp:term":[{"taxonomy":"product_brand","embeddable":true,"href":"https:\/\/naturalpoland.com\/es\/wp-json\/wp\/v2\/product_brand?post=11402"},{"taxonomy":"product_cat","embeddable":true,"href":"https:\/\/naturalpoland.com\/es\/wp-json\/wp\/v2\/product_cat?post=11402"},{"taxonomy":"product_tag","embeddable":true,"href":"https:\/\/naturalpoland.com\/es\/wp-json\/wp\/v2\/product_tag?post=11402"}],"curies":[{"name":"wp","href":"https:\/\/api.w.org\/{rel}","templated":true}]}}