{"id":11474,"date":"2021-05-11T13:50:56","date_gmt":"2021-09-20T13:37:15","guid":{"rendered":"https:\/\/naturalpoland.pl\/produkty\/sin%20categor\u00eda\/aceite-de-semilla-de-zanahoria\/"},"modified":"2023-07-14T11:31:32","modified_gmt":"2023-07-14T09:31:32","slug":"aceite-de-semilla-de-zanahoria","status":"publish","type":"product","link":"https:\/\/naturalpoland.com\/es\/productos\/productos-para-la-industria-cosmetica\/aceites-cosmeticos\/aceite-de-semilla-de-zanahoria\/","title":{"rendered":"Aceite de semilla de zanahoria"},"content":{"rendered":"<h3>Contenido en \u00e1cidos grasos<\/h3>\n<table>\n<tbody>\n<tr>\n<th>NOMBRE DEL \u00c1CIDO<\/th>\n<th>C-CHAIN<\/th>\n<th>CONTENIDO (%)<\/th>\n<th>M\u00c9TODO DE RESULTADO: PB-191\/LF<\/th>\n<\/tr>\n<tr>\n<td>PALMITIC<\/td>\n<td>C16:0<\/td>\n<td>3,0-7,0<\/td>\n<td>4,5<\/td>\n<\/tr>\n<tr>\n<td>STEARIC<\/td>\n<td>C18:0<\/td>\n<td>0,05-4,0<\/td>\n<td>0,7<\/td>\n<\/tr>\n<tr>\n<td>OLEIC<\/td>\n<td>C18:1<\/td>\n<td>73,0-85,0<\/td>\n<td>79,9<\/td>\n<\/tr>\n<tr>\n<td>LINOLEIC<\/td>\n<td>C18:2<\/td>\n<td>5,0-15,0<\/td>\n<td>10,3<\/td>\n<\/tr>\n<tr>\n<td>LINOLENIC<\/td>\n<td>C18:3<\/td>\n<td>0,0-1,0<\/td>\n<td>0,6<\/td>\n<\/tr>\n<\/tbody>\n<\/table>\n<p>Recomendado para varios tipos de piel, incluyendo la piel seca, normal y madura. El aceite de semilla de zanahoria tiene un color verdoso y un aroma herb\u00e1ceo y especiado. Se puede aplicar directamente sobre la piel, en las puntas del cabello o como s\u00e9rum de u\u00f1as. Este producto es muy eficaz. La aplicaci\u00f3n regular de unas pocas gotas como parte de la rutina diaria de cuidado de la piel puede tener el efecto deseado. Se puede usar con otros aceites y cosm\u00e9ticos para el cuidado de la piel que usas todos los d\u00edas.     <\/p>\n<p>&nbsp;<\/p>\n<h2 class=\"entry-title\"><strong>\u00bfQu\u00e9 efectos tiene el uso del aceite de semilla de zanahoria?<\/strong><\/h2>\n<p>El aceite de semilla de zanahoria (en lat\u00edn: <em>dacus carota<\/em>) es cada vez m\u00e1s aclamado. Los ingredientes que contiene tienen una amplia gama de efectos beneficiosos para la salud, entre ellos, fortalecen el estado de la piel y el cabello. Por supuesto, el aceite tiene muchas m\u00e1s ventajas. \u00bfPor qu\u00e9 se recomienda su uso y qu\u00e9 efectos se pueden conseguir tras un tratamiento prolongado?    <\/p>\n<h3 class=\"wp-block-heading\"><strong>\u00bfQu\u00e9 es exactamente el aceite de semilla de zanahoria?<\/strong><\/h3>\n<p><a href=\"\">El aceite de semilla<\/a> de zanahoria se produce durante el proceso de prensado en fr\u00edo de las semillas de zanahoria. Normalmente es un tipo de macerado que se basa en el aceite de girasol, lo que refuerza a\u00fan m\u00e1s la acci\u00f3n favorable del aceite a la salud. Es dif\u00edcil no reconocerlo, por que tiene un olor intrigante \u2013 terroso &#8211; y un color naranja intenso. Tambi\u00e9n hay saber que a veces el aceite se presenta en una variedad de color amarillo claro.   <\/p>\n<h3 class=\"wp-block-heading\"><strong>\u00bfQu\u00e9 se esconde en el aceite de semilla de zanahoria?<\/strong><\/h3>\n<p>El aceite de zanahoria contiene una riqueza de ingredientes que demuestran una acci\u00f3n beneficiosa para el organismo. El fuerte color naranja indica por s\u00ed solo el alto contenido en betacaroteno del aceite de zanahoria. Tambi\u00e9n contiene abundantes \u00e1cidos grasos, entre otros, el este\u00e1rico y el linoleico, as\u00ed como una gran cantidad de antioxidantes. A continuaci\u00f3n enumeramos algunos ingredientes m\u00e1s importantes que contiene el aceite de semilla de zanahoria.    <\/p>\n<p><strong><a href=\"https:\/\/naturalpoland.pl\/produkty\/produkty-dla-przemyslu-farmaceutycznego-i-medycznego\/witaminy\/beta-karoten-100-naturalny\/\">Caroteno<\/a> (provitamina A)<\/strong> &#8211; es una sustancia extremadamente importante (pigmento vegetal) responsable de la producci\u00f3n de la vitamina A. Funciona estupendamente como una protecci\u00f3n solar y tiene un efecto calmante sobre la piel despu\u00e9s de tomar el sol. El betacaroteno es un antioxidante muy bueno que demuestra una acci\u00f3n antioxidante, retrasando el proceso de envejecimiento. Unifica el tono de la piel, protege contra las manchas pigmentarias y tiene un efecto antiinflamatorio. Tambi\u00e9n favorece el \u00f3rgano de la visi\u00f3n, por que, entre otras cosas, reduce el riesgo de la degeneraci\u00f3n de la m\u00e1cula.    <\/p>\n<p><strong>Vitamina A<\/strong> &#8211; tambi\u00e9n es un buen antioxidante. Tiene un efecto beneficioso sobre la piel, el cabello y las u\u00f1as y ralentiza el proceso de envejecimiento. Refuerza la inmunidad del organismo, participa en la producci\u00f3n de gl\u00f3bulos rojos y tiene un gran impacto en los procesos de la visi\u00f3n. Adem\u00e1s, ayuda al organismo a combatir bacterias y virus.   <\/p>\n<p><strong>Vitamina B<\/strong> &#8211; muy valiosa para la funci\u00f3n del cerebro y el buen funcionamiento general del sistema nervioso. Las vitaminas del grupo B tambi\u00e9n desempe\u00f1an otras muchas funciones, tales como ayudan al sistema vascular, el coraz\u00f3n, la piel y los m\u00fasculos. Tambi\u00e9n contribuyen al metabolismo y tienen un efecto beneficioso sobre la memoria y la concentraci\u00f3n. En definitiva, se trata de una vitamina que aporta energ\u00eda positiva y buen humor.    <\/p>\n<p><strong>Vitamina C<\/strong> &#8211; esta vitamina probablemente no requiera presentaci\u00f3n. Entre sus funciones se incluyen el apoyo al sistema inmunitario y el favorecimiento de los procesos de curaci\u00f3n. Adem\u00e1s, esta vitamina retrasa el proceso de envejecimiento. Toma parte en la s\u00edntesis de col\u00e1geno, facilita la absorci\u00f3n de hierro y activa muchas enzimas. Tambi\u00e9n influye positivamente sobre el psiquismo. Adem\u00e1s, se valora en odontolog\u00eda por que protege los dientes y las enc\u00edas contra la caries. Gracias a la vitamina C, las heridas cicatrizan m\u00e1s r\u00e1pidamente.      <\/p>\n<p><strong>Vitamina F<\/strong> &#8211; muy utilizada en la cosm\u00e9tica, pero poco conocida, la vitamina F tiene muchos beneficios. Influye en el estado de la piel, el cabello y las u\u00f1as. Regula la secreci\u00f3n de sebo y elimina el acn\u00e9. Garantiza el nivel adecuado de hidrataci\u00f3n de la piel y retrasa el proceso de envejecimiento. Su uso tambi\u00e9n es conocido en medicina. La vitamina F regula la circulaci\u00f3n de la sangre, ayuda a curar la alergia, el reumatismo y la esclerosis m\u00faltiple. Tambi\u00e9n favorece el funcionamiento de los sistemas nervioso e inmunitario.      <\/p>\n<p><strong><a href=\"https:\/\/naturalpoland.pl\/produkty\/produkty-dla-przemyslu-kosmetycznego\/surowce-kosmetyczne\/witamina-e\/\">Vitamina E<\/a><\/strong> &#8211; es la vitamina de la juventud y la fertilidad (como se la suele llamar com\u00fanmente). Favorece el sistema inmunitario y es un excelente antioxidante. Disminuye el nivel del colesterol malo y previene los cambios ateroscler\u00f3ticos. Protege los gl\u00f3bulos rojos contra la descomposici\u00f3n prematura. Retrasa el proceso de envejecimiento de la piel e impide que se seque, al tiempo que la suaviza. La vitamina E tambi\u00e9n favorece el proceso de la visi\u00f3n.     <\/p>\n<h3 class=\"wp-block-heading\"><strong>El aceite de semilla de zanahoria retrasa los efectos del envejecimiento de la piel (y m\u00e1s)<\/strong><\/h3>\n<p>Gracias a los abundantes componentes antioxidantes que contiene, el aceite de semilla de zanahoria tiene un efecto muy bueno sobre la salud de la piel. La suaviza, la protege de la sequedad y de los factores atmosf\u00e9ricos, por ejemplo, el viento y el sol. El aceite de zanahoria estimula el crecimiento de las c\u00e9lulas, por eso la piel rejuvenece y tiene un aspecto radiante. Tambi\u00e9n es m\u00e1s firme y el\u00e1stica y se reducen las arrugas visibles en la piel.   <\/p>\n<h3 class=\"wp-block-heading\"><strong>B\u00e1lsamo de zanahoria para los problemas cut\u00e1neos<\/strong><\/h3>\n<p>El aceite de zanahoria tambi\u00e9n tiene efectos antis\u00e9pticos, antiinflamatorios y antivirales, por eso se utiliza para tratar las enfermedades cut\u00e1neas. Se trata especialmente de la psoriasis, el acn\u00e9 y la atopia, as\u00ed como el eczema, las cicatrices y las manchas pigmentarias. El aceite de zanahoria tambi\u00e9n se utiliza para pieles que requieren cuidados especiales, por ejemplo, con granos o vasos sangu\u00edneos dilatados. Adem\u00e1s, calma y regenera la epidermis despu\u00e9s de tomar el sol intensamente.   <\/p>\n<h3 class=\"wp-block-heading\"><strong>Efectos antibacterianos y antiinflamatorios<\/strong><\/h3>\n<p>El aceite de zanahoria tambi\u00e9n tiene usos internos. En atenci\u00f3n a sus propiedades antiinflamatorias, antis\u00e9pticas y antibacterianas, se utiliza para combatir la inflamaciones del organismo, tales como resfriados, faringitis y gripe. El aceite es \u00fatil en el caso de la tos y la rinitis al\u00e9rgica. Disminuye las hinchazones, elimina la mucosidad y los agentes pat\u00f3genos.   <\/p>\n<h3 class=\"wp-block-heading\"><strong>Efectos beneficiosos sobre el cabello<\/strong><\/h3>\n<p>El aceite de zanahoria es extremadamente \u00fatil para el cuidado del cabello. Especialmente los que est\u00e1n en mal estado: los cabellos quebradizos, d\u00e9biles y con puntas abiertas necesitan una hidrataci\u00f3n adecuada con el aceite. Los cabellos tratados con el aceite se vuelven m\u00e1s fuertes y m\u00e1s f\u00e1ciles de peinar. Adquieren el brillo gracias a la fuerte regeneraci\u00f3n de los fol\u00edculos pilosos. No s\u00f3lo el cabello, sino tambi\u00e9n el cuero cabelludo quedan adecuadamente hidratados y limpios.    <\/p>\n<h3 class=\"wp-block-heading\"><strong>Dosificaci\u00f3n y aplicaci\u00f3n<\/strong><\/h3>\n<p>El aceite de zanahoria puede aplicarse externamente de diversas maneras. Su gran ventaja es una absorci\u00f3n muy buena, gracias a lo cual el aceite no deja una pel\u00edcula grasa sobre la piel. Si se aplica despu\u00e9s del ba\u00f1o, act\u00faa como un b\u00e1lsamo que hidrata bien la piel y la hace m\u00e1s el\u00e1stica.  <\/p>\n<p>El aceite de zanahoria tambi\u00e9n se utiliza en aromaterapia. Se pueden a\u00f1adir unas gotas del aceite al ba\u00f1o para fortalecer la piel y proporcionar una buena dosis de relajaci\u00f3n. <\/p>\n<div class=\"blog-share text-center\"><\/div>\n","protected":false},"excerpt":{"rendered":"<p>El aceite de semilla de zanahoria (<em>Daucus Carota Sativa Seed Oil<\/em>) se produce mediante prensado en fr\u00edo. Este producto retrasa los efectos del envejecimiento de la piel, la revitaliza y la hace m\u00e1s firme. <\/p>\n","protected":false},"featured_media":13575,"template":"","meta":{"_acf_changed":false},"product_brand":[],"product_cat":[1063,1080,1069],"product_tag":[],"class_list":{"0":"post-11474","1":"product","2":"type-product","3":"status-publish","4":"has-post-thumbnail","6":"product_cat-aceites-alimentarios","7":"product_cat-aceites-alimentarios-y-cosmeticos","8":"product_cat-aceites-cosmeticos","10":"first","11":"instock","12":"shipping-taxable","13":"product-type-simple"},"acf":[],"yoast_head":"<!-- This site is optimized with the Yoast SEO plugin v27.5 - https:\/\/yoast.com\/product\/yoast-seo-wordpress\/ -->\n<title>Aceite de semilla de zanahoria - Distribuidor mayorista<\/title>\n<meta name=\"description\" content=\"El aceite de semilla de zanahoria (Daucus Carota Sativa Seed Oil) se produce mediante prensado en fr\u00edo. Este producto retrasa los efectos del envejecimiento de la piel.\" \/>\n<meta name=\"robots\" content=\"index, follow, max-snippet:-1, max-image-preview:large, max-video-preview:-1\" \/>\n<link rel=\"canonical\" href=\"https:\/\/naturalpoland.com\/es\/productos\/productos-para-la-industria-cosmetica\/aceites-cosmeticos\/aceite-de-semilla-de-zanahoria\/\" \/>\n<meta property=\"og:locale\" content=\"es_ES\" \/>\n<meta property=\"og:type\" content=\"article\" \/>\n<meta property=\"og:title\" content=\"Aceite de semilla de zanahoria - Distribuidor mayorista\" \/>\n<meta property=\"og:description\" content=\"El aceite de semilla de zanahoria (Daucus Carota Sativa Seed Oil) se produce mediante prensado en fr\u00edo. Este producto retrasa los efectos del envejecimiento de la piel.\" \/>\n<meta property=\"og:url\" content=\"https:\/\/naturalpoland.com\/es\/productos\/productos-para-la-industria-cosmetica\/aceites-cosmeticos\/aceite-de-semilla-de-zanahoria\/\" \/>\n<meta property=\"og:site_name\" content=\"NATURAL POLAND - Distribuidor Mayorista de Materias Primas\" \/>\n<meta property=\"article:publisher\" content=\"https:\/\/www.facebook.com\/naturalpoland.b2b\" \/>\n<meta property=\"article:modified_time\" content=\"2023-07-14T09:31:32+00:00\" \/>\n<meta property=\"og:image\" content=\"https:\/\/naturalpoland.com\/wp-content\/uploads\/olej-z-nasion-marchwi-1.jpg\" \/>\n\t<meta property=\"og:image:width\" content=\"650\" \/>\n\t<meta property=\"og:image:height\" content=\"650\" \/>\n\t<meta property=\"og:image:type\" content=\"image\/jpeg\" \/>\n<script type=\"application\/ld+json\" class=\"yoast-schema-graph\">{\"@context\":\"https:\\\/\\\/schema.org\",\"@graph\":[{\"@type\":\"WebPage\",\"@id\":\"https:\\\/\\\/naturalpoland.com\\\/es\\\/productos\\\/productos-para-la-industria-cosmetica\\\/aceites-cosmeticos\\\/aceite-de-semilla-de-zanahoria\\\/\",\"url\":\"https:\\\/\\\/naturalpoland.com\\\/es\\\/productos\\\/productos-para-la-industria-cosmetica\\\/aceites-cosmeticos\\\/aceite-de-semilla-de-zanahoria\\\/\",\"name\":\"Aceite de semilla de zanahoria - Distribuidor mayorista\",\"isPartOf\":{\"@id\":\"https:\\\/\\\/naturalpoland.com\\\/es\\\/#website\"},\"primaryImageOfPage\":{\"@id\":\"https:\\\/\\\/naturalpoland.com\\\/es\\\/productos\\\/productos-para-la-industria-cosmetica\\\/aceites-cosmeticos\\\/aceite-de-semilla-de-zanahoria\\\/#primaryimage\"},\"image\":{\"@id\":\"https:\\\/\\\/naturalpoland.com\\\/es\\\/productos\\\/productos-para-la-industria-cosmetica\\\/aceites-cosmeticos\\\/aceite-de-semilla-de-zanahoria\\\/#primaryimage\"},\"thumbnailUrl\":\"https:\\\/\\\/naturalpoland.com\\\/wp-content\\\/uploads\\\/olej-z-nasion-marchwi-1.jpg\",\"datePublished\":\"2021-09-20T13:37:15+00:00\",\"dateModified\":\"2023-07-14T09:31:32+00:00\",\"description\":\"El aceite de semilla de zanahoria (Daucus Carota Sativa Seed Oil) se produce mediante prensado en fr\u00edo. Este producto retrasa los efectos del envejecimiento de la piel.\",\"breadcrumb\":{\"@id\":\"https:\\\/\\\/naturalpoland.com\\\/es\\\/productos\\\/productos-para-la-industria-cosmetica\\\/aceites-cosmeticos\\\/aceite-de-semilla-de-zanahoria\\\/#breadcrumb\"},\"inLanguage\":\"es\",\"potentialAction\":[{\"@type\":\"ReadAction\",\"target\":[\"https:\\\/\\\/naturalpoland.com\\\/es\\\/productos\\\/productos-para-la-industria-cosmetica\\\/aceites-cosmeticos\\\/aceite-de-semilla-de-zanahoria\\\/\"]}]},{\"@type\":\"ImageObject\",\"inLanguage\":\"es\",\"@id\":\"https:\\\/\\\/naturalpoland.com\\\/es\\\/productos\\\/productos-para-la-industria-cosmetica\\\/aceites-cosmeticos\\\/aceite-de-semilla-de-zanahoria\\\/#primaryimage\",\"url\":\"https:\\\/\\\/naturalpoland.com\\\/wp-content\\\/uploads\\\/olej-z-nasion-marchwi-1.jpg\",\"contentUrl\":\"https:\\\/\\\/naturalpoland.com\\\/wp-content\\\/uploads\\\/olej-z-nasion-marchwi-1.jpg\",\"width\":650,\"height\":650,\"caption\":\"Aceite de semilla de zanahoria\"},{\"@type\":\"BreadcrumbList\",\"@id\":\"https:\\\/\\\/naturalpoland.com\\\/es\\\/productos\\\/productos-para-la-industria-cosmetica\\\/aceites-cosmeticos\\\/aceite-de-semilla-de-zanahoria\\\/#breadcrumb\",\"itemListElement\":[{\"@type\":\"ListItem\",\"position\":1,\"name\":\"Inicio\",\"item\":\"https:\\\/\\\/naturalpoland.com\\\/es\\\/\"},{\"@type\":\"ListItem\",\"position\":2,\"name\":\"Productos\",\"item\":\"https:\\\/\\\/naturalpoland.com\\\/es\\\/productos\\\/\"},{\"@type\":\"ListItem\",\"position\":3,\"name\":\"Aceite de semilla de zanahoria\"}]},{\"@type\":\"WebSite\",\"@id\":\"https:\\\/\\\/naturalpoland.com\\\/es\\\/#website\",\"url\":\"https:\\\/\\\/naturalpoland.com\\\/es\\\/\",\"name\":\"NATURAL POLAND - Distribuidor Mayorista de Materias Primas\",\"description\":\"Surowce dla przemys\u0142u spo\u017cywczego, kosmetycznego i farmaceutycznego\",\"publisher\":{\"@id\":\"https:\\\/\\\/naturalpoland.com\\\/es\\\/#organization\"},\"potentialAction\":[{\"@type\":\"SearchAction\",\"target\":{\"@type\":\"EntryPoint\",\"urlTemplate\":\"https:\\\/\\\/naturalpoland.com\\\/es\\\/?s={search_term_string}\"},\"query-input\":{\"@type\":\"PropertyValueSpecification\",\"valueRequired\":true,\"valueName\":\"search_term_string\"}}],\"inLanguage\":\"es\"},{\"@type\":\"Organization\",\"@id\":\"https:\\\/\\\/naturalpoland.com\\\/es\\\/#organization\",\"name\":\"Natural Poland\",\"url\":\"https:\\\/\\\/naturalpoland.com\\\/es\\\/\",\"logo\":{\"@type\":\"ImageObject\",\"inLanguage\":\"es\",\"@id\":\"https:\\\/\\\/naturalpoland.com\\\/es\\\/#\\\/schema\\\/logo\\\/image\\\/\",\"url\":\"https:\\\/\\\/naturalpoland.com\\\/wp-content\\\/uploads\\\/2021\\\/05\\\/natural-poland-icon.png\",\"contentUrl\":\"https:\\\/\\\/naturalpoland.com\\\/wp-content\\\/uploads\\\/2021\\\/05\\\/natural-poland-icon.png\",\"width\":512,\"height\":512,\"caption\":\"Natural Poland\"},\"image\":{\"@id\":\"https:\\\/\\\/naturalpoland.com\\\/es\\\/#\\\/schema\\\/logo\\\/image\\\/\"},\"sameAs\":[\"https:\\\/\\\/www.facebook.com\\\/naturalpoland.b2b\",\"https:\\\/\\\/pl.linkedin.com\\\/company\\\/natural-poland\",\"https:\\\/\\\/www.youtube.com\\\/channel\\\/UCgeGGkvOMahZo-xu_MSEWxg\"]}]}<\/script>\n<!-- \/ Yoast SEO plugin. -->","yoast_head_json":{"title":"Aceite de semilla de zanahoria - Distribuidor mayorista","description":"El aceite de semilla de zanahoria (Daucus Carota Sativa Seed Oil) se produce mediante prensado en fr\u00edo. Este producto retrasa los efectos del envejecimiento de la piel.","robots":{"index":"index","follow":"follow","max-snippet":"max-snippet:-1","max-image-preview":"max-image-preview:large","max-video-preview":"max-video-preview:-1"},"canonical":"https:\/\/naturalpoland.com\/es\/productos\/productos-para-la-industria-cosmetica\/aceites-cosmeticos\/aceite-de-semilla-de-zanahoria\/","og_locale":"es_ES","og_type":"article","og_title":"Aceite de semilla de zanahoria - Distribuidor mayorista","og_description":"El aceite de semilla de zanahoria (Daucus Carota Sativa Seed Oil) se produce mediante prensado en fr\u00edo. Este producto retrasa los efectos del envejecimiento de la piel.","og_url":"https:\/\/naturalpoland.com\/es\/productos\/productos-para-la-industria-cosmetica\/aceites-cosmeticos\/aceite-de-semilla-de-zanahoria\/","og_site_name":"NATURAL POLAND - Distribuidor Mayorista de Materias Primas","article_publisher":"https:\/\/www.facebook.com\/naturalpoland.b2b","article_modified_time":"2023-07-14T09:31:32+00:00","og_image":[{"width":650,"height":650,"url":"https:\/\/naturalpoland.com\/wp-content\/uploads\/olej-z-nasion-marchwi-1.jpg","type":"image\/jpeg"}],"schema":{"@context":"https:\/\/schema.org","@graph":[{"@type":"WebPage","@id":"https:\/\/naturalpoland.com\/es\/productos\/productos-para-la-industria-cosmetica\/aceites-cosmeticos\/aceite-de-semilla-de-zanahoria\/","url":"https:\/\/naturalpoland.com\/es\/productos\/productos-para-la-industria-cosmetica\/aceites-cosmeticos\/aceite-de-semilla-de-zanahoria\/","name":"Aceite de semilla de zanahoria - Distribuidor mayorista","isPartOf":{"@id":"https:\/\/naturalpoland.com\/es\/#website"},"primaryImageOfPage":{"@id":"https:\/\/naturalpoland.com\/es\/productos\/productos-para-la-industria-cosmetica\/aceites-cosmeticos\/aceite-de-semilla-de-zanahoria\/#primaryimage"},"image":{"@id":"https:\/\/naturalpoland.com\/es\/productos\/productos-para-la-industria-cosmetica\/aceites-cosmeticos\/aceite-de-semilla-de-zanahoria\/#primaryimage"},"thumbnailUrl":"https:\/\/naturalpoland.com\/wp-content\/uploads\/olej-z-nasion-marchwi-1.jpg","datePublished":"2021-09-20T13:37:15+00:00","dateModified":"2023-07-14T09:31:32+00:00","description":"El aceite de semilla de zanahoria (Daucus Carota Sativa Seed Oil) se produce mediante prensado en fr\u00edo. Este producto retrasa los efectos del envejecimiento de la piel.","breadcrumb":{"@id":"https:\/\/naturalpoland.com\/es\/productos\/productos-para-la-industria-cosmetica\/aceites-cosmeticos\/aceite-de-semilla-de-zanahoria\/#breadcrumb"},"inLanguage":"es","potentialAction":[{"@type":"ReadAction","target":["https:\/\/naturalpoland.com\/es\/productos\/productos-para-la-industria-cosmetica\/aceites-cosmeticos\/aceite-de-semilla-de-zanahoria\/"]}]},{"@type":"ImageObject","inLanguage":"es","@id":"https:\/\/naturalpoland.com\/es\/productos\/productos-para-la-industria-cosmetica\/aceites-cosmeticos\/aceite-de-semilla-de-zanahoria\/#primaryimage","url":"https:\/\/naturalpoland.com\/wp-content\/uploads\/olej-z-nasion-marchwi-1.jpg","contentUrl":"https:\/\/naturalpoland.com\/wp-content\/uploads\/olej-z-nasion-marchwi-1.jpg","width":650,"height":650,"caption":"Aceite de semilla de zanahoria"},{"@type":"BreadcrumbList","@id":"https:\/\/naturalpoland.com\/es\/productos\/productos-para-la-industria-cosmetica\/aceites-cosmeticos\/aceite-de-semilla-de-zanahoria\/#breadcrumb","itemListElement":[{"@type":"ListItem","position":1,"name":"Inicio","item":"https:\/\/naturalpoland.com\/es\/"},{"@type":"ListItem","position":2,"name":"Productos","item":"https:\/\/naturalpoland.com\/es\/productos\/"},{"@type":"ListItem","position":3,"name":"Aceite de semilla de zanahoria"}]},{"@type":"WebSite","@id":"https:\/\/naturalpoland.com\/es\/#website","url":"https:\/\/naturalpoland.com\/es\/","name":"NATURAL POLAND - Distribuidor Mayorista de Materias Primas","description":"Surowce dla przemys\u0142u spo\u017cywczego, kosmetycznego i farmaceutycznego","publisher":{"@id":"https:\/\/naturalpoland.com\/es\/#organization"},"potentialAction":[{"@type":"SearchAction","target":{"@type":"EntryPoint","urlTemplate":"https:\/\/naturalpoland.com\/es\/?s={search_term_string}"},"query-input":{"@type":"PropertyValueSpecification","valueRequired":true,"valueName":"search_term_string"}}],"inLanguage":"es"},{"@type":"Organization","@id":"https:\/\/naturalpoland.com\/es\/#organization","name":"Natural Poland","url":"https:\/\/naturalpoland.com\/es\/","logo":{"@type":"ImageObject","inLanguage":"es","@id":"https:\/\/naturalpoland.com\/es\/#\/schema\/logo\/image\/","url":"https:\/\/naturalpoland.com\/wp-content\/uploads\/2021\/05\/natural-poland-icon.png","contentUrl":"https:\/\/naturalpoland.com\/wp-content\/uploads\/2021\/05\/natural-poland-icon.png","width":512,"height":512,"caption":"Natural Poland"},"image":{"@id":"https:\/\/naturalpoland.com\/es\/#\/schema\/logo\/image\/"},"sameAs":["https:\/\/www.facebook.com\/naturalpoland.b2b","https:\/\/pl.linkedin.com\/company\/natural-poland","https:\/\/www.youtube.com\/channel\/UCgeGGkvOMahZo-xu_MSEWxg"]}]}},"_links":{"self":[{"href":"https:\/\/naturalpoland.com\/es\/wp-json\/wp\/v2\/product\/11474","targetHints":{"allow":["GET"]}}],"collection":[{"href":"https:\/\/naturalpoland.com\/es\/wp-json\/wp\/v2\/product"}],"about":[{"href":"https:\/\/naturalpoland.com\/es\/wp-json\/wp\/v2\/types\/product"}],"wp:featuredmedia":[{"embeddable":true,"href":"https:\/\/naturalpoland.com\/es\/wp-json\/wp\/v2\/media\/13575"}],"wp:attachment":[{"href":"https:\/\/naturalpoland.com\/es\/wp-json\/wp\/v2\/media?parent=11474"}],"wp:term":[{"taxonomy":"product_brand","embeddable":true,"href":"https:\/\/naturalpoland.com\/es\/wp-json\/wp\/v2\/product_brand?post=11474"},{"taxonomy":"product_cat","embeddable":true,"href":"https:\/\/naturalpoland.com\/es\/wp-json\/wp\/v2\/product_cat?post=11474"},{"taxonomy":"product_tag","embeddable":true,"href":"https:\/\/naturalpoland.com\/es\/wp-json\/wp\/v2\/product_tag?post=11474"}],"curies":[{"name":"wp","href":"https:\/\/api.w.org\/{rel}","templated":true}]}}