{"id":11893,"date":"2021-05-11T13:51:43","date_gmt":"2021-09-21T12:35:41","guid":{"rendered":"https:\/\/naturalpoland.pl\/produkty\/sin%20categor\u00eda\/aceite-de-opuntion-de-higo\/"},"modified":"2024-04-30T15:21:18","modified_gmt":"2024-04-30T13:21:18","slug":"aceite-de-higo-chumbo","status":"publish","type":"product","link":"https:\/\/naturalpoland.com\/es\/productos\/productos-para-la-industria-cosmetica\/aceites-cosmeticos\/aceite-de-higo-chumbo\/","title":{"rendered":"Aceite de higo chumbo"},"content":{"rendered":"<p>La extracci\u00f3n de este aceite es extremadamente larga y cara, ya que se necesita casi media tonelada de semillas de higo chumbo para producir un litro de aceite. Tales proporciones hacen de este aceite un producto de lujo y raramente disponible.<\/p>\n<p>El aceite de higo chumbo contiene la mayor cantidad de <a href=\"https:\/\/naturalpoland.com\/es\/productos\/productos-para-la-industria-farmaceutica-y-medica\/vitaminas\/vitamina-e\/\">vitamina E<\/a> de todos los aceites cosm\u00e9ticos del mercado (un 150% m\u00e1s que <a href=\"https:\/\/naturalpoland.com\/es\/productos\/productos-para-la-industria-cosmetica\/aceites-cosmeticos\/aceite-de-argan\/\">el aceite de arg\u00e1n<\/a>). El aceite de semilla de higo chumbo tambi\u00e9n tiene hasta un 88% de \u00e1cidos grasos insaturados (el m\u00e1s alto de todos los aceites).<\/p>\n<h3><strong>Uso del aceite de arg\u00e1n<\/strong><\/h3>\n<p>Gracias a sus propiedades \u00fanicas, el aceite de higo chumbo se utiliza ampliamente en f\u00f3rmulas cosm\u00e9ticas avanzadas dise\u00f1adas para <strong>regenerar intensamente, nutrir e hidratar profundamente la piel<\/strong>. El uso regular de este aceite puede producir resultados visibles en tan s\u00f3lo dos semanas, mejorando significativamente la elasticidad de la piel, reduciendo las arrugas y mejorando el aspecto y el estado general del cutis. El aceite est\u00e1 especialmente recomendado para quienes tienen la piel seca, madura o da\u00f1ada, pero es adecuado para todo tipo de pieles gracias a sus propiedades suaves y su alta tolerancia.<\/p>\n<p>No s\u00f3lo la piel se beneficia de este aceite \u00fanico. Sus propiedades nutritivas tambi\u00e9n lo hacen apreciado en los productos para el cuidado del cabello. El aceite de semillas de higo chumbo hidrata intensamente, fortalece el cabello y le devuelve su brillo natural. Es un ingrediente ideal en f\u00f3rmulas para cabellos secos, da\u00f1ados y sin vida.<\/p>\n<p>&nbsp;<\/p>\n<h3>Perfil de \u00e1cidos grasos:<\/h3>\n<table>\n<tbody>\n<tr>\n<th>\u00c1CIDO GRASO<\/th>\n<th>CORBATA<\/th>\n<th>NORMA (%)<\/th>\n<th>RESULTADO (%)<\/th>\n<\/tr>\n<tr>\n<td>\u00c1cido palm\u00edtico<\/td>\n<td>C16:0<\/td>\n<td>10.00-14.00<\/td>\n<td>10.50<\/td>\n<\/tr>\n<tr>\n<td>\u00c1cido este\u00e1rico<\/td>\n<td>C18:0<\/td>\n<td>2.50-5.50<\/td>\n<td>2.90<\/td>\n<\/tr>\n<tr>\n<td>\u00c1cido oleico<\/td>\n<td>C18: 1 (n-9)<\/td>\n<td>18.00-30.00<\/td>\n<td>23.40<\/td>\n<\/tr>\n<tr>\n<td>\u00c1cido linol\u00e9nico<\/td>\n<td>C18: 2 (n-6)<\/td>\n<td>55.00-65.00<\/td>\n<td>62.20<\/td>\n<\/tr>\n<tr>\n<td>\u00c1cido alfalinol\u00e9nico<\/td>\n<td>C18: 3 (n-3)<\/td>\n<td>M\u00e1x. 1,00<\/td>\n<td>0.50<\/td>\n<\/tr>\n<\/tbody>\n<\/table>\n","protected":false},"excerpt":{"rendered":"<p>Somos distribuidores mayoristas de aceite natural de semillas de higo chumbo<em>(Prickly Pear Cactus<\/em> <em>Seed Oil<\/em>). Es una de las materias primas m\u00e1s valoradas en la industria cosm\u00e9tica, conocida por su eficacia excepcional.<\/p>\n","protected":false},"featured_media":11897,"template":"","meta":{"_acf_changed":false},"product_brand":[],"product_cat":[1080,1069],"product_tag":[],"class_list":{"0":"post-11893","1":"product","2":"type-product","3":"status-publish","4":"has-post-thumbnail","6":"product_cat-aceites-alimentarios-y-cosmeticos","7":"product_cat-aceites-cosmeticos","8":"pa_czesc-rosliny-semillas","9":"pa_metoda-pozyskiwania-prensado-en-frio","11":"first","12":"instock","13":"shipping-taxable","14":"product-type-simple"},"acf":[],"yoast_head":"<!-- This site is optimized with the Yoast SEO plugin v27.5 - https:\/\/yoast.com\/product\/yoast-seo-wordpress\/ -->\n<title>Aceite de higo chumbo - Distribuidor mayorista<\/title>\n<meta name=\"description\" content=\"El aceite de tuna se utiliza en procedimientos cosm\u00e9ticos como botox natural. Un litro de aceite esencial se elabora con casi media tonelada de semillas de higo chumbo.\" \/>\n<meta name=\"robots\" content=\"index, follow, max-snippet:-1, max-image-preview:large, max-video-preview:-1\" \/>\n<link rel=\"canonical\" href=\"https:\/\/naturalpoland.com\/es\/productos\/productos-para-la-industria-cosmetica\/aceites-cosmeticos\/aceite-de-higo-chumbo\/\" \/>\n<meta property=\"og:locale\" content=\"es_ES\" \/>\n<meta property=\"og:type\" content=\"article\" \/>\n<meta property=\"og:title\" content=\"Aceite de higo chumbo - Distribuidor mayorista\" \/>\n<meta property=\"og:description\" content=\"El aceite de tuna se utiliza en procedimientos cosm\u00e9ticos como botox natural. Un litro de aceite esencial se elabora con casi media tonelada de semillas de higo chumbo.\" \/>\n<meta property=\"og:url\" content=\"https:\/\/naturalpoland.com\/es\/productos\/productos-para-la-industria-cosmetica\/aceites-cosmeticos\/aceite-de-higo-chumbo\/\" \/>\n<meta property=\"og:site_name\" content=\"NATURAL POLAND - Distribuidor Mayorista de Materias Primas\" \/>\n<meta property=\"article:publisher\" content=\"https:\/\/www.facebook.com\/naturalpoland.b2b\" \/>\n<meta property=\"article:modified_time\" content=\"2024-04-30T13:21:18+00:00\" \/>\n<meta property=\"og:image\" content=\"https:\/\/naturalpoland.com\/wp-content\/uploads\/2021\/05\/prickly-pear-seed-oil.jpg\" \/>\n\t<meta property=\"og:image:width\" content=\"800\" \/>\n\t<meta property=\"og:image:height\" content=\"800\" \/>\n\t<meta property=\"og:image:type\" content=\"image\/jpeg\" \/>\n<script type=\"application\/ld+json\" class=\"yoast-schema-graph\">{\"@context\":\"https:\\\/\\\/schema.org\",\"@graph\":[{\"@type\":\"WebPage\",\"@id\":\"https:\\\/\\\/naturalpoland.com\\\/es\\\/productos\\\/productos-para-la-industria-cosmetica\\\/aceites-cosmeticos\\\/aceite-de-higo-chumbo\\\/\",\"url\":\"https:\\\/\\\/naturalpoland.com\\\/es\\\/productos\\\/productos-para-la-industria-cosmetica\\\/aceites-cosmeticos\\\/aceite-de-higo-chumbo\\\/\",\"name\":\"Aceite de higo chumbo - Distribuidor mayorista\",\"isPartOf\":{\"@id\":\"https:\\\/\\\/naturalpoland.com\\\/es\\\/#website\"},\"primaryImageOfPage\":{\"@id\":\"https:\\\/\\\/naturalpoland.com\\\/es\\\/productos\\\/productos-para-la-industria-cosmetica\\\/aceites-cosmeticos\\\/aceite-de-higo-chumbo\\\/#primaryimage\"},\"image\":{\"@id\":\"https:\\\/\\\/naturalpoland.com\\\/es\\\/productos\\\/productos-para-la-industria-cosmetica\\\/aceites-cosmeticos\\\/aceite-de-higo-chumbo\\\/#primaryimage\"},\"thumbnailUrl\":\"https:\\\/\\\/naturalpoland.com\\\/wp-content\\\/uploads\\\/2021\\\/05\\\/prickly-pear-seed-oil.jpg\",\"datePublished\":\"2021-09-21T12:35:41+00:00\",\"dateModified\":\"2024-04-30T13:21:18+00:00\",\"description\":\"El aceite de tuna se utiliza en procedimientos cosm\u00e9ticos como botox natural. Un litro de aceite esencial se elabora con casi media tonelada de semillas de higo chumbo.\",\"breadcrumb\":{\"@id\":\"https:\\\/\\\/naturalpoland.com\\\/es\\\/productos\\\/productos-para-la-industria-cosmetica\\\/aceites-cosmeticos\\\/aceite-de-higo-chumbo\\\/#breadcrumb\"},\"inLanguage\":\"es\",\"potentialAction\":[{\"@type\":\"ReadAction\",\"target\":[\"https:\\\/\\\/naturalpoland.com\\\/es\\\/productos\\\/productos-para-la-industria-cosmetica\\\/aceites-cosmeticos\\\/aceite-de-higo-chumbo\\\/\"]}]},{\"@type\":\"ImageObject\",\"inLanguage\":\"es\",\"@id\":\"https:\\\/\\\/naturalpoland.com\\\/es\\\/productos\\\/productos-para-la-industria-cosmetica\\\/aceites-cosmeticos\\\/aceite-de-higo-chumbo\\\/#primaryimage\",\"url\":\"https:\\\/\\\/naturalpoland.com\\\/wp-content\\\/uploads\\\/2021\\\/05\\\/prickly-pear-seed-oil.jpg\",\"contentUrl\":\"https:\\\/\\\/naturalpoland.com\\\/wp-content\\\/uploads\\\/2021\\\/05\\\/prickly-pear-seed-oil.jpg\",\"width\":800,\"height\":800},{\"@type\":\"BreadcrumbList\",\"@id\":\"https:\\\/\\\/naturalpoland.com\\\/es\\\/productos\\\/productos-para-la-industria-cosmetica\\\/aceites-cosmeticos\\\/aceite-de-higo-chumbo\\\/#breadcrumb\",\"itemListElement\":[{\"@type\":\"ListItem\",\"position\":1,\"name\":\"Inicio\",\"item\":\"https:\\\/\\\/naturalpoland.com\\\/es\\\/\"},{\"@type\":\"ListItem\",\"position\":2,\"name\":\"Productos\",\"item\":\"https:\\\/\\\/naturalpoland.com\\\/es\\\/productos\\\/\"},{\"@type\":\"ListItem\",\"position\":3,\"name\":\"Aceite de higo chumbo\"}]},{\"@type\":\"WebSite\",\"@id\":\"https:\\\/\\\/naturalpoland.com\\\/es\\\/#website\",\"url\":\"https:\\\/\\\/naturalpoland.com\\\/es\\\/\",\"name\":\"NATURAL POLAND - Distribuidor Mayorista de Materias Primas\",\"description\":\"Surowce dla przemys\u0142u spo\u017cywczego, kosmetycznego i farmaceutycznego\",\"publisher\":{\"@id\":\"https:\\\/\\\/naturalpoland.com\\\/es\\\/#organization\"},\"potentialAction\":[{\"@type\":\"SearchAction\",\"target\":{\"@type\":\"EntryPoint\",\"urlTemplate\":\"https:\\\/\\\/naturalpoland.com\\\/es\\\/?s={search_term_string}\"},\"query-input\":{\"@type\":\"PropertyValueSpecification\",\"valueRequired\":true,\"valueName\":\"search_term_string\"}}],\"inLanguage\":\"es\"},{\"@type\":\"Organization\",\"@id\":\"https:\\\/\\\/naturalpoland.com\\\/es\\\/#organization\",\"name\":\"Natural Poland\",\"url\":\"https:\\\/\\\/naturalpoland.com\\\/es\\\/\",\"logo\":{\"@type\":\"ImageObject\",\"inLanguage\":\"es\",\"@id\":\"https:\\\/\\\/naturalpoland.com\\\/es\\\/#\\\/schema\\\/logo\\\/image\\\/\",\"url\":\"https:\\\/\\\/naturalpoland.com\\\/wp-content\\\/uploads\\\/2021\\\/05\\\/natural-poland-icon.png\",\"contentUrl\":\"https:\\\/\\\/naturalpoland.com\\\/wp-content\\\/uploads\\\/2021\\\/05\\\/natural-poland-icon.png\",\"width\":512,\"height\":512,\"caption\":\"Natural Poland\"},\"image\":{\"@id\":\"https:\\\/\\\/naturalpoland.com\\\/es\\\/#\\\/schema\\\/logo\\\/image\\\/\"},\"sameAs\":[\"https:\\\/\\\/www.facebook.com\\\/naturalpoland.b2b\",\"https:\\\/\\\/pl.linkedin.com\\\/company\\\/natural-poland\",\"https:\\\/\\\/www.youtube.com\\\/channel\\\/UCgeGGkvOMahZo-xu_MSEWxg\"]}]}<\/script>\n<!-- \/ Yoast SEO plugin. -->","yoast_head_json":{"title":"Aceite de higo chumbo - Distribuidor mayorista","description":"El aceite de tuna se utiliza en procedimientos cosm\u00e9ticos como botox natural. Un litro de aceite esencial se elabora con casi media tonelada de semillas de higo chumbo.","robots":{"index":"index","follow":"follow","max-snippet":"max-snippet:-1","max-image-preview":"max-image-preview:large","max-video-preview":"max-video-preview:-1"},"canonical":"https:\/\/naturalpoland.com\/es\/productos\/productos-para-la-industria-cosmetica\/aceites-cosmeticos\/aceite-de-higo-chumbo\/","og_locale":"es_ES","og_type":"article","og_title":"Aceite de higo chumbo - Distribuidor mayorista","og_description":"El aceite de tuna se utiliza en procedimientos cosm\u00e9ticos como botox natural. Un litro de aceite esencial se elabora con casi media tonelada de semillas de higo chumbo.","og_url":"https:\/\/naturalpoland.com\/es\/productos\/productos-para-la-industria-cosmetica\/aceites-cosmeticos\/aceite-de-higo-chumbo\/","og_site_name":"NATURAL POLAND - Distribuidor Mayorista de Materias Primas","article_publisher":"https:\/\/www.facebook.com\/naturalpoland.b2b","article_modified_time":"2024-04-30T13:21:18+00:00","og_image":[{"width":800,"height":800,"url":"https:\/\/naturalpoland.com\/wp-content\/uploads\/2021\/05\/prickly-pear-seed-oil.jpg","type":"image\/jpeg"}],"schema":{"@context":"https:\/\/schema.org","@graph":[{"@type":"WebPage","@id":"https:\/\/naturalpoland.com\/es\/productos\/productos-para-la-industria-cosmetica\/aceites-cosmeticos\/aceite-de-higo-chumbo\/","url":"https:\/\/naturalpoland.com\/es\/productos\/productos-para-la-industria-cosmetica\/aceites-cosmeticos\/aceite-de-higo-chumbo\/","name":"Aceite de higo chumbo - Distribuidor mayorista","isPartOf":{"@id":"https:\/\/naturalpoland.com\/es\/#website"},"primaryImageOfPage":{"@id":"https:\/\/naturalpoland.com\/es\/productos\/productos-para-la-industria-cosmetica\/aceites-cosmeticos\/aceite-de-higo-chumbo\/#primaryimage"},"image":{"@id":"https:\/\/naturalpoland.com\/es\/productos\/productos-para-la-industria-cosmetica\/aceites-cosmeticos\/aceite-de-higo-chumbo\/#primaryimage"},"thumbnailUrl":"https:\/\/naturalpoland.com\/wp-content\/uploads\/2021\/05\/prickly-pear-seed-oil.jpg","datePublished":"2021-09-21T12:35:41+00:00","dateModified":"2024-04-30T13:21:18+00:00","description":"El aceite de tuna se utiliza en procedimientos cosm\u00e9ticos como botox natural. Un litro de aceite esencial se elabora con casi media tonelada de semillas de higo chumbo.","breadcrumb":{"@id":"https:\/\/naturalpoland.com\/es\/productos\/productos-para-la-industria-cosmetica\/aceites-cosmeticos\/aceite-de-higo-chumbo\/#breadcrumb"},"inLanguage":"es","potentialAction":[{"@type":"ReadAction","target":["https:\/\/naturalpoland.com\/es\/productos\/productos-para-la-industria-cosmetica\/aceites-cosmeticos\/aceite-de-higo-chumbo\/"]}]},{"@type":"ImageObject","inLanguage":"es","@id":"https:\/\/naturalpoland.com\/es\/productos\/productos-para-la-industria-cosmetica\/aceites-cosmeticos\/aceite-de-higo-chumbo\/#primaryimage","url":"https:\/\/naturalpoland.com\/wp-content\/uploads\/2021\/05\/prickly-pear-seed-oil.jpg","contentUrl":"https:\/\/naturalpoland.com\/wp-content\/uploads\/2021\/05\/prickly-pear-seed-oil.jpg","width":800,"height":800},{"@type":"BreadcrumbList","@id":"https:\/\/naturalpoland.com\/es\/productos\/productos-para-la-industria-cosmetica\/aceites-cosmeticos\/aceite-de-higo-chumbo\/#breadcrumb","itemListElement":[{"@type":"ListItem","position":1,"name":"Inicio","item":"https:\/\/naturalpoland.com\/es\/"},{"@type":"ListItem","position":2,"name":"Productos","item":"https:\/\/naturalpoland.com\/es\/productos\/"},{"@type":"ListItem","position":3,"name":"Aceite de higo chumbo"}]},{"@type":"WebSite","@id":"https:\/\/naturalpoland.com\/es\/#website","url":"https:\/\/naturalpoland.com\/es\/","name":"NATURAL POLAND - Distribuidor Mayorista de Materias Primas","description":"Surowce dla przemys\u0142u spo\u017cywczego, kosmetycznego i farmaceutycznego","publisher":{"@id":"https:\/\/naturalpoland.com\/es\/#organization"},"potentialAction":[{"@type":"SearchAction","target":{"@type":"EntryPoint","urlTemplate":"https:\/\/naturalpoland.com\/es\/?s={search_term_string}"},"query-input":{"@type":"PropertyValueSpecification","valueRequired":true,"valueName":"search_term_string"}}],"inLanguage":"es"},{"@type":"Organization","@id":"https:\/\/naturalpoland.com\/es\/#organization","name":"Natural Poland","url":"https:\/\/naturalpoland.com\/es\/","logo":{"@type":"ImageObject","inLanguage":"es","@id":"https:\/\/naturalpoland.com\/es\/#\/schema\/logo\/image\/","url":"https:\/\/naturalpoland.com\/wp-content\/uploads\/2021\/05\/natural-poland-icon.png","contentUrl":"https:\/\/naturalpoland.com\/wp-content\/uploads\/2021\/05\/natural-poland-icon.png","width":512,"height":512,"caption":"Natural Poland"},"image":{"@id":"https:\/\/naturalpoland.com\/es\/#\/schema\/logo\/image\/"},"sameAs":["https:\/\/www.facebook.com\/naturalpoland.b2b","https:\/\/pl.linkedin.com\/company\/natural-poland","https:\/\/www.youtube.com\/channel\/UCgeGGkvOMahZo-xu_MSEWxg"]}]}},"_links":{"self":[{"href":"https:\/\/naturalpoland.com\/es\/wp-json\/wp\/v2\/product\/11893","targetHints":{"allow":["GET"]}}],"collection":[{"href":"https:\/\/naturalpoland.com\/es\/wp-json\/wp\/v2\/product"}],"about":[{"href":"https:\/\/naturalpoland.com\/es\/wp-json\/wp\/v2\/types\/product"}],"wp:featuredmedia":[{"embeddable":true,"href":"https:\/\/naturalpoland.com\/es\/wp-json\/wp\/v2\/media\/11897"}],"wp:attachment":[{"href":"https:\/\/naturalpoland.com\/es\/wp-json\/wp\/v2\/media?parent=11893"}],"wp:term":[{"taxonomy":"product_brand","embeddable":true,"href":"https:\/\/naturalpoland.com\/es\/wp-json\/wp\/v2\/product_brand?post=11893"},{"taxonomy":"product_cat","embeddable":true,"href":"https:\/\/naturalpoland.com\/es\/wp-json\/wp\/v2\/product_cat?post=11893"},{"taxonomy":"product_tag","embeddable":true,"href":"https:\/\/naturalpoland.com\/es\/wp-json\/wp\/v2\/product_tag?post=11893"}],"curies":[{"name":"wp","href":"https:\/\/api.w.org\/{rel}","templated":true}]}}