{"id":11911,"date":"2021-05-11T13:51:44","date_gmt":"2021-09-21T12:35:54","guid":{"rendered":"https:\/\/naturalpoland.pl\/produkty\/sin categor\u00eda\/aceite-de-anacardo\/"},"modified":"2021-09-21T14:35:54","modified_gmt":"2021-09-21T12:35:54","slug":"aceite-de-anacardo","status":"publish","type":"product","link":"https:\/\/naturalpoland.com\/es\/productos\/aceites-alimentarios-y-cosmeticos\/aceite-de-anacardo\/","title":{"rendered":"Aceite de anacardo"},"content":{"rendered":"<p>Rica fuente de vitaminas:<br \/>\nEl aceite de anacardo contiene una alta concentraci\u00f3n de vitamina E, que tiene propiedades antiinflamatorias, antioxidantes y cicatrizantes. Previene los trastornos oculares y las cataratas. Este aceite regula el colesterol y reduce el nivel de colesterol malo. Tiene un efecto calmante y favorece un sue\u00f1o saludable. Tambi\u00e9n puede aumentar la absorci\u00f3n de calcio, que a su vez es insustituible para la correcta construcci\u00f3n del sistema esquel\u00e9tico.<\/p>\n<p>&nbsp;<\/p>\n","protected":false},"excerpt":{"rendered":"<p><strong>Aceite de anacardo<\/strong> proporciona al organismo los \u00e1cidos Omega-3, Omega-6 y Omega-9. Puede tomarse en forma de suplementos diet\u00e9ticos o como ingrediente utilizado en la cocina. Por su fuerte aroma a nuez, este aceite es insustituible en la preparaci\u00f3n de algunos platos fr\u00edos.<\/p>\n","protected":false},"featured_media":11913,"template":"","meta":{"_acf_changed":false},"product_brand":[],"product_cat":[1080],"product_tag":[],"class_list":{"0":"post-11911","1":"product","2":"type-product","3":"status-publish","4":"has-post-thumbnail","6":"product_cat-aceites-alimentarios-y-cosmeticos","8":"first","9":"instock","10":"shipping-taxable","11":"product-type-simple"},"acf":[],"yoast_head":"<!-- This site is optimized with the Yoast SEO plugin v27.6 - https:\/\/yoast.com\/product\/yoast-seo-wordpress\/ -->\n<title>Aceite de anacardo - Distribuidor mayorista<\/title>\n<meta name=\"robots\" content=\"index, follow, max-snippet:-1, max-image-preview:large, max-video-preview:-1\" \/>\n<link rel=\"canonical\" href=\"https:\/\/naturalpoland.com\/es\/productos\/aceites-alimentarios-y-cosmeticos\/aceite-de-anacardo\/\" \/>\n<meta property=\"og:locale\" content=\"es_ES\" \/>\n<meta property=\"og:type\" content=\"article\" \/>\n<meta property=\"og:title\" content=\"Aceite de anacardo - Distribuidor mayorista\" \/>\n<meta property=\"og:description\" content=\"Aceite de anacardo proporciona al organismo los \u00e1cidos Omega-3, Omega-6 y Omega-9. Puede tomarse en forma de suplementos diet\u00e9ticos o como ingrediente utilizado en la cocina. Por su fuerte aroma a nuez, este aceite es insustituible en la preparaci\u00f3n de algunos platos fr\u00edos.\" \/>\n<meta property=\"og:url\" content=\"https:\/\/naturalpoland.com\/es\/productos\/aceites-alimentarios-y-cosmeticos\/aceite-de-anacardo\/\" \/>\n<meta property=\"og:site_name\" content=\"NATURAL POLAND - Distribuidor Mayorista de Materias Primas\" \/>\n<meta property=\"article:publisher\" content=\"https:\/\/www.facebook.com\/naturalpoland.b2b\" \/>\n<meta property=\"og:image\" content=\"https:\/\/naturalpoland.com\/wp-content\/uploads\/2021\/05\/cashew-nut-oil.jpg\" \/>\n\t<meta property=\"og:image:width\" content=\"425\" \/>\n\t<meta property=\"og:image:height\" content=\"282\" \/>\n\t<meta property=\"og:image:type\" content=\"image\/jpeg\" \/>\n<script type=\"application\/ld+json\" class=\"yoast-schema-graph\">{\"@context\":\"https:\\\/\\\/schema.org\",\"@graph\":[{\"@type\":\"WebPage\",\"@id\":\"https:\\\/\\\/naturalpoland.com\\\/es\\\/productos\\\/aceites-alimentarios-y-cosmeticos\\\/aceite-de-anacardo\\\/\",\"url\":\"https:\\\/\\\/naturalpoland.com\\\/es\\\/productos\\\/aceites-alimentarios-y-cosmeticos\\\/aceite-de-anacardo\\\/\",\"name\":\"Aceite de anacardo - Distribuidor mayorista\",\"isPartOf\":{\"@id\":\"https:\\\/\\\/naturalpoland.com\\\/es\\\/#website\"},\"primaryImageOfPage\":{\"@id\":\"https:\\\/\\\/naturalpoland.com\\\/es\\\/productos\\\/aceites-alimentarios-y-cosmeticos\\\/aceite-de-anacardo\\\/#primaryimage\"},\"image\":{\"@id\":\"https:\\\/\\\/naturalpoland.com\\\/es\\\/productos\\\/aceites-alimentarios-y-cosmeticos\\\/aceite-de-anacardo\\\/#primaryimage\"},\"thumbnailUrl\":\"https:\\\/\\\/naturalpoland.com\\\/wp-content\\\/uploads\\\/2021\\\/05\\\/cashew-nut-oil.jpg\",\"datePublished\":\"2021-09-21T12:35:54+00:00\",\"breadcrumb\":{\"@id\":\"https:\\\/\\\/naturalpoland.com\\\/es\\\/productos\\\/aceites-alimentarios-y-cosmeticos\\\/aceite-de-anacardo\\\/#breadcrumb\"},\"inLanguage\":\"es\",\"potentialAction\":[{\"@type\":\"ReadAction\",\"target\":[\"https:\\\/\\\/naturalpoland.com\\\/es\\\/productos\\\/aceites-alimentarios-y-cosmeticos\\\/aceite-de-anacardo\\\/\"]}]},{\"@type\":\"ImageObject\",\"inLanguage\":\"es\",\"@id\":\"https:\\\/\\\/naturalpoland.com\\\/es\\\/productos\\\/aceites-alimentarios-y-cosmeticos\\\/aceite-de-anacardo\\\/#primaryimage\",\"url\":\"https:\\\/\\\/naturalpoland.com\\\/wp-content\\\/uploads\\\/2021\\\/05\\\/cashew-nut-oil.jpg\",\"contentUrl\":\"https:\\\/\\\/naturalpoland.com\\\/wp-content\\\/uploads\\\/2021\\\/05\\\/cashew-nut-oil.jpg\",\"width\":425,\"height\":282},{\"@type\":\"BreadcrumbList\",\"@id\":\"https:\\\/\\\/naturalpoland.com\\\/es\\\/productos\\\/aceites-alimentarios-y-cosmeticos\\\/aceite-de-anacardo\\\/#breadcrumb\",\"itemListElement\":[{\"@type\":\"ListItem\",\"position\":1,\"name\":\"Inicio\",\"item\":\"https:\\\/\\\/naturalpoland.com\\\/es\\\/\"},{\"@type\":\"ListItem\",\"position\":2,\"name\":\"Productos\",\"item\":\"https:\\\/\\\/naturalpoland.com\\\/es\\\/productos\\\/\"},{\"@type\":\"ListItem\",\"position\":3,\"name\":\"Aceite de anacardo\"}]},{\"@type\":\"WebSite\",\"@id\":\"https:\\\/\\\/naturalpoland.com\\\/es\\\/#website\",\"url\":\"https:\\\/\\\/naturalpoland.com\\\/es\\\/\",\"name\":\"NATURAL POLAND - Distribuidor Mayorista de Materias Primas\",\"description\":\"Surowce dla przemys\u0142u spo\u017cywczego, kosmetycznego i farmaceutycznego\",\"publisher\":{\"@id\":\"https:\\\/\\\/naturalpoland.com\\\/es\\\/#organization\"},\"potentialAction\":[{\"@type\":\"SearchAction\",\"target\":{\"@type\":\"EntryPoint\",\"urlTemplate\":\"https:\\\/\\\/naturalpoland.com\\\/es\\\/?s={search_term_string}\"},\"query-input\":{\"@type\":\"PropertyValueSpecification\",\"valueRequired\":true,\"valueName\":\"search_term_string\"}}],\"inLanguage\":\"es\"},{\"@type\":\"Organization\",\"@id\":\"https:\\\/\\\/naturalpoland.com\\\/es\\\/#organization\",\"name\":\"Natural Poland\",\"url\":\"https:\\\/\\\/naturalpoland.com\\\/es\\\/\",\"logo\":{\"@type\":\"ImageObject\",\"inLanguage\":\"es\",\"@id\":\"https:\\\/\\\/naturalpoland.com\\\/es\\\/#\\\/schema\\\/logo\\\/image\\\/\",\"url\":\"https:\\\/\\\/naturalpoland.com\\\/wp-content\\\/uploads\\\/2021\\\/05\\\/natural-poland-icon.png\",\"contentUrl\":\"https:\\\/\\\/naturalpoland.com\\\/wp-content\\\/uploads\\\/2021\\\/05\\\/natural-poland-icon.png\",\"width\":512,\"height\":512,\"caption\":\"Natural Poland\"},\"image\":{\"@id\":\"https:\\\/\\\/naturalpoland.com\\\/es\\\/#\\\/schema\\\/logo\\\/image\\\/\"},\"sameAs\":[\"https:\\\/\\\/www.facebook.com\\\/naturalpoland.b2b\",\"https:\\\/\\\/pl.linkedin.com\\\/company\\\/natural-poland\",\"https:\\\/\\\/www.youtube.com\\\/channel\\\/UCgeGGkvOMahZo-xu_MSEWxg\"]}]}<\/script>\n<!-- \/ Yoast SEO plugin. -->","yoast_head_json":{"title":"Aceite de anacardo - Distribuidor mayorista","robots":{"index":"index","follow":"follow","max-snippet":"max-snippet:-1","max-image-preview":"max-image-preview:large","max-video-preview":"max-video-preview:-1"},"canonical":"https:\/\/naturalpoland.com\/es\/productos\/aceites-alimentarios-y-cosmeticos\/aceite-de-anacardo\/","og_locale":"es_ES","og_type":"article","og_title":"Aceite de anacardo - Distribuidor mayorista","og_description":"Aceite de anacardo proporciona al organismo los \u00e1cidos Omega-3, Omega-6 y Omega-9. Puede tomarse en forma de suplementos diet\u00e9ticos o como ingrediente utilizado en la cocina. Por su fuerte aroma a nuez, este aceite es insustituible en la preparaci\u00f3n de algunos platos fr\u00edos.","og_url":"https:\/\/naturalpoland.com\/es\/productos\/aceites-alimentarios-y-cosmeticos\/aceite-de-anacardo\/","og_site_name":"NATURAL POLAND - Distribuidor Mayorista de Materias Primas","article_publisher":"https:\/\/www.facebook.com\/naturalpoland.b2b","og_image":[{"width":425,"height":282,"url":"https:\/\/naturalpoland.com\/wp-content\/uploads\/2021\/05\/cashew-nut-oil.jpg","type":"image\/jpeg"}],"schema":{"@context":"https:\/\/schema.org","@graph":[{"@type":"WebPage","@id":"https:\/\/naturalpoland.com\/es\/productos\/aceites-alimentarios-y-cosmeticos\/aceite-de-anacardo\/","url":"https:\/\/naturalpoland.com\/es\/productos\/aceites-alimentarios-y-cosmeticos\/aceite-de-anacardo\/","name":"Aceite de anacardo - Distribuidor mayorista","isPartOf":{"@id":"https:\/\/naturalpoland.com\/es\/#website"},"primaryImageOfPage":{"@id":"https:\/\/naturalpoland.com\/es\/productos\/aceites-alimentarios-y-cosmeticos\/aceite-de-anacardo\/#primaryimage"},"image":{"@id":"https:\/\/naturalpoland.com\/es\/productos\/aceites-alimentarios-y-cosmeticos\/aceite-de-anacardo\/#primaryimage"},"thumbnailUrl":"https:\/\/naturalpoland.com\/wp-content\/uploads\/2021\/05\/cashew-nut-oil.jpg","datePublished":"2021-09-21T12:35:54+00:00","breadcrumb":{"@id":"https:\/\/naturalpoland.com\/es\/productos\/aceites-alimentarios-y-cosmeticos\/aceite-de-anacardo\/#breadcrumb"},"inLanguage":"es","potentialAction":[{"@type":"ReadAction","target":["https:\/\/naturalpoland.com\/es\/productos\/aceites-alimentarios-y-cosmeticos\/aceite-de-anacardo\/"]}]},{"@type":"ImageObject","inLanguage":"es","@id":"https:\/\/naturalpoland.com\/es\/productos\/aceites-alimentarios-y-cosmeticos\/aceite-de-anacardo\/#primaryimage","url":"https:\/\/naturalpoland.com\/wp-content\/uploads\/2021\/05\/cashew-nut-oil.jpg","contentUrl":"https:\/\/naturalpoland.com\/wp-content\/uploads\/2021\/05\/cashew-nut-oil.jpg","width":425,"height":282},{"@type":"BreadcrumbList","@id":"https:\/\/naturalpoland.com\/es\/productos\/aceites-alimentarios-y-cosmeticos\/aceite-de-anacardo\/#breadcrumb","itemListElement":[{"@type":"ListItem","position":1,"name":"Inicio","item":"https:\/\/naturalpoland.com\/es\/"},{"@type":"ListItem","position":2,"name":"Productos","item":"https:\/\/naturalpoland.com\/es\/productos\/"},{"@type":"ListItem","position":3,"name":"Aceite de anacardo"}]},{"@type":"WebSite","@id":"https:\/\/naturalpoland.com\/es\/#website","url":"https:\/\/naturalpoland.com\/es\/","name":"NATURAL POLAND - Distribuidor Mayorista de Materias Primas","description":"Surowce dla przemys\u0142u spo\u017cywczego, kosmetycznego i farmaceutycznego","publisher":{"@id":"https:\/\/naturalpoland.com\/es\/#organization"},"potentialAction":[{"@type":"SearchAction","target":{"@type":"EntryPoint","urlTemplate":"https:\/\/naturalpoland.com\/es\/?s={search_term_string}"},"query-input":{"@type":"PropertyValueSpecification","valueRequired":true,"valueName":"search_term_string"}}],"inLanguage":"es"},{"@type":"Organization","@id":"https:\/\/naturalpoland.com\/es\/#organization","name":"Natural Poland","url":"https:\/\/naturalpoland.com\/es\/","logo":{"@type":"ImageObject","inLanguage":"es","@id":"https:\/\/naturalpoland.com\/es\/#\/schema\/logo\/image\/","url":"https:\/\/naturalpoland.com\/wp-content\/uploads\/2021\/05\/natural-poland-icon.png","contentUrl":"https:\/\/naturalpoland.com\/wp-content\/uploads\/2021\/05\/natural-poland-icon.png","width":512,"height":512,"caption":"Natural Poland"},"image":{"@id":"https:\/\/naturalpoland.com\/es\/#\/schema\/logo\/image\/"},"sameAs":["https:\/\/www.facebook.com\/naturalpoland.b2b","https:\/\/pl.linkedin.com\/company\/natural-poland","https:\/\/www.youtube.com\/channel\/UCgeGGkvOMahZo-xu_MSEWxg"]}]}},"_links":{"self":[{"href":"https:\/\/naturalpoland.com\/es\/wp-json\/wp\/v2\/product\/11911","targetHints":{"allow":["GET"]}}],"collection":[{"href":"https:\/\/naturalpoland.com\/es\/wp-json\/wp\/v2\/product"}],"about":[{"href":"https:\/\/naturalpoland.com\/es\/wp-json\/wp\/v2\/types\/product"}],"wp:featuredmedia":[{"embeddable":true,"href":"https:\/\/naturalpoland.com\/es\/wp-json\/wp\/v2\/media\/11913"}],"wp:attachment":[{"href":"https:\/\/naturalpoland.com\/es\/wp-json\/wp\/v2\/media?parent=11911"}],"wp:term":[{"taxonomy":"product_brand","embeddable":true,"href":"https:\/\/naturalpoland.com\/es\/wp-json\/wp\/v2\/product_brand?post=11911"},{"taxonomy":"product_cat","embeddable":true,"href":"https:\/\/naturalpoland.com\/es\/wp-json\/wp\/v2\/product_cat?post=11911"},{"taxonomy":"product_tag","embeddable":true,"href":"https:\/\/naturalpoland.com\/es\/wp-json\/wp\/v2\/product_tag?post=11911"}],"curies":[{"name":"wp","href":"https:\/\/api.w.org\/{rel}","templated":true}]}}