{"id":11916,"date":"2021-05-11T13:51:45","date_gmt":"2021-09-21T12:36:02","guid":{"rendered":"https:\/\/naturalpoland.pl\/produkty\/sin categor\u00eda\/aceite-de-nuez-de-babasu\/"},"modified":"2021-09-21T14:36:02","modified_gmt":"2021-09-21T12:36:02","slug":"aceite-de-nuez-de-babasu","status":"publish","type":"product","link":"https:\/\/naturalpoland.com\/es\/productos\/aceites-alimentarios-y-cosmeticos\/aceite-de-nuez-de-babasu\/","title":{"rendered":"Aceite de nuez de babas\u00fa"},"content":{"rendered":"<p>F\u00e1cil absorci\u00f3n:<br \/>\nEl aceite de nuez de babas\u00fa tiene un alto contenido de \u00e1cido l\u00e1urico. Se derrite a una temperatura similar a la del cuerpo humano, por lo que se absorbe r\u00e1pidamente y no deja sensaci\u00f3n de grasa. Tambi\u00e9n contiene \u00e1cido mir\u00edstico y palm\u00edtico. El aceite es resistente a la oxidaci\u00f3n. Es perfecto como agente utilizado para retener la humedad en la piel o el cabello. Tiene propiedades emolientes.<\/p>\n","protected":false},"excerpt":{"rendered":"<p><strong>Aceite de nuez de babas\u00fa<\/strong> se obtiene de las nueces de la palma brasile\u00f1a. Se produce en el proceso de prensado en fr\u00edo. Se utiliza principalmente como aditivo en cosm\u00e9ticos hidratantes para pieles muy secas y cremas de protecci\u00f3n solar. Tambi\u00e9n se puede utilizar en el cuidado del cabello da\u00f1ado y seco.<\/p>\n","protected":false},"featured_media":38152,"template":"","meta":[],"product_brand":[],"product_cat":[1080],"product_tag":[],"class_list":{"0":"post-11916","1":"product","2":"type-product","3":"status-publish","4":"has-post-thumbnail","6":"product_cat-aceites-alimentarios-y-cosmeticos","7":"pa_metoda-pozyskiwania-prensado-y-refinado","9":"first","10":"instock","11":"shipping-taxable","12":"product-type-simple"},"yoast_head":"<!-- This site is optimized with the Yoast SEO plugin v27.4 - https:\/\/yoast.com\/product\/yoast-seo-wordpress\/ -->\n<title>Aceite de nuez de babas\u00fa - Distribuidor mayorista<\/title>\n<meta name=\"robots\" content=\"index, follow, max-snippet:-1, max-image-preview:large, max-video-preview:-1\" \/>\n<link rel=\"canonical\" href=\"https:\/\/naturalpoland.com\/es\/productos\/aceites-alimentarios-y-cosmeticos\/aceite-de-nuez-de-babasu\/\" \/>\n<meta property=\"og:locale\" content=\"es_ES\" \/>\n<meta property=\"og:type\" content=\"article\" \/>\n<meta property=\"og:title\" content=\"Aceite de nuez de babas\u00fa - Distribuidor mayorista\" \/>\n<meta property=\"og:description\" content=\"Aceite de nuez de babas\u00fa se obtiene de las nueces de la palma brasile\u00f1a. Se produce en el proceso de prensado en fr\u00edo. Se utiliza principalmente como aditivo en cosm\u00e9ticos hidratantes para pieles muy secas y cremas de protecci\u00f3n solar. Tambi\u00e9n se puede utilizar en el cuidado del cabello da\u00f1ado y seco.\" \/>\n<meta property=\"og:url\" content=\"https:\/\/naturalpoland.com\/es\/productos\/aceites-alimentarios-y-cosmeticos\/aceite-de-nuez-de-babasu\/\" \/>\n<meta property=\"og:site_name\" content=\"NATURAL POLAND - Distribuidor Mayorista de Materias Primas\" \/>\n<meta property=\"article:publisher\" content=\"https:\/\/www.facebook.com\/naturalpoland.b2b\" \/>\n<meta property=\"og:image\" content=\"https:\/\/naturalpoland.com\/wp-content\/uploads\/olej-babassu.webp\" \/>\n\t<meta property=\"og:image:width\" content=\"614\" \/>\n\t<meta property=\"og:image:height\" content=\"614\" \/>\n\t<meta property=\"og:image:type\" content=\"image\/webp\" \/>\n<script type=\"application\/ld+json\" class=\"yoast-schema-graph\">{\"@context\":\"https:\\\/\\\/schema.org\",\"@graph\":[{\"@type\":\"WebPage\",\"@id\":\"https:\\\/\\\/naturalpoland.com\\\/es\\\/productos\\\/aceites-alimentarios-y-cosmeticos\\\/aceite-de-nuez-de-babasu\\\/\",\"url\":\"https:\\\/\\\/naturalpoland.com\\\/es\\\/productos\\\/aceites-alimentarios-y-cosmeticos\\\/aceite-de-nuez-de-babasu\\\/\",\"name\":\"Aceite de nuez de babas\u00fa - Distribuidor mayorista\",\"isPartOf\":{\"@id\":\"https:\\\/\\\/naturalpoland.com\\\/es\\\/#website\"},\"primaryImageOfPage\":{\"@id\":\"https:\\\/\\\/naturalpoland.com\\\/es\\\/productos\\\/aceites-alimentarios-y-cosmeticos\\\/aceite-de-nuez-de-babasu\\\/#primaryimage\"},\"image\":{\"@id\":\"https:\\\/\\\/naturalpoland.com\\\/es\\\/productos\\\/aceites-alimentarios-y-cosmeticos\\\/aceite-de-nuez-de-babasu\\\/#primaryimage\"},\"thumbnailUrl\":\"https:\\\/\\\/naturalpoland.com\\\/wp-content\\\/uploads\\\/olej-babassu.webp\",\"datePublished\":\"2021-09-21T12:36:02+00:00\",\"breadcrumb\":{\"@id\":\"https:\\\/\\\/naturalpoland.com\\\/es\\\/productos\\\/aceites-alimentarios-y-cosmeticos\\\/aceite-de-nuez-de-babasu\\\/#breadcrumb\"},\"inLanguage\":\"es\",\"potentialAction\":[{\"@type\":\"ReadAction\",\"target\":[\"https:\\\/\\\/naturalpoland.com\\\/es\\\/productos\\\/aceites-alimentarios-y-cosmeticos\\\/aceite-de-nuez-de-babasu\\\/\"]}]},{\"@type\":\"ImageObject\",\"inLanguage\":\"es\",\"@id\":\"https:\\\/\\\/naturalpoland.com\\\/es\\\/productos\\\/aceites-alimentarios-y-cosmeticos\\\/aceite-de-nuez-de-babasu\\\/#primaryimage\",\"url\":\"https:\\\/\\\/naturalpoland.com\\\/wp-content\\\/uploads\\\/olej-babassu.webp\",\"contentUrl\":\"https:\\\/\\\/naturalpoland.com\\\/wp-content\\\/uploads\\\/olej-babassu.webp\",\"width\":614,\"height\":614,\"caption\":\"olej babassu\"},{\"@type\":\"BreadcrumbList\",\"@id\":\"https:\\\/\\\/naturalpoland.com\\\/es\\\/productos\\\/aceites-alimentarios-y-cosmeticos\\\/aceite-de-nuez-de-babasu\\\/#breadcrumb\",\"itemListElement\":[{\"@type\":\"ListItem\",\"position\":1,\"name\":\"Inicio\",\"item\":\"https:\\\/\\\/naturalpoland.com\\\/es\\\/\"},{\"@type\":\"ListItem\",\"position\":2,\"name\":\"Productos\",\"item\":\"https:\\\/\\\/naturalpoland.com\\\/es\\\/productos\\\/\"},{\"@type\":\"ListItem\",\"position\":3,\"name\":\"Aceite de nuez de babas\u00fa\"}]},{\"@type\":\"WebSite\",\"@id\":\"https:\\\/\\\/naturalpoland.com\\\/es\\\/#website\",\"url\":\"https:\\\/\\\/naturalpoland.com\\\/es\\\/\",\"name\":\"NATURAL POLAND - Distribuidor Mayorista de Materias Primas\",\"description\":\"Surowce dla przemys\u0142u spo\u017cywczego, kosmetycznego i farmaceutycznego\",\"publisher\":{\"@id\":\"https:\\\/\\\/naturalpoland.com\\\/es\\\/#organization\"},\"potentialAction\":[{\"@type\":\"SearchAction\",\"target\":{\"@type\":\"EntryPoint\",\"urlTemplate\":\"https:\\\/\\\/naturalpoland.com\\\/es\\\/?s={search_term_string}\"},\"query-input\":{\"@type\":\"PropertyValueSpecification\",\"valueRequired\":true,\"valueName\":\"search_term_string\"}}],\"inLanguage\":\"es\"},{\"@type\":\"Organization\",\"@id\":\"https:\\\/\\\/naturalpoland.com\\\/es\\\/#organization\",\"name\":\"Natural Poland\",\"url\":\"https:\\\/\\\/naturalpoland.com\\\/es\\\/\",\"logo\":{\"@type\":\"ImageObject\",\"inLanguage\":\"es\",\"@id\":\"https:\\\/\\\/naturalpoland.com\\\/es\\\/#\\\/schema\\\/logo\\\/image\\\/\",\"url\":\"https:\\\/\\\/naturalpoland.com\\\/wp-content\\\/uploads\\\/2021\\\/05\\\/natural-poland-icon.png\",\"contentUrl\":\"https:\\\/\\\/naturalpoland.com\\\/wp-content\\\/uploads\\\/2021\\\/05\\\/natural-poland-icon.png\",\"width\":512,\"height\":512,\"caption\":\"Natural Poland\"},\"image\":{\"@id\":\"https:\\\/\\\/naturalpoland.com\\\/es\\\/#\\\/schema\\\/logo\\\/image\\\/\"},\"sameAs\":[\"https:\\\/\\\/www.facebook.com\\\/naturalpoland.b2b\",\"https:\\\/\\\/pl.linkedin.com\\\/company\\\/natural-poland\",\"https:\\\/\\\/www.youtube.com\\\/channel\\\/UCgeGGkvOMahZo-xu_MSEWxg\"]}]}<\/script>\n<!-- \/ Yoast SEO plugin. -->","yoast_head_json":{"title":"Aceite de nuez de babas\u00fa - Distribuidor mayorista","robots":{"index":"index","follow":"follow","max-snippet":"max-snippet:-1","max-image-preview":"max-image-preview:large","max-video-preview":"max-video-preview:-1"},"canonical":"https:\/\/naturalpoland.com\/es\/productos\/aceites-alimentarios-y-cosmeticos\/aceite-de-nuez-de-babasu\/","og_locale":"es_ES","og_type":"article","og_title":"Aceite de nuez de babas\u00fa - Distribuidor mayorista","og_description":"Aceite de nuez de babas\u00fa se obtiene de las nueces de la palma brasile\u00f1a. Se produce en el proceso de prensado en fr\u00edo. Se utiliza principalmente como aditivo en cosm\u00e9ticos hidratantes para pieles muy secas y cremas de protecci\u00f3n solar. Tambi\u00e9n se puede utilizar en el cuidado del cabello da\u00f1ado y seco.","og_url":"https:\/\/naturalpoland.com\/es\/productos\/aceites-alimentarios-y-cosmeticos\/aceite-de-nuez-de-babasu\/","og_site_name":"NATURAL POLAND - Distribuidor Mayorista de Materias Primas","article_publisher":"https:\/\/www.facebook.com\/naturalpoland.b2b","og_image":[{"width":614,"height":614,"url":"https:\/\/naturalpoland.com\/wp-content\/uploads\/olej-babassu.webp","type":"image\/webp"}],"schema":{"@context":"https:\/\/schema.org","@graph":[{"@type":"WebPage","@id":"https:\/\/naturalpoland.com\/es\/productos\/aceites-alimentarios-y-cosmeticos\/aceite-de-nuez-de-babasu\/","url":"https:\/\/naturalpoland.com\/es\/productos\/aceites-alimentarios-y-cosmeticos\/aceite-de-nuez-de-babasu\/","name":"Aceite de nuez de babas\u00fa - Distribuidor mayorista","isPartOf":{"@id":"https:\/\/naturalpoland.com\/es\/#website"},"primaryImageOfPage":{"@id":"https:\/\/naturalpoland.com\/es\/productos\/aceites-alimentarios-y-cosmeticos\/aceite-de-nuez-de-babasu\/#primaryimage"},"image":{"@id":"https:\/\/naturalpoland.com\/es\/productos\/aceites-alimentarios-y-cosmeticos\/aceite-de-nuez-de-babasu\/#primaryimage"},"thumbnailUrl":"https:\/\/naturalpoland.com\/wp-content\/uploads\/olej-babassu.webp","datePublished":"2021-09-21T12:36:02+00:00","breadcrumb":{"@id":"https:\/\/naturalpoland.com\/es\/productos\/aceites-alimentarios-y-cosmeticos\/aceite-de-nuez-de-babasu\/#breadcrumb"},"inLanguage":"es","potentialAction":[{"@type":"ReadAction","target":["https:\/\/naturalpoland.com\/es\/productos\/aceites-alimentarios-y-cosmeticos\/aceite-de-nuez-de-babasu\/"]}]},{"@type":"ImageObject","inLanguage":"es","@id":"https:\/\/naturalpoland.com\/es\/productos\/aceites-alimentarios-y-cosmeticos\/aceite-de-nuez-de-babasu\/#primaryimage","url":"https:\/\/naturalpoland.com\/wp-content\/uploads\/olej-babassu.webp","contentUrl":"https:\/\/naturalpoland.com\/wp-content\/uploads\/olej-babassu.webp","width":614,"height":614,"caption":"olej babassu"},{"@type":"BreadcrumbList","@id":"https:\/\/naturalpoland.com\/es\/productos\/aceites-alimentarios-y-cosmeticos\/aceite-de-nuez-de-babasu\/#breadcrumb","itemListElement":[{"@type":"ListItem","position":1,"name":"Inicio","item":"https:\/\/naturalpoland.com\/es\/"},{"@type":"ListItem","position":2,"name":"Productos","item":"https:\/\/naturalpoland.com\/es\/productos\/"},{"@type":"ListItem","position":3,"name":"Aceite de nuez de babas\u00fa"}]},{"@type":"WebSite","@id":"https:\/\/naturalpoland.com\/es\/#website","url":"https:\/\/naturalpoland.com\/es\/","name":"NATURAL POLAND - Distribuidor Mayorista de Materias Primas","description":"Surowce dla przemys\u0142u spo\u017cywczego, kosmetycznego i farmaceutycznego","publisher":{"@id":"https:\/\/naturalpoland.com\/es\/#organization"},"potentialAction":[{"@type":"SearchAction","target":{"@type":"EntryPoint","urlTemplate":"https:\/\/naturalpoland.com\/es\/?s={search_term_string}"},"query-input":{"@type":"PropertyValueSpecification","valueRequired":true,"valueName":"search_term_string"}}],"inLanguage":"es"},{"@type":"Organization","@id":"https:\/\/naturalpoland.com\/es\/#organization","name":"Natural Poland","url":"https:\/\/naturalpoland.com\/es\/","logo":{"@type":"ImageObject","inLanguage":"es","@id":"https:\/\/naturalpoland.com\/es\/#\/schema\/logo\/image\/","url":"https:\/\/naturalpoland.com\/wp-content\/uploads\/2021\/05\/natural-poland-icon.png","contentUrl":"https:\/\/naturalpoland.com\/wp-content\/uploads\/2021\/05\/natural-poland-icon.png","width":512,"height":512,"caption":"Natural Poland"},"image":{"@id":"https:\/\/naturalpoland.com\/es\/#\/schema\/logo\/image\/"},"sameAs":["https:\/\/www.facebook.com\/naturalpoland.b2b","https:\/\/pl.linkedin.com\/company\/natural-poland","https:\/\/www.youtube.com\/channel\/UCgeGGkvOMahZo-xu_MSEWxg"]}]}},"_links":{"self":[{"href":"https:\/\/naturalpoland.com\/es\/wp-json\/wp\/v2\/product\/11916","targetHints":{"allow":["GET"]}}],"collection":[{"href":"https:\/\/naturalpoland.com\/es\/wp-json\/wp\/v2\/product"}],"about":[{"href":"https:\/\/naturalpoland.com\/es\/wp-json\/wp\/v2\/types\/product"}],"wp:featuredmedia":[{"embeddable":true,"href":"https:\/\/naturalpoland.com\/es\/wp-json\/wp\/v2\/media\/38152"}],"wp:attachment":[{"href":"https:\/\/naturalpoland.com\/es\/wp-json\/wp\/v2\/media?parent=11916"}],"wp:term":[{"taxonomy":"product_brand","embeddable":true,"href":"https:\/\/naturalpoland.com\/es\/wp-json\/wp\/v2\/product_brand?post=11916"},{"taxonomy":"product_cat","embeddable":true,"href":"https:\/\/naturalpoland.com\/es\/wp-json\/wp\/v2\/product_cat?post=11916"},{"taxonomy":"product_tag","embeddable":true,"href":"https:\/\/naturalpoland.com\/es\/wp-json\/wp\/v2\/product_tag?post=11916"}],"curies":[{"name":"wp","href":"https:\/\/api.w.org\/{rel}","templated":true}]}}