{"id":11934,"date":"2021-05-11T13:52:08","date_gmt":"2021-05-11T11:52:08","guid":{"rendered":"https:\/\/naturalpoland.pl\/produkty\/sin%20categor\u00eda\/aceite-de-rosa-mosqueta\/"},"modified":"2026-02-19T13:42:55","modified_gmt":"2026-02-19T12:42:55","slug":"aceite-de-pulpa-de-fruta-de-rosa-silvestre","status":"publish","type":"product","link":"https:\/\/naturalpoland.com\/es\/productos\/productos-para-la-industria-cosmetica\/aceites-cosmeticos\/aceite-de-pulpa-de-fruta-de-rosa-silvestre\/","title":{"rendered":"Aceite de rosa mosqueta"},"content":{"rendered":"<h2>Composici\u00f3n del aceite de rosa mosqueta<\/h2>\n<p>Este aceite es rico en ingredientes naturales como \u00e1cidos grasos esenciales insaturados (AGEI), vitaminas C, A y E, flavonoides y \u00e1cido retinoico. La proporci\u00f3n en masa relativa de \u00e1cidos grasos es la siguiente: <\/p>\n<table>\n<tbody>\n<tr>\n<td>\u00c1cido Palm\u00edtico (C 16:0)<\/td>\n<td>6,9%<\/td>\n<\/tr>\n<tr>\n<td>Palmitoleico (C 16:1)<\/td>\n<td>0,12%<\/td>\n<\/tr>\n<tr>\n<td>\u00c1cido Este\u00e1rico (C 18:0)<\/td>\n<td>4,5%<\/td>\n<\/tr>\n<tr>\n<td>\u00c1cido Oleico (C 18:1)<\/td>\n<td>22,3%<\/td>\n<\/tr>\n<tr>\n<td>\u00c1cido Linoleico (C 18:2)<\/td>\n<td>47,1%<\/td>\n<\/tr>\n<tr>\n<td>\u00c1cido Linol\u00e9nico (C 18:3)<\/td>\n<td>17,0%<\/td>\n<\/tr>\n<tr>\n<td>\u00c1cido Araqu\u00eddico (C 20:0)<\/td>\n<td>0,22%<\/td>\n<\/tr>\n<tr>\n<td>\u00c1cido Eicosenoico (C 20:1)<\/td>\n<td>0,12%<\/td>\n<\/tr>\n<tr>\n<td>\u00c1cido Beh\u00e9nico (C 22:0)<\/td>\n<td>0,4%<\/td>\n<\/tr>\n<tr>\n<td>\u00c1cido Lignoc\u00e9rico (C 24:0)<\/td>\n<td>0,3%<\/td>\n<\/tr>\n<\/tbody>\n<\/table>\n<p>&nbsp;<\/p>\n<h2>Propiedades:<\/h2>\n<p>El aceite de rosa mosqueta posee <strong>propiedades regeneradoras<\/strong>, <strong>hidratantes<\/strong> y <strong>antienvejecimiento<\/strong>. El alto contenido de \u00e1cidos grasos linoleico y linol\u00e9nico favorece la reconstrucci\u00f3n de la barrera protectora de la piel, acelera la cicatrizaci\u00f3n de heridas, reduce las estr\u00edas y disminuye la visibilidad de las arrugas. La vitamina C, rica en antioxidantes, previene el envejecimiento de la piel, y su forma natural, que no reacciona con el hierro, protege contra los radicales libres t\u00f3xicos. Gracias a esto, el aceite es excepcionalmente seguro para la piel y no causa irritaciones.   <\/p>\n<p>&nbsp;<\/p>\n<h2>Aplicaci\u00f3n:<\/h2>\n<p>El producto es ideal para el <strong>cuidado de todo tipo de piel<\/strong>, especialmente la seca, madura y sensible. No obstruye los poros, por lo que tambi\u00e9n es adecuado para pieles grasas y con acn\u00e9. Su uso regular mejora la elasticidad de la piel, unifica su tono y reduce las manchas y cicatrices.  <\/p>\n<p>Este aceite tambi\u00e9n es ideal para el <strong>cuidado del cabello<\/strong>: hidrata, fortalece y mejora la elasticidad. Se puede aplicar directamente sobre la piel, el cabello o como aditivo en cosm\u00e9ticos como cremas, lociones y mascarillas. Tiene una acci\u00f3n suave y se puede utilizar incluso en zonas sensibles, como el contorno de ojos.  <\/p>\n<p>El aceite de rosa mosqueta a menudo se denomina \u00abaceite de la juventud\u00bb porque ayuda eficazmente a mantener una piel radiante, sana y joven.<\/p>\n","protected":false},"excerpt":{"rendered":"<p>El <strong>aceite de rosa mosqueta Rosa Canina<\/strong> se prensa en fr\u00edo a partir de los frutos enteros de arbustos de rosa silvestre. Se caracteriza por su color naranja claro y un aroma delicado y afrutado. <\/p>\n","protected":false},"featured_media":36040,"template":"","meta":{"_acf_changed":false},"product_brand":[],"product_cat":[1063,1080,1069],"product_tag":[],"class_list":{"0":"post-11934","1":"product","2":"type-product","3":"status-publish","4":"has-post-thumbnail","6":"product_cat-aceites-alimentarios","7":"product_cat-aceites-alimentarios-y-cosmeticos","8":"product_cat-aceites-cosmeticos","10":"first","11":"instock","12":"shipping-taxable","13":"product-type-simple"},"acf":[],"yoast_head":"<!-- This site is optimized with the Yoast SEO plugin v27.5 - https:\/\/yoast.com\/product\/yoast-seo-wordpress\/ -->\n<title>Aceite de rosa mosqueta - NATURAL POLAND - Distribuidor Mayorista de Materias Primas<\/title>\n<meta name=\"description\" content=\"El aceite de rosa mosqueta Rosa Canina es un producto de la m\u00e1s alta calidad, prensado en fr\u00edo a partir de los frutos enteros de arbustos de rosa silvestre.\" \/>\n<meta name=\"robots\" content=\"index, follow, max-snippet:-1, max-image-preview:large, max-video-preview:-1\" \/>\n<link rel=\"canonical\" href=\"https:\/\/naturalpoland.com\/es\/productos\/productos-para-la-industria-cosmetica\/aceites-cosmeticos\/aceite-de-pulpa-de-fruta-de-rosa-silvestre\/\" \/>\n<meta property=\"og:locale\" content=\"es_ES\" \/>\n<meta property=\"og:type\" content=\"article\" \/>\n<meta property=\"og:title\" content=\"Aceite de rosa mosqueta - NATURAL POLAND - Distribuidor Mayorista de Materias Primas\" \/>\n<meta property=\"og:description\" content=\"El aceite de rosa mosqueta Rosa Canina es un producto de la m\u00e1s alta calidad, prensado en fr\u00edo a partir de los frutos enteros de arbustos de rosa silvestre.\" \/>\n<meta property=\"og:url\" content=\"https:\/\/naturalpoland.com\/es\/productos\/productos-para-la-industria-cosmetica\/aceites-cosmeticos\/aceite-de-pulpa-de-fruta-de-rosa-silvestre\/\" \/>\n<meta property=\"og:site_name\" content=\"NATURAL POLAND - Distribuidor Mayorista de Materias Primas\" \/>\n<meta property=\"article:publisher\" content=\"https:\/\/www.facebook.com\/naturalpoland.b2b\" \/>\n<meta property=\"article:modified_time\" content=\"2026-02-19T12:42:55+00:00\" \/>\n<meta property=\"og:image\" content=\"https:\/\/naturalpoland.com\/wp-content\/uploads\/olej-z-owocow-dzikiej-rozy.webp\" \/>\n\t<meta property=\"og:image:width\" content=\"619\" \/>\n\t<meta property=\"og:image:height\" content=\"619\" \/>\n\t<meta property=\"og:image:type\" content=\"image\/webp\" \/>\n<script type=\"application\/ld+json\" class=\"yoast-schema-graph\">{\"@context\":\"https:\\\/\\\/schema.org\",\"@graph\":[{\"@type\":\"WebPage\",\"@id\":\"https:\\\/\\\/naturalpoland.com\\\/es\\\/productos\\\/productos-para-la-industria-cosmetica\\\/aceites-cosmeticos\\\/aceite-de-pulpa-de-fruta-de-rosa-silvestre\\\/\",\"url\":\"https:\\\/\\\/naturalpoland.com\\\/es\\\/productos\\\/productos-para-la-industria-cosmetica\\\/aceites-cosmeticos\\\/aceite-de-pulpa-de-fruta-de-rosa-silvestre\\\/\",\"name\":\"Aceite de rosa mosqueta - NATURAL POLAND - Distribuidor Mayorista de Materias Primas\",\"isPartOf\":{\"@id\":\"https:\\\/\\\/naturalpoland.com\\\/es\\\/#website\"},\"primaryImageOfPage\":{\"@id\":\"https:\\\/\\\/naturalpoland.com\\\/es\\\/productos\\\/productos-para-la-industria-cosmetica\\\/aceites-cosmeticos\\\/aceite-de-pulpa-de-fruta-de-rosa-silvestre\\\/#primaryimage\"},\"image\":{\"@id\":\"https:\\\/\\\/naturalpoland.com\\\/es\\\/productos\\\/productos-para-la-industria-cosmetica\\\/aceites-cosmeticos\\\/aceite-de-pulpa-de-fruta-de-rosa-silvestre\\\/#primaryimage\"},\"thumbnailUrl\":\"https:\\\/\\\/naturalpoland.com\\\/wp-content\\\/uploads\\\/olej-z-owocow-dzikiej-rozy.webp\",\"datePublished\":\"2021-05-11T11:52:08+00:00\",\"dateModified\":\"2026-02-19T12:42:55+00:00\",\"description\":\"El aceite de rosa mosqueta Rosa Canina es un producto de la m\u00e1s alta calidad, prensado en fr\u00edo a partir de los frutos enteros de arbustos de rosa silvestre.\",\"breadcrumb\":{\"@id\":\"https:\\\/\\\/naturalpoland.com\\\/es\\\/productos\\\/productos-para-la-industria-cosmetica\\\/aceites-cosmeticos\\\/aceite-de-pulpa-de-fruta-de-rosa-silvestre\\\/#breadcrumb\"},\"inLanguage\":\"es\",\"potentialAction\":[{\"@type\":\"ReadAction\",\"target\":[\"https:\\\/\\\/naturalpoland.com\\\/es\\\/productos\\\/productos-para-la-industria-cosmetica\\\/aceites-cosmeticos\\\/aceite-de-pulpa-de-fruta-de-rosa-silvestre\\\/\"]}]},{\"@type\":\"ImageObject\",\"inLanguage\":\"es\",\"@id\":\"https:\\\/\\\/naturalpoland.com\\\/es\\\/productos\\\/productos-para-la-industria-cosmetica\\\/aceites-cosmeticos\\\/aceite-de-pulpa-de-fruta-de-rosa-silvestre\\\/#primaryimage\",\"url\":\"https:\\\/\\\/naturalpoland.com\\\/wp-content\\\/uploads\\\/olej-z-owocow-dzikiej-rozy.webp\",\"contentUrl\":\"https:\\\/\\\/naturalpoland.com\\\/wp-content\\\/uploads\\\/olej-z-owocow-dzikiej-rozy.webp\",\"width\":619,\"height\":619,\"caption\":\"Aceite de rosa mosqueta Rosa Canina\"},{\"@type\":\"BreadcrumbList\",\"@id\":\"https:\\\/\\\/naturalpoland.com\\\/es\\\/productos\\\/productos-para-la-industria-cosmetica\\\/aceites-cosmeticos\\\/aceite-de-pulpa-de-fruta-de-rosa-silvestre\\\/#breadcrumb\",\"itemListElement\":[{\"@type\":\"ListItem\",\"position\":1,\"name\":\"Inicio\",\"item\":\"https:\\\/\\\/naturalpoland.com\\\/es\\\/\"},{\"@type\":\"ListItem\",\"position\":2,\"name\":\"Productos\",\"item\":\"https:\\\/\\\/naturalpoland.com\\\/es\\\/productos\\\/\"},{\"@type\":\"ListItem\",\"position\":3,\"name\":\"Aceite de rosa mosqueta\"}]},{\"@type\":\"WebSite\",\"@id\":\"https:\\\/\\\/naturalpoland.com\\\/es\\\/#website\",\"url\":\"https:\\\/\\\/naturalpoland.com\\\/es\\\/\",\"name\":\"NATURAL POLAND - Distribuidor Mayorista de Materias Primas\",\"description\":\"Surowce dla przemys\u0142u spo\u017cywczego, kosmetycznego i farmaceutycznego\",\"publisher\":{\"@id\":\"https:\\\/\\\/naturalpoland.com\\\/es\\\/#organization\"},\"potentialAction\":[{\"@type\":\"SearchAction\",\"target\":{\"@type\":\"EntryPoint\",\"urlTemplate\":\"https:\\\/\\\/naturalpoland.com\\\/es\\\/?s={search_term_string}\"},\"query-input\":{\"@type\":\"PropertyValueSpecification\",\"valueRequired\":true,\"valueName\":\"search_term_string\"}}],\"inLanguage\":\"es\"},{\"@type\":\"Organization\",\"@id\":\"https:\\\/\\\/naturalpoland.com\\\/es\\\/#organization\",\"name\":\"Natural Poland\",\"url\":\"https:\\\/\\\/naturalpoland.com\\\/es\\\/\",\"logo\":{\"@type\":\"ImageObject\",\"inLanguage\":\"es\",\"@id\":\"https:\\\/\\\/naturalpoland.com\\\/es\\\/#\\\/schema\\\/logo\\\/image\\\/\",\"url\":\"https:\\\/\\\/naturalpoland.com\\\/wp-content\\\/uploads\\\/2021\\\/05\\\/natural-poland-icon.png\",\"contentUrl\":\"https:\\\/\\\/naturalpoland.com\\\/wp-content\\\/uploads\\\/2021\\\/05\\\/natural-poland-icon.png\",\"width\":512,\"height\":512,\"caption\":\"Natural Poland\"},\"image\":{\"@id\":\"https:\\\/\\\/naturalpoland.com\\\/es\\\/#\\\/schema\\\/logo\\\/image\\\/\"},\"sameAs\":[\"https:\\\/\\\/www.facebook.com\\\/naturalpoland.b2b\",\"https:\\\/\\\/pl.linkedin.com\\\/company\\\/natural-poland\",\"https:\\\/\\\/www.youtube.com\\\/channel\\\/UCgeGGkvOMahZo-xu_MSEWxg\"]}]}<\/script>\n<!-- \/ Yoast SEO plugin. -->","yoast_head_json":{"title":"Aceite de rosa mosqueta - NATURAL POLAND - Distribuidor Mayorista de Materias Primas","description":"El aceite de rosa mosqueta Rosa Canina es un producto de la m\u00e1s alta calidad, prensado en fr\u00edo a partir de los frutos enteros de arbustos de rosa silvestre.","robots":{"index":"index","follow":"follow","max-snippet":"max-snippet:-1","max-image-preview":"max-image-preview:large","max-video-preview":"max-video-preview:-1"},"canonical":"https:\/\/naturalpoland.com\/es\/productos\/productos-para-la-industria-cosmetica\/aceites-cosmeticos\/aceite-de-pulpa-de-fruta-de-rosa-silvestre\/","og_locale":"es_ES","og_type":"article","og_title":"Aceite de rosa mosqueta - NATURAL POLAND - Distribuidor Mayorista de Materias Primas","og_description":"El aceite de rosa mosqueta Rosa Canina es un producto de la m\u00e1s alta calidad, prensado en fr\u00edo a partir de los frutos enteros de arbustos de rosa silvestre.","og_url":"https:\/\/naturalpoland.com\/es\/productos\/productos-para-la-industria-cosmetica\/aceites-cosmeticos\/aceite-de-pulpa-de-fruta-de-rosa-silvestre\/","og_site_name":"NATURAL POLAND - Distribuidor Mayorista de Materias Primas","article_publisher":"https:\/\/www.facebook.com\/naturalpoland.b2b","article_modified_time":"2026-02-19T12:42:55+00:00","og_image":[{"width":619,"height":619,"url":"https:\/\/naturalpoland.com\/wp-content\/uploads\/olej-z-owocow-dzikiej-rozy.webp","type":"image\/webp"}],"schema":{"@context":"https:\/\/schema.org","@graph":[{"@type":"WebPage","@id":"https:\/\/naturalpoland.com\/es\/productos\/productos-para-la-industria-cosmetica\/aceites-cosmeticos\/aceite-de-pulpa-de-fruta-de-rosa-silvestre\/","url":"https:\/\/naturalpoland.com\/es\/productos\/productos-para-la-industria-cosmetica\/aceites-cosmeticos\/aceite-de-pulpa-de-fruta-de-rosa-silvestre\/","name":"Aceite de rosa mosqueta - NATURAL POLAND - Distribuidor Mayorista de Materias Primas","isPartOf":{"@id":"https:\/\/naturalpoland.com\/es\/#website"},"primaryImageOfPage":{"@id":"https:\/\/naturalpoland.com\/es\/productos\/productos-para-la-industria-cosmetica\/aceites-cosmeticos\/aceite-de-pulpa-de-fruta-de-rosa-silvestre\/#primaryimage"},"image":{"@id":"https:\/\/naturalpoland.com\/es\/productos\/productos-para-la-industria-cosmetica\/aceites-cosmeticos\/aceite-de-pulpa-de-fruta-de-rosa-silvestre\/#primaryimage"},"thumbnailUrl":"https:\/\/naturalpoland.com\/wp-content\/uploads\/olej-z-owocow-dzikiej-rozy.webp","datePublished":"2021-05-11T11:52:08+00:00","dateModified":"2026-02-19T12:42:55+00:00","description":"El aceite de rosa mosqueta Rosa Canina es un producto de la m\u00e1s alta calidad, prensado en fr\u00edo a partir de los frutos enteros de arbustos de rosa silvestre.","breadcrumb":{"@id":"https:\/\/naturalpoland.com\/es\/productos\/productos-para-la-industria-cosmetica\/aceites-cosmeticos\/aceite-de-pulpa-de-fruta-de-rosa-silvestre\/#breadcrumb"},"inLanguage":"es","potentialAction":[{"@type":"ReadAction","target":["https:\/\/naturalpoland.com\/es\/productos\/productos-para-la-industria-cosmetica\/aceites-cosmeticos\/aceite-de-pulpa-de-fruta-de-rosa-silvestre\/"]}]},{"@type":"ImageObject","inLanguage":"es","@id":"https:\/\/naturalpoland.com\/es\/productos\/productos-para-la-industria-cosmetica\/aceites-cosmeticos\/aceite-de-pulpa-de-fruta-de-rosa-silvestre\/#primaryimage","url":"https:\/\/naturalpoland.com\/wp-content\/uploads\/olej-z-owocow-dzikiej-rozy.webp","contentUrl":"https:\/\/naturalpoland.com\/wp-content\/uploads\/olej-z-owocow-dzikiej-rozy.webp","width":619,"height":619,"caption":"Aceite de rosa mosqueta Rosa Canina"},{"@type":"BreadcrumbList","@id":"https:\/\/naturalpoland.com\/es\/productos\/productos-para-la-industria-cosmetica\/aceites-cosmeticos\/aceite-de-pulpa-de-fruta-de-rosa-silvestre\/#breadcrumb","itemListElement":[{"@type":"ListItem","position":1,"name":"Inicio","item":"https:\/\/naturalpoland.com\/es\/"},{"@type":"ListItem","position":2,"name":"Productos","item":"https:\/\/naturalpoland.com\/es\/productos\/"},{"@type":"ListItem","position":3,"name":"Aceite de rosa mosqueta"}]},{"@type":"WebSite","@id":"https:\/\/naturalpoland.com\/es\/#website","url":"https:\/\/naturalpoland.com\/es\/","name":"NATURAL POLAND - Distribuidor Mayorista de Materias Primas","description":"Surowce dla przemys\u0142u spo\u017cywczego, kosmetycznego i farmaceutycznego","publisher":{"@id":"https:\/\/naturalpoland.com\/es\/#organization"},"potentialAction":[{"@type":"SearchAction","target":{"@type":"EntryPoint","urlTemplate":"https:\/\/naturalpoland.com\/es\/?s={search_term_string}"},"query-input":{"@type":"PropertyValueSpecification","valueRequired":true,"valueName":"search_term_string"}}],"inLanguage":"es"},{"@type":"Organization","@id":"https:\/\/naturalpoland.com\/es\/#organization","name":"Natural Poland","url":"https:\/\/naturalpoland.com\/es\/","logo":{"@type":"ImageObject","inLanguage":"es","@id":"https:\/\/naturalpoland.com\/es\/#\/schema\/logo\/image\/","url":"https:\/\/naturalpoland.com\/wp-content\/uploads\/2021\/05\/natural-poland-icon.png","contentUrl":"https:\/\/naturalpoland.com\/wp-content\/uploads\/2021\/05\/natural-poland-icon.png","width":512,"height":512,"caption":"Natural Poland"},"image":{"@id":"https:\/\/naturalpoland.com\/es\/#\/schema\/logo\/image\/"},"sameAs":["https:\/\/www.facebook.com\/naturalpoland.b2b","https:\/\/pl.linkedin.com\/company\/natural-poland","https:\/\/www.youtube.com\/channel\/UCgeGGkvOMahZo-xu_MSEWxg"]}]}},"_links":{"self":[{"href":"https:\/\/naturalpoland.com\/es\/wp-json\/wp\/v2\/product\/11934","targetHints":{"allow":["GET"]}}],"collection":[{"href":"https:\/\/naturalpoland.com\/es\/wp-json\/wp\/v2\/product"}],"about":[{"href":"https:\/\/naturalpoland.com\/es\/wp-json\/wp\/v2\/types\/product"}],"wp:featuredmedia":[{"embeddable":true,"href":"https:\/\/naturalpoland.com\/es\/wp-json\/wp\/v2\/media\/36040"}],"wp:attachment":[{"href":"https:\/\/naturalpoland.com\/es\/wp-json\/wp\/v2\/media?parent=11934"}],"wp:term":[{"taxonomy":"product_brand","embeddable":true,"href":"https:\/\/naturalpoland.com\/es\/wp-json\/wp\/v2\/product_brand?post=11934"},{"taxonomy":"product_cat","embeddable":true,"href":"https:\/\/naturalpoland.com\/es\/wp-json\/wp\/v2\/product_cat?post=11934"},{"taxonomy":"product_tag","embeddable":true,"href":"https:\/\/naturalpoland.com\/es\/wp-json\/wp\/v2\/product_tag?post=11934"}],"curies":[{"name":"wp","href":"https:\/\/api.w.org\/{rel}","templated":true}]}}