{"id":11950,"date":"2021-05-11T13:52:09","date_gmt":"2021-09-21T12:36:37","guid":{"rendered":"https:\/\/naturalpoland.pl\/produkty\/sin categor\u00eda\/aceite-de-semilla-de-kukui\/"},"modified":"2021-09-21T14:36:37","modified_gmt":"2021-09-21T12:36:37","slug":"aceite-de-semilla-de-kukui","status":"publish","type":"product","link":"https:\/\/naturalpoland.com\/es\/productos\/aceites-alimentarios-y-cosmeticos\/aceite-de-semilla-de-kukui\/","title":{"rendered":"Aceite de semilla de kukui"},"content":{"rendered":"<p>Para piel seca:<br \/>\nEl aceite de semilla de Kukui funciona especialmente bien en el cuidado de la piel seca. Se absorbe r\u00e1pidamente y no deja una pel\u00edcula grasa en la piel. Protege eficazmente la piel del viento, el fr\u00edo y las radiaciones solares. Tradicionalmente, se ha utilizado para aliviar la picaz\u00f3n y curar heridas.<\/p>\n","protected":false},"excerpt":{"rendered":"<p><strong>Aceite de semilla de kukui<\/strong> Se obtiene de las semillas del tungsteno de Malusan. \u00abKukui\u00bb en hawaiano significa iluminaci\u00f3n. Este aceite no se usa con mucha frecuencia en la producci\u00f3n de cosm\u00e9ticos, a pesar de que tiene todas las predisposiciones para convertirse en un \u00e9xito. Este aceite es una rica fuente de: \u00e1cidos grasos insaturados, principalmente \u00e1cido linoleico, \u00e1cido oleico y \u00e1cido alfa-linol\u00e9nico (ALA).<\/p>\n","protected":false},"featured_media":11953,"template":"","meta":{"_acf_changed":false},"product_brand":[],"product_cat":[1080],"product_tag":[],"class_list":{"0":"post-11950","1":"product","2":"type-product","3":"status-publish","4":"has-post-thumbnail","6":"product_cat-aceites-alimentarios-y-cosmeticos","8":"first","9":"instock","10":"shipping-taxable","11":"product-type-simple"},"acf":[],"yoast_head":"<!-- This site is optimized with the Yoast SEO plugin v27.4 - https:\/\/yoast.com\/product\/yoast-seo-wordpress\/ -->\n<title>Aceite de semilla de kukui - Distribuidor mayorista<\/title>\n<meta name=\"robots\" content=\"index, follow, max-snippet:-1, max-image-preview:large, max-video-preview:-1\" \/>\n<link rel=\"canonical\" href=\"https:\/\/naturalpoland.com\/es\/productos\/aceites-alimentarios-y-cosmeticos\/aceite-de-semilla-de-kukui\/\" \/>\n<meta property=\"og:locale\" content=\"es_ES\" \/>\n<meta property=\"og:type\" content=\"article\" \/>\n<meta property=\"og:title\" content=\"Aceite de semilla de kukui - Distribuidor mayorista\" \/>\n<meta property=\"og:description\" content=\"Aceite de semilla de kukui Se obtiene de las semillas del tungsteno de Malusan. &quot;Kukui&quot; en hawaiano significa iluminaci\u00f3n. Este aceite no se usa con mucha frecuencia en la producci\u00f3n de cosm\u00e9ticos, a pesar de que tiene todas las predisposiciones para convertirse en un \u00e9xito. Este aceite es una rica fuente de: \u00e1cidos grasos insaturados, principalmente \u00e1cido linoleico, \u00e1cido oleico y \u00e1cido alfa-linol\u00e9nico (ALA).\" \/>\n<meta property=\"og:url\" content=\"https:\/\/naturalpoland.com\/es\/productos\/aceites-alimentarios-y-cosmeticos\/aceite-de-semilla-de-kukui\/\" \/>\n<meta property=\"og:site_name\" content=\"NATURAL POLAND - Distribuidor Mayorista de Materias Primas\" \/>\n<meta property=\"article:publisher\" content=\"https:\/\/www.facebook.com\/naturalpoland.b2b\" \/>\n<meta property=\"og:image\" content=\"https:\/\/naturalpoland.com\/wp-content\/uploads\/2021\/05\/kukui-nut-oil.jpg\" \/>\n\t<meta property=\"og:image:width\" content=\"380\" \/>\n\t<meta property=\"og:image:height\" content=\"249\" \/>\n\t<meta property=\"og:image:type\" content=\"image\/jpeg\" \/>\n<script type=\"application\/ld+json\" class=\"yoast-schema-graph\">{\"@context\":\"https:\\\/\\\/schema.org\",\"@graph\":[{\"@type\":\"WebPage\",\"@id\":\"https:\\\/\\\/naturalpoland.com\\\/es\\\/productos\\\/aceites-alimentarios-y-cosmeticos\\\/aceite-de-semilla-de-kukui\\\/\",\"url\":\"https:\\\/\\\/naturalpoland.com\\\/es\\\/productos\\\/aceites-alimentarios-y-cosmeticos\\\/aceite-de-semilla-de-kukui\\\/\",\"name\":\"Aceite de semilla de kukui - Distribuidor mayorista\",\"isPartOf\":{\"@id\":\"https:\\\/\\\/naturalpoland.com\\\/es\\\/#website\"},\"primaryImageOfPage\":{\"@id\":\"https:\\\/\\\/naturalpoland.com\\\/es\\\/productos\\\/aceites-alimentarios-y-cosmeticos\\\/aceite-de-semilla-de-kukui\\\/#primaryimage\"},\"image\":{\"@id\":\"https:\\\/\\\/naturalpoland.com\\\/es\\\/productos\\\/aceites-alimentarios-y-cosmeticos\\\/aceite-de-semilla-de-kukui\\\/#primaryimage\"},\"thumbnailUrl\":\"https:\\\/\\\/naturalpoland.com\\\/wp-content\\\/uploads\\\/2021\\\/05\\\/kukui-nut-oil.jpg\",\"datePublished\":\"2021-09-21T12:36:37+00:00\",\"breadcrumb\":{\"@id\":\"https:\\\/\\\/naturalpoland.com\\\/es\\\/productos\\\/aceites-alimentarios-y-cosmeticos\\\/aceite-de-semilla-de-kukui\\\/#breadcrumb\"},\"inLanguage\":\"es\",\"potentialAction\":[{\"@type\":\"ReadAction\",\"target\":[\"https:\\\/\\\/naturalpoland.com\\\/es\\\/productos\\\/aceites-alimentarios-y-cosmeticos\\\/aceite-de-semilla-de-kukui\\\/\"]}]},{\"@type\":\"ImageObject\",\"inLanguage\":\"es\",\"@id\":\"https:\\\/\\\/naturalpoland.com\\\/es\\\/productos\\\/aceites-alimentarios-y-cosmeticos\\\/aceite-de-semilla-de-kukui\\\/#primaryimage\",\"url\":\"https:\\\/\\\/naturalpoland.com\\\/wp-content\\\/uploads\\\/2021\\\/05\\\/kukui-nut-oil.jpg\",\"contentUrl\":\"https:\\\/\\\/naturalpoland.com\\\/wp-content\\\/uploads\\\/2021\\\/05\\\/kukui-nut-oil.jpg\",\"width\":380,\"height\":249},{\"@type\":\"BreadcrumbList\",\"@id\":\"https:\\\/\\\/naturalpoland.com\\\/es\\\/productos\\\/aceites-alimentarios-y-cosmeticos\\\/aceite-de-semilla-de-kukui\\\/#breadcrumb\",\"itemListElement\":[{\"@type\":\"ListItem\",\"position\":1,\"name\":\"Inicio\",\"item\":\"https:\\\/\\\/naturalpoland.com\\\/es\\\/\"},{\"@type\":\"ListItem\",\"position\":2,\"name\":\"Productos\",\"item\":\"https:\\\/\\\/naturalpoland.com\\\/es\\\/productos\\\/\"},{\"@type\":\"ListItem\",\"position\":3,\"name\":\"Aceite de semilla de kukui\"}]},{\"@type\":\"WebSite\",\"@id\":\"https:\\\/\\\/naturalpoland.com\\\/es\\\/#website\",\"url\":\"https:\\\/\\\/naturalpoland.com\\\/es\\\/\",\"name\":\"NATURAL POLAND - Distribuidor Mayorista de Materias Primas\",\"description\":\"Surowce dla przemys\u0142u spo\u017cywczego, kosmetycznego i farmaceutycznego\",\"publisher\":{\"@id\":\"https:\\\/\\\/naturalpoland.com\\\/es\\\/#organization\"},\"potentialAction\":[{\"@type\":\"SearchAction\",\"target\":{\"@type\":\"EntryPoint\",\"urlTemplate\":\"https:\\\/\\\/naturalpoland.com\\\/es\\\/?s={search_term_string}\"},\"query-input\":{\"@type\":\"PropertyValueSpecification\",\"valueRequired\":true,\"valueName\":\"search_term_string\"}}],\"inLanguage\":\"es\"},{\"@type\":\"Organization\",\"@id\":\"https:\\\/\\\/naturalpoland.com\\\/es\\\/#organization\",\"name\":\"Natural Poland\",\"url\":\"https:\\\/\\\/naturalpoland.com\\\/es\\\/\",\"logo\":{\"@type\":\"ImageObject\",\"inLanguage\":\"es\",\"@id\":\"https:\\\/\\\/naturalpoland.com\\\/es\\\/#\\\/schema\\\/logo\\\/image\\\/\",\"url\":\"https:\\\/\\\/naturalpoland.com\\\/wp-content\\\/uploads\\\/2021\\\/05\\\/natural-poland-icon.png\",\"contentUrl\":\"https:\\\/\\\/naturalpoland.com\\\/wp-content\\\/uploads\\\/2021\\\/05\\\/natural-poland-icon.png\",\"width\":512,\"height\":512,\"caption\":\"Natural Poland\"},\"image\":{\"@id\":\"https:\\\/\\\/naturalpoland.com\\\/es\\\/#\\\/schema\\\/logo\\\/image\\\/\"},\"sameAs\":[\"https:\\\/\\\/www.facebook.com\\\/naturalpoland.b2b\",\"https:\\\/\\\/pl.linkedin.com\\\/company\\\/natural-poland\",\"https:\\\/\\\/www.youtube.com\\\/channel\\\/UCgeGGkvOMahZo-xu_MSEWxg\"]}]}<\/script>\n<!-- \/ Yoast SEO plugin. -->","yoast_head_json":{"title":"Aceite de semilla de kukui - Distribuidor mayorista","robots":{"index":"index","follow":"follow","max-snippet":"max-snippet:-1","max-image-preview":"max-image-preview:large","max-video-preview":"max-video-preview:-1"},"canonical":"https:\/\/naturalpoland.com\/es\/productos\/aceites-alimentarios-y-cosmeticos\/aceite-de-semilla-de-kukui\/","og_locale":"es_ES","og_type":"article","og_title":"Aceite de semilla de kukui - Distribuidor mayorista","og_description":"Aceite de semilla de kukui Se obtiene de las semillas del tungsteno de Malusan. \"Kukui\" en hawaiano significa iluminaci\u00f3n. Este aceite no se usa con mucha frecuencia en la producci\u00f3n de cosm\u00e9ticos, a pesar de que tiene todas las predisposiciones para convertirse en un \u00e9xito. Este aceite es una rica fuente de: \u00e1cidos grasos insaturados, principalmente \u00e1cido linoleico, \u00e1cido oleico y \u00e1cido alfa-linol\u00e9nico (ALA).","og_url":"https:\/\/naturalpoland.com\/es\/productos\/aceites-alimentarios-y-cosmeticos\/aceite-de-semilla-de-kukui\/","og_site_name":"NATURAL POLAND - Distribuidor Mayorista de Materias Primas","article_publisher":"https:\/\/www.facebook.com\/naturalpoland.b2b","og_image":[{"width":380,"height":249,"url":"https:\/\/naturalpoland.com\/wp-content\/uploads\/2021\/05\/kukui-nut-oil.jpg","type":"image\/jpeg"}],"schema":{"@context":"https:\/\/schema.org","@graph":[{"@type":"WebPage","@id":"https:\/\/naturalpoland.com\/es\/productos\/aceites-alimentarios-y-cosmeticos\/aceite-de-semilla-de-kukui\/","url":"https:\/\/naturalpoland.com\/es\/productos\/aceites-alimentarios-y-cosmeticos\/aceite-de-semilla-de-kukui\/","name":"Aceite de semilla de kukui - Distribuidor mayorista","isPartOf":{"@id":"https:\/\/naturalpoland.com\/es\/#website"},"primaryImageOfPage":{"@id":"https:\/\/naturalpoland.com\/es\/productos\/aceites-alimentarios-y-cosmeticos\/aceite-de-semilla-de-kukui\/#primaryimage"},"image":{"@id":"https:\/\/naturalpoland.com\/es\/productos\/aceites-alimentarios-y-cosmeticos\/aceite-de-semilla-de-kukui\/#primaryimage"},"thumbnailUrl":"https:\/\/naturalpoland.com\/wp-content\/uploads\/2021\/05\/kukui-nut-oil.jpg","datePublished":"2021-09-21T12:36:37+00:00","breadcrumb":{"@id":"https:\/\/naturalpoland.com\/es\/productos\/aceites-alimentarios-y-cosmeticos\/aceite-de-semilla-de-kukui\/#breadcrumb"},"inLanguage":"es","potentialAction":[{"@type":"ReadAction","target":["https:\/\/naturalpoland.com\/es\/productos\/aceites-alimentarios-y-cosmeticos\/aceite-de-semilla-de-kukui\/"]}]},{"@type":"ImageObject","inLanguage":"es","@id":"https:\/\/naturalpoland.com\/es\/productos\/aceites-alimentarios-y-cosmeticos\/aceite-de-semilla-de-kukui\/#primaryimage","url":"https:\/\/naturalpoland.com\/wp-content\/uploads\/2021\/05\/kukui-nut-oil.jpg","contentUrl":"https:\/\/naturalpoland.com\/wp-content\/uploads\/2021\/05\/kukui-nut-oil.jpg","width":380,"height":249},{"@type":"BreadcrumbList","@id":"https:\/\/naturalpoland.com\/es\/productos\/aceites-alimentarios-y-cosmeticos\/aceite-de-semilla-de-kukui\/#breadcrumb","itemListElement":[{"@type":"ListItem","position":1,"name":"Inicio","item":"https:\/\/naturalpoland.com\/es\/"},{"@type":"ListItem","position":2,"name":"Productos","item":"https:\/\/naturalpoland.com\/es\/productos\/"},{"@type":"ListItem","position":3,"name":"Aceite de semilla de kukui"}]},{"@type":"WebSite","@id":"https:\/\/naturalpoland.com\/es\/#website","url":"https:\/\/naturalpoland.com\/es\/","name":"NATURAL POLAND - Distribuidor Mayorista de Materias Primas","description":"Surowce dla przemys\u0142u spo\u017cywczego, kosmetycznego i farmaceutycznego","publisher":{"@id":"https:\/\/naturalpoland.com\/es\/#organization"},"potentialAction":[{"@type":"SearchAction","target":{"@type":"EntryPoint","urlTemplate":"https:\/\/naturalpoland.com\/es\/?s={search_term_string}"},"query-input":{"@type":"PropertyValueSpecification","valueRequired":true,"valueName":"search_term_string"}}],"inLanguage":"es"},{"@type":"Organization","@id":"https:\/\/naturalpoland.com\/es\/#organization","name":"Natural Poland","url":"https:\/\/naturalpoland.com\/es\/","logo":{"@type":"ImageObject","inLanguage":"es","@id":"https:\/\/naturalpoland.com\/es\/#\/schema\/logo\/image\/","url":"https:\/\/naturalpoland.com\/wp-content\/uploads\/2021\/05\/natural-poland-icon.png","contentUrl":"https:\/\/naturalpoland.com\/wp-content\/uploads\/2021\/05\/natural-poland-icon.png","width":512,"height":512,"caption":"Natural Poland"},"image":{"@id":"https:\/\/naturalpoland.com\/es\/#\/schema\/logo\/image\/"},"sameAs":["https:\/\/www.facebook.com\/naturalpoland.b2b","https:\/\/pl.linkedin.com\/company\/natural-poland","https:\/\/www.youtube.com\/channel\/UCgeGGkvOMahZo-xu_MSEWxg"]}]}},"_links":{"self":[{"href":"https:\/\/naturalpoland.com\/es\/wp-json\/wp\/v2\/product\/11950","targetHints":{"allow":["GET"]}}],"collection":[{"href":"https:\/\/naturalpoland.com\/es\/wp-json\/wp\/v2\/product"}],"about":[{"href":"https:\/\/naturalpoland.com\/es\/wp-json\/wp\/v2\/types\/product"}],"wp:featuredmedia":[{"embeddable":true,"href":"https:\/\/naturalpoland.com\/es\/wp-json\/wp\/v2\/media\/11953"}],"wp:attachment":[{"href":"https:\/\/naturalpoland.com\/es\/wp-json\/wp\/v2\/media?parent=11950"}],"wp:term":[{"taxonomy":"product_brand","embeddable":true,"href":"https:\/\/naturalpoland.com\/es\/wp-json\/wp\/v2\/product_brand?post=11950"},{"taxonomy":"product_cat","embeddable":true,"href":"https:\/\/naturalpoland.com\/es\/wp-json\/wp\/v2\/product_cat?post=11950"},{"taxonomy":"product_tag","embeddable":true,"href":"https:\/\/naturalpoland.com\/es\/wp-json\/wp\/v2\/product_tag?post=11950"}],"curies":[{"name":"wp","href":"https:\/\/api.w.org\/{rel}","templated":true}]}}