{"id":11952,"date":"2021-05-11T13:52:10","date_gmt":"2021-05-11T11:52:10","guid":{"rendered":"https:\/\/naturalpoland.pl\/produkty\/sin%20categor\u00eda\/aceite-de-semilla-de-albaricoque\/"},"modified":"2026-01-07T11:57:33","modified_gmt":"2026-01-07T10:57:33","slug":"aceite-de-semilla-de-albaricoque","status":"publish","type":"product","link":"https:\/\/naturalpoland.com\/es\/productos\/productos-para-la-industria-cosmetica\/aceites-cosmeticos\/aceite-de-semilla-de-albaricoque\/","title":{"rendered":"Aceite de semilla de albaricoque"},"content":{"rendered":"<p>Las mayores zonas de plantaci\u00f3n de albaricoques pertenecen a Turqu\u00eda, Italia, Ir\u00e1n y Argelia. Con los albaricoques se pueden producir mermeladas y zumos. Para no desperdiciar los huesos, se empez\u00f3 a producir aceites a partir de ellos.  <\/p>\n<p>El aceite de hueso de albaricoque tiene un color dorado y su sabor puede describirse como almendrado-mazap\u00e1n. Los huesos de albaricoque se consideraban inicialmente un desecho, por lo que, para aprovechar al m\u00e1ximo las propiedades de la fruta, se investig\u00f3 que el hueso tambi\u00e9n posee una composici\u00f3n que permite obtener de \u00e9l un producto con propiedades beneficiosas. <\/p>\n<p>&nbsp;<\/p>\n<h2>Propiedades del aceite de hueso de albaricoque<\/h2>\n<p>El aceite de hueso de albaricoque, sobre todo, alisa e hidrata la piel seca y nutre las puntas secas del cabello. Es ligero y delicado. Se absorbe con bastante rapidez y no deja manchas de grasa. El aceite es seguro para las personas al\u00e9rgicas y las personas con piel sensible.<\/p>\n<p>Cuando se aplica en el rostro, aporta luminosidad a la piel y reduce la visibilidad de las arrugas m\u00edmicas, que suaviza. Este aceite pertenece al grupo de los antioxidantes: ayuda a capturar los radicales libres que pueden provocar la aparici\u00f3n de arrugas. El aceite de hueso de albaricoque tambi\u00e9n ayuda a reducir la inflamaci\u00f3n. <\/p>\n<p>La acci\u00f3n b\u00e1sica del aceite de hueso de albaricoque incluye: fortalecimiento, alisado, elasticidad de la piel, reducci\u00f3n de arrugas, alivio de la inflamaci\u00f3n y aceleraci\u00f3n de la cicatrizaci\u00f3n, ayuda a igualar el tono de la piel.<\/p>\n<p>&nbsp;<\/p>\n<h2>Composici\u00f3n del aceite de hueso de albaricoque:<\/h2>\n<ul class=\"wp-block-list\">\n<li>\u00e1cidos grasos monoinsaturados,<\/li>\n<li>vitamina E,<\/li>\n<li>\u00e1cidos grasos poliinsaturados,<\/li>\n<li>fitosteroles,<\/li>\n<li>\u00e1cidos omega 3 y 6,<\/li>\n<li>compuestos fen\u00f3licos,<\/li>\n<li>sales minerales.<\/li>\n<\/ul>\n<h3><strong>Principales \u00e1cidos grasos:<\/strong><\/h3>\n<ul>\n<li>\u00c1cido oleico (54-74 %)<\/li>\n<li>\u00c1cido linoleico (12-35 %)<\/li>\n<li>\u00c1cido palm\u00edtico (3-10 %)<\/li>\n<li>\u00c1cido este\u00e1rico (m\u00e1x. 5 %)<\/li>\n<li>\u00c1cido palmitoleico (m\u00e1x. 2 %)<\/li>\n<li>\u00c1cido linol\u00e9nico (m\u00e1x. 1 %)<\/li>\n<\/ul>\n<h2><\/h2>\n<p>&nbsp;<\/p>\n<h2 class=\"wp-block-heading\">Aplicaciones del aceite de hueso de albaricoque:<\/h2>\n<p>&nbsp;<\/p>\n<p><strong>Industria alimentaria:<\/strong><\/p>\n<p>En la cocina, el aceite de hueso de albaricoque puede utilizarse como complemento de gachas, ensaladas, crudit\u00e9s, salsas y postres. Hay que recordar que no se debe calentar el aceite, ya que a temperaturas elevadas perder\u00e1 sus valiosas propiedades. <\/p>\n<p>&nbsp;<\/p>\n<p class=\"wp-block-heading\"><strong>Industria cosm\u00e9tica:<\/strong><\/p>\n<p>El aceite de hueso de albaricoque hidrata la piel seca y las puntas da\u00f1adas del cabello. Puede ser un remedio para la caspa. En cuanto al cabello, le ayudar\u00e1 a recuperar su antiguo brillo y fortalecer\u00e1 las puntas.  <\/p>\n<p>Tambi\u00e9n ser\u00e1 un excelente complemento para las cremas ya preparadas, basta con a\u00f1adir unas gotas a la crema de uso diario y disfrutar de los beneficios del aceite de hueso de albaricoque.<\/p>\n<p>Este aceite previene la irritaci\u00f3n, el enrojecimiento y la sequedad de la piel. Proporciona nutrici\u00f3n, alivio y cuidado de la piel. Alivia, revitaliza, nutre y regenera la piel y el cabello. Regula el nivel de sebo, elimina la hinchaz\u00f3n bajo los ojos y puede estimular el crecimiento del cabello. Restaura el brillo y la hidrataci\u00f3n del cabello de alta porosidad.    <\/p>\n<p>Productos cosm\u00e9ticos que pueden contener aceite de hueso de albaricoque en su composici\u00f3n:<\/p>\n<ul class=\"wp-block-list\">\n<li>Cremas<\/li>\n<li>Mascarillas para el cabello<\/li>\n<li>Mascarillas faciales,<\/li>\n<li>S\u00e9rum para cut\u00edculas y u\u00f1as,<\/li>\n<li>Aceite de ba\u00f1o,<\/li>\n<li>B\u00e1lsamo,<\/li>\n<li>Complemento para exfoliantes,<\/li>\n<li>Loci\u00f3n capilar,<\/li>\n<li>Aceite para las puntas,<\/li>\n<li>Aceite de masaje.<\/li>\n<\/ul>\n<p>&nbsp;<\/p>\n<p class=\"wp-block-heading\"><strong>Industria farmac\u00e9utica:<\/strong><\/p>\n<p>El aceite de hueso de albaricoque es \u00fatil en el tratamiento del acn\u00e9, la caspa, la tos, el asma y el estre\u00f1imiento. Se utiliza en el tratamiento de enfermedades del sistema circulatorio. Los \u00e1cidos grasos presentes en el aceite pueden ralentizar el desarrollo de la aterosclerosis e influir positivamente en los niveles de LDL.  <\/p>\n<p>El aceite prensado en fr\u00edo y destinado al consumo no contiene cantidades significativas de amigdalina, que se encuentra principalmente en los huesos enteros de albaricoque. Por lo tanto, cuando se utiliza aceite comestible de acuerdo con las recomendaciones del fabricante, no existe riesgo de liberaci\u00f3n de compuestos cianog\u00e9nicos. Se recomienda consumir el aceite de hueso de albaricoque fr\u00edo, en una cantidad de 1\u20132 cucharadas al d\u00eda, como complemento de ensaladas o platos preparados.  <\/p>\n<p>&nbsp;<\/p>\n<h2 class=\"wp-block-heading\">\u00bfC\u00f3mo utilizar el aceite de hueso de albaricoque?<\/h2>\n<p>Hay que recordar la dosis diaria recomendada de 1-2 cucharadas, en el caso de personas menores de 12 a\u00f1os, no se debe utilizar este aceite. En cosm\u00e9tica, puede utilizarse como producto independiente o como complemento de cosm\u00e9ticos ya preparados. <\/p>\n<p>&nbsp;<\/p>\n<h2 class=\"wp-block-heading\">\u00bfC\u00f3mo conservar el aceite de hueso de albaricoque?<\/h2>\n<p>Este aceite debe conservarse herm\u00e9ticamente cerrado, lejos de fuentes de calor y luz, y una vez abierto debe conservarse en el frigor\u00edfico. Debe dejarse en un lugar no visible para los ni\u00f1os. <\/p>\n<hr>\n<p><small><strong>Bibliograf\u00eda<\/strong>:<\/small><\/p>\n<p><small>Aceite de hueso de albaricoque \u2013 propiedades medicinales y consejos | PSNT (poznajsienatluszczach.pl)<br \/>\nAceite de hueso de albaricoque \u2013 propiedades y acci\u00f3n. \u00bfC\u00f3mo utilizar el aceite de hueso de albaricoque? (ekologia.pl)<br \/>\nAceite de albaricoque \u2013 \u00bfpara la piel, el cabello o para beber? \u00bfPara qu\u00e9 se utiliza el aceite de hueso de albaricoque? (wapteka.pl)<br \/>\nCaracter\u00edsticas de los aceites prensados en fr\u00edo de semillas de hierbas y huesos de frutas seleccionados,<br \/>\nGo\u017adzik Patrycja, Wroniak Ma\u0142gorzata, Florowska Anna, 202    <\/small><\/p>\n","protected":false},"excerpt":{"rendered":"<p>El <strong>aceite de hueso de albaricoque<\/strong> es una materia prima natural, obtenida mediante el prensado en fr\u00edo de almendras de frutos de <em>Prunus armeniaca<\/em>, es decir, albaricoques. Se caracteriza por una consistencia ligera, un color amarillo claro y un aroma delicado y caracter\u00edstico. <\/p>\n","protected":false},"featured_media":36013,"template":"","meta":{"_acf_changed":false},"product_brand":[],"product_cat":[1063,1080,1069],"product_tag":[],"class_list":{"0":"post-11952","1":"product","2":"type-product","3":"status-publish","4":"has-post-thumbnail","6":"product_cat-aceites-alimentarios","7":"product_cat-aceites-alimentarios-y-cosmeticos","8":"product_cat-aceites-cosmeticos","10":"first","11":"instock","12":"shipping-taxable","13":"product-type-simple"},"acf":[],"yoast_head":"<!-- This site is optimized with the Yoast SEO plugin v27.4 - https:\/\/yoast.com\/product\/yoast-seo-wordpress\/ -->\n<title>Aceite de semilla de albaricoque - NATURAL POLAND - Distribuidor Mayorista de Materias Primas<\/title>\n<meta name=\"description\" content=\"El aceite de hueso de albaricoque, con propiedades cosm\u00e9ticas, alimentarias y farmac\u00e9uticas, es ideal para el cuidado diario, ya que cuida la piel, el cabello y las u\u00f1as.\" \/>\n<meta name=\"robots\" content=\"index, follow, max-snippet:-1, max-image-preview:large, max-video-preview:-1\" \/>\n<link rel=\"canonical\" href=\"https:\/\/naturalpoland.com\/es\/productos\/productos-para-la-industria-cosmetica\/aceites-cosmeticos\/aceite-de-semilla-de-albaricoque\/\" \/>\n<meta property=\"og:locale\" content=\"es_ES\" \/>\n<meta property=\"og:type\" content=\"article\" \/>\n<meta property=\"og:title\" content=\"Aceite de semilla de albaricoque - NATURAL POLAND - Distribuidor Mayorista de Materias Primas\" \/>\n<meta property=\"og:description\" content=\"El aceite de hueso de albaricoque, con propiedades cosm\u00e9ticas, alimentarias y farmac\u00e9uticas, es ideal para el cuidado diario, ya que cuida la piel, el cabello y las u\u00f1as.\" \/>\n<meta property=\"og:url\" content=\"https:\/\/naturalpoland.com\/es\/productos\/productos-para-la-industria-cosmetica\/aceites-cosmeticos\/aceite-de-semilla-de-albaricoque\/\" \/>\n<meta property=\"og:site_name\" content=\"NATURAL POLAND - Distribuidor Mayorista de Materias Primas\" \/>\n<meta property=\"article:publisher\" content=\"https:\/\/www.facebook.com\/naturalpoland.b2b\" \/>\n<meta property=\"article:modified_time\" content=\"2026-01-07T10:57:33+00:00\" \/>\n<meta property=\"og:image\" content=\"https:\/\/naturalpoland.com\/wp-content\/uploads\/olej-z-pestek-moreli.webp\" \/>\n\t<meta property=\"og:image:width\" content=\"619\" \/>\n\t<meta property=\"og:image:height\" content=\"619\" \/>\n\t<meta property=\"og:image:type\" content=\"image\/webp\" \/>\n<script type=\"application\/ld+json\" class=\"yoast-schema-graph\">{\"@context\":\"https:\\\/\\\/schema.org\",\"@graph\":[{\"@type\":\"WebPage\",\"@id\":\"https:\\\/\\\/naturalpoland.com\\\/es\\\/productos\\\/productos-para-la-industria-cosmetica\\\/aceites-cosmeticos\\\/aceite-de-semilla-de-albaricoque\\\/\",\"url\":\"https:\\\/\\\/naturalpoland.com\\\/es\\\/productos\\\/productos-para-la-industria-cosmetica\\\/aceites-cosmeticos\\\/aceite-de-semilla-de-albaricoque\\\/\",\"name\":\"Aceite de semilla de albaricoque - NATURAL POLAND - Distribuidor Mayorista de Materias Primas\",\"isPartOf\":{\"@id\":\"https:\\\/\\\/naturalpoland.com\\\/es\\\/#website\"},\"primaryImageOfPage\":{\"@id\":\"https:\\\/\\\/naturalpoland.com\\\/es\\\/productos\\\/productos-para-la-industria-cosmetica\\\/aceites-cosmeticos\\\/aceite-de-semilla-de-albaricoque\\\/#primaryimage\"},\"image\":{\"@id\":\"https:\\\/\\\/naturalpoland.com\\\/es\\\/productos\\\/productos-para-la-industria-cosmetica\\\/aceites-cosmeticos\\\/aceite-de-semilla-de-albaricoque\\\/#primaryimage\"},\"thumbnailUrl\":\"https:\\\/\\\/naturalpoland.com\\\/wp-content\\\/uploads\\\/olej-z-pestek-moreli.webp\",\"datePublished\":\"2021-05-11T11:52:10+00:00\",\"dateModified\":\"2026-01-07T10:57:33+00:00\",\"description\":\"El aceite de hueso de albaricoque, con propiedades cosm\u00e9ticas, alimentarias y farmac\u00e9uticas, es ideal para el cuidado diario, ya que cuida la piel, el cabello y las u\u00f1as.\",\"breadcrumb\":{\"@id\":\"https:\\\/\\\/naturalpoland.com\\\/es\\\/productos\\\/productos-para-la-industria-cosmetica\\\/aceites-cosmeticos\\\/aceite-de-semilla-de-albaricoque\\\/#breadcrumb\"},\"inLanguage\":\"es\",\"potentialAction\":[{\"@type\":\"ReadAction\",\"target\":[\"https:\\\/\\\/naturalpoland.com\\\/es\\\/productos\\\/productos-para-la-industria-cosmetica\\\/aceites-cosmeticos\\\/aceite-de-semilla-de-albaricoque\\\/\"]}]},{\"@type\":\"ImageObject\",\"inLanguage\":\"es\",\"@id\":\"https:\\\/\\\/naturalpoland.com\\\/es\\\/productos\\\/productos-para-la-industria-cosmetica\\\/aceites-cosmeticos\\\/aceite-de-semilla-de-albaricoque\\\/#primaryimage\",\"url\":\"https:\\\/\\\/naturalpoland.com\\\/wp-content\\\/uploads\\\/olej-z-pestek-moreli.webp\",\"contentUrl\":\"https:\\\/\\\/naturalpoland.com\\\/wp-content\\\/uploads\\\/olej-z-pestek-moreli.webp\",\"width\":619,\"height\":619,\"caption\":\"aceite de hueso de albaricoque\"},{\"@type\":\"BreadcrumbList\",\"@id\":\"https:\\\/\\\/naturalpoland.com\\\/es\\\/productos\\\/productos-para-la-industria-cosmetica\\\/aceites-cosmeticos\\\/aceite-de-semilla-de-albaricoque\\\/#breadcrumb\",\"itemListElement\":[{\"@type\":\"ListItem\",\"position\":1,\"name\":\"Inicio\",\"item\":\"https:\\\/\\\/naturalpoland.com\\\/es\\\/\"},{\"@type\":\"ListItem\",\"position\":2,\"name\":\"Productos\",\"item\":\"https:\\\/\\\/naturalpoland.com\\\/es\\\/productos\\\/\"},{\"@type\":\"ListItem\",\"position\":3,\"name\":\"Aceite de semilla de albaricoque\"}]},{\"@type\":\"WebSite\",\"@id\":\"https:\\\/\\\/naturalpoland.com\\\/es\\\/#website\",\"url\":\"https:\\\/\\\/naturalpoland.com\\\/es\\\/\",\"name\":\"NATURAL POLAND - Distribuidor Mayorista de Materias Primas\",\"description\":\"Surowce dla przemys\u0142u spo\u017cywczego, kosmetycznego i farmaceutycznego\",\"publisher\":{\"@id\":\"https:\\\/\\\/naturalpoland.com\\\/es\\\/#organization\"},\"potentialAction\":[{\"@type\":\"SearchAction\",\"target\":{\"@type\":\"EntryPoint\",\"urlTemplate\":\"https:\\\/\\\/naturalpoland.com\\\/es\\\/?s={search_term_string}\"},\"query-input\":{\"@type\":\"PropertyValueSpecification\",\"valueRequired\":true,\"valueName\":\"search_term_string\"}}],\"inLanguage\":\"es\"},{\"@type\":\"Organization\",\"@id\":\"https:\\\/\\\/naturalpoland.com\\\/es\\\/#organization\",\"name\":\"Natural Poland\",\"url\":\"https:\\\/\\\/naturalpoland.com\\\/es\\\/\",\"logo\":{\"@type\":\"ImageObject\",\"inLanguage\":\"es\",\"@id\":\"https:\\\/\\\/naturalpoland.com\\\/es\\\/#\\\/schema\\\/logo\\\/image\\\/\",\"url\":\"https:\\\/\\\/naturalpoland.com\\\/wp-content\\\/uploads\\\/2021\\\/05\\\/natural-poland-icon.png\",\"contentUrl\":\"https:\\\/\\\/naturalpoland.com\\\/wp-content\\\/uploads\\\/2021\\\/05\\\/natural-poland-icon.png\",\"width\":512,\"height\":512,\"caption\":\"Natural Poland\"},\"image\":{\"@id\":\"https:\\\/\\\/naturalpoland.com\\\/es\\\/#\\\/schema\\\/logo\\\/image\\\/\"},\"sameAs\":[\"https:\\\/\\\/www.facebook.com\\\/naturalpoland.b2b\",\"https:\\\/\\\/pl.linkedin.com\\\/company\\\/natural-poland\",\"https:\\\/\\\/www.youtube.com\\\/channel\\\/UCgeGGkvOMahZo-xu_MSEWxg\"]}]}<\/script>\n<!-- \/ Yoast SEO plugin. -->","yoast_head_json":{"title":"Aceite de semilla de albaricoque - NATURAL POLAND - Distribuidor Mayorista de Materias Primas","description":"El aceite de hueso de albaricoque, con propiedades cosm\u00e9ticas, alimentarias y farmac\u00e9uticas, es ideal para el cuidado diario, ya que cuida la piel, el cabello y las u\u00f1as.","robots":{"index":"index","follow":"follow","max-snippet":"max-snippet:-1","max-image-preview":"max-image-preview:large","max-video-preview":"max-video-preview:-1"},"canonical":"https:\/\/naturalpoland.com\/es\/productos\/productos-para-la-industria-cosmetica\/aceites-cosmeticos\/aceite-de-semilla-de-albaricoque\/","og_locale":"es_ES","og_type":"article","og_title":"Aceite de semilla de albaricoque - NATURAL POLAND - Distribuidor Mayorista de Materias Primas","og_description":"El aceite de hueso de albaricoque, con propiedades cosm\u00e9ticas, alimentarias y farmac\u00e9uticas, es ideal para el cuidado diario, ya que cuida la piel, el cabello y las u\u00f1as.","og_url":"https:\/\/naturalpoland.com\/es\/productos\/productos-para-la-industria-cosmetica\/aceites-cosmeticos\/aceite-de-semilla-de-albaricoque\/","og_site_name":"NATURAL POLAND - Distribuidor Mayorista de Materias Primas","article_publisher":"https:\/\/www.facebook.com\/naturalpoland.b2b","article_modified_time":"2026-01-07T10:57:33+00:00","og_image":[{"width":619,"height":619,"url":"https:\/\/naturalpoland.com\/wp-content\/uploads\/olej-z-pestek-moreli.webp","type":"image\/webp"}],"schema":{"@context":"https:\/\/schema.org","@graph":[{"@type":"WebPage","@id":"https:\/\/naturalpoland.com\/es\/productos\/productos-para-la-industria-cosmetica\/aceites-cosmeticos\/aceite-de-semilla-de-albaricoque\/","url":"https:\/\/naturalpoland.com\/es\/productos\/productos-para-la-industria-cosmetica\/aceites-cosmeticos\/aceite-de-semilla-de-albaricoque\/","name":"Aceite de semilla de albaricoque - NATURAL POLAND - Distribuidor Mayorista de Materias Primas","isPartOf":{"@id":"https:\/\/naturalpoland.com\/es\/#website"},"primaryImageOfPage":{"@id":"https:\/\/naturalpoland.com\/es\/productos\/productos-para-la-industria-cosmetica\/aceites-cosmeticos\/aceite-de-semilla-de-albaricoque\/#primaryimage"},"image":{"@id":"https:\/\/naturalpoland.com\/es\/productos\/productos-para-la-industria-cosmetica\/aceites-cosmeticos\/aceite-de-semilla-de-albaricoque\/#primaryimage"},"thumbnailUrl":"https:\/\/naturalpoland.com\/wp-content\/uploads\/olej-z-pestek-moreli.webp","datePublished":"2021-05-11T11:52:10+00:00","dateModified":"2026-01-07T10:57:33+00:00","description":"El aceite de hueso de albaricoque, con propiedades cosm\u00e9ticas, alimentarias y farmac\u00e9uticas, es ideal para el cuidado diario, ya que cuida la piel, el cabello y las u\u00f1as.","breadcrumb":{"@id":"https:\/\/naturalpoland.com\/es\/productos\/productos-para-la-industria-cosmetica\/aceites-cosmeticos\/aceite-de-semilla-de-albaricoque\/#breadcrumb"},"inLanguage":"es","potentialAction":[{"@type":"ReadAction","target":["https:\/\/naturalpoland.com\/es\/productos\/productos-para-la-industria-cosmetica\/aceites-cosmeticos\/aceite-de-semilla-de-albaricoque\/"]}]},{"@type":"ImageObject","inLanguage":"es","@id":"https:\/\/naturalpoland.com\/es\/productos\/productos-para-la-industria-cosmetica\/aceites-cosmeticos\/aceite-de-semilla-de-albaricoque\/#primaryimage","url":"https:\/\/naturalpoland.com\/wp-content\/uploads\/olej-z-pestek-moreli.webp","contentUrl":"https:\/\/naturalpoland.com\/wp-content\/uploads\/olej-z-pestek-moreli.webp","width":619,"height":619,"caption":"aceite de hueso de albaricoque"},{"@type":"BreadcrumbList","@id":"https:\/\/naturalpoland.com\/es\/productos\/productos-para-la-industria-cosmetica\/aceites-cosmeticos\/aceite-de-semilla-de-albaricoque\/#breadcrumb","itemListElement":[{"@type":"ListItem","position":1,"name":"Inicio","item":"https:\/\/naturalpoland.com\/es\/"},{"@type":"ListItem","position":2,"name":"Productos","item":"https:\/\/naturalpoland.com\/es\/productos\/"},{"@type":"ListItem","position":3,"name":"Aceite de semilla de albaricoque"}]},{"@type":"WebSite","@id":"https:\/\/naturalpoland.com\/es\/#website","url":"https:\/\/naturalpoland.com\/es\/","name":"NATURAL POLAND - Distribuidor Mayorista de Materias Primas","description":"Surowce dla przemys\u0142u spo\u017cywczego, kosmetycznego i farmaceutycznego","publisher":{"@id":"https:\/\/naturalpoland.com\/es\/#organization"},"potentialAction":[{"@type":"SearchAction","target":{"@type":"EntryPoint","urlTemplate":"https:\/\/naturalpoland.com\/es\/?s={search_term_string}"},"query-input":{"@type":"PropertyValueSpecification","valueRequired":true,"valueName":"search_term_string"}}],"inLanguage":"es"},{"@type":"Organization","@id":"https:\/\/naturalpoland.com\/es\/#organization","name":"Natural Poland","url":"https:\/\/naturalpoland.com\/es\/","logo":{"@type":"ImageObject","inLanguage":"es","@id":"https:\/\/naturalpoland.com\/es\/#\/schema\/logo\/image\/","url":"https:\/\/naturalpoland.com\/wp-content\/uploads\/2021\/05\/natural-poland-icon.png","contentUrl":"https:\/\/naturalpoland.com\/wp-content\/uploads\/2021\/05\/natural-poland-icon.png","width":512,"height":512,"caption":"Natural Poland"},"image":{"@id":"https:\/\/naturalpoland.com\/es\/#\/schema\/logo\/image\/"},"sameAs":["https:\/\/www.facebook.com\/naturalpoland.b2b","https:\/\/pl.linkedin.com\/company\/natural-poland","https:\/\/www.youtube.com\/channel\/UCgeGGkvOMahZo-xu_MSEWxg"]}]}},"_links":{"self":[{"href":"https:\/\/naturalpoland.com\/es\/wp-json\/wp\/v2\/product\/11952","targetHints":{"allow":["GET"]}}],"collection":[{"href":"https:\/\/naturalpoland.com\/es\/wp-json\/wp\/v2\/product"}],"about":[{"href":"https:\/\/naturalpoland.com\/es\/wp-json\/wp\/v2\/types\/product"}],"wp:featuredmedia":[{"embeddable":true,"href":"https:\/\/naturalpoland.com\/es\/wp-json\/wp\/v2\/media\/36013"}],"wp:attachment":[{"href":"https:\/\/naturalpoland.com\/es\/wp-json\/wp\/v2\/media?parent=11952"}],"wp:term":[{"taxonomy":"product_brand","embeddable":true,"href":"https:\/\/naturalpoland.com\/es\/wp-json\/wp\/v2\/product_brand?post=11952"},{"taxonomy":"product_cat","embeddable":true,"href":"https:\/\/naturalpoland.com\/es\/wp-json\/wp\/v2\/product_cat?post=11952"},{"taxonomy":"product_tag","embeddable":true,"href":"https:\/\/naturalpoland.com\/es\/wp-json\/wp\/v2\/product_tag?post=11952"}],"curies":[{"name":"wp","href":"https:\/\/api.w.org\/{rel}","templated":true}]}}