{"id":12075,"date":"2021-05-11T13:47:46","date_gmt":"2021-09-21T12:54:10","guid":{"rendered":"https:\/\/naturalpoland.pl\/produkty\/sin%20categor\u00eda\/metilcobalamina-coenzima-b12\/"},"modified":"2024-11-13T14:26:50","modified_gmt":"2024-11-13T13:26:50","slug":"metilcobalamina-coenzima-b12","status":"publish","type":"product","link":"https:\/\/naturalpoland.com\/es\/productos\/productos-para-la-industria-farmaceutica-y-medica\/vitaminas\/metilcobalamina-coenzima-b12\/","title":{"rendered":"Metilcobalamina (coenzima B12)"},"content":{"rendered":"<h2>Principales propiedades y funciones de la metilcobalamina:<\/h2>\n<p>La vitamina B12, en forma de metilcobalamina, contribuye a las funciones hematopoy\u00e9ticas, es responsable de la <strong>producci\u00f3n de eritrocitos<\/strong> (gl\u00f3bulos rojos) y favorece los procesos de s\u00edntesis de ADN y ARN. Por tanto, previene la anemia megalobl\u00e1stica y ayuda a evitar s\u00edntomas como debilidad, fatiga, problemas de concentraci\u00f3n y palidez de la piel. La vitamina B12 tambi\u00e9n influye en la funci\u00f3n de los gl\u00f3bulos blancos, <strong>favoreciendo la inmunidad<\/strong> y la capacidad del organismo para combatir las infecciones. La B12 tambi\u00e9n es esencial para la <strong>s\u00edntesis de mielina<\/strong>, la cubierta protectora de las neuronas, ayudando a mejorar la conducci\u00f3n nerviosa. Tiene un efecto positivo sobre la funci\u00f3n cognitiva, mejorando la memoria y la concentraci\u00f3n, y reduce el riesgo de enfermedades neurodegenerativas y depresi\u00f3n. La vitamina B12 ayuda a <strong>reducir la fatiga<\/strong> y mejora el metabolismo energ\u00e9tico. Adem\u00e1s, la metilcobalamina ayuda a <strong>reducir los niveles de homociste\u00edna<\/strong>, un amino\u00e1cido relacionado con el riesgo de enfermedades cardiovasculares. Al regular los niveles de homociste\u00edna, reduce el riesgo de aterosclerosis, infartos de miocardio y accidentes cerebrovasculares. <strong>Las fuentes naturales de vitamina B12<\/strong> son principalmente productos animales como la carne, el pescado, los huevos y los l\u00e1cteos, por lo que la suplementaci\u00f3n es clave para quienes siguen una dieta basada en plantas. Los suplementos con metilcobalamina tambi\u00e9n se recomiendan a las personas mayores, ya que su capacidad para absorber esta vitamina disminuye con la edad. <strong>Dosis recomendada y seguridad<\/strong> &#8211; Merece la pena adaptar la suplementaci\u00f3n con metilcobalamina a las necesidades individuales, normalmente en dosis de 500 a 1000 \u00b5g al d\u00eda, bajo la supervisi\u00f3n de un m\u00e9dico o nutricionista. La vitamina B12 es segura y no se acumula en el organismo, ya que el exceso se elimina por la orina.  <\/p>\n","protected":false},"excerpt":{"rendered":"<p><strong>La metilcobalamina<\/strong> (coenzima B12) es una forma biol\u00f3gicamente activa de <strong>vitamina B12 <\/strong>con una elevada biodisponibilidad. Es un ingrediente popular en los suplementos diet\u00e9ticos, especialmente para veganos y vegetarianos, ancianos y personas con trastornos de malabsorci\u00f3n que corren el riesgo de sufrir deficiencias de esta vitamina. <\/p>\n<p>&nbsp;<\/p>\n","protected":false},"featured_media":37754,"template":"","meta":[],"product_brand":[],"product_cat":[1078],"product_tag":[],"class_list":{"0":"post-12075","1":"product","2":"type-product","3":"status-publish","4":"has-post-thumbnail","6":"product_cat-vitaminas","8":"first","9":"instock","10":"shipping-taxable","11":"product-type-simple"},"yoast_head":"<!-- This site is optimized with the Yoast SEO plugin v27.3 - https:\/\/yoast.com\/product\/yoast-seo-wordpress\/ -->\n<title>Metilcobalamina (coenzima B12) - Distribuidor Mayorista de Materias Primas NATURAL POLAND - Distribuidor Mayorista de Materias Primas<\/title>\n<meta name=\"description\" content=\"La metilcobalamina es importante en la prevenci\u00f3n y el tratamiento de las deficiencias de vitamina B12, ya que contribuye a la salud de los sistemas nervioso, inmunitario y circulatorio.\" \/>\n<meta name=\"robots\" content=\"index, follow, max-snippet:-1, max-image-preview:large, max-video-preview:-1\" \/>\n<link rel=\"canonical\" href=\"https:\/\/naturalpoland.com\/es\/productos\/productos-para-la-industria-farmaceutica-y-medica\/vitaminas\/metilcobalamina-coenzima-b12\/\" \/>\n<meta property=\"og:locale\" content=\"es_ES\" \/>\n<meta property=\"og:type\" content=\"article\" \/>\n<meta property=\"og:title\" content=\"Metilcobalamina (coenzima B12) - Distribuidor Mayorista de Materias Primas NATURAL POLAND - Distribuidor Mayorista de Materias Primas\" \/>\n<meta property=\"og:description\" content=\"La metilcobalamina es importante en la prevenci\u00f3n y el tratamiento de las deficiencias de vitamina B12, ya que contribuye a la salud de los sistemas nervioso, inmunitario y circulatorio.\" \/>\n<meta property=\"og:url\" content=\"https:\/\/naturalpoland.com\/es\/productos\/productos-para-la-industria-farmaceutica-y-medica\/vitaminas\/metilcobalamina-coenzima-b12\/\" \/>\n<meta property=\"og:site_name\" content=\"NATURAL POLAND - Distribuidor Mayorista de Materias Primas\" \/>\n<meta property=\"article:publisher\" content=\"https:\/\/www.facebook.com\/naturalpoland.b2b\" \/>\n<meta property=\"article:modified_time\" content=\"2024-11-13T13:26:50+00:00\" \/>\n<meta property=\"og:image\" content=\"https:\/\/naturalpoland.com\/wp-content\/uploads\/metylokobalamina.webp\" \/>\n\t<meta property=\"og:image:width\" content=\"700\" \/>\n\t<meta property=\"og:image:height\" content=\"700\" \/>\n\t<meta property=\"og:image:type\" content=\"image\/webp\" \/>\n<script type=\"application\/ld+json\" class=\"yoast-schema-graph\">{\"@context\":\"https:\\\/\\\/schema.org\",\"@graph\":[{\"@type\":\"WebPage\",\"@id\":\"https:\\\/\\\/naturalpoland.com\\\/es\\\/productos\\\/productos-para-la-industria-farmaceutica-y-medica\\\/vitaminas\\\/metilcobalamina-coenzima-b12\\\/\",\"url\":\"https:\\\/\\\/naturalpoland.com\\\/es\\\/productos\\\/productos-para-la-industria-farmaceutica-y-medica\\\/vitaminas\\\/metilcobalamina-coenzima-b12\\\/\",\"name\":\"Metilcobalamina (coenzima B12) - Distribuidor Mayorista de Materias Primas NATURAL POLAND - Distribuidor Mayorista de Materias Primas\",\"isPartOf\":{\"@id\":\"https:\\\/\\\/naturalpoland.com\\\/es\\\/#website\"},\"primaryImageOfPage\":{\"@id\":\"https:\\\/\\\/naturalpoland.com\\\/es\\\/productos\\\/productos-para-la-industria-farmaceutica-y-medica\\\/vitaminas\\\/metilcobalamina-coenzima-b12\\\/#primaryimage\"},\"image\":{\"@id\":\"https:\\\/\\\/naturalpoland.com\\\/es\\\/productos\\\/productos-para-la-industria-farmaceutica-y-medica\\\/vitaminas\\\/metilcobalamina-coenzima-b12\\\/#primaryimage\"},\"thumbnailUrl\":\"https:\\\/\\\/naturalpoland.com\\\/wp-content\\\/uploads\\\/metylokobalamina.webp\",\"datePublished\":\"2021-09-21T12:54:10+00:00\",\"dateModified\":\"2024-11-13T13:26:50+00:00\",\"description\":\"La metilcobalamina es importante en la prevenci\u00f3n y el tratamiento de las deficiencias de vitamina B12, ya que contribuye a la salud de los sistemas nervioso, inmunitario y circulatorio.\",\"breadcrumb\":{\"@id\":\"https:\\\/\\\/naturalpoland.com\\\/es\\\/productos\\\/productos-para-la-industria-farmaceutica-y-medica\\\/vitaminas\\\/metilcobalamina-coenzima-b12\\\/#breadcrumb\"},\"inLanguage\":\"es\",\"potentialAction\":[{\"@type\":\"ReadAction\",\"target\":[\"https:\\\/\\\/naturalpoland.com\\\/es\\\/productos\\\/productos-para-la-industria-farmaceutica-y-medica\\\/vitaminas\\\/metilcobalamina-coenzima-b12\\\/\"]}]},{\"@type\":\"ImageObject\",\"inLanguage\":\"es\",\"@id\":\"https:\\\/\\\/naturalpoland.com\\\/es\\\/productos\\\/productos-para-la-industria-farmaceutica-y-medica\\\/vitaminas\\\/metilcobalamina-coenzima-b12\\\/#primaryimage\",\"url\":\"https:\\\/\\\/naturalpoland.com\\\/wp-content\\\/uploads\\\/metylokobalamina.webp\",\"contentUrl\":\"https:\\\/\\\/naturalpoland.com\\\/wp-content\\\/uploads\\\/metylokobalamina.webp\",\"width\":700,\"height\":700,\"caption\":\"Metylokobalamina, witamina B12\"},{\"@type\":\"BreadcrumbList\",\"@id\":\"https:\\\/\\\/naturalpoland.com\\\/es\\\/productos\\\/productos-para-la-industria-farmaceutica-y-medica\\\/vitaminas\\\/metilcobalamina-coenzima-b12\\\/#breadcrumb\",\"itemListElement\":[{\"@type\":\"ListItem\",\"position\":1,\"name\":\"Inicio\",\"item\":\"https:\\\/\\\/naturalpoland.com\\\/es\\\/\"},{\"@type\":\"ListItem\",\"position\":2,\"name\":\"Productos\",\"item\":\"https:\\\/\\\/naturalpoland.com\\\/es\\\/productos\\\/\"},{\"@type\":\"ListItem\",\"position\":3,\"name\":\"Metilcobalamina (coenzima B12)\"}]},{\"@type\":\"WebSite\",\"@id\":\"https:\\\/\\\/naturalpoland.com\\\/es\\\/#website\",\"url\":\"https:\\\/\\\/naturalpoland.com\\\/es\\\/\",\"name\":\"NATURAL POLAND - Distribuidor Mayorista de Materias Primas\",\"description\":\"Surowce dla przemys\u0142u spo\u017cywczego, kosmetycznego i farmaceutycznego\",\"publisher\":{\"@id\":\"https:\\\/\\\/naturalpoland.com\\\/es\\\/#organization\"},\"potentialAction\":[{\"@type\":\"SearchAction\",\"target\":{\"@type\":\"EntryPoint\",\"urlTemplate\":\"https:\\\/\\\/naturalpoland.com\\\/es\\\/?s={search_term_string}\"},\"query-input\":{\"@type\":\"PropertyValueSpecification\",\"valueRequired\":true,\"valueName\":\"search_term_string\"}}],\"inLanguage\":\"es\"},{\"@type\":\"Organization\",\"@id\":\"https:\\\/\\\/naturalpoland.com\\\/es\\\/#organization\",\"name\":\"Natural Poland\",\"url\":\"https:\\\/\\\/naturalpoland.com\\\/es\\\/\",\"logo\":{\"@type\":\"ImageObject\",\"inLanguage\":\"es\",\"@id\":\"https:\\\/\\\/naturalpoland.com\\\/es\\\/#\\\/schema\\\/logo\\\/image\\\/\",\"url\":\"https:\\\/\\\/naturalpoland.com\\\/wp-content\\\/uploads\\\/2021\\\/05\\\/natural-poland-icon.png\",\"contentUrl\":\"https:\\\/\\\/naturalpoland.com\\\/wp-content\\\/uploads\\\/2021\\\/05\\\/natural-poland-icon.png\",\"width\":512,\"height\":512,\"caption\":\"Natural Poland\"},\"image\":{\"@id\":\"https:\\\/\\\/naturalpoland.com\\\/es\\\/#\\\/schema\\\/logo\\\/image\\\/\"},\"sameAs\":[\"https:\\\/\\\/www.facebook.com\\\/naturalpoland.b2b\",\"https:\\\/\\\/pl.linkedin.com\\\/company\\\/natural-poland\",\"https:\\\/\\\/www.youtube.com\\\/channel\\\/UCgeGGkvOMahZo-xu_MSEWxg\"]}]}<\/script>\n<!-- \/ Yoast SEO plugin. -->","yoast_head_json":{"title":"Metilcobalamina (coenzima B12) - Distribuidor Mayorista de Materias Primas NATURAL POLAND - Distribuidor Mayorista de Materias Primas","description":"La metilcobalamina es importante en la prevenci\u00f3n y el tratamiento de las deficiencias de vitamina B12, ya que contribuye a la salud de los sistemas nervioso, inmunitario y circulatorio.","robots":{"index":"index","follow":"follow","max-snippet":"max-snippet:-1","max-image-preview":"max-image-preview:large","max-video-preview":"max-video-preview:-1"},"canonical":"https:\/\/naturalpoland.com\/es\/productos\/productos-para-la-industria-farmaceutica-y-medica\/vitaminas\/metilcobalamina-coenzima-b12\/","og_locale":"es_ES","og_type":"article","og_title":"Metilcobalamina (coenzima B12) - Distribuidor Mayorista de Materias Primas NATURAL POLAND - Distribuidor Mayorista de Materias Primas","og_description":"La metilcobalamina es importante en la prevenci\u00f3n y el tratamiento de las deficiencias de vitamina B12, ya que contribuye a la salud de los sistemas nervioso, inmunitario y circulatorio.","og_url":"https:\/\/naturalpoland.com\/es\/productos\/productos-para-la-industria-farmaceutica-y-medica\/vitaminas\/metilcobalamina-coenzima-b12\/","og_site_name":"NATURAL POLAND - Distribuidor Mayorista de Materias Primas","article_publisher":"https:\/\/www.facebook.com\/naturalpoland.b2b","article_modified_time":"2024-11-13T13:26:50+00:00","og_image":[{"width":700,"height":700,"url":"https:\/\/naturalpoland.com\/wp-content\/uploads\/metylokobalamina.webp","type":"image\/webp"}],"schema":{"@context":"https:\/\/schema.org","@graph":[{"@type":"WebPage","@id":"https:\/\/naturalpoland.com\/es\/productos\/productos-para-la-industria-farmaceutica-y-medica\/vitaminas\/metilcobalamina-coenzima-b12\/","url":"https:\/\/naturalpoland.com\/es\/productos\/productos-para-la-industria-farmaceutica-y-medica\/vitaminas\/metilcobalamina-coenzima-b12\/","name":"Metilcobalamina (coenzima B12) - Distribuidor Mayorista de Materias Primas NATURAL POLAND - Distribuidor Mayorista de Materias Primas","isPartOf":{"@id":"https:\/\/naturalpoland.com\/es\/#website"},"primaryImageOfPage":{"@id":"https:\/\/naturalpoland.com\/es\/productos\/productos-para-la-industria-farmaceutica-y-medica\/vitaminas\/metilcobalamina-coenzima-b12\/#primaryimage"},"image":{"@id":"https:\/\/naturalpoland.com\/es\/productos\/productos-para-la-industria-farmaceutica-y-medica\/vitaminas\/metilcobalamina-coenzima-b12\/#primaryimage"},"thumbnailUrl":"https:\/\/naturalpoland.com\/wp-content\/uploads\/metylokobalamina.webp","datePublished":"2021-09-21T12:54:10+00:00","dateModified":"2024-11-13T13:26:50+00:00","description":"La metilcobalamina es importante en la prevenci\u00f3n y el tratamiento de las deficiencias de vitamina B12, ya que contribuye a la salud de los sistemas nervioso, inmunitario y circulatorio.","breadcrumb":{"@id":"https:\/\/naturalpoland.com\/es\/productos\/productos-para-la-industria-farmaceutica-y-medica\/vitaminas\/metilcobalamina-coenzima-b12\/#breadcrumb"},"inLanguage":"es","potentialAction":[{"@type":"ReadAction","target":["https:\/\/naturalpoland.com\/es\/productos\/productos-para-la-industria-farmaceutica-y-medica\/vitaminas\/metilcobalamina-coenzima-b12\/"]}]},{"@type":"ImageObject","inLanguage":"es","@id":"https:\/\/naturalpoland.com\/es\/productos\/productos-para-la-industria-farmaceutica-y-medica\/vitaminas\/metilcobalamina-coenzima-b12\/#primaryimage","url":"https:\/\/naturalpoland.com\/wp-content\/uploads\/metylokobalamina.webp","contentUrl":"https:\/\/naturalpoland.com\/wp-content\/uploads\/metylokobalamina.webp","width":700,"height":700,"caption":"Metylokobalamina, witamina B12"},{"@type":"BreadcrumbList","@id":"https:\/\/naturalpoland.com\/es\/productos\/productos-para-la-industria-farmaceutica-y-medica\/vitaminas\/metilcobalamina-coenzima-b12\/#breadcrumb","itemListElement":[{"@type":"ListItem","position":1,"name":"Inicio","item":"https:\/\/naturalpoland.com\/es\/"},{"@type":"ListItem","position":2,"name":"Productos","item":"https:\/\/naturalpoland.com\/es\/productos\/"},{"@type":"ListItem","position":3,"name":"Metilcobalamina (coenzima B12)"}]},{"@type":"WebSite","@id":"https:\/\/naturalpoland.com\/es\/#website","url":"https:\/\/naturalpoland.com\/es\/","name":"NATURAL POLAND - Distribuidor Mayorista de Materias Primas","description":"Surowce dla przemys\u0142u spo\u017cywczego, kosmetycznego i farmaceutycznego","publisher":{"@id":"https:\/\/naturalpoland.com\/es\/#organization"},"potentialAction":[{"@type":"SearchAction","target":{"@type":"EntryPoint","urlTemplate":"https:\/\/naturalpoland.com\/es\/?s={search_term_string}"},"query-input":{"@type":"PropertyValueSpecification","valueRequired":true,"valueName":"search_term_string"}}],"inLanguage":"es"},{"@type":"Organization","@id":"https:\/\/naturalpoland.com\/es\/#organization","name":"Natural Poland","url":"https:\/\/naturalpoland.com\/es\/","logo":{"@type":"ImageObject","inLanguage":"es","@id":"https:\/\/naturalpoland.com\/es\/#\/schema\/logo\/image\/","url":"https:\/\/naturalpoland.com\/wp-content\/uploads\/2021\/05\/natural-poland-icon.png","contentUrl":"https:\/\/naturalpoland.com\/wp-content\/uploads\/2021\/05\/natural-poland-icon.png","width":512,"height":512,"caption":"Natural Poland"},"image":{"@id":"https:\/\/naturalpoland.com\/es\/#\/schema\/logo\/image\/"},"sameAs":["https:\/\/www.facebook.com\/naturalpoland.b2b","https:\/\/pl.linkedin.com\/company\/natural-poland","https:\/\/www.youtube.com\/channel\/UCgeGGkvOMahZo-xu_MSEWxg"]}]}},"_links":{"self":[{"href":"https:\/\/naturalpoland.com\/es\/wp-json\/wp\/v2\/product\/12075","targetHints":{"allow":["GET"]}}],"collection":[{"href":"https:\/\/naturalpoland.com\/es\/wp-json\/wp\/v2\/product"}],"about":[{"href":"https:\/\/naturalpoland.com\/es\/wp-json\/wp\/v2\/types\/product"}],"wp:featuredmedia":[{"embeddable":true,"href":"https:\/\/naturalpoland.com\/es\/wp-json\/wp\/v2\/media\/37754"}],"wp:attachment":[{"href":"https:\/\/naturalpoland.com\/es\/wp-json\/wp\/v2\/media?parent=12075"}],"wp:term":[{"taxonomy":"product_brand","embeddable":true,"href":"https:\/\/naturalpoland.com\/es\/wp-json\/wp\/v2\/product_brand?post=12075"},{"taxonomy":"product_cat","embeddable":true,"href":"https:\/\/naturalpoland.com\/es\/wp-json\/wp\/v2\/product_cat?post=12075"},{"taxonomy":"product_tag","embeddable":true,"href":"https:\/\/naturalpoland.com\/es\/wp-json\/wp\/v2\/product_tag?post=12075"}],"curies":[{"name":"wp","href":"https:\/\/api.w.org\/{rel}","templated":true}]}}