{"id":12129,"date":"2021-05-11T13:36:59","date_gmt":"2021-09-21T12:55:17","guid":{"rendered":"https:\/\/naturalpoland.pl\/produkty\/sin categor\u00eda\/cromo\/"},"modified":"2021-09-21T14:55:17","modified_gmt":"2021-09-21T12:55:17","slug":"cromo","status":"publish","type":"product","link":"https:\/\/naturalpoland.com\/es\/productos\/productos-para-la-industria-farmaceutica-y-medica\/aditivos-para-complementos-alimenticios\/cromo\/","title":{"rendered":"Cromo"},"content":{"rendered":"<p>El cromo se presenta en dos formas, una de las cuales es muy da\u00f1ina para la salud. Por lo tanto, vale la pena centrarse en el cromo en el tercer estado de oxidaci\u00f3n, porque juega un papel importante. Aunque el elemento no se deposita en el organismo, interviene en muchos procesos metab\u00f3licos, por lo que goza de gran inter\u00e9s entre las personas que quieren adelgazar.<\/p>\n<p>Debido a su acci\u00f3n sobre la glucosa en el organismo, muchos expertos recomiendan la suplementaci\u00f3n con cromo para diversas enfermedades. Adem\u00e1s de la diabetes, cabe mencionar, entre otros resistencia a la insulina, neuropat\u00edas o incluso trastornos en los procesos cognitivos o mentales.<\/p>\n","protected":false},"excerpt":{"rendered":"<p>Somos un distribuidor mayorista de cromo de alta calidad. El cromo es un componente de muchas preparaciones recomendadas durante la p\u00e9rdida de peso, porque en combinaci\u00f3n con una mayor actividad f\u00edsica, tiene un efecto positivo sobre la tolerancia a la glucosa. Este elemento es un componente importante para el cuerpo humano, a pesar de que est\u00e1 presente en el cuerpo humano en peque\u00f1as cantidades.<\/p>\n","protected":false},"featured_media":7856,"template":"","meta":{"_acf_changed":false},"product_brand":[],"product_cat":[1076],"product_tag":[],"class_list":{"0":"post-12129","1":"product","2":"type-product","3":"status-publish","4":"has-post-thumbnail","6":"product_cat-aditivos-para-complementos-alimenticios","8":"first","9":"instock","10":"shipping-taxable","11":"product-type-simple"},"acf":[],"yoast_head":"<!-- This site is optimized with the Yoast SEO plugin v27.4 - https:\/\/yoast.com\/product\/yoast-seo-wordpress\/ -->\n<title>Cromo - Distribuidor mayorista<\/title>\n<meta name=\"robots\" content=\"index, follow, max-snippet:-1, max-image-preview:large, max-video-preview:-1\" \/>\n<link rel=\"canonical\" href=\"https:\/\/naturalpoland.com\/es\/productos\/productos-para-la-industria-farmaceutica-y-medica\/aditivos-para-complementos-alimenticios\/cromo\/\" \/>\n<meta property=\"og:locale\" content=\"es_ES\" \/>\n<meta property=\"og:type\" content=\"article\" \/>\n<meta property=\"og:title\" content=\"Cromo - Distribuidor mayorista\" \/>\n<meta property=\"og:description\" content=\"Somos un distribuidor mayorista de cromo de alta calidad. El cromo es un componente de muchas preparaciones recomendadas durante la p\u00e9rdida de peso, porque en combinaci\u00f3n con una mayor actividad f\u00edsica, tiene un efecto positivo sobre la tolerancia a la glucosa. Este elemento es un componente importante para el cuerpo humano, a pesar de que est\u00e1 presente en el cuerpo humano en peque\u00f1as cantidades.\" \/>\n<meta property=\"og:url\" content=\"https:\/\/naturalpoland.com\/es\/productos\/productos-para-la-industria-farmaceutica-y-medica\/aditivos-para-complementos-alimenticios\/cromo\/\" \/>\n<meta property=\"og:site_name\" content=\"NATURAL POLAND - Distribuidor Mayorista de Materias Primas\" \/>\n<meta property=\"article:publisher\" content=\"https:\/\/www.facebook.com\/naturalpoland.b2b\" \/>\n<meta property=\"og:image\" content=\"https:\/\/naturalpoland.com\/wp-content\/uploads\/2021\/05\/chromium.jpg\" \/>\n\t<meta property=\"og:image:width\" content=\"200\" \/>\n\t<meta property=\"og:image:height\" content=\"200\" \/>\n\t<meta property=\"og:image:type\" content=\"image\/jpeg\" \/>\n<script type=\"application\/ld+json\" class=\"yoast-schema-graph\">{\"@context\":\"https:\\\/\\\/schema.org\",\"@graph\":[{\"@type\":\"WebPage\",\"@id\":\"https:\\\/\\\/naturalpoland.com\\\/es\\\/productos\\\/productos-para-la-industria-farmaceutica-y-medica\\\/aditivos-para-complementos-alimenticios\\\/cromo\\\/\",\"url\":\"https:\\\/\\\/naturalpoland.com\\\/es\\\/productos\\\/productos-para-la-industria-farmaceutica-y-medica\\\/aditivos-para-complementos-alimenticios\\\/cromo\\\/\",\"name\":\"Cromo - Distribuidor mayorista\",\"isPartOf\":{\"@id\":\"https:\\\/\\\/naturalpoland.com\\\/es\\\/#website\"},\"primaryImageOfPage\":{\"@id\":\"https:\\\/\\\/naturalpoland.com\\\/es\\\/productos\\\/productos-para-la-industria-farmaceutica-y-medica\\\/aditivos-para-complementos-alimenticios\\\/cromo\\\/#primaryimage\"},\"image\":{\"@id\":\"https:\\\/\\\/naturalpoland.com\\\/es\\\/productos\\\/productos-para-la-industria-farmaceutica-y-medica\\\/aditivos-para-complementos-alimenticios\\\/cromo\\\/#primaryimage\"},\"thumbnailUrl\":\"https:\\\/\\\/naturalpoland.com\\\/wp-content\\\/uploads\\\/2021\\\/05\\\/chromium.jpg\",\"datePublished\":\"2021-09-21T12:55:17+00:00\",\"breadcrumb\":{\"@id\":\"https:\\\/\\\/naturalpoland.com\\\/es\\\/productos\\\/productos-para-la-industria-farmaceutica-y-medica\\\/aditivos-para-complementos-alimenticios\\\/cromo\\\/#breadcrumb\"},\"inLanguage\":\"es\",\"potentialAction\":[{\"@type\":\"ReadAction\",\"target\":[\"https:\\\/\\\/naturalpoland.com\\\/es\\\/productos\\\/productos-para-la-industria-farmaceutica-y-medica\\\/aditivos-para-complementos-alimenticios\\\/cromo\\\/\"]}]},{\"@type\":\"ImageObject\",\"inLanguage\":\"es\",\"@id\":\"https:\\\/\\\/naturalpoland.com\\\/es\\\/productos\\\/productos-para-la-industria-farmaceutica-y-medica\\\/aditivos-para-complementos-alimenticios\\\/cromo\\\/#primaryimage\",\"url\":\"https:\\\/\\\/naturalpoland.com\\\/wp-content\\\/uploads\\\/2021\\\/05\\\/chromium.jpg\",\"contentUrl\":\"https:\\\/\\\/naturalpoland.com\\\/wp-content\\\/uploads\\\/2021\\\/05\\\/chromium.jpg\",\"width\":200,\"height\":200},{\"@type\":\"BreadcrumbList\",\"@id\":\"https:\\\/\\\/naturalpoland.com\\\/es\\\/productos\\\/productos-para-la-industria-farmaceutica-y-medica\\\/aditivos-para-complementos-alimenticios\\\/cromo\\\/#breadcrumb\",\"itemListElement\":[{\"@type\":\"ListItem\",\"position\":1,\"name\":\"Inicio\",\"item\":\"https:\\\/\\\/naturalpoland.com\\\/es\\\/\"},{\"@type\":\"ListItem\",\"position\":2,\"name\":\"Productos\",\"item\":\"https:\\\/\\\/naturalpoland.com\\\/es\\\/productos\\\/\"},{\"@type\":\"ListItem\",\"position\":3,\"name\":\"Cromo\"}]},{\"@type\":\"WebSite\",\"@id\":\"https:\\\/\\\/naturalpoland.com\\\/es\\\/#website\",\"url\":\"https:\\\/\\\/naturalpoland.com\\\/es\\\/\",\"name\":\"NATURAL POLAND - Distribuidor Mayorista de Materias Primas\",\"description\":\"Surowce dla przemys\u0142u spo\u017cywczego, kosmetycznego i farmaceutycznego\",\"publisher\":{\"@id\":\"https:\\\/\\\/naturalpoland.com\\\/es\\\/#organization\"},\"potentialAction\":[{\"@type\":\"SearchAction\",\"target\":{\"@type\":\"EntryPoint\",\"urlTemplate\":\"https:\\\/\\\/naturalpoland.com\\\/es\\\/?s={search_term_string}\"},\"query-input\":{\"@type\":\"PropertyValueSpecification\",\"valueRequired\":true,\"valueName\":\"search_term_string\"}}],\"inLanguage\":\"es\"},{\"@type\":\"Organization\",\"@id\":\"https:\\\/\\\/naturalpoland.com\\\/es\\\/#organization\",\"name\":\"Natural Poland\",\"url\":\"https:\\\/\\\/naturalpoland.com\\\/es\\\/\",\"logo\":{\"@type\":\"ImageObject\",\"inLanguage\":\"es\",\"@id\":\"https:\\\/\\\/naturalpoland.com\\\/es\\\/#\\\/schema\\\/logo\\\/image\\\/\",\"url\":\"https:\\\/\\\/naturalpoland.com\\\/wp-content\\\/uploads\\\/2021\\\/05\\\/natural-poland-icon.png\",\"contentUrl\":\"https:\\\/\\\/naturalpoland.com\\\/wp-content\\\/uploads\\\/2021\\\/05\\\/natural-poland-icon.png\",\"width\":512,\"height\":512,\"caption\":\"Natural Poland\"},\"image\":{\"@id\":\"https:\\\/\\\/naturalpoland.com\\\/es\\\/#\\\/schema\\\/logo\\\/image\\\/\"},\"sameAs\":[\"https:\\\/\\\/www.facebook.com\\\/naturalpoland.b2b\",\"https:\\\/\\\/pl.linkedin.com\\\/company\\\/natural-poland\",\"https:\\\/\\\/www.youtube.com\\\/channel\\\/UCgeGGkvOMahZo-xu_MSEWxg\"]}]}<\/script>\n<!-- \/ Yoast SEO plugin. -->","yoast_head_json":{"title":"Cromo - Distribuidor mayorista","robots":{"index":"index","follow":"follow","max-snippet":"max-snippet:-1","max-image-preview":"max-image-preview:large","max-video-preview":"max-video-preview:-1"},"canonical":"https:\/\/naturalpoland.com\/es\/productos\/productos-para-la-industria-farmaceutica-y-medica\/aditivos-para-complementos-alimenticios\/cromo\/","og_locale":"es_ES","og_type":"article","og_title":"Cromo - Distribuidor mayorista","og_description":"Somos un distribuidor mayorista de cromo de alta calidad. El cromo es un componente de muchas preparaciones recomendadas durante la p\u00e9rdida de peso, porque en combinaci\u00f3n con una mayor actividad f\u00edsica, tiene un efecto positivo sobre la tolerancia a la glucosa. Este elemento es un componente importante para el cuerpo humano, a pesar de que est\u00e1 presente en el cuerpo humano en peque\u00f1as cantidades.","og_url":"https:\/\/naturalpoland.com\/es\/productos\/productos-para-la-industria-farmaceutica-y-medica\/aditivos-para-complementos-alimenticios\/cromo\/","og_site_name":"NATURAL POLAND - Distribuidor Mayorista de Materias Primas","article_publisher":"https:\/\/www.facebook.com\/naturalpoland.b2b","og_image":[{"width":200,"height":200,"url":"https:\/\/naturalpoland.com\/wp-content\/uploads\/2021\/05\/chromium.jpg","type":"image\/jpeg"}],"schema":{"@context":"https:\/\/schema.org","@graph":[{"@type":"WebPage","@id":"https:\/\/naturalpoland.com\/es\/productos\/productos-para-la-industria-farmaceutica-y-medica\/aditivos-para-complementos-alimenticios\/cromo\/","url":"https:\/\/naturalpoland.com\/es\/productos\/productos-para-la-industria-farmaceutica-y-medica\/aditivos-para-complementos-alimenticios\/cromo\/","name":"Cromo - Distribuidor mayorista","isPartOf":{"@id":"https:\/\/naturalpoland.com\/es\/#website"},"primaryImageOfPage":{"@id":"https:\/\/naturalpoland.com\/es\/productos\/productos-para-la-industria-farmaceutica-y-medica\/aditivos-para-complementos-alimenticios\/cromo\/#primaryimage"},"image":{"@id":"https:\/\/naturalpoland.com\/es\/productos\/productos-para-la-industria-farmaceutica-y-medica\/aditivos-para-complementos-alimenticios\/cromo\/#primaryimage"},"thumbnailUrl":"https:\/\/naturalpoland.com\/wp-content\/uploads\/2021\/05\/chromium.jpg","datePublished":"2021-09-21T12:55:17+00:00","breadcrumb":{"@id":"https:\/\/naturalpoland.com\/es\/productos\/productos-para-la-industria-farmaceutica-y-medica\/aditivos-para-complementos-alimenticios\/cromo\/#breadcrumb"},"inLanguage":"es","potentialAction":[{"@type":"ReadAction","target":["https:\/\/naturalpoland.com\/es\/productos\/productos-para-la-industria-farmaceutica-y-medica\/aditivos-para-complementos-alimenticios\/cromo\/"]}]},{"@type":"ImageObject","inLanguage":"es","@id":"https:\/\/naturalpoland.com\/es\/productos\/productos-para-la-industria-farmaceutica-y-medica\/aditivos-para-complementos-alimenticios\/cromo\/#primaryimage","url":"https:\/\/naturalpoland.com\/wp-content\/uploads\/2021\/05\/chromium.jpg","contentUrl":"https:\/\/naturalpoland.com\/wp-content\/uploads\/2021\/05\/chromium.jpg","width":200,"height":200},{"@type":"BreadcrumbList","@id":"https:\/\/naturalpoland.com\/es\/productos\/productos-para-la-industria-farmaceutica-y-medica\/aditivos-para-complementos-alimenticios\/cromo\/#breadcrumb","itemListElement":[{"@type":"ListItem","position":1,"name":"Inicio","item":"https:\/\/naturalpoland.com\/es\/"},{"@type":"ListItem","position":2,"name":"Productos","item":"https:\/\/naturalpoland.com\/es\/productos\/"},{"@type":"ListItem","position":3,"name":"Cromo"}]},{"@type":"WebSite","@id":"https:\/\/naturalpoland.com\/es\/#website","url":"https:\/\/naturalpoland.com\/es\/","name":"NATURAL POLAND - Distribuidor Mayorista de Materias Primas","description":"Surowce dla przemys\u0142u spo\u017cywczego, kosmetycznego i farmaceutycznego","publisher":{"@id":"https:\/\/naturalpoland.com\/es\/#organization"},"potentialAction":[{"@type":"SearchAction","target":{"@type":"EntryPoint","urlTemplate":"https:\/\/naturalpoland.com\/es\/?s={search_term_string}"},"query-input":{"@type":"PropertyValueSpecification","valueRequired":true,"valueName":"search_term_string"}}],"inLanguage":"es"},{"@type":"Organization","@id":"https:\/\/naturalpoland.com\/es\/#organization","name":"Natural Poland","url":"https:\/\/naturalpoland.com\/es\/","logo":{"@type":"ImageObject","inLanguage":"es","@id":"https:\/\/naturalpoland.com\/es\/#\/schema\/logo\/image\/","url":"https:\/\/naturalpoland.com\/wp-content\/uploads\/2021\/05\/natural-poland-icon.png","contentUrl":"https:\/\/naturalpoland.com\/wp-content\/uploads\/2021\/05\/natural-poland-icon.png","width":512,"height":512,"caption":"Natural Poland"},"image":{"@id":"https:\/\/naturalpoland.com\/es\/#\/schema\/logo\/image\/"},"sameAs":["https:\/\/www.facebook.com\/naturalpoland.b2b","https:\/\/pl.linkedin.com\/company\/natural-poland","https:\/\/www.youtube.com\/channel\/UCgeGGkvOMahZo-xu_MSEWxg"]}]}},"_links":{"self":[{"href":"https:\/\/naturalpoland.com\/es\/wp-json\/wp\/v2\/product\/12129","targetHints":{"allow":["GET"]}}],"collection":[{"href":"https:\/\/naturalpoland.com\/es\/wp-json\/wp\/v2\/product"}],"about":[{"href":"https:\/\/naturalpoland.com\/es\/wp-json\/wp\/v2\/types\/product"}],"wp:featuredmedia":[{"embeddable":true,"href":"https:\/\/naturalpoland.com\/es\/wp-json\/wp\/v2\/media\/7856"}],"wp:attachment":[{"href":"https:\/\/naturalpoland.com\/es\/wp-json\/wp\/v2\/media?parent=12129"}],"wp:term":[{"taxonomy":"product_brand","embeddable":true,"href":"https:\/\/naturalpoland.com\/es\/wp-json\/wp\/v2\/product_brand?post=12129"},{"taxonomy":"product_cat","embeddable":true,"href":"https:\/\/naturalpoland.com\/es\/wp-json\/wp\/v2\/product_cat?post=12129"},{"taxonomy":"product_tag","embeddable":true,"href":"https:\/\/naturalpoland.com\/es\/wp-json\/wp\/v2\/product_tag?post=12129"}],"curies":[{"name":"wp","href":"https:\/\/api.w.org\/{rel}","templated":true}]}}