{"id":12143,"date":"2021-05-11T13:37:21","date_gmt":"2021-05-11T11:37:21","guid":{"rendered":"https:\/\/naturalpoland.pl\/produkty\/sin%20categor\u00eda\/citrato-de-colina\/"},"modified":"2025-09-09T11:13:08","modified_gmt":"2025-09-09T09:13:08","slug":"citrato-de-colina","status":"publish","type":"product","link":"https:\/\/naturalpoland.com\/es\/productos\/productos-para-la-industria-farmaceutica-y-medica\/aditivos-para-complementos-alimenticios\/citrato-de-colina\/","title":{"rendered":"Citrato de colina"},"content":{"rendered":"<h2>Propiedades y acci\u00f3n del citrato de colina<\/h2>\n<p>El citrato de colina desempe\u00f1a un papel importante como <strong>precursor de la acetilcolina<\/strong>, un neurotransmisor clave para el funcionamiento del sistema nervioso central. Participa en los procesos de transmisi\u00f3n de impulsos nerviosos, apoya las funciones cognitivas y los procesos de memoria, mejora la concentraci\u00f3n y la capacidad de aprendizaje. <\/p>\n<p>Gracias a la presencia del grupo acetilo, tambi\u00e9n puede apoyar el <strong>funcionamiento de las mitocondrias<\/strong> y el metabolismo energ\u00e9tico en las c\u00e9lulas nerviosas. Se recomienda especialmente a personas expuestas al <strong>estr\u00e9s ps\u00edquico y f\u00edsico<\/strong>, incluidas personas mayores, profesionalmente activas, estudiantes de secundaria y universitarios. <\/p>\n<p>El producto no est\u00e1 clasificado como t\u00f3xico, no muestra acci\u00f3n irritante, es bien tolerado y seguro en el uso conforme a su finalidad. Adem\u00e1s, se caracteriza por un bajo contenido de contaminantes de metales pesados (plomo, ars\u00e9nico, cadmio, mercurio) y un nivel muy bajo de humedad (0,12%), lo que se traduce en su estabilidad y durabilidad en el almacenamiento. <\/p>\n<h2>Aplicaci\u00f3n<\/h2>\n<p>El citrato de colina encuentra aplicaci\u00f3n en:<\/p>\n<ul>\n<li>Complementos alimenticios que apoyan el trabajo del cerebro y el sistema nervioso<\/li>\n<li>Preparados que apoyan las capacidades cognitivas, la memoria y la concentraci\u00f3n<\/li>\n<li>Productos para personas mayores y personas con trastornos neurol\u00f3gicos<\/li>\n<li>Apoyo del organismo durante el estudio, el trabajo intelectual y el esfuerzo psicof\u00edsico<\/li>\n<li>Preparados que apoyan las funciones hep\u00e1ticas y la desintoxicaci\u00f3n<\/li>\n<\/ul>\n<p>Su sabor \u00e1cido se neutraliza f\u00e1cilmente en formulaciones de complementos terminadas mediante sustancias edulcorantes o aromatizantes.<\/p>\n","protected":false},"excerpt":{"rendered":"<p>El <strong>citrato de colina<\/strong> (Choline Dihydrogen Citrate, CAS: 77-91-8) es un compuesto qu\u00edmico de grado alimentario, que es una combinaci\u00f3n de colina y <a href=\"https:\/\/naturalpoland.com\/es\/productos\/productos-para-la-industria-cosmetica\/materias-primas-para-cosmeticos\/acido-citrico-onehidrato\/\">\u00e1cido c\u00edtrico<\/a>. En su composici\u00f3n se encuentra m\u00e1s del 98% de sustancia pura, con un contenido de colina del 51%.  Esto significa que la preparaci\u00f3n contiene m\u00e1s colina que la forma de bitartrato.<\/p>\n","protected":false},"featured_media":42528,"template":"","meta":{"_acf_changed":false},"product_brand":[],"product_cat":[1076],"product_tag":[],"class_list":{"0":"post-12143","1":"product","2":"type-product","3":"status-publish","4":"has-post-thumbnail","6":"product_cat-aditivos-para-complementos-alimenticios","8":"first","9":"instock","10":"shipping-taxable","11":"product-type-simple"},"acf":[],"yoast_head":"<!-- This site is optimized with the Yoast SEO plugin v27.4 - https:\/\/yoast.com\/product\/yoast-seo-wordpress\/ -->\n<title>Citrato de colina - Distribuidor mayorista<\/title>\n<meta name=\"description\" content=\"El citrato de colina es una combinaci\u00f3n de un derivado del \u00e1cido c\u00edtrico con colina. En la composici\u00f3n del producto, la colina constituye el 51%, es decir, m\u00e1s que en forma de bitartrato.\" \/>\n<meta name=\"robots\" content=\"index, follow, max-snippet:-1, max-image-preview:large, max-video-preview:-1\" \/>\n<link rel=\"canonical\" href=\"https:\/\/naturalpoland.com\/es\/productos\/productos-para-la-industria-farmaceutica-y-medica\/aditivos-para-complementos-alimenticios\/citrato-de-colina\/\" \/>\n<meta property=\"og:locale\" content=\"es_ES\" \/>\n<meta property=\"og:type\" content=\"article\" \/>\n<meta property=\"og:title\" content=\"Citrato de colina - Distribuidor mayorista\" \/>\n<meta property=\"og:description\" content=\"El citrato de colina es una combinaci\u00f3n de un derivado del \u00e1cido c\u00edtrico con colina. En la composici\u00f3n del producto, la colina constituye el 51%, es decir, m\u00e1s que en forma de bitartrato.\" \/>\n<meta property=\"og:url\" content=\"https:\/\/naturalpoland.com\/es\/productos\/productos-para-la-industria-farmaceutica-y-medica\/aditivos-para-complementos-alimenticios\/citrato-de-colina\/\" \/>\n<meta property=\"og:site_name\" content=\"NATURAL POLAND - Distribuidor Mayorista de Materias Primas\" \/>\n<meta property=\"article:publisher\" content=\"https:\/\/www.facebook.com\/naturalpoland.b2b\" \/>\n<meta property=\"article:modified_time\" content=\"2025-09-09T09:13:08+00:00\" \/>\n<meta property=\"og:image\" content=\"https:\/\/naturalpoland.com\/wp-content\/uploads\/cytrynian-choliny.webp\" \/>\n\t<meta property=\"og:image:width\" content=\"1024\" \/>\n\t<meta property=\"og:image:height\" content=\"1024\" \/>\n\t<meta property=\"og:image:type\" content=\"image\/webp\" \/>\n<script type=\"application\/ld+json\" class=\"yoast-schema-graph\">{\"@context\":\"https:\\\/\\\/schema.org\",\"@graph\":[{\"@type\":\"WebPage\",\"@id\":\"https:\\\/\\\/naturalpoland.com\\\/es\\\/productos\\\/productos-para-la-industria-farmaceutica-y-medica\\\/aditivos-para-complementos-alimenticios\\\/citrato-de-colina\\\/\",\"url\":\"https:\\\/\\\/naturalpoland.com\\\/es\\\/productos\\\/productos-para-la-industria-farmaceutica-y-medica\\\/aditivos-para-complementos-alimenticios\\\/citrato-de-colina\\\/\",\"name\":\"Citrato de colina - Distribuidor mayorista\",\"isPartOf\":{\"@id\":\"https:\\\/\\\/naturalpoland.com\\\/es\\\/#website\"},\"primaryImageOfPage\":{\"@id\":\"https:\\\/\\\/naturalpoland.com\\\/es\\\/productos\\\/productos-para-la-industria-farmaceutica-y-medica\\\/aditivos-para-complementos-alimenticios\\\/citrato-de-colina\\\/#primaryimage\"},\"image\":{\"@id\":\"https:\\\/\\\/naturalpoland.com\\\/es\\\/productos\\\/productos-para-la-industria-farmaceutica-y-medica\\\/aditivos-para-complementos-alimenticios\\\/citrato-de-colina\\\/#primaryimage\"},\"thumbnailUrl\":\"https:\\\/\\\/naturalpoland.com\\\/wp-content\\\/uploads\\\/cytrynian-choliny.webp\",\"datePublished\":\"2021-05-11T11:37:21+00:00\",\"dateModified\":\"2025-09-09T09:13:08+00:00\",\"description\":\"El citrato de colina es una combinaci\u00f3n de un derivado del \u00e1cido c\u00edtrico con colina. En la composici\u00f3n del producto, la colina constituye el 51%, es decir, m\u00e1s que en forma de bitartrato.\",\"breadcrumb\":{\"@id\":\"https:\\\/\\\/naturalpoland.com\\\/es\\\/productos\\\/productos-para-la-industria-farmaceutica-y-medica\\\/aditivos-para-complementos-alimenticios\\\/citrato-de-colina\\\/#breadcrumb\"},\"inLanguage\":\"es\",\"potentialAction\":[{\"@type\":\"ReadAction\",\"target\":[\"https:\\\/\\\/naturalpoland.com\\\/es\\\/productos\\\/productos-para-la-industria-farmaceutica-y-medica\\\/aditivos-para-complementos-alimenticios\\\/citrato-de-colina\\\/\"]}]},{\"@type\":\"ImageObject\",\"inLanguage\":\"es\",\"@id\":\"https:\\\/\\\/naturalpoland.com\\\/es\\\/productos\\\/productos-para-la-industria-farmaceutica-y-medica\\\/aditivos-para-complementos-alimenticios\\\/citrato-de-colina\\\/#primaryimage\",\"url\":\"https:\\\/\\\/naturalpoland.com\\\/wp-content\\\/uploads\\\/cytrynian-choliny.webp\",\"contentUrl\":\"https:\\\/\\\/naturalpoland.com\\\/wp-content\\\/uploads\\\/cytrynian-choliny.webp\",\"width\":1024,\"height\":1024,\"caption\":\"citrato de colina en forma de polvo cristalino fino blanco\"},{\"@type\":\"BreadcrumbList\",\"@id\":\"https:\\\/\\\/naturalpoland.com\\\/es\\\/productos\\\/productos-para-la-industria-farmaceutica-y-medica\\\/aditivos-para-complementos-alimenticios\\\/citrato-de-colina\\\/#breadcrumb\",\"itemListElement\":[{\"@type\":\"ListItem\",\"position\":1,\"name\":\"Inicio\",\"item\":\"https:\\\/\\\/naturalpoland.com\\\/es\\\/\"},{\"@type\":\"ListItem\",\"position\":2,\"name\":\"Productos\",\"item\":\"https:\\\/\\\/naturalpoland.com\\\/es\\\/productos\\\/\"},{\"@type\":\"ListItem\",\"position\":3,\"name\":\"Citrato de colina\"}]},{\"@type\":\"WebSite\",\"@id\":\"https:\\\/\\\/naturalpoland.com\\\/es\\\/#website\",\"url\":\"https:\\\/\\\/naturalpoland.com\\\/es\\\/\",\"name\":\"NATURAL POLAND - Distribuidor Mayorista de Materias Primas\",\"description\":\"Surowce dla przemys\u0142u spo\u017cywczego, kosmetycznego i farmaceutycznego\",\"publisher\":{\"@id\":\"https:\\\/\\\/naturalpoland.com\\\/es\\\/#organization\"},\"potentialAction\":[{\"@type\":\"SearchAction\",\"target\":{\"@type\":\"EntryPoint\",\"urlTemplate\":\"https:\\\/\\\/naturalpoland.com\\\/es\\\/?s={search_term_string}\"},\"query-input\":{\"@type\":\"PropertyValueSpecification\",\"valueRequired\":true,\"valueName\":\"search_term_string\"}}],\"inLanguage\":\"es\"},{\"@type\":\"Organization\",\"@id\":\"https:\\\/\\\/naturalpoland.com\\\/es\\\/#organization\",\"name\":\"Natural Poland\",\"url\":\"https:\\\/\\\/naturalpoland.com\\\/es\\\/\",\"logo\":{\"@type\":\"ImageObject\",\"inLanguage\":\"es\",\"@id\":\"https:\\\/\\\/naturalpoland.com\\\/es\\\/#\\\/schema\\\/logo\\\/image\\\/\",\"url\":\"https:\\\/\\\/naturalpoland.com\\\/wp-content\\\/uploads\\\/2021\\\/05\\\/natural-poland-icon.png\",\"contentUrl\":\"https:\\\/\\\/naturalpoland.com\\\/wp-content\\\/uploads\\\/2021\\\/05\\\/natural-poland-icon.png\",\"width\":512,\"height\":512,\"caption\":\"Natural Poland\"},\"image\":{\"@id\":\"https:\\\/\\\/naturalpoland.com\\\/es\\\/#\\\/schema\\\/logo\\\/image\\\/\"},\"sameAs\":[\"https:\\\/\\\/www.facebook.com\\\/naturalpoland.b2b\",\"https:\\\/\\\/pl.linkedin.com\\\/company\\\/natural-poland\",\"https:\\\/\\\/www.youtube.com\\\/channel\\\/UCgeGGkvOMahZo-xu_MSEWxg\"]}]}<\/script>\n<!-- \/ Yoast SEO plugin. -->","yoast_head_json":{"title":"Citrato de colina - Distribuidor mayorista","description":"El citrato de colina es una combinaci\u00f3n de un derivado del \u00e1cido c\u00edtrico con colina. En la composici\u00f3n del producto, la colina constituye el 51%, es decir, m\u00e1s que en forma de bitartrato.","robots":{"index":"index","follow":"follow","max-snippet":"max-snippet:-1","max-image-preview":"max-image-preview:large","max-video-preview":"max-video-preview:-1"},"canonical":"https:\/\/naturalpoland.com\/es\/productos\/productos-para-la-industria-farmaceutica-y-medica\/aditivos-para-complementos-alimenticios\/citrato-de-colina\/","og_locale":"es_ES","og_type":"article","og_title":"Citrato de colina - Distribuidor mayorista","og_description":"El citrato de colina es una combinaci\u00f3n de un derivado del \u00e1cido c\u00edtrico con colina. En la composici\u00f3n del producto, la colina constituye el 51%, es decir, m\u00e1s que en forma de bitartrato.","og_url":"https:\/\/naturalpoland.com\/es\/productos\/productos-para-la-industria-farmaceutica-y-medica\/aditivos-para-complementos-alimenticios\/citrato-de-colina\/","og_site_name":"NATURAL POLAND - Distribuidor Mayorista de Materias Primas","article_publisher":"https:\/\/www.facebook.com\/naturalpoland.b2b","article_modified_time":"2025-09-09T09:13:08+00:00","og_image":[{"width":1024,"height":1024,"url":"https:\/\/naturalpoland.com\/wp-content\/uploads\/cytrynian-choliny.webp","type":"image\/webp"}],"schema":{"@context":"https:\/\/schema.org","@graph":[{"@type":"WebPage","@id":"https:\/\/naturalpoland.com\/es\/productos\/productos-para-la-industria-farmaceutica-y-medica\/aditivos-para-complementos-alimenticios\/citrato-de-colina\/","url":"https:\/\/naturalpoland.com\/es\/productos\/productos-para-la-industria-farmaceutica-y-medica\/aditivos-para-complementos-alimenticios\/citrato-de-colina\/","name":"Citrato de colina - Distribuidor mayorista","isPartOf":{"@id":"https:\/\/naturalpoland.com\/es\/#website"},"primaryImageOfPage":{"@id":"https:\/\/naturalpoland.com\/es\/productos\/productos-para-la-industria-farmaceutica-y-medica\/aditivos-para-complementos-alimenticios\/citrato-de-colina\/#primaryimage"},"image":{"@id":"https:\/\/naturalpoland.com\/es\/productos\/productos-para-la-industria-farmaceutica-y-medica\/aditivos-para-complementos-alimenticios\/citrato-de-colina\/#primaryimage"},"thumbnailUrl":"https:\/\/naturalpoland.com\/wp-content\/uploads\/cytrynian-choliny.webp","datePublished":"2021-05-11T11:37:21+00:00","dateModified":"2025-09-09T09:13:08+00:00","description":"El citrato de colina es una combinaci\u00f3n de un derivado del \u00e1cido c\u00edtrico con colina. En la composici\u00f3n del producto, la colina constituye el 51%, es decir, m\u00e1s que en forma de bitartrato.","breadcrumb":{"@id":"https:\/\/naturalpoland.com\/es\/productos\/productos-para-la-industria-farmaceutica-y-medica\/aditivos-para-complementos-alimenticios\/citrato-de-colina\/#breadcrumb"},"inLanguage":"es","potentialAction":[{"@type":"ReadAction","target":["https:\/\/naturalpoland.com\/es\/productos\/productos-para-la-industria-farmaceutica-y-medica\/aditivos-para-complementos-alimenticios\/citrato-de-colina\/"]}]},{"@type":"ImageObject","inLanguage":"es","@id":"https:\/\/naturalpoland.com\/es\/productos\/productos-para-la-industria-farmaceutica-y-medica\/aditivos-para-complementos-alimenticios\/citrato-de-colina\/#primaryimage","url":"https:\/\/naturalpoland.com\/wp-content\/uploads\/cytrynian-choliny.webp","contentUrl":"https:\/\/naturalpoland.com\/wp-content\/uploads\/cytrynian-choliny.webp","width":1024,"height":1024,"caption":"citrato de colina en forma de polvo cristalino fino blanco"},{"@type":"BreadcrumbList","@id":"https:\/\/naturalpoland.com\/es\/productos\/productos-para-la-industria-farmaceutica-y-medica\/aditivos-para-complementos-alimenticios\/citrato-de-colina\/#breadcrumb","itemListElement":[{"@type":"ListItem","position":1,"name":"Inicio","item":"https:\/\/naturalpoland.com\/es\/"},{"@type":"ListItem","position":2,"name":"Productos","item":"https:\/\/naturalpoland.com\/es\/productos\/"},{"@type":"ListItem","position":3,"name":"Citrato de colina"}]},{"@type":"WebSite","@id":"https:\/\/naturalpoland.com\/es\/#website","url":"https:\/\/naturalpoland.com\/es\/","name":"NATURAL POLAND - Distribuidor Mayorista de Materias Primas","description":"Surowce dla przemys\u0142u spo\u017cywczego, kosmetycznego i farmaceutycznego","publisher":{"@id":"https:\/\/naturalpoland.com\/es\/#organization"},"potentialAction":[{"@type":"SearchAction","target":{"@type":"EntryPoint","urlTemplate":"https:\/\/naturalpoland.com\/es\/?s={search_term_string}"},"query-input":{"@type":"PropertyValueSpecification","valueRequired":true,"valueName":"search_term_string"}}],"inLanguage":"es"},{"@type":"Organization","@id":"https:\/\/naturalpoland.com\/es\/#organization","name":"Natural Poland","url":"https:\/\/naturalpoland.com\/es\/","logo":{"@type":"ImageObject","inLanguage":"es","@id":"https:\/\/naturalpoland.com\/es\/#\/schema\/logo\/image\/","url":"https:\/\/naturalpoland.com\/wp-content\/uploads\/2021\/05\/natural-poland-icon.png","contentUrl":"https:\/\/naturalpoland.com\/wp-content\/uploads\/2021\/05\/natural-poland-icon.png","width":512,"height":512,"caption":"Natural Poland"},"image":{"@id":"https:\/\/naturalpoland.com\/es\/#\/schema\/logo\/image\/"},"sameAs":["https:\/\/www.facebook.com\/naturalpoland.b2b","https:\/\/pl.linkedin.com\/company\/natural-poland","https:\/\/www.youtube.com\/channel\/UCgeGGkvOMahZo-xu_MSEWxg"]}]}},"_links":{"self":[{"href":"https:\/\/naturalpoland.com\/es\/wp-json\/wp\/v2\/product\/12143","targetHints":{"allow":["GET"]}}],"collection":[{"href":"https:\/\/naturalpoland.com\/es\/wp-json\/wp\/v2\/product"}],"about":[{"href":"https:\/\/naturalpoland.com\/es\/wp-json\/wp\/v2\/types\/product"}],"wp:featuredmedia":[{"embeddable":true,"href":"https:\/\/naturalpoland.com\/es\/wp-json\/wp\/v2\/media\/42528"}],"wp:attachment":[{"href":"https:\/\/naturalpoland.com\/es\/wp-json\/wp\/v2\/media?parent=12143"}],"wp:term":[{"taxonomy":"product_brand","embeddable":true,"href":"https:\/\/naturalpoland.com\/es\/wp-json\/wp\/v2\/product_brand?post=12143"},{"taxonomy":"product_cat","embeddable":true,"href":"https:\/\/naturalpoland.com\/es\/wp-json\/wp\/v2\/product_cat?post=12143"},{"taxonomy":"product_tag","embeddable":true,"href":"https:\/\/naturalpoland.com\/es\/wp-json\/wp\/v2\/product_tag?post=12143"}],"curies":[{"name":"wp","href":"https:\/\/api.w.org\/{rel}","templated":true}]}}