{"id":12499,"date":"2021-05-11T13:47:21","date_gmt":"2021-09-21T13:03:18","guid":{"rendered":"https:\/\/naturalpoland.pl\/produkty\/sin%20categor\u00eda\/mantequilla-de-mango\/"},"modified":"2024-04-26T13:39:13","modified_gmt":"2024-04-26T11:39:13","slug":"mantequilla-de-mango","status":"publish","type":"product","link":"https:\/\/naturalpoland.com\/es\/productos\/productos-para-la-industria-cosmetica\/mantecas-cosmeticas\/mantequilla-de-mango\/","title":{"rendered":"Mantequilla de mango"},"content":{"rendered":"<p>La mantequilla de mango se puede utilizar para todo tipo de pieles y para nutrir el cabello. Tambi\u00e9n se usa como base para hacer lociones corporales, l\u00e1pices labiales, cremas, ung\u00fcentos y jabones. <\/p>\n<p>Nos dedicamos a la venta al por mayor, ofreciendo nuestros productos a las plantas de producci\u00f3n y a los minoristas. Ofrecemos condiciones muy atractivas para la cooperaci\u00f3n a largo plazo. <\/p>\n<h3>Contenido en \u00e1cidos grasos de la manteca de mango<\/h3>\n<table>\n<tbody>\n<tr>\n<th>NOMBRE DEL \u00c1CIDO<\/th>\n<th>C-CHAIN<\/th>\n<th>CONTENIDO (%)<\/th>\n<th>RESPUESTA<\/th>\n<\/tr>\n<tr>\n<td>PALMITIC<\/td>\n<td>C16:0<\/td>\n<td>4.0 &#8211; 10.0<\/td>\n<td>6.3<\/td>\n<\/tr>\n<tr>\n<td>STEARIC<\/td>\n<td>C18:0<\/td>\n<td>35.0 &#8211; 45.0<\/td>\n<td>44.5<\/td>\n<\/tr>\n<tr>\n<td>OLEIC<\/td>\n<td>C18:1<\/td>\n<td>35.0 &#8211; 50.0<\/td>\n<td>40.7<\/td>\n<\/tr>\n<tr>\n<td>LINOLEIC<\/td>\n<td>C18:2<\/td>\n<td>&lt;5.0<\/td>\n<td>2.6<\/td>\n<\/tr>\n<tr>\n<td>ARACHIDIC<\/td>\n<td>C20: 0<\/td>\n<td>&lt;6.0<\/td>\n<td>4.3<\/td>\n<\/tr>\n<\/tbody>\n<\/table>\n","protected":false},"excerpt":{"rendered":"<p>La mantequilla de mango se elabora a partir de semillas de mango indio prensadas en fr\u00edo, gracias a las cuales conserva todas sus propiedades:<\/p>\n<ul>\n<li>hidrata, suaviza y regenera la piel<\/li>\n<li>protege contra los rayos ultravioleta<\/li>\n<li>ralentiza el proceso de envejecimiento de la piel.<\/li>\n<\/ul>\n","protected":false},"featured_media":37913,"template":"","meta":{"_acf_changed":false},"product_brand":[],"product_cat":[1072],"product_tag":[],"class_list":{"0":"post-12499","1":"product","2":"type-product","3":"status-publish","4":"has-post-thumbnail","6":"product_cat-mantecas-cosmeticas","7":"pa_metoda-pozyskiwania-prensado-y-refinado","9":"first","10":"instock","11":"shipping-taxable","12":"product-type-simple"},"acf":[],"yoast_head":"<!-- This site is optimized with the Yoast SEO plugin v27.5 - https:\/\/yoast.com\/product\/yoast-seo-wordpress\/ -->\n<title>Mantequilla de mango - Distribuidor mayorista<\/title>\n<meta name=\"robots\" content=\"index, follow, max-snippet:-1, max-image-preview:large, max-video-preview:-1\" \/>\n<link rel=\"canonical\" href=\"https:\/\/naturalpoland.com\/es\/productos\/productos-para-la-industria-cosmetica\/mantecas-cosmeticas\/mantequilla-de-mango\/\" \/>\n<meta property=\"og:locale\" content=\"es_ES\" \/>\n<meta property=\"og:type\" content=\"article\" \/>\n<meta property=\"og:title\" content=\"Mantequilla de mango - Distribuidor mayorista\" \/>\n<meta property=\"og:description\" content=\"La mantequilla de mango se elabora a partir de semillas de mango indio prensadas en fr\u00edo, gracias a las cuales conserva todas sus propiedades:  hidrata, suaviza y regenera la piel  protege contra los rayos ultravioleta  ralentiza el proceso de envejecimiento de la piel.\" \/>\n<meta property=\"og:url\" content=\"https:\/\/naturalpoland.com\/es\/productos\/productos-para-la-industria-cosmetica\/mantecas-cosmeticas\/mantequilla-de-mango\/\" \/>\n<meta property=\"og:site_name\" content=\"NATURAL POLAND - Distribuidor Mayorista de Materias Primas\" \/>\n<meta property=\"article:publisher\" content=\"https:\/\/www.facebook.com\/naturalpoland.b2b\" \/>\n<meta property=\"article:modified_time\" content=\"2024-04-26T11:39:13+00:00\" \/>\n<meta property=\"og:image\" content=\"https:\/\/naturalpoland.com\/wp-content\/uploads\/maslo-mango.webp\" \/>\n\t<meta property=\"og:image:width\" content=\"1024\" \/>\n\t<meta property=\"og:image:height\" content=\"1024\" \/>\n\t<meta property=\"og:image:type\" content=\"image\/webp\" \/>\n<script type=\"application\/ld+json\" class=\"yoast-schema-graph\">{\"@context\":\"https:\\\/\\\/schema.org\",\"@graph\":[{\"@type\":\"WebPage\",\"@id\":\"https:\\\/\\\/naturalpoland.com\\\/es\\\/productos\\\/productos-para-la-industria-cosmetica\\\/mantecas-cosmeticas\\\/mantequilla-de-mango\\\/\",\"url\":\"https:\\\/\\\/naturalpoland.com\\\/es\\\/productos\\\/productos-para-la-industria-cosmetica\\\/mantecas-cosmeticas\\\/mantequilla-de-mango\\\/\",\"name\":\"Mantequilla de mango - Distribuidor mayorista\",\"isPartOf\":{\"@id\":\"https:\\\/\\\/naturalpoland.com\\\/es\\\/#website\"},\"primaryImageOfPage\":{\"@id\":\"https:\\\/\\\/naturalpoland.com\\\/es\\\/productos\\\/productos-para-la-industria-cosmetica\\\/mantecas-cosmeticas\\\/mantequilla-de-mango\\\/#primaryimage\"},\"image\":{\"@id\":\"https:\\\/\\\/naturalpoland.com\\\/es\\\/productos\\\/productos-para-la-industria-cosmetica\\\/mantecas-cosmeticas\\\/mantequilla-de-mango\\\/#primaryimage\"},\"thumbnailUrl\":\"https:\\\/\\\/naturalpoland.com\\\/wp-content\\\/uploads\\\/maslo-mango.webp\",\"datePublished\":\"2021-09-21T13:03:18+00:00\",\"dateModified\":\"2024-04-26T11:39:13+00:00\",\"breadcrumb\":{\"@id\":\"https:\\\/\\\/naturalpoland.com\\\/es\\\/productos\\\/productos-para-la-industria-cosmetica\\\/mantecas-cosmeticas\\\/mantequilla-de-mango\\\/#breadcrumb\"},\"inLanguage\":\"es\",\"potentialAction\":[{\"@type\":\"ReadAction\",\"target\":[\"https:\\\/\\\/naturalpoland.com\\\/es\\\/productos\\\/productos-para-la-industria-cosmetica\\\/mantecas-cosmeticas\\\/mantequilla-de-mango\\\/\"]}]},{\"@type\":\"ImageObject\",\"inLanguage\":\"es\",\"@id\":\"https:\\\/\\\/naturalpoland.com\\\/es\\\/productos\\\/productos-para-la-industria-cosmetica\\\/mantecas-cosmeticas\\\/mantequilla-de-mango\\\/#primaryimage\",\"url\":\"https:\\\/\\\/naturalpoland.com\\\/wp-content\\\/uploads\\\/maslo-mango.webp\",\"contentUrl\":\"https:\\\/\\\/naturalpoland.com\\\/wp-content\\\/uploads\\\/maslo-mango.webp\",\"width\":1024,\"height\":1024,\"caption\":\"mas\u0142o mango\"},{\"@type\":\"BreadcrumbList\",\"@id\":\"https:\\\/\\\/naturalpoland.com\\\/es\\\/productos\\\/productos-para-la-industria-cosmetica\\\/mantecas-cosmeticas\\\/mantequilla-de-mango\\\/#breadcrumb\",\"itemListElement\":[{\"@type\":\"ListItem\",\"position\":1,\"name\":\"Inicio\",\"item\":\"https:\\\/\\\/naturalpoland.com\\\/es\\\/\"},{\"@type\":\"ListItem\",\"position\":2,\"name\":\"Productos\",\"item\":\"https:\\\/\\\/naturalpoland.com\\\/es\\\/productos\\\/\"},{\"@type\":\"ListItem\",\"position\":3,\"name\":\"Mantequilla de mango\"}]},{\"@type\":\"WebSite\",\"@id\":\"https:\\\/\\\/naturalpoland.com\\\/es\\\/#website\",\"url\":\"https:\\\/\\\/naturalpoland.com\\\/es\\\/\",\"name\":\"NATURAL POLAND - Distribuidor Mayorista de Materias Primas\",\"description\":\"Surowce dla przemys\u0142u spo\u017cywczego, kosmetycznego i farmaceutycznego\",\"publisher\":{\"@id\":\"https:\\\/\\\/naturalpoland.com\\\/es\\\/#organization\"},\"potentialAction\":[{\"@type\":\"SearchAction\",\"target\":{\"@type\":\"EntryPoint\",\"urlTemplate\":\"https:\\\/\\\/naturalpoland.com\\\/es\\\/?s={search_term_string}\"},\"query-input\":{\"@type\":\"PropertyValueSpecification\",\"valueRequired\":true,\"valueName\":\"search_term_string\"}}],\"inLanguage\":\"es\"},{\"@type\":\"Organization\",\"@id\":\"https:\\\/\\\/naturalpoland.com\\\/es\\\/#organization\",\"name\":\"Natural Poland\",\"url\":\"https:\\\/\\\/naturalpoland.com\\\/es\\\/\",\"logo\":{\"@type\":\"ImageObject\",\"inLanguage\":\"es\",\"@id\":\"https:\\\/\\\/naturalpoland.com\\\/es\\\/#\\\/schema\\\/logo\\\/image\\\/\",\"url\":\"https:\\\/\\\/naturalpoland.com\\\/wp-content\\\/uploads\\\/2021\\\/05\\\/natural-poland-icon.png\",\"contentUrl\":\"https:\\\/\\\/naturalpoland.com\\\/wp-content\\\/uploads\\\/2021\\\/05\\\/natural-poland-icon.png\",\"width\":512,\"height\":512,\"caption\":\"Natural Poland\"},\"image\":{\"@id\":\"https:\\\/\\\/naturalpoland.com\\\/es\\\/#\\\/schema\\\/logo\\\/image\\\/\"},\"sameAs\":[\"https:\\\/\\\/www.facebook.com\\\/naturalpoland.b2b\",\"https:\\\/\\\/pl.linkedin.com\\\/company\\\/natural-poland\",\"https:\\\/\\\/www.youtube.com\\\/channel\\\/UCgeGGkvOMahZo-xu_MSEWxg\"]}]}<\/script>\n<!-- \/ Yoast SEO plugin. -->","yoast_head_json":{"title":"Mantequilla de mango - Distribuidor mayorista","robots":{"index":"index","follow":"follow","max-snippet":"max-snippet:-1","max-image-preview":"max-image-preview:large","max-video-preview":"max-video-preview:-1"},"canonical":"https:\/\/naturalpoland.com\/es\/productos\/productos-para-la-industria-cosmetica\/mantecas-cosmeticas\/mantequilla-de-mango\/","og_locale":"es_ES","og_type":"article","og_title":"Mantequilla de mango - Distribuidor mayorista","og_description":"La mantequilla de mango se elabora a partir de semillas de mango indio prensadas en fr\u00edo, gracias a las cuales conserva todas sus propiedades:  hidrata, suaviza y regenera la piel  protege contra los rayos ultravioleta  ralentiza el proceso de envejecimiento de la piel.","og_url":"https:\/\/naturalpoland.com\/es\/productos\/productos-para-la-industria-cosmetica\/mantecas-cosmeticas\/mantequilla-de-mango\/","og_site_name":"NATURAL POLAND - Distribuidor Mayorista de Materias Primas","article_publisher":"https:\/\/www.facebook.com\/naturalpoland.b2b","article_modified_time":"2024-04-26T11:39:13+00:00","og_image":[{"width":1024,"height":1024,"url":"https:\/\/naturalpoland.com\/wp-content\/uploads\/maslo-mango.webp","type":"image\/webp"}],"schema":{"@context":"https:\/\/schema.org","@graph":[{"@type":"WebPage","@id":"https:\/\/naturalpoland.com\/es\/productos\/productos-para-la-industria-cosmetica\/mantecas-cosmeticas\/mantequilla-de-mango\/","url":"https:\/\/naturalpoland.com\/es\/productos\/productos-para-la-industria-cosmetica\/mantecas-cosmeticas\/mantequilla-de-mango\/","name":"Mantequilla de mango - Distribuidor mayorista","isPartOf":{"@id":"https:\/\/naturalpoland.com\/es\/#website"},"primaryImageOfPage":{"@id":"https:\/\/naturalpoland.com\/es\/productos\/productos-para-la-industria-cosmetica\/mantecas-cosmeticas\/mantequilla-de-mango\/#primaryimage"},"image":{"@id":"https:\/\/naturalpoland.com\/es\/productos\/productos-para-la-industria-cosmetica\/mantecas-cosmeticas\/mantequilla-de-mango\/#primaryimage"},"thumbnailUrl":"https:\/\/naturalpoland.com\/wp-content\/uploads\/maslo-mango.webp","datePublished":"2021-09-21T13:03:18+00:00","dateModified":"2024-04-26T11:39:13+00:00","breadcrumb":{"@id":"https:\/\/naturalpoland.com\/es\/productos\/productos-para-la-industria-cosmetica\/mantecas-cosmeticas\/mantequilla-de-mango\/#breadcrumb"},"inLanguage":"es","potentialAction":[{"@type":"ReadAction","target":["https:\/\/naturalpoland.com\/es\/productos\/productos-para-la-industria-cosmetica\/mantecas-cosmeticas\/mantequilla-de-mango\/"]}]},{"@type":"ImageObject","inLanguage":"es","@id":"https:\/\/naturalpoland.com\/es\/productos\/productos-para-la-industria-cosmetica\/mantecas-cosmeticas\/mantequilla-de-mango\/#primaryimage","url":"https:\/\/naturalpoland.com\/wp-content\/uploads\/maslo-mango.webp","contentUrl":"https:\/\/naturalpoland.com\/wp-content\/uploads\/maslo-mango.webp","width":1024,"height":1024,"caption":"mas\u0142o mango"},{"@type":"BreadcrumbList","@id":"https:\/\/naturalpoland.com\/es\/productos\/productos-para-la-industria-cosmetica\/mantecas-cosmeticas\/mantequilla-de-mango\/#breadcrumb","itemListElement":[{"@type":"ListItem","position":1,"name":"Inicio","item":"https:\/\/naturalpoland.com\/es\/"},{"@type":"ListItem","position":2,"name":"Productos","item":"https:\/\/naturalpoland.com\/es\/productos\/"},{"@type":"ListItem","position":3,"name":"Mantequilla de mango"}]},{"@type":"WebSite","@id":"https:\/\/naturalpoland.com\/es\/#website","url":"https:\/\/naturalpoland.com\/es\/","name":"NATURAL POLAND - Distribuidor Mayorista de Materias Primas","description":"Surowce dla przemys\u0142u spo\u017cywczego, kosmetycznego i farmaceutycznego","publisher":{"@id":"https:\/\/naturalpoland.com\/es\/#organization"},"potentialAction":[{"@type":"SearchAction","target":{"@type":"EntryPoint","urlTemplate":"https:\/\/naturalpoland.com\/es\/?s={search_term_string}"},"query-input":{"@type":"PropertyValueSpecification","valueRequired":true,"valueName":"search_term_string"}}],"inLanguage":"es"},{"@type":"Organization","@id":"https:\/\/naturalpoland.com\/es\/#organization","name":"Natural Poland","url":"https:\/\/naturalpoland.com\/es\/","logo":{"@type":"ImageObject","inLanguage":"es","@id":"https:\/\/naturalpoland.com\/es\/#\/schema\/logo\/image\/","url":"https:\/\/naturalpoland.com\/wp-content\/uploads\/2021\/05\/natural-poland-icon.png","contentUrl":"https:\/\/naturalpoland.com\/wp-content\/uploads\/2021\/05\/natural-poland-icon.png","width":512,"height":512,"caption":"Natural Poland"},"image":{"@id":"https:\/\/naturalpoland.com\/es\/#\/schema\/logo\/image\/"},"sameAs":["https:\/\/www.facebook.com\/naturalpoland.b2b","https:\/\/pl.linkedin.com\/company\/natural-poland","https:\/\/www.youtube.com\/channel\/UCgeGGkvOMahZo-xu_MSEWxg"]}]}},"_links":{"self":[{"href":"https:\/\/naturalpoland.com\/es\/wp-json\/wp\/v2\/product\/12499","targetHints":{"allow":["GET"]}}],"collection":[{"href":"https:\/\/naturalpoland.com\/es\/wp-json\/wp\/v2\/product"}],"about":[{"href":"https:\/\/naturalpoland.com\/es\/wp-json\/wp\/v2\/types\/product"}],"wp:featuredmedia":[{"embeddable":true,"href":"https:\/\/naturalpoland.com\/es\/wp-json\/wp\/v2\/media\/37913"}],"wp:attachment":[{"href":"https:\/\/naturalpoland.com\/es\/wp-json\/wp\/v2\/media?parent=12499"}],"wp:term":[{"taxonomy":"product_brand","embeddable":true,"href":"https:\/\/naturalpoland.com\/es\/wp-json\/wp\/v2\/product_brand?post=12499"},{"taxonomy":"product_cat","embeddable":true,"href":"https:\/\/naturalpoland.com\/es\/wp-json\/wp\/v2\/product_cat?post=12499"},{"taxonomy":"product_tag","embeddable":true,"href":"https:\/\/naturalpoland.com\/es\/wp-json\/wp\/v2\/product_tag?post=12499"}],"curies":[{"name":"wp","href":"https:\/\/api.w.org\/{rel}","templated":true}]}}