{"id":12577,"date":"2021-05-11T13:49:22","date_gmt":"2021-09-21T13:04:24","guid":{"rendered":"https:\/\/naturalpoland.pl\/produkty\/sin%20categor\u00eda\/aceite-de-aguacate\/"},"modified":"2024-04-29T13:29:31","modified_gmt":"2024-04-29T11:29:31","slug":"aceite-de-aguacate","status":"publish","type":"product","link":"https:\/\/naturalpoland.com\/es\/productos\/aceites-alimentarios-y-cosmeticos\/aceite-de-aguacate\/","title":{"rendered":"Aceite de aguacate"},"content":{"rendered":"<p>El aceite de aguacate se obtiene de la pulpa de estos frutos.<br \/>\nSe prensa de forma que el aceite contenga tantos ingredientes beneficiosos como sea posible.<br \/>\nEl aceite es rico en grasas insaturadas.<br \/>\nLa mayor proporci\u00f3n de \u00e9stas es el \u00e1cido oleico, que se utiliza para tratar enfermedades cardiovasculares.<br \/>\nEl alto contenido de grasas buenas tambi\u00e9n mejora el estado de la piel y el cabello, aumentando su nivel de hidrataci\u00f3n y mejorando su aspecto.<\/p>\n<h1>Aceite de aguacate &#8211; propiedades y usos en cosm\u00e9tica<\/h1>\n<p>El aguacate est\u00e1 considerado uno de los frutos m\u00e1s sanos del mundo.<br \/>\nSin embargo, sus propiedades \u00fanicas pueden apreciarse no s\u00f3lo consumiendo la propia fruta.<br \/>\nEl aceite de aguacate se utiliza en la cocina, la medicina natural y la cosm\u00e9tica.<\/p>\n<h2>Aceite de aguacate &#8211; composici\u00f3n qu\u00edmica<\/h2>\n<p>A diferencia de la mayor\u00eda de los aceites vegetales, el aceite de aguacate no se extrae de la semilla, sino de la pulpa del fruto.<br \/>\nPuede obtenerse por prensado en fr\u00edo (que conserva la mayor\u00eda de sus propiedades saludables) o por refinado con altas temperaturas, enzimas o disolventes org\u00e1nicos.<br \/>\nEl aceite de aguacate contiene numerosas <strong><a href=\"https:\/\/naturalpoland.com\/es\/categor\u00eda\/productos-para-la-industria-farmaceutica-y-medica\/vitaminas\/\">vitaminas\u00a0<\/a><\/strong>&#8211; vitamina A, del grupo B (B1, B2, B3, B5, B6, B7), D, E, K y sales minerales nutricionalmente activas.<\/p>\n<p>Como cualquier aceite, tambi\u00e9n contiene valiosos \u00e1cidos grasos.<br \/>\nEntre ellos se encuentran los \u00e1cidos saturados (\u00e1cido palm\u00edtico, \u00e1cido este\u00e1rico), as\u00ed como los \u00e1cidos omega-3, omega-6 y omega-9, como el \u00e1cido oleico, linoleico y linol\u00e9nico.<br \/>\nTambi\u00e9n est\u00e1n presentes en el aceite de aguacate la lecitina, los fitoesteroles, las prote\u00ednas y el <strong><a href=\"https:\/\/naturalpoland.com\/es\/productos\/productos-para-la-industria-cosmetica\/materias-primas-para-cosmeticos\/escualano-oliva\/\">escualeno<\/a><br \/>\n<\/strong>.<\/p>\n<h3>Contenido en \u00e1cidos grasos<\/h3>\n<table>\n<tbody>\n<tr>\n<th>NOMBRE DEL \u00c1CIDO<\/th>\n<th>C-CHAIN<\/th>\n<th>CONTENIDO (%)<\/th>\n<\/tr>\n<tr>\n<td>PALMITIC<\/td>\n<td>C16:0<\/td>\n<td>5.0 &#8211; 25.0<\/td>\n<\/tr>\n<tr>\n<td>PALMITOLEIC<\/td>\n<td>C16: 1<\/td>\n<td>1.0 &#8211; 12.0<\/td>\n<\/tr>\n<tr>\n<td>STEARIC<\/td>\n<td>C18:0<\/td>\n<td>\u22643.0<\/td>\n<\/tr>\n<tr>\n<td>OLEIC<\/td>\n<td>C18:1<\/td>\n<td>50.0 &#8211; 74.0<\/td>\n<\/tr>\n<tr>\n<td>LINOLEIC<\/td>\n<td>C18:2<\/td>\n<td>6.0 &#8211; 20.0<\/td>\n<\/tr>\n<tr>\n<td>LINOLENIC<\/td>\n<td>C18:3<\/td>\n<td>&lt; 3.0<\/td>\n<\/tr>\n<\/tbody>\n<\/table>\n<h2>Propiedades cosm\u00e9ticas del aceite de aguacate<\/h2>\n<p>La abundancia de ingredientes biol\u00f3gicamente activos hace que el aceite de aguacate no s\u00f3lo se utilice en la industria alimentaria.<br \/>\nAunque sus propiedades reductoras del colesterol y sus efectos beneficiosos sobre el sistema cardiovascular se aprecian sobre todo en la cocina, el aceite de aguacate tambi\u00e9n goza de creciente popularidad en la cosm\u00e9tica.<\/p>\n<p>Gracias a su contenido en \u00e1cidos grasos, <strong>el aceite de aguacate refuerza la barrera protectora natural de la piel,<\/strong> mejora su elasticidad, alivia las irritaciones y favorece la regeneraci\u00f3n epid\u00e9rmica. Otros compuestos presentes, como el escualeno, el potente antioxidante tocoferoles o el beta-sitosterol, ampl\u00edan los efectos cosm\u00e9ticos del aceite de aguacate. Entre otras cosas, presenta propiedades antibacterianas y antif\u00fangicas, estimula la producci\u00f3n de col\u00e1geno, suaviza e hidrata la piel, y tiene un efecto protector contra las radiaciones UV nocivas.<\/p>\n<h2>Uso del aceite de aguacate en cosm\u00e9tica<\/h2>\n<p>Gracias a su acci\u00f3n multidireccional y a su riqueza en principios activos, el aceite de aguacate se utiliza mucho en cosm\u00e9tica.<\/p>\n<h3>Aceite de aguacate para la cara<\/h3>\n<p>Los cosm\u00e9ticos que contienen aceite de aguacate est\u00e1n especialmente recomendados para el cuidado facial, incluso para quienes tienen la piel madura, propensa al acn\u00e9, seca e irritada.<br \/>\nNo s\u00f3lo hidrata la piel y calma la irritaci\u00f3n, sino que, gracias a su alto contenido en antioxidantes, tambi\u00e9n presenta propiedades antienvejecimiento.<br \/>\nAdem\u00e1s, las propiedades antimicrobianas y antiinflamatorias del aceite de aguacate lo convierten en una ayuda eficaz para el tratamiento del acn\u00e9 y dolencias cut\u00e1neas como el eccema, la psoriasis y la dermatitis at\u00f3pica.<\/p>\n<h3>El aceite de aguacate en el cuidado corporal<\/h3>\n<p>Los productos que contienen aceite de aguacate tambi\u00e9n pueden utilizarse con \u00e9xito en el cuidado diario de todo el cuerpo.<br \/>\nAdem\u00e1s de sus propiedades hidratantes y de refuerzo de la barrera cut\u00e1nea, aqu\u00ed tambi\u00e9n se aprecian sus propiedades limpiadoras: puede utilizarse no s\u00f3lo como ingrediente de cremas y mantecas corporales, sino tambi\u00e9n en geles de ducha.<br \/>\nComo ingrediente suave y raramente alerg\u00e9nico, puede utilizarse con seguridad en el cuidado de la piel sensible, as\u00ed como por mujeres embarazadas.<br \/>\nCuriosamente, informes cl\u00ednicos recientes indican tambi\u00e9n el potencial de la fracci\u00f3n insaponificable del aceite de aguacate para aliviar los s\u00edntomas de la artrosis.<\/p>\n<h3>Aceite de aguacate para el cabello<\/h3>\n<p>Sin embargo, el aceite de aguacate en cosm\u00e9tica no es s\u00f3lo para productos de cuidado de la piel, sino tambi\u00e9n para el cabello.<br \/>\nPuede incluirse en champ\u00fas, acondicionadores y mascarillas capilares.<br \/>\nAdem\u00e1s de sus propiedades protectoras e hidratantes, el aceite de aguacate tambi\u00e9n tiene efectos anticaspa, da brillo al cabello y nutre el cuero cabelludo, y su textura ligera no apelmaza el cabello.<\/p>\n<hr \/>\n<p><small><br \/>\n<strong>Literatura<\/strong><\/small><\/p>\n<ol>\n<li>Schafer N, Sobczyk M, Burczyk D et al.<br \/>\nUso potencial de los aceites vegetales en el cuidado de la piel con acn\u00e9. <em>Cosmetolog\u00eda y Medicina Est\u00e9tica<\/em> (2022), 2(11): 49-55.<\/li>\n<li>Walewska E. Eficacia del uso de fracciones insaponificables de aceite de aguacate y soja en la artrosis. <em>Hechos M\u00e9dicos <\/em>(2021), 2(51): 188-192.<\/li>\n<li>Mo\u017cd\u017ce\u0144 K, Barabasz-Krasny B, Szymacha K et al.<br \/>\nPlantas utilizadas en mascarillas cosm\u00e9ticas. <em>Pol J Cosmetol<\/em>(2016), 19(4): 372-379.<\/li>\n<li>https:\/\/informatormasarski.pl\/maszyny-i-technologie\/moda-a-moze-koniecznosc-wykorzystanie-odpadow-w-przemysle-miesnym\/<\/li>\n<\/ol>\n<p>&nbsp;<\/p>\n<hr \/>\n<p>&nbsp;<\/p>\n","protected":false},"excerpt":{"rendered":"<p>El aceite de aguacate es cada vez m\u00e1s popular.<br \/>\nSe utiliza como aceite comestible para consumo en crudo y para fre\u00edr.<br \/>\nTambi\u00e9n es un ingrediente muy importante en cosm\u00e9ticos, incluidos los destinados a los m\u00e1s j\u00f3venes y a pieles especialmente exigentes.<\/p>\n","protected":false},"featured_media":12580,"template":"","meta":{"_acf_changed":false},"product_brand":[],"product_cat":[1080],"product_tag":[],"class_list":{"0":"post-12577","1":"product","2":"type-product","3":"status-publish","4":"has-post-thumbnail","6":"product_cat-aceites-alimentarios-y-cosmeticos","7":"pa_grupa-substancji-emolientes","8":"pa_metoda-pozyskiwania-prensado-en-frio","10":"first","11":"instock","12":"shipping-taxable","13":"product-type-simple"},"acf":[],"yoast_head":"<!-- This site is optimized with the Yoast SEO plugin v27.6 - https:\/\/yoast.com\/product\/yoast-seo-wordpress\/ -->\n<title>Aceite de aguacate - Distribuidor mayorista<\/title>\n<meta name=\"robots\" content=\"index, follow, max-snippet:-1, max-image-preview:large, max-video-preview:-1\" \/>\n<link rel=\"canonical\" href=\"https:\/\/naturalpoland.com\/es\/productos\/aceites-alimentarios-y-cosmeticos\/aceite-de-aguacate\/\" \/>\n<meta property=\"og:locale\" content=\"es_ES\" \/>\n<meta property=\"og:type\" content=\"article\" \/>\n<meta property=\"og:title\" content=\"Aceite de aguacate - Distribuidor mayorista\" \/>\n<meta property=\"og:description\" content=\"El aceite de aguacate es cada vez m\u00e1s popular. Se utiliza como aceite comestible para consumo en crudo y para fre\u00edr. Tambi\u00e9n es un ingrediente muy importante en cosm\u00e9ticos, incluidos los destinados a los m\u00e1s j\u00f3venes y a pieles especialmente exigentes.\" \/>\n<meta property=\"og:url\" content=\"https:\/\/naturalpoland.com\/es\/productos\/aceites-alimentarios-y-cosmeticos\/aceite-de-aguacate\/\" \/>\n<meta property=\"og:site_name\" content=\"NATURAL POLAND - Distribuidor Mayorista de Materias Primas\" \/>\n<meta property=\"article:publisher\" content=\"https:\/\/www.facebook.com\/naturalpoland.b2b\" \/>\n<meta property=\"article:modified_time\" content=\"2024-04-29T11:29:31+00:00\" \/>\n<meta property=\"og:image\" content=\"https:\/\/naturalpoland.com\/wp-content\/uploads\/2021\/05\/avocado-oil.jpg\" \/>\n\t<meta property=\"og:image:width\" content=\"2533\" \/>\n\t<meta property=\"og:image:height\" content=\"1980\" \/>\n\t<meta property=\"og:image:type\" content=\"image\/jpeg\" \/>\n<script type=\"application\/ld+json\" class=\"yoast-schema-graph\">{\"@context\":\"https:\\\/\\\/schema.org\",\"@graph\":[{\"@type\":\"WebPage\",\"@id\":\"https:\\\/\\\/naturalpoland.com\\\/es\\\/productos\\\/aceites-alimentarios-y-cosmeticos\\\/aceite-de-aguacate\\\/\",\"url\":\"https:\\\/\\\/naturalpoland.com\\\/es\\\/productos\\\/aceites-alimentarios-y-cosmeticos\\\/aceite-de-aguacate\\\/\",\"name\":\"Aceite de aguacate - Distribuidor mayorista\",\"isPartOf\":{\"@id\":\"https:\\\/\\\/naturalpoland.com\\\/es\\\/#website\"},\"primaryImageOfPage\":{\"@id\":\"https:\\\/\\\/naturalpoland.com\\\/es\\\/productos\\\/aceites-alimentarios-y-cosmeticos\\\/aceite-de-aguacate\\\/#primaryimage\"},\"image\":{\"@id\":\"https:\\\/\\\/naturalpoland.com\\\/es\\\/productos\\\/aceites-alimentarios-y-cosmeticos\\\/aceite-de-aguacate\\\/#primaryimage\"},\"thumbnailUrl\":\"https:\\\/\\\/naturalpoland.com\\\/wp-content\\\/uploads\\\/2021\\\/05\\\/avocado-oil.jpg\",\"datePublished\":\"2021-09-21T13:04:24+00:00\",\"dateModified\":\"2024-04-29T11:29:31+00:00\",\"breadcrumb\":{\"@id\":\"https:\\\/\\\/naturalpoland.com\\\/es\\\/productos\\\/aceites-alimentarios-y-cosmeticos\\\/aceite-de-aguacate\\\/#breadcrumb\"},\"inLanguage\":\"es\",\"potentialAction\":[{\"@type\":\"ReadAction\",\"target\":[\"https:\\\/\\\/naturalpoland.com\\\/es\\\/productos\\\/aceites-alimentarios-y-cosmeticos\\\/aceite-de-aguacate\\\/\"]}]},{\"@type\":\"ImageObject\",\"inLanguage\":\"es\",\"@id\":\"https:\\\/\\\/naturalpoland.com\\\/es\\\/productos\\\/aceites-alimentarios-y-cosmeticos\\\/aceite-de-aguacate\\\/#primaryimage\",\"url\":\"https:\\\/\\\/naturalpoland.com\\\/wp-content\\\/uploads\\\/2021\\\/05\\\/avocado-oil.jpg\",\"contentUrl\":\"https:\\\/\\\/naturalpoland.com\\\/wp-content\\\/uploads\\\/2021\\\/05\\\/avocado-oil.jpg\",\"width\":2533,\"height\":1980},{\"@type\":\"BreadcrumbList\",\"@id\":\"https:\\\/\\\/naturalpoland.com\\\/es\\\/productos\\\/aceites-alimentarios-y-cosmeticos\\\/aceite-de-aguacate\\\/#breadcrumb\",\"itemListElement\":[{\"@type\":\"ListItem\",\"position\":1,\"name\":\"Inicio\",\"item\":\"https:\\\/\\\/naturalpoland.com\\\/es\\\/\"},{\"@type\":\"ListItem\",\"position\":2,\"name\":\"Productos\",\"item\":\"https:\\\/\\\/naturalpoland.com\\\/es\\\/productos\\\/\"},{\"@type\":\"ListItem\",\"position\":3,\"name\":\"Aceite de aguacate\"}]},{\"@type\":\"WebSite\",\"@id\":\"https:\\\/\\\/naturalpoland.com\\\/es\\\/#website\",\"url\":\"https:\\\/\\\/naturalpoland.com\\\/es\\\/\",\"name\":\"NATURAL POLAND - Distribuidor Mayorista de Materias Primas\",\"description\":\"Surowce dla przemys\u0142u spo\u017cywczego, kosmetycznego i farmaceutycznego\",\"publisher\":{\"@id\":\"https:\\\/\\\/naturalpoland.com\\\/es\\\/#organization\"},\"potentialAction\":[{\"@type\":\"SearchAction\",\"target\":{\"@type\":\"EntryPoint\",\"urlTemplate\":\"https:\\\/\\\/naturalpoland.com\\\/es\\\/?s={search_term_string}\"},\"query-input\":{\"@type\":\"PropertyValueSpecification\",\"valueRequired\":true,\"valueName\":\"search_term_string\"}}],\"inLanguage\":\"es\"},{\"@type\":\"Organization\",\"@id\":\"https:\\\/\\\/naturalpoland.com\\\/es\\\/#organization\",\"name\":\"Natural Poland\",\"url\":\"https:\\\/\\\/naturalpoland.com\\\/es\\\/\",\"logo\":{\"@type\":\"ImageObject\",\"inLanguage\":\"es\",\"@id\":\"https:\\\/\\\/naturalpoland.com\\\/es\\\/#\\\/schema\\\/logo\\\/image\\\/\",\"url\":\"https:\\\/\\\/naturalpoland.com\\\/wp-content\\\/uploads\\\/2021\\\/05\\\/natural-poland-icon.png\",\"contentUrl\":\"https:\\\/\\\/naturalpoland.com\\\/wp-content\\\/uploads\\\/2021\\\/05\\\/natural-poland-icon.png\",\"width\":512,\"height\":512,\"caption\":\"Natural Poland\"},\"image\":{\"@id\":\"https:\\\/\\\/naturalpoland.com\\\/es\\\/#\\\/schema\\\/logo\\\/image\\\/\"},\"sameAs\":[\"https:\\\/\\\/www.facebook.com\\\/naturalpoland.b2b\",\"https:\\\/\\\/pl.linkedin.com\\\/company\\\/natural-poland\",\"https:\\\/\\\/www.youtube.com\\\/channel\\\/UCgeGGkvOMahZo-xu_MSEWxg\"]}]}<\/script>\n<!-- \/ Yoast SEO plugin. -->","yoast_head_json":{"title":"Aceite de aguacate - Distribuidor mayorista","robots":{"index":"index","follow":"follow","max-snippet":"max-snippet:-1","max-image-preview":"max-image-preview:large","max-video-preview":"max-video-preview:-1"},"canonical":"https:\/\/naturalpoland.com\/es\/productos\/aceites-alimentarios-y-cosmeticos\/aceite-de-aguacate\/","og_locale":"es_ES","og_type":"article","og_title":"Aceite de aguacate - Distribuidor mayorista","og_description":"El aceite de aguacate es cada vez m\u00e1s popular. Se utiliza como aceite comestible para consumo en crudo y para fre\u00edr. Tambi\u00e9n es un ingrediente muy importante en cosm\u00e9ticos, incluidos los destinados a los m\u00e1s j\u00f3venes y a pieles especialmente exigentes.","og_url":"https:\/\/naturalpoland.com\/es\/productos\/aceites-alimentarios-y-cosmeticos\/aceite-de-aguacate\/","og_site_name":"NATURAL POLAND - Distribuidor Mayorista de Materias Primas","article_publisher":"https:\/\/www.facebook.com\/naturalpoland.b2b","article_modified_time":"2024-04-29T11:29:31+00:00","og_image":[{"width":2533,"height":1980,"url":"https:\/\/naturalpoland.com\/wp-content\/uploads\/2021\/05\/avocado-oil.jpg","type":"image\/jpeg"}],"schema":{"@context":"https:\/\/schema.org","@graph":[{"@type":"WebPage","@id":"https:\/\/naturalpoland.com\/es\/productos\/aceites-alimentarios-y-cosmeticos\/aceite-de-aguacate\/","url":"https:\/\/naturalpoland.com\/es\/productos\/aceites-alimentarios-y-cosmeticos\/aceite-de-aguacate\/","name":"Aceite de aguacate - Distribuidor mayorista","isPartOf":{"@id":"https:\/\/naturalpoland.com\/es\/#website"},"primaryImageOfPage":{"@id":"https:\/\/naturalpoland.com\/es\/productos\/aceites-alimentarios-y-cosmeticos\/aceite-de-aguacate\/#primaryimage"},"image":{"@id":"https:\/\/naturalpoland.com\/es\/productos\/aceites-alimentarios-y-cosmeticos\/aceite-de-aguacate\/#primaryimage"},"thumbnailUrl":"https:\/\/naturalpoland.com\/wp-content\/uploads\/2021\/05\/avocado-oil.jpg","datePublished":"2021-09-21T13:04:24+00:00","dateModified":"2024-04-29T11:29:31+00:00","breadcrumb":{"@id":"https:\/\/naturalpoland.com\/es\/productos\/aceites-alimentarios-y-cosmeticos\/aceite-de-aguacate\/#breadcrumb"},"inLanguage":"es","potentialAction":[{"@type":"ReadAction","target":["https:\/\/naturalpoland.com\/es\/productos\/aceites-alimentarios-y-cosmeticos\/aceite-de-aguacate\/"]}]},{"@type":"ImageObject","inLanguage":"es","@id":"https:\/\/naturalpoland.com\/es\/productos\/aceites-alimentarios-y-cosmeticos\/aceite-de-aguacate\/#primaryimage","url":"https:\/\/naturalpoland.com\/wp-content\/uploads\/2021\/05\/avocado-oil.jpg","contentUrl":"https:\/\/naturalpoland.com\/wp-content\/uploads\/2021\/05\/avocado-oil.jpg","width":2533,"height":1980},{"@type":"BreadcrumbList","@id":"https:\/\/naturalpoland.com\/es\/productos\/aceites-alimentarios-y-cosmeticos\/aceite-de-aguacate\/#breadcrumb","itemListElement":[{"@type":"ListItem","position":1,"name":"Inicio","item":"https:\/\/naturalpoland.com\/es\/"},{"@type":"ListItem","position":2,"name":"Productos","item":"https:\/\/naturalpoland.com\/es\/productos\/"},{"@type":"ListItem","position":3,"name":"Aceite de aguacate"}]},{"@type":"WebSite","@id":"https:\/\/naturalpoland.com\/es\/#website","url":"https:\/\/naturalpoland.com\/es\/","name":"NATURAL POLAND - Distribuidor Mayorista de Materias Primas","description":"Surowce dla przemys\u0142u spo\u017cywczego, kosmetycznego i farmaceutycznego","publisher":{"@id":"https:\/\/naturalpoland.com\/es\/#organization"},"potentialAction":[{"@type":"SearchAction","target":{"@type":"EntryPoint","urlTemplate":"https:\/\/naturalpoland.com\/es\/?s={search_term_string}"},"query-input":{"@type":"PropertyValueSpecification","valueRequired":true,"valueName":"search_term_string"}}],"inLanguage":"es"},{"@type":"Organization","@id":"https:\/\/naturalpoland.com\/es\/#organization","name":"Natural Poland","url":"https:\/\/naturalpoland.com\/es\/","logo":{"@type":"ImageObject","inLanguage":"es","@id":"https:\/\/naturalpoland.com\/es\/#\/schema\/logo\/image\/","url":"https:\/\/naturalpoland.com\/wp-content\/uploads\/2021\/05\/natural-poland-icon.png","contentUrl":"https:\/\/naturalpoland.com\/wp-content\/uploads\/2021\/05\/natural-poland-icon.png","width":512,"height":512,"caption":"Natural Poland"},"image":{"@id":"https:\/\/naturalpoland.com\/es\/#\/schema\/logo\/image\/"},"sameAs":["https:\/\/www.facebook.com\/naturalpoland.b2b","https:\/\/pl.linkedin.com\/company\/natural-poland","https:\/\/www.youtube.com\/channel\/UCgeGGkvOMahZo-xu_MSEWxg"]}]}},"_links":{"self":[{"href":"https:\/\/naturalpoland.com\/es\/wp-json\/wp\/v2\/product\/12577","targetHints":{"allow":["GET"]}}],"collection":[{"href":"https:\/\/naturalpoland.com\/es\/wp-json\/wp\/v2\/product"}],"about":[{"href":"https:\/\/naturalpoland.com\/es\/wp-json\/wp\/v2\/types\/product"}],"wp:featuredmedia":[{"embeddable":true,"href":"https:\/\/naturalpoland.com\/es\/wp-json\/wp\/v2\/media\/12580"}],"wp:attachment":[{"href":"https:\/\/naturalpoland.com\/es\/wp-json\/wp\/v2\/media?parent=12577"}],"wp:term":[{"taxonomy":"product_brand","embeddable":true,"href":"https:\/\/naturalpoland.com\/es\/wp-json\/wp\/v2\/product_brand?post=12577"},{"taxonomy":"product_cat","embeddable":true,"href":"https:\/\/naturalpoland.com\/es\/wp-json\/wp\/v2\/product_cat?post=12577"},{"taxonomy":"product_tag","embeddable":true,"href":"https:\/\/naturalpoland.com\/es\/wp-json\/wp\/v2\/product_tag?post=12577"}],"curies":[{"name":"wp","href":"https:\/\/api.w.org\/{rel}","templated":true}]}}