{"id":12615,"date":"2021-05-11T13:50:09","date_gmt":"2021-09-21T13:04:59","guid":{"rendered":"https:\/\/naturalpoland.pl\/produkty\/sin%20categor\u00eda\/aceite-de-semilla-de-comino-negro\/"},"modified":"2024-06-13T13:20:29","modified_gmt":"2024-06-13T11:20:29","slug":"aceite-de-semilla-de-nigella","status":"publish","type":"product","link":"https:\/\/naturalpoland.com\/es\/productos\/productos-para-la-industria-cosmetica\/aceites-cosmeticos\/aceite-de-semilla-de-nigella\/","title":{"rendered":"Aceite de comino negro"},"content":{"rendered":"<h2>Proceso de producci\u00f3n<\/h2>\n<p><strong>Prensado en fr\u00edo y sin refinar,<\/strong> este aceite conserva todos sus valiosos nutrientes, lo que lo hace extremadamente valioso para muchas aplicaciones. Prensado en fr\u00edo, que conserva todos los nutrientes valiosos y garantiza que el aceite permanezca sin refinar y sin aditivos qu\u00edmicos.<\/p>\n<h2>Nutrientes<\/h2>\n<p>El aceite de comino negro contiene altas concentraciones de \u00e1cidos grasos <strong>Omega-3<\/strong> y <strong>Omega-6<\/strong> y <strong>\u00e1cido linoleico<\/strong>, conocidos por sus efectos beneficiosos para la salud cardiovascular.<br \/>\nAdem\u00e1s, contiene <strong>timoquinona<\/strong> y <strong>nigelona<\/strong>, compuestos bioactivos eficaces en el tratamiento de las alergias al bloquear la secreci\u00f3n de histamina. <\/p>\n<h2>Propiedades saludables del aceite de comino<\/h2>\n<p>Este producto est\u00e1 especialmente recomendado para quienes desean controlar el colesterol y los niveles de az\u00facar en sangre.<br \/>\nEl aceite de comino negro regula el metabolismo de los hidratos de carbono y reduce los niveles de az\u00facar despu\u00e9s de comer, por lo que resulta \u00fatil en la prevenci\u00f3n de la resistencia a la insulina y la diabetes de tipo 2.<br \/>\nAdem\u00e1s, su acci\u00f3n antihistam\u00ednica lo hace \u00fatil en el tratamiento de las alergias.  <\/p>\n<h2>Uso cosm\u00e9tico<\/h2>\n<p>En la industria cosm\u00e9tica, el aceite de nigella es apreciado por sus propiedades hidratantes, regeneradoras y antiinflamatorias.<br \/>\nEs ideal para la piel seca, sensible y problem\u00e1tica.<br \/>\nSi se usa con regularidad, puede ayudar a aliviar la inflamaci\u00f3n de la piel y favorecer los procesos regenerativos naturales.  <\/p>\n<h2>Apoyo inmunitario<\/h2>\n<p>El aceite de semillas de Nigella tambi\u00e9n refuerza el sistema inmunitario, gracias a sus propiedades antivirales y antibacterianas.<br \/>\nAyuda a proteger el organismo contra diversos agentes pat\u00f3genos. <\/p>\n<h2>Almacenamiento y envasado<\/h2>\n<p>El aceite de comino negro debe conservarse a temperaturas inferiores a 20\u00b0C, en un lugar oscuro y alejado de la luz solar. Una vez abierto, gu\u00e1rdalo en el frigor\u00edfico. El producto se envasa en cubos de pl\u00e1stico homologados (20l) y botellas de vidrio oscuro (250ml, 500ml, 1000ml). El envase cumple el Reglamento (CE) n\u00ba 1935\/2004.<\/p>\n<h3><\/h3>\n<h2>Propiedades nutritivas (por 100 g)<\/h2>\n<ul>\n<li><strong>Valor energ\u00e9tico:<\/strong> 3620 kJ\/864 kcal<\/li>\n<li><strong>Grasa:<\/strong> 96,2 g\n<ul>\n<li><strong>\u00c1cidos grasos saturados:<\/strong> 14.6g<\/li>\n<li><strong>\u00c1cidos grasos monoinsaturados:<\/strong> 23,8 g<\/li>\n<li><strong>\u00c1cidos grasos poliinsaturados:<\/strong> 53,3 g (de los cuales omega-6: 52,8 g)<\/li>\n<\/ul>\n<\/li>\n<li><strong>Hidratos de carbono:<\/strong> 2,6 g (de los cuales az\u00facares: 0 g)<\/li>\n<li><strong>Prote\u00ednas:<\/strong> 0,7 g<\/li>\n<li><strong>Sal:<\/strong> 0 g<\/li>\n<\/ul>\n","protected":false},"excerpt":{"rendered":"<p>Como distribuidor mayorista de aceite de semilla de nigella, ofrecemos un producto de la m\u00e1xima calidad alimentaria, que se utiliza en diversas industrias, desde la alimentaria a la farmac\u00e9utica, pasando por la cosm\u00e9tica.<\/p>\n","protected":false},"featured_media":7061,"template":"","meta":[],"product_brand":[],"product_cat":[1063,1080,1069],"product_tag":[],"class_list":{"0":"post-12615","1":"product","2":"type-product","3":"status-publish","4":"has-post-thumbnail","6":"product_cat-aceites-alimentarios","7":"product_cat-aceites-alimentarios-y-cosmeticos","8":"product_cat-aceites-cosmeticos","9":"pa_czesc-rosliny-semillas","10":"pa_metoda-pozyskiwania-prensado-en-frio","12":"first","13":"instock","14":"shipping-taxable","15":"product-type-simple"},"yoast_head":"<!-- This site is optimized with the Yoast SEO plugin v27.4 - https:\/\/yoast.com\/product\/yoast-seo-wordpress\/ -->\n<title>Aceite de comino negro - NATURAL POLAND - Distribuidor Mayorista de Materias Primas<\/title>\n<meta name=\"description\" content=\"El aceite de nigella no est\u00e1 refinado, por lo que conserva muchas de sus propiedades naturales. El aceite contiene una gran concentraci\u00f3n de \u00e1cidos insaturados.\" \/>\n<meta name=\"robots\" content=\"index, follow, max-snippet:-1, max-image-preview:large, max-video-preview:-1\" \/>\n<link rel=\"canonical\" href=\"https:\/\/naturalpoland.com\/es\/productos\/productos-para-la-industria-cosmetica\/aceites-cosmeticos\/aceite-de-semilla-de-nigella\/\" \/>\n<meta property=\"og:locale\" content=\"es_ES\" \/>\n<meta property=\"og:type\" content=\"article\" \/>\n<meta property=\"og:title\" content=\"Aceite de comino negro - NATURAL POLAND - Distribuidor Mayorista de Materias Primas\" \/>\n<meta property=\"og:description\" content=\"El aceite de nigella no est\u00e1 refinado, por lo que conserva muchas de sus propiedades naturales. El aceite contiene una gran concentraci\u00f3n de \u00e1cidos insaturados.\" \/>\n<meta property=\"og:url\" content=\"https:\/\/naturalpoland.com\/es\/productos\/productos-para-la-industria-cosmetica\/aceites-cosmeticos\/aceite-de-semilla-de-nigella\/\" \/>\n<meta property=\"og:site_name\" content=\"NATURAL POLAND - Distribuidor Mayorista de Materias Primas\" \/>\n<meta property=\"article:publisher\" content=\"https:\/\/www.facebook.com\/naturalpoland.b2b\" \/>\n<meta property=\"article:modified_time\" content=\"2024-06-13T11:20:29+00:00\" \/>\n<meta property=\"og:image\" content=\"https:\/\/naturalpoland.com\/wp-content\/uploads\/kminek-1.jpg\" \/>\n\t<meta property=\"og:image:width\" content=\"650\" \/>\n\t<meta property=\"og:image:height\" content=\"650\" \/>\n\t<meta property=\"og:image:type\" content=\"image\/jpeg\" \/>\n<script type=\"application\/ld+json\" class=\"yoast-schema-graph\">{\"@context\":\"https:\\\/\\\/schema.org\",\"@graph\":[{\"@type\":\"WebPage\",\"@id\":\"https:\\\/\\\/naturalpoland.com\\\/es\\\/productos\\\/productos-para-la-industria-cosmetica\\\/aceites-cosmeticos\\\/aceite-de-semilla-de-nigella\\\/\",\"url\":\"https:\\\/\\\/naturalpoland.com\\\/es\\\/productos\\\/productos-para-la-industria-cosmetica\\\/aceites-cosmeticos\\\/aceite-de-semilla-de-nigella\\\/\",\"name\":\"Aceite de comino negro - NATURAL POLAND - Distribuidor Mayorista de Materias Primas\",\"isPartOf\":{\"@id\":\"https:\\\/\\\/naturalpoland.com\\\/es\\\/#website\"},\"primaryImageOfPage\":{\"@id\":\"https:\\\/\\\/naturalpoland.com\\\/es\\\/productos\\\/productos-para-la-industria-cosmetica\\\/aceites-cosmeticos\\\/aceite-de-semilla-de-nigella\\\/#primaryimage\"},\"image\":{\"@id\":\"https:\\\/\\\/naturalpoland.com\\\/es\\\/productos\\\/productos-para-la-industria-cosmetica\\\/aceites-cosmeticos\\\/aceite-de-semilla-de-nigella\\\/#primaryimage\"},\"thumbnailUrl\":\"https:\\\/\\\/naturalpoland.com\\\/wp-content\\\/uploads\\\/kminek-1.jpg\",\"datePublished\":\"2021-09-21T13:04:59+00:00\",\"dateModified\":\"2024-06-13T11:20:29+00:00\",\"description\":\"El aceite de nigella no est\u00e1 refinado, por lo que conserva muchas de sus propiedades naturales. El aceite contiene una gran concentraci\u00f3n de \u00e1cidos insaturados.\",\"breadcrumb\":{\"@id\":\"https:\\\/\\\/naturalpoland.com\\\/es\\\/productos\\\/productos-para-la-industria-cosmetica\\\/aceites-cosmeticos\\\/aceite-de-semilla-de-nigella\\\/#breadcrumb\"},\"inLanguage\":\"es\",\"potentialAction\":[{\"@type\":\"ReadAction\",\"target\":[\"https:\\\/\\\/naturalpoland.com\\\/es\\\/productos\\\/productos-para-la-industria-cosmetica\\\/aceites-cosmeticos\\\/aceite-de-semilla-de-nigella\\\/\"]}]},{\"@type\":\"ImageObject\",\"inLanguage\":\"es\",\"@id\":\"https:\\\/\\\/naturalpoland.com\\\/es\\\/productos\\\/productos-para-la-industria-cosmetica\\\/aceites-cosmeticos\\\/aceite-de-semilla-de-nigella\\\/#primaryimage\",\"url\":\"https:\\\/\\\/naturalpoland.com\\\/wp-content\\\/uploads\\\/kminek-1.jpg\",\"contentUrl\":\"https:\\\/\\\/naturalpoland.com\\\/wp-content\\\/uploads\\\/kminek-1.jpg\",\"width\":650,\"height\":650,\"caption\":\"aceite de semilla de Nigella\"},{\"@type\":\"BreadcrumbList\",\"@id\":\"https:\\\/\\\/naturalpoland.com\\\/es\\\/productos\\\/productos-para-la-industria-cosmetica\\\/aceites-cosmeticos\\\/aceite-de-semilla-de-nigella\\\/#breadcrumb\",\"itemListElement\":[{\"@type\":\"ListItem\",\"position\":1,\"name\":\"Inicio\",\"item\":\"https:\\\/\\\/naturalpoland.com\\\/es\\\/\"},{\"@type\":\"ListItem\",\"position\":2,\"name\":\"Productos\",\"item\":\"https:\\\/\\\/naturalpoland.com\\\/es\\\/productos\\\/\"},{\"@type\":\"ListItem\",\"position\":3,\"name\":\"Aceite de comino negro\"}]},{\"@type\":\"WebSite\",\"@id\":\"https:\\\/\\\/naturalpoland.com\\\/es\\\/#website\",\"url\":\"https:\\\/\\\/naturalpoland.com\\\/es\\\/\",\"name\":\"NATURAL POLAND - Distribuidor Mayorista de Materias Primas\",\"description\":\"Surowce dla przemys\u0142u spo\u017cywczego, kosmetycznego i farmaceutycznego\",\"publisher\":{\"@id\":\"https:\\\/\\\/naturalpoland.com\\\/es\\\/#organization\"},\"potentialAction\":[{\"@type\":\"SearchAction\",\"target\":{\"@type\":\"EntryPoint\",\"urlTemplate\":\"https:\\\/\\\/naturalpoland.com\\\/es\\\/?s={search_term_string}\"},\"query-input\":{\"@type\":\"PropertyValueSpecification\",\"valueRequired\":true,\"valueName\":\"search_term_string\"}}],\"inLanguage\":\"es\"},{\"@type\":\"Organization\",\"@id\":\"https:\\\/\\\/naturalpoland.com\\\/es\\\/#organization\",\"name\":\"Natural Poland\",\"url\":\"https:\\\/\\\/naturalpoland.com\\\/es\\\/\",\"logo\":{\"@type\":\"ImageObject\",\"inLanguage\":\"es\",\"@id\":\"https:\\\/\\\/naturalpoland.com\\\/es\\\/#\\\/schema\\\/logo\\\/image\\\/\",\"url\":\"https:\\\/\\\/naturalpoland.com\\\/wp-content\\\/uploads\\\/2021\\\/05\\\/natural-poland-icon.png\",\"contentUrl\":\"https:\\\/\\\/naturalpoland.com\\\/wp-content\\\/uploads\\\/2021\\\/05\\\/natural-poland-icon.png\",\"width\":512,\"height\":512,\"caption\":\"Natural Poland\"},\"image\":{\"@id\":\"https:\\\/\\\/naturalpoland.com\\\/es\\\/#\\\/schema\\\/logo\\\/image\\\/\"},\"sameAs\":[\"https:\\\/\\\/www.facebook.com\\\/naturalpoland.b2b\",\"https:\\\/\\\/pl.linkedin.com\\\/company\\\/natural-poland\",\"https:\\\/\\\/www.youtube.com\\\/channel\\\/UCgeGGkvOMahZo-xu_MSEWxg\"]}]}<\/script>\n<!-- \/ Yoast SEO plugin. -->","yoast_head_json":{"title":"Aceite de comino negro - NATURAL POLAND - Distribuidor Mayorista de Materias Primas","description":"El aceite de nigella no est\u00e1 refinado, por lo que conserva muchas de sus propiedades naturales. El aceite contiene una gran concentraci\u00f3n de \u00e1cidos insaturados.","robots":{"index":"index","follow":"follow","max-snippet":"max-snippet:-1","max-image-preview":"max-image-preview:large","max-video-preview":"max-video-preview:-1"},"canonical":"https:\/\/naturalpoland.com\/es\/productos\/productos-para-la-industria-cosmetica\/aceites-cosmeticos\/aceite-de-semilla-de-nigella\/","og_locale":"es_ES","og_type":"article","og_title":"Aceite de comino negro - NATURAL POLAND - Distribuidor Mayorista de Materias Primas","og_description":"El aceite de nigella no est\u00e1 refinado, por lo que conserva muchas de sus propiedades naturales. El aceite contiene una gran concentraci\u00f3n de \u00e1cidos insaturados.","og_url":"https:\/\/naturalpoland.com\/es\/productos\/productos-para-la-industria-cosmetica\/aceites-cosmeticos\/aceite-de-semilla-de-nigella\/","og_site_name":"NATURAL POLAND - Distribuidor Mayorista de Materias Primas","article_publisher":"https:\/\/www.facebook.com\/naturalpoland.b2b","article_modified_time":"2024-06-13T11:20:29+00:00","og_image":[{"width":650,"height":650,"url":"https:\/\/naturalpoland.com\/wp-content\/uploads\/kminek-1.jpg","type":"image\/jpeg"}],"schema":{"@context":"https:\/\/schema.org","@graph":[{"@type":"WebPage","@id":"https:\/\/naturalpoland.com\/es\/productos\/productos-para-la-industria-cosmetica\/aceites-cosmeticos\/aceite-de-semilla-de-nigella\/","url":"https:\/\/naturalpoland.com\/es\/productos\/productos-para-la-industria-cosmetica\/aceites-cosmeticos\/aceite-de-semilla-de-nigella\/","name":"Aceite de comino negro - NATURAL POLAND - Distribuidor Mayorista de Materias Primas","isPartOf":{"@id":"https:\/\/naturalpoland.com\/es\/#website"},"primaryImageOfPage":{"@id":"https:\/\/naturalpoland.com\/es\/productos\/productos-para-la-industria-cosmetica\/aceites-cosmeticos\/aceite-de-semilla-de-nigella\/#primaryimage"},"image":{"@id":"https:\/\/naturalpoland.com\/es\/productos\/productos-para-la-industria-cosmetica\/aceites-cosmeticos\/aceite-de-semilla-de-nigella\/#primaryimage"},"thumbnailUrl":"https:\/\/naturalpoland.com\/wp-content\/uploads\/kminek-1.jpg","datePublished":"2021-09-21T13:04:59+00:00","dateModified":"2024-06-13T11:20:29+00:00","description":"El aceite de nigella no est\u00e1 refinado, por lo que conserva muchas de sus propiedades naturales. El aceite contiene una gran concentraci\u00f3n de \u00e1cidos insaturados.","breadcrumb":{"@id":"https:\/\/naturalpoland.com\/es\/productos\/productos-para-la-industria-cosmetica\/aceites-cosmeticos\/aceite-de-semilla-de-nigella\/#breadcrumb"},"inLanguage":"es","potentialAction":[{"@type":"ReadAction","target":["https:\/\/naturalpoland.com\/es\/productos\/productos-para-la-industria-cosmetica\/aceites-cosmeticos\/aceite-de-semilla-de-nigella\/"]}]},{"@type":"ImageObject","inLanguage":"es","@id":"https:\/\/naturalpoland.com\/es\/productos\/productos-para-la-industria-cosmetica\/aceites-cosmeticos\/aceite-de-semilla-de-nigella\/#primaryimage","url":"https:\/\/naturalpoland.com\/wp-content\/uploads\/kminek-1.jpg","contentUrl":"https:\/\/naturalpoland.com\/wp-content\/uploads\/kminek-1.jpg","width":650,"height":650,"caption":"aceite de semilla de Nigella"},{"@type":"BreadcrumbList","@id":"https:\/\/naturalpoland.com\/es\/productos\/productos-para-la-industria-cosmetica\/aceites-cosmeticos\/aceite-de-semilla-de-nigella\/#breadcrumb","itemListElement":[{"@type":"ListItem","position":1,"name":"Inicio","item":"https:\/\/naturalpoland.com\/es\/"},{"@type":"ListItem","position":2,"name":"Productos","item":"https:\/\/naturalpoland.com\/es\/productos\/"},{"@type":"ListItem","position":3,"name":"Aceite de comino negro"}]},{"@type":"WebSite","@id":"https:\/\/naturalpoland.com\/es\/#website","url":"https:\/\/naturalpoland.com\/es\/","name":"NATURAL POLAND - Distribuidor Mayorista de Materias Primas","description":"Surowce dla przemys\u0142u spo\u017cywczego, kosmetycznego i farmaceutycznego","publisher":{"@id":"https:\/\/naturalpoland.com\/es\/#organization"},"potentialAction":[{"@type":"SearchAction","target":{"@type":"EntryPoint","urlTemplate":"https:\/\/naturalpoland.com\/es\/?s={search_term_string}"},"query-input":{"@type":"PropertyValueSpecification","valueRequired":true,"valueName":"search_term_string"}}],"inLanguage":"es"},{"@type":"Organization","@id":"https:\/\/naturalpoland.com\/es\/#organization","name":"Natural Poland","url":"https:\/\/naturalpoland.com\/es\/","logo":{"@type":"ImageObject","inLanguage":"es","@id":"https:\/\/naturalpoland.com\/es\/#\/schema\/logo\/image\/","url":"https:\/\/naturalpoland.com\/wp-content\/uploads\/2021\/05\/natural-poland-icon.png","contentUrl":"https:\/\/naturalpoland.com\/wp-content\/uploads\/2021\/05\/natural-poland-icon.png","width":512,"height":512,"caption":"Natural Poland"},"image":{"@id":"https:\/\/naturalpoland.com\/es\/#\/schema\/logo\/image\/"},"sameAs":["https:\/\/www.facebook.com\/naturalpoland.b2b","https:\/\/pl.linkedin.com\/company\/natural-poland","https:\/\/www.youtube.com\/channel\/UCgeGGkvOMahZo-xu_MSEWxg"]}]}},"_links":{"self":[{"href":"https:\/\/naturalpoland.com\/es\/wp-json\/wp\/v2\/product\/12615","targetHints":{"allow":["GET"]}}],"collection":[{"href":"https:\/\/naturalpoland.com\/es\/wp-json\/wp\/v2\/product"}],"about":[{"href":"https:\/\/naturalpoland.com\/es\/wp-json\/wp\/v2\/types\/product"}],"wp:featuredmedia":[{"embeddable":true,"href":"https:\/\/naturalpoland.com\/es\/wp-json\/wp\/v2\/media\/7061"}],"wp:attachment":[{"href":"https:\/\/naturalpoland.com\/es\/wp-json\/wp\/v2\/media?parent=12615"}],"wp:term":[{"taxonomy":"product_brand","embeddable":true,"href":"https:\/\/naturalpoland.com\/es\/wp-json\/wp\/v2\/product_brand?post=12615"},{"taxonomy":"product_cat","embeddable":true,"href":"https:\/\/naturalpoland.com\/es\/wp-json\/wp\/v2\/product_cat?post=12615"},{"taxonomy":"product_tag","embeddable":true,"href":"https:\/\/naturalpoland.com\/es\/wp-json\/wp\/v2\/product_tag?post=12615"}],"curies":[{"name":"wp","href":"https:\/\/api.w.org\/{rel}","templated":true}]}}