{"id":12666,"date":"2021-05-11T13:50:34","date_gmt":"2021-05-11T11:50:34","guid":{"rendered":"https:\/\/naturalpoland.pl\/produkty\/sin%20categor\u00eda\/aceite-de-semilla-de-cartamo\/"},"modified":"2025-07-09T12:08:39","modified_gmt":"2025-07-09T10:08:39","slug":"aceite-de-semilla-de-cartamo","status":"publish","type":"product","link":"https:\/\/naturalpoland.com\/es\/productos\/productos-para-la-industria-cosmetica\/aceites-cosmeticos\/aceite-de-semilla-de-cartamo\/","title":{"rendered":"Aceite de semilla de c\u00e1rtamo"},"content":{"rendered":"<p>El aceite de c\u00e1rtamo es rico en \u00e1cidos grasos poliinsaturados (AGPI), principalmente \u00e1cido linoleico (omega-6). Tambi\u00e9n es una fuente natural de vitaminas A y E, as\u00ed como de fitoesteroles. El aceite contiene los siguientes \u00e1cidos grasos (por 100g):  <\/p>\n<ul>\n<li>\u00e1cidos grasos saturados (11 g)<\/li>\n<li>\u00e1cidos grasos monoinsaturados (12 g)<\/li>\n<li>\u00e1cidos grasos poliinsaturados (77 g)<\/li>\n<\/ul>\n<h2>Propiedades para la salud:<\/h2>\n<p>El aceite de semillas de c\u00e1rtamo <strong>act\u00faa de forma beneficiosa sobre el sistema cardiovascular,<\/strong> ayuda a reducir el nivel de colesterol \u00abmalo\u00bb (LDL) y regula el metabolismo lip\u00eddico del organismo. Reduce el riesgo de arteriosclerosis, infarto de miocardio y accidente cerebrovascular. Sus propiedades antiagregantes previenen la formaci\u00f3n de co\u00e1gulos, y su acci\u00f3n reguladora de la presi\u00f3n arterial contribuye a la prevenci\u00f3n de enfermedades cardiovasculares. Este aceite tambi\u00e9n es <strong>beneficioso para el sistema inmunitario<\/strong>, fortaleciendo la barrera protectora natural del organismo, y para el sistema respiratorio, facilitando la expectoraci\u00f3n y reduciendo la disnea durante las infecciones.   <\/p>\n<p>Gracias al contenido de \u00e1cido linoleico, el aceite de c\u00e1rtamo <strong>tambi\u00e9n apoya el sistema hormonal<\/strong>. Regula la producci\u00f3n de prostaglandinas, lo que alivia los s\u00edntomas del s\u00edndrome premenstrual (SPM), reduce el dolor menstrual y ayuda a lidiar con los s\u00edntomas no deseados de la menopausia. <strong>Favorece los procesos digestivos<\/strong>, regulando las deposiciones y previniendo el estre\u00f1imiento, lo que es especialmente \u00fatil en la lucha contra el sobrepeso y en la terapia de la enfermedad de Crohn. Adem\u00e1s, el aceite de c\u00e1rtamo reduce el nivel de glucosa en sangre, por lo que se recomienda para personas con diabetes.  <\/p>\n<h2>Usos del aceite:<\/h2>\n<p><strong>En cosm\u00e9tica<\/strong> el aceite de semillas de c\u00e1rtamo es valorado por sus propiedades antienvejecimiento, gracias a las cuales neutraliza los radicales libres y protege la piel de factores externos nocivos. El uso regular del aceite ayuda a mejorar la elasticidad de la piel, reducir la visibilidad de las arrugas y mantener su hidrataci\u00f3n adecuada. El aceite de c\u00e1rtamo alivia los estados inflamatorios de la piel, acelera la cicatrizaci\u00f3n de heridas, reduce los s\u00edntomas de la psoriasis y el acn\u00e9, y estimula la regeneraci\u00f3n de las c\u00e9lulas cut\u00e1neas. En el cuidado corporal se puede usar directamente sobre la piel o el cabello, as\u00ed como ingrediente de cosm\u00e9ticos caseros, como mascarillas, cremas o b\u00e1lsamos.   <\/p>\n<p><strong>En la cocina<\/strong> es un excelente complemento para ensaladas, crudit\u00e9s, salsas, mayonesas o reques\u00f3n, realzando el sabor de los platos con su delicado matiz ligeramente avellando.<\/p>\n","protected":false},"excerpt":{"rendered":"<p>Aceite de semillas de c\u00e1rtamo prensado en fr\u00edo con propiedades saludables y cosm\u00e9ticas.<\/p>\n","protected":false},"featured_media":37899,"template":"","meta":{"_acf_changed":false},"product_brand":[],"product_cat":[1063,1080,1069],"product_tag":[],"class_list":{"0":"post-12666","1":"product","2":"type-product","3":"status-publish","4":"has-post-thumbnail","6":"product_cat-aceites-alimentarios","7":"product_cat-aceites-alimentarios-y-cosmeticos","8":"product_cat-aceites-cosmeticos","10":"first","11":"instock","12":"shipping-taxable","13":"product-type-simple"},"acf":[],"yoast_head":"<!-- This site is optimized with the Yoast SEO plugin v27.5 - https:\/\/yoast.com\/product\/yoast-seo-wordpress\/ -->\n<title>Aceite de semilla de c\u00e1rtamo - Natural Poland<\/title>\n<meta name=\"description\" content=\"El aceite de semillas de c\u00e1rtamo ofrece amplios beneficios para la salud y cosm\u00e9ticos gracias a su composici\u00f3n \u00fanica rica en \u00e1cidos grasos insaturados, vitaminas A y E, y fitoesteroles.\" \/>\n<meta name=\"robots\" content=\"index, follow, max-snippet:-1, max-image-preview:large, max-video-preview:-1\" \/>\n<link rel=\"canonical\" href=\"https:\/\/naturalpoland.com\/es\/productos\/productos-para-la-industria-cosmetica\/aceites-cosmeticos\/aceite-de-semilla-de-cartamo\/\" \/>\n<meta property=\"og:locale\" content=\"es_ES\" \/>\n<meta property=\"og:type\" content=\"article\" \/>\n<meta property=\"og:title\" content=\"Aceite de semilla de c\u00e1rtamo - Natural Poland\" \/>\n<meta property=\"og:description\" content=\"El aceite de semillas de c\u00e1rtamo ofrece amplios beneficios para la salud y cosm\u00e9ticos gracias a su composici\u00f3n \u00fanica rica en \u00e1cidos grasos insaturados, vitaminas A y E, y fitoesteroles.\" \/>\n<meta property=\"og:url\" content=\"https:\/\/naturalpoland.com\/es\/productos\/productos-para-la-industria-cosmetica\/aceites-cosmeticos\/aceite-de-semilla-de-cartamo\/\" \/>\n<meta property=\"og:site_name\" content=\"NATURAL POLAND - Distribuidor Mayorista de Materias Primas\" \/>\n<meta property=\"article:publisher\" content=\"https:\/\/www.facebook.com\/naturalpoland.b2b\" \/>\n<meta property=\"article:modified_time\" content=\"2025-07-09T10:08:39+00:00\" \/>\n<meta property=\"og:image\" content=\"https:\/\/naturalpoland.com\/wp-content\/uploads\/olej-z-nasion-krokosza-barwierskiego.webp\" \/>\n\t<meta property=\"og:image:width\" content=\"700\" \/>\n\t<meta property=\"og:image:height\" content=\"700\" \/>\n\t<meta property=\"og:image:type\" content=\"image\/webp\" \/>\n<script type=\"application\/ld+json\" class=\"yoast-schema-graph\">{\"@context\":\"https:\\\/\\\/schema.org\",\"@graph\":[{\"@type\":\"WebPage\",\"@id\":\"https:\\\/\\\/naturalpoland.com\\\/es\\\/productos\\\/productos-para-la-industria-cosmetica\\\/aceites-cosmeticos\\\/aceite-de-semilla-de-cartamo\\\/\",\"url\":\"https:\\\/\\\/naturalpoland.com\\\/es\\\/productos\\\/productos-para-la-industria-cosmetica\\\/aceites-cosmeticos\\\/aceite-de-semilla-de-cartamo\\\/\",\"name\":\"Aceite de semilla de c\u00e1rtamo - Natural Poland\",\"isPartOf\":{\"@id\":\"https:\\\/\\\/naturalpoland.com\\\/es\\\/#website\"},\"primaryImageOfPage\":{\"@id\":\"https:\\\/\\\/naturalpoland.com\\\/es\\\/productos\\\/productos-para-la-industria-cosmetica\\\/aceites-cosmeticos\\\/aceite-de-semilla-de-cartamo\\\/#primaryimage\"},\"image\":{\"@id\":\"https:\\\/\\\/naturalpoland.com\\\/es\\\/productos\\\/productos-para-la-industria-cosmetica\\\/aceites-cosmeticos\\\/aceite-de-semilla-de-cartamo\\\/#primaryimage\"},\"thumbnailUrl\":\"https:\\\/\\\/naturalpoland.com\\\/wp-content\\\/uploads\\\/olej-z-nasion-krokosza-barwierskiego.webp\",\"datePublished\":\"2021-05-11T11:50:34+00:00\",\"dateModified\":\"2025-07-09T10:08:39+00:00\",\"description\":\"El aceite de semillas de c\u00e1rtamo ofrece amplios beneficios para la salud y cosm\u00e9ticos gracias a su composici\u00f3n \u00fanica rica en \u00e1cidos grasos insaturados, vitaminas A y E, y fitoesteroles.\",\"breadcrumb\":{\"@id\":\"https:\\\/\\\/naturalpoland.com\\\/es\\\/productos\\\/productos-para-la-industria-cosmetica\\\/aceites-cosmeticos\\\/aceite-de-semilla-de-cartamo\\\/#breadcrumb\"},\"inLanguage\":\"es\",\"potentialAction\":[{\"@type\":\"ReadAction\",\"target\":[\"https:\\\/\\\/naturalpoland.com\\\/es\\\/productos\\\/productos-para-la-industria-cosmetica\\\/aceites-cosmeticos\\\/aceite-de-semilla-de-cartamo\\\/\"]}]},{\"@type\":\"ImageObject\",\"inLanguage\":\"es\",\"@id\":\"https:\\\/\\\/naturalpoland.com\\\/es\\\/productos\\\/productos-para-la-industria-cosmetica\\\/aceites-cosmeticos\\\/aceite-de-semilla-de-cartamo\\\/#primaryimage\",\"url\":\"https:\\\/\\\/naturalpoland.com\\\/wp-content\\\/uploads\\\/olej-z-nasion-krokosza-barwierskiego.webp\",\"contentUrl\":\"https:\\\/\\\/naturalpoland.com\\\/wp-content\\\/uploads\\\/olej-z-nasion-krokosza-barwierskiego.webp\",\"width\":700,\"height\":700,\"caption\":\"Olej z nasion krokosza barwierskiego\"},{\"@type\":\"BreadcrumbList\",\"@id\":\"https:\\\/\\\/naturalpoland.com\\\/es\\\/productos\\\/productos-para-la-industria-cosmetica\\\/aceites-cosmeticos\\\/aceite-de-semilla-de-cartamo\\\/#breadcrumb\",\"itemListElement\":[{\"@type\":\"ListItem\",\"position\":1,\"name\":\"Inicio\",\"item\":\"https:\\\/\\\/naturalpoland.com\\\/es\\\/\"},{\"@type\":\"ListItem\",\"position\":2,\"name\":\"Productos\",\"item\":\"https:\\\/\\\/naturalpoland.com\\\/es\\\/productos\\\/\"},{\"@type\":\"ListItem\",\"position\":3,\"name\":\"Aceite de semilla de c\u00e1rtamo\"}]},{\"@type\":\"WebSite\",\"@id\":\"https:\\\/\\\/naturalpoland.com\\\/es\\\/#website\",\"url\":\"https:\\\/\\\/naturalpoland.com\\\/es\\\/\",\"name\":\"NATURAL POLAND - Distribuidor Mayorista de Materias Primas\",\"description\":\"Surowce dla przemys\u0142u spo\u017cywczego, kosmetycznego i farmaceutycznego\",\"publisher\":{\"@id\":\"https:\\\/\\\/naturalpoland.com\\\/es\\\/#organization\"},\"potentialAction\":[{\"@type\":\"SearchAction\",\"target\":{\"@type\":\"EntryPoint\",\"urlTemplate\":\"https:\\\/\\\/naturalpoland.com\\\/es\\\/?s={search_term_string}\"},\"query-input\":{\"@type\":\"PropertyValueSpecification\",\"valueRequired\":true,\"valueName\":\"search_term_string\"}}],\"inLanguage\":\"es\"},{\"@type\":\"Organization\",\"@id\":\"https:\\\/\\\/naturalpoland.com\\\/es\\\/#organization\",\"name\":\"Natural Poland\",\"url\":\"https:\\\/\\\/naturalpoland.com\\\/es\\\/\",\"logo\":{\"@type\":\"ImageObject\",\"inLanguage\":\"es\",\"@id\":\"https:\\\/\\\/naturalpoland.com\\\/es\\\/#\\\/schema\\\/logo\\\/image\\\/\",\"url\":\"https:\\\/\\\/naturalpoland.com\\\/wp-content\\\/uploads\\\/2021\\\/05\\\/natural-poland-icon.png\",\"contentUrl\":\"https:\\\/\\\/naturalpoland.com\\\/wp-content\\\/uploads\\\/2021\\\/05\\\/natural-poland-icon.png\",\"width\":512,\"height\":512,\"caption\":\"Natural Poland\"},\"image\":{\"@id\":\"https:\\\/\\\/naturalpoland.com\\\/es\\\/#\\\/schema\\\/logo\\\/image\\\/\"},\"sameAs\":[\"https:\\\/\\\/www.facebook.com\\\/naturalpoland.b2b\",\"https:\\\/\\\/pl.linkedin.com\\\/company\\\/natural-poland\",\"https:\\\/\\\/www.youtube.com\\\/channel\\\/UCgeGGkvOMahZo-xu_MSEWxg\"]}]}<\/script>\n<!-- \/ Yoast SEO plugin. -->","yoast_head_json":{"title":"Aceite de semilla de c\u00e1rtamo - Natural Poland","description":"El aceite de semillas de c\u00e1rtamo ofrece amplios beneficios para la salud y cosm\u00e9ticos gracias a su composici\u00f3n \u00fanica rica en \u00e1cidos grasos insaturados, vitaminas A y E, y fitoesteroles.","robots":{"index":"index","follow":"follow","max-snippet":"max-snippet:-1","max-image-preview":"max-image-preview:large","max-video-preview":"max-video-preview:-1"},"canonical":"https:\/\/naturalpoland.com\/es\/productos\/productos-para-la-industria-cosmetica\/aceites-cosmeticos\/aceite-de-semilla-de-cartamo\/","og_locale":"es_ES","og_type":"article","og_title":"Aceite de semilla de c\u00e1rtamo - Natural Poland","og_description":"El aceite de semillas de c\u00e1rtamo ofrece amplios beneficios para la salud y cosm\u00e9ticos gracias a su composici\u00f3n \u00fanica rica en \u00e1cidos grasos insaturados, vitaminas A y E, y fitoesteroles.","og_url":"https:\/\/naturalpoland.com\/es\/productos\/productos-para-la-industria-cosmetica\/aceites-cosmeticos\/aceite-de-semilla-de-cartamo\/","og_site_name":"NATURAL POLAND - Distribuidor Mayorista de Materias Primas","article_publisher":"https:\/\/www.facebook.com\/naturalpoland.b2b","article_modified_time":"2025-07-09T10:08:39+00:00","og_image":[{"width":700,"height":700,"url":"https:\/\/naturalpoland.com\/wp-content\/uploads\/olej-z-nasion-krokosza-barwierskiego.webp","type":"image\/webp"}],"schema":{"@context":"https:\/\/schema.org","@graph":[{"@type":"WebPage","@id":"https:\/\/naturalpoland.com\/es\/productos\/productos-para-la-industria-cosmetica\/aceites-cosmeticos\/aceite-de-semilla-de-cartamo\/","url":"https:\/\/naturalpoland.com\/es\/productos\/productos-para-la-industria-cosmetica\/aceites-cosmeticos\/aceite-de-semilla-de-cartamo\/","name":"Aceite de semilla de c\u00e1rtamo - Natural Poland","isPartOf":{"@id":"https:\/\/naturalpoland.com\/es\/#website"},"primaryImageOfPage":{"@id":"https:\/\/naturalpoland.com\/es\/productos\/productos-para-la-industria-cosmetica\/aceites-cosmeticos\/aceite-de-semilla-de-cartamo\/#primaryimage"},"image":{"@id":"https:\/\/naturalpoland.com\/es\/productos\/productos-para-la-industria-cosmetica\/aceites-cosmeticos\/aceite-de-semilla-de-cartamo\/#primaryimage"},"thumbnailUrl":"https:\/\/naturalpoland.com\/wp-content\/uploads\/olej-z-nasion-krokosza-barwierskiego.webp","datePublished":"2021-05-11T11:50:34+00:00","dateModified":"2025-07-09T10:08:39+00:00","description":"El aceite de semillas de c\u00e1rtamo ofrece amplios beneficios para la salud y cosm\u00e9ticos gracias a su composici\u00f3n \u00fanica rica en \u00e1cidos grasos insaturados, vitaminas A y E, y fitoesteroles.","breadcrumb":{"@id":"https:\/\/naturalpoland.com\/es\/productos\/productos-para-la-industria-cosmetica\/aceites-cosmeticos\/aceite-de-semilla-de-cartamo\/#breadcrumb"},"inLanguage":"es","potentialAction":[{"@type":"ReadAction","target":["https:\/\/naturalpoland.com\/es\/productos\/productos-para-la-industria-cosmetica\/aceites-cosmeticos\/aceite-de-semilla-de-cartamo\/"]}]},{"@type":"ImageObject","inLanguage":"es","@id":"https:\/\/naturalpoland.com\/es\/productos\/productos-para-la-industria-cosmetica\/aceites-cosmeticos\/aceite-de-semilla-de-cartamo\/#primaryimage","url":"https:\/\/naturalpoland.com\/wp-content\/uploads\/olej-z-nasion-krokosza-barwierskiego.webp","contentUrl":"https:\/\/naturalpoland.com\/wp-content\/uploads\/olej-z-nasion-krokosza-barwierskiego.webp","width":700,"height":700,"caption":"Olej z nasion krokosza barwierskiego"},{"@type":"BreadcrumbList","@id":"https:\/\/naturalpoland.com\/es\/productos\/productos-para-la-industria-cosmetica\/aceites-cosmeticos\/aceite-de-semilla-de-cartamo\/#breadcrumb","itemListElement":[{"@type":"ListItem","position":1,"name":"Inicio","item":"https:\/\/naturalpoland.com\/es\/"},{"@type":"ListItem","position":2,"name":"Productos","item":"https:\/\/naturalpoland.com\/es\/productos\/"},{"@type":"ListItem","position":3,"name":"Aceite de semilla de c\u00e1rtamo"}]},{"@type":"WebSite","@id":"https:\/\/naturalpoland.com\/es\/#website","url":"https:\/\/naturalpoland.com\/es\/","name":"NATURAL POLAND - Distribuidor Mayorista de Materias Primas","description":"Surowce dla przemys\u0142u spo\u017cywczego, kosmetycznego i farmaceutycznego","publisher":{"@id":"https:\/\/naturalpoland.com\/es\/#organization"},"potentialAction":[{"@type":"SearchAction","target":{"@type":"EntryPoint","urlTemplate":"https:\/\/naturalpoland.com\/es\/?s={search_term_string}"},"query-input":{"@type":"PropertyValueSpecification","valueRequired":true,"valueName":"search_term_string"}}],"inLanguage":"es"},{"@type":"Organization","@id":"https:\/\/naturalpoland.com\/es\/#organization","name":"Natural Poland","url":"https:\/\/naturalpoland.com\/es\/","logo":{"@type":"ImageObject","inLanguage":"es","@id":"https:\/\/naturalpoland.com\/es\/#\/schema\/logo\/image\/","url":"https:\/\/naturalpoland.com\/wp-content\/uploads\/2021\/05\/natural-poland-icon.png","contentUrl":"https:\/\/naturalpoland.com\/wp-content\/uploads\/2021\/05\/natural-poland-icon.png","width":512,"height":512,"caption":"Natural Poland"},"image":{"@id":"https:\/\/naturalpoland.com\/es\/#\/schema\/logo\/image\/"},"sameAs":["https:\/\/www.facebook.com\/naturalpoland.b2b","https:\/\/pl.linkedin.com\/company\/natural-poland","https:\/\/www.youtube.com\/channel\/UCgeGGkvOMahZo-xu_MSEWxg"]}]}},"_links":{"self":[{"href":"https:\/\/naturalpoland.com\/es\/wp-json\/wp\/v2\/product\/12666","targetHints":{"allow":["GET"]}}],"collection":[{"href":"https:\/\/naturalpoland.com\/es\/wp-json\/wp\/v2\/product"}],"about":[{"href":"https:\/\/naturalpoland.com\/es\/wp-json\/wp\/v2\/types\/product"}],"wp:featuredmedia":[{"embeddable":true,"href":"https:\/\/naturalpoland.com\/es\/wp-json\/wp\/v2\/media\/37899"}],"wp:attachment":[{"href":"https:\/\/naturalpoland.com\/es\/wp-json\/wp\/v2\/media?parent=12666"}],"wp:term":[{"taxonomy":"product_brand","embeddable":true,"href":"https:\/\/naturalpoland.com\/es\/wp-json\/wp\/v2\/product_brand?post=12666"},{"taxonomy":"product_cat","embeddable":true,"href":"https:\/\/naturalpoland.com\/es\/wp-json\/wp\/v2\/product_cat?post=12666"},{"taxonomy":"product_tag","embeddable":true,"href":"https:\/\/naturalpoland.com\/es\/wp-json\/wp\/v2\/product_tag?post=12666"}],"curies":[{"name":"wp","href":"https:\/\/api.w.org\/{rel}","templated":true}]}}