{"id":13673,"date":"2021-10-22T15:20:22","date_gmt":"2021-11-02T15:46:53","guid":{"rendered":"https:\/\/naturalpoland.pl\/produkty\/sin%20categor\u00eda\/agua-glacial\/"},"modified":"2024-09-17T12:13:06","modified_gmt":"2024-09-17T10:13:06","slug":"agua-glacial","status":"publish","type":"product","link":"https:\/\/naturalpoland.com\/es\/productos\/productos-para-la-industria-cosmetica\/materias-primas-para-cosmeticos\/agua-glacial\/","title":{"rendered":"Agua glacial"},"content":{"rendered":"<h2>Origen y propiedades del agua glacial:<\/h2>\n<p>  El agua de glaciar se produce por el deshielo de los glaciares, situados en Islandia.<br \/>\nConseguir agua de glaciar no es f\u00e1cil, ya que tienes que encontrar el lugar adecuado donde empiezan a fundirse las rocas del glaciar.<br \/>\nEstos lugares suelen ser de dif\u00edcil acceso.<br \/>\nTienes que encontrar un lugar donde puedas encontrar un trozo de hielo m\u00e1s grande que se haya desprendido del glaciar.<br \/>\nHay que transportar el hielo a un lugar donde se limpia, se funde y comienza el proceso de embotellado en recipientes definitivos.<br \/>\nEl agua se somete a una filtraci\u00f3n natural.<br \/>\nTiene un pH de 8.        <\/p>\n<h2>El agua glacial en los cosm\u00e9ticos:<\/h2>\n<p>  En cosm\u00e9tica, se valora la vuelta a la naturalidad y el uso de materias primas naturales.<br \/>\n<strong>El agua de glaciar es la base de muchos productos cosm\u00e9ticos, debido a su pureza asociada a su baja temperatura y a la forma en que se extrae<\/strong>.<br \/>\nEs una materia prima hipoalerg\u00e9nica, ayudar\u00e1 a garantizar unos niveles de hidrataci\u00f3n adecuados y har\u00e1 que la piel sea m\u00e1s flexible.<br \/>\nEs adecuada para pieles sensibles, al\u00e9rgicas y con imperfecciones.<br \/>\nLa composici\u00f3n del agua glacial contiene minerales que nutrir\u00e1n, hidratar\u00e1n, fortalecer\u00e1n la piel, la suavizar\u00e1n y la regenerar\u00e1n.      <\/p>\n<h2>Agua de glaciar para beber:<\/h2>\n<p>  El agua de glaciar tiene un sabor caracter\u00edstico y ligero.<br \/>\nNo es un producto barato, por lo que se considera un bien exclusivo.<br \/>\nEl sabor del agua es similar al de las aguas cristalinas de manantial.<br \/>\nEl elevado precio del agua est\u00e1 relacionado con la forma en que se obtiene, que es bastante arriesgada.<br \/>\nTambi\u00e9n puedes encontrar variantes m\u00e1s baratas de esta agua en Internet, pero debes estar atento y comprobar su autenticidad.      <\/p>\n<h2>El uso del agua glacial:<\/h2>\n<ul>\n<li>cremas,<\/li>\n<li>geles,<\/li>\n<li>lociones,<\/li>\n<li>nieblas,<\/li>\n<li>m\u00e1scaras faciales,<\/li>\n<li>agua potable.<\/li>\n<\/ul>\n<p>  El agua glacial que ofrecemos se utiliza <strong>en la industria cosm\u00e9tica <\/strong>y <strong>en la industria alimentaria<\/strong>. Tiene una composici\u00f3n limpia y cumple las normas de seguridad y calidad alimentarias.  <\/p>\n<h2>\u00bfEs saludable el agua de los glaciares?<\/h2>\n<p>  El agua de glaciar que ofrece Polonia Natural se caracteriza por su excepcional pureza y su pH neutro.<br \/>\nEl agua est\u00e1 libre de muchos contaminantes modernos, como pesticidas, productos qu\u00edmicos y micropl\u00e1sticos, porque los glaciares est\u00e1n aislados de la contaminaci\u00f3n industrial y agr\u00edcola. <\/p>\n<hr>\n<p><strong>Bibliograf\u00eda<\/strong> Agua de los glaciares: \u00bfpor qu\u00e9 beberla?<br \/>\n&#8211; Agua de glaciar Familion &#8211; para la salud y la belleza &#8211; Vorg.es  <\/p>\n","protected":false},"excerpt":{"rendered":"<p>Somos un mayorista de agua helada original de Islandia, directamente del fabricante. Se extrae de bloques de hielo congelados, lo que hace que el agua sea microbiol\u00f3gicamente pura y proporcione agua cosm\u00e9tica y potable de alta calidad.<\/p>\n","protected":false},"featured_media":13513,"template":"","meta":[],"product_brand":[],"product_cat":[1060,1068,1061],"product_tag":[],"class_list":{"0":"post-13673","1":"product","2":"type-product","3":"status-publish","4":"has-post-thumbnail","6":"product_cat-productos-para-la-industria-alimentaria","7":"product_cat-materias-primas-para-cosmeticos","8":"product_cat-productos-acabados","10":"first","11":"instock","12":"shipping-taxable","13":"product-type-simple"},"yoast_head":"<!-- This site is optimized with the Yoast SEO plugin v27.3 - https:\/\/yoast.com\/product\/yoast-seo-wordpress\/ -->\n<title>Agua glacial - NATURAL POLAND - Distribuidor Mayorista de Materias Primas<\/title>\n<meta name=\"description\" content=\"Somos un mayorista de agua helada original de Islandia, directamente del fabricante. Se extrae de bloques de hielo congelados.\" \/>\n<meta name=\"robots\" content=\"index, follow, max-snippet:-1, max-image-preview:large, max-video-preview:-1\" \/>\n<link rel=\"canonical\" href=\"https:\/\/naturalpoland.com\/es\/productos\/productos-para-la-industria-cosmetica\/materias-primas-para-cosmeticos\/agua-glacial\/\" \/>\n<meta property=\"og:locale\" content=\"es_ES\" \/>\n<meta property=\"og:type\" content=\"article\" \/>\n<meta property=\"og:title\" content=\"Agua glacial - NATURAL POLAND - Distribuidor Mayorista de Materias Primas\" \/>\n<meta property=\"og:description\" content=\"Somos un mayorista de agua helada original de Islandia, directamente del fabricante. Se extrae de bloques de hielo congelados.\" \/>\n<meta property=\"og:url\" content=\"https:\/\/naturalpoland.com\/es\/productos\/productos-para-la-industria-cosmetica\/materias-primas-para-cosmeticos\/agua-glacial\/\" \/>\n<meta property=\"og:site_name\" content=\"NATURAL POLAND - Distribuidor Mayorista de Materias Primas\" \/>\n<meta property=\"article:publisher\" content=\"https:\/\/www.facebook.com\/naturalpoland.b2b\" \/>\n<meta property=\"article:modified_time\" content=\"2024-09-17T10:13:06+00:00\" \/>\n<meta property=\"og:image\" content=\"https:\/\/naturalpoland.com\/wp-content\/uploads\/woda-lodowcowa.jpg\" \/>\n\t<meta property=\"og:image:width\" content=\"650\" \/>\n\t<meta property=\"og:image:height\" content=\"650\" \/>\n\t<meta property=\"og:image:type\" content=\"image\/jpeg\" \/>\n<script type=\"application\/ld+json\" class=\"yoast-schema-graph\">{\"@context\":\"https:\\\/\\\/schema.org\",\"@graph\":[{\"@type\":\"WebPage\",\"@id\":\"https:\\\/\\\/naturalpoland.com\\\/es\\\/productos\\\/productos-para-la-industria-cosmetica\\\/materias-primas-para-cosmeticos\\\/agua-glacial\\\/\",\"url\":\"https:\\\/\\\/naturalpoland.com\\\/es\\\/productos\\\/productos-para-la-industria-cosmetica\\\/materias-primas-para-cosmeticos\\\/agua-glacial\\\/\",\"name\":\"Agua glacial - NATURAL POLAND - Distribuidor Mayorista de Materias Primas\",\"isPartOf\":{\"@id\":\"https:\\\/\\\/naturalpoland.com\\\/es\\\/#website\"},\"primaryImageOfPage\":{\"@id\":\"https:\\\/\\\/naturalpoland.com\\\/es\\\/productos\\\/productos-para-la-industria-cosmetica\\\/materias-primas-para-cosmeticos\\\/agua-glacial\\\/#primaryimage\"},\"image\":{\"@id\":\"https:\\\/\\\/naturalpoland.com\\\/es\\\/productos\\\/productos-para-la-industria-cosmetica\\\/materias-primas-para-cosmeticos\\\/agua-glacial\\\/#primaryimage\"},\"thumbnailUrl\":\"https:\\\/\\\/naturalpoland.com\\\/wp-content\\\/uploads\\\/woda-lodowcowa.jpg\",\"datePublished\":\"2021-11-02T15:46:53+00:00\",\"dateModified\":\"2024-09-17T10:13:06+00:00\",\"description\":\"Somos un mayorista de agua helada original de Islandia, directamente del fabricante. Se extrae de bloques de hielo congelados.\",\"breadcrumb\":{\"@id\":\"https:\\\/\\\/naturalpoland.com\\\/es\\\/productos\\\/productos-para-la-industria-cosmetica\\\/materias-primas-para-cosmeticos\\\/agua-glacial\\\/#breadcrumb\"},\"inLanguage\":\"es\",\"potentialAction\":[{\"@type\":\"ReadAction\",\"target\":[\"https:\\\/\\\/naturalpoland.com\\\/es\\\/productos\\\/productos-para-la-industria-cosmetica\\\/materias-primas-para-cosmeticos\\\/agua-glacial\\\/\"]}]},{\"@type\":\"ImageObject\",\"inLanguage\":\"es\",\"@id\":\"https:\\\/\\\/naturalpoland.com\\\/es\\\/productos\\\/productos-para-la-industria-cosmetica\\\/materias-primas-para-cosmeticos\\\/agua-glacial\\\/#primaryimage\",\"url\":\"https:\\\/\\\/naturalpoland.com\\\/wp-content\\\/uploads\\\/woda-lodowcowa.jpg\",\"contentUrl\":\"https:\\\/\\\/naturalpoland.com\\\/wp-content\\\/uploads\\\/woda-lodowcowa.jpg\",\"width\":650,\"height\":650,\"caption\":\"agua glacial\"},{\"@type\":\"BreadcrumbList\",\"@id\":\"https:\\\/\\\/naturalpoland.com\\\/es\\\/productos\\\/productos-para-la-industria-cosmetica\\\/materias-primas-para-cosmeticos\\\/agua-glacial\\\/#breadcrumb\",\"itemListElement\":[{\"@type\":\"ListItem\",\"position\":1,\"name\":\"Inicio\",\"item\":\"https:\\\/\\\/naturalpoland.com\\\/es\\\/\"},{\"@type\":\"ListItem\",\"position\":2,\"name\":\"Productos\",\"item\":\"https:\\\/\\\/naturalpoland.com\\\/es\\\/productos\\\/\"},{\"@type\":\"ListItem\",\"position\":3,\"name\":\"Agua glacial\"}]},{\"@type\":\"WebSite\",\"@id\":\"https:\\\/\\\/naturalpoland.com\\\/es\\\/#website\",\"url\":\"https:\\\/\\\/naturalpoland.com\\\/es\\\/\",\"name\":\"NATURAL POLAND - Distribuidor Mayorista de Materias Primas\",\"description\":\"Surowce dla przemys\u0142u spo\u017cywczego, kosmetycznego i farmaceutycznego\",\"publisher\":{\"@id\":\"https:\\\/\\\/naturalpoland.com\\\/es\\\/#organization\"},\"potentialAction\":[{\"@type\":\"SearchAction\",\"target\":{\"@type\":\"EntryPoint\",\"urlTemplate\":\"https:\\\/\\\/naturalpoland.com\\\/es\\\/?s={search_term_string}\"},\"query-input\":{\"@type\":\"PropertyValueSpecification\",\"valueRequired\":true,\"valueName\":\"search_term_string\"}}],\"inLanguage\":\"es\"},{\"@type\":\"Organization\",\"@id\":\"https:\\\/\\\/naturalpoland.com\\\/es\\\/#organization\",\"name\":\"Natural Poland\",\"url\":\"https:\\\/\\\/naturalpoland.com\\\/es\\\/\",\"logo\":{\"@type\":\"ImageObject\",\"inLanguage\":\"es\",\"@id\":\"https:\\\/\\\/naturalpoland.com\\\/es\\\/#\\\/schema\\\/logo\\\/image\\\/\",\"url\":\"https:\\\/\\\/naturalpoland.com\\\/wp-content\\\/uploads\\\/2021\\\/05\\\/natural-poland-icon.png\",\"contentUrl\":\"https:\\\/\\\/naturalpoland.com\\\/wp-content\\\/uploads\\\/2021\\\/05\\\/natural-poland-icon.png\",\"width\":512,\"height\":512,\"caption\":\"Natural Poland\"},\"image\":{\"@id\":\"https:\\\/\\\/naturalpoland.com\\\/es\\\/#\\\/schema\\\/logo\\\/image\\\/\"},\"sameAs\":[\"https:\\\/\\\/www.facebook.com\\\/naturalpoland.b2b\",\"https:\\\/\\\/pl.linkedin.com\\\/company\\\/natural-poland\",\"https:\\\/\\\/www.youtube.com\\\/channel\\\/UCgeGGkvOMahZo-xu_MSEWxg\"]}]}<\/script>\n<!-- \/ Yoast SEO plugin. -->","yoast_head_json":{"title":"Agua glacial - NATURAL POLAND - Distribuidor Mayorista de Materias Primas","description":"Somos un mayorista de agua helada original de Islandia, directamente del fabricante. Se extrae de bloques de hielo congelados.","robots":{"index":"index","follow":"follow","max-snippet":"max-snippet:-1","max-image-preview":"max-image-preview:large","max-video-preview":"max-video-preview:-1"},"canonical":"https:\/\/naturalpoland.com\/es\/productos\/productos-para-la-industria-cosmetica\/materias-primas-para-cosmeticos\/agua-glacial\/","og_locale":"es_ES","og_type":"article","og_title":"Agua glacial - NATURAL POLAND - Distribuidor Mayorista de Materias Primas","og_description":"Somos un mayorista de agua helada original de Islandia, directamente del fabricante. Se extrae de bloques de hielo congelados.","og_url":"https:\/\/naturalpoland.com\/es\/productos\/productos-para-la-industria-cosmetica\/materias-primas-para-cosmeticos\/agua-glacial\/","og_site_name":"NATURAL POLAND - Distribuidor Mayorista de Materias Primas","article_publisher":"https:\/\/www.facebook.com\/naturalpoland.b2b","article_modified_time":"2024-09-17T10:13:06+00:00","og_image":[{"width":650,"height":650,"url":"https:\/\/naturalpoland.com\/wp-content\/uploads\/woda-lodowcowa.jpg","type":"image\/jpeg"}],"schema":{"@context":"https:\/\/schema.org","@graph":[{"@type":"WebPage","@id":"https:\/\/naturalpoland.com\/es\/productos\/productos-para-la-industria-cosmetica\/materias-primas-para-cosmeticos\/agua-glacial\/","url":"https:\/\/naturalpoland.com\/es\/productos\/productos-para-la-industria-cosmetica\/materias-primas-para-cosmeticos\/agua-glacial\/","name":"Agua glacial - NATURAL POLAND - Distribuidor Mayorista de Materias Primas","isPartOf":{"@id":"https:\/\/naturalpoland.com\/es\/#website"},"primaryImageOfPage":{"@id":"https:\/\/naturalpoland.com\/es\/productos\/productos-para-la-industria-cosmetica\/materias-primas-para-cosmeticos\/agua-glacial\/#primaryimage"},"image":{"@id":"https:\/\/naturalpoland.com\/es\/productos\/productos-para-la-industria-cosmetica\/materias-primas-para-cosmeticos\/agua-glacial\/#primaryimage"},"thumbnailUrl":"https:\/\/naturalpoland.com\/wp-content\/uploads\/woda-lodowcowa.jpg","datePublished":"2021-11-02T15:46:53+00:00","dateModified":"2024-09-17T10:13:06+00:00","description":"Somos un mayorista de agua helada original de Islandia, directamente del fabricante. Se extrae de bloques de hielo congelados.","breadcrumb":{"@id":"https:\/\/naturalpoland.com\/es\/productos\/productos-para-la-industria-cosmetica\/materias-primas-para-cosmeticos\/agua-glacial\/#breadcrumb"},"inLanguage":"es","potentialAction":[{"@type":"ReadAction","target":["https:\/\/naturalpoland.com\/es\/productos\/productos-para-la-industria-cosmetica\/materias-primas-para-cosmeticos\/agua-glacial\/"]}]},{"@type":"ImageObject","inLanguage":"es","@id":"https:\/\/naturalpoland.com\/es\/productos\/productos-para-la-industria-cosmetica\/materias-primas-para-cosmeticos\/agua-glacial\/#primaryimage","url":"https:\/\/naturalpoland.com\/wp-content\/uploads\/woda-lodowcowa.jpg","contentUrl":"https:\/\/naturalpoland.com\/wp-content\/uploads\/woda-lodowcowa.jpg","width":650,"height":650,"caption":"agua glacial"},{"@type":"BreadcrumbList","@id":"https:\/\/naturalpoland.com\/es\/productos\/productos-para-la-industria-cosmetica\/materias-primas-para-cosmeticos\/agua-glacial\/#breadcrumb","itemListElement":[{"@type":"ListItem","position":1,"name":"Inicio","item":"https:\/\/naturalpoland.com\/es\/"},{"@type":"ListItem","position":2,"name":"Productos","item":"https:\/\/naturalpoland.com\/es\/productos\/"},{"@type":"ListItem","position":3,"name":"Agua glacial"}]},{"@type":"WebSite","@id":"https:\/\/naturalpoland.com\/es\/#website","url":"https:\/\/naturalpoland.com\/es\/","name":"NATURAL POLAND - Distribuidor Mayorista de Materias Primas","description":"Surowce dla przemys\u0142u spo\u017cywczego, kosmetycznego i farmaceutycznego","publisher":{"@id":"https:\/\/naturalpoland.com\/es\/#organization"},"potentialAction":[{"@type":"SearchAction","target":{"@type":"EntryPoint","urlTemplate":"https:\/\/naturalpoland.com\/es\/?s={search_term_string}"},"query-input":{"@type":"PropertyValueSpecification","valueRequired":true,"valueName":"search_term_string"}}],"inLanguage":"es"},{"@type":"Organization","@id":"https:\/\/naturalpoland.com\/es\/#organization","name":"Natural Poland","url":"https:\/\/naturalpoland.com\/es\/","logo":{"@type":"ImageObject","inLanguage":"es","@id":"https:\/\/naturalpoland.com\/es\/#\/schema\/logo\/image\/","url":"https:\/\/naturalpoland.com\/wp-content\/uploads\/2021\/05\/natural-poland-icon.png","contentUrl":"https:\/\/naturalpoland.com\/wp-content\/uploads\/2021\/05\/natural-poland-icon.png","width":512,"height":512,"caption":"Natural Poland"},"image":{"@id":"https:\/\/naturalpoland.com\/es\/#\/schema\/logo\/image\/"},"sameAs":["https:\/\/www.facebook.com\/naturalpoland.b2b","https:\/\/pl.linkedin.com\/company\/natural-poland","https:\/\/www.youtube.com\/channel\/UCgeGGkvOMahZo-xu_MSEWxg"]}]}},"_links":{"self":[{"href":"https:\/\/naturalpoland.com\/es\/wp-json\/wp\/v2\/product\/13673","targetHints":{"allow":["GET"]}}],"collection":[{"href":"https:\/\/naturalpoland.com\/es\/wp-json\/wp\/v2\/product"}],"about":[{"href":"https:\/\/naturalpoland.com\/es\/wp-json\/wp\/v2\/types\/product"}],"wp:featuredmedia":[{"embeddable":true,"href":"https:\/\/naturalpoland.com\/es\/wp-json\/wp\/v2\/media\/13513"}],"wp:attachment":[{"href":"https:\/\/naturalpoland.com\/es\/wp-json\/wp\/v2\/media?parent=13673"}],"wp:term":[{"taxonomy":"product_brand","embeddable":true,"href":"https:\/\/naturalpoland.com\/es\/wp-json\/wp\/v2\/product_brand?post=13673"},{"taxonomy":"product_cat","embeddable":true,"href":"https:\/\/naturalpoland.com\/es\/wp-json\/wp\/v2\/product_cat?post=13673"},{"taxonomy":"product_tag","embeddable":true,"href":"https:\/\/naturalpoland.com\/es\/wp-json\/wp\/v2\/product_tag?post=13673"}],"curies":[{"name":"wp","href":"https:\/\/api.w.org\/{rel}","templated":true}]}}