{"id":15619,"date":"2021-08-05T12:59:38","date_gmt":"2021-12-20T12:31:30","guid":{"rendered":"https:\/\/naturalpoland.pl\/produkty\/sin categor\u00eda\/aceite-de-semilla-de-chile\/"},"modified":"2021-12-20T13:31:30","modified_gmt":"2021-12-20T12:31:30","slug":"aceite-de-semilla-de-chile","status":"publish","type":"product","link":"https:\/\/naturalpoland.com\/es\/productos\/aceites-alimentarios-y-cosmeticos\/aceite-de-semilla-de-chile\/","title":{"rendered":"Aceite de semilla de chile"},"content":{"rendered":"<p>El principal ingrediente activo del chile es la capsaicina. Aplicado externamente (en una dosis razonable), el chile estimula la circulaci\u00f3n sangu\u00ednea, es perfecto para, entre otros, en cosm\u00e9tica anticelul\u00edtica. Las pruebas de parche han demostrado que no hay \u00abirritaci\u00f3n significativa o dermatitis de contacto\u00bb, por lo que no irrita la piel cuando se usa correctamente.<\/p>\n<p>La capsaicina tambi\u00e9n es capaz de estimular el sistema inmunol\u00f3gico, y el aceite de chile tiene un nivel moderado de vitamina C. Esto puede ayudar a aumentar la producci\u00f3n de gl\u00f3bulos blancos al mismo tiempo que act\u00faa como un antioxidante para aliviar la carga sobre el sistema inmunol\u00f3gico.<\/p>\n","protected":false},"excerpt":{"rendered":"<p>Somos un mayorista de aceite de semilla de chile sano y prensado en fr\u00edo. El aceite se puede utilizar en las industrias cosm\u00e9tica y alimentaria.<\/p>\n<p>El chile (INCI: Capsicum frutescens) es un estimulante y termog\u00e9nico (provoca sensaci\u00f3n de calor) y favorece la circulaci\u00f3n sangu\u00ednea. Tambi\u00e9n desensibiliza los receptores nerviosos, lo que lo convierte en una sustancia \u00fatil <span style=\"font-size: 14.4px;\">para aliviar el dolor.<\/span><\/p>\n","protected":false},"featured_media":15621,"template":"","meta":{"_acf_changed":false},"product_brand":[],"product_cat":[1080],"product_tag":[],"class_list":{"0":"post-15619","1":"product","2":"type-product","3":"status-publish","4":"has-post-thumbnail","6":"product_cat-aceites-alimentarios-y-cosmeticos","8":"first","9":"instock","10":"shipping-taxable","11":"product-type-simple"},"acf":[],"yoast_head":"<!-- This site is optimized with the Yoast SEO plugin v27.4 - https:\/\/yoast.com\/product\/yoast-seo-wordpress\/ -->\n<title>Aceite de semilla de chile - Distribuidor mayorista<\/title>\n<meta name=\"robots\" content=\"index, follow, max-snippet:-1, max-image-preview:large, max-video-preview:-1\" \/>\n<link rel=\"canonical\" href=\"https:\/\/naturalpoland.com\/es\/productos\/aceites-alimentarios-y-cosmeticos\/aceite-de-semilla-de-chile\/\" \/>\n<meta property=\"og:locale\" content=\"es_ES\" \/>\n<meta property=\"og:type\" content=\"article\" \/>\n<meta property=\"og:title\" content=\"Aceite de semilla de chile - Distribuidor mayorista\" \/>\n<meta property=\"og:description\" content=\"Somos un mayorista de aceite de semilla de chile sano y prensado en fr\u00edo. El aceite se puede utilizar en las industrias cosm\u00e9tica y alimentaria. El chile (INCI: Capsicum frutescens) es un estimulante y termog\u00e9nico (provoca sensaci\u00f3n de calor) y favorece la circulaci\u00f3n sangu\u00ednea. Tambi\u00e9n desensibiliza los receptores nerviosos, lo que lo convierte en una sustancia \u00fatil para aliviar el dolor.\" \/>\n<meta property=\"og:url\" content=\"https:\/\/naturalpoland.com\/es\/productos\/aceites-alimentarios-y-cosmeticos\/aceite-de-semilla-de-chile\/\" \/>\n<meta property=\"og:site_name\" content=\"NATURAL POLAND - Distribuidor Mayorista de Materias Primas\" \/>\n<meta property=\"article:publisher\" content=\"https:\/\/www.facebook.com\/naturalpoland.b2b\" \/>\n<meta property=\"og:image\" content=\"https:\/\/naturalpoland.com\/wp-content\/uploads\/olej-z-nasion-chili.jpg\" \/>\n\t<meta property=\"og:image:width\" content=\"650\" \/>\n\t<meta property=\"og:image:height\" content=\"650\" \/>\n\t<meta property=\"og:image:type\" content=\"image\/jpeg\" \/>\n<script type=\"application\/ld+json\" class=\"yoast-schema-graph\">{\"@context\":\"https:\\\/\\\/schema.org\",\"@graph\":[{\"@type\":\"WebPage\",\"@id\":\"https:\\\/\\\/naturalpoland.com\\\/es\\\/productos\\\/aceites-alimentarios-y-cosmeticos\\\/aceite-de-semilla-de-chile\\\/\",\"url\":\"https:\\\/\\\/naturalpoland.com\\\/es\\\/productos\\\/aceites-alimentarios-y-cosmeticos\\\/aceite-de-semilla-de-chile\\\/\",\"name\":\"Aceite de semilla de chile - Distribuidor mayorista\",\"isPartOf\":{\"@id\":\"https:\\\/\\\/naturalpoland.com\\\/es\\\/#website\"},\"primaryImageOfPage\":{\"@id\":\"https:\\\/\\\/naturalpoland.com\\\/es\\\/productos\\\/aceites-alimentarios-y-cosmeticos\\\/aceite-de-semilla-de-chile\\\/#primaryimage\"},\"image\":{\"@id\":\"https:\\\/\\\/naturalpoland.com\\\/es\\\/productos\\\/aceites-alimentarios-y-cosmeticos\\\/aceite-de-semilla-de-chile\\\/#primaryimage\"},\"thumbnailUrl\":\"https:\\\/\\\/naturalpoland.com\\\/wp-content\\\/uploads\\\/olej-z-nasion-chili.jpg\",\"datePublished\":\"2021-12-20T12:31:30+00:00\",\"breadcrumb\":{\"@id\":\"https:\\\/\\\/naturalpoland.com\\\/es\\\/productos\\\/aceites-alimentarios-y-cosmeticos\\\/aceite-de-semilla-de-chile\\\/#breadcrumb\"},\"inLanguage\":\"es\",\"potentialAction\":[{\"@type\":\"ReadAction\",\"target\":[\"https:\\\/\\\/naturalpoland.com\\\/es\\\/productos\\\/aceites-alimentarios-y-cosmeticos\\\/aceite-de-semilla-de-chile\\\/\"]}]},{\"@type\":\"ImageObject\",\"inLanguage\":\"es\",\"@id\":\"https:\\\/\\\/naturalpoland.com\\\/es\\\/productos\\\/aceites-alimentarios-y-cosmeticos\\\/aceite-de-semilla-de-chile\\\/#primaryimage\",\"url\":\"https:\\\/\\\/naturalpoland.com\\\/wp-content\\\/uploads\\\/olej-z-nasion-chili.jpg\",\"contentUrl\":\"https:\\\/\\\/naturalpoland.com\\\/wp-content\\\/uploads\\\/olej-z-nasion-chili.jpg\",\"width\":650,\"height\":650},{\"@type\":\"BreadcrumbList\",\"@id\":\"https:\\\/\\\/naturalpoland.com\\\/es\\\/productos\\\/aceites-alimentarios-y-cosmeticos\\\/aceite-de-semilla-de-chile\\\/#breadcrumb\",\"itemListElement\":[{\"@type\":\"ListItem\",\"position\":1,\"name\":\"Inicio\",\"item\":\"https:\\\/\\\/naturalpoland.com\\\/es\\\/\"},{\"@type\":\"ListItem\",\"position\":2,\"name\":\"Productos\",\"item\":\"https:\\\/\\\/naturalpoland.com\\\/es\\\/productos\\\/\"},{\"@type\":\"ListItem\",\"position\":3,\"name\":\"Aceite de semilla de chile\"}]},{\"@type\":\"WebSite\",\"@id\":\"https:\\\/\\\/naturalpoland.com\\\/es\\\/#website\",\"url\":\"https:\\\/\\\/naturalpoland.com\\\/es\\\/\",\"name\":\"NATURAL POLAND - Distribuidor Mayorista de Materias Primas\",\"description\":\"Surowce dla przemys\u0142u spo\u017cywczego, kosmetycznego i farmaceutycznego\",\"publisher\":{\"@id\":\"https:\\\/\\\/naturalpoland.com\\\/es\\\/#organization\"},\"potentialAction\":[{\"@type\":\"SearchAction\",\"target\":{\"@type\":\"EntryPoint\",\"urlTemplate\":\"https:\\\/\\\/naturalpoland.com\\\/es\\\/?s={search_term_string}\"},\"query-input\":{\"@type\":\"PropertyValueSpecification\",\"valueRequired\":true,\"valueName\":\"search_term_string\"}}],\"inLanguage\":\"es\"},{\"@type\":\"Organization\",\"@id\":\"https:\\\/\\\/naturalpoland.com\\\/es\\\/#organization\",\"name\":\"Natural Poland\",\"url\":\"https:\\\/\\\/naturalpoland.com\\\/es\\\/\",\"logo\":{\"@type\":\"ImageObject\",\"inLanguage\":\"es\",\"@id\":\"https:\\\/\\\/naturalpoland.com\\\/es\\\/#\\\/schema\\\/logo\\\/image\\\/\",\"url\":\"https:\\\/\\\/naturalpoland.com\\\/wp-content\\\/uploads\\\/2021\\\/05\\\/natural-poland-icon.png\",\"contentUrl\":\"https:\\\/\\\/naturalpoland.com\\\/wp-content\\\/uploads\\\/2021\\\/05\\\/natural-poland-icon.png\",\"width\":512,\"height\":512,\"caption\":\"Natural Poland\"},\"image\":{\"@id\":\"https:\\\/\\\/naturalpoland.com\\\/es\\\/#\\\/schema\\\/logo\\\/image\\\/\"},\"sameAs\":[\"https:\\\/\\\/www.facebook.com\\\/naturalpoland.b2b\",\"https:\\\/\\\/pl.linkedin.com\\\/company\\\/natural-poland\",\"https:\\\/\\\/www.youtube.com\\\/channel\\\/UCgeGGkvOMahZo-xu_MSEWxg\"]}]}<\/script>\n<!-- \/ Yoast SEO plugin. -->","yoast_head_json":{"title":"Aceite de semilla de chile - Distribuidor mayorista","robots":{"index":"index","follow":"follow","max-snippet":"max-snippet:-1","max-image-preview":"max-image-preview:large","max-video-preview":"max-video-preview:-1"},"canonical":"https:\/\/naturalpoland.com\/es\/productos\/aceites-alimentarios-y-cosmeticos\/aceite-de-semilla-de-chile\/","og_locale":"es_ES","og_type":"article","og_title":"Aceite de semilla de chile - Distribuidor mayorista","og_description":"Somos un mayorista de aceite de semilla de chile sano y prensado en fr\u00edo. El aceite se puede utilizar en las industrias cosm\u00e9tica y alimentaria. El chile (INCI: Capsicum frutescens) es un estimulante y termog\u00e9nico (provoca sensaci\u00f3n de calor) y favorece la circulaci\u00f3n sangu\u00ednea. Tambi\u00e9n desensibiliza los receptores nerviosos, lo que lo convierte en una sustancia \u00fatil para aliviar el dolor.","og_url":"https:\/\/naturalpoland.com\/es\/productos\/aceites-alimentarios-y-cosmeticos\/aceite-de-semilla-de-chile\/","og_site_name":"NATURAL POLAND - Distribuidor Mayorista de Materias Primas","article_publisher":"https:\/\/www.facebook.com\/naturalpoland.b2b","og_image":[{"width":650,"height":650,"url":"https:\/\/naturalpoland.com\/wp-content\/uploads\/olej-z-nasion-chili.jpg","type":"image\/jpeg"}],"schema":{"@context":"https:\/\/schema.org","@graph":[{"@type":"WebPage","@id":"https:\/\/naturalpoland.com\/es\/productos\/aceites-alimentarios-y-cosmeticos\/aceite-de-semilla-de-chile\/","url":"https:\/\/naturalpoland.com\/es\/productos\/aceites-alimentarios-y-cosmeticos\/aceite-de-semilla-de-chile\/","name":"Aceite de semilla de chile - Distribuidor mayorista","isPartOf":{"@id":"https:\/\/naturalpoland.com\/es\/#website"},"primaryImageOfPage":{"@id":"https:\/\/naturalpoland.com\/es\/productos\/aceites-alimentarios-y-cosmeticos\/aceite-de-semilla-de-chile\/#primaryimage"},"image":{"@id":"https:\/\/naturalpoland.com\/es\/productos\/aceites-alimentarios-y-cosmeticos\/aceite-de-semilla-de-chile\/#primaryimage"},"thumbnailUrl":"https:\/\/naturalpoland.com\/wp-content\/uploads\/olej-z-nasion-chili.jpg","datePublished":"2021-12-20T12:31:30+00:00","breadcrumb":{"@id":"https:\/\/naturalpoland.com\/es\/productos\/aceites-alimentarios-y-cosmeticos\/aceite-de-semilla-de-chile\/#breadcrumb"},"inLanguage":"es","potentialAction":[{"@type":"ReadAction","target":["https:\/\/naturalpoland.com\/es\/productos\/aceites-alimentarios-y-cosmeticos\/aceite-de-semilla-de-chile\/"]}]},{"@type":"ImageObject","inLanguage":"es","@id":"https:\/\/naturalpoland.com\/es\/productos\/aceites-alimentarios-y-cosmeticos\/aceite-de-semilla-de-chile\/#primaryimage","url":"https:\/\/naturalpoland.com\/wp-content\/uploads\/olej-z-nasion-chili.jpg","contentUrl":"https:\/\/naturalpoland.com\/wp-content\/uploads\/olej-z-nasion-chili.jpg","width":650,"height":650},{"@type":"BreadcrumbList","@id":"https:\/\/naturalpoland.com\/es\/productos\/aceites-alimentarios-y-cosmeticos\/aceite-de-semilla-de-chile\/#breadcrumb","itemListElement":[{"@type":"ListItem","position":1,"name":"Inicio","item":"https:\/\/naturalpoland.com\/es\/"},{"@type":"ListItem","position":2,"name":"Productos","item":"https:\/\/naturalpoland.com\/es\/productos\/"},{"@type":"ListItem","position":3,"name":"Aceite de semilla de chile"}]},{"@type":"WebSite","@id":"https:\/\/naturalpoland.com\/es\/#website","url":"https:\/\/naturalpoland.com\/es\/","name":"NATURAL POLAND - Distribuidor Mayorista de Materias Primas","description":"Surowce dla przemys\u0142u spo\u017cywczego, kosmetycznego i farmaceutycznego","publisher":{"@id":"https:\/\/naturalpoland.com\/es\/#organization"},"potentialAction":[{"@type":"SearchAction","target":{"@type":"EntryPoint","urlTemplate":"https:\/\/naturalpoland.com\/es\/?s={search_term_string}"},"query-input":{"@type":"PropertyValueSpecification","valueRequired":true,"valueName":"search_term_string"}}],"inLanguage":"es"},{"@type":"Organization","@id":"https:\/\/naturalpoland.com\/es\/#organization","name":"Natural Poland","url":"https:\/\/naturalpoland.com\/es\/","logo":{"@type":"ImageObject","inLanguage":"es","@id":"https:\/\/naturalpoland.com\/es\/#\/schema\/logo\/image\/","url":"https:\/\/naturalpoland.com\/wp-content\/uploads\/2021\/05\/natural-poland-icon.png","contentUrl":"https:\/\/naturalpoland.com\/wp-content\/uploads\/2021\/05\/natural-poland-icon.png","width":512,"height":512,"caption":"Natural Poland"},"image":{"@id":"https:\/\/naturalpoland.com\/es\/#\/schema\/logo\/image\/"},"sameAs":["https:\/\/www.facebook.com\/naturalpoland.b2b","https:\/\/pl.linkedin.com\/company\/natural-poland","https:\/\/www.youtube.com\/channel\/UCgeGGkvOMahZo-xu_MSEWxg"]}]}},"_links":{"self":[{"href":"https:\/\/naturalpoland.com\/es\/wp-json\/wp\/v2\/product\/15619","targetHints":{"allow":["GET"]}}],"collection":[{"href":"https:\/\/naturalpoland.com\/es\/wp-json\/wp\/v2\/product"}],"about":[{"href":"https:\/\/naturalpoland.com\/es\/wp-json\/wp\/v2\/types\/product"}],"wp:featuredmedia":[{"embeddable":true,"href":"https:\/\/naturalpoland.com\/es\/wp-json\/wp\/v2\/media\/15621"}],"wp:attachment":[{"href":"https:\/\/naturalpoland.com\/es\/wp-json\/wp\/v2\/media?parent=15619"}],"wp:term":[{"taxonomy":"product_brand","embeddable":true,"href":"https:\/\/naturalpoland.com\/es\/wp-json\/wp\/v2\/product_brand?post=15619"},{"taxonomy":"product_cat","embeddable":true,"href":"https:\/\/naturalpoland.com\/es\/wp-json\/wp\/v2\/product_cat?post=15619"},{"taxonomy":"product_tag","embeddable":true,"href":"https:\/\/naturalpoland.com\/es\/wp-json\/wp\/v2\/product_tag?post=15619"}],"curies":[{"name":"wp","href":"https:\/\/api.w.org\/{rel}","templated":true}]}}