{"id":17237,"date":"2022-01-13T14:59:16","date_gmt":"2022-01-13T13:59:16","guid":{"rendered":"https:\/\/naturalpoland.pl\/produkty\/sin%20categor\u00eda\/sal-del-mar-muerto\/"},"modified":"2025-10-22T10:30:20","modified_gmt":"2025-10-22T08:30:20","slug":"sal-del-mar-muerto","status":"publish","type":"product","link":"https:\/\/naturalpoland.com\/es\/productos\/productos-para-la-industria-cosmetica\/materias-primas-para-cosmeticos\/sal-del-mar-muerto\/","title":{"rendered":"sal del mar muerto"},"content":{"rendered":"<h2>Propiedades y aplicaci\u00f3n de la sal del Mar Muerto:<\/h2>\n<ol>\n<li>Los minerales presentes en la sal act\u00faan de forma <strong>terap\u00e9utica para la piel<\/strong>. Favorecen la reconstrucci\u00f3n e hidrataci\u00f3n de la piel, alivian los s\u00edntomas de sequedad, enrojecimiento y apoyan los procesos regenerativos. Los ba\u00f1os salinos ayudan a reducir los estados inflamatorios y apoyan el tratamiento de la psoriasis y el eczema.  <\/li>\n<li>Los <strong>ba\u00f1os con sal favorecen la relajaci\u00f3n<\/strong>, ayudan en la lucha contra el dolor muscular, el reumatismo y los edemas. Al disolver la sal en la ba\u00f1era, se obtiene una soluci\u00f3n rica en minerales que relaja el cuerpo, reduce la presi\u00f3n arterial y tambi\u00e9n favorece la regeneraci\u00f3n despu\u00e9s del esfuerzo f\u00edsico. <\/li>\n<li>La sal del Mar Muerto aplicada en el <strong>cuidado del cabello<\/strong> reduce el exceso de grasa del cuero cabelludo, ayuda a eliminar la piel muerta y las impurezas, y fortalece los fol\u00edculos pilosos.<\/li>\n<li>La sal puede utilizarse como <strong>exfoliante natural para rostro y cuerpo<\/strong>. Ayuda a exfoliar las c\u00e9lulas muertas de la epidermis, desbloquear los poros y aportar suavidad y brillo a la piel. <\/li>\n<li>Los <strong>ba\u00f1os de pies<\/strong> con sal act\u00faan de forma antif\u00fangica, antis\u00e9ptica y fortalecedora de las u\u00f1as. Adem\u00e1s, estos ba\u00f1os proporcionan alivio a los pies cansados. <\/li>\n<\/ol>\n<p>La sal natural del Mar Muerto contiene un 53% de cloruro de magnesio y un 37% de cloruro de potasio, as\u00ed como bromuros, que act\u00faan de forma calmante sobre el sistema nervioso y mejoran el bienestar. Los estudios han confirmado que los ba\u00f1os salinos fortalecen la barrera protectora de la piel y aumentan la hidrataci\u00f3n de su capa c\u00f3rnea. <\/p>\n","protected":false},"excerpt":{"rendered":"<p>La <strong>sal del Mar Muerto<\/strong> es un producto natural no refinado rico en minerales valiosos, como calcio, magnesio, potasio, hierro, manganeso y zinc. Estos minerales ayudan a fortalecer la epidermis y alivian problemas dermatol\u00f3gicos como psoriasis, eczema, acn\u00e9 o exceso de grasa en la piel. La alta concentraci\u00f3n de cloruro de magnesio en la sal del Mar Muerto tiene potentes propiedades purificantes y antibacterianas.  <\/p>\n","protected":false},"featured_media":17100,"template":"","meta":{"_acf_changed":false},"product_brand":[],"product_cat":[1068,1061],"product_tag":[],"class_list":{"0":"post-17237","1":"product","2":"type-product","3":"status-publish","4":"has-post-thumbnail","6":"product_cat-materias-primas-para-cosmeticos","7":"product_cat-productos-acabados","9":"first","10":"instock","11":"shipping-taxable","12":"product-type-simple"},"acf":[],"yoast_head":"<!-- This site is optimized with the Yoast SEO plugin v27.6 - https:\/\/yoast.com\/product\/yoast-seo-wordpress\/ -->\n<title>sal del mar muerto - NATURAL POLAND - Distribuidor Mayorista de Materias Primas<\/title>\n<meta name=\"description\" content=\"La sal del Mar Muerto est\u00e1 destinada para su uso como ingrediente en ba\u00f1os relajantes, cosm\u00e9ticos y para el cuidado de la piel problem\u00e1tica.\" \/>\n<meta name=\"robots\" content=\"index, follow, max-snippet:-1, max-image-preview:large, max-video-preview:-1\" \/>\n<link rel=\"canonical\" href=\"https:\/\/naturalpoland.com\/es\/productos\/productos-para-la-industria-cosmetica\/materias-primas-para-cosmeticos\/sal-del-mar-muerto\/\" \/>\n<meta property=\"og:locale\" content=\"es_ES\" \/>\n<meta property=\"og:type\" content=\"article\" \/>\n<meta property=\"og:title\" content=\"sal del mar muerto - NATURAL POLAND - Distribuidor Mayorista de Materias Primas\" \/>\n<meta property=\"og:description\" content=\"La sal del Mar Muerto est\u00e1 destinada para su uso como ingrediente en ba\u00f1os relajantes, cosm\u00e9ticos y para el cuidado de la piel problem\u00e1tica.\" \/>\n<meta property=\"og:url\" content=\"https:\/\/naturalpoland.com\/es\/productos\/productos-para-la-industria-cosmetica\/materias-primas-para-cosmeticos\/sal-del-mar-muerto\/\" \/>\n<meta property=\"og:site_name\" content=\"NATURAL POLAND - Distribuidor Mayorista de Materias Primas\" \/>\n<meta property=\"article:publisher\" content=\"https:\/\/www.facebook.com\/naturalpoland.b2b\" \/>\n<meta property=\"article:modified_time\" content=\"2025-10-22T08:30:20+00:00\" \/>\n<meta property=\"og:image\" content=\"https:\/\/naturalpoland.com\/wp-content\/uploads\/sol-z-morza-martwego.jpg\" \/>\n\t<meta property=\"og:image:width\" content=\"650\" \/>\n\t<meta property=\"og:image:height\" content=\"650\" \/>\n\t<meta property=\"og:image:type\" content=\"image\/jpeg\" \/>\n<script type=\"application\/ld+json\" class=\"yoast-schema-graph\">{\"@context\":\"https:\\\/\\\/schema.org\",\"@graph\":[{\"@type\":\"WebPage\",\"@id\":\"https:\\\/\\\/naturalpoland.com\\\/es\\\/productos\\\/productos-para-la-industria-cosmetica\\\/materias-primas-para-cosmeticos\\\/sal-del-mar-muerto\\\/\",\"url\":\"https:\\\/\\\/naturalpoland.com\\\/es\\\/productos\\\/productos-para-la-industria-cosmetica\\\/materias-primas-para-cosmeticos\\\/sal-del-mar-muerto\\\/\",\"name\":\"sal del mar muerto - NATURAL POLAND - Distribuidor Mayorista de Materias Primas\",\"isPartOf\":{\"@id\":\"https:\\\/\\\/naturalpoland.com\\\/es\\\/#website\"},\"primaryImageOfPage\":{\"@id\":\"https:\\\/\\\/naturalpoland.com\\\/es\\\/productos\\\/productos-para-la-industria-cosmetica\\\/materias-primas-para-cosmeticos\\\/sal-del-mar-muerto\\\/#primaryimage\"},\"image\":{\"@id\":\"https:\\\/\\\/naturalpoland.com\\\/es\\\/productos\\\/productos-para-la-industria-cosmetica\\\/materias-primas-para-cosmeticos\\\/sal-del-mar-muerto\\\/#primaryimage\"},\"thumbnailUrl\":\"https:\\\/\\\/naturalpoland.com\\\/wp-content\\\/uploads\\\/sol-z-morza-martwego.jpg\",\"datePublished\":\"2022-01-13T13:59:16+00:00\",\"dateModified\":\"2025-10-22T08:30:20+00:00\",\"description\":\"La sal del Mar Muerto est\u00e1 destinada para su uso como ingrediente en ba\u00f1os relajantes, cosm\u00e9ticos y para el cuidado de la piel problem\u00e1tica.\",\"breadcrumb\":{\"@id\":\"https:\\\/\\\/naturalpoland.com\\\/es\\\/productos\\\/productos-para-la-industria-cosmetica\\\/materias-primas-para-cosmeticos\\\/sal-del-mar-muerto\\\/#breadcrumb\"},\"inLanguage\":\"es\",\"potentialAction\":[{\"@type\":\"ReadAction\",\"target\":[\"https:\\\/\\\/naturalpoland.com\\\/es\\\/productos\\\/productos-para-la-industria-cosmetica\\\/materias-primas-para-cosmeticos\\\/sal-del-mar-muerto\\\/\"]}]},{\"@type\":\"ImageObject\",\"inLanguage\":\"es\",\"@id\":\"https:\\\/\\\/naturalpoland.com\\\/es\\\/productos\\\/productos-para-la-industria-cosmetica\\\/materias-primas-para-cosmeticos\\\/sal-del-mar-muerto\\\/#primaryimage\",\"url\":\"https:\\\/\\\/naturalpoland.com\\\/wp-content\\\/uploads\\\/sol-z-morza-martwego.jpg\",\"contentUrl\":\"https:\\\/\\\/naturalpoland.com\\\/wp-content\\\/uploads\\\/sol-z-morza-martwego.jpg\",\"width\":650,\"height\":650,\"caption\":\"sal del mar muerto\"},{\"@type\":\"BreadcrumbList\",\"@id\":\"https:\\\/\\\/naturalpoland.com\\\/es\\\/productos\\\/productos-para-la-industria-cosmetica\\\/materias-primas-para-cosmeticos\\\/sal-del-mar-muerto\\\/#breadcrumb\",\"itemListElement\":[{\"@type\":\"ListItem\",\"position\":1,\"name\":\"Inicio\",\"item\":\"https:\\\/\\\/naturalpoland.com\\\/es\\\/\"},{\"@type\":\"ListItem\",\"position\":2,\"name\":\"Productos\",\"item\":\"https:\\\/\\\/naturalpoland.com\\\/es\\\/productos\\\/\"},{\"@type\":\"ListItem\",\"position\":3,\"name\":\"sal del mar muerto\"}]},{\"@type\":\"WebSite\",\"@id\":\"https:\\\/\\\/naturalpoland.com\\\/es\\\/#website\",\"url\":\"https:\\\/\\\/naturalpoland.com\\\/es\\\/\",\"name\":\"NATURAL POLAND - Distribuidor Mayorista de Materias Primas\",\"description\":\"Surowce dla przemys\u0142u spo\u017cywczego, kosmetycznego i farmaceutycznego\",\"publisher\":{\"@id\":\"https:\\\/\\\/naturalpoland.com\\\/es\\\/#organization\"},\"potentialAction\":[{\"@type\":\"SearchAction\",\"target\":{\"@type\":\"EntryPoint\",\"urlTemplate\":\"https:\\\/\\\/naturalpoland.com\\\/es\\\/?s={search_term_string}\"},\"query-input\":{\"@type\":\"PropertyValueSpecification\",\"valueRequired\":true,\"valueName\":\"search_term_string\"}}],\"inLanguage\":\"es\"},{\"@type\":\"Organization\",\"@id\":\"https:\\\/\\\/naturalpoland.com\\\/es\\\/#organization\",\"name\":\"Natural Poland\",\"url\":\"https:\\\/\\\/naturalpoland.com\\\/es\\\/\",\"logo\":{\"@type\":\"ImageObject\",\"inLanguage\":\"es\",\"@id\":\"https:\\\/\\\/naturalpoland.com\\\/es\\\/#\\\/schema\\\/logo\\\/image\\\/\",\"url\":\"https:\\\/\\\/naturalpoland.com\\\/wp-content\\\/uploads\\\/2021\\\/05\\\/natural-poland-icon.png\",\"contentUrl\":\"https:\\\/\\\/naturalpoland.com\\\/wp-content\\\/uploads\\\/2021\\\/05\\\/natural-poland-icon.png\",\"width\":512,\"height\":512,\"caption\":\"Natural Poland\"},\"image\":{\"@id\":\"https:\\\/\\\/naturalpoland.com\\\/es\\\/#\\\/schema\\\/logo\\\/image\\\/\"},\"sameAs\":[\"https:\\\/\\\/www.facebook.com\\\/naturalpoland.b2b\",\"https:\\\/\\\/pl.linkedin.com\\\/company\\\/natural-poland\",\"https:\\\/\\\/www.youtube.com\\\/channel\\\/UCgeGGkvOMahZo-xu_MSEWxg\"]}]}<\/script>\n<!-- \/ Yoast SEO plugin. -->","yoast_head_json":{"title":"sal del mar muerto - NATURAL POLAND - Distribuidor Mayorista de Materias Primas","description":"La sal del Mar Muerto est\u00e1 destinada para su uso como ingrediente en ba\u00f1os relajantes, cosm\u00e9ticos y para el cuidado de la piel problem\u00e1tica.","robots":{"index":"index","follow":"follow","max-snippet":"max-snippet:-1","max-image-preview":"max-image-preview:large","max-video-preview":"max-video-preview:-1"},"canonical":"https:\/\/naturalpoland.com\/es\/productos\/productos-para-la-industria-cosmetica\/materias-primas-para-cosmeticos\/sal-del-mar-muerto\/","og_locale":"es_ES","og_type":"article","og_title":"sal del mar muerto - NATURAL POLAND - Distribuidor Mayorista de Materias Primas","og_description":"La sal del Mar Muerto est\u00e1 destinada para su uso como ingrediente en ba\u00f1os relajantes, cosm\u00e9ticos y para el cuidado de la piel problem\u00e1tica.","og_url":"https:\/\/naturalpoland.com\/es\/productos\/productos-para-la-industria-cosmetica\/materias-primas-para-cosmeticos\/sal-del-mar-muerto\/","og_site_name":"NATURAL POLAND - Distribuidor Mayorista de Materias Primas","article_publisher":"https:\/\/www.facebook.com\/naturalpoland.b2b","article_modified_time":"2025-10-22T08:30:20+00:00","og_image":[{"width":650,"height":650,"url":"https:\/\/naturalpoland.com\/wp-content\/uploads\/sol-z-morza-martwego.jpg","type":"image\/jpeg"}],"schema":{"@context":"https:\/\/schema.org","@graph":[{"@type":"WebPage","@id":"https:\/\/naturalpoland.com\/es\/productos\/productos-para-la-industria-cosmetica\/materias-primas-para-cosmeticos\/sal-del-mar-muerto\/","url":"https:\/\/naturalpoland.com\/es\/productos\/productos-para-la-industria-cosmetica\/materias-primas-para-cosmeticos\/sal-del-mar-muerto\/","name":"sal del mar muerto - NATURAL POLAND - Distribuidor Mayorista de Materias Primas","isPartOf":{"@id":"https:\/\/naturalpoland.com\/es\/#website"},"primaryImageOfPage":{"@id":"https:\/\/naturalpoland.com\/es\/productos\/productos-para-la-industria-cosmetica\/materias-primas-para-cosmeticos\/sal-del-mar-muerto\/#primaryimage"},"image":{"@id":"https:\/\/naturalpoland.com\/es\/productos\/productos-para-la-industria-cosmetica\/materias-primas-para-cosmeticos\/sal-del-mar-muerto\/#primaryimage"},"thumbnailUrl":"https:\/\/naturalpoland.com\/wp-content\/uploads\/sol-z-morza-martwego.jpg","datePublished":"2022-01-13T13:59:16+00:00","dateModified":"2025-10-22T08:30:20+00:00","description":"La sal del Mar Muerto est\u00e1 destinada para su uso como ingrediente en ba\u00f1os relajantes, cosm\u00e9ticos y para el cuidado de la piel problem\u00e1tica.","breadcrumb":{"@id":"https:\/\/naturalpoland.com\/es\/productos\/productos-para-la-industria-cosmetica\/materias-primas-para-cosmeticos\/sal-del-mar-muerto\/#breadcrumb"},"inLanguage":"es","potentialAction":[{"@type":"ReadAction","target":["https:\/\/naturalpoland.com\/es\/productos\/productos-para-la-industria-cosmetica\/materias-primas-para-cosmeticos\/sal-del-mar-muerto\/"]}]},{"@type":"ImageObject","inLanguage":"es","@id":"https:\/\/naturalpoland.com\/es\/productos\/productos-para-la-industria-cosmetica\/materias-primas-para-cosmeticos\/sal-del-mar-muerto\/#primaryimage","url":"https:\/\/naturalpoland.com\/wp-content\/uploads\/sol-z-morza-martwego.jpg","contentUrl":"https:\/\/naturalpoland.com\/wp-content\/uploads\/sol-z-morza-martwego.jpg","width":650,"height":650,"caption":"sal del mar muerto"},{"@type":"BreadcrumbList","@id":"https:\/\/naturalpoland.com\/es\/productos\/productos-para-la-industria-cosmetica\/materias-primas-para-cosmeticos\/sal-del-mar-muerto\/#breadcrumb","itemListElement":[{"@type":"ListItem","position":1,"name":"Inicio","item":"https:\/\/naturalpoland.com\/es\/"},{"@type":"ListItem","position":2,"name":"Productos","item":"https:\/\/naturalpoland.com\/es\/productos\/"},{"@type":"ListItem","position":3,"name":"sal del mar muerto"}]},{"@type":"WebSite","@id":"https:\/\/naturalpoland.com\/es\/#website","url":"https:\/\/naturalpoland.com\/es\/","name":"NATURAL POLAND - Distribuidor Mayorista de Materias Primas","description":"Surowce dla przemys\u0142u spo\u017cywczego, kosmetycznego i farmaceutycznego","publisher":{"@id":"https:\/\/naturalpoland.com\/es\/#organization"},"potentialAction":[{"@type":"SearchAction","target":{"@type":"EntryPoint","urlTemplate":"https:\/\/naturalpoland.com\/es\/?s={search_term_string}"},"query-input":{"@type":"PropertyValueSpecification","valueRequired":true,"valueName":"search_term_string"}}],"inLanguage":"es"},{"@type":"Organization","@id":"https:\/\/naturalpoland.com\/es\/#organization","name":"Natural Poland","url":"https:\/\/naturalpoland.com\/es\/","logo":{"@type":"ImageObject","inLanguage":"es","@id":"https:\/\/naturalpoland.com\/es\/#\/schema\/logo\/image\/","url":"https:\/\/naturalpoland.com\/wp-content\/uploads\/2021\/05\/natural-poland-icon.png","contentUrl":"https:\/\/naturalpoland.com\/wp-content\/uploads\/2021\/05\/natural-poland-icon.png","width":512,"height":512,"caption":"Natural Poland"},"image":{"@id":"https:\/\/naturalpoland.com\/es\/#\/schema\/logo\/image\/"},"sameAs":["https:\/\/www.facebook.com\/naturalpoland.b2b","https:\/\/pl.linkedin.com\/company\/natural-poland","https:\/\/www.youtube.com\/channel\/UCgeGGkvOMahZo-xu_MSEWxg"]}]}},"_links":{"self":[{"href":"https:\/\/naturalpoland.com\/es\/wp-json\/wp\/v2\/product\/17237","targetHints":{"allow":["GET"]}}],"collection":[{"href":"https:\/\/naturalpoland.com\/es\/wp-json\/wp\/v2\/product"}],"about":[{"href":"https:\/\/naturalpoland.com\/es\/wp-json\/wp\/v2\/types\/product"}],"wp:featuredmedia":[{"embeddable":true,"href":"https:\/\/naturalpoland.com\/es\/wp-json\/wp\/v2\/media\/17100"}],"wp:attachment":[{"href":"https:\/\/naturalpoland.com\/es\/wp-json\/wp\/v2\/media?parent=17237"}],"wp:term":[{"taxonomy":"product_brand","embeddable":true,"href":"https:\/\/naturalpoland.com\/es\/wp-json\/wp\/v2\/product_brand?post=17237"},{"taxonomy":"product_cat","embeddable":true,"href":"https:\/\/naturalpoland.com\/es\/wp-json\/wp\/v2\/product_cat?post=17237"},{"taxonomy":"product_tag","embeddable":true,"href":"https:\/\/naturalpoland.com\/es\/wp-json\/wp\/v2\/product_tag?post=17237"}],"curies":[{"name":"wp","href":"https:\/\/api.w.org\/{rel}","templated":true}]}}