{"id":18866,"date":"2022-03-24T13:16:25","date_gmt":"2022-05-25T12:38:56","guid":{"rendered":"https:\/\/naturalpoland.pl\/produkty\/sin%20categor\u00eda\/aceite-de-cafe-verde-en-grano\/"},"modified":"2023-01-20T12:42:05","modified_gmt":"2023-01-20T11:42:05","slug":"aceite-de-cafe-verde","status":"publish","type":"product","link":"https:\/\/naturalpoland.com\/es\/productos\/productos-para-la-industria-cosmetica\/aceites-cosmeticos\/aceite-de-cafe-verde\/","title":{"rendered":"Aceite de caf\u00e9 verde en grano"},"content":{"rendered":"<p><strong>El aceite de caf\u00e9 verde<\/strong> se extrae de granos de caf\u00e9 sin tostar. Tiene una textura fina y es muy eficiente. Captura perfectamente los radicales libres. El aceite de grano de caf\u00e9 verde tiene un efecto hidratante, antiarrugas, antiinflamatorio e hidratante, ayudar\u00e1 a aliviar la inflamaci\u00f3n. El aceite de caf\u00e9 verde est\u00e1 recomendado para el cuidado de pieles secas, problem\u00e1ticas y sensibles.<\/p>\n<h3><\/h3>\n<h3>Contenido de \u00e1cidos grasos del aceite de caf\u00e9 verde:<\/h3>\n<table>\n<tbody>\n<tr>\n<th>NOMBRE DEL \u00c1CIDO<\/th>\n<th>C-CHAIN<\/th>\n<th>CONTENIDO (%)<\/th>\n<th>M\u00c9TODO DE RESULTADO: PB-191\/LF<\/th>\n<\/tr>\n<tr>\n<td>LESS<\/td>\n<td>&lt; C16:0<\/td>\n<td><\/td>\n<td><\/td>\n<\/tr>\n<tr>\n<td>PALMITIC<\/td>\n<td>C16:0<\/td>\n<td>5,0-11,0<\/td>\n<td>10,2<\/td>\n<\/tr>\n<tr>\n<td>PALMITOLEIC<\/td>\n<td>C16: 1<\/td>\n<td><\/td>\n<td><\/td>\n<\/tr>\n<tr>\n<td>STEARIC<\/td>\n<td>C18:0<\/td>\n<td>1,0-7,0<\/td>\n<td>4,3<\/td>\n<\/tr>\n<tr>\n<td>OLEIC<\/td>\n<td>C18:1<\/td>\n<td>20,0-35,0<\/td>\n<td>33,3<\/td>\n<\/tr>\n<tr>\n<td>LINOLEIC<\/td>\n<td>C18:2<\/td>\n<td>47,0-65,0<\/td>\n<td>48,7<\/td>\n<\/tr>\n<tr>\n<td>LINOLENIC<\/td>\n<td>C18:3<\/td>\n<td><\/td>\n<td><\/td>\n<\/tr>\n<tr>\n<td>LINOLENIC (GLA)<\/td>\n<td>C18:3<\/td>\n<td><\/td>\n<td><\/td>\n<\/tr>\n<tr>\n<td>ICOSANOIC<\/td>\n<td>C20: 0<\/td>\n<td><\/td>\n<td><\/td>\n<\/tr>\n<tr>\n<td>ICOSENOIC<\/td>\n<td>C20: 1<\/td>\n<td><\/td>\n<td><\/td>\n<\/tr>\n<tr>\n<td>DOCOSANOIC<\/td>\n<td>C22:0<\/td>\n<td><\/td>\n<td><\/td>\n<\/tr>\n<tr>\n<td>ERUCIC<\/td>\n<td>C22: 1<\/td>\n<td><\/td>\n<td><\/td>\n<\/tr>\n<tr>\n<td>TETRACOSANOIC<\/td>\n<td>C24:0<\/td>\n<td><\/td>\n<td><\/td>\n<\/tr>\n<\/tbody>\n<\/table>\n<p>&nbsp;<\/p>\n<h2>Aceite de caf\u00e9 verde &#8211; propiedades<\/h2>\n<p>El aceite de grano de caf\u00e9 verde es famoso por su gran eficacia. Los estudios han demostrado que funciona seis veces m\u00e1s eficazmente que la <strong><br \/>\n  <a href=\"https:\/\/naturalpoland.pl\/es\/productos\/productos-para-la-industria-cosmetica\/aceites-cosmeticos\/aceite-jojoba-dorado\/\">aceite de jojoba<\/a><br \/>\n<\/strong> y <strong><br \/>\n  <a href=\"https:\/\/naturalpoland.pl\/es\/productos\/productos-para-la-industria-cosmetica\/aceites-cosmeticos\/aceite-de-almendras\/\">aceite de almendras dulces<\/a><br \/>\n<\/strong>. Es una fuente muy rica de \u00e1cido linoleico y vitamina E. El aceite tiene un fuerte <strong>efecto antienvejecimiento<\/strong>. Los fitoesteroles contenidos en los granos de caf\u00e9 verde tienen un efecto reafirmante sobre la piel, lo que tambi\u00e9n contribuye a su aspecto juvenil.<\/p>\n<h2>Aceite de caf\u00e9 verde &#8211; aplicaciones<\/h2>\n<p>Este aceite es un <strong>ingrediente<\/strong> valioso <strong>en los cosm\u00e9ticos<\/strong> aplicados a la piel. Adecuado para pieles con tendencia acneica y envejecidas. Tiene efectos regeneradores, antiinflamatorios e hidratantes. Tambi\u00e9n protege eficazmente contra los factores externos y la radiaci\u00f3n UV.<\/p>\n","protected":false},"excerpt":{"rendered":"<p><strong>Aceite de caf\u00e9 verde en grano<\/strong> , prensado en fr\u00edo, sin refinar. Este aceite se utiliza en la industria cosm\u00e9tica y alimentaria.<\/p>\n","protected":false},"featured_media":18485,"template":"","meta":[],"product_brand":[],"product_cat":[1080,1069],"product_tag":[],"class_list":{"0":"post-18866","1":"product","2":"type-product","3":"status-publish","4":"has-post-thumbnail","6":"product_cat-aceites-alimentarios-y-cosmeticos","7":"product_cat-aceites-cosmeticos","9":"first","10":"instock","11":"shipping-taxable","12":"product-type-simple"},"yoast_head":"<!-- This site is optimized with the Yoast SEO plugin v27.4 - https:\/\/yoast.com\/product\/yoast-seo-wordpress\/ -->\n<title>Aceite de caf\u00e9 verde en grano - Distribuidor mayorista<\/title>\n<meta name=\"robots\" content=\"index, follow, max-snippet:-1, max-image-preview:large, max-video-preview:-1\" \/>\n<link rel=\"canonical\" href=\"https:\/\/naturalpoland.com\/es\/productos\/productos-para-la-industria-cosmetica\/aceites-cosmeticos\/aceite-de-cafe-verde\/\" \/>\n<meta property=\"og:locale\" content=\"es_ES\" \/>\n<meta property=\"og:type\" content=\"article\" \/>\n<meta property=\"og:title\" content=\"Aceite de caf\u00e9 verde en grano - Distribuidor mayorista\" \/>\n<meta property=\"og:description\" content=\"Aceite de caf\u00e9 verde en grano , prensado en fr\u00edo, sin refinar. Este aceite se utiliza en la industria cosm\u00e9tica y alimentaria.\" \/>\n<meta property=\"og:url\" content=\"https:\/\/naturalpoland.com\/es\/productos\/productos-para-la-industria-cosmetica\/aceites-cosmeticos\/aceite-de-cafe-verde\/\" \/>\n<meta property=\"og:site_name\" content=\"NATURAL POLAND - Distribuidor Mayorista de Materias Primas\" \/>\n<meta property=\"article:publisher\" content=\"https:\/\/www.facebook.com\/naturalpoland.b2b\" \/>\n<meta property=\"article:modified_time\" content=\"2023-01-20T11:42:05+00:00\" \/>\n<meta property=\"og:image\" content=\"https:\/\/naturalpoland.com\/wp-content\/uploads\/olej-z-nasion-zielonej-kawy.jpg\" \/>\n\t<meta property=\"og:image:width\" content=\"500\" \/>\n\t<meta property=\"og:image:height\" content=\"500\" \/>\n\t<meta property=\"og:image:type\" content=\"image\/jpeg\" \/>\n<script type=\"application\/ld+json\" class=\"yoast-schema-graph\">{\"@context\":\"https:\\\/\\\/schema.org\",\"@graph\":[{\"@type\":\"WebPage\",\"@id\":\"https:\\\/\\\/naturalpoland.com\\\/es\\\/productos\\\/productos-para-la-industria-cosmetica\\\/aceites-cosmeticos\\\/aceite-de-cafe-verde\\\/\",\"url\":\"https:\\\/\\\/naturalpoland.com\\\/es\\\/productos\\\/productos-para-la-industria-cosmetica\\\/aceites-cosmeticos\\\/aceite-de-cafe-verde\\\/\",\"name\":\"Aceite de caf\u00e9 verde en grano - Distribuidor mayorista\",\"isPartOf\":{\"@id\":\"https:\\\/\\\/naturalpoland.com\\\/es\\\/#website\"},\"primaryImageOfPage\":{\"@id\":\"https:\\\/\\\/naturalpoland.com\\\/es\\\/productos\\\/productos-para-la-industria-cosmetica\\\/aceites-cosmeticos\\\/aceite-de-cafe-verde\\\/#primaryimage\"},\"image\":{\"@id\":\"https:\\\/\\\/naturalpoland.com\\\/es\\\/productos\\\/productos-para-la-industria-cosmetica\\\/aceites-cosmeticos\\\/aceite-de-cafe-verde\\\/#primaryimage\"},\"thumbnailUrl\":\"https:\\\/\\\/naturalpoland.com\\\/wp-content\\\/uploads\\\/olej-z-nasion-zielonej-kawy.jpg\",\"datePublished\":\"2022-05-25T12:38:56+00:00\",\"dateModified\":\"2023-01-20T11:42:05+00:00\",\"breadcrumb\":{\"@id\":\"https:\\\/\\\/naturalpoland.com\\\/es\\\/productos\\\/productos-para-la-industria-cosmetica\\\/aceites-cosmeticos\\\/aceite-de-cafe-verde\\\/#breadcrumb\"},\"inLanguage\":\"es\",\"potentialAction\":[{\"@type\":\"ReadAction\",\"target\":[\"https:\\\/\\\/naturalpoland.com\\\/es\\\/productos\\\/productos-para-la-industria-cosmetica\\\/aceites-cosmeticos\\\/aceite-de-cafe-verde\\\/\"]}]},{\"@type\":\"ImageObject\",\"inLanguage\":\"es\",\"@id\":\"https:\\\/\\\/naturalpoland.com\\\/es\\\/productos\\\/productos-para-la-industria-cosmetica\\\/aceites-cosmeticos\\\/aceite-de-cafe-verde\\\/#primaryimage\",\"url\":\"https:\\\/\\\/naturalpoland.com\\\/wp-content\\\/uploads\\\/olej-z-nasion-zielonej-kawy.jpg\",\"contentUrl\":\"https:\\\/\\\/naturalpoland.com\\\/wp-content\\\/uploads\\\/olej-z-nasion-zielonej-kawy.jpg\",\"width\":500,\"height\":500,\"caption\":\"Aceite de caf\u00e9 verde en grano\"},{\"@type\":\"BreadcrumbList\",\"@id\":\"https:\\\/\\\/naturalpoland.com\\\/es\\\/productos\\\/productos-para-la-industria-cosmetica\\\/aceites-cosmeticos\\\/aceite-de-cafe-verde\\\/#breadcrumb\",\"itemListElement\":[{\"@type\":\"ListItem\",\"position\":1,\"name\":\"Inicio\",\"item\":\"https:\\\/\\\/naturalpoland.com\\\/es\\\/\"},{\"@type\":\"ListItem\",\"position\":2,\"name\":\"Productos\",\"item\":\"https:\\\/\\\/naturalpoland.com\\\/es\\\/productos\\\/\"},{\"@type\":\"ListItem\",\"position\":3,\"name\":\"Aceite de caf\u00e9 verde en grano\"}]},{\"@type\":\"WebSite\",\"@id\":\"https:\\\/\\\/naturalpoland.com\\\/es\\\/#website\",\"url\":\"https:\\\/\\\/naturalpoland.com\\\/es\\\/\",\"name\":\"NATURAL POLAND - Distribuidor Mayorista de Materias Primas\",\"description\":\"Surowce dla przemys\u0142u spo\u017cywczego, kosmetycznego i farmaceutycznego\",\"publisher\":{\"@id\":\"https:\\\/\\\/naturalpoland.com\\\/es\\\/#organization\"},\"potentialAction\":[{\"@type\":\"SearchAction\",\"target\":{\"@type\":\"EntryPoint\",\"urlTemplate\":\"https:\\\/\\\/naturalpoland.com\\\/es\\\/?s={search_term_string}\"},\"query-input\":{\"@type\":\"PropertyValueSpecification\",\"valueRequired\":true,\"valueName\":\"search_term_string\"}}],\"inLanguage\":\"es\"},{\"@type\":\"Organization\",\"@id\":\"https:\\\/\\\/naturalpoland.com\\\/es\\\/#organization\",\"name\":\"Natural Poland\",\"url\":\"https:\\\/\\\/naturalpoland.com\\\/es\\\/\",\"logo\":{\"@type\":\"ImageObject\",\"inLanguage\":\"es\",\"@id\":\"https:\\\/\\\/naturalpoland.com\\\/es\\\/#\\\/schema\\\/logo\\\/image\\\/\",\"url\":\"https:\\\/\\\/naturalpoland.com\\\/wp-content\\\/uploads\\\/2021\\\/05\\\/natural-poland-icon.png\",\"contentUrl\":\"https:\\\/\\\/naturalpoland.com\\\/wp-content\\\/uploads\\\/2021\\\/05\\\/natural-poland-icon.png\",\"width\":512,\"height\":512,\"caption\":\"Natural Poland\"},\"image\":{\"@id\":\"https:\\\/\\\/naturalpoland.com\\\/es\\\/#\\\/schema\\\/logo\\\/image\\\/\"},\"sameAs\":[\"https:\\\/\\\/www.facebook.com\\\/naturalpoland.b2b\",\"https:\\\/\\\/pl.linkedin.com\\\/company\\\/natural-poland\",\"https:\\\/\\\/www.youtube.com\\\/channel\\\/UCgeGGkvOMahZo-xu_MSEWxg\"]}]}<\/script>\n<!-- \/ Yoast SEO plugin. -->","yoast_head_json":{"title":"Aceite de caf\u00e9 verde en grano - Distribuidor mayorista","robots":{"index":"index","follow":"follow","max-snippet":"max-snippet:-1","max-image-preview":"max-image-preview:large","max-video-preview":"max-video-preview:-1"},"canonical":"https:\/\/naturalpoland.com\/es\/productos\/productos-para-la-industria-cosmetica\/aceites-cosmeticos\/aceite-de-cafe-verde\/","og_locale":"es_ES","og_type":"article","og_title":"Aceite de caf\u00e9 verde en grano - Distribuidor mayorista","og_description":"Aceite de caf\u00e9 verde en grano , prensado en fr\u00edo, sin refinar. Este aceite se utiliza en la industria cosm\u00e9tica y alimentaria.","og_url":"https:\/\/naturalpoland.com\/es\/productos\/productos-para-la-industria-cosmetica\/aceites-cosmeticos\/aceite-de-cafe-verde\/","og_site_name":"NATURAL POLAND - Distribuidor Mayorista de Materias Primas","article_publisher":"https:\/\/www.facebook.com\/naturalpoland.b2b","article_modified_time":"2023-01-20T11:42:05+00:00","og_image":[{"width":500,"height":500,"url":"https:\/\/naturalpoland.com\/wp-content\/uploads\/olej-z-nasion-zielonej-kawy.jpg","type":"image\/jpeg"}],"schema":{"@context":"https:\/\/schema.org","@graph":[{"@type":"WebPage","@id":"https:\/\/naturalpoland.com\/es\/productos\/productos-para-la-industria-cosmetica\/aceites-cosmeticos\/aceite-de-cafe-verde\/","url":"https:\/\/naturalpoland.com\/es\/productos\/productos-para-la-industria-cosmetica\/aceites-cosmeticos\/aceite-de-cafe-verde\/","name":"Aceite de caf\u00e9 verde en grano - Distribuidor mayorista","isPartOf":{"@id":"https:\/\/naturalpoland.com\/es\/#website"},"primaryImageOfPage":{"@id":"https:\/\/naturalpoland.com\/es\/productos\/productos-para-la-industria-cosmetica\/aceites-cosmeticos\/aceite-de-cafe-verde\/#primaryimage"},"image":{"@id":"https:\/\/naturalpoland.com\/es\/productos\/productos-para-la-industria-cosmetica\/aceites-cosmeticos\/aceite-de-cafe-verde\/#primaryimage"},"thumbnailUrl":"https:\/\/naturalpoland.com\/wp-content\/uploads\/olej-z-nasion-zielonej-kawy.jpg","datePublished":"2022-05-25T12:38:56+00:00","dateModified":"2023-01-20T11:42:05+00:00","breadcrumb":{"@id":"https:\/\/naturalpoland.com\/es\/productos\/productos-para-la-industria-cosmetica\/aceites-cosmeticos\/aceite-de-cafe-verde\/#breadcrumb"},"inLanguage":"es","potentialAction":[{"@type":"ReadAction","target":["https:\/\/naturalpoland.com\/es\/productos\/productos-para-la-industria-cosmetica\/aceites-cosmeticos\/aceite-de-cafe-verde\/"]}]},{"@type":"ImageObject","inLanguage":"es","@id":"https:\/\/naturalpoland.com\/es\/productos\/productos-para-la-industria-cosmetica\/aceites-cosmeticos\/aceite-de-cafe-verde\/#primaryimage","url":"https:\/\/naturalpoland.com\/wp-content\/uploads\/olej-z-nasion-zielonej-kawy.jpg","contentUrl":"https:\/\/naturalpoland.com\/wp-content\/uploads\/olej-z-nasion-zielonej-kawy.jpg","width":500,"height":500,"caption":"Aceite de caf\u00e9 verde en grano"},{"@type":"BreadcrumbList","@id":"https:\/\/naturalpoland.com\/es\/productos\/productos-para-la-industria-cosmetica\/aceites-cosmeticos\/aceite-de-cafe-verde\/#breadcrumb","itemListElement":[{"@type":"ListItem","position":1,"name":"Inicio","item":"https:\/\/naturalpoland.com\/es\/"},{"@type":"ListItem","position":2,"name":"Productos","item":"https:\/\/naturalpoland.com\/es\/productos\/"},{"@type":"ListItem","position":3,"name":"Aceite de caf\u00e9 verde en grano"}]},{"@type":"WebSite","@id":"https:\/\/naturalpoland.com\/es\/#website","url":"https:\/\/naturalpoland.com\/es\/","name":"NATURAL POLAND - Distribuidor Mayorista de Materias Primas","description":"Surowce dla przemys\u0142u spo\u017cywczego, kosmetycznego i farmaceutycznego","publisher":{"@id":"https:\/\/naturalpoland.com\/es\/#organization"},"potentialAction":[{"@type":"SearchAction","target":{"@type":"EntryPoint","urlTemplate":"https:\/\/naturalpoland.com\/es\/?s={search_term_string}"},"query-input":{"@type":"PropertyValueSpecification","valueRequired":true,"valueName":"search_term_string"}}],"inLanguage":"es"},{"@type":"Organization","@id":"https:\/\/naturalpoland.com\/es\/#organization","name":"Natural Poland","url":"https:\/\/naturalpoland.com\/es\/","logo":{"@type":"ImageObject","inLanguage":"es","@id":"https:\/\/naturalpoland.com\/es\/#\/schema\/logo\/image\/","url":"https:\/\/naturalpoland.com\/wp-content\/uploads\/2021\/05\/natural-poland-icon.png","contentUrl":"https:\/\/naturalpoland.com\/wp-content\/uploads\/2021\/05\/natural-poland-icon.png","width":512,"height":512,"caption":"Natural Poland"},"image":{"@id":"https:\/\/naturalpoland.com\/es\/#\/schema\/logo\/image\/"},"sameAs":["https:\/\/www.facebook.com\/naturalpoland.b2b","https:\/\/pl.linkedin.com\/company\/natural-poland","https:\/\/www.youtube.com\/channel\/UCgeGGkvOMahZo-xu_MSEWxg"]}]}},"_links":{"self":[{"href":"https:\/\/naturalpoland.com\/es\/wp-json\/wp\/v2\/product\/18866","targetHints":{"allow":["GET"]}}],"collection":[{"href":"https:\/\/naturalpoland.com\/es\/wp-json\/wp\/v2\/product"}],"about":[{"href":"https:\/\/naturalpoland.com\/es\/wp-json\/wp\/v2\/types\/product"}],"wp:featuredmedia":[{"embeddable":true,"href":"https:\/\/naturalpoland.com\/es\/wp-json\/wp\/v2\/media\/18485"}],"wp:attachment":[{"href":"https:\/\/naturalpoland.com\/es\/wp-json\/wp\/v2\/media?parent=18866"}],"wp:term":[{"taxonomy":"product_brand","embeddable":true,"href":"https:\/\/naturalpoland.com\/es\/wp-json\/wp\/v2\/product_brand?post=18866"},{"taxonomy":"product_cat","embeddable":true,"href":"https:\/\/naturalpoland.com\/es\/wp-json\/wp\/v2\/product_cat?post=18866"},{"taxonomy":"product_tag","embeddable":true,"href":"https:\/\/naturalpoland.com\/es\/wp-json\/wp\/v2\/product_tag?post=18866"}],"curies":[{"name":"wp","href":"https:\/\/api.w.org\/{rel}","templated":true}]}}