{"id":20146,"date":"2022-10-03T10:54:20","date_gmt":"2022-10-19T14:03:06","guid":{"rendered":"https:\/\/naturalpoland.pl\/produkty\/sin%20categor\u00eda\/aceite-de-semillas-de-espinacas\/"},"modified":"2025-02-04T14:35:26","modified_gmt":"2025-02-04T13:35:26","slug":"aceite-de-semillas-de-pino","status":"publish","type":"product","link":"https:\/\/naturalpoland.com\/es\/productos\/productos-para-la-industria-alimentaria\/aceites-alimentarios\/aceite-de-semillas-de-pino\/","title":{"rendered":"Aceite de semillas de espinacas"},"content":{"rendered":"<h2>Propiedades y composici\u00f3n del aceite de semilla de espinaca<\/h2>\n<p>El aceite de semilla de espinaca contiene un contenido excepcionalmente alto de \u00e1cidos grasos monoinsaturados, como <strong>el \u00e1cido oleico (aprox. 64%)<\/strong> y <strong>el \u00e1cido linoleico (aprox. 28%)<\/strong>, as\u00ed como <a href=\"https:\/\/naturalpoland.com\/produkty\/produkty-dla-przemyslu-kosmetycznego\/surowce-kosmetyczne\/witamina-a\/\"><strong>vitamina A<\/strong><\/a>. Estos ingredientes confieren al aceite propiedades que aumentan la protecci\u00f3n natural de la piel contra la p\u00e9rdida de agua, mejoran su elasticidad y reducen la aparici\u00f3n de cicatrices y decoloraciones. <\/p>\n<p>A su vez, cantidades significativas de <strong>vitamina C, E <\/strong>y K tienen un <strong>efecto <\/strong>antioxidante, protegiendo la piel del envejecimiento prematuro. Gracias a la presencia de <strong>lute\u00edna<\/strong>, un filtro solar natural, el aceite de espinacas ayuda a neutralizar la da\u00f1ina radiaci\u00f3n UV y la luz azul emitida por las pantallas de ordenadores y tel\u00e9fonos. <\/p>\n<h2>Aceite de semillas de espinacas para la piel<\/h2>\n<p>El aceite de semillas de espinacas se recomienda a quienes tienen la piel seca, madura y sensible. Usado regularmente, ayuda a <strong>aclarar la decoloraci\u00f3n, reducir las arrugas y unificar el tono de la piel<\/strong> para que tenga un aspecto sano y radiante. Sus propiedades antiinflamatorias calman la irritaci\u00f3n, reducen el enrojecimiento y ayudan a combatir el acn\u00e9 y el eczema.  <\/p>\n<p>Gracias a sus propiedades antioxidantes, el aceite puede utilizarse como suero antiarrugas, b\u00e1lsamo labial protector o crema regeneradora de noche.<\/p>\n<h2>Aceite de semillas de espinacas para el cabello<\/h2>\n<p>Gracias a su alto contenido en vitaminas y \u00e1cidos grasos, el aceite estimula la circulaci\u00f3n en el cuero cabelludo, estimula el crecimiento de los fol\u00edculos pilosos, fortalece la estructura capilar y previene la ca\u00edda del cabello. Puede utilizarse como aditivo de mascarillas, sueros y champ\u00fas, as\u00ed como directamente sobre el cuero cabelludo. <\/p>\n<h2>Uso del aceite de espinacas en cosm\u00e9tica<\/h2>\n<p>El aceite de semilla de espinaca puede utilizarse en diversas f\u00f3rmulas cosm\u00e9ticas de productos para el cuidado de la cara, el cuerpo y el cabello. Ejemplos de uso del aceite de semilla de espinaca: <\/p>\n<ul>\n<li><strong>Cremas y sueros<\/strong> faciales con efectos hidratantes y regeneradores,<\/li>\n<li><strong>Lociones y mantecas corporales<\/strong> que fortalecen la piel y la protegen contra la deshidrataci\u00f3n,<\/li>\n<li><strong>Aceites de masaje<\/strong> para mejorar la elasticidad y el tono de la piel,<\/li>\n<li><strong>Champ\u00fas y acondicionadores capilares<\/strong> para estimular el crecimiento y la regeneraci\u00f3n del cabello.<\/li>\n<\/ul>\n<h2>Uso en la industria alimentaria<\/h2>\n<p>En la dieta, el aceite de semillas de espinacas se utiliza como complemento saludable de ensaladas, salsas y pastas. Gracias a su alto contenido en \u00e1cidos grasos omega-3 y omega-6, ayuda a <strong>regular los niveles de colesterol<\/strong> y favorece el funcionamiento del coraz\u00f3n y el sistema nervioso. Se digiere f\u00e1cilmente y su sabor delicado, ligeramente a nuez, combina bien con verduras y platos fr\u00edos.  <\/p>\n","protected":false},"excerpt":{"rendered":"<p>El<em>aceite de semillas de Spinacia Oleracea<\/em>, prensado en fr\u00edo, est\u00e1 ganando popularidad entre los fabricantes de cosm\u00e9ticos naturales y alimentos saludables. Se distingue por su riqueza en nutrientes y su textura ligera y de r\u00e1pida absorci\u00f3n. <\/p>\n","protected":false},"featured_media":19651,"template":"","meta":[],"product_brand":[],"product_cat":[1063,1080],"product_tag":[],"class_list":{"0":"post-20146","1":"product","2":"type-product","3":"status-publish","4":"has-post-thumbnail","6":"product_cat-aceites-alimentarios","7":"product_cat-aceites-alimentarios-y-cosmeticos","9":"first","10":"instock","11":"shipping-taxable","12":"product-type-simple"},"yoast_head":"<!-- This site is optimized with the Yoast SEO plugin v27.4 - https:\/\/yoast.com\/product\/yoast-seo-wordpress\/ -->\n<title>Aceite de semillas de espinacas - Distribuidor mayorista<\/title>\n<meta name=\"description\" content=\"El aceite de semilla de espinaca prensado en fr\u00edo es un ingrediente vers\u00e1til que se utiliza tanto en la industria cosm\u00e9tica como en la alimentaria.\" \/>\n<meta name=\"robots\" content=\"index, follow, max-snippet:-1, max-image-preview:large, max-video-preview:-1\" \/>\n<link rel=\"canonical\" href=\"https:\/\/naturalpoland.com\/es\/productos\/productos-para-la-industria-alimentaria\/aceites-alimentarios\/aceite-de-semillas-de-pino\/\" \/>\n<meta property=\"og:locale\" content=\"es_ES\" \/>\n<meta property=\"og:type\" content=\"article\" \/>\n<meta property=\"og:title\" content=\"Aceite de semillas de espinacas - Distribuidor mayorista\" \/>\n<meta property=\"og:description\" content=\"El aceite de semilla de espinaca prensado en fr\u00edo es un ingrediente vers\u00e1til que se utiliza tanto en la industria cosm\u00e9tica como en la alimentaria.\" \/>\n<meta property=\"og:url\" content=\"https:\/\/naturalpoland.com\/es\/productos\/productos-para-la-industria-alimentaria\/aceites-alimentarios\/aceite-de-semillas-de-pino\/\" \/>\n<meta property=\"og:site_name\" content=\"NATURAL POLAND - Distribuidor Mayorista de Materias Primas\" \/>\n<meta property=\"article:publisher\" content=\"https:\/\/www.facebook.com\/naturalpoland.b2b\" \/>\n<meta property=\"article:modified_time\" content=\"2025-02-04T13:35:26+00:00\" \/>\n<meta property=\"og:image\" content=\"https:\/\/naturalpoland.com\/wp-content\/uploads\/2022\/10\/olej-z-nasion-szpinaku.jpg\" \/>\n\t<meta property=\"og:image:width\" content=\"800\" \/>\n\t<meta property=\"og:image:height\" content=\"800\" \/>\n\t<meta property=\"og:image:type\" content=\"image\/jpeg\" \/>\n<script type=\"application\/ld+json\" class=\"yoast-schema-graph\">{\"@context\":\"https:\\\/\\\/schema.org\",\"@graph\":[{\"@type\":\"WebPage\",\"@id\":\"https:\\\/\\\/naturalpoland.com\\\/es\\\/productos\\\/productos-para-la-industria-alimentaria\\\/aceites-alimentarios\\\/aceite-de-semillas-de-pino\\\/\",\"url\":\"https:\\\/\\\/naturalpoland.com\\\/es\\\/productos\\\/productos-para-la-industria-alimentaria\\\/aceites-alimentarios\\\/aceite-de-semillas-de-pino\\\/\",\"name\":\"Aceite de semillas de espinacas - Distribuidor mayorista\",\"isPartOf\":{\"@id\":\"https:\\\/\\\/naturalpoland.com\\\/es\\\/#website\"},\"primaryImageOfPage\":{\"@id\":\"https:\\\/\\\/naturalpoland.com\\\/es\\\/productos\\\/productos-para-la-industria-alimentaria\\\/aceites-alimentarios\\\/aceite-de-semillas-de-pino\\\/#primaryimage\"},\"image\":{\"@id\":\"https:\\\/\\\/naturalpoland.com\\\/es\\\/productos\\\/productos-para-la-industria-alimentaria\\\/aceites-alimentarios\\\/aceite-de-semillas-de-pino\\\/#primaryimage\"},\"thumbnailUrl\":\"https:\\\/\\\/naturalpoland.com\\\/wp-content\\\/uploads\\\/2022\\\/10\\\/olej-z-nasion-szpinaku.jpg\",\"datePublished\":\"2022-10-19T14:03:06+00:00\",\"dateModified\":\"2025-02-04T13:35:26+00:00\",\"description\":\"El aceite de semilla de espinaca prensado en fr\u00edo es un ingrediente vers\u00e1til que se utiliza tanto en la industria cosm\u00e9tica como en la alimentaria.\",\"breadcrumb\":{\"@id\":\"https:\\\/\\\/naturalpoland.com\\\/es\\\/productos\\\/productos-para-la-industria-alimentaria\\\/aceites-alimentarios\\\/aceite-de-semillas-de-pino\\\/#breadcrumb\"},\"inLanguage\":\"es\",\"potentialAction\":[{\"@type\":\"ReadAction\",\"target\":[\"https:\\\/\\\/naturalpoland.com\\\/es\\\/productos\\\/productos-para-la-industria-alimentaria\\\/aceites-alimentarios\\\/aceite-de-semillas-de-pino\\\/\"]}]},{\"@type\":\"ImageObject\",\"inLanguage\":\"es\",\"@id\":\"https:\\\/\\\/naturalpoland.com\\\/es\\\/productos\\\/productos-para-la-industria-alimentaria\\\/aceites-alimentarios\\\/aceite-de-semillas-de-pino\\\/#primaryimage\",\"url\":\"https:\\\/\\\/naturalpoland.com\\\/wp-content\\\/uploads\\\/2022\\\/10\\\/olej-z-nasion-szpinaku.jpg\",\"contentUrl\":\"https:\\\/\\\/naturalpoland.com\\\/wp-content\\\/uploads\\\/2022\\\/10\\\/olej-z-nasion-szpinaku.jpg\",\"width\":800,\"height\":800,\"caption\":\"aceite de semillas de espinacas\"},{\"@type\":\"BreadcrumbList\",\"@id\":\"https:\\\/\\\/naturalpoland.com\\\/es\\\/productos\\\/productos-para-la-industria-alimentaria\\\/aceites-alimentarios\\\/aceite-de-semillas-de-pino\\\/#breadcrumb\",\"itemListElement\":[{\"@type\":\"ListItem\",\"position\":1,\"name\":\"Inicio\",\"item\":\"https:\\\/\\\/naturalpoland.com\\\/es\\\/\"},{\"@type\":\"ListItem\",\"position\":2,\"name\":\"Productos\",\"item\":\"https:\\\/\\\/naturalpoland.com\\\/es\\\/productos\\\/\"},{\"@type\":\"ListItem\",\"position\":3,\"name\":\"Aceite de semillas de espinacas\"}]},{\"@type\":\"WebSite\",\"@id\":\"https:\\\/\\\/naturalpoland.com\\\/es\\\/#website\",\"url\":\"https:\\\/\\\/naturalpoland.com\\\/es\\\/\",\"name\":\"NATURAL POLAND - Distribuidor Mayorista de Materias Primas\",\"description\":\"Surowce dla przemys\u0142u spo\u017cywczego, kosmetycznego i farmaceutycznego\",\"publisher\":{\"@id\":\"https:\\\/\\\/naturalpoland.com\\\/es\\\/#organization\"},\"potentialAction\":[{\"@type\":\"SearchAction\",\"target\":{\"@type\":\"EntryPoint\",\"urlTemplate\":\"https:\\\/\\\/naturalpoland.com\\\/es\\\/?s={search_term_string}\"},\"query-input\":{\"@type\":\"PropertyValueSpecification\",\"valueRequired\":true,\"valueName\":\"search_term_string\"}}],\"inLanguage\":\"es\"},{\"@type\":\"Organization\",\"@id\":\"https:\\\/\\\/naturalpoland.com\\\/es\\\/#organization\",\"name\":\"Natural Poland\",\"url\":\"https:\\\/\\\/naturalpoland.com\\\/es\\\/\",\"logo\":{\"@type\":\"ImageObject\",\"inLanguage\":\"es\",\"@id\":\"https:\\\/\\\/naturalpoland.com\\\/es\\\/#\\\/schema\\\/logo\\\/image\\\/\",\"url\":\"https:\\\/\\\/naturalpoland.com\\\/wp-content\\\/uploads\\\/2021\\\/05\\\/natural-poland-icon.png\",\"contentUrl\":\"https:\\\/\\\/naturalpoland.com\\\/wp-content\\\/uploads\\\/2021\\\/05\\\/natural-poland-icon.png\",\"width\":512,\"height\":512,\"caption\":\"Natural Poland\"},\"image\":{\"@id\":\"https:\\\/\\\/naturalpoland.com\\\/es\\\/#\\\/schema\\\/logo\\\/image\\\/\"},\"sameAs\":[\"https:\\\/\\\/www.facebook.com\\\/naturalpoland.b2b\",\"https:\\\/\\\/pl.linkedin.com\\\/company\\\/natural-poland\",\"https:\\\/\\\/www.youtube.com\\\/channel\\\/UCgeGGkvOMahZo-xu_MSEWxg\"]}]}<\/script>\n<!-- \/ Yoast SEO plugin. -->","yoast_head_json":{"title":"Aceite de semillas de espinacas - Distribuidor mayorista","description":"El aceite de semilla de espinaca prensado en fr\u00edo es un ingrediente vers\u00e1til que se utiliza tanto en la industria cosm\u00e9tica como en la alimentaria.","robots":{"index":"index","follow":"follow","max-snippet":"max-snippet:-1","max-image-preview":"max-image-preview:large","max-video-preview":"max-video-preview:-1"},"canonical":"https:\/\/naturalpoland.com\/es\/productos\/productos-para-la-industria-alimentaria\/aceites-alimentarios\/aceite-de-semillas-de-pino\/","og_locale":"es_ES","og_type":"article","og_title":"Aceite de semillas de espinacas - Distribuidor mayorista","og_description":"El aceite de semilla de espinaca prensado en fr\u00edo es un ingrediente vers\u00e1til que se utiliza tanto en la industria cosm\u00e9tica como en la alimentaria.","og_url":"https:\/\/naturalpoland.com\/es\/productos\/productos-para-la-industria-alimentaria\/aceites-alimentarios\/aceite-de-semillas-de-pino\/","og_site_name":"NATURAL POLAND - Distribuidor Mayorista de Materias Primas","article_publisher":"https:\/\/www.facebook.com\/naturalpoland.b2b","article_modified_time":"2025-02-04T13:35:26+00:00","og_image":[{"width":800,"height":800,"url":"https:\/\/naturalpoland.com\/wp-content\/uploads\/2022\/10\/olej-z-nasion-szpinaku.jpg","type":"image\/jpeg"}],"schema":{"@context":"https:\/\/schema.org","@graph":[{"@type":"WebPage","@id":"https:\/\/naturalpoland.com\/es\/productos\/productos-para-la-industria-alimentaria\/aceites-alimentarios\/aceite-de-semillas-de-pino\/","url":"https:\/\/naturalpoland.com\/es\/productos\/productos-para-la-industria-alimentaria\/aceites-alimentarios\/aceite-de-semillas-de-pino\/","name":"Aceite de semillas de espinacas - Distribuidor mayorista","isPartOf":{"@id":"https:\/\/naturalpoland.com\/es\/#website"},"primaryImageOfPage":{"@id":"https:\/\/naturalpoland.com\/es\/productos\/productos-para-la-industria-alimentaria\/aceites-alimentarios\/aceite-de-semillas-de-pino\/#primaryimage"},"image":{"@id":"https:\/\/naturalpoland.com\/es\/productos\/productos-para-la-industria-alimentaria\/aceites-alimentarios\/aceite-de-semillas-de-pino\/#primaryimage"},"thumbnailUrl":"https:\/\/naturalpoland.com\/wp-content\/uploads\/2022\/10\/olej-z-nasion-szpinaku.jpg","datePublished":"2022-10-19T14:03:06+00:00","dateModified":"2025-02-04T13:35:26+00:00","description":"El aceite de semilla de espinaca prensado en fr\u00edo es un ingrediente vers\u00e1til que se utiliza tanto en la industria cosm\u00e9tica como en la alimentaria.","breadcrumb":{"@id":"https:\/\/naturalpoland.com\/es\/productos\/productos-para-la-industria-alimentaria\/aceites-alimentarios\/aceite-de-semillas-de-pino\/#breadcrumb"},"inLanguage":"es","potentialAction":[{"@type":"ReadAction","target":["https:\/\/naturalpoland.com\/es\/productos\/productos-para-la-industria-alimentaria\/aceites-alimentarios\/aceite-de-semillas-de-pino\/"]}]},{"@type":"ImageObject","inLanguage":"es","@id":"https:\/\/naturalpoland.com\/es\/productos\/productos-para-la-industria-alimentaria\/aceites-alimentarios\/aceite-de-semillas-de-pino\/#primaryimage","url":"https:\/\/naturalpoland.com\/wp-content\/uploads\/2022\/10\/olej-z-nasion-szpinaku.jpg","contentUrl":"https:\/\/naturalpoland.com\/wp-content\/uploads\/2022\/10\/olej-z-nasion-szpinaku.jpg","width":800,"height":800,"caption":"aceite de semillas de espinacas"},{"@type":"BreadcrumbList","@id":"https:\/\/naturalpoland.com\/es\/productos\/productos-para-la-industria-alimentaria\/aceites-alimentarios\/aceite-de-semillas-de-pino\/#breadcrumb","itemListElement":[{"@type":"ListItem","position":1,"name":"Inicio","item":"https:\/\/naturalpoland.com\/es\/"},{"@type":"ListItem","position":2,"name":"Productos","item":"https:\/\/naturalpoland.com\/es\/productos\/"},{"@type":"ListItem","position":3,"name":"Aceite de semillas de espinacas"}]},{"@type":"WebSite","@id":"https:\/\/naturalpoland.com\/es\/#website","url":"https:\/\/naturalpoland.com\/es\/","name":"NATURAL POLAND - Distribuidor Mayorista de Materias Primas","description":"Surowce dla przemys\u0142u spo\u017cywczego, kosmetycznego i farmaceutycznego","publisher":{"@id":"https:\/\/naturalpoland.com\/es\/#organization"},"potentialAction":[{"@type":"SearchAction","target":{"@type":"EntryPoint","urlTemplate":"https:\/\/naturalpoland.com\/es\/?s={search_term_string}"},"query-input":{"@type":"PropertyValueSpecification","valueRequired":true,"valueName":"search_term_string"}}],"inLanguage":"es"},{"@type":"Organization","@id":"https:\/\/naturalpoland.com\/es\/#organization","name":"Natural Poland","url":"https:\/\/naturalpoland.com\/es\/","logo":{"@type":"ImageObject","inLanguage":"es","@id":"https:\/\/naturalpoland.com\/es\/#\/schema\/logo\/image\/","url":"https:\/\/naturalpoland.com\/wp-content\/uploads\/2021\/05\/natural-poland-icon.png","contentUrl":"https:\/\/naturalpoland.com\/wp-content\/uploads\/2021\/05\/natural-poland-icon.png","width":512,"height":512,"caption":"Natural Poland"},"image":{"@id":"https:\/\/naturalpoland.com\/es\/#\/schema\/logo\/image\/"},"sameAs":["https:\/\/www.facebook.com\/naturalpoland.b2b","https:\/\/pl.linkedin.com\/company\/natural-poland","https:\/\/www.youtube.com\/channel\/UCgeGGkvOMahZo-xu_MSEWxg"]}]}},"_links":{"self":[{"href":"https:\/\/naturalpoland.com\/es\/wp-json\/wp\/v2\/product\/20146","targetHints":{"allow":["GET"]}}],"collection":[{"href":"https:\/\/naturalpoland.com\/es\/wp-json\/wp\/v2\/product"}],"about":[{"href":"https:\/\/naturalpoland.com\/es\/wp-json\/wp\/v2\/types\/product"}],"wp:featuredmedia":[{"embeddable":true,"href":"https:\/\/naturalpoland.com\/es\/wp-json\/wp\/v2\/media\/19651"}],"wp:attachment":[{"href":"https:\/\/naturalpoland.com\/es\/wp-json\/wp\/v2\/media?parent=20146"}],"wp:term":[{"taxonomy":"product_brand","embeddable":true,"href":"https:\/\/naturalpoland.com\/es\/wp-json\/wp\/v2\/product_brand?post=20146"},{"taxonomy":"product_cat","embeddable":true,"href":"https:\/\/naturalpoland.com\/es\/wp-json\/wp\/v2\/product_cat?post=20146"},{"taxonomy":"product_tag","embeddable":true,"href":"https:\/\/naturalpoland.com\/es\/wp-json\/wp\/v2\/product_tag?post=20146"}],"curies":[{"name":"wp","href":"https:\/\/api.w.org\/{rel}","templated":true}]}}