{"id":20294,"date":"2022-10-11T15:26:20","date_gmt":"2022-10-20T08:34:53","guid":{"rendered":"https:\/\/naturalpoland.pl\/produkty\/sin%20categor\u00eda\/te-blanco\/"},"modified":"2023-01-20T14:08:07","modified_gmt":"2023-01-20T13:08:07","slug":"te-blanco","status":"publish","type":"product","link":"https:\/\/naturalpoland.com\/es\/productos\/productos-para-la-industria-alimentaria\/materias-primas-para-la-produccion\/te-blanco\/","title":{"rendered":"T\u00e9 blanco"},"content":{"rendered":"<h3>Propiedades del t\u00e9 blanco<\/h3>\n<p>El t\u00e9 blanco se cosecha cuando las hojas son a\u00fan peque\u00f1os brotes. Los cogollos, cubiertos de mezquite blanco, se secan. Este tipo de t\u00e9 es el menos procesado y, en consecuencia, tambi\u00e9n se supone que es el m\u00e1s saludable. El t\u00e9 blanco tiene un alto contenido en <strong>polifenoles<\/strong> y <strong>catequinas<\/strong>. Son antioxidantes que destruyen los radicales libres y reducen el estr\u00e9s oxidativo. Esto ayuda a reducir el ritmo de envejecimiento del organismo y tiene un efecto anticancer\u00edgeno.<\/p>\n<h3>Efectos del t\u00e9 blanco<\/h3>\n<p>El t\u00e9 blanco mejora el sistema circulatorio, reduce los niveles de colesterol en sangre, previene la caries dental y fortalece las articulaciones y los huesos. Tambi\u00e9n estimula la funci\u00f3n cerebral y mejora la memoria.<\/p>\n","protected":false},"excerpt":{"rendered":"<p>El t\u00e9 blanco<em>(Camellia sinensis<\/em>) estimula la funci\u00f3n hep\u00e1tica, ayuda a bajar la presi\u00f3n arterial y elimina la fatiga.<\/p>\n","protected":false},"featured_media":20001,"template":"","meta":[],"product_brand":[],"product_cat":[1062],"product_tag":[],"class_list":{"0":"post-20294","1":"product","2":"type-product","3":"status-publish","4":"has-post-thumbnail","6":"product_cat-materias-primas-para-la-produccion","8":"first","9":"instock","10":"shipping-taxable","11":"product-type-simple"},"yoast_head":"<!-- This site is optimized with the Yoast SEO plugin v27.4 - https:\/\/yoast.com\/product\/yoast-seo-wordpress\/ -->\n<title>T\u00e9 blanco - Distribuidor mayorista<\/title>\n<meta name=\"robots\" content=\"index, follow, max-snippet:-1, max-image-preview:large, max-video-preview:-1\" \/>\n<link rel=\"canonical\" href=\"https:\/\/naturalpoland.com\/es\/productos\/productos-para-la-industria-alimentaria\/materias-primas-para-la-produccion\/te-blanco\/\" \/>\n<meta property=\"og:locale\" content=\"es_ES\" \/>\n<meta property=\"og:type\" content=\"article\" \/>\n<meta property=\"og:title\" content=\"T\u00e9 blanco - Distribuidor mayorista\" \/>\n<meta property=\"og:description\" content=\"El t\u00e9 blanco(Camellia sinensis) estimula la funci\u00f3n hep\u00e1tica, ayuda a bajar la presi\u00f3n arterial y elimina la fatiga.\" \/>\n<meta property=\"og:url\" content=\"https:\/\/naturalpoland.com\/es\/productos\/productos-para-la-industria-alimentaria\/materias-primas-para-la-produccion\/te-blanco\/\" \/>\n<meta property=\"og:site_name\" content=\"NATURAL POLAND - Distribuidor Mayorista de Materias Primas\" \/>\n<meta property=\"article:publisher\" content=\"https:\/\/www.facebook.com\/naturalpoland.b2b\" \/>\n<meta property=\"article:modified_time\" content=\"2023-01-20T13:08:07+00:00\" \/>\n<meta property=\"og:image\" content=\"https:\/\/naturalpoland.com\/wp-content\/uploads\/2022\/10\/white-tea-2-scaled.jpg\" \/>\n\t<meta property=\"og:image:width\" content=\"2560\" \/>\n\t<meta property=\"og:image:height\" content=\"1920\" \/>\n\t<meta property=\"og:image:type\" content=\"image\/jpeg\" \/>\n<script type=\"application\/ld+json\" class=\"yoast-schema-graph\">{\"@context\":\"https:\\\/\\\/schema.org\",\"@graph\":[{\"@type\":\"WebPage\",\"@id\":\"https:\\\/\\\/naturalpoland.com\\\/es\\\/productos\\\/productos-para-la-industria-alimentaria\\\/materias-primas-para-la-produccion\\\/te-blanco\\\/\",\"url\":\"https:\\\/\\\/naturalpoland.com\\\/es\\\/productos\\\/productos-para-la-industria-alimentaria\\\/materias-primas-para-la-produccion\\\/te-blanco\\\/\",\"name\":\"T\u00e9 blanco - Distribuidor mayorista\",\"isPartOf\":{\"@id\":\"https:\\\/\\\/naturalpoland.com\\\/es\\\/#website\"},\"primaryImageOfPage\":{\"@id\":\"https:\\\/\\\/naturalpoland.com\\\/es\\\/productos\\\/productos-para-la-industria-alimentaria\\\/materias-primas-para-la-produccion\\\/te-blanco\\\/#primaryimage\"},\"image\":{\"@id\":\"https:\\\/\\\/naturalpoland.com\\\/es\\\/productos\\\/productos-para-la-industria-alimentaria\\\/materias-primas-para-la-produccion\\\/te-blanco\\\/#primaryimage\"},\"thumbnailUrl\":\"https:\\\/\\\/naturalpoland.com\\\/wp-content\\\/uploads\\\/2022\\\/10\\\/white-tea-2-scaled.jpg\",\"datePublished\":\"2022-10-20T08:34:53+00:00\",\"dateModified\":\"2023-01-20T13:08:07+00:00\",\"breadcrumb\":{\"@id\":\"https:\\\/\\\/naturalpoland.com\\\/es\\\/productos\\\/productos-para-la-industria-alimentaria\\\/materias-primas-para-la-produccion\\\/te-blanco\\\/#breadcrumb\"},\"inLanguage\":\"es\",\"potentialAction\":[{\"@type\":\"ReadAction\",\"target\":[\"https:\\\/\\\/naturalpoland.com\\\/es\\\/productos\\\/productos-para-la-industria-alimentaria\\\/materias-primas-para-la-produccion\\\/te-blanco\\\/\"]}]},{\"@type\":\"ImageObject\",\"inLanguage\":\"es\",\"@id\":\"https:\\\/\\\/naturalpoland.com\\\/es\\\/productos\\\/productos-para-la-industria-alimentaria\\\/materias-primas-para-la-produccion\\\/te-blanco\\\/#primaryimage\",\"url\":\"https:\\\/\\\/naturalpoland.com\\\/wp-content\\\/uploads\\\/2022\\\/10\\\/white-tea-2-scaled.jpg\",\"contentUrl\":\"https:\\\/\\\/naturalpoland.com\\\/wp-content\\\/uploads\\\/2022\\\/10\\\/white-tea-2-scaled.jpg\",\"width\":2560,\"height\":1920,\"caption\":\"T\u00e9 blanco\"},{\"@type\":\"BreadcrumbList\",\"@id\":\"https:\\\/\\\/naturalpoland.com\\\/es\\\/productos\\\/productos-para-la-industria-alimentaria\\\/materias-primas-para-la-produccion\\\/te-blanco\\\/#breadcrumb\",\"itemListElement\":[{\"@type\":\"ListItem\",\"position\":1,\"name\":\"Inicio\",\"item\":\"https:\\\/\\\/naturalpoland.com\\\/es\\\/\"},{\"@type\":\"ListItem\",\"position\":2,\"name\":\"Productos\",\"item\":\"https:\\\/\\\/naturalpoland.com\\\/es\\\/productos\\\/\"},{\"@type\":\"ListItem\",\"position\":3,\"name\":\"T\u00e9 blanco\"}]},{\"@type\":\"WebSite\",\"@id\":\"https:\\\/\\\/naturalpoland.com\\\/es\\\/#website\",\"url\":\"https:\\\/\\\/naturalpoland.com\\\/es\\\/\",\"name\":\"NATURAL POLAND - Distribuidor Mayorista de Materias Primas\",\"description\":\"Surowce dla przemys\u0142u spo\u017cywczego, kosmetycznego i farmaceutycznego\",\"publisher\":{\"@id\":\"https:\\\/\\\/naturalpoland.com\\\/es\\\/#organization\"},\"potentialAction\":[{\"@type\":\"SearchAction\",\"target\":{\"@type\":\"EntryPoint\",\"urlTemplate\":\"https:\\\/\\\/naturalpoland.com\\\/es\\\/?s={search_term_string}\"},\"query-input\":{\"@type\":\"PropertyValueSpecification\",\"valueRequired\":true,\"valueName\":\"search_term_string\"}}],\"inLanguage\":\"es\"},{\"@type\":\"Organization\",\"@id\":\"https:\\\/\\\/naturalpoland.com\\\/es\\\/#organization\",\"name\":\"Natural Poland\",\"url\":\"https:\\\/\\\/naturalpoland.com\\\/es\\\/\",\"logo\":{\"@type\":\"ImageObject\",\"inLanguage\":\"es\",\"@id\":\"https:\\\/\\\/naturalpoland.com\\\/es\\\/#\\\/schema\\\/logo\\\/image\\\/\",\"url\":\"https:\\\/\\\/naturalpoland.com\\\/wp-content\\\/uploads\\\/2021\\\/05\\\/natural-poland-icon.png\",\"contentUrl\":\"https:\\\/\\\/naturalpoland.com\\\/wp-content\\\/uploads\\\/2021\\\/05\\\/natural-poland-icon.png\",\"width\":512,\"height\":512,\"caption\":\"Natural Poland\"},\"image\":{\"@id\":\"https:\\\/\\\/naturalpoland.com\\\/es\\\/#\\\/schema\\\/logo\\\/image\\\/\"},\"sameAs\":[\"https:\\\/\\\/www.facebook.com\\\/naturalpoland.b2b\",\"https:\\\/\\\/pl.linkedin.com\\\/company\\\/natural-poland\",\"https:\\\/\\\/www.youtube.com\\\/channel\\\/UCgeGGkvOMahZo-xu_MSEWxg\"]}]}<\/script>\n<!-- \/ Yoast SEO plugin. -->","yoast_head_json":{"title":"T\u00e9 blanco - Distribuidor mayorista","robots":{"index":"index","follow":"follow","max-snippet":"max-snippet:-1","max-image-preview":"max-image-preview:large","max-video-preview":"max-video-preview:-1"},"canonical":"https:\/\/naturalpoland.com\/es\/productos\/productos-para-la-industria-alimentaria\/materias-primas-para-la-produccion\/te-blanco\/","og_locale":"es_ES","og_type":"article","og_title":"T\u00e9 blanco - Distribuidor mayorista","og_description":"El t\u00e9 blanco(Camellia sinensis) estimula la funci\u00f3n hep\u00e1tica, ayuda a bajar la presi\u00f3n arterial y elimina la fatiga.","og_url":"https:\/\/naturalpoland.com\/es\/productos\/productos-para-la-industria-alimentaria\/materias-primas-para-la-produccion\/te-blanco\/","og_site_name":"NATURAL POLAND - Distribuidor Mayorista de Materias Primas","article_publisher":"https:\/\/www.facebook.com\/naturalpoland.b2b","article_modified_time":"2023-01-20T13:08:07+00:00","og_image":[{"width":2560,"height":1920,"url":"https:\/\/naturalpoland.com\/wp-content\/uploads\/2022\/10\/white-tea-2-scaled.jpg","type":"image\/jpeg"}],"schema":{"@context":"https:\/\/schema.org","@graph":[{"@type":"WebPage","@id":"https:\/\/naturalpoland.com\/es\/productos\/productos-para-la-industria-alimentaria\/materias-primas-para-la-produccion\/te-blanco\/","url":"https:\/\/naturalpoland.com\/es\/productos\/productos-para-la-industria-alimentaria\/materias-primas-para-la-produccion\/te-blanco\/","name":"T\u00e9 blanco - Distribuidor mayorista","isPartOf":{"@id":"https:\/\/naturalpoland.com\/es\/#website"},"primaryImageOfPage":{"@id":"https:\/\/naturalpoland.com\/es\/productos\/productos-para-la-industria-alimentaria\/materias-primas-para-la-produccion\/te-blanco\/#primaryimage"},"image":{"@id":"https:\/\/naturalpoland.com\/es\/productos\/productos-para-la-industria-alimentaria\/materias-primas-para-la-produccion\/te-blanco\/#primaryimage"},"thumbnailUrl":"https:\/\/naturalpoland.com\/wp-content\/uploads\/2022\/10\/white-tea-2-scaled.jpg","datePublished":"2022-10-20T08:34:53+00:00","dateModified":"2023-01-20T13:08:07+00:00","breadcrumb":{"@id":"https:\/\/naturalpoland.com\/es\/productos\/productos-para-la-industria-alimentaria\/materias-primas-para-la-produccion\/te-blanco\/#breadcrumb"},"inLanguage":"es","potentialAction":[{"@type":"ReadAction","target":["https:\/\/naturalpoland.com\/es\/productos\/productos-para-la-industria-alimentaria\/materias-primas-para-la-produccion\/te-blanco\/"]}]},{"@type":"ImageObject","inLanguage":"es","@id":"https:\/\/naturalpoland.com\/es\/productos\/productos-para-la-industria-alimentaria\/materias-primas-para-la-produccion\/te-blanco\/#primaryimage","url":"https:\/\/naturalpoland.com\/wp-content\/uploads\/2022\/10\/white-tea-2-scaled.jpg","contentUrl":"https:\/\/naturalpoland.com\/wp-content\/uploads\/2022\/10\/white-tea-2-scaled.jpg","width":2560,"height":1920,"caption":"T\u00e9 blanco"},{"@type":"BreadcrumbList","@id":"https:\/\/naturalpoland.com\/es\/productos\/productos-para-la-industria-alimentaria\/materias-primas-para-la-produccion\/te-blanco\/#breadcrumb","itemListElement":[{"@type":"ListItem","position":1,"name":"Inicio","item":"https:\/\/naturalpoland.com\/es\/"},{"@type":"ListItem","position":2,"name":"Productos","item":"https:\/\/naturalpoland.com\/es\/productos\/"},{"@type":"ListItem","position":3,"name":"T\u00e9 blanco"}]},{"@type":"WebSite","@id":"https:\/\/naturalpoland.com\/es\/#website","url":"https:\/\/naturalpoland.com\/es\/","name":"NATURAL POLAND - Distribuidor Mayorista de Materias Primas","description":"Surowce dla przemys\u0142u spo\u017cywczego, kosmetycznego i farmaceutycznego","publisher":{"@id":"https:\/\/naturalpoland.com\/es\/#organization"},"potentialAction":[{"@type":"SearchAction","target":{"@type":"EntryPoint","urlTemplate":"https:\/\/naturalpoland.com\/es\/?s={search_term_string}"},"query-input":{"@type":"PropertyValueSpecification","valueRequired":true,"valueName":"search_term_string"}}],"inLanguage":"es"},{"@type":"Organization","@id":"https:\/\/naturalpoland.com\/es\/#organization","name":"Natural Poland","url":"https:\/\/naturalpoland.com\/es\/","logo":{"@type":"ImageObject","inLanguage":"es","@id":"https:\/\/naturalpoland.com\/es\/#\/schema\/logo\/image\/","url":"https:\/\/naturalpoland.com\/wp-content\/uploads\/2021\/05\/natural-poland-icon.png","contentUrl":"https:\/\/naturalpoland.com\/wp-content\/uploads\/2021\/05\/natural-poland-icon.png","width":512,"height":512,"caption":"Natural Poland"},"image":{"@id":"https:\/\/naturalpoland.com\/es\/#\/schema\/logo\/image\/"},"sameAs":["https:\/\/www.facebook.com\/naturalpoland.b2b","https:\/\/pl.linkedin.com\/company\/natural-poland","https:\/\/www.youtube.com\/channel\/UCgeGGkvOMahZo-xu_MSEWxg"]}]}},"_links":{"self":[{"href":"https:\/\/naturalpoland.com\/es\/wp-json\/wp\/v2\/product\/20294","targetHints":{"allow":["GET"]}}],"collection":[{"href":"https:\/\/naturalpoland.com\/es\/wp-json\/wp\/v2\/product"}],"about":[{"href":"https:\/\/naturalpoland.com\/es\/wp-json\/wp\/v2\/types\/product"}],"wp:featuredmedia":[{"embeddable":true,"href":"https:\/\/naturalpoland.com\/es\/wp-json\/wp\/v2\/media\/20001"}],"wp:attachment":[{"href":"https:\/\/naturalpoland.com\/es\/wp-json\/wp\/v2\/media?parent=20294"}],"wp:term":[{"taxonomy":"product_brand","embeddable":true,"href":"https:\/\/naturalpoland.com\/es\/wp-json\/wp\/v2\/product_brand?post=20294"},{"taxonomy":"product_cat","embeddable":true,"href":"https:\/\/naturalpoland.com\/es\/wp-json\/wp\/v2\/product_cat?post=20294"},{"taxonomy":"product_tag","embeddable":true,"href":"https:\/\/naturalpoland.com\/es\/wp-json\/wp\/v2\/product_tag?post=20294"}],"curies":[{"name":"wp","href":"https:\/\/api.w.org\/{rel}","templated":true}]}}