{"id":21207,"date":"2023-03-20T16:11:39","date_gmt":"2023-03-20T15:11:39","guid":{"rendered":"https:\/\/naturalpoland.pl\/produkty\/sin%20categor\u00eda\/peptidos-de-cobre\/"},"modified":"2024-10-10T15:33:56","modified_gmt":"2024-10-10T13:33:56","slug":"peptidos-cobre","status":"publish","type":"product","link":"https:\/\/naturalpoland.com\/es\/productos\/productos-para-la-industria-cosmetica\/materias-primas-para-cosmeticos\/peptidos-cobre\/","title":{"rendered":"P\u00e9ptidos de cobre"},"content":{"rendered":"<h2>Propiedades<\/h2>\n<p>Los p\u00e9ptidos de cobre GHK-Cu son trip\u00e9ptidos (glicina-histidina-lisina) presentes de forma natural en el cuerpo humano que muestran la capacidad de unirse al cobre. Es con este elemento, esencial para el buen funcionamiento del organismo, con el que est\u00e1 relacionada la actividad biol\u00f3gica de los p\u00e9ptidos de cobre.<\/p>\n<p>Al unirse a los iones y modular los niveles de cobre en los tejidos, GHK-Cu muestra la capacidad de<strong> aumentar la s\u00edntesis de col\u00e1geno<\/strong>, <strong>estimular la regeneraci\u00f3n y expansi\u00f3n de los vasos sangu\u00edneos y los nervios<\/strong>, mejorar la s\u00edntesis de elastina y tener un efecto beneficioso sobre los fibroblastos que forman la piel. Adem\u00e1s, tambi\u00e9n se han observado efectos <strong>antiinflamatorios<\/strong> y <strong>antitumorales<\/strong> de los p\u00e9ptidos de cobre.<\/p>\n<h2>Aplicaci\u00f3n<\/h2>\n<p>Los efectos beneficiosos sobre la piel humana hacen que los p\u00e9ptidos de cobre tengan m\u00faltiples <strong>aplicaciones cosm\u00e9ticas<\/strong>. Esto incluye no s\u00f3lo las propiedades t\u00edpicas del cuidado de la piel, mejorando su firmeza, alisando las arrugas y mejorando el tono de la piel. GHK-Cu tambi\u00e9n funciona bien como medio para acelerar la regeneraci\u00f3n y cicatrizaci\u00f3n de heridas, incluidas las \u00falceras, y acelerar el crecimiento del cabello y evitar su ca\u00edda.<\/p>\n<p>El trip\u00e9ptido-1 de cobre es el principio activo ideal para la formulaci\u00f3n:<\/p>\n<ul>\n<li>Cremas antiedad,<\/li>\n<li>Sueros regeneradores,<\/li>\n<li>Preparados para pieles sensibles y problem\u00e1ticas,<\/li>\n<li>Productos para favorecer la cicatrizaci\u00f3n de heridas y el cuidado de la piel tras procedimientos dermatol\u00f3gicos.<\/li>\n<\/ul>\n","protected":false},"excerpt":{"rendered":"<p><strong>El p\u00e9ptido<\/strong><strong>de cobre GHK-Cu<\/strong> (INICI: <strong>Copper Tripeptide-1<\/strong>) es un p\u00e9ptido de cobre azul altamente purificado, utilizado principalmente en cosm\u00e9tica. Es especialmente popular en f\u00f3rmulas para el cuidado de la piel, ya que favorece los procesos de reparaci\u00f3n cut\u00e1nea, estimula la s\u00edntesis de col\u00e1geno y refuerza la barrera cut\u00e1nea. <\/p>\n","protected":false},"featured_media":36460,"template":"","meta":[],"product_brand":[],"product_cat":[1068,2495],"product_tag":[],"class_list":{"0":"post-21207","1":"product","2":"type-product","3":"status-publish","4":"has-post-thumbnail","6":"product_cat-materias-primas-para-cosmeticos","7":"product_cat-peptidos","9":"first","10":"instock","11":"shipping-taxable","12":"product-type-simple"},"yoast_head":"<!-- This site is optimized with the Yoast SEO plugin v27.3 - https:\/\/yoast.com\/product\/yoast-seo-wordpress\/ -->\n<title>P\u00e9ptidos de cobre - NATURAL POLAND - Distribuidor Mayorista de Materias Primas<\/title>\n<meta name=\"description\" content=\"Los p\u00e9ptidos de cobre GHK-Cu (INICI: Copper Tripeptide-1) son trip\u00e9ptidos presentes de forma natural en el cuerpo humano que muestran la capacidad de unirse al cobre.\" \/>\n<meta name=\"robots\" content=\"index, follow, max-snippet:-1, max-image-preview:large, max-video-preview:-1\" \/>\n<link rel=\"canonical\" href=\"https:\/\/naturalpoland.com\/es\/productos\/productos-para-la-industria-cosmetica\/materias-primas-para-cosmeticos\/peptidos-cobre\/\" \/>\n<meta property=\"og:locale\" content=\"es_ES\" \/>\n<meta property=\"og:type\" content=\"article\" \/>\n<meta property=\"og:title\" content=\"P\u00e9ptidos de cobre - NATURAL POLAND - Distribuidor Mayorista de Materias Primas\" \/>\n<meta property=\"og:description\" content=\"Los p\u00e9ptidos de cobre GHK-Cu (INICI: Copper Tripeptide-1) son trip\u00e9ptidos presentes de forma natural en el cuerpo humano que muestran la capacidad de unirse al cobre.\" \/>\n<meta property=\"og:url\" content=\"https:\/\/naturalpoland.com\/es\/productos\/productos-para-la-industria-cosmetica\/materias-primas-para-cosmeticos\/peptidos-cobre\/\" \/>\n<meta property=\"og:site_name\" content=\"NATURAL POLAND - Distribuidor Mayorista de Materias Primas\" \/>\n<meta property=\"article:publisher\" content=\"https:\/\/www.facebook.com\/naturalpoland.b2b\" \/>\n<meta property=\"article:modified_time\" content=\"2024-10-10T13:33:56+00:00\" \/>\n<meta property=\"og:image\" content=\"https:\/\/naturalpoland.com\/wp-content\/uploads\/peptydy-miedziowe.webp\" \/>\n\t<meta property=\"og:image:width\" content=\"619\" \/>\n\t<meta property=\"og:image:height\" content=\"619\" \/>\n\t<meta property=\"og:image:type\" content=\"image\/webp\" \/>\n<script type=\"application\/ld+json\" class=\"yoast-schema-graph\">{\"@context\":\"https:\\\/\\\/schema.org\",\"@graph\":[{\"@type\":\"WebPage\",\"@id\":\"https:\\\/\\\/naturalpoland.com\\\/es\\\/productos\\\/productos-para-la-industria-cosmetica\\\/materias-primas-para-cosmeticos\\\/peptidos-cobre\\\/\",\"url\":\"https:\\\/\\\/naturalpoland.com\\\/es\\\/productos\\\/productos-para-la-industria-cosmetica\\\/materias-primas-para-cosmeticos\\\/peptidos-cobre\\\/\",\"name\":\"P\u00e9ptidos de cobre - NATURAL POLAND - Distribuidor Mayorista de Materias Primas\",\"isPartOf\":{\"@id\":\"https:\\\/\\\/naturalpoland.com\\\/es\\\/#website\"},\"primaryImageOfPage\":{\"@id\":\"https:\\\/\\\/naturalpoland.com\\\/es\\\/productos\\\/productos-para-la-industria-cosmetica\\\/materias-primas-para-cosmeticos\\\/peptidos-cobre\\\/#primaryimage\"},\"image\":{\"@id\":\"https:\\\/\\\/naturalpoland.com\\\/es\\\/productos\\\/productos-para-la-industria-cosmetica\\\/materias-primas-para-cosmeticos\\\/peptidos-cobre\\\/#primaryimage\"},\"thumbnailUrl\":\"https:\\\/\\\/naturalpoland.com\\\/wp-content\\\/uploads\\\/peptydy-miedziowe.webp\",\"datePublished\":\"2023-03-20T15:11:39+00:00\",\"dateModified\":\"2024-10-10T13:33:56+00:00\",\"description\":\"Los p\u00e9ptidos de cobre GHK-Cu (INICI: Copper Tripeptide-1) son trip\u00e9ptidos presentes de forma natural en el cuerpo humano que muestran la capacidad de unirse al cobre.\",\"breadcrumb\":{\"@id\":\"https:\\\/\\\/naturalpoland.com\\\/es\\\/productos\\\/productos-para-la-industria-cosmetica\\\/materias-primas-para-cosmeticos\\\/peptidos-cobre\\\/#breadcrumb\"},\"inLanguage\":\"es\",\"potentialAction\":[{\"@type\":\"ReadAction\",\"target\":[\"https:\\\/\\\/naturalpoland.com\\\/es\\\/productos\\\/productos-para-la-industria-cosmetica\\\/materias-primas-para-cosmeticos\\\/peptidos-cobre\\\/\"]}]},{\"@type\":\"ImageObject\",\"inLanguage\":\"es\",\"@id\":\"https:\\\/\\\/naturalpoland.com\\\/es\\\/productos\\\/productos-para-la-industria-cosmetica\\\/materias-primas-para-cosmeticos\\\/peptidos-cobre\\\/#primaryimage\",\"url\":\"https:\\\/\\\/naturalpoland.com\\\/wp-content\\\/uploads\\\/peptydy-miedziowe.webp\",\"contentUrl\":\"https:\\\/\\\/naturalpoland.com\\\/wp-content\\\/uploads\\\/peptydy-miedziowe.webp\",\"width\":619,\"height\":619,\"caption\":\"peptydy miedziowe\"},{\"@type\":\"BreadcrumbList\",\"@id\":\"https:\\\/\\\/naturalpoland.com\\\/es\\\/productos\\\/productos-para-la-industria-cosmetica\\\/materias-primas-para-cosmeticos\\\/peptidos-cobre\\\/#breadcrumb\",\"itemListElement\":[{\"@type\":\"ListItem\",\"position\":1,\"name\":\"Inicio\",\"item\":\"https:\\\/\\\/naturalpoland.com\\\/es\\\/\"},{\"@type\":\"ListItem\",\"position\":2,\"name\":\"Productos\",\"item\":\"https:\\\/\\\/naturalpoland.com\\\/es\\\/productos\\\/\"},{\"@type\":\"ListItem\",\"position\":3,\"name\":\"P\u00e9ptidos de cobre\"}]},{\"@type\":\"WebSite\",\"@id\":\"https:\\\/\\\/naturalpoland.com\\\/es\\\/#website\",\"url\":\"https:\\\/\\\/naturalpoland.com\\\/es\\\/\",\"name\":\"NATURAL POLAND - Distribuidor Mayorista de Materias Primas\",\"description\":\"Surowce dla przemys\u0142u spo\u017cywczego, kosmetycznego i farmaceutycznego\",\"publisher\":{\"@id\":\"https:\\\/\\\/naturalpoland.com\\\/es\\\/#organization\"},\"potentialAction\":[{\"@type\":\"SearchAction\",\"target\":{\"@type\":\"EntryPoint\",\"urlTemplate\":\"https:\\\/\\\/naturalpoland.com\\\/es\\\/?s={search_term_string}\"},\"query-input\":{\"@type\":\"PropertyValueSpecification\",\"valueRequired\":true,\"valueName\":\"search_term_string\"}}],\"inLanguage\":\"es\"},{\"@type\":\"Organization\",\"@id\":\"https:\\\/\\\/naturalpoland.com\\\/es\\\/#organization\",\"name\":\"Natural Poland\",\"url\":\"https:\\\/\\\/naturalpoland.com\\\/es\\\/\",\"logo\":{\"@type\":\"ImageObject\",\"inLanguage\":\"es\",\"@id\":\"https:\\\/\\\/naturalpoland.com\\\/es\\\/#\\\/schema\\\/logo\\\/image\\\/\",\"url\":\"https:\\\/\\\/naturalpoland.com\\\/wp-content\\\/uploads\\\/2021\\\/05\\\/natural-poland-icon.png\",\"contentUrl\":\"https:\\\/\\\/naturalpoland.com\\\/wp-content\\\/uploads\\\/2021\\\/05\\\/natural-poland-icon.png\",\"width\":512,\"height\":512,\"caption\":\"Natural Poland\"},\"image\":{\"@id\":\"https:\\\/\\\/naturalpoland.com\\\/es\\\/#\\\/schema\\\/logo\\\/image\\\/\"},\"sameAs\":[\"https:\\\/\\\/www.facebook.com\\\/naturalpoland.b2b\",\"https:\\\/\\\/pl.linkedin.com\\\/company\\\/natural-poland\",\"https:\\\/\\\/www.youtube.com\\\/channel\\\/UCgeGGkvOMahZo-xu_MSEWxg\"]}]}<\/script>\n<!-- \/ Yoast SEO plugin. -->","yoast_head_json":{"title":"P\u00e9ptidos de cobre - NATURAL POLAND - Distribuidor Mayorista de Materias Primas","description":"Los p\u00e9ptidos de cobre GHK-Cu (INICI: Copper Tripeptide-1) son trip\u00e9ptidos presentes de forma natural en el cuerpo humano que muestran la capacidad de unirse al cobre.","robots":{"index":"index","follow":"follow","max-snippet":"max-snippet:-1","max-image-preview":"max-image-preview:large","max-video-preview":"max-video-preview:-1"},"canonical":"https:\/\/naturalpoland.com\/es\/productos\/productos-para-la-industria-cosmetica\/materias-primas-para-cosmeticos\/peptidos-cobre\/","og_locale":"es_ES","og_type":"article","og_title":"P\u00e9ptidos de cobre - NATURAL POLAND - Distribuidor Mayorista de Materias Primas","og_description":"Los p\u00e9ptidos de cobre GHK-Cu (INICI: Copper Tripeptide-1) son trip\u00e9ptidos presentes de forma natural en el cuerpo humano que muestran la capacidad de unirse al cobre.","og_url":"https:\/\/naturalpoland.com\/es\/productos\/productos-para-la-industria-cosmetica\/materias-primas-para-cosmeticos\/peptidos-cobre\/","og_site_name":"NATURAL POLAND - Distribuidor Mayorista de Materias Primas","article_publisher":"https:\/\/www.facebook.com\/naturalpoland.b2b","article_modified_time":"2024-10-10T13:33:56+00:00","og_image":[{"width":619,"height":619,"url":"https:\/\/naturalpoland.com\/wp-content\/uploads\/peptydy-miedziowe.webp","type":"image\/webp"}],"schema":{"@context":"https:\/\/schema.org","@graph":[{"@type":"WebPage","@id":"https:\/\/naturalpoland.com\/es\/productos\/productos-para-la-industria-cosmetica\/materias-primas-para-cosmeticos\/peptidos-cobre\/","url":"https:\/\/naturalpoland.com\/es\/productos\/productos-para-la-industria-cosmetica\/materias-primas-para-cosmeticos\/peptidos-cobre\/","name":"P\u00e9ptidos de cobre - NATURAL POLAND - Distribuidor Mayorista de Materias Primas","isPartOf":{"@id":"https:\/\/naturalpoland.com\/es\/#website"},"primaryImageOfPage":{"@id":"https:\/\/naturalpoland.com\/es\/productos\/productos-para-la-industria-cosmetica\/materias-primas-para-cosmeticos\/peptidos-cobre\/#primaryimage"},"image":{"@id":"https:\/\/naturalpoland.com\/es\/productos\/productos-para-la-industria-cosmetica\/materias-primas-para-cosmeticos\/peptidos-cobre\/#primaryimage"},"thumbnailUrl":"https:\/\/naturalpoland.com\/wp-content\/uploads\/peptydy-miedziowe.webp","datePublished":"2023-03-20T15:11:39+00:00","dateModified":"2024-10-10T13:33:56+00:00","description":"Los p\u00e9ptidos de cobre GHK-Cu (INICI: Copper Tripeptide-1) son trip\u00e9ptidos presentes de forma natural en el cuerpo humano que muestran la capacidad de unirse al cobre.","breadcrumb":{"@id":"https:\/\/naturalpoland.com\/es\/productos\/productos-para-la-industria-cosmetica\/materias-primas-para-cosmeticos\/peptidos-cobre\/#breadcrumb"},"inLanguage":"es","potentialAction":[{"@type":"ReadAction","target":["https:\/\/naturalpoland.com\/es\/productos\/productos-para-la-industria-cosmetica\/materias-primas-para-cosmeticos\/peptidos-cobre\/"]}]},{"@type":"ImageObject","inLanguage":"es","@id":"https:\/\/naturalpoland.com\/es\/productos\/productos-para-la-industria-cosmetica\/materias-primas-para-cosmeticos\/peptidos-cobre\/#primaryimage","url":"https:\/\/naturalpoland.com\/wp-content\/uploads\/peptydy-miedziowe.webp","contentUrl":"https:\/\/naturalpoland.com\/wp-content\/uploads\/peptydy-miedziowe.webp","width":619,"height":619,"caption":"peptydy miedziowe"},{"@type":"BreadcrumbList","@id":"https:\/\/naturalpoland.com\/es\/productos\/productos-para-la-industria-cosmetica\/materias-primas-para-cosmeticos\/peptidos-cobre\/#breadcrumb","itemListElement":[{"@type":"ListItem","position":1,"name":"Inicio","item":"https:\/\/naturalpoland.com\/es\/"},{"@type":"ListItem","position":2,"name":"Productos","item":"https:\/\/naturalpoland.com\/es\/productos\/"},{"@type":"ListItem","position":3,"name":"P\u00e9ptidos de cobre"}]},{"@type":"WebSite","@id":"https:\/\/naturalpoland.com\/es\/#website","url":"https:\/\/naturalpoland.com\/es\/","name":"NATURAL POLAND - Distribuidor Mayorista de Materias Primas","description":"Surowce dla przemys\u0142u spo\u017cywczego, kosmetycznego i farmaceutycznego","publisher":{"@id":"https:\/\/naturalpoland.com\/es\/#organization"},"potentialAction":[{"@type":"SearchAction","target":{"@type":"EntryPoint","urlTemplate":"https:\/\/naturalpoland.com\/es\/?s={search_term_string}"},"query-input":{"@type":"PropertyValueSpecification","valueRequired":true,"valueName":"search_term_string"}}],"inLanguage":"es"},{"@type":"Organization","@id":"https:\/\/naturalpoland.com\/es\/#organization","name":"Natural Poland","url":"https:\/\/naturalpoland.com\/es\/","logo":{"@type":"ImageObject","inLanguage":"es","@id":"https:\/\/naturalpoland.com\/es\/#\/schema\/logo\/image\/","url":"https:\/\/naturalpoland.com\/wp-content\/uploads\/2021\/05\/natural-poland-icon.png","contentUrl":"https:\/\/naturalpoland.com\/wp-content\/uploads\/2021\/05\/natural-poland-icon.png","width":512,"height":512,"caption":"Natural Poland"},"image":{"@id":"https:\/\/naturalpoland.com\/es\/#\/schema\/logo\/image\/"},"sameAs":["https:\/\/www.facebook.com\/naturalpoland.b2b","https:\/\/pl.linkedin.com\/company\/natural-poland","https:\/\/www.youtube.com\/channel\/UCgeGGkvOMahZo-xu_MSEWxg"]}]}},"_links":{"self":[{"href":"https:\/\/naturalpoland.com\/es\/wp-json\/wp\/v2\/product\/21207","targetHints":{"allow":["GET"]}}],"collection":[{"href":"https:\/\/naturalpoland.com\/es\/wp-json\/wp\/v2\/product"}],"about":[{"href":"https:\/\/naturalpoland.com\/es\/wp-json\/wp\/v2\/types\/product"}],"wp:featuredmedia":[{"embeddable":true,"href":"https:\/\/naturalpoland.com\/es\/wp-json\/wp\/v2\/media\/36460"}],"wp:attachment":[{"href":"https:\/\/naturalpoland.com\/es\/wp-json\/wp\/v2\/media?parent=21207"}],"wp:term":[{"taxonomy":"product_brand","embeddable":true,"href":"https:\/\/naturalpoland.com\/es\/wp-json\/wp\/v2\/product_brand?post=21207"},{"taxonomy":"product_cat","embeddable":true,"href":"https:\/\/naturalpoland.com\/es\/wp-json\/wp\/v2\/product_cat?post=21207"},{"taxonomy":"product_tag","embeddable":true,"href":"https:\/\/naturalpoland.com\/es\/wp-json\/wp\/v2\/product_tag?post=21207"}],"curies":[{"name":"wp","href":"https:\/\/api.w.org\/{rel}","templated":true}]}}