{"id":21213,"date":"2023-02-15T14:55:21","date_gmt":"2023-02-15T13:55:21","guid":{"rendered":"https:\/\/naturalpoland.pl\/produkty\/sin%20categor\u00eda\/macerado-de-ashwagandha-cereza-blanca\/"},"modified":"2025-11-03T14:16:03","modified_gmt":"2025-11-03T13:16:03","slug":"ashwagandha-white-cherry-macerat","status":"publish","type":"product","link":"https:\/\/naturalpoland.com\/es\/productos\/productos-para-la-industria-cosmetica\/macerados\/ashwagandha-white-cherry-macerat\/","title":{"rendered":"Macerado de ashwagandha"},"content":{"rendered":"<p>El macerado de ashwagandha se obtiene mediante el m\u00e9todo de maceraci\u00f3n. La base oleosa es aceite de coco fraccionado (Caprylic\/Capric Triglyceride), valorado por su consistencia ligera, estabilidad y excelente biocompatibilidad con la piel. <\/p>\n<p>Este macerado se caracteriza por un color marr\u00f3n claro, ligeramente turbio y un aroma natural caracter\u00edstico. Es rico en \u00e1cidos grasos C8:0 (capr\u00edlico) y C10:0 (c\u00e1prico).  La composici\u00f3n qu\u00edmica \u00fanica, que incluye. vitanolides, glycovitanolides y vitanosides, que raramente se encuentran en otras plantas, hace que sea uno de los adapt\u00f3genos m\u00e1s populares &#8211; sustancias vegetales con el efecto de proteger el cuerpo de los efectos negativos del estr\u00e9s.<\/p>\n<h2>Aplicaciones y propiedades<\/h2>\n<p>El macerado de ashwagandha ayuda al organismo a combatir el estr\u00e9s y la fatiga, mejora la inmunidad, la concentraci\u00f3n, la calidad del sue\u00f1o y el rendimiento f\u00edsico y mental general. Gracias a su contenido en witan\u00f3lidos y witan\u00f3sidos, se utiliza en complementos alimenticios destinados a personas que viven bajo tensi\u00f3n constante y buscan un apoyo natural para el sistema nervioso. <\/p>\n<p>En cosm\u00e9tica, funciona perfectamente en aceites de masaje, cosm\u00e9ticos antienvejecimiento y productos regeneradores. Tiene una acci\u00f3n nutritiva, antioxidante y calmante, ayudando en el cuidado de la piel madura, seca y fatigada. Gracias al aceite MCT, se absorbe r\u00e1pidamente sin dejar una capa grasa, lo que lo convierte en un ingrediente vers\u00e1til para cremas, b\u00e1lsamos, mascarillas y cosm\u00e9ticos de SPA y aromaterapia.  <\/p>\n<h2>Perfil de \u00e1cidos grasos:<\/h2>\n<table>\n<tbody>\n<tr>\n<td>NOMBRE DEL \u00c1CIDO<\/td>\n<td>CADENA-C<\/td>\n<td>RANGO %<\/td>\n<\/tr>\n<tr>\n<td>CAPROICO<\/td>\n<td>C6:0<\/td>\n<td>&lt;2,0<\/td>\n<\/tr>\n<tr>\n<td>CAPR\u00cdLICO<\/td>\n<td>C8:0<\/td>\n<td>50,0 \u2013 80,0<\/td>\n<\/tr>\n<tr>\n<td>C\u00c1PRICO<\/td>\n<td>C10:0<\/td>\n<td>20,0 \u2013 50,0<\/td>\n<\/tr>\n<tr>\n<td>L\u00c1URICO<\/td>\n<td>C12:0<\/td>\n<td>&lt;3,0<\/td>\n<\/tr>\n<\/tbody>\n<\/table>\n","protected":false},"excerpt":{"rendered":"<p>El <strong>macerado de ashwagandha<\/strong> (<em><strong>Withania somnifera<\/strong><\/em>) con base de aceite de coco MCT combina las propiedades de uno de los adapt\u00f3genos ayurv\u00e9dicos m\u00e1s importantes con los beneficios de los triglic\u00e9ridos de cadena media.<\/p>\n","protected":false},"featured_media":20863,"template":"","meta":[],"product_brand":[],"product_cat":[1071,1062],"product_tag":[],"class_list":{"0":"post-21213","1":"product","2":"type-product","3":"status-publish","4":"has-post-thumbnail","6":"product_cat-macerados","7":"product_cat-materias-primas-para-la-produccion","8":"pa_metoda-pozyskiwania-maceracion","10":"first","11":"instock","12":"shipping-taxable","13":"product-type-simple"},"yoast_head":"<!-- This site is optimized with the Yoast SEO plugin v27.3 - https:\/\/yoast.com\/product\/yoast-seo-wordpress\/ -->\n<title>Macerado de ashwagandha - Distribuidor mayorista<\/title>\n<meta name=\"description\" content=\"El macerado de ashwagandha es uno de los medicamentos m\u00e1s importantes del creciente inter\u00e9s por la medicina tradicional ayurv\u00e9dica.\" \/>\n<meta name=\"robots\" content=\"index, follow, max-snippet:-1, max-image-preview:large, max-video-preview:-1\" \/>\n<link rel=\"canonical\" href=\"https:\/\/naturalpoland.com\/es\/productos\/productos-para-la-industria-cosmetica\/macerados\/ashwagandha-white-cherry-macerat\/\" \/>\n<meta property=\"og:locale\" content=\"es_ES\" \/>\n<meta property=\"og:type\" content=\"article\" \/>\n<meta property=\"og:title\" content=\"Macerado de ashwagandha - Distribuidor mayorista\" \/>\n<meta property=\"og:description\" content=\"El macerado de ashwagandha es uno de los medicamentos m\u00e1s importantes del creciente inter\u00e9s por la medicina tradicional ayurv\u00e9dica.\" \/>\n<meta property=\"og:url\" content=\"https:\/\/naturalpoland.com\/es\/productos\/productos-para-la-industria-cosmetica\/macerados\/ashwagandha-white-cherry-macerat\/\" \/>\n<meta property=\"og:site_name\" content=\"NATURAL POLAND - Distribuidor Mayorista de Materias Primas\" \/>\n<meta property=\"article:publisher\" content=\"https:\/\/www.facebook.com\/naturalpoland.b2b\" \/>\n<meta property=\"article:modified_time\" content=\"2025-11-03T13:16:03+00:00\" \/>\n<meta property=\"og:image\" content=\"https:\/\/naturalpoland.com\/wp-content\/uploads\/Ashwagandha-White-Cherry\u2013-macerat.jpg\" \/>\n\t<meta property=\"og:image:width\" content=\"600\" \/>\n\t<meta property=\"og:image:height\" content=\"600\" \/>\n\t<meta property=\"og:image:type\" content=\"image\/jpeg\" \/>\n<script type=\"application\/ld+json\" class=\"yoast-schema-graph\">{\"@context\":\"https:\\\/\\\/schema.org\",\"@graph\":[{\"@type\":\"WebPage\",\"@id\":\"https:\\\/\\\/naturalpoland.com\\\/es\\\/productos\\\/productos-para-la-industria-cosmetica\\\/macerados\\\/ashwagandha-white-cherry-macerat\\\/\",\"url\":\"https:\\\/\\\/naturalpoland.com\\\/es\\\/productos\\\/productos-para-la-industria-cosmetica\\\/macerados\\\/ashwagandha-white-cherry-macerat\\\/\",\"name\":\"Macerado de ashwagandha - Distribuidor mayorista\",\"isPartOf\":{\"@id\":\"https:\\\/\\\/naturalpoland.com\\\/es\\\/#website\"},\"primaryImageOfPage\":{\"@id\":\"https:\\\/\\\/naturalpoland.com\\\/es\\\/productos\\\/productos-para-la-industria-cosmetica\\\/macerados\\\/ashwagandha-white-cherry-macerat\\\/#primaryimage\"},\"image\":{\"@id\":\"https:\\\/\\\/naturalpoland.com\\\/es\\\/productos\\\/productos-para-la-industria-cosmetica\\\/macerados\\\/ashwagandha-white-cherry-macerat\\\/#primaryimage\"},\"thumbnailUrl\":\"https:\\\/\\\/naturalpoland.com\\\/wp-content\\\/uploads\\\/Ashwagandha-White-Cherry\u2013-macerat.jpg\",\"datePublished\":\"2023-02-15T13:55:21+00:00\",\"dateModified\":\"2025-11-03T13:16:03+00:00\",\"description\":\"El macerado de ashwagandha es uno de los medicamentos m\u00e1s importantes del creciente inter\u00e9s por la medicina tradicional ayurv\u00e9dica.\",\"breadcrumb\":{\"@id\":\"https:\\\/\\\/naturalpoland.com\\\/es\\\/productos\\\/productos-para-la-industria-cosmetica\\\/macerados\\\/ashwagandha-white-cherry-macerat\\\/#breadcrumb\"},\"inLanguage\":\"es\",\"potentialAction\":[{\"@type\":\"ReadAction\",\"target\":[\"https:\\\/\\\/naturalpoland.com\\\/es\\\/productos\\\/productos-para-la-industria-cosmetica\\\/macerados\\\/ashwagandha-white-cherry-macerat\\\/\"]}]},{\"@type\":\"ImageObject\",\"inLanguage\":\"es\",\"@id\":\"https:\\\/\\\/naturalpoland.com\\\/es\\\/productos\\\/productos-para-la-industria-cosmetica\\\/macerados\\\/ashwagandha-white-cherry-macerat\\\/#primaryimage\",\"url\":\"https:\\\/\\\/naturalpoland.com\\\/wp-content\\\/uploads\\\/Ashwagandha-White-Cherry\u2013-macerat.jpg\",\"contentUrl\":\"https:\\\/\\\/naturalpoland.com\\\/wp-content\\\/uploads\\\/Ashwagandha-White-Cherry\u2013-macerat.jpg\",\"width\":600,\"height\":600,\"caption\":\"Macerado de Ashwagandha (cereza blanca)\"},{\"@type\":\"BreadcrumbList\",\"@id\":\"https:\\\/\\\/naturalpoland.com\\\/es\\\/productos\\\/productos-para-la-industria-cosmetica\\\/macerados\\\/ashwagandha-white-cherry-macerat\\\/#breadcrumb\",\"itemListElement\":[{\"@type\":\"ListItem\",\"position\":1,\"name\":\"Inicio\",\"item\":\"https:\\\/\\\/naturalpoland.com\\\/es\\\/\"},{\"@type\":\"ListItem\",\"position\":2,\"name\":\"Productos\",\"item\":\"https:\\\/\\\/naturalpoland.com\\\/es\\\/productos\\\/\"},{\"@type\":\"ListItem\",\"position\":3,\"name\":\"Macerado de ashwagandha\"}]},{\"@type\":\"WebSite\",\"@id\":\"https:\\\/\\\/naturalpoland.com\\\/es\\\/#website\",\"url\":\"https:\\\/\\\/naturalpoland.com\\\/es\\\/\",\"name\":\"NATURAL POLAND - Distribuidor Mayorista de Materias Primas\",\"description\":\"Surowce dla przemys\u0142u spo\u017cywczego, kosmetycznego i farmaceutycznego\",\"publisher\":{\"@id\":\"https:\\\/\\\/naturalpoland.com\\\/es\\\/#organization\"},\"potentialAction\":[{\"@type\":\"SearchAction\",\"target\":{\"@type\":\"EntryPoint\",\"urlTemplate\":\"https:\\\/\\\/naturalpoland.com\\\/es\\\/?s={search_term_string}\"},\"query-input\":{\"@type\":\"PropertyValueSpecification\",\"valueRequired\":true,\"valueName\":\"search_term_string\"}}],\"inLanguage\":\"es\"},{\"@type\":\"Organization\",\"@id\":\"https:\\\/\\\/naturalpoland.com\\\/es\\\/#organization\",\"name\":\"Natural Poland\",\"url\":\"https:\\\/\\\/naturalpoland.com\\\/es\\\/\",\"logo\":{\"@type\":\"ImageObject\",\"inLanguage\":\"es\",\"@id\":\"https:\\\/\\\/naturalpoland.com\\\/es\\\/#\\\/schema\\\/logo\\\/image\\\/\",\"url\":\"https:\\\/\\\/naturalpoland.com\\\/wp-content\\\/uploads\\\/2021\\\/05\\\/natural-poland-icon.png\",\"contentUrl\":\"https:\\\/\\\/naturalpoland.com\\\/wp-content\\\/uploads\\\/2021\\\/05\\\/natural-poland-icon.png\",\"width\":512,\"height\":512,\"caption\":\"Natural Poland\"},\"image\":{\"@id\":\"https:\\\/\\\/naturalpoland.com\\\/es\\\/#\\\/schema\\\/logo\\\/image\\\/\"},\"sameAs\":[\"https:\\\/\\\/www.facebook.com\\\/naturalpoland.b2b\",\"https:\\\/\\\/pl.linkedin.com\\\/company\\\/natural-poland\",\"https:\\\/\\\/www.youtube.com\\\/channel\\\/UCgeGGkvOMahZo-xu_MSEWxg\"]}]}<\/script>\n<!-- \/ Yoast SEO plugin. -->","yoast_head_json":{"title":"Macerado de ashwagandha - Distribuidor mayorista","description":"El macerado de ashwagandha es uno de los medicamentos m\u00e1s importantes del creciente inter\u00e9s por la medicina tradicional ayurv\u00e9dica.","robots":{"index":"index","follow":"follow","max-snippet":"max-snippet:-1","max-image-preview":"max-image-preview:large","max-video-preview":"max-video-preview:-1"},"canonical":"https:\/\/naturalpoland.com\/es\/productos\/productos-para-la-industria-cosmetica\/macerados\/ashwagandha-white-cherry-macerat\/","og_locale":"es_ES","og_type":"article","og_title":"Macerado de ashwagandha - Distribuidor mayorista","og_description":"El macerado de ashwagandha es uno de los medicamentos m\u00e1s importantes del creciente inter\u00e9s por la medicina tradicional ayurv\u00e9dica.","og_url":"https:\/\/naturalpoland.com\/es\/productos\/productos-para-la-industria-cosmetica\/macerados\/ashwagandha-white-cherry-macerat\/","og_site_name":"NATURAL POLAND - Distribuidor Mayorista de Materias Primas","article_publisher":"https:\/\/www.facebook.com\/naturalpoland.b2b","article_modified_time":"2025-11-03T13:16:03+00:00","og_image":[{"width":600,"height":600,"url":"https:\/\/naturalpoland.com\/wp-content\/uploads\/Ashwagandha-White-Cherry\u2013-macerat.jpg","type":"image\/jpeg"}],"schema":{"@context":"https:\/\/schema.org","@graph":[{"@type":"WebPage","@id":"https:\/\/naturalpoland.com\/es\/productos\/productos-para-la-industria-cosmetica\/macerados\/ashwagandha-white-cherry-macerat\/","url":"https:\/\/naturalpoland.com\/es\/productos\/productos-para-la-industria-cosmetica\/macerados\/ashwagandha-white-cherry-macerat\/","name":"Macerado de ashwagandha - Distribuidor mayorista","isPartOf":{"@id":"https:\/\/naturalpoland.com\/es\/#website"},"primaryImageOfPage":{"@id":"https:\/\/naturalpoland.com\/es\/productos\/productos-para-la-industria-cosmetica\/macerados\/ashwagandha-white-cherry-macerat\/#primaryimage"},"image":{"@id":"https:\/\/naturalpoland.com\/es\/productos\/productos-para-la-industria-cosmetica\/macerados\/ashwagandha-white-cherry-macerat\/#primaryimage"},"thumbnailUrl":"https:\/\/naturalpoland.com\/wp-content\/uploads\/Ashwagandha-White-Cherry\u2013-macerat.jpg","datePublished":"2023-02-15T13:55:21+00:00","dateModified":"2025-11-03T13:16:03+00:00","description":"El macerado de ashwagandha es uno de los medicamentos m\u00e1s importantes del creciente inter\u00e9s por la medicina tradicional ayurv\u00e9dica.","breadcrumb":{"@id":"https:\/\/naturalpoland.com\/es\/productos\/productos-para-la-industria-cosmetica\/macerados\/ashwagandha-white-cherry-macerat\/#breadcrumb"},"inLanguage":"es","potentialAction":[{"@type":"ReadAction","target":["https:\/\/naturalpoland.com\/es\/productos\/productos-para-la-industria-cosmetica\/macerados\/ashwagandha-white-cherry-macerat\/"]}]},{"@type":"ImageObject","inLanguage":"es","@id":"https:\/\/naturalpoland.com\/es\/productos\/productos-para-la-industria-cosmetica\/macerados\/ashwagandha-white-cherry-macerat\/#primaryimage","url":"https:\/\/naturalpoland.com\/wp-content\/uploads\/Ashwagandha-White-Cherry\u2013-macerat.jpg","contentUrl":"https:\/\/naturalpoland.com\/wp-content\/uploads\/Ashwagandha-White-Cherry\u2013-macerat.jpg","width":600,"height":600,"caption":"Macerado de Ashwagandha (cereza blanca)"},{"@type":"BreadcrumbList","@id":"https:\/\/naturalpoland.com\/es\/productos\/productos-para-la-industria-cosmetica\/macerados\/ashwagandha-white-cherry-macerat\/#breadcrumb","itemListElement":[{"@type":"ListItem","position":1,"name":"Inicio","item":"https:\/\/naturalpoland.com\/es\/"},{"@type":"ListItem","position":2,"name":"Productos","item":"https:\/\/naturalpoland.com\/es\/productos\/"},{"@type":"ListItem","position":3,"name":"Macerado de ashwagandha"}]},{"@type":"WebSite","@id":"https:\/\/naturalpoland.com\/es\/#website","url":"https:\/\/naturalpoland.com\/es\/","name":"NATURAL POLAND - Distribuidor Mayorista de Materias Primas","description":"Surowce dla przemys\u0142u spo\u017cywczego, kosmetycznego i farmaceutycznego","publisher":{"@id":"https:\/\/naturalpoland.com\/es\/#organization"},"potentialAction":[{"@type":"SearchAction","target":{"@type":"EntryPoint","urlTemplate":"https:\/\/naturalpoland.com\/es\/?s={search_term_string}"},"query-input":{"@type":"PropertyValueSpecification","valueRequired":true,"valueName":"search_term_string"}}],"inLanguage":"es"},{"@type":"Organization","@id":"https:\/\/naturalpoland.com\/es\/#organization","name":"Natural Poland","url":"https:\/\/naturalpoland.com\/es\/","logo":{"@type":"ImageObject","inLanguage":"es","@id":"https:\/\/naturalpoland.com\/es\/#\/schema\/logo\/image\/","url":"https:\/\/naturalpoland.com\/wp-content\/uploads\/2021\/05\/natural-poland-icon.png","contentUrl":"https:\/\/naturalpoland.com\/wp-content\/uploads\/2021\/05\/natural-poland-icon.png","width":512,"height":512,"caption":"Natural Poland"},"image":{"@id":"https:\/\/naturalpoland.com\/es\/#\/schema\/logo\/image\/"},"sameAs":["https:\/\/www.facebook.com\/naturalpoland.b2b","https:\/\/pl.linkedin.com\/company\/natural-poland","https:\/\/www.youtube.com\/channel\/UCgeGGkvOMahZo-xu_MSEWxg"]}]}},"_links":{"self":[{"href":"https:\/\/naturalpoland.com\/es\/wp-json\/wp\/v2\/product\/21213","targetHints":{"allow":["GET"]}}],"collection":[{"href":"https:\/\/naturalpoland.com\/es\/wp-json\/wp\/v2\/product"}],"about":[{"href":"https:\/\/naturalpoland.com\/es\/wp-json\/wp\/v2\/types\/product"}],"wp:featuredmedia":[{"embeddable":true,"href":"https:\/\/naturalpoland.com\/es\/wp-json\/wp\/v2\/media\/20863"}],"wp:attachment":[{"href":"https:\/\/naturalpoland.com\/es\/wp-json\/wp\/v2\/media?parent=21213"}],"wp:term":[{"taxonomy":"product_brand","embeddable":true,"href":"https:\/\/naturalpoland.com\/es\/wp-json\/wp\/v2\/product_brand?post=21213"},{"taxonomy":"product_cat","embeddable":true,"href":"https:\/\/naturalpoland.com\/es\/wp-json\/wp\/v2\/product_cat?post=21213"},{"taxonomy":"product_tag","embeddable":true,"href":"https:\/\/naturalpoland.com\/es\/wp-json\/wp\/v2\/product_tag?post=21213"}],"curies":[{"name":"wp","href":"https:\/\/api.w.org\/{rel}","templated":true}]}}