{"id":21215,"date":"2023-02-15T15:04:34","date_gmt":"2023-03-24T08:34:16","guid":{"rendered":"https:\/\/naturalpoland.pl\/produkty\/sin categor\u00eda\/tremella-fuciformis-tembladera-macerado\/"},"modified":"2023-03-24T09:34:16","modified_gmt":"2023-03-24T08:34:16","slug":"hongo-tremella-tremella-fuciformis-hongo-tremella-fuciformis-macerat","status":"publish","type":"product","link":"https:\/\/naturalpoland.com\/es\/productos\/productos-para-la-industria-farmaceutica-y-medica\/aditivos-para-complementos-alimenticios\/hongo-tremella-tremella-fuciformis-hongo-tremella-fuciformis-macerat\/","title":{"rendered":"Tremella fuciformis, tembladera &#8211; macerado"},"content":{"rendered":"<p>Por su agradable sabor y aroma, la seta tremella se utiliza a veces como ingrediente en diversos platos y postres. Sin embargo, desde el punto de vista de la industria diet\u00e9tica y farmac\u00e9utica, lo m\u00e1s importante es la fracci\u00f3n de polisac\u00e1ridos extra\u00edda, formada por xilosa, manosa y \u00e1cido glucur\u00f3nico unidos por un enlace \u03b1-1,3-glicos\u00eddico, con cadenas laterales formadas por galactosa, arabinosa y peque\u00f1as cantidades de fucosa.<\/p>\n<p>El macerado que se obtiene de ella es conocido en cosm\u00e9tica como <strong>sustituto natural del <a href=\"https:\/\/naturalpoland.pl\/es\/productos\/productos-para-la-industria-farmaceutica-y-medica\/aditivos-para-complementos-alimenticios\/acido-hialuronico\/\">\u00e1cido hialur\u00f3nico<\/a><\/strong>, ya que posee fuertes propiedades hidratantes y antienvejecimiento.<\/p>\n<p>Por otra parte, en medicamentos y suplementos diet\u00e9ticos se aprecian las propiedades adapt\u00f3genas del temblor de mar, que protege al organismo de los efectos negativos del estr\u00e9s y favorece la concentraci\u00f3n y la memoria. Tambi\u00e9n se sabe que es ampliamente beneficioso en la prevenci\u00f3n de enfermedades de la civilizaci\u00f3n. Las sustancias contenidas en el extracto reducen los niveles de glucosa y colesterol en sangre, favorecen la desintoxicaci\u00f3n del organismo y contribuyen al funcionamiento normal del intestino.<\/p>\n","protected":false},"excerpt":{"rendered":"<p>El hongo tremella, tambi\u00e9n conocido como <em>Tremella fuciformis<\/em> o <em>tremella fuciformis<\/em>, es un material vegetal de origen asi\u00e1tico utilizado en la medicina tradicional china. Gracias a su acci\u00f3n multidireccional, puede utilizarse tanto en la <strong><br \/>\n  <a href=\"\/kategoria\/produkty-dla-przemyslu-kosmetycznego\/\">industria cosm\u00e9tica<\/a><br \/>\n<\/strong>como en la <strong><br \/>\n  <a href=\"\/kategoria\/produkty-dla-przemyslu-spozywczego\/\">industria alimentaria<\/a><br \/>\n<\/strong> i <strong><br \/>\n  <a href=\"\/kategoria\/produkty-dla-przemyslu-farmaceutycznego-i-medycznego\/\">industria farmac\u00e9utica<\/a><br \/>\n<\/strong>.<\/p>\n","protected":false},"featured_media":20874,"template":"","meta":{"_acf_changed":false},"product_brand":[],"product_cat":[1076,1071,1062],"product_tag":[],"class_list":{"0":"post-21215","1":"product","2":"type-product","3":"status-publish","4":"has-post-thumbnail","6":"product_cat-aditivos-para-complementos-alimenticios","7":"product_cat-macerados","8":"product_cat-materias-primas-para-la-produccion","10":"first","11":"instock","12":"shipping-taxable","13":"product-type-simple"},"acf":[],"yoast_head":"<!-- This site is optimized with the Yoast SEO plugin v27.4 - https:\/\/yoast.com\/product\/yoast-seo-wordpress\/ -->\n<title>Tremella fuciformis, tembladera - macerado - Distribuidor mayorista<\/title>\n<meta name=\"robots\" content=\"index, follow, max-snippet:-1, max-image-preview:large, max-video-preview:-1\" \/>\n<link rel=\"canonical\" href=\"https:\/\/naturalpoland.com\/es\/productos\/productos-para-la-industria-farmaceutica-y-medica\/aditivos-para-complementos-alimenticios\/hongo-tremella-tremella-fuciformis-hongo-tremella-fuciformis-macerat\/\" \/>\n<meta property=\"og:locale\" content=\"es_ES\" \/>\n<meta property=\"og:type\" content=\"article\" \/>\n<meta property=\"og:title\" content=\"Tremella fuciformis, tembladera - macerado - Distribuidor mayorista\" \/>\n<meta property=\"og:description\" content=\"El hongo tremella, tambi\u00e9n conocido como Tremella fuciformis o tremella fuciformis, es un material vegetal de origen asi\u00e1tico utilizado en la medicina tradicional china. Gracias a su acci\u00f3n multidireccional, puede utilizarse tanto en la  industria cosm\u00e9tica como en la  industria alimentaria i  industria farmac\u00e9utica .\" \/>\n<meta property=\"og:url\" content=\"https:\/\/naturalpoland.com\/es\/productos\/productos-para-la-industria-farmaceutica-y-medica\/aditivos-para-complementos-alimenticios\/hongo-tremella-tremella-fuciformis-hongo-tremella-fuciformis-macerat\/\" \/>\n<meta property=\"og:site_name\" content=\"NATURAL POLAND - Distribuidor Mayorista de Materias Primas\" \/>\n<meta property=\"article:publisher\" content=\"https:\/\/www.facebook.com\/naturalpoland.b2b\" \/>\n<meta property=\"og:image\" content=\"https:\/\/naturalpoland.com\/wp-content\/uploads\/Grzyb-tremella-Tremella-fuciformis-trzesak-morszczynowaty-macerat.jpg\" \/>\n\t<meta property=\"og:image:width\" content=\"600\" \/>\n\t<meta property=\"og:image:height\" content=\"600\" \/>\n\t<meta property=\"og:image:type\" content=\"image\/jpeg\" \/>\n<script type=\"application\/ld+json\" class=\"yoast-schema-graph\">{\"@context\":\"https:\\\/\\\/schema.org\",\"@graph\":[{\"@type\":\"WebPage\",\"@id\":\"https:\\\/\\\/naturalpoland.com\\\/es\\\/productos\\\/productos-para-la-industria-farmaceutica-y-medica\\\/aditivos-para-complementos-alimenticios\\\/hongo-tremella-tremella-fuciformis-hongo-tremella-fuciformis-macerat\\\/\",\"url\":\"https:\\\/\\\/naturalpoland.com\\\/es\\\/productos\\\/productos-para-la-industria-farmaceutica-y-medica\\\/aditivos-para-complementos-alimenticios\\\/hongo-tremella-tremella-fuciformis-hongo-tremella-fuciformis-macerat\\\/\",\"name\":\"Tremella fuciformis, tembladera - macerado - Distribuidor mayorista\",\"isPartOf\":{\"@id\":\"https:\\\/\\\/naturalpoland.com\\\/es\\\/#website\"},\"primaryImageOfPage\":{\"@id\":\"https:\\\/\\\/naturalpoland.com\\\/es\\\/productos\\\/productos-para-la-industria-farmaceutica-y-medica\\\/aditivos-para-complementos-alimenticios\\\/hongo-tremella-tremella-fuciformis-hongo-tremella-fuciformis-macerat\\\/#primaryimage\"},\"image\":{\"@id\":\"https:\\\/\\\/naturalpoland.com\\\/es\\\/productos\\\/productos-para-la-industria-farmaceutica-y-medica\\\/aditivos-para-complementos-alimenticios\\\/hongo-tremella-tremella-fuciformis-hongo-tremella-fuciformis-macerat\\\/#primaryimage\"},\"thumbnailUrl\":\"https:\\\/\\\/naturalpoland.com\\\/wp-content\\\/uploads\\\/Grzyb-tremella-Tremella-fuciformis-trzesak-morszczynowaty-macerat.jpg\",\"datePublished\":\"2023-03-24T08:34:16+00:00\",\"breadcrumb\":{\"@id\":\"https:\\\/\\\/naturalpoland.com\\\/es\\\/productos\\\/productos-para-la-industria-farmaceutica-y-medica\\\/aditivos-para-complementos-alimenticios\\\/hongo-tremella-tremella-fuciformis-hongo-tremella-fuciformis-macerat\\\/#breadcrumb\"},\"inLanguage\":\"es\",\"potentialAction\":[{\"@type\":\"ReadAction\",\"target\":[\"https:\\\/\\\/naturalpoland.com\\\/es\\\/productos\\\/productos-para-la-industria-farmaceutica-y-medica\\\/aditivos-para-complementos-alimenticios\\\/hongo-tremella-tremella-fuciformis-hongo-tremella-fuciformis-macerat\\\/\"]}]},{\"@type\":\"ImageObject\",\"inLanguage\":\"es\",\"@id\":\"https:\\\/\\\/naturalpoland.com\\\/es\\\/productos\\\/productos-para-la-industria-farmaceutica-y-medica\\\/aditivos-para-complementos-alimenticios\\\/hongo-tremella-tremella-fuciformis-hongo-tremella-fuciformis-macerat\\\/#primaryimage\",\"url\":\"https:\\\/\\\/naturalpoland.com\\\/wp-content\\\/uploads\\\/Grzyb-tremella-Tremella-fuciformis-trzesak-morszczynowaty-macerat.jpg\",\"contentUrl\":\"https:\\\/\\\/naturalpoland.com\\\/wp-content\\\/uploads\\\/Grzyb-tremella-Tremella-fuciformis-trzesak-morszczynowaty-macerat.jpg\",\"width\":600,\"height\":600,\"caption\":\"Tremella fuciformis, tembladera - macerado\"},{\"@type\":\"BreadcrumbList\",\"@id\":\"https:\\\/\\\/naturalpoland.com\\\/es\\\/productos\\\/productos-para-la-industria-farmaceutica-y-medica\\\/aditivos-para-complementos-alimenticios\\\/hongo-tremella-tremella-fuciformis-hongo-tremella-fuciformis-macerat\\\/#breadcrumb\",\"itemListElement\":[{\"@type\":\"ListItem\",\"position\":1,\"name\":\"Inicio\",\"item\":\"https:\\\/\\\/naturalpoland.com\\\/es\\\/\"},{\"@type\":\"ListItem\",\"position\":2,\"name\":\"Productos\",\"item\":\"https:\\\/\\\/naturalpoland.com\\\/es\\\/productos\\\/\"},{\"@type\":\"ListItem\",\"position\":3,\"name\":\"Tremella fuciformis, tembladera &#8211; macerado\"}]},{\"@type\":\"WebSite\",\"@id\":\"https:\\\/\\\/naturalpoland.com\\\/es\\\/#website\",\"url\":\"https:\\\/\\\/naturalpoland.com\\\/es\\\/\",\"name\":\"NATURAL POLAND - Distribuidor Mayorista de Materias Primas\",\"description\":\"Surowce dla przemys\u0142u spo\u017cywczego, kosmetycznego i farmaceutycznego\",\"publisher\":{\"@id\":\"https:\\\/\\\/naturalpoland.com\\\/es\\\/#organization\"},\"potentialAction\":[{\"@type\":\"SearchAction\",\"target\":{\"@type\":\"EntryPoint\",\"urlTemplate\":\"https:\\\/\\\/naturalpoland.com\\\/es\\\/?s={search_term_string}\"},\"query-input\":{\"@type\":\"PropertyValueSpecification\",\"valueRequired\":true,\"valueName\":\"search_term_string\"}}],\"inLanguage\":\"es\"},{\"@type\":\"Organization\",\"@id\":\"https:\\\/\\\/naturalpoland.com\\\/es\\\/#organization\",\"name\":\"Natural Poland\",\"url\":\"https:\\\/\\\/naturalpoland.com\\\/es\\\/\",\"logo\":{\"@type\":\"ImageObject\",\"inLanguage\":\"es\",\"@id\":\"https:\\\/\\\/naturalpoland.com\\\/es\\\/#\\\/schema\\\/logo\\\/image\\\/\",\"url\":\"https:\\\/\\\/naturalpoland.com\\\/wp-content\\\/uploads\\\/2021\\\/05\\\/natural-poland-icon.png\",\"contentUrl\":\"https:\\\/\\\/naturalpoland.com\\\/wp-content\\\/uploads\\\/2021\\\/05\\\/natural-poland-icon.png\",\"width\":512,\"height\":512,\"caption\":\"Natural Poland\"},\"image\":{\"@id\":\"https:\\\/\\\/naturalpoland.com\\\/es\\\/#\\\/schema\\\/logo\\\/image\\\/\"},\"sameAs\":[\"https:\\\/\\\/www.facebook.com\\\/naturalpoland.b2b\",\"https:\\\/\\\/pl.linkedin.com\\\/company\\\/natural-poland\",\"https:\\\/\\\/www.youtube.com\\\/channel\\\/UCgeGGkvOMahZo-xu_MSEWxg\"]}]}<\/script>\n<!-- \/ Yoast SEO plugin. -->","yoast_head_json":{"title":"Tremella fuciformis, tembladera - macerado - Distribuidor mayorista","robots":{"index":"index","follow":"follow","max-snippet":"max-snippet:-1","max-image-preview":"max-image-preview:large","max-video-preview":"max-video-preview:-1"},"canonical":"https:\/\/naturalpoland.com\/es\/productos\/productos-para-la-industria-farmaceutica-y-medica\/aditivos-para-complementos-alimenticios\/hongo-tremella-tremella-fuciformis-hongo-tremella-fuciformis-macerat\/","og_locale":"es_ES","og_type":"article","og_title":"Tremella fuciformis, tembladera - macerado - Distribuidor mayorista","og_description":"El hongo tremella, tambi\u00e9n conocido como Tremella fuciformis o tremella fuciformis, es un material vegetal de origen asi\u00e1tico utilizado en la medicina tradicional china. Gracias a su acci\u00f3n multidireccional, puede utilizarse tanto en la  industria cosm\u00e9tica como en la  industria alimentaria i  industria farmac\u00e9utica .","og_url":"https:\/\/naturalpoland.com\/es\/productos\/productos-para-la-industria-farmaceutica-y-medica\/aditivos-para-complementos-alimenticios\/hongo-tremella-tremella-fuciformis-hongo-tremella-fuciformis-macerat\/","og_site_name":"NATURAL POLAND - Distribuidor Mayorista de Materias Primas","article_publisher":"https:\/\/www.facebook.com\/naturalpoland.b2b","og_image":[{"width":600,"height":600,"url":"https:\/\/naturalpoland.com\/wp-content\/uploads\/Grzyb-tremella-Tremella-fuciformis-trzesak-morszczynowaty-macerat.jpg","type":"image\/jpeg"}],"schema":{"@context":"https:\/\/schema.org","@graph":[{"@type":"WebPage","@id":"https:\/\/naturalpoland.com\/es\/productos\/productos-para-la-industria-farmaceutica-y-medica\/aditivos-para-complementos-alimenticios\/hongo-tremella-tremella-fuciformis-hongo-tremella-fuciformis-macerat\/","url":"https:\/\/naturalpoland.com\/es\/productos\/productos-para-la-industria-farmaceutica-y-medica\/aditivos-para-complementos-alimenticios\/hongo-tremella-tremella-fuciformis-hongo-tremella-fuciformis-macerat\/","name":"Tremella fuciformis, tembladera - macerado - Distribuidor mayorista","isPartOf":{"@id":"https:\/\/naturalpoland.com\/es\/#website"},"primaryImageOfPage":{"@id":"https:\/\/naturalpoland.com\/es\/productos\/productos-para-la-industria-farmaceutica-y-medica\/aditivos-para-complementos-alimenticios\/hongo-tremella-tremella-fuciformis-hongo-tremella-fuciformis-macerat\/#primaryimage"},"image":{"@id":"https:\/\/naturalpoland.com\/es\/productos\/productos-para-la-industria-farmaceutica-y-medica\/aditivos-para-complementos-alimenticios\/hongo-tremella-tremella-fuciformis-hongo-tremella-fuciformis-macerat\/#primaryimage"},"thumbnailUrl":"https:\/\/naturalpoland.com\/wp-content\/uploads\/Grzyb-tremella-Tremella-fuciformis-trzesak-morszczynowaty-macerat.jpg","datePublished":"2023-03-24T08:34:16+00:00","breadcrumb":{"@id":"https:\/\/naturalpoland.com\/es\/productos\/productos-para-la-industria-farmaceutica-y-medica\/aditivos-para-complementos-alimenticios\/hongo-tremella-tremella-fuciformis-hongo-tremella-fuciformis-macerat\/#breadcrumb"},"inLanguage":"es","potentialAction":[{"@type":"ReadAction","target":["https:\/\/naturalpoland.com\/es\/productos\/productos-para-la-industria-farmaceutica-y-medica\/aditivos-para-complementos-alimenticios\/hongo-tremella-tremella-fuciformis-hongo-tremella-fuciformis-macerat\/"]}]},{"@type":"ImageObject","inLanguage":"es","@id":"https:\/\/naturalpoland.com\/es\/productos\/productos-para-la-industria-farmaceutica-y-medica\/aditivos-para-complementos-alimenticios\/hongo-tremella-tremella-fuciformis-hongo-tremella-fuciformis-macerat\/#primaryimage","url":"https:\/\/naturalpoland.com\/wp-content\/uploads\/Grzyb-tremella-Tremella-fuciformis-trzesak-morszczynowaty-macerat.jpg","contentUrl":"https:\/\/naturalpoland.com\/wp-content\/uploads\/Grzyb-tremella-Tremella-fuciformis-trzesak-morszczynowaty-macerat.jpg","width":600,"height":600,"caption":"Tremella fuciformis, tembladera - macerado"},{"@type":"BreadcrumbList","@id":"https:\/\/naturalpoland.com\/es\/productos\/productos-para-la-industria-farmaceutica-y-medica\/aditivos-para-complementos-alimenticios\/hongo-tremella-tremella-fuciformis-hongo-tremella-fuciformis-macerat\/#breadcrumb","itemListElement":[{"@type":"ListItem","position":1,"name":"Inicio","item":"https:\/\/naturalpoland.com\/es\/"},{"@type":"ListItem","position":2,"name":"Productos","item":"https:\/\/naturalpoland.com\/es\/productos\/"},{"@type":"ListItem","position":3,"name":"Tremella fuciformis, tembladera &#8211; macerado"}]},{"@type":"WebSite","@id":"https:\/\/naturalpoland.com\/es\/#website","url":"https:\/\/naturalpoland.com\/es\/","name":"NATURAL POLAND - Distribuidor Mayorista de Materias Primas","description":"Surowce dla przemys\u0142u spo\u017cywczego, kosmetycznego i farmaceutycznego","publisher":{"@id":"https:\/\/naturalpoland.com\/es\/#organization"},"potentialAction":[{"@type":"SearchAction","target":{"@type":"EntryPoint","urlTemplate":"https:\/\/naturalpoland.com\/es\/?s={search_term_string}"},"query-input":{"@type":"PropertyValueSpecification","valueRequired":true,"valueName":"search_term_string"}}],"inLanguage":"es"},{"@type":"Organization","@id":"https:\/\/naturalpoland.com\/es\/#organization","name":"Natural Poland","url":"https:\/\/naturalpoland.com\/es\/","logo":{"@type":"ImageObject","inLanguage":"es","@id":"https:\/\/naturalpoland.com\/es\/#\/schema\/logo\/image\/","url":"https:\/\/naturalpoland.com\/wp-content\/uploads\/2021\/05\/natural-poland-icon.png","contentUrl":"https:\/\/naturalpoland.com\/wp-content\/uploads\/2021\/05\/natural-poland-icon.png","width":512,"height":512,"caption":"Natural Poland"},"image":{"@id":"https:\/\/naturalpoland.com\/es\/#\/schema\/logo\/image\/"},"sameAs":["https:\/\/www.facebook.com\/naturalpoland.b2b","https:\/\/pl.linkedin.com\/company\/natural-poland","https:\/\/www.youtube.com\/channel\/UCgeGGkvOMahZo-xu_MSEWxg"]}]}},"_links":{"self":[{"href":"https:\/\/naturalpoland.com\/es\/wp-json\/wp\/v2\/product\/21215","targetHints":{"allow":["GET"]}}],"collection":[{"href":"https:\/\/naturalpoland.com\/es\/wp-json\/wp\/v2\/product"}],"about":[{"href":"https:\/\/naturalpoland.com\/es\/wp-json\/wp\/v2\/types\/product"}],"wp:featuredmedia":[{"embeddable":true,"href":"https:\/\/naturalpoland.com\/es\/wp-json\/wp\/v2\/media\/20874"}],"wp:attachment":[{"href":"https:\/\/naturalpoland.com\/es\/wp-json\/wp\/v2\/media?parent=21215"}],"wp:term":[{"taxonomy":"product_brand","embeddable":true,"href":"https:\/\/naturalpoland.com\/es\/wp-json\/wp\/v2\/product_brand?post=21215"},{"taxonomy":"product_cat","embeddable":true,"href":"https:\/\/naturalpoland.com\/es\/wp-json\/wp\/v2\/product_cat?post=21215"},{"taxonomy":"product_tag","embeddable":true,"href":"https:\/\/naturalpoland.com\/es\/wp-json\/wp\/v2\/product_tag?post=21215"}],"curies":[{"name":"wp","href":"https:\/\/api.w.org\/{rel}","templated":true}]}}