{"id":22857,"date":"2023-04-21T14:27:03","date_gmt":"2023-04-21T13:03:52","guid":{"rendered":"https:\/\/naturalpoland.pl\/produkty\/sin categor\u00eda\/palmitato-de-tripeptido-1\/"},"modified":"2023-04-21T15:03:52","modified_gmt":"2023-04-21T13:03:52","slug":"palmitato-de-tripeptido-1","status":"publish","type":"product","link":"https:\/\/naturalpoland.com\/es\/productos\/productos-para-la-industria-cosmetica\/sustancias-activas\/palmitato-de-tripeptido-1\/","title":{"rendered":"Palmitato de trip\u00e9ptido-1"},"content":{"rendered":"<p><strong>El palmitoil trip\u00e9ptido-1 (Palmitoyl Tripeptide-1)<\/strong> pertenece al grupo de los p\u00e9ptidos se\u00f1al y es una modificaci\u00f3n qu\u00edmica del p\u00e9ptido GHK, m\u00e1s conocido. Env\u00eda mensajes a las c\u00e9lulas para que act\u00faen en la regeneraci\u00f3n de la piel y las estimula para que aumenten la producci\u00f3n de col\u00e1geno y glicosaminoglicanos. Favorece los procesos de reparaci\u00f3n de la piel relacionados con el da\u00f1o solar, la irritaci\u00f3n y tambi\u00e9n ayuda a suavizar incluso las arrugas profundas.<\/p>\n<p>Debido a sus propiedades f\u00edsicas y qu\u00edmicas, este p\u00e9ptido no debe combinarse con \u00e1cidos. Sin embargo, funciona muy bien en combinaci\u00f3n con el retinol, con el que potencian sus efectos mutuamente.<\/p>\n","protected":false},"excerpt":{"rendered":"<p>Debido a sus excepcionales propiedades antienvejecimiento y a su capacidad para penetrar en las capas profundas de la piel, los p\u00e9ptidos son cada vez m\u00e1s populares como ingredientes cosm\u00e9ticos. Esto se ve facilitado por el desarrollo de la biotecnolog\u00eda, que permite elaborar nuevos compuestos cada vez m\u00e1s eficaces y seguros.<\/p>\n","protected":false},"featured_media":22788,"template":"","meta":{"_acf_changed":false},"product_brand":[],"product_cat":[2495,1507],"product_tag":[],"class_list":{"0":"post-22857","1":"product","2":"type-product","3":"status-publish","4":"has-post-thumbnail","6":"product_cat-peptidos","7":"product_cat-sustancias-activas","9":"first","10":"instock","11":"shipping-taxable","12":"product-type-simple"},"acf":[],"yoast_head":"<!-- This site is optimized with the Yoast SEO plugin v27.4 - https:\/\/yoast.com\/product\/yoast-seo-wordpress\/ -->\n<title>Palmitato de trip\u00e9ptido-1 - Distribuidor mayorista<\/title>\n<meta name=\"robots\" content=\"index, follow, max-snippet:-1, max-image-preview:large, max-video-preview:-1\" \/>\n<link rel=\"canonical\" href=\"https:\/\/naturalpoland.com\/es\/productos\/productos-para-la-industria-cosmetica\/sustancias-activas\/palmitato-de-tripeptido-1\/\" \/>\n<meta property=\"og:locale\" content=\"es_ES\" \/>\n<meta property=\"og:type\" content=\"article\" \/>\n<meta property=\"og:title\" content=\"Palmitato de trip\u00e9ptido-1 - Distribuidor mayorista\" \/>\n<meta property=\"og:description\" content=\"Debido a sus excepcionales propiedades antienvejecimiento y a su capacidad para penetrar en las capas profundas de la piel, los p\u00e9ptidos son cada vez m\u00e1s populares como ingredientes cosm\u00e9ticos. Esto se ve facilitado por el desarrollo de la biotecnolog\u00eda, que permite elaborar nuevos compuestos cada vez m\u00e1s eficaces y seguros.\" \/>\n<meta property=\"og:url\" content=\"https:\/\/naturalpoland.com\/es\/productos\/productos-para-la-industria-cosmetica\/sustancias-activas\/palmitato-de-tripeptido-1\/\" \/>\n<meta property=\"og:site_name\" content=\"NATURAL POLAND - Distribuidor Mayorista de Materias Primas\" \/>\n<meta property=\"article:publisher\" content=\"https:\/\/www.facebook.com\/naturalpoland.b2b\" \/>\n<meta property=\"og:image\" content=\"https:\/\/naturalpoland.com\/wp-content\/uploads\/Palmitynian-tripeptydu-1.jpg\" \/>\n\t<meta property=\"og:image:width\" content=\"500\" \/>\n\t<meta property=\"og:image:height\" content=\"500\" \/>\n\t<meta property=\"og:image:type\" content=\"image\/jpeg\" \/>\n<script type=\"application\/ld+json\" class=\"yoast-schema-graph\">{\"@context\":\"https:\\\/\\\/schema.org\",\"@graph\":[{\"@type\":\"WebPage\",\"@id\":\"https:\\\/\\\/naturalpoland.com\\\/es\\\/productos\\\/productos-para-la-industria-cosmetica\\\/sustancias-activas\\\/palmitato-de-tripeptido-1\\\/\",\"url\":\"https:\\\/\\\/naturalpoland.com\\\/es\\\/productos\\\/productos-para-la-industria-cosmetica\\\/sustancias-activas\\\/palmitato-de-tripeptido-1\\\/\",\"name\":\"Palmitato de trip\u00e9ptido-1 - Distribuidor mayorista\",\"isPartOf\":{\"@id\":\"https:\\\/\\\/naturalpoland.com\\\/es\\\/#website\"},\"primaryImageOfPage\":{\"@id\":\"https:\\\/\\\/naturalpoland.com\\\/es\\\/productos\\\/productos-para-la-industria-cosmetica\\\/sustancias-activas\\\/palmitato-de-tripeptido-1\\\/#primaryimage\"},\"image\":{\"@id\":\"https:\\\/\\\/naturalpoland.com\\\/es\\\/productos\\\/productos-para-la-industria-cosmetica\\\/sustancias-activas\\\/palmitato-de-tripeptido-1\\\/#primaryimage\"},\"thumbnailUrl\":\"https:\\\/\\\/naturalpoland.com\\\/wp-content\\\/uploads\\\/Palmitynian-tripeptydu-1.jpg\",\"datePublished\":\"2023-04-21T13:03:52+00:00\",\"breadcrumb\":{\"@id\":\"https:\\\/\\\/naturalpoland.com\\\/es\\\/productos\\\/productos-para-la-industria-cosmetica\\\/sustancias-activas\\\/palmitato-de-tripeptido-1\\\/#breadcrumb\"},\"inLanguage\":\"es\",\"potentialAction\":[{\"@type\":\"ReadAction\",\"target\":[\"https:\\\/\\\/naturalpoland.com\\\/es\\\/productos\\\/productos-para-la-industria-cosmetica\\\/sustancias-activas\\\/palmitato-de-tripeptido-1\\\/\"]}]},{\"@type\":\"ImageObject\",\"inLanguage\":\"es\",\"@id\":\"https:\\\/\\\/naturalpoland.com\\\/es\\\/productos\\\/productos-para-la-industria-cosmetica\\\/sustancias-activas\\\/palmitato-de-tripeptido-1\\\/#primaryimage\",\"url\":\"https:\\\/\\\/naturalpoland.com\\\/wp-content\\\/uploads\\\/Palmitynian-tripeptydu-1.jpg\",\"contentUrl\":\"https:\\\/\\\/naturalpoland.com\\\/wp-content\\\/uploads\\\/Palmitynian-tripeptydu-1.jpg\",\"width\":500,\"height\":500,\"caption\":\"Palmitato de trip\u00e9ptido-1\"},{\"@type\":\"BreadcrumbList\",\"@id\":\"https:\\\/\\\/naturalpoland.com\\\/es\\\/productos\\\/productos-para-la-industria-cosmetica\\\/sustancias-activas\\\/palmitato-de-tripeptido-1\\\/#breadcrumb\",\"itemListElement\":[{\"@type\":\"ListItem\",\"position\":1,\"name\":\"Inicio\",\"item\":\"https:\\\/\\\/naturalpoland.com\\\/es\\\/\"},{\"@type\":\"ListItem\",\"position\":2,\"name\":\"Productos\",\"item\":\"https:\\\/\\\/naturalpoland.com\\\/es\\\/productos\\\/\"},{\"@type\":\"ListItem\",\"position\":3,\"name\":\"Palmitato de trip\u00e9ptido-1\"}]},{\"@type\":\"WebSite\",\"@id\":\"https:\\\/\\\/naturalpoland.com\\\/es\\\/#website\",\"url\":\"https:\\\/\\\/naturalpoland.com\\\/es\\\/\",\"name\":\"NATURAL POLAND - Distribuidor Mayorista de Materias Primas\",\"description\":\"Surowce dla przemys\u0142u spo\u017cywczego, kosmetycznego i farmaceutycznego\",\"publisher\":{\"@id\":\"https:\\\/\\\/naturalpoland.com\\\/es\\\/#organization\"},\"potentialAction\":[{\"@type\":\"SearchAction\",\"target\":{\"@type\":\"EntryPoint\",\"urlTemplate\":\"https:\\\/\\\/naturalpoland.com\\\/es\\\/?s={search_term_string}\"},\"query-input\":{\"@type\":\"PropertyValueSpecification\",\"valueRequired\":true,\"valueName\":\"search_term_string\"}}],\"inLanguage\":\"es\"},{\"@type\":\"Organization\",\"@id\":\"https:\\\/\\\/naturalpoland.com\\\/es\\\/#organization\",\"name\":\"Natural Poland\",\"url\":\"https:\\\/\\\/naturalpoland.com\\\/es\\\/\",\"logo\":{\"@type\":\"ImageObject\",\"inLanguage\":\"es\",\"@id\":\"https:\\\/\\\/naturalpoland.com\\\/es\\\/#\\\/schema\\\/logo\\\/image\\\/\",\"url\":\"https:\\\/\\\/naturalpoland.com\\\/wp-content\\\/uploads\\\/2021\\\/05\\\/natural-poland-icon.png\",\"contentUrl\":\"https:\\\/\\\/naturalpoland.com\\\/wp-content\\\/uploads\\\/2021\\\/05\\\/natural-poland-icon.png\",\"width\":512,\"height\":512,\"caption\":\"Natural Poland\"},\"image\":{\"@id\":\"https:\\\/\\\/naturalpoland.com\\\/es\\\/#\\\/schema\\\/logo\\\/image\\\/\"},\"sameAs\":[\"https:\\\/\\\/www.facebook.com\\\/naturalpoland.b2b\",\"https:\\\/\\\/pl.linkedin.com\\\/company\\\/natural-poland\",\"https:\\\/\\\/www.youtube.com\\\/channel\\\/UCgeGGkvOMahZo-xu_MSEWxg\"]}]}<\/script>\n<!-- \/ Yoast SEO plugin. -->","yoast_head_json":{"title":"Palmitato de trip\u00e9ptido-1 - Distribuidor mayorista","robots":{"index":"index","follow":"follow","max-snippet":"max-snippet:-1","max-image-preview":"max-image-preview:large","max-video-preview":"max-video-preview:-1"},"canonical":"https:\/\/naturalpoland.com\/es\/productos\/productos-para-la-industria-cosmetica\/sustancias-activas\/palmitato-de-tripeptido-1\/","og_locale":"es_ES","og_type":"article","og_title":"Palmitato de trip\u00e9ptido-1 - Distribuidor mayorista","og_description":"Debido a sus excepcionales propiedades antienvejecimiento y a su capacidad para penetrar en las capas profundas de la piel, los p\u00e9ptidos son cada vez m\u00e1s populares como ingredientes cosm\u00e9ticos. Esto se ve facilitado por el desarrollo de la biotecnolog\u00eda, que permite elaborar nuevos compuestos cada vez m\u00e1s eficaces y seguros.","og_url":"https:\/\/naturalpoland.com\/es\/productos\/productos-para-la-industria-cosmetica\/sustancias-activas\/palmitato-de-tripeptido-1\/","og_site_name":"NATURAL POLAND - Distribuidor Mayorista de Materias Primas","article_publisher":"https:\/\/www.facebook.com\/naturalpoland.b2b","og_image":[{"width":500,"height":500,"url":"https:\/\/naturalpoland.com\/wp-content\/uploads\/Palmitynian-tripeptydu-1.jpg","type":"image\/jpeg"}],"schema":{"@context":"https:\/\/schema.org","@graph":[{"@type":"WebPage","@id":"https:\/\/naturalpoland.com\/es\/productos\/productos-para-la-industria-cosmetica\/sustancias-activas\/palmitato-de-tripeptido-1\/","url":"https:\/\/naturalpoland.com\/es\/productos\/productos-para-la-industria-cosmetica\/sustancias-activas\/palmitato-de-tripeptido-1\/","name":"Palmitato de trip\u00e9ptido-1 - Distribuidor mayorista","isPartOf":{"@id":"https:\/\/naturalpoland.com\/es\/#website"},"primaryImageOfPage":{"@id":"https:\/\/naturalpoland.com\/es\/productos\/productos-para-la-industria-cosmetica\/sustancias-activas\/palmitato-de-tripeptido-1\/#primaryimage"},"image":{"@id":"https:\/\/naturalpoland.com\/es\/productos\/productos-para-la-industria-cosmetica\/sustancias-activas\/palmitato-de-tripeptido-1\/#primaryimage"},"thumbnailUrl":"https:\/\/naturalpoland.com\/wp-content\/uploads\/Palmitynian-tripeptydu-1.jpg","datePublished":"2023-04-21T13:03:52+00:00","breadcrumb":{"@id":"https:\/\/naturalpoland.com\/es\/productos\/productos-para-la-industria-cosmetica\/sustancias-activas\/palmitato-de-tripeptido-1\/#breadcrumb"},"inLanguage":"es","potentialAction":[{"@type":"ReadAction","target":["https:\/\/naturalpoland.com\/es\/productos\/productos-para-la-industria-cosmetica\/sustancias-activas\/palmitato-de-tripeptido-1\/"]}]},{"@type":"ImageObject","inLanguage":"es","@id":"https:\/\/naturalpoland.com\/es\/productos\/productos-para-la-industria-cosmetica\/sustancias-activas\/palmitato-de-tripeptido-1\/#primaryimage","url":"https:\/\/naturalpoland.com\/wp-content\/uploads\/Palmitynian-tripeptydu-1.jpg","contentUrl":"https:\/\/naturalpoland.com\/wp-content\/uploads\/Palmitynian-tripeptydu-1.jpg","width":500,"height":500,"caption":"Palmitato de trip\u00e9ptido-1"},{"@type":"BreadcrumbList","@id":"https:\/\/naturalpoland.com\/es\/productos\/productos-para-la-industria-cosmetica\/sustancias-activas\/palmitato-de-tripeptido-1\/#breadcrumb","itemListElement":[{"@type":"ListItem","position":1,"name":"Inicio","item":"https:\/\/naturalpoland.com\/es\/"},{"@type":"ListItem","position":2,"name":"Productos","item":"https:\/\/naturalpoland.com\/es\/productos\/"},{"@type":"ListItem","position":3,"name":"Palmitato de trip\u00e9ptido-1"}]},{"@type":"WebSite","@id":"https:\/\/naturalpoland.com\/es\/#website","url":"https:\/\/naturalpoland.com\/es\/","name":"NATURAL POLAND - Distribuidor Mayorista de Materias Primas","description":"Surowce dla przemys\u0142u spo\u017cywczego, kosmetycznego i farmaceutycznego","publisher":{"@id":"https:\/\/naturalpoland.com\/es\/#organization"},"potentialAction":[{"@type":"SearchAction","target":{"@type":"EntryPoint","urlTemplate":"https:\/\/naturalpoland.com\/es\/?s={search_term_string}"},"query-input":{"@type":"PropertyValueSpecification","valueRequired":true,"valueName":"search_term_string"}}],"inLanguage":"es"},{"@type":"Organization","@id":"https:\/\/naturalpoland.com\/es\/#organization","name":"Natural Poland","url":"https:\/\/naturalpoland.com\/es\/","logo":{"@type":"ImageObject","inLanguage":"es","@id":"https:\/\/naturalpoland.com\/es\/#\/schema\/logo\/image\/","url":"https:\/\/naturalpoland.com\/wp-content\/uploads\/2021\/05\/natural-poland-icon.png","contentUrl":"https:\/\/naturalpoland.com\/wp-content\/uploads\/2021\/05\/natural-poland-icon.png","width":512,"height":512,"caption":"Natural Poland"},"image":{"@id":"https:\/\/naturalpoland.com\/es\/#\/schema\/logo\/image\/"},"sameAs":["https:\/\/www.facebook.com\/naturalpoland.b2b","https:\/\/pl.linkedin.com\/company\/natural-poland","https:\/\/www.youtube.com\/channel\/UCgeGGkvOMahZo-xu_MSEWxg"]}]}},"_links":{"self":[{"href":"https:\/\/naturalpoland.com\/es\/wp-json\/wp\/v2\/product\/22857","targetHints":{"allow":["GET"]}}],"collection":[{"href":"https:\/\/naturalpoland.com\/es\/wp-json\/wp\/v2\/product"}],"about":[{"href":"https:\/\/naturalpoland.com\/es\/wp-json\/wp\/v2\/types\/product"}],"wp:featuredmedia":[{"embeddable":true,"href":"https:\/\/naturalpoland.com\/es\/wp-json\/wp\/v2\/media\/22788"}],"wp:attachment":[{"href":"https:\/\/naturalpoland.com\/es\/wp-json\/wp\/v2\/media?parent=22857"}],"wp:term":[{"taxonomy":"product_brand","embeddable":true,"href":"https:\/\/naturalpoland.com\/es\/wp-json\/wp\/v2\/product_brand?post=22857"},{"taxonomy":"product_cat","embeddable":true,"href":"https:\/\/naturalpoland.com\/es\/wp-json\/wp\/v2\/product_cat?post=22857"},{"taxonomy":"product_tag","embeddable":true,"href":"https:\/\/naturalpoland.com\/es\/wp-json\/wp\/v2\/product_tag?post=22857"}],"curies":[{"name":"wp","href":"https:\/\/api.w.org\/{rel}","templated":true}]}}