{"id":22862,"date":"2023-04-21T14:52:48","date_gmt":"2023-04-21T12:52:48","guid":{"rendered":"https:\/\/naturalpoland.pl\/produkty\/sin%20categor\u00eda\/extracto-de-centella-asiatica\/"},"modified":"2026-02-09T12:49:07","modified_gmt":"2026-02-09T11:49:07","slug":"extracto-de-vacrota-asiatico","status":"publish","type":"product","link":"https:\/\/naturalpoland.com\/es\/productos\/productos-para-la-industria-farmaceutica-y-medica\/aditivos-para-complementos-alimenticios\/extracto-de-vacrota-asiatico\/","title":{"rendered":"Extracto de centella asi\u00e1tica"},"content":{"rendered":"<h2>Propiedades y usos del extracto de Centella Asi\u00e1tica<\/h2>\n<p>Sus propiedades \u00fanicas se deben a la presencia de <strong>saponinas triterp\u00e9nicas<\/strong> pentac\u00edclicas, <strong>genina triterp\u00e9nica<\/strong>, <strong><a href=\"https:\/\/naturalpoland.com\/artykuly\/produkty-naturalne\/czym-sa-i-jak-dzialaja-flawonoidy\/\">flavonoides<\/a><\/strong>, <strong>fitoesteroles<\/strong> y <strong>taninos<\/strong>, cuya composici\u00f3n puede variar seg\u00fan el pa\u00eds de cultivo de la planta. Las saponinas triterp\u00e9nicas son conocidas por su efecto de apoyo al sistema circulatorio, aumentando la resistencia de los vasos sangu\u00edneos, lo que previene la formaci\u00f3n de varices. El uso del extracto est\u00e1 recomendado para pieles con cuperosis, maduras, sensibles y secas, ya que no solo <strong>fortalece los vasos sangu\u00edneos<\/strong>, sino que tambi\u00e9n <strong>ayuda a regenerar la piel agrietada y da\u00f1ada<\/strong>, alisa, limpia y alivia las irritaciones.   <\/p>\n<p>En dermatolog\u00eda y cosm\u00e9tica, el extracto de centella asi\u00e1tica <strong>favorece los procesos de cicatrizaci\u00f3n de heridas<\/strong>, tiene efectos antibacterianos, antiinflamatorios, hidratantes y antiedematosos. Es un ingrediente eficaz en productos antiacn\u00e9, antiedad y en preparados destinados al cuidado de pieles secas, propensas a la irritaci\u00f3n y del contorno de ojos. Adem\u00e1s, <strong>estimula la producci\u00f3n de col\u00e1geno y estimula el crecimiento del cabello<\/strong> al mejorar la circulaci\u00f3n en el cuero cabelludo.  <\/p>\n<h2>Aplicaci\u00f3n:<\/h2>\n<p>El extracto de centella asi\u00e1tica puede utilizarse como ingrediente en cremas, s\u00e9rums, t\u00f3nicos, mascarillas, as\u00ed como sustancia activa en cosm\u00e9ticos para el cuidado del contorno de ojos, emulsiones hidratantes y cosm\u00e9ticos antiarrugas. Tambi\u00e9n es ideal para productos calmantes para despu\u00e9s del afeitado y productos para pieles maduras y con cuperosis. <\/p>\n<h2>Extracto de Gotu Kola en complementos alimenticios<\/h2>\n<p>Los suplementos diet\u00e9ticos con extracto de centella asi\u00e1tica est\u00e1n recomendados en el <strong>tratamiento de enfermedades del sistema digestivo<\/strong>, como diarreas o indigesti\u00f3n, y en casos de <strong>inflamaci\u00f3n del tracto urinario<\/strong>, <strong>hipertensi\u00f3n<\/strong> y <strong>diabetes<\/strong>. Este extracto tambi\u00e9n es \u00fatil en el tratamiento de diversas <strong>afecciones cut\u00e1neas<\/strong>, como psoriasis, eccema, lepra, vit\u00edligo o cambios cut\u00e1neos relacionados con la edad. <\/p>\n<h2>Composici\u00f3n del extracto:<\/h2>\n<ul>\n<li><strong>Extracto de Centella Asi\u00e1tica<\/strong> (5%) \u2013 principal ingrediente activo, rico en saponinas con efecto antiinflamatorio y antibacteriano,<\/li>\n<li><strong>Aqua<\/strong> (40-50%) \u2013 disolvente,<\/li>\n<li><strong>Glycerin<\/strong> (40-50%) \u2013 humectante hidratante,<\/li>\n<li><strong>Sodium Benzoate<\/strong> (0,4%) y <strong>Potassium Sorbate<\/strong> (0,2%) \u2013 conservantes que protegen el producto del crecimiento de microorganismos y prolongan su vida \u00fatil.<\/li>\n<\/ul>\n","protected":false},"excerpt":{"rendered":"<p>El <strong>extracto de hierba de centella asi\u00e1tica<\/strong>, tambi\u00e9n conocida como <strong>gotu kola<\/strong>, <strong>centella asi\u00e1tica<\/strong> o <strong>hierba de tigre<\/strong>, se obtiene de las partes a\u00e9reas de esta ex\u00f3tica planta que se encuentra en regiones tropicales y subtropicales. Este producto est\u00e1 destinado a su uso en cosm\u00e9tica y farmacia. <\/p>\n","protected":false},"featured_media":22812,"template":"","meta":{"_acf_changed":false},"product_brand":[],"product_cat":[1076,1079],"product_tag":[],"class_list":{"0":"post-22862","1":"product","2":"type-product","3":"status-publish","4":"has-post-thumbnail","6":"product_cat-aditivos-para-complementos-alimenticios","7":"product_cat-extractos-de-plantas","9":"first","10":"instock","11":"shipping-taxable","12":"product-type-simple"},"acf":[],"yoast_head":"<!-- This site is optimized with the Yoast SEO plugin v27.5 - https:\/\/yoast.com\/product\/yoast-seo-wordpress\/ -->\n<title>Extracto de centella asi\u00e1tica - NATURAL POLAND - Distribuidor Mayorista de Materias Primas<\/title>\n<meta name=\"description\" content=\"El extracto de Centella asi\u00e1tica es ampliamente utilizado en cosm\u00e9tica, medicina tradicional y moderna debido a sus m\u00faltiples propiedades beneficiosas.\" \/>\n<meta name=\"robots\" content=\"index, follow, max-snippet:-1, max-image-preview:large, max-video-preview:-1\" \/>\n<link rel=\"canonical\" href=\"https:\/\/naturalpoland.com\/es\/productos\/productos-para-la-industria-farmaceutica-y-medica\/aditivos-para-complementos-alimenticios\/extracto-de-vacrota-asiatico\/\" \/>\n<meta property=\"og:locale\" content=\"es_ES\" \/>\n<meta property=\"og:type\" content=\"article\" \/>\n<meta property=\"og:title\" content=\"Extracto de centella asi\u00e1tica - NATURAL POLAND - Distribuidor Mayorista de Materias Primas\" \/>\n<meta property=\"og:description\" content=\"El extracto de Centella asi\u00e1tica es ampliamente utilizado en cosm\u00e9tica, medicina tradicional y moderna debido a sus m\u00faltiples propiedades beneficiosas.\" \/>\n<meta property=\"og:url\" content=\"https:\/\/naturalpoland.com\/es\/productos\/productos-para-la-industria-farmaceutica-y-medica\/aditivos-para-complementos-alimenticios\/extracto-de-vacrota-asiatico\/\" \/>\n<meta property=\"og:site_name\" content=\"NATURAL POLAND - Distribuidor Mayorista de Materias Primas\" \/>\n<meta property=\"article:publisher\" content=\"https:\/\/www.facebook.com\/naturalpoland.b2b\" \/>\n<meta property=\"article:modified_time\" content=\"2026-02-09T11:49:07+00:00\" \/>\n<meta property=\"og:image\" content=\"https:\/\/naturalpoland.com\/wp-content\/uploads\/ekstrakt-z-wakroty-azjatyckiej.jpg\" \/>\n\t<meta property=\"og:image:width\" content=\"500\" \/>\n\t<meta property=\"og:image:height\" content=\"500\" \/>\n\t<meta property=\"og:image:type\" content=\"image\/jpeg\" \/>\n<script type=\"application\/ld+json\" class=\"yoast-schema-graph\">{\"@context\":\"https:\\\/\\\/schema.org\",\"@graph\":[{\"@type\":\"WebPage\",\"@id\":\"https:\\\/\\\/naturalpoland.com\\\/es\\\/productos\\\/productos-para-la-industria-farmaceutica-y-medica\\\/aditivos-para-complementos-alimenticios\\\/extracto-de-vacrota-asiatico\\\/\",\"url\":\"https:\\\/\\\/naturalpoland.com\\\/es\\\/productos\\\/productos-para-la-industria-farmaceutica-y-medica\\\/aditivos-para-complementos-alimenticios\\\/extracto-de-vacrota-asiatico\\\/\",\"name\":\"Extracto de centella asi\u00e1tica - NATURAL POLAND - Distribuidor Mayorista de Materias Primas\",\"isPartOf\":{\"@id\":\"https:\\\/\\\/naturalpoland.com\\\/es\\\/#website\"},\"primaryImageOfPage\":{\"@id\":\"https:\\\/\\\/naturalpoland.com\\\/es\\\/productos\\\/productos-para-la-industria-farmaceutica-y-medica\\\/aditivos-para-complementos-alimenticios\\\/extracto-de-vacrota-asiatico\\\/#primaryimage\"},\"image\":{\"@id\":\"https:\\\/\\\/naturalpoland.com\\\/es\\\/productos\\\/productos-para-la-industria-farmaceutica-y-medica\\\/aditivos-para-complementos-alimenticios\\\/extracto-de-vacrota-asiatico\\\/#primaryimage\"},\"thumbnailUrl\":\"https:\\\/\\\/naturalpoland.com\\\/wp-content\\\/uploads\\\/ekstrakt-z-wakroty-azjatyckiej.jpg\",\"datePublished\":\"2023-04-21T12:52:48+00:00\",\"dateModified\":\"2026-02-09T11:49:07+00:00\",\"description\":\"El extracto de Centella asi\u00e1tica es ampliamente utilizado en cosm\u00e9tica, medicina tradicional y moderna debido a sus m\u00faltiples propiedades beneficiosas.\",\"breadcrumb\":{\"@id\":\"https:\\\/\\\/naturalpoland.com\\\/es\\\/productos\\\/productos-para-la-industria-farmaceutica-y-medica\\\/aditivos-para-complementos-alimenticios\\\/extracto-de-vacrota-asiatico\\\/#breadcrumb\"},\"inLanguage\":\"es\",\"potentialAction\":[{\"@type\":\"ReadAction\",\"target\":[\"https:\\\/\\\/naturalpoland.com\\\/es\\\/productos\\\/productos-para-la-industria-farmaceutica-y-medica\\\/aditivos-para-complementos-alimenticios\\\/extracto-de-vacrota-asiatico\\\/\"]}]},{\"@type\":\"ImageObject\",\"inLanguage\":\"es\",\"@id\":\"https:\\\/\\\/naturalpoland.com\\\/es\\\/productos\\\/productos-para-la-industria-farmaceutica-y-medica\\\/aditivos-para-complementos-alimenticios\\\/extracto-de-vacrota-asiatico\\\/#primaryimage\",\"url\":\"https:\\\/\\\/naturalpoland.com\\\/wp-content\\\/uploads\\\/ekstrakt-z-wakroty-azjatyckiej.jpg\",\"contentUrl\":\"https:\\\/\\\/naturalpoland.com\\\/wp-content\\\/uploads\\\/ekstrakt-z-wakroty-azjatyckiej.jpg\",\"width\":500,\"height\":500,\"caption\":\"Extracto de centella asi\u00e1tica\"},{\"@type\":\"BreadcrumbList\",\"@id\":\"https:\\\/\\\/naturalpoland.com\\\/es\\\/productos\\\/productos-para-la-industria-farmaceutica-y-medica\\\/aditivos-para-complementos-alimenticios\\\/extracto-de-vacrota-asiatico\\\/#breadcrumb\",\"itemListElement\":[{\"@type\":\"ListItem\",\"position\":1,\"name\":\"Inicio\",\"item\":\"https:\\\/\\\/naturalpoland.com\\\/es\\\/\"},{\"@type\":\"ListItem\",\"position\":2,\"name\":\"Productos\",\"item\":\"https:\\\/\\\/naturalpoland.com\\\/es\\\/productos\\\/\"},{\"@type\":\"ListItem\",\"position\":3,\"name\":\"Extracto de centella asi\u00e1tica\"}]},{\"@type\":\"WebSite\",\"@id\":\"https:\\\/\\\/naturalpoland.com\\\/es\\\/#website\",\"url\":\"https:\\\/\\\/naturalpoland.com\\\/es\\\/\",\"name\":\"NATURAL POLAND - Distribuidor Mayorista de Materias Primas\",\"description\":\"Surowce dla przemys\u0142u spo\u017cywczego, kosmetycznego i farmaceutycznego\",\"publisher\":{\"@id\":\"https:\\\/\\\/naturalpoland.com\\\/es\\\/#organization\"},\"potentialAction\":[{\"@type\":\"SearchAction\",\"target\":{\"@type\":\"EntryPoint\",\"urlTemplate\":\"https:\\\/\\\/naturalpoland.com\\\/es\\\/?s={search_term_string}\"},\"query-input\":{\"@type\":\"PropertyValueSpecification\",\"valueRequired\":true,\"valueName\":\"search_term_string\"}}],\"inLanguage\":\"es\"},{\"@type\":\"Organization\",\"@id\":\"https:\\\/\\\/naturalpoland.com\\\/es\\\/#organization\",\"name\":\"Natural Poland\",\"url\":\"https:\\\/\\\/naturalpoland.com\\\/es\\\/\",\"logo\":{\"@type\":\"ImageObject\",\"inLanguage\":\"es\",\"@id\":\"https:\\\/\\\/naturalpoland.com\\\/es\\\/#\\\/schema\\\/logo\\\/image\\\/\",\"url\":\"https:\\\/\\\/naturalpoland.com\\\/wp-content\\\/uploads\\\/2021\\\/05\\\/natural-poland-icon.png\",\"contentUrl\":\"https:\\\/\\\/naturalpoland.com\\\/wp-content\\\/uploads\\\/2021\\\/05\\\/natural-poland-icon.png\",\"width\":512,\"height\":512,\"caption\":\"Natural Poland\"},\"image\":{\"@id\":\"https:\\\/\\\/naturalpoland.com\\\/es\\\/#\\\/schema\\\/logo\\\/image\\\/\"},\"sameAs\":[\"https:\\\/\\\/www.facebook.com\\\/naturalpoland.b2b\",\"https:\\\/\\\/pl.linkedin.com\\\/company\\\/natural-poland\",\"https:\\\/\\\/www.youtube.com\\\/channel\\\/UCgeGGkvOMahZo-xu_MSEWxg\"]}]}<\/script>\n<!-- \/ Yoast SEO plugin. -->","yoast_head_json":{"title":"Extracto de centella asi\u00e1tica - NATURAL POLAND - Distribuidor Mayorista de Materias Primas","description":"El extracto de Centella asi\u00e1tica es ampliamente utilizado en cosm\u00e9tica, medicina tradicional y moderna debido a sus m\u00faltiples propiedades beneficiosas.","robots":{"index":"index","follow":"follow","max-snippet":"max-snippet:-1","max-image-preview":"max-image-preview:large","max-video-preview":"max-video-preview:-1"},"canonical":"https:\/\/naturalpoland.com\/es\/productos\/productos-para-la-industria-farmaceutica-y-medica\/aditivos-para-complementos-alimenticios\/extracto-de-vacrota-asiatico\/","og_locale":"es_ES","og_type":"article","og_title":"Extracto de centella asi\u00e1tica - NATURAL POLAND - Distribuidor Mayorista de Materias Primas","og_description":"El extracto de Centella asi\u00e1tica es ampliamente utilizado en cosm\u00e9tica, medicina tradicional y moderna debido a sus m\u00faltiples propiedades beneficiosas.","og_url":"https:\/\/naturalpoland.com\/es\/productos\/productos-para-la-industria-farmaceutica-y-medica\/aditivos-para-complementos-alimenticios\/extracto-de-vacrota-asiatico\/","og_site_name":"NATURAL POLAND - Distribuidor Mayorista de Materias Primas","article_publisher":"https:\/\/www.facebook.com\/naturalpoland.b2b","article_modified_time":"2026-02-09T11:49:07+00:00","og_image":[{"width":500,"height":500,"url":"https:\/\/naturalpoland.com\/wp-content\/uploads\/ekstrakt-z-wakroty-azjatyckiej.jpg","type":"image\/jpeg"}],"schema":{"@context":"https:\/\/schema.org","@graph":[{"@type":"WebPage","@id":"https:\/\/naturalpoland.com\/es\/productos\/productos-para-la-industria-farmaceutica-y-medica\/aditivos-para-complementos-alimenticios\/extracto-de-vacrota-asiatico\/","url":"https:\/\/naturalpoland.com\/es\/productos\/productos-para-la-industria-farmaceutica-y-medica\/aditivos-para-complementos-alimenticios\/extracto-de-vacrota-asiatico\/","name":"Extracto de centella asi\u00e1tica - NATURAL POLAND - Distribuidor Mayorista de Materias Primas","isPartOf":{"@id":"https:\/\/naturalpoland.com\/es\/#website"},"primaryImageOfPage":{"@id":"https:\/\/naturalpoland.com\/es\/productos\/productos-para-la-industria-farmaceutica-y-medica\/aditivos-para-complementos-alimenticios\/extracto-de-vacrota-asiatico\/#primaryimage"},"image":{"@id":"https:\/\/naturalpoland.com\/es\/productos\/productos-para-la-industria-farmaceutica-y-medica\/aditivos-para-complementos-alimenticios\/extracto-de-vacrota-asiatico\/#primaryimage"},"thumbnailUrl":"https:\/\/naturalpoland.com\/wp-content\/uploads\/ekstrakt-z-wakroty-azjatyckiej.jpg","datePublished":"2023-04-21T12:52:48+00:00","dateModified":"2026-02-09T11:49:07+00:00","description":"El extracto de Centella asi\u00e1tica es ampliamente utilizado en cosm\u00e9tica, medicina tradicional y moderna debido a sus m\u00faltiples propiedades beneficiosas.","breadcrumb":{"@id":"https:\/\/naturalpoland.com\/es\/productos\/productos-para-la-industria-farmaceutica-y-medica\/aditivos-para-complementos-alimenticios\/extracto-de-vacrota-asiatico\/#breadcrumb"},"inLanguage":"es","potentialAction":[{"@type":"ReadAction","target":["https:\/\/naturalpoland.com\/es\/productos\/productos-para-la-industria-farmaceutica-y-medica\/aditivos-para-complementos-alimenticios\/extracto-de-vacrota-asiatico\/"]}]},{"@type":"ImageObject","inLanguage":"es","@id":"https:\/\/naturalpoland.com\/es\/productos\/productos-para-la-industria-farmaceutica-y-medica\/aditivos-para-complementos-alimenticios\/extracto-de-vacrota-asiatico\/#primaryimage","url":"https:\/\/naturalpoland.com\/wp-content\/uploads\/ekstrakt-z-wakroty-azjatyckiej.jpg","contentUrl":"https:\/\/naturalpoland.com\/wp-content\/uploads\/ekstrakt-z-wakroty-azjatyckiej.jpg","width":500,"height":500,"caption":"Extracto de centella asi\u00e1tica"},{"@type":"BreadcrumbList","@id":"https:\/\/naturalpoland.com\/es\/productos\/productos-para-la-industria-farmaceutica-y-medica\/aditivos-para-complementos-alimenticios\/extracto-de-vacrota-asiatico\/#breadcrumb","itemListElement":[{"@type":"ListItem","position":1,"name":"Inicio","item":"https:\/\/naturalpoland.com\/es\/"},{"@type":"ListItem","position":2,"name":"Productos","item":"https:\/\/naturalpoland.com\/es\/productos\/"},{"@type":"ListItem","position":3,"name":"Extracto de centella asi\u00e1tica"}]},{"@type":"WebSite","@id":"https:\/\/naturalpoland.com\/es\/#website","url":"https:\/\/naturalpoland.com\/es\/","name":"NATURAL POLAND - Distribuidor Mayorista de Materias Primas","description":"Surowce dla przemys\u0142u spo\u017cywczego, kosmetycznego i farmaceutycznego","publisher":{"@id":"https:\/\/naturalpoland.com\/es\/#organization"},"potentialAction":[{"@type":"SearchAction","target":{"@type":"EntryPoint","urlTemplate":"https:\/\/naturalpoland.com\/es\/?s={search_term_string}"},"query-input":{"@type":"PropertyValueSpecification","valueRequired":true,"valueName":"search_term_string"}}],"inLanguage":"es"},{"@type":"Organization","@id":"https:\/\/naturalpoland.com\/es\/#organization","name":"Natural Poland","url":"https:\/\/naturalpoland.com\/es\/","logo":{"@type":"ImageObject","inLanguage":"es","@id":"https:\/\/naturalpoland.com\/es\/#\/schema\/logo\/image\/","url":"https:\/\/naturalpoland.com\/wp-content\/uploads\/2021\/05\/natural-poland-icon.png","contentUrl":"https:\/\/naturalpoland.com\/wp-content\/uploads\/2021\/05\/natural-poland-icon.png","width":512,"height":512,"caption":"Natural Poland"},"image":{"@id":"https:\/\/naturalpoland.com\/es\/#\/schema\/logo\/image\/"},"sameAs":["https:\/\/www.facebook.com\/naturalpoland.b2b","https:\/\/pl.linkedin.com\/company\/natural-poland","https:\/\/www.youtube.com\/channel\/UCgeGGkvOMahZo-xu_MSEWxg"]}]}},"_links":{"self":[{"href":"https:\/\/naturalpoland.com\/es\/wp-json\/wp\/v2\/product\/22862","targetHints":{"allow":["GET"]}}],"collection":[{"href":"https:\/\/naturalpoland.com\/es\/wp-json\/wp\/v2\/product"}],"about":[{"href":"https:\/\/naturalpoland.com\/es\/wp-json\/wp\/v2\/types\/product"}],"wp:featuredmedia":[{"embeddable":true,"href":"https:\/\/naturalpoland.com\/es\/wp-json\/wp\/v2\/media\/22812"}],"wp:attachment":[{"href":"https:\/\/naturalpoland.com\/es\/wp-json\/wp\/v2\/media?parent=22862"}],"wp:term":[{"taxonomy":"product_brand","embeddable":true,"href":"https:\/\/naturalpoland.com\/es\/wp-json\/wp\/v2\/product_brand?post=22862"},{"taxonomy":"product_cat","embeddable":true,"href":"https:\/\/naturalpoland.com\/es\/wp-json\/wp\/v2\/product_cat?post=22862"},{"taxonomy":"product_tag","embeddable":true,"href":"https:\/\/naturalpoland.com\/es\/wp-json\/wp\/v2\/product_tag?post=22862"}],"curies":[{"name":"wp","href":"https:\/\/api.w.org\/{rel}","templated":true}]}}