{"id":23511,"date":"2023-05-12T15:17:11","date_gmt":"2023-05-12T13:17:11","guid":{"rendered":"https:\/\/naturalpoland.pl\/produkty\/sin categor\u00eda\/hilera-subcortical-chaga\/"},"modified":"2023-05-24T16:39:45","modified_gmt":"2023-05-24T14:39:45","slug":"blyscope-subcorn-chaga","status":"publish","type":"product","link":"https:\/\/naturalpoland.com\/es\/productos\/productos-para-la-industria-farmaceutica-y-medica\/extractos-de-setas\/blyscope-subcorn-chaga\/","title":{"rendered":"Hilera subcortical (Chaga)"},"content":{"rendered":"<p>Tradicionalmente, los hongos Chaga han sido especialmente apreciados en el tratamiento del c\u00e1ncer, los problemas digestivos, los dolores de est\u00f3mago y las \u00falceras, la protecci\u00f3n del h\u00edgado, la lucha contra las infecciones y el apoyo a las funciones mentales: memoria, concentraci\u00f3n. Las investigaciones modernas confirman sus excepcionales propiedades antioxidantes y adapt\u00f3genas.<\/p>\n<h2>Uso del extracto de<em> Chaga<\/em><\/h2>\n<ul>\n<li>Refuerzo de la inmunidad y lucha contra las infecciones<\/li>\n<li>Regular los niveles de az\u00facar en sangre<\/li>\n<li>Reducci\u00f3n de los niveles de colesterol en sangre<\/li>\n<li>Favorecer la memoria y la concentraci\u00f3n<\/li>\n<li>Protecci\u00f3n del organismo contra el estr\u00e9s oxidativo<\/li>\n<li>Efecto protector sobre el h\u00edgado<\/li>\n<li>Apoyo al tratamiento del c\u00e1ncer<\/li>\n<\/ul>\n","protected":false},"excerpt":{"rendered":"<p>Los <strong>hongos chaga (hileras subcorticales)<\/strong> parasitan \u00e1rboles de hoja caduca, principalmente abedules, en el hemisferio norte. Se encuentran sobre todo en los bosques de Siberia, las regiones septentrionales de China y Canad\u00e1, donde se utilizan en medicina tradicional y ceremonias religiosas desde hace cientos de a\u00f1os.<\/p>\n","protected":false},"featured_media":42135,"template":"","meta":{"_acf_changed":false},"product_brand":[],"product_cat":[2052],"product_tag":[],"class_list":{"0":"post-23511","1":"product","2":"type-product","3":"status-publish","4":"has-post-thumbnail","6":"product_cat-extractos-de-setas","7":"pa_czesc-rosliny-cuerpo-fructifero","8":"pa_skladnik-aktywny-polisacaridos","10":"first","11":"instock","12":"shipping-taxable","13":"product-type-simple"},"acf":[],"yoast_head":"<!-- This site is optimized with the Yoast SEO plugin v27.5 - https:\/\/yoast.com\/product\/yoast-seo-wordpress\/ -->\n<title>Hilera subcortical (Chaga) - Distribuidor mayorista<\/title>\n<meta name=\"robots\" content=\"index, follow, max-snippet:-1, max-image-preview:large, max-video-preview:-1\" \/>\n<link rel=\"canonical\" href=\"https:\/\/naturalpoland.com\/es\/productos\/productos-para-la-industria-farmaceutica-y-medica\/extractos-de-setas\/blyscope-subcorn-chaga\/\" \/>\n<meta property=\"og:locale\" content=\"es_ES\" \/>\n<meta property=\"og:type\" content=\"article\" \/>\n<meta property=\"og:title\" content=\"Hilera subcortical (Chaga) - Distribuidor mayorista\" \/>\n<meta property=\"og:description\" content=\"Los hongos chaga (hileras subcorticales) parasitan \u00e1rboles de hoja caduca, principalmente abedules, en el hemisferio norte. Se encuentran sobre todo en los bosques de Siberia, las regiones septentrionales de China y Canad\u00e1, donde se utilizan en medicina tradicional y ceremonias religiosas desde hace cientos de a\u00f1os.\" \/>\n<meta property=\"og:url\" content=\"https:\/\/naturalpoland.com\/es\/productos\/productos-para-la-industria-farmaceutica-y-medica\/extractos-de-setas\/blyscope-subcorn-chaga\/\" \/>\n<meta property=\"og:site_name\" content=\"NATURAL POLAND - Distribuidor Mayorista de Materias Primas\" \/>\n<meta property=\"article:publisher\" content=\"https:\/\/www.facebook.com\/naturalpoland.b2b\" \/>\n<meta property=\"article:modified_time\" content=\"2023-05-24T14:39:45+00:00\" \/>\n<meta property=\"og:image\" content=\"https:\/\/naturalpoland.com\/wp-content\/uploads\/chaga.jpg\" \/>\n\t<meta property=\"og:image:width\" content=\"600\" \/>\n\t<meta property=\"og:image:height\" content=\"600\" \/>\n\t<meta property=\"og:image:type\" content=\"image\/jpeg\" \/>\n<script type=\"application\/ld+json\" class=\"yoast-schema-graph\">{\"@context\":\"https:\\\/\\\/schema.org\",\"@graph\":[{\"@type\":\"WebPage\",\"@id\":\"https:\\\/\\\/naturalpoland.com\\\/es\\\/productos\\\/productos-para-la-industria-farmaceutica-y-medica\\\/extractos-de-setas\\\/blyscope-subcorn-chaga\\\/\",\"url\":\"https:\\\/\\\/naturalpoland.com\\\/es\\\/productos\\\/productos-para-la-industria-farmaceutica-y-medica\\\/extractos-de-setas\\\/blyscope-subcorn-chaga\\\/\",\"name\":\"Hilera subcortical (Chaga) - Distribuidor mayorista\",\"isPartOf\":{\"@id\":\"https:\\\/\\\/naturalpoland.com\\\/es\\\/#website\"},\"primaryImageOfPage\":{\"@id\":\"https:\\\/\\\/naturalpoland.com\\\/es\\\/productos\\\/productos-para-la-industria-farmaceutica-y-medica\\\/extractos-de-setas\\\/blyscope-subcorn-chaga\\\/#primaryimage\"},\"image\":{\"@id\":\"https:\\\/\\\/naturalpoland.com\\\/es\\\/productos\\\/productos-para-la-industria-farmaceutica-y-medica\\\/extractos-de-setas\\\/blyscope-subcorn-chaga\\\/#primaryimage\"},\"thumbnailUrl\":\"https:\\\/\\\/naturalpoland.com\\\/wp-content\\\/uploads\\\/ekstrakt-z-chaga.webp\",\"datePublished\":\"2023-05-12T13:17:11+00:00\",\"dateModified\":\"2023-05-24T14:39:45+00:00\",\"breadcrumb\":{\"@id\":\"https:\\\/\\\/naturalpoland.com\\\/es\\\/productos\\\/productos-para-la-industria-farmaceutica-y-medica\\\/extractos-de-setas\\\/blyscope-subcorn-chaga\\\/#breadcrumb\"},\"inLanguage\":\"es\",\"potentialAction\":[{\"@type\":\"ReadAction\",\"target\":[\"https:\\\/\\\/naturalpoland.com\\\/es\\\/productos\\\/productos-para-la-industria-farmaceutica-y-medica\\\/extractos-de-setas\\\/blyscope-subcorn-chaga\\\/\"]}]},{\"@type\":\"ImageObject\",\"inLanguage\":\"es\",\"@id\":\"https:\\\/\\\/naturalpoland.com\\\/es\\\/productos\\\/productos-para-la-industria-farmaceutica-y-medica\\\/extractos-de-setas\\\/blyscope-subcorn-chaga\\\/#primaryimage\",\"url\":\"https:\\\/\\\/naturalpoland.com\\\/wp-content\\\/uploads\\\/ekstrakt-z-chaga.webp\",\"contentUrl\":\"https:\\\/\\\/naturalpoland.com\\\/wp-content\\\/uploads\\\/ekstrakt-z-chaga.webp\",\"width\":1024,\"height\":1024,\"caption\":\"ekstrakt proszkowy z grzyb\u00f3w chaga\"},{\"@type\":\"BreadcrumbList\",\"@id\":\"https:\\\/\\\/naturalpoland.com\\\/es\\\/productos\\\/productos-para-la-industria-farmaceutica-y-medica\\\/extractos-de-setas\\\/blyscope-subcorn-chaga\\\/#breadcrumb\",\"itemListElement\":[{\"@type\":\"ListItem\",\"position\":1,\"name\":\"Inicio\",\"item\":\"https:\\\/\\\/naturalpoland.com\\\/es\\\/\"},{\"@type\":\"ListItem\",\"position\":2,\"name\":\"Productos\",\"item\":\"https:\\\/\\\/naturalpoland.com\\\/es\\\/productos\\\/\"},{\"@type\":\"ListItem\",\"position\":3,\"name\":\"Hilera subcortical (Chaga)\"}]},{\"@type\":\"WebSite\",\"@id\":\"https:\\\/\\\/naturalpoland.com\\\/es\\\/#website\",\"url\":\"https:\\\/\\\/naturalpoland.com\\\/es\\\/\",\"name\":\"NATURAL POLAND - Distribuidor Mayorista de Materias Primas\",\"description\":\"Surowce dla przemys\u0142u spo\u017cywczego, kosmetycznego i farmaceutycznego\",\"publisher\":{\"@id\":\"https:\\\/\\\/naturalpoland.com\\\/es\\\/#organization\"},\"potentialAction\":[{\"@type\":\"SearchAction\",\"target\":{\"@type\":\"EntryPoint\",\"urlTemplate\":\"https:\\\/\\\/naturalpoland.com\\\/es\\\/?s={search_term_string}\"},\"query-input\":{\"@type\":\"PropertyValueSpecification\",\"valueRequired\":true,\"valueName\":\"search_term_string\"}}],\"inLanguage\":\"es\"},{\"@type\":\"Organization\",\"@id\":\"https:\\\/\\\/naturalpoland.com\\\/es\\\/#organization\",\"name\":\"Natural Poland\",\"url\":\"https:\\\/\\\/naturalpoland.com\\\/es\\\/\",\"logo\":{\"@type\":\"ImageObject\",\"inLanguage\":\"es\",\"@id\":\"https:\\\/\\\/naturalpoland.com\\\/es\\\/#\\\/schema\\\/logo\\\/image\\\/\",\"url\":\"https:\\\/\\\/naturalpoland.com\\\/wp-content\\\/uploads\\\/2021\\\/05\\\/natural-poland-icon.png\",\"contentUrl\":\"https:\\\/\\\/naturalpoland.com\\\/wp-content\\\/uploads\\\/2021\\\/05\\\/natural-poland-icon.png\",\"width\":512,\"height\":512,\"caption\":\"Natural Poland\"},\"image\":{\"@id\":\"https:\\\/\\\/naturalpoland.com\\\/es\\\/#\\\/schema\\\/logo\\\/image\\\/\"},\"sameAs\":[\"https:\\\/\\\/www.facebook.com\\\/naturalpoland.b2b\",\"https:\\\/\\\/pl.linkedin.com\\\/company\\\/natural-poland\",\"https:\\\/\\\/www.youtube.com\\\/channel\\\/UCgeGGkvOMahZo-xu_MSEWxg\"]}]}<\/script>\n<!-- \/ Yoast SEO plugin. -->","yoast_head_json":{"title":"Hilera subcortical (Chaga) - Distribuidor mayorista","robots":{"index":"index","follow":"follow","max-snippet":"max-snippet:-1","max-image-preview":"max-image-preview:large","max-video-preview":"max-video-preview:-1"},"canonical":"https:\/\/naturalpoland.com\/es\/productos\/productos-para-la-industria-farmaceutica-y-medica\/extractos-de-setas\/blyscope-subcorn-chaga\/","og_locale":"es_ES","og_type":"article","og_title":"Hilera subcortical (Chaga) - Distribuidor mayorista","og_description":"Los hongos chaga (hileras subcorticales) parasitan \u00e1rboles de hoja caduca, principalmente abedules, en el hemisferio norte. Se encuentran sobre todo en los bosques de Siberia, las regiones septentrionales de China y Canad\u00e1, donde se utilizan en medicina tradicional y ceremonias religiosas desde hace cientos de a\u00f1os.","og_url":"https:\/\/naturalpoland.com\/es\/productos\/productos-para-la-industria-farmaceutica-y-medica\/extractos-de-setas\/blyscope-subcorn-chaga\/","og_site_name":"NATURAL POLAND - Distribuidor Mayorista de Materias Primas","article_publisher":"https:\/\/www.facebook.com\/naturalpoland.b2b","article_modified_time":"2023-05-24T14:39:45+00:00","og_image":[{"width":600,"height":600,"url":"https:\/\/naturalpoland.com\/wp-content\/uploads\/chaga.jpg","type":"image\/jpeg"}],"schema":{"@context":"https:\/\/schema.org","@graph":[{"@type":"WebPage","@id":"https:\/\/naturalpoland.com\/es\/productos\/productos-para-la-industria-farmaceutica-y-medica\/extractos-de-setas\/blyscope-subcorn-chaga\/","url":"https:\/\/naturalpoland.com\/es\/productos\/productos-para-la-industria-farmaceutica-y-medica\/extractos-de-setas\/blyscope-subcorn-chaga\/","name":"Hilera subcortical (Chaga) - Distribuidor mayorista","isPartOf":{"@id":"https:\/\/naturalpoland.com\/es\/#website"},"primaryImageOfPage":{"@id":"https:\/\/naturalpoland.com\/es\/productos\/productos-para-la-industria-farmaceutica-y-medica\/extractos-de-setas\/blyscope-subcorn-chaga\/#primaryimage"},"image":{"@id":"https:\/\/naturalpoland.com\/es\/productos\/productos-para-la-industria-farmaceutica-y-medica\/extractos-de-setas\/blyscope-subcorn-chaga\/#primaryimage"},"thumbnailUrl":"https:\/\/naturalpoland.com\/wp-content\/uploads\/ekstrakt-z-chaga.webp","datePublished":"2023-05-12T13:17:11+00:00","dateModified":"2023-05-24T14:39:45+00:00","breadcrumb":{"@id":"https:\/\/naturalpoland.com\/es\/productos\/productos-para-la-industria-farmaceutica-y-medica\/extractos-de-setas\/blyscope-subcorn-chaga\/#breadcrumb"},"inLanguage":"es","potentialAction":[{"@type":"ReadAction","target":["https:\/\/naturalpoland.com\/es\/productos\/productos-para-la-industria-farmaceutica-y-medica\/extractos-de-setas\/blyscope-subcorn-chaga\/"]}]},{"@type":"ImageObject","inLanguage":"es","@id":"https:\/\/naturalpoland.com\/es\/productos\/productos-para-la-industria-farmaceutica-y-medica\/extractos-de-setas\/blyscope-subcorn-chaga\/#primaryimage","url":"https:\/\/naturalpoland.com\/wp-content\/uploads\/ekstrakt-z-chaga.webp","contentUrl":"https:\/\/naturalpoland.com\/wp-content\/uploads\/ekstrakt-z-chaga.webp","width":1024,"height":1024,"caption":"ekstrakt proszkowy z grzyb\u00f3w chaga"},{"@type":"BreadcrumbList","@id":"https:\/\/naturalpoland.com\/es\/productos\/productos-para-la-industria-farmaceutica-y-medica\/extractos-de-setas\/blyscope-subcorn-chaga\/#breadcrumb","itemListElement":[{"@type":"ListItem","position":1,"name":"Inicio","item":"https:\/\/naturalpoland.com\/es\/"},{"@type":"ListItem","position":2,"name":"Productos","item":"https:\/\/naturalpoland.com\/es\/productos\/"},{"@type":"ListItem","position":3,"name":"Hilera subcortical (Chaga)"}]},{"@type":"WebSite","@id":"https:\/\/naturalpoland.com\/es\/#website","url":"https:\/\/naturalpoland.com\/es\/","name":"NATURAL POLAND - Distribuidor Mayorista de Materias Primas","description":"Surowce dla przemys\u0142u spo\u017cywczego, kosmetycznego i farmaceutycznego","publisher":{"@id":"https:\/\/naturalpoland.com\/es\/#organization"},"potentialAction":[{"@type":"SearchAction","target":{"@type":"EntryPoint","urlTemplate":"https:\/\/naturalpoland.com\/es\/?s={search_term_string}"},"query-input":{"@type":"PropertyValueSpecification","valueRequired":true,"valueName":"search_term_string"}}],"inLanguage":"es"},{"@type":"Organization","@id":"https:\/\/naturalpoland.com\/es\/#organization","name":"Natural Poland","url":"https:\/\/naturalpoland.com\/es\/","logo":{"@type":"ImageObject","inLanguage":"es","@id":"https:\/\/naturalpoland.com\/es\/#\/schema\/logo\/image\/","url":"https:\/\/naturalpoland.com\/wp-content\/uploads\/2021\/05\/natural-poland-icon.png","contentUrl":"https:\/\/naturalpoland.com\/wp-content\/uploads\/2021\/05\/natural-poland-icon.png","width":512,"height":512,"caption":"Natural Poland"},"image":{"@id":"https:\/\/naturalpoland.com\/es\/#\/schema\/logo\/image\/"},"sameAs":["https:\/\/www.facebook.com\/naturalpoland.b2b","https:\/\/pl.linkedin.com\/company\/natural-poland","https:\/\/www.youtube.com\/channel\/UCgeGGkvOMahZo-xu_MSEWxg"]}]}},"_links":{"self":[{"href":"https:\/\/naturalpoland.com\/es\/wp-json\/wp\/v2\/product\/23511","targetHints":{"allow":["GET"]}}],"collection":[{"href":"https:\/\/naturalpoland.com\/es\/wp-json\/wp\/v2\/product"}],"about":[{"href":"https:\/\/naturalpoland.com\/es\/wp-json\/wp\/v2\/types\/product"}],"wp:featuredmedia":[{"embeddable":true,"href":"https:\/\/naturalpoland.com\/es\/wp-json\/wp\/v2\/media\/42135"}],"wp:attachment":[{"href":"https:\/\/naturalpoland.com\/es\/wp-json\/wp\/v2\/media?parent=23511"}],"wp:term":[{"taxonomy":"product_brand","embeddable":true,"href":"https:\/\/naturalpoland.com\/es\/wp-json\/wp\/v2\/product_brand?post=23511"},{"taxonomy":"product_cat","embeddable":true,"href":"https:\/\/naturalpoland.com\/es\/wp-json\/wp\/v2\/product_cat?post=23511"},{"taxonomy":"product_tag","embeddable":true,"href":"https:\/\/naturalpoland.com\/es\/wp-json\/wp\/v2\/product_tag?post=23511"}],"curies":[{"name":"wp","href":"https:\/\/api.w.org\/{rel}","templated":true}]}}