{"id":23743,"date":"2023-06-21T12:56:49","date_gmt":"2023-06-21T11:15:30","guid":{"rendered":"https:\/\/naturalpoland.com\/produkty\/sin categor\u00eda\/extracto-de-ajuga-turkestanica\/"},"modified":"2023-06-21T13:15:30","modified_gmt":"2023-06-21T11:15:30","slug":"extracto-de-ajuga-turkestanica","status":"publish","type":"product","link":"https:\/\/naturalpoland.com\/es\/productos\/extractos-de-plantas\/extracto-de-ajuga-turkestanica\/","title":{"rendered":"Extracto de Ajuga Turkestanica"},"content":{"rendered":"<p>El extracto de Ajuga Turkestanica es un concentrado de fuerza y vitalidad. Su composici\u00f3n incluye ecdisteroides, esteroides vegetales naturales, que tienen un efecto anab\u00f3lico, ayudando a la construcci\u00f3n muscular. Adem\u00e1s, Ajuga Turkestanica contiene fitoecdisteroides, que aceleran la regeneraci\u00f3n del cuerpo despu\u00e9s del esfuerzo f\u00edsico, lo que lo convierte en un complemento ideal para la dieta de los deportistas y las personas activas. Adem\u00e1s, Ajuga Turkestanica tiene la capacidad de fortalecer el sistema inmunol\u00f3gico, gracias a la presencia de ingredientes \u00fanicos como turkesterona y ciasterona.   <\/p>\n<h2>\u00bfQu\u00e9 es la turkesterona?<\/h2>\n<p>La turkesterona es un fitoecdisteroide que se encuentra naturalmente en la Ajuga Turkestanica. Es un compuesto bioactivo potente que muestra actividad anab\u00f3lica. Afecta al cuerpo humano de manera similar a la hormona del crecimiento, acelerando los procesos regenerativos y estimulando el desarrollo del tejido muscular. Por ello, el extracto de Ajuga Turkestanica es especialmente valorado por los deportistas y las personas que llevan un estilo de vida activo. Nuestra estandarizaci\u00f3n a <strong>un m\u00ednimo del 10% de contenido de turkesterona<\/strong> asegura que cada dosis del producto proporciona una cantidad \u00f3ptima de esta sustancia. Esto es fundamental para obtener los efectos deseados y garantizar la seguridad de uso. Pero la turkesterona tiene un campo de aplicaci\u00f3n mucho m\u00e1s amplio que simplemente apoyar la construcci\u00f3n de masa muscular. Este compuesto tambi\u00e9n afecta el rendimiento general del cuerpo, ayuda a mantener un peso corporal adecuado y tiene un impacto positivo en el sistema inmunol\u00f3gico. Tambi\u00e9n puede apoyar el sistema cardiovascular y contribuir a mejorar la calidad del sue\u00f1o, la resistencia mental y el manejo del estr\u00e9s.   <\/p>\n<h2>Aplicaci\u00f3n del extracto de Ajuga Turkestanica<\/h2>\n<p>El uso del extracto puede contribuir a mejorar el bienestar, proporcionar energ\u00eda y contrarrestar los efectos del estr\u00e9s oxidativo. El extracto puede ser utilizado como un suplemento diet\u00e9tico natural para apoyar la salud de cada individuo. Tiene un efecto positivo en el funcionamiento del sistema cardiovascular, apoya la digesti\u00f3n y puede contribuir a mejorar la calidad del sue\u00f1o. Nuestro extracto de Ajuga Turkestanica se produce de acuerdo con los m\u00e1s altos est\u00e1ndares de calidad. Nos aseguramos de que cada lote del producto sea verificado meticulosamente para la presencia de ingredientes activos, garantizando su eficacia y seguridad.<\/p>\n","protected":false},"excerpt":{"rendered":"<p><span class=\"ui-provider gs b c d e f g h i j k l m n o p q r s t u v w x y z ab ac ae af ag ah ai aj ak\" dir=\"ltr\">Ajuga Turkestanica es un extracto \u00fanico que proviene del coraz\u00f3n de Asia Central. Contiene una riqueza de ingredientes activos, incluyendo uno de los m\u00e1s efectivos ingredientes activos naturales &#8211; turkesterona. Nuestro producto es una fuente de esta extraordinaria sustancia, cuya contenido garantizamos en un m\u00ednimo del 10%.  <\/span><\/p>\n","protected":false},"featured_media":23738,"template":"","meta":[],"product_brand":[],"product_cat":[1079],"product_tag":[],"class_list":{"0":"post-23743","1":"product","2":"type-product","3":"status-publish","4":"has-post-thumbnail","6":"product_cat-extractos-de-plantas","7":"pa_certyfikaty-certificacion-kosher","8":"pa_certyfikaty-halal-es","9":"pa_czesc-rosliny-planta-entera","11":"first","12":"instock","13":"shipping-taxable","14":"product-type-simple"},"yoast_head":"<!-- This site is optimized with the Yoast SEO plugin v27.4 - https:\/\/yoast.com\/product\/yoast-seo-wordpress\/ -->\n<title>Extracto de Ajuga Turkestanica - Distribuidor mayorista<\/title>\n<meta name=\"description\" content=\"Nuestro extracto de Ajuga Turkestanica se produce de acuerdo con los m\u00e1s altos est\u00e1ndares de calidad. Nos aseguramos de que cada lote del producto sea verificado para la presencia de ingredientes activos.\" \/>\n<meta name=\"robots\" content=\"index, follow, max-snippet:-1, max-image-preview:large, max-video-preview:-1\" \/>\n<link rel=\"canonical\" href=\"https:\/\/naturalpoland.com\/es\/productos\/extractos-de-plantas\/extracto-de-ajuga-turkestanica\/\" \/>\n<meta property=\"og:locale\" content=\"es_ES\" \/>\n<meta property=\"og:type\" content=\"article\" \/>\n<meta property=\"og:title\" content=\"Extracto de Ajuga Turkestanica - Distribuidor mayorista\" \/>\n<meta property=\"og:description\" content=\"Nuestro extracto de Ajuga Turkestanica se produce de acuerdo con los m\u00e1s altos est\u00e1ndares de calidad. Nos aseguramos de que cada lote del producto sea verificado para la presencia de ingredientes activos.\" \/>\n<meta property=\"og:url\" content=\"https:\/\/naturalpoland.com\/es\/productos\/extractos-de-plantas\/extracto-de-ajuga-turkestanica\/\" \/>\n<meta property=\"og:site_name\" content=\"NATURAL POLAND - Distribuidor Mayorista de Materias Primas\" \/>\n<meta property=\"article:publisher\" content=\"https:\/\/www.facebook.com\/naturalpoland.b2b\" \/>\n<meta property=\"og:image\" content=\"https:\/\/naturalpoland.com\/wp-content\/uploads\/sjuga-turkestanica-ekstrakt.jpg\" \/>\n\t<meta property=\"og:image:width\" content=\"650\" \/>\n\t<meta property=\"og:image:height\" content=\"650\" \/>\n\t<meta property=\"og:image:type\" content=\"image\/jpeg\" \/>\n<script type=\"application\/ld+json\" class=\"yoast-schema-graph\">{\"@context\":\"https:\\\/\\\/schema.org\",\"@graph\":[{\"@type\":\"WebPage\",\"@id\":\"https:\\\/\\\/naturalpoland.com\\\/es\\\/productos\\\/extractos-de-plantas\\\/extracto-de-ajuga-turkestanica\\\/\",\"url\":\"https:\\\/\\\/naturalpoland.com\\\/es\\\/productos\\\/extractos-de-plantas\\\/extracto-de-ajuga-turkestanica\\\/\",\"name\":\"Extracto de Ajuga Turkestanica - Distribuidor mayorista\",\"isPartOf\":{\"@id\":\"https:\\\/\\\/naturalpoland.com\\\/es\\\/#website\"},\"primaryImageOfPage\":{\"@id\":\"https:\\\/\\\/naturalpoland.com\\\/es\\\/productos\\\/extractos-de-plantas\\\/extracto-de-ajuga-turkestanica\\\/#primaryimage\"},\"image\":{\"@id\":\"https:\\\/\\\/naturalpoland.com\\\/es\\\/productos\\\/extractos-de-plantas\\\/extracto-de-ajuga-turkestanica\\\/#primaryimage\"},\"thumbnailUrl\":\"https:\\\/\\\/naturalpoland.com\\\/wp-content\\\/uploads\\\/sjuga-turkestanica-ekstrakt.jpg\",\"datePublished\":\"2023-06-21T11:15:30+00:00\",\"description\":\"Nuestro extracto de Ajuga Turkestanica se produce de acuerdo con los m\u00e1s altos est\u00e1ndares de calidad. Nos aseguramos de que cada lote del producto sea verificado para la presencia de ingredientes activos.\",\"breadcrumb\":{\"@id\":\"https:\\\/\\\/naturalpoland.com\\\/es\\\/productos\\\/extractos-de-plantas\\\/extracto-de-ajuga-turkestanica\\\/#breadcrumb\"},\"inLanguage\":\"es\",\"potentialAction\":[{\"@type\":\"ReadAction\",\"target\":[\"https:\\\/\\\/naturalpoland.com\\\/es\\\/productos\\\/extractos-de-plantas\\\/extracto-de-ajuga-turkestanica\\\/\"]}]},{\"@type\":\"ImageObject\",\"inLanguage\":\"es\",\"@id\":\"https:\\\/\\\/naturalpoland.com\\\/es\\\/productos\\\/extractos-de-plantas\\\/extracto-de-ajuga-turkestanica\\\/#primaryimage\",\"url\":\"https:\\\/\\\/naturalpoland.com\\\/wp-content\\\/uploads\\\/sjuga-turkestanica-ekstrakt.jpg\",\"contentUrl\":\"https:\\\/\\\/naturalpoland.com\\\/wp-content\\\/uploads\\\/sjuga-turkestanica-ekstrakt.jpg\",\"width\":650,\"height\":650,\"caption\":\"Extracto de Ajuga Turkestanica\"},{\"@type\":\"BreadcrumbList\",\"@id\":\"https:\\\/\\\/naturalpoland.com\\\/es\\\/productos\\\/extractos-de-plantas\\\/extracto-de-ajuga-turkestanica\\\/#breadcrumb\",\"itemListElement\":[{\"@type\":\"ListItem\",\"position\":1,\"name\":\"Inicio\",\"item\":\"https:\\\/\\\/naturalpoland.com\\\/es\\\/\"},{\"@type\":\"ListItem\",\"position\":2,\"name\":\"Productos\",\"item\":\"https:\\\/\\\/naturalpoland.com\\\/es\\\/productos\\\/\"},{\"@type\":\"ListItem\",\"position\":3,\"name\":\"Extracto de Ajuga Turkestanica\"}]},{\"@type\":\"WebSite\",\"@id\":\"https:\\\/\\\/naturalpoland.com\\\/es\\\/#website\",\"url\":\"https:\\\/\\\/naturalpoland.com\\\/es\\\/\",\"name\":\"NATURAL POLAND - Distribuidor Mayorista de Materias Primas\",\"description\":\"Surowce dla przemys\u0142u spo\u017cywczego, kosmetycznego i farmaceutycznego\",\"publisher\":{\"@id\":\"https:\\\/\\\/naturalpoland.com\\\/es\\\/#organization\"},\"potentialAction\":[{\"@type\":\"SearchAction\",\"target\":{\"@type\":\"EntryPoint\",\"urlTemplate\":\"https:\\\/\\\/naturalpoland.com\\\/es\\\/?s={search_term_string}\"},\"query-input\":{\"@type\":\"PropertyValueSpecification\",\"valueRequired\":true,\"valueName\":\"search_term_string\"}}],\"inLanguage\":\"es\"},{\"@type\":\"Organization\",\"@id\":\"https:\\\/\\\/naturalpoland.com\\\/es\\\/#organization\",\"name\":\"Natural Poland\",\"url\":\"https:\\\/\\\/naturalpoland.com\\\/es\\\/\",\"logo\":{\"@type\":\"ImageObject\",\"inLanguage\":\"es\",\"@id\":\"https:\\\/\\\/naturalpoland.com\\\/es\\\/#\\\/schema\\\/logo\\\/image\\\/\",\"url\":\"https:\\\/\\\/naturalpoland.com\\\/wp-content\\\/uploads\\\/2021\\\/05\\\/natural-poland-icon.png\",\"contentUrl\":\"https:\\\/\\\/naturalpoland.com\\\/wp-content\\\/uploads\\\/2021\\\/05\\\/natural-poland-icon.png\",\"width\":512,\"height\":512,\"caption\":\"Natural Poland\"},\"image\":{\"@id\":\"https:\\\/\\\/naturalpoland.com\\\/es\\\/#\\\/schema\\\/logo\\\/image\\\/\"},\"sameAs\":[\"https:\\\/\\\/www.facebook.com\\\/naturalpoland.b2b\",\"https:\\\/\\\/pl.linkedin.com\\\/company\\\/natural-poland\",\"https:\\\/\\\/www.youtube.com\\\/channel\\\/UCgeGGkvOMahZo-xu_MSEWxg\"]}]}<\/script>\n<!-- \/ Yoast SEO plugin. -->","yoast_head_json":{"title":"Extracto de Ajuga Turkestanica - Distribuidor mayorista","description":"Nuestro extracto de Ajuga Turkestanica se produce de acuerdo con los m\u00e1s altos est\u00e1ndares de calidad. Nos aseguramos de que cada lote del producto sea verificado para la presencia de ingredientes activos.","robots":{"index":"index","follow":"follow","max-snippet":"max-snippet:-1","max-image-preview":"max-image-preview:large","max-video-preview":"max-video-preview:-1"},"canonical":"https:\/\/naturalpoland.com\/es\/productos\/extractos-de-plantas\/extracto-de-ajuga-turkestanica\/","og_locale":"es_ES","og_type":"article","og_title":"Extracto de Ajuga Turkestanica - Distribuidor mayorista","og_description":"Nuestro extracto de Ajuga Turkestanica se produce de acuerdo con los m\u00e1s altos est\u00e1ndares de calidad. Nos aseguramos de que cada lote del producto sea verificado para la presencia de ingredientes activos.","og_url":"https:\/\/naturalpoland.com\/es\/productos\/extractos-de-plantas\/extracto-de-ajuga-turkestanica\/","og_site_name":"NATURAL POLAND - Distribuidor Mayorista de Materias Primas","article_publisher":"https:\/\/www.facebook.com\/naturalpoland.b2b","og_image":[{"width":650,"height":650,"url":"https:\/\/naturalpoland.com\/wp-content\/uploads\/sjuga-turkestanica-ekstrakt.jpg","type":"image\/jpeg"}],"schema":{"@context":"https:\/\/schema.org","@graph":[{"@type":"WebPage","@id":"https:\/\/naturalpoland.com\/es\/productos\/extractos-de-plantas\/extracto-de-ajuga-turkestanica\/","url":"https:\/\/naturalpoland.com\/es\/productos\/extractos-de-plantas\/extracto-de-ajuga-turkestanica\/","name":"Extracto de Ajuga Turkestanica - Distribuidor mayorista","isPartOf":{"@id":"https:\/\/naturalpoland.com\/es\/#website"},"primaryImageOfPage":{"@id":"https:\/\/naturalpoland.com\/es\/productos\/extractos-de-plantas\/extracto-de-ajuga-turkestanica\/#primaryimage"},"image":{"@id":"https:\/\/naturalpoland.com\/es\/productos\/extractos-de-plantas\/extracto-de-ajuga-turkestanica\/#primaryimage"},"thumbnailUrl":"https:\/\/naturalpoland.com\/wp-content\/uploads\/sjuga-turkestanica-ekstrakt.jpg","datePublished":"2023-06-21T11:15:30+00:00","description":"Nuestro extracto de Ajuga Turkestanica se produce de acuerdo con los m\u00e1s altos est\u00e1ndares de calidad. Nos aseguramos de que cada lote del producto sea verificado para la presencia de ingredientes activos.","breadcrumb":{"@id":"https:\/\/naturalpoland.com\/es\/productos\/extractos-de-plantas\/extracto-de-ajuga-turkestanica\/#breadcrumb"},"inLanguage":"es","potentialAction":[{"@type":"ReadAction","target":["https:\/\/naturalpoland.com\/es\/productos\/extractos-de-plantas\/extracto-de-ajuga-turkestanica\/"]}]},{"@type":"ImageObject","inLanguage":"es","@id":"https:\/\/naturalpoland.com\/es\/productos\/extractos-de-plantas\/extracto-de-ajuga-turkestanica\/#primaryimage","url":"https:\/\/naturalpoland.com\/wp-content\/uploads\/sjuga-turkestanica-ekstrakt.jpg","contentUrl":"https:\/\/naturalpoland.com\/wp-content\/uploads\/sjuga-turkestanica-ekstrakt.jpg","width":650,"height":650,"caption":"Extracto de Ajuga Turkestanica"},{"@type":"BreadcrumbList","@id":"https:\/\/naturalpoland.com\/es\/productos\/extractos-de-plantas\/extracto-de-ajuga-turkestanica\/#breadcrumb","itemListElement":[{"@type":"ListItem","position":1,"name":"Inicio","item":"https:\/\/naturalpoland.com\/es\/"},{"@type":"ListItem","position":2,"name":"Productos","item":"https:\/\/naturalpoland.com\/es\/productos\/"},{"@type":"ListItem","position":3,"name":"Extracto de Ajuga Turkestanica"}]},{"@type":"WebSite","@id":"https:\/\/naturalpoland.com\/es\/#website","url":"https:\/\/naturalpoland.com\/es\/","name":"NATURAL POLAND - Distribuidor Mayorista de Materias Primas","description":"Surowce dla przemys\u0142u spo\u017cywczego, kosmetycznego i farmaceutycznego","publisher":{"@id":"https:\/\/naturalpoland.com\/es\/#organization"},"potentialAction":[{"@type":"SearchAction","target":{"@type":"EntryPoint","urlTemplate":"https:\/\/naturalpoland.com\/es\/?s={search_term_string}"},"query-input":{"@type":"PropertyValueSpecification","valueRequired":true,"valueName":"search_term_string"}}],"inLanguage":"es"},{"@type":"Organization","@id":"https:\/\/naturalpoland.com\/es\/#organization","name":"Natural Poland","url":"https:\/\/naturalpoland.com\/es\/","logo":{"@type":"ImageObject","inLanguage":"es","@id":"https:\/\/naturalpoland.com\/es\/#\/schema\/logo\/image\/","url":"https:\/\/naturalpoland.com\/wp-content\/uploads\/2021\/05\/natural-poland-icon.png","contentUrl":"https:\/\/naturalpoland.com\/wp-content\/uploads\/2021\/05\/natural-poland-icon.png","width":512,"height":512,"caption":"Natural Poland"},"image":{"@id":"https:\/\/naturalpoland.com\/es\/#\/schema\/logo\/image\/"},"sameAs":["https:\/\/www.facebook.com\/naturalpoland.b2b","https:\/\/pl.linkedin.com\/company\/natural-poland","https:\/\/www.youtube.com\/channel\/UCgeGGkvOMahZo-xu_MSEWxg"]}]}},"_links":{"self":[{"href":"https:\/\/naturalpoland.com\/es\/wp-json\/wp\/v2\/product\/23743","targetHints":{"allow":["GET"]}}],"collection":[{"href":"https:\/\/naturalpoland.com\/es\/wp-json\/wp\/v2\/product"}],"about":[{"href":"https:\/\/naturalpoland.com\/es\/wp-json\/wp\/v2\/types\/product"}],"wp:featuredmedia":[{"embeddable":true,"href":"https:\/\/naturalpoland.com\/es\/wp-json\/wp\/v2\/media\/23738"}],"wp:attachment":[{"href":"https:\/\/naturalpoland.com\/es\/wp-json\/wp\/v2\/media?parent=23743"}],"wp:term":[{"taxonomy":"product_brand","embeddable":true,"href":"https:\/\/naturalpoland.com\/es\/wp-json\/wp\/v2\/product_brand?post=23743"},{"taxonomy":"product_cat","embeddable":true,"href":"https:\/\/naturalpoland.com\/es\/wp-json\/wp\/v2\/product_cat?post=23743"},{"taxonomy":"product_tag","embeddable":true,"href":"https:\/\/naturalpoland.com\/es\/wp-json\/wp\/v2\/product_tag?post=23743"}],"curies":[{"name":"wp","href":"https:\/\/api.w.org\/{rel}","templated":true}]}}