{"id":24247,"date":"2023-07-10T12:37:36","date_gmt":"2023-07-18T10:30:51","guid":{"rendered":"https:\/\/naturalpoland.com\/produkty\/sin%20categor\u00eda\/mantequilla-de-lima\/"},"modified":"2023-07-18T12:50:22","modified_gmt":"2023-07-18T10:50:22","slug":"mantequilla-de-lima","status":"publish","type":"product","link":"https:\/\/naturalpoland.com\/es\/productos\/productos-para-la-industria-cosmetica\/mantecas-cosmeticas\/mantequilla-de-lima\/","title":{"rendered":"Mantequilla de lima"},"content":{"rendered":"<p>La manteca de lima es rica en vitamina C y otros antioxidantes, que ayudan a proteger la piel de los da\u00f1os causados por los radicales libres y tambi\u00e9n aclaran la decoloraci\u00f3n. Sus \u00e1cidos de frutas naturales limpian suavemente y refrescan la piel, dej\u00e1ndola suave y tersa.<\/p>\n<p>La textura cremosa de la manteca de lima hace que sea f\u00e1cil de extender y se absorba r\u00e1pidamente, proporcionando una hidrataci\u00f3n intensa sin dejar una pel\u00edcula grasa. Ideal para su uso en mascarillas, cremas, lociones, exfoliantes y productos para el cuidado del cabello.<\/p>\n","protected":false},"excerpt":{"rendered":"<p>Extra\u00edda de las semillas de <em>Citrus Aurantifolia<\/em>, la<strong> manteca de lima<\/strong> est\u00e1 repleta de nutrientes naturales que nutren y protegen la piel.<\/p>\n","protected":false},"featured_media":24054,"template":"","meta":[],"product_brand":[],"product_cat":[1072],"product_tag":[],"class_list":{"0":"post-24247","1":"product","2":"type-product","3":"status-publish","4":"has-post-thumbnail","6":"product_cat-mantecas-cosmeticas","8":"first","9":"instock","10":"shipping-taxable","11":"product-type-simple"},"yoast_head":"<!-- This site is optimized with the Yoast SEO plugin v27.3 - https:\/\/yoast.com\/product\/yoast-seo-wordpress\/ -->\n<title>Mantequilla de lima - Distribuidor mayorista<\/title>\n<meta name=\"description\" content=\"Extra\u00edda de las semillas de Citrus Aurantifolia, la manteca de lima est\u00e1 repleta de nutrientes naturales que nutren y protegen la piel.\" \/>\n<meta name=\"robots\" content=\"index, follow, max-snippet:-1, max-image-preview:large, max-video-preview:-1\" \/>\n<link rel=\"canonical\" href=\"https:\/\/naturalpoland.com\/es\/productos\/productos-para-la-industria-cosmetica\/mantecas-cosmeticas\/mantequilla-de-lima\/\" \/>\n<meta property=\"og:locale\" content=\"es_ES\" \/>\n<meta property=\"og:type\" content=\"article\" \/>\n<meta property=\"og:title\" content=\"Mantequilla de lima - Distribuidor mayorista\" \/>\n<meta property=\"og:description\" content=\"Extra\u00edda de las semillas de Citrus Aurantifolia, la manteca de lima est\u00e1 repleta de nutrientes naturales que nutren y protegen la piel.\" \/>\n<meta property=\"og:url\" content=\"https:\/\/naturalpoland.com\/es\/productos\/productos-para-la-industria-cosmetica\/mantecas-cosmeticas\/mantequilla-de-lima\/\" \/>\n<meta property=\"og:site_name\" content=\"NATURAL POLAND - Distribuidor Mayorista de Materias Primas\" \/>\n<meta property=\"article:publisher\" content=\"https:\/\/www.facebook.com\/naturalpoland.b2b\" \/>\n<meta property=\"article:modified_time\" content=\"2023-07-18T10:50:22+00:00\" \/>\n<meta property=\"og:image\" content=\"https:\/\/naturalpoland.com\/wp-content\/uploads\/lemon-butter-1.jpg\" \/>\n\t<meta property=\"og:image:width\" content=\"650\" \/>\n\t<meta property=\"og:image:height\" content=\"650\" \/>\n\t<meta property=\"og:image:type\" content=\"image\/jpeg\" \/>\n<script type=\"application\/ld+json\" class=\"yoast-schema-graph\">{\"@context\":\"https:\\\/\\\/schema.org\",\"@graph\":[{\"@type\":\"WebPage\",\"@id\":\"https:\\\/\\\/naturalpoland.com\\\/es\\\/productos\\\/productos-para-la-industria-cosmetica\\\/mantecas-cosmeticas\\\/mantequilla-de-lima\\\/\",\"url\":\"https:\\\/\\\/naturalpoland.com\\\/es\\\/productos\\\/productos-para-la-industria-cosmetica\\\/mantecas-cosmeticas\\\/mantequilla-de-lima\\\/\",\"name\":\"Mantequilla de lima - Distribuidor mayorista\",\"isPartOf\":{\"@id\":\"https:\\\/\\\/naturalpoland.com\\\/es\\\/#website\"},\"primaryImageOfPage\":{\"@id\":\"https:\\\/\\\/naturalpoland.com\\\/es\\\/productos\\\/productos-para-la-industria-cosmetica\\\/mantecas-cosmeticas\\\/mantequilla-de-lima\\\/#primaryimage\"},\"image\":{\"@id\":\"https:\\\/\\\/naturalpoland.com\\\/es\\\/productos\\\/productos-para-la-industria-cosmetica\\\/mantecas-cosmeticas\\\/mantequilla-de-lima\\\/#primaryimage\"},\"thumbnailUrl\":\"https:\\\/\\\/naturalpoland.com\\\/wp-content\\\/uploads\\\/lemon-butter-1.jpg\",\"datePublished\":\"2023-07-18T10:30:51+00:00\",\"dateModified\":\"2023-07-18T10:50:22+00:00\",\"description\":\"Extra\u00edda de las semillas de Citrus Aurantifolia, la manteca de lima est\u00e1 repleta de nutrientes naturales que nutren y protegen la piel.\",\"breadcrumb\":{\"@id\":\"https:\\\/\\\/naturalpoland.com\\\/es\\\/productos\\\/productos-para-la-industria-cosmetica\\\/mantecas-cosmeticas\\\/mantequilla-de-lima\\\/#breadcrumb\"},\"inLanguage\":\"es\",\"potentialAction\":[{\"@type\":\"ReadAction\",\"target\":[\"https:\\\/\\\/naturalpoland.com\\\/es\\\/productos\\\/productos-para-la-industria-cosmetica\\\/mantecas-cosmeticas\\\/mantequilla-de-lima\\\/\"]}]},{\"@type\":\"ImageObject\",\"inLanguage\":\"es\",\"@id\":\"https:\\\/\\\/naturalpoland.com\\\/es\\\/productos\\\/productos-para-la-industria-cosmetica\\\/mantecas-cosmeticas\\\/mantequilla-de-lima\\\/#primaryimage\",\"url\":\"https:\\\/\\\/naturalpoland.com\\\/wp-content\\\/uploads\\\/lemon-butter-1.jpg\",\"contentUrl\":\"https:\\\/\\\/naturalpoland.com\\\/wp-content\\\/uploads\\\/lemon-butter-1.jpg\",\"width\":650,\"height\":650,\"caption\":\"mantequilla de lima\"},{\"@type\":\"BreadcrumbList\",\"@id\":\"https:\\\/\\\/naturalpoland.com\\\/es\\\/productos\\\/productos-para-la-industria-cosmetica\\\/mantecas-cosmeticas\\\/mantequilla-de-lima\\\/#breadcrumb\",\"itemListElement\":[{\"@type\":\"ListItem\",\"position\":1,\"name\":\"Inicio\",\"item\":\"https:\\\/\\\/naturalpoland.com\\\/es\\\/\"},{\"@type\":\"ListItem\",\"position\":2,\"name\":\"Productos\",\"item\":\"https:\\\/\\\/naturalpoland.com\\\/es\\\/productos\\\/\"},{\"@type\":\"ListItem\",\"position\":3,\"name\":\"Mantequilla de lima\"}]},{\"@type\":\"WebSite\",\"@id\":\"https:\\\/\\\/naturalpoland.com\\\/es\\\/#website\",\"url\":\"https:\\\/\\\/naturalpoland.com\\\/es\\\/\",\"name\":\"NATURAL POLAND - Distribuidor Mayorista de Materias Primas\",\"description\":\"Surowce dla przemys\u0142u spo\u017cywczego, kosmetycznego i farmaceutycznego\",\"publisher\":{\"@id\":\"https:\\\/\\\/naturalpoland.com\\\/es\\\/#organization\"},\"potentialAction\":[{\"@type\":\"SearchAction\",\"target\":{\"@type\":\"EntryPoint\",\"urlTemplate\":\"https:\\\/\\\/naturalpoland.com\\\/es\\\/?s={search_term_string}\"},\"query-input\":{\"@type\":\"PropertyValueSpecification\",\"valueRequired\":true,\"valueName\":\"search_term_string\"}}],\"inLanguage\":\"es\"},{\"@type\":\"Organization\",\"@id\":\"https:\\\/\\\/naturalpoland.com\\\/es\\\/#organization\",\"name\":\"Natural Poland\",\"url\":\"https:\\\/\\\/naturalpoland.com\\\/es\\\/\",\"logo\":{\"@type\":\"ImageObject\",\"inLanguage\":\"es\",\"@id\":\"https:\\\/\\\/naturalpoland.com\\\/es\\\/#\\\/schema\\\/logo\\\/image\\\/\",\"url\":\"https:\\\/\\\/naturalpoland.com\\\/wp-content\\\/uploads\\\/2021\\\/05\\\/natural-poland-icon.png\",\"contentUrl\":\"https:\\\/\\\/naturalpoland.com\\\/wp-content\\\/uploads\\\/2021\\\/05\\\/natural-poland-icon.png\",\"width\":512,\"height\":512,\"caption\":\"Natural Poland\"},\"image\":{\"@id\":\"https:\\\/\\\/naturalpoland.com\\\/es\\\/#\\\/schema\\\/logo\\\/image\\\/\"},\"sameAs\":[\"https:\\\/\\\/www.facebook.com\\\/naturalpoland.b2b\",\"https:\\\/\\\/pl.linkedin.com\\\/company\\\/natural-poland\",\"https:\\\/\\\/www.youtube.com\\\/channel\\\/UCgeGGkvOMahZo-xu_MSEWxg\"]}]}<\/script>\n<!-- \/ Yoast SEO plugin. -->","yoast_head_json":{"title":"Mantequilla de lima - Distribuidor mayorista","description":"Extra\u00edda de las semillas de Citrus Aurantifolia, la manteca de lima est\u00e1 repleta de nutrientes naturales que nutren y protegen la piel.","robots":{"index":"index","follow":"follow","max-snippet":"max-snippet:-1","max-image-preview":"max-image-preview:large","max-video-preview":"max-video-preview:-1"},"canonical":"https:\/\/naturalpoland.com\/es\/productos\/productos-para-la-industria-cosmetica\/mantecas-cosmeticas\/mantequilla-de-lima\/","og_locale":"es_ES","og_type":"article","og_title":"Mantequilla de lima - Distribuidor mayorista","og_description":"Extra\u00edda de las semillas de Citrus Aurantifolia, la manteca de lima est\u00e1 repleta de nutrientes naturales que nutren y protegen la piel.","og_url":"https:\/\/naturalpoland.com\/es\/productos\/productos-para-la-industria-cosmetica\/mantecas-cosmeticas\/mantequilla-de-lima\/","og_site_name":"NATURAL POLAND - Distribuidor Mayorista de Materias Primas","article_publisher":"https:\/\/www.facebook.com\/naturalpoland.b2b","article_modified_time":"2023-07-18T10:50:22+00:00","og_image":[{"width":650,"height":650,"url":"https:\/\/naturalpoland.com\/wp-content\/uploads\/lemon-butter-1.jpg","type":"image\/jpeg"}],"schema":{"@context":"https:\/\/schema.org","@graph":[{"@type":"WebPage","@id":"https:\/\/naturalpoland.com\/es\/productos\/productos-para-la-industria-cosmetica\/mantecas-cosmeticas\/mantequilla-de-lima\/","url":"https:\/\/naturalpoland.com\/es\/productos\/productos-para-la-industria-cosmetica\/mantecas-cosmeticas\/mantequilla-de-lima\/","name":"Mantequilla de lima - Distribuidor mayorista","isPartOf":{"@id":"https:\/\/naturalpoland.com\/es\/#website"},"primaryImageOfPage":{"@id":"https:\/\/naturalpoland.com\/es\/productos\/productos-para-la-industria-cosmetica\/mantecas-cosmeticas\/mantequilla-de-lima\/#primaryimage"},"image":{"@id":"https:\/\/naturalpoland.com\/es\/productos\/productos-para-la-industria-cosmetica\/mantecas-cosmeticas\/mantequilla-de-lima\/#primaryimage"},"thumbnailUrl":"https:\/\/naturalpoland.com\/wp-content\/uploads\/lemon-butter-1.jpg","datePublished":"2023-07-18T10:30:51+00:00","dateModified":"2023-07-18T10:50:22+00:00","description":"Extra\u00edda de las semillas de Citrus Aurantifolia, la manteca de lima est\u00e1 repleta de nutrientes naturales que nutren y protegen la piel.","breadcrumb":{"@id":"https:\/\/naturalpoland.com\/es\/productos\/productos-para-la-industria-cosmetica\/mantecas-cosmeticas\/mantequilla-de-lima\/#breadcrumb"},"inLanguage":"es","potentialAction":[{"@type":"ReadAction","target":["https:\/\/naturalpoland.com\/es\/productos\/productos-para-la-industria-cosmetica\/mantecas-cosmeticas\/mantequilla-de-lima\/"]}]},{"@type":"ImageObject","inLanguage":"es","@id":"https:\/\/naturalpoland.com\/es\/productos\/productos-para-la-industria-cosmetica\/mantecas-cosmeticas\/mantequilla-de-lima\/#primaryimage","url":"https:\/\/naturalpoland.com\/wp-content\/uploads\/lemon-butter-1.jpg","contentUrl":"https:\/\/naturalpoland.com\/wp-content\/uploads\/lemon-butter-1.jpg","width":650,"height":650,"caption":"mantequilla de lima"},{"@type":"BreadcrumbList","@id":"https:\/\/naturalpoland.com\/es\/productos\/productos-para-la-industria-cosmetica\/mantecas-cosmeticas\/mantequilla-de-lima\/#breadcrumb","itemListElement":[{"@type":"ListItem","position":1,"name":"Inicio","item":"https:\/\/naturalpoland.com\/es\/"},{"@type":"ListItem","position":2,"name":"Productos","item":"https:\/\/naturalpoland.com\/es\/productos\/"},{"@type":"ListItem","position":3,"name":"Mantequilla de lima"}]},{"@type":"WebSite","@id":"https:\/\/naturalpoland.com\/es\/#website","url":"https:\/\/naturalpoland.com\/es\/","name":"NATURAL POLAND - Distribuidor Mayorista de Materias Primas","description":"Surowce dla przemys\u0142u spo\u017cywczego, kosmetycznego i farmaceutycznego","publisher":{"@id":"https:\/\/naturalpoland.com\/es\/#organization"},"potentialAction":[{"@type":"SearchAction","target":{"@type":"EntryPoint","urlTemplate":"https:\/\/naturalpoland.com\/es\/?s={search_term_string}"},"query-input":{"@type":"PropertyValueSpecification","valueRequired":true,"valueName":"search_term_string"}}],"inLanguage":"es"},{"@type":"Organization","@id":"https:\/\/naturalpoland.com\/es\/#organization","name":"Natural Poland","url":"https:\/\/naturalpoland.com\/es\/","logo":{"@type":"ImageObject","inLanguage":"es","@id":"https:\/\/naturalpoland.com\/es\/#\/schema\/logo\/image\/","url":"https:\/\/naturalpoland.com\/wp-content\/uploads\/2021\/05\/natural-poland-icon.png","contentUrl":"https:\/\/naturalpoland.com\/wp-content\/uploads\/2021\/05\/natural-poland-icon.png","width":512,"height":512,"caption":"Natural Poland"},"image":{"@id":"https:\/\/naturalpoland.com\/es\/#\/schema\/logo\/image\/"},"sameAs":["https:\/\/www.facebook.com\/naturalpoland.b2b","https:\/\/pl.linkedin.com\/company\/natural-poland","https:\/\/www.youtube.com\/channel\/UCgeGGkvOMahZo-xu_MSEWxg"]}]}},"_links":{"self":[{"href":"https:\/\/naturalpoland.com\/es\/wp-json\/wp\/v2\/product\/24247","targetHints":{"allow":["GET"]}}],"collection":[{"href":"https:\/\/naturalpoland.com\/es\/wp-json\/wp\/v2\/product"}],"about":[{"href":"https:\/\/naturalpoland.com\/es\/wp-json\/wp\/v2\/types\/product"}],"wp:featuredmedia":[{"embeddable":true,"href":"https:\/\/naturalpoland.com\/es\/wp-json\/wp\/v2\/media\/24054"}],"wp:attachment":[{"href":"https:\/\/naturalpoland.com\/es\/wp-json\/wp\/v2\/media?parent=24247"}],"wp:term":[{"taxonomy":"product_brand","embeddable":true,"href":"https:\/\/naturalpoland.com\/es\/wp-json\/wp\/v2\/product_brand?post=24247"},{"taxonomy":"product_cat","embeddable":true,"href":"https:\/\/naturalpoland.com\/es\/wp-json\/wp\/v2\/product_cat?post=24247"},{"taxonomy":"product_tag","embeddable":true,"href":"https:\/\/naturalpoland.com\/es\/wp-json\/wp\/v2\/product_tag?post=24247"}],"curies":[{"name":"wp","href":"https:\/\/api.w.org\/{rel}","templated":true}]}}