{"id":24541,"date":"2023-07-18T11:33:40","date_gmt":"2023-08-01T11:17:44","guid":{"rendered":"https:\/\/naturalpoland.com\/produkty\/sin%20categor\u00eda\/monohidrato-de-creatina-2\/"},"modified":"2024-09-19T10:25:52","modified_gmt":"2024-09-19T08:25:52","slug":"monohidrato-de-creatina","status":"publish","type":"product","link":"https:\/\/naturalpoland.com\/es\/productos\/productos-para-la-industria-farmaceutica-y-medica\/aminoacidos\/monohidrato-de-creatina\/","title":{"rendered":"Monohidrato de creatina"},"content":{"rendered":"<h3>\u00bfQu\u00e9 es el monohidrato de creatina?<\/h3>\n<p>  El monohidrato de creatina es un suplemento que ha revolucionado el mundo del fitness y el culturismo. Sus beneficios cient\u00edficamente probados para la salud y el rendimiento f\u00edsico lo han convertido en uno de los suplementos m\u00e1s populares y utilizados del mundo. Su papel en el organismo no puede subestimarse: la creatina ayuda a proporcionar energ\u00eda a nuestros m\u00fasculos, lo que es crucial para la resistencia, la fuerza y el crecimiento muscular. El monohidrato de creatina es la forma m\u00e1s pura y eficaz de este suplemento. La creatina es una sustancia natural del organismo que ayuda a proporcionar energ\u00eda a los m\u00fasculos. Se produce en los ri\u00f1ones, el h\u00edgado y el p\u00e1ncreas y llega a los m\u00fasculos a trav\u00e9s de la sangre. Sin embargo, la producci\u00f3n natural de creatina no suele ser suficiente, sobre todo para quienes realizan entrenamientos intensivos. La suplementaci\u00f3n con monohidrato de creatina ayuda a satisfacer la demanda de esta sustancia, proporcionando a los m\u00fasculos la energ\u00eda extra que necesitan para el ejercicio intenso.  <\/p>\n<h3>Monohidrato de creatina &#8211; beneficios<\/h3>\n<p>  La suplementaci\u00f3n con monohidrato de creatina tiene muchos beneficios. En primer lugar, <strong>ayuda a aumentar la resistencia y la fuerza muscular<\/strong>, lo que permite entrenamientos m\u00e1s largos e intensos. En segundo lugar, <strong>ayuda a acelerar la recuperaci\u00f3n muscular despu\u00e9s del entrenamiento<\/strong>, lo que es crucial para el crecimiento muscular. En tercer lugar, el monohidrato de creatina<strong> ayuda a aumentar el volumen muscular<\/strong> al incrementar la cantidad de agua almacenada en las c\u00e9lulas musculares. Esto hace que los m\u00fasculos parezcan m\u00e1s grandes y llenos. El monohidrato de creatina <strong>se absorbe f\u00e1cilmente y su uso es seguro<\/strong>. Se recomienda tanto para principiantes en el entrenamiento de fuerza como para culturistas experimentados. Sea cual sea tu nivel de forma f\u00edsica, el monohidrato de creatina es un suplemento clave para ayudarte a conseguir tus objetivos de entrenamiento.  <\/p>\n<h3>Monohidrato de creatina micronizado<\/h3>\n<p>  La micronizaci\u00f3n es un proceso en el que las mol\u00e9culas de una sustancia se descomponen en part\u00edculas muy peque\u00f1as con una superficie mayor.<br \/>\nEn el caso del monohidrato de creatina, la micronizaci\u00f3n da lugar a <strong>una estructura m\u00e1s fina de las part\u00edculas de creatina<\/strong>.<br \/>\nEsto hace que el producto se disuelva m\u00e1s f\u00e1cilmente en agua u otros l\u00edquidos, facilitando su consumo.<br \/>\nAdem\u00e1s, la creatina micronizada puede ser mejor absorbida por el organismo, lo que puede contribuir a unos resultados de entrenamiento m\u00e1s eficaces.     <\/p>\n<hr>\n<h2>CreaXorb\u2122 LSMe<\/h2>\n<p><strong>CreaXorb\u2122 LSMe<\/strong> es un producto avanzado basado en la tecnolog\u00eda BioSNEDS\u2122 que aumenta significativamente la biodisponibilidad del monohidrato de creatina, un ingrediente muy conocido por favorecer el rendimiento f\u00edsico, la funci\u00f3n cognitiva y la salud neurol\u00f3gica.  <\/p>\n<h3>Ventajas de la tecnolog\u00eda BioSNEDS<\/h3>\n<ul>\n<li>CreaXorb\u2122 es 20 veces m\u00e1s biodisponible que el monohidrato de creatina convencional, lo que significa que 250 mg de creatina activa en BioSNEDS\u2122 son bioequivalentes a 5.000 mg de monohidrato de creatina convencional.<\/li>\n<li>M\u00e1s dosis por kilo: 800 dosis por kilo frente a las 196 dosis del monohidrato de creatina convencional.<\/li>\n<li>Disponible en polvos y emulsiones de sabor neutro y sin olor.<\/li>\n<\/ul>\n<h3>Aplicaci\u00f3n:<\/h3>\n<p>  Suplementos diet\u00e9ticos, alimentos funcionales, cosm\u00e9ticos t\u00f3picos, nutrici\u00f3n animal.  <\/p>\n<h3>Beneficios para la salud:<\/h3>\n<ul>\n<li>Mejora la funci\u00f3n cognitiva y la salud neurol\u00f3gica.<\/li>\n<li>Favorece la reparaci\u00f3n, la funci\u00f3n, la resistencia y el crecimiento musculares.<\/li>\n<li>Favorece la producci\u00f3n de energ\u00eda y la recuperaci\u00f3n despu\u00e9s del ejercicio.<\/li>\n<li>Favorece la salud \u00f3sea.<\/li>\n<li>Act\u00faa como apoyo antioxidante.<\/li>\n<\/ul>\n","protected":false},"excerpt":{"rendered":"<p><strong>El monohidrato de creatina<\/strong> es un suplemento de alta calidad que aumenta la fuerza, la resistencia y el volumen muscular, y es esencial para quienes realizan entrenamientos intensivos de fuerza. Es un producto <strong>micronizado<\/strong>, lo que mejora su solubilidad y potencialmente una mejor absorci\u00f3n, contribuyendo a unos resultados de entrenamiento m\u00e1s eficaces<\/p>\n","protected":false},"featured_media":24205,"template":"","meta":{"_acf_changed":false},"product_brand":[],"product_cat":[1076,1075],"product_tag":[],"class_list":{"0":"post-24541","1":"product","2":"type-product","3":"status-publish","4":"has-post-thumbnail","6":"product_cat-aditivos-para-complementos-alimenticios","7":"product_cat-aminoacidos","8":"pa_grupa-substancji-nutraceuticos","9":"pa_technologia-tecnologia-biosneds-es","11":"first","12":"instock","13":"shipping-taxable","14":"product-type-simple"},"acf":[],"yoast_head":"<!-- This site is optimized with the Yoast SEO plugin v27.4 - https:\/\/yoast.com\/product\/yoast-seo-wordpress\/ -->\n<title>Monohidrato de creatina - NATURAL POLAND - Distribuidor Mayorista de Materias Primas<\/title>\n<meta name=\"description\" content=\"El monohidrato de creatina micronizado es un suplemento que aumenta la fuerza, la resistencia y el volumen muscular. Es f\u00e1cil de digerir y su uso es seguro.\" \/>\n<meta name=\"robots\" content=\"index, follow, max-snippet:-1, max-image-preview:large, max-video-preview:-1\" \/>\n<link rel=\"canonical\" href=\"https:\/\/naturalpoland.com\/es\/productos\/productos-para-la-industria-farmaceutica-y-medica\/aminoacidos\/monohidrato-de-creatina\/\" \/>\n<meta property=\"og:locale\" content=\"es_ES\" \/>\n<meta property=\"og:type\" content=\"article\" \/>\n<meta property=\"og:title\" content=\"Monohidrato de creatina - NATURAL POLAND - Distribuidor Mayorista de Materias Primas\" \/>\n<meta property=\"og:description\" content=\"El monohidrato de creatina micronizado es un suplemento que aumenta la fuerza, la resistencia y el volumen muscular. Es f\u00e1cil de digerir y su uso es seguro.\" \/>\n<meta property=\"og:url\" content=\"https:\/\/naturalpoland.com\/es\/productos\/productos-para-la-industria-farmaceutica-y-medica\/aminoacidos\/monohidrato-de-creatina\/\" \/>\n<meta property=\"og:site_name\" content=\"NATURAL POLAND - Distribuidor Mayorista de Materias Primas\" \/>\n<meta property=\"article:publisher\" content=\"https:\/\/www.facebook.com\/naturalpoland.b2b\" \/>\n<meta property=\"article:modified_time\" content=\"2024-09-19T08:25:52+00:00\" \/>\n<meta property=\"og:image\" content=\"https:\/\/naturalpoland.com\/wp-content\/uploads\/creatine-monohydrate.png\" \/>\n\t<meta property=\"og:image:width\" content=\"583\" \/>\n\t<meta property=\"og:image:height\" content=\"583\" \/>\n\t<meta property=\"og:image:type\" content=\"image\/png\" \/>\n<script type=\"application\/ld+json\" class=\"yoast-schema-graph\">{\"@context\":\"https:\\\/\\\/schema.org\",\"@graph\":[{\"@type\":\"WebPage\",\"@id\":\"https:\\\/\\\/naturalpoland.com\\\/es\\\/productos\\\/productos-para-la-industria-farmaceutica-y-medica\\\/aminoacidos\\\/monohidrato-de-creatina\\\/\",\"url\":\"https:\\\/\\\/naturalpoland.com\\\/es\\\/productos\\\/productos-para-la-industria-farmaceutica-y-medica\\\/aminoacidos\\\/monohidrato-de-creatina\\\/\",\"name\":\"Monohidrato de creatina - NATURAL POLAND - Distribuidor Mayorista de Materias Primas\",\"isPartOf\":{\"@id\":\"https:\\\/\\\/naturalpoland.com\\\/es\\\/#website\"},\"primaryImageOfPage\":{\"@id\":\"https:\\\/\\\/naturalpoland.com\\\/es\\\/productos\\\/productos-para-la-industria-farmaceutica-y-medica\\\/aminoacidos\\\/monohidrato-de-creatina\\\/#primaryimage\"},\"image\":{\"@id\":\"https:\\\/\\\/naturalpoland.com\\\/es\\\/productos\\\/productos-para-la-industria-farmaceutica-y-medica\\\/aminoacidos\\\/monohidrato-de-creatina\\\/#primaryimage\"},\"thumbnailUrl\":\"https:\\\/\\\/naturalpoland.com\\\/wp-content\\\/uploads\\\/creatine-monohydrate.png\",\"datePublished\":\"2023-08-01T11:17:44+00:00\",\"dateModified\":\"2024-09-19T08:25:52+00:00\",\"description\":\"El monohidrato de creatina micronizado es un suplemento que aumenta la fuerza, la resistencia y el volumen muscular. Es f\u00e1cil de digerir y su uso es seguro.\",\"breadcrumb\":{\"@id\":\"https:\\\/\\\/naturalpoland.com\\\/es\\\/productos\\\/productos-para-la-industria-farmaceutica-y-medica\\\/aminoacidos\\\/monohidrato-de-creatina\\\/#breadcrumb\"},\"inLanguage\":\"es\",\"potentialAction\":[{\"@type\":\"ReadAction\",\"target\":[\"https:\\\/\\\/naturalpoland.com\\\/es\\\/productos\\\/productos-para-la-industria-farmaceutica-y-medica\\\/aminoacidos\\\/monohidrato-de-creatina\\\/\"]}]},{\"@type\":\"ImageObject\",\"inLanguage\":\"es\",\"@id\":\"https:\\\/\\\/naturalpoland.com\\\/es\\\/productos\\\/productos-para-la-industria-farmaceutica-y-medica\\\/aminoacidos\\\/monohidrato-de-creatina\\\/#primaryimage\",\"url\":\"https:\\\/\\\/naturalpoland.com\\\/wp-content\\\/uploads\\\/creatine-monohydrate.png\",\"contentUrl\":\"https:\\\/\\\/naturalpoland.com\\\/wp-content\\\/uploads\\\/creatine-monohydrate.png\",\"width\":583,\"height\":583,\"caption\":\"monohidrato de creatina\"},{\"@type\":\"BreadcrumbList\",\"@id\":\"https:\\\/\\\/naturalpoland.com\\\/es\\\/productos\\\/productos-para-la-industria-farmaceutica-y-medica\\\/aminoacidos\\\/monohidrato-de-creatina\\\/#breadcrumb\",\"itemListElement\":[{\"@type\":\"ListItem\",\"position\":1,\"name\":\"Inicio\",\"item\":\"https:\\\/\\\/naturalpoland.com\\\/es\\\/\"},{\"@type\":\"ListItem\",\"position\":2,\"name\":\"Productos\",\"item\":\"https:\\\/\\\/naturalpoland.com\\\/es\\\/productos\\\/\"},{\"@type\":\"ListItem\",\"position\":3,\"name\":\"Monohidrato de creatina\"}]},{\"@type\":\"WebSite\",\"@id\":\"https:\\\/\\\/naturalpoland.com\\\/es\\\/#website\",\"url\":\"https:\\\/\\\/naturalpoland.com\\\/es\\\/\",\"name\":\"NATURAL POLAND - Distribuidor Mayorista de Materias Primas\",\"description\":\"Surowce dla przemys\u0142u spo\u017cywczego, kosmetycznego i farmaceutycznego\",\"publisher\":{\"@id\":\"https:\\\/\\\/naturalpoland.com\\\/es\\\/#organization\"},\"potentialAction\":[{\"@type\":\"SearchAction\",\"target\":{\"@type\":\"EntryPoint\",\"urlTemplate\":\"https:\\\/\\\/naturalpoland.com\\\/es\\\/?s={search_term_string}\"},\"query-input\":{\"@type\":\"PropertyValueSpecification\",\"valueRequired\":true,\"valueName\":\"search_term_string\"}}],\"inLanguage\":\"es\"},{\"@type\":\"Organization\",\"@id\":\"https:\\\/\\\/naturalpoland.com\\\/es\\\/#organization\",\"name\":\"Natural Poland\",\"url\":\"https:\\\/\\\/naturalpoland.com\\\/es\\\/\",\"logo\":{\"@type\":\"ImageObject\",\"inLanguage\":\"es\",\"@id\":\"https:\\\/\\\/naturalpoland.com\\\/es\\\/#\\\/schema\\\/logo\\\/image\\\/\",\"url\":\"https:\\\/\\\/naturalpoland.com\\\/wp-content\\\/uploads\\\/2021\\\/05\\\/natural-poland-icon.png\",\"contentUrl\":\"https:\\\/\\\/naturalpoland.com\\\/wp-content\\\/uploads\\\/2021\\\/05\\\/natural-poland-icon.png\",\"width\":512,\"height\":512,\"caption\":\"Natural Poland\"},\"image\":{\"@id\":\"https:\\\/\\\/naturalpoland.com\\\/es\\\/#\\\/schema\\\/logo\\\/image\\\/\"},\"sameAs\":[\"https:\\\/\\\/www.facebook.com\\\/naturalpoland.b2b\",\"https:\\\/\\\/pl.linkedin.com\\\/company\\\/natural-poland\",\"https:\\\/\\\/www.youtube.com\\\/channel\\\/UCgeGGkvOMahZo-xu_MSEWxg\"]}]}<\/script>\n<!-- \/ Yoast SEO plugin. -->","yoast_head_json":{"title":"Monohidrato de creatina - NATURAL POLAND - Distribuidor Mayorista de Materias Primas","description":"El monohidrato de creatina micronizado es un suplemento que aumenta la fuerza, la resistencia y el volumen muscular. Es f\u00e1cil de digerir y su uso es seguro.","robots":{"index":"index","follow":"follow","max-snippet":"max-snippet:-1","max-image-preview":"max-image-preview:large","max-video-preview":"max-video-preview:-1"},"canonical":"https:\/\/naturalpoland.com\/es\/productos\/productos-para-la-industria-farmaceutica-y-medica\/aminoacidos\/monohidrato-de-creatina\/","og_locale":"es_ES","og_type":"article","og_title":"Monohidrato de creatina - NATURAL POLAND - Distribuidor Mayorista de Materias Primas","og_description":"El monohidrato de creatina micronizado es un suplemento que aumenta la fuerza, la resistencia y el volumen muscular. Es f\u00e1cil de digerir y su uso es seguro.","og_url":"https:\/\/naturalpoland.com\/es\/productos\/productos-para-la-industria-farmaceutica-y-medica\/aminoacidos\/monohidrato-de-creatina\/","og_site_name":"NATURAL POLAND - Distribuidor Mayorista de Materias Primas","article_publisher":"https:\/\/www.facebook.com\/naturalpoland.b2b","article_modified_time":"2024-09-19T08:25:52+00:00","og_image":[{"width":583,"height":583,"url":"https:\/\/naturalpoland.com\/wp-content\/uploads\/creatine-monohydrate.png","type":"image\/png"}],"schema":{"@context":"https:\/\/schema.org","@graph":[{"@type":"WebPage","@id":"https:\/\/naturalpoland.com\/es\/productos\/productos-para-la-industria-farmaceutica-y-medica\/aminoacidos\/monohidrato-de-creatina\/","url":"https:\/\/naturalpoland.com\/es\/productos\/productos-para-la-industria-farmaceutica-y-medica\/aminoacidos\/monohidrato-de-creatina\/","name":"Monohidrato de creatina - NATURAL POLAND - Distribuidor Mayorista de Materias Primas","isPartOf":{"@id":"https:\/\/naturalpoland.com\/es\/#website"},"primaryImageOfPage":{"@id":"https:\/\/naturalpoland.com\/es\/productos\/productos-para-la-industria-farmaceutica-y-medica\/aminoacidos\/monohidrato-de-creatina\/#primaryimage"},"image":{"@id":"https:\/\/naturalpoland.com\/es\/productos\/productos-para-la-industria-farmaceutica-y-medica\/aminoacidos\/monohidrato-de-creatina\/#primaryimage"},"thumbnailUrl":"https:\/\/naturalpoland.com\/wp-content\/uploads\/creatine-monohydrate.png","datePublished":"2023-08-01T11:17:44+00:00","dateModified":"2024-09-19T08:25:52+00:00","description":"El monohidrato de creatina micronizado es un suplemento que aumenta la fuerza, la resistencia y el volumen muscular. Es f\u00e1cil de digerir y su uso es seguro.","breadcrumb":{"@id":"https:\/\/naturalpoland.com\/es\/productos\/productos-para-la-industria-farmaceutica-y-medica\/aminoacidos\/monohidrato-de-creatina\/#breadcrumb"},"inLanguage":"es","potentialAction":[{"@type":"ReadAction","target":["https:\/\/naturalpoland.com\/es\/productos\/productos-para-la-industria-farmaceutica-y-medica\/aminoacidos\/monohidrato-de-creatina\/"]}]},{"@type":"ImageObject","inLanguage":"es","@id":"https:\/\/naturalpoland.com\/es\/productos\/productos-para-la-industria-farmaceutica-y-medica\/aminoacidos\/monohidrato-de-creatina\/#primaryimage","url":"https:\/\/naturalpoland.com\/wp-content\/uploads\/creatine-monohydrate.png","contentUrl":"https:\/\/naturalpoland.com\/wp-content\/uploads\/creatine-monohydrate.png","width":583,"height":583,"caption":"monohidrato de creatina"},{"@type":"BreadcrumbList","@id":"https:\/\/naturalpoland.com\/es\/productos\/productos-para-la-industria-farmaceutica-y-medica\/aminoacidos\/monohidrato-de-creatina\/#breadcrumb","itemListElement":[{"@type":"ListItem","position":1,"name":"Inicio","item":"https:\/\/naturalpoland.com\/es\/"},{"@type":"ListItem","position":2,"name":"Productos","item":"https:\/\/naturalpoland.com\/es\/productos\/"},{"@type":"ListItem","position":3,"name":"Monohidrato de creatina"}]},{"@type":"WebSite","@id":"https:\/\/naturalpoland.com\/es\/#website","url":"https:\/\/naturalpoland.com\/es\/","name":"NATURAL POLAND - Distribuidor Mayorista de Materias Primas","description":"Surowce dla przemys\u0142u spo\u017cywczego, kosmetycznego i farmaceutycznego","publisher":{"@id":"https:\/\/naturalpoland.com\/es\/#organization"},"potentialAction":[{"@type":"SearchAction","target":{"@type":"EntryPoint","urlTemplate":"https:\/\/naturalpoland.com\/es\/?s={search_term_string}"},"query-input":{"@type":"PropertyValueSpecification","valueRequired":true,"valueName":"search_term_string"}}],"inLanguage":"es"},{"@type":"Organization","@id":"https:\/\/naturalpoland.com\/es\/#organization","name":"Natural Poland","url":"https:\/\/naturalpoland.com\/es\/","logo":{"@type":"ImageObject","inLanguage":"es","@id":"https:\/\/naturalpoland.com\/es\/#\/schema\/logo\/image\/","url":"https:\/\/naturalpoland.com\/wp-content\/uploads\/2021\/05\/natural-poland-icon.png","contentUrl":"https:\/\/naturalpoland.com\/wp-content\/uploads\/2021\/05\/natural-poland-icon.png","width":512,"height":512,"caption":"Natural Poland"},"image":{"@id":"https:\/\/naturalpoland.com\/es\/#\/schema\/logo\/image\/"},"sameAs":["https:\/\/www.facebook.com\/naturalpoland.b2b","https:\/\/pl.linkedin.com\/company\/natural-poland","https:\/\/www.youtube.com\/channel\/UCgeGGkvOMahZo-xu_MSEWxg"]}]}},"_links":{"self":[{"href":"https:\/\/naturalpoland.com\/es\/wp-json\/wp\/v2\/product\/24541","targetHints":{"allow":["GET"]}}],"collection":[{"href":"https:\/\/naturalpoland.com\/es\/wp-json\/wp\/v2\/product"}],"about":[{"href":"https:\/\/naturalpoland.com\/es\/wp-json\/wp\/v2\/types\/product"}],"wp:featuredmedia":[{"embeddable":true,"href":"https:\/\/naturalpoland.com\/es\/wp-json\/wp\/v2\/media\/24205"}],"wp:attachment":[{"href":"https:\/\/naturalpoland.com\/es\/wp-json\/wp\/v2\/media?parent=24541"}],"wp:term":[{"taxonomy":"product_brand","embeddable":true,"href":"https:\/\/naturalpoland.com\/es\/wp-json\/wp\/v2\/product_brand?post=24541"},{"taxonomy":"product_cat","embeddable":true,"href":"https:\/\/naturalpoland.com\/es\/wp-json\/wp\/v2\/product_cat?post=24541"},{"taxonomy":"product_tag","embeddable":true,"href":"https:\/\/naturalpoland.com\/es\/wp-json\/wp\/v2\/product_tag?post=24541"}],"curies":[{"name":"wp","href":"https:\/\/api.w.org\/{rel}","templated":true}]}}