{"id":24789,"date":"2023-08-10T10:30:34","date_gmt":"2023-08-10T09:13:37","guid":{"rendered":"https:\/\/naturalpoland.com\/produkty\/sin categor\u00eda\/snacks-de-pescado-seco-para-perros-y-gatos\/"},"modified":"2023-08-10T11:13:37","modified_gmt":"2023-08-10T09:13:37","slug":"lonchas-de-pescado-seco-para-perros-y-gatos","status":"publish","type":"product","link":"https:\/\/naturalpoland.com\/es\/productos\/materias-primas-para-alimentos-de-animales\/lonchas-de-pescado-seco-para-perros-y-gatos\/","title":{"rendered":"Snacks de pescado seco para perros y gatos"},"content":{"rendered":"<ul>\n<li><strong>Anguila<\/strong>: De sabor intenso, la anguila aporta una gama completa de amino\u00e1cidos esenciales y es una excelente fuente de vitaminas del grupo B.<\/li>\n<li><strong>Anchoas<\/strong>: Estos peque\u00f1os peces son una rica fuente de \u00e1cidos grasos omega-3, que favorecen la salud de la piel y el pelaje del animal.<\/li>\n<li><strong>Bombay<\/strong>: Un pescado conocido por su sabor sutil y delicado que es una rica fuente de f\u00f3sforo y prote\u00ednas.<\/li>\n<li><strong>Filete Bombay<\/strong>: Prote\u00edna de pescado de alta calidad con una textura delicada que seguro que atrae incluso a las mascotas m\u00e1s quisquillosas.<\/li>\n<li><strong>Gambas<\/strong>: ricas en astaxantina y zinc, las gambas son una fuente ideal de minerales.<\/li>\n<li><strong>Anchoas doradas<\/strong>: Distinguidas por su color \u00fanico, no s\u00f3lo son atractivas, sino tambi\u00e9n ricas en nutrientes.<\/li>\n<li><strong>Bacalao<\/strong>: La tierna carne de bacalao es una excelente fuente de vitamina B12 y yodo.<\/li>\n<li>Pez <strong>lagarto<\/strong>: Son peces \u00fanicos con una textura interesante, que aportan una gran cantidad de prote\u00ednas.<\/li>\n<li><strong>Omena<\/strong>: Peque\u00f1os peces plateados que son un tesoro de \u00e1cidos grasos y prote\u00ednas.<\/li>\n<li><strong>Filete<\/strong> de lenguado: Caracterizado por su delicado sabor, el filete de lenguado es una rica fuente de potasio y magnesio.<\/li>\n<li><strong>Espad\u00edn SD<\/strong>: Estos pescados desecados ofrecen toda una serie de beneficios para la salud, desde mejorar el estado de la piel hasta favorecer la funci\u00f3n cardiaca.<\/li>\n<\/ul>\n","protected":false},"excerpt":{"rendered":"<p>Los snacks de pescado seco para perros y gatos representan un enfoque innovador de la nutrici\u00f3n animal, que combina ingredientes tradicionales con un moderno proceso de secado.<\/p>\n","protected":false},"featured_media":24759,"template":"","meta":{"_acf_changed":false},"product_brand":[],"product_cat":[2514],"product_tag":[],"class_list":{"0":"post-24789","1":"product","2":"type-product","3":"status-publish","4":"has-post-thumbnail","6":"product_cat-materias-primas-para-alimentos-de-animales","8":"first","9":"instock","10":"shipping-taxable","11":"product-type-simple"},"acf":[],"yoast_head":"<!-- This site is optimized with the Yoast SEO plugin v27.4 - https:\/\/yoast.com\/product\/yoast-seo-wordpress\/ -->\n<title>Snacks de pescado seco para perros y gatos - Distribuidor mayorista<\/title>\n<meta name=\"description\" content=\"Los snacks de pescado seco para perros y gatos representan un enfoque innovador de la nutrici\u00f3n animal, ya que combinan ingredientes tradicionales con un proceso de secado.\" \/>\n<meta name=\"robots\" content=\"index, follow, max-snippet:-1, max-image-preview:large, max-video-preview:-1\" \/>\n<link rel=\"canonical\" href=\"https:\/\/naturalpoland.com\/es\/productos\/materias-primas-para-alimentos-de-animales\/lonchas-de-pescado-seco-para-perros-y-gatos\/\" \/>\n<meta property=\"og:locale\" content=\"es_ES\" \/>\n<meta property=\"og:type\" content=\"article\" \/>\n<meta property=\"og:title\" content=\"Snacks de pescado seco para perros y gatos - Distribuidor mayorista\" \/>\n<meta property=\"og:description\" content=\"Los snacks de pescado seco para perros y gatos representan un enfoque innovador de la nutrici\u00f3n animal, ya que combinan ingredientes tradicionales con un proceso de secado.\" \/>\n<meta property=\"og:url\" content=\"https:\/\/naturalpoland.com\/es\/productos\/materias-primas-para-alimentos-de-animales\/lonchas-de-pescado-seco-para-perros-y-gatos\/\" \/>\n<meta property=\"og:site_name\" content=\"NATURAL POLAND - Distribuidor Mayorista de Materias Primas\" \/>\n<meta property=\"article:publisher\" content=\"https:\/\/www.facebook.com\/naturalpoland.b2b\" \/>\n<meta property=\"og:image\" content=\"https:\/\/naturalpoland.com\/wp-content\/uploads\/suszone-przekaski-rybne-dla-psow-i-kotow.jpg\" \/>\n\t<meta property=\"og:image:width\" content=\"600\" \/>\n\t<meta property=\"og:image:height\" content=\"600\" \/>\n\t<meta property=\"og:image:type\" content=\"image\/jpeg\" \/>\n<script type=\"application\/ld+json\" class=\"yoast-schema-graph\">{\"@context\":\"https:\\\/\\\/schema.org\",\"@graph\":[{\"@type\":\"WebPage\",\"@id\":\"https:\\\/\\\/naturalpoland.com\\\/es\\\/productos\\\/materias-primas-para-alimentos-de-animales\\\/lonchas-de-pescado-seco-para-perros-y-gatos\\\/\",\"url\":\"https:\\\/\\\/naturalpoland.com\\\/es\\\/productos\\\/materias-primas-para-alimentos-de-animales\\\/lonchas-de-pescado-seco-para-perros-y-gatos\\\/\",\"name\":\"Snacks de pescado seco para perros y gatos - Distribuidor mayorista\",\"isPartOf\":{\"@id\":\"https:\\\/\\\/naturalpoland.com\\\/es\\\/#website\"},\"primaryImageOfPage\":{\"@id\":\"https:\\\/\\\/naturalpoland.com\\\/es\\\/productos\\\/materias-primas-para-alimentos-de-animales\\\/lonchas-de-pescado-seco-para-perros-y-gatos\\\/#primaryimage\"},\"image\":{\"@id\":\"https:\\\/\\\/naturalpoland.com\\\/es\\\/productos\\\/materias-primas-para-alimentos-de-animales\\\/lonchas-de-pescado-seco-para-perros-y-gatos\\\/#primaryimage\"},\"thumbnailUrl\":\"https:\\\/\\\/naturalpoland.com\\\/wp-content\\\/uploads\\\/suszone-przekaski-rybne-dla-psow-i-kotow.jpg\",\"datePublished\":\"2023-08-10T09:13:37+00:00\",\"description\":\"Los snacks de pescado seco para perros y gatos representan un enfoque innovador de la nutrici\u00f3n animal, ya que combinan ingredientes tradicionales con un proceso de secado.\",\"breadcrumb\":{\"@id\":\"https:\\\/\\\/naturalpoland.com\\\/es\\\/productos\\\/materias-primas-para-alimentos-de-animales\\\/lonchas-de-pescado-seco-para-perros-y-gatos\\\/#breadcrumb\"},\"inLanguage\":\"es\",\"potentialAction\":[{\"@type\":\"ReadAction\",\"target\":[\"https:\\\/\\\/naturalpoland.com\\\/es\\\/productos\\\/materias-primas-para-alimentos-de-animales\\\/lonchas-de-pescado-seco-para-perros-y-gatos\\\/\"]}]},{\"@type\":\"ImageObject\",\"inLanguage\":\"es\",\"@id\":\"https:\\\/\\\/naturalpoland.com\\\/es\\\/productos\\\/materias-primas-para-alimentos-de-animales\\\/lonchas-de-pescado-seco-para-perros-y-gatos\\\/#primaryimage\",\"url\":\"https:\\\/\\\/naturalpoland.com\\\/wp-content\\\/uploads\\\/suszone-przekaski-rybne-dla-psow-i-kotow.jpg\",\"contentUrl\":\"https:\\\/\\\/naturalpoland.com\\\/wp-content\\\/uploads\\\/suszone-przekaski-rybne-dla-psow-i-kotow.jpg\",\"width\":600,\"height\":600,\"caption\":\"snacks de pescado seco para perros y gatos\"},{\"@type\":\"BreadcrumbList\",\"@id\":\"https:\\\/\\\/naturalpoland.com\\\/es\\\/productos\\\/materias-primas-para-alimentos-de-animales\\\/lonchas-de-pescado-seco-para-perros-y-gatos\\\/#breadcrumb\",\"itemListElement\":[{\"@type\":\"ListItem\",\"position\":1,\"name\":\"Inicio\",\"item\":\"https:\\\/\\\/naturalpoland.com\\\/es\\\/\"},{\"@type\":\"ListItem\",\"position\":2,\"name\":\"Productos\",\"item\":\"https:\\\/\\\/naturalpoland.com\\\/es\\\/productos\\\/\"},{\"@type\":\"ListItem\",\"position\":3,\"name\":\"Snacks de pescado seco para perros y gatos\"}]},{\"@type\":\"WebSite\",\"@id\":\"https:\\\/\\\/naturalpoland.com\\\/es\\\/#website\",\"url\":\"https:\\\/\\\/naturalpoland.com\\\/es\\\/\",\"name\":\"NATURAL POLAND - Distribuidor Mayorista de Materias Primas\",\"description\":\"Surowce dla przemys\u0142u spo\u017cywczego, kosmetycznego i farmaceutycznego\",\"publisher\":{\"@id\":\"https:\\\/\\\/naturalpoland.com\\\/es\\\/#organization\"},\"potentialAction\":[{\"@type\":\"SearchAction\",\"target\":{\"@type\":\"EntryPoint\",\"urlTemplate\":\"https:\\\/\\\/naturalpoland.com\\\/es\\\/?s={search_term_string}\"},\"query-input\":{\"@type\":\"PropertyValueSpecification\",\"valueRequired\":true,\"valueName\":\"search_term_string\"}}],\"inLanguage\":\"es\"},{\"@type\":\"Organization\",\"@id\":\"https:\\\/\\\/naturalpoland.com\\\/es\\\/#organization\",\"name\":\"Natural Poland\",\"url\":\"https:\\\/\\\/naturalpoland.com\\\/es\\\/\",\"logo\":{\"@type\":\"ImageObject\",\"inLanguage\":\"es\",\"@id\":\"https:\\\/\\\/naturalpoland.com\\\/es\\\/#\\\/schema\\\/logo\\\/image\\\/\",\"url\":\"https:\\\/\\\/naturalpoland.com\\\/wp-content\\\/uploads\\\/2021\\\/05\\\/natural-poland-icon.png\",\"contentUrl\":\"https:\\\/\\\/naturalpoland.com\\\/wp-content\\\/uploads\\\/2021\\\/05\\\/natural-poland-icon.png\",\"width\":512,\"height\":512,\"caption\":\"Natural Poland\"},\"image\":{\"@id\":\"https:\\\/\\\/naturalpoland.com\\\/es\\\/#\\\/schema\\\/logo\\\/image\\\/\"},\"sameAs\":[\"https:\\\/\\\/www.facebook.com\\\/naturalpoland.b2b\",\"https:\\\/\\\/pl.linkedin.com\\\/company\\\/natural-poland\",\"https:\\\/\\\/www.youtube.com\\\/channel\\\/UCgeGGkvOMahZo-xu_MSEWxg\"]}]}<\/script>\n<!-- \/ Yoast SEO plugin. -->","yoast_head_json":{"title":"Snacks de pescado seco para perros y gatos - Distribuidor mayorista","description":"Los snacks de pescado seco para perros y gatos representan un enfoque innovador de la nutrici\u00f3n animal, ya que combinan ingredientes tradicionales con un proceso de secado.","robots":{"index":"index","follow":"follow","max-snippet":"max-snippet:-1","max-image-preview":"max-image-preview:large","max-video-preview":"max-video-preview:-1"},"canonical":"https:\/\/naturalpoland.com\/es\/productos\/materias-primas-para-alimentos-de-animales\/lonchas-de-pescado-seco-para-perros-y-gatos\/","og_locale":"es_ES","og_type":"article","og_title":"Snacks de pescado seco para perros y gatos - Distribuidor mayorista","og_description":"Los snacks de pescado seco para perros y gatos representan un enfoque innovador de la nutrici\u00f3n animal, ya que combinan ingredientes tradicionales con un proceso de secado.","og_url":"https:\/\/naturalpoland.com\/es\/productos\/materias-primas-para-alimentos-de-animales\/lonchas-de-pescado-seco-para-perros-y-gatos\/","og_site_name":"NATURAL POLAND - Distribuidor Mayorista de Materias Primas","article_publisher":"https:\/\/www.facebook.com\/naturalpoland.b2b","og_image":[{"width":600,"height":600,"url":"https:\/\/naturalpoland.com\/wp-content\/uploads\/suszone-przekaski-rybne-dla-psow-i-kotow.jpg","type":"image\/jpeg"}],"schema":{"@context":"https:\/\/schema.org","@graph":[{"@type":"WebPage","@id":"https:\/\/naturalpoland.com\/es\/productos\/materias-primas-para-alimentos-de-animales\/lonchas-de-pescado-seco-para-perros-y-gatos\/","url":"https:\/\/naturalpoland.com\/es\/productos\/materias-primas-para-alimentos-de-animales\/lonchas-de-pescado-seco-para-perros-y-gatos\/","name":"Snacks de pescado seco para perros y gatos - Distribuidor mayorista","isPartOf":{"@id":"https:\/\/naturalpoland.com\/es\/#website"},"primaryImageOfPage":{"@id":"https:\/\/naturalpoland.com\/es\/productos\/materias-primas-para-alimentos-de-animales\/lonchas-de-pescado-seco-para-perros-y-gatos\/#primaryimage"},"image":{"@id":"https:\/\/naturalpoland.com\/es\/productos\/materias-primas-para-alimentos-de-animales\/lonchas-de-pescado-seco-para-perros-y-gatos\/#primaryimage"},"thumbnailUrl":"https:\/\/naturalpoland.com\/wp-content\/uploads\/suszone-przekaski-rybne-dla-psow-i-kotow.jpg","datePublished":"2023-08-10T09:13:37+00:00","description":"Los snacks de pescado seco para perros y gatos representan un enfoque innovador de la nutrici\u00f3n animal, ya que combinan ingredientes tradicionales con un proceso de secado.","breadcrumb":{"@id":"https:\/\/naturalpoland.com\/es\/productos\/materias-primas-para-alimentos-de-animales\/lonchas-de-pescado-seco-para-perros-y-gatos\/#breadcrumb"},"inLanguage":"es","potentialAction":[{"@type":"ReadAction","target":["https:\/\/naturalpoland.com\/es\/productos\/materias-primas-para-alimentos-de-animales\/lonchas-de-pescado-seco-para-perros-y-gatos\/"]}]},{"@type":"ImageObject","inLanguage":"es","@id":"https:\/\/naturalpoland.com\/es\/productos\/materias-primas-para-alimentos-de-animales\/lonchas-de-pescado-seco-para-perros-y-gatos\/#primaryimage","url":"https:\/\/naturalpoland.com\/wp-content\/uploads\/suszone-przekaski-rybne-dla-psow-i-kotow.jpg","contentUrl":"https:\/\/naturalpoland.com\/wp-content\/uploads\/suszone-przekaski-rybne-dla-psow-i-kotow.jpg","width":600,"height":600,"caption":"snacks de pescado seco para perros y gatos"},{"@type":"BreadcrumbList","@id":"https:\/\/naturalpoland.com\/es\/productos\/materias-primas-para-alimentos-de-animales\/lonchas-de-pescado-seco-para-perros-y-gatos\/#breadcrumb","itemListElement":[{"@type":"ListItem","position":1,"name":"Inicio","item":"https:\/\/naturalpoland.com\/es\/"},{"@type":"ListItem","position":2,"name":"Productos","item":"https:\/\/naturalpoland.com\/es\/productos\/"},{"@type":"ListItem","position":3,"name":"Snacks de pescado seco para perros y gatos"}]},{"@type":"WebSite","@id":"https:\/\/naturalpoland.com\/es\/#website","url":"https:\/\/naturalpoland.com\/es\/","name":"NATURAL POLAND - Distribuidor Mayorista de Materias Primas","description":"Surowce dla przemys\u0142u spo\u017cywczego, kosmetycznego i farmaceutycznego","publisher":{"@id":"https:\/\/naturalpoland.com\/es\/#organization"},"potentialAction":[{"@type":"SearchAction","target":{"@type":"EntryPoint","urlTemplate":"https:\/\/naturalpoland.com\/es\/?s={search_term_string}"},"query-input":{"@type":"PropertyValueSpecification","valueRequired":true,"valueName":"search_term_string"}}],"inLanguage":"es"},{"@type":"Organization","@id":"https:\/\/naturalpoland.com\/es\/#organization","name":"Natural Poland","url":"https:\/\/naturalpoland.com\/es\/","logo":{"@type":"ImageObject","inLanguage":"es","@id":"https:\/\/naturalpoland.com\/es\/#\/schema\/logo\/image\/","url":"https:\/\/naturalpoland.com\/wp-content\/uploads\/2021\/05\/natural-poland-icon.png","contentUrl":"https:\/\/naturalpoland.com\/wp-content\/uploads\/2021\/05\/natural-poland-icon.png","width":512,"height":512,"caption":"Natural Poland"},"image":{"@id":"https:\/\/naturalpoland.com\/es\/#\/schema\/logo\/image\/"},"sameAs":["https:\/\/www.facebook.com\/naturalpoland.b2b","https:\/\/pl.linkedin.com\/company\/natural-poland","https:\/\/www.youtube.com\/channel\/UCgeGGkvOMahZo-xu_MSEWxg"]}]}},"_links":{"self":[{"href":"https:\/\/naturalpoland.com\/es\/wp-json\/wp\/v2\/product\/24789","targetHints":{"allow":["GET"]}}],"collection":[{"href":"https:\/\/naturalpoland.com\/es\/wp-json\/wp\/v2\/product"}],"about":[{"href":"https:\/\/naturalpoland.com\/es\/wp-json\/wp\/v2\/types\/product"}],"wp:featuredmedia":[{"embeddable":true,"href":"https:\/\/naturalpoland.com\/es\/wp-json\/wp\/v2\/media\/24759"}],"wp:attachment":[{"href":"https:\/\/naturalpoland.com\/es\/wp-json\/wp\/v2\/media?parent=24789"}],"wp:term":[{"taxonomy":"product_brand","embeddable":true,"href":"https:\/\/naturalpoland.com\/es\/wp-json\/wp\/v2\/product_brand?post=24789"},{"taxonomy":"product_cat","embeddable":true,"href":"https:\/\/naturalpoland.com\/es\/wp-json\/wp\/v2\/product_cat?post=24789"},{"taxonomy":"product_tag","embeddable":true,"href":"https:\/\/naturalpoland.com\/es\/wp-json\/wp\/v2\/product_tag?post=24789"}],"curies":[{"name":"wp","href":"https:\/\/api.w.org\/{rel}","templated":true}]}}