{"id":24790,"date":"2023-08-10T10:11:35","date_gmt":"2023-08-10T09:13:37","guid":{"rendered":"https:\/\/naturalpoland.com\/produkty\/sin categor\u00eda\/comida-para-peces\/"},"modified":"2023-08-10T11:13:37","modified_gmt":"2023-08-10T09:13:37","slug":"alimentos-para-peces","status":"publish","type":"product","link":"https:\/\/naturalpoland.com\/es\/productos\/materias-primas-para-alimentos-de-animales\/alimentos-para-peces\/","title":{"rendered":"Comida para peces"},"content":{"rendered":"<p>La <strong>comida para tortugas<\/strong> se ha formulado teniendo en cuenta sus necesidades metab\u00f3licas espec\u00edficas, aport\u00e1ndoles la cantidad adecuada de vitaminas y minerales necesarios para un crecimiento sano.<\/p>\n<p>Nuestros <strong>piensos para estanques<\/strong>, en versiones b\u00e1sica y premium, se han desarrollado para alimentar a una gran variedad de especies, desde carpas hasta peces ornamentales m\u00e1s delicados.<\/p>\n<p>Los <strong>gr\u00e1nulos para peces ex\u00f3ticos y c\u00edclidos<\/strong> aportan los nutrientes adecuados para mantener a estas fascinantes criaturas brillantes y sanas.<\/p>\n<p>&nbsp;<\/p>\n<h2><strong>Extruidos<\/strong><\/h2>\n<p>Cuando hablamos de la piscicultura moderna, los extruidos se convierten en parte integrante de la dieta. Se trata de productos que han sido sometidos a un proceso especial de tratamiento t\u00e9rmico que aumenta su digestibilidad y valor nutritivo.<\/p>\n<p>Nuestro <strong>extrusionado para peces koi<\/strong> est\u00e1 formulado para proporcionar un alimento sano que no s\u00f3lo satisfaga sus necesidades nutricionales, sino que tambi\u00e9n contribuya a su crecimiento sano y a su hermosa coloraci\u00f3n. Al ofrecer distintas variantes -desde la b\u00e1sica hasta la premium-, pretendemos satisfacer las necesidades de los cultivadores m\u00e1s exigentes.<\/p>\n<p>&nbsp;<\/p>\n<h2><strong>  Algas<\/strong><\/h2>\n<p>En el mundo de la acuicultura, las algas est\u00e1n ganando popularidad como componente clave de la dieta de los peces. Su valor nutritivo y su riqueza en vitaminas y minerales los convierten no s\u00f3lo en un alimento, sino tambi\u00e9n en un suplemento natural que contribuye a la salud y la vitalidad de los peces.<\/p>\n<p><strong>La espirulina<\/strong> en polvo es una excelente fuente de prote\u00ednas y contiene todos los amino\u00e1cidos esenciales que son clave para el crecimiento sano de los peces. Su intenso color tambi\u00e9n contribuye a enriquecer el color de los peces, haci\u00e9ndolos m\u00e1s atractivos visualmente.<\/p>\n<p>La <strong>harina de Ascophyllum<\/strong>, por su parte, aporta minerales como el yodo, esencial para el buen funcionamiento de la gl\u00e1ndula tiroides de los peces.<\/p>\n<p>Adem\u00e1s, las algas act\u00faan como probi\u00f3ticos naturales, favoreciendo la microflora saludable del tracto digestivo de los peces. Introducir algas en la dieta de un pez es una inversi\u00f3n en su salud, vitalidad y mejora de la cr\u00eda.<\/p>\n<p>&nbsp;<\/p>\n<h2><strong>Copos de pescado<\/strong><\/h2>\n<p>Los copos son una de las soluciones de alimentaci\u00f3n para peces m\u00e1s tradicionales y comunes. Su diversidad y riqueza en nutrientes las convierten en una excelente opci\u00f3n para criadores y acuaristas.<\/p>\n<p><strong>Tropical Fish Flakes<\/strong> y su versi\u00f3n premium est\u00e1n dise\u00f1ados para proporcionar todos los nutrientes esenciales necesarios para el crecimiento saludable de los peces.<\/p>\n<p>Las variedades <strong>Malawi Flake<\/strong> y <strong>Tanganyika Flake<\/strong> se han desarrollado para los peces de estas regiones africanas, teniendo en cuenta sus necesidades nutricionales espec\u00edficas.<\/p>\n<p>Los <strong>copos de hierbas<\/strong>, con <strong>espirulina<\/strong> o con <strong>artemia<\/strong>, proporcionan a los peces vitaminas y minerales adicionales para favorecer su digesti\u00f3n, crecimiento y estado general.<\/p>\n<p>El calamar, el <strong>krill<\/strong> o los <strong>copos de<\/strong> <strong>carpa dorada<\/strong> son sabrosas golosinas que enriquecer\u00e1n la dieta de los peces y les aportar\u00e1n las prote\u00ednas y grasas que necesitan para desarrollarse.<\/p>\n<p><strong>Los copos<\/strong> para estanques son ideales para los peces que viven en estanques y charcas, ya que les proporcionan una dieta completa para cada d\u00eda.<\/p>\n<p>&nbsp;<\/p>\n<h2><strong>Pastillas de pescado<\/strong><\/h2>\n<p>Los comprimidos son un alimento extremadamente concentrado que proporciona a los peces una rica dosis de nutrientes en una forma compacta.<\/p>\n<p>Las <strong>pastillas<\/strong> b\u00e1sicas <strong>rojas<\/strong> y <strong>verdes<\/strong> aportan el equilibrio adecuado de nutrientes esenciales para la salud de los peces.<\/p>\n<p>Las <strong>pastillas FD<\/strong> son una excelente fuente de prote\u00ednas y resultan ideales para los peces depredadores.<\/p>\n<p><strong>Las tabletas de espirulina<\/strong> no s\u00f3lo son una rica fuente de prote\u00ednas, sino tambi\u00e9n una fuente natural de vitaminas, minerales y antioxidantes que favorecen la salud de los peces y ayudan a mantener un bonito color.<\/p>\n<p><strong>Las tabletas premium para peces tropicales<\/strong>, por su parte, son la soluci\u00f3n para los criadores m\u00e1s exigentes que desean proporcionar a sus peces la mejor alimentaci\u00f3n posible.<\/p>\n<p>Todas las pastillas se han dise\u00f1ado para satisfacer las necesidades espec\u00edficas de las distintas especies de peces, por lo que cada piscicultor encontrar\u00e1 algo adecuado para su piscifactor\u00eda.<\/p>\n<p>&nbsp;<\/p>\n","protected":false},"excerpt":{"rendered":"<p>En la acuicultura actual, la calidad del alimento de los peces determina la salud, vitalidad y eficacia de la piscifactor\u00eda. Una alimentaci\u00f3n adecuada proporciona a los peces una dieta sana que favorece su crecimiento, color y estado general.<\/p>\n","protected":false},"featured_media":31323,"template":"","meta":{"_acf_changed":false},"product_brand":[],"product_cat":[2514],"product_tag":[],"class_list":{"0":"post-24790","1":"product","2":"type-product","3":"status-publish","4":"has-post-thumbnail","6":"product_cat-materias-primas-para-alimentos-de-animales","8":"first","9":"instock","10":"shipping-taxable","11":"product-type-simple"},"acf":[],"yoast_head":"<!-- This site is optimized with the Yoast SEO plugin v27.4 - https:\/\/yoast.com\/product\/yoast-seo-wordpress\/ -->\n<title>Comida para peces - Distribuidor mayorista<\/title>\n<meta name=\"description\" content=\"Un alimento adecuado proporciona a los peces una dieta sana que favorece su crecimiento, color y estado general. Consulte nuestra oferta para mayoristas.\" \/>\n<meta name=\"robots\" content=\"index, follow, max-snippet:-1, max-image-preview:large, max-video-preview:-1\" \/>\n<link rel=\"canonical\" href=\"https:\/\/naturalpoland.com\/es\/productos\/materias-primas-para-alimentos-de-animales\/alimentos-para-peces\/\" \/>\n<meta property=\"og:locale\" content=\"es_ES\" \/>\n<meta property=\"og:type\" content=\"article\" \/>\n<meta property=\"og:title\" content=\"Comida para peces - Distribuidor mayorista\" \/>\n<meta property=\"og:description\" content=\"Un alimento adecuado proporciona a los peces una dieta sana que favorece su crecimiento, color y estado general. Consulte nuestra oferta para mayoristas.\" \/>\n<meta property=\"og:url\" content=\"https:\/\/naturalpoland.com\/es\/productos\/materias-primas-para-alimentos-de-animales\/alimentos-para-peces\/\" \/>\n<meta property=\"og:site_name\" content=\"NATURAL POLAND - Distribuidor Mayorista de Materias Primas\" \/>\n<meta property=\"article:publisher\" content=\"https:\/\/www.facebook.com\/naturalpoland.b2b\" \/>\n<meta property=\"og:image\" content=\"https:\/\/naturalpoland.com\/wp-content\/uploads\/fish-food.jpg\" \/>\n\t<meta property=\"og:image:width\" content=\"500\" \/>\n\t<meta property=\"og:image:height\" content=\"500\" \/>\n\t<meta property=\"og:image:type\" content=\"image\/jpeg\" \/>\n<script type=\"application\/ld+json\" class=\"yoast-schema-graph\">{\"@context\":\"https:\\\/\\\/schema.org\",\"@graph\":[{\"@type\":\"WebPage\",\"@id\":\"https:\\\/\\\/naturalpoland.com\\\/es\\\/productos\\\/materias-primas-para-alimentos-de-animales\\\/alimentos-para-peces\\\/\",\"url\":\"https:\\\/\\\/naturalpoland.com\\\/es\\\/productos\\\/materias-primas-para-alimentos-de-animales\\\/alimentos-para-peces\\\/\",\"name\":\"Comida para peces - Distribuidor mayorista\",\"isPartOf\":{\"@id\":\"https:\\\/\\\/naturalpoland.com\\\/es\\\/#website\"},\"primaryImageOfPage\":{\"@id\":\"https:\\\/\\\/naturalpoland.com\\\/es\\\/productos\\\/materias-primas-para-alimentos-de-animales\\\/alimentos-para-peces\\\/#primaryimage\"},\"image\":{\"@id\":\"https:\\\/\\\/naturalpoland.com\\\/es\\\/productos\\\/materias-primas-para-alimentos-de-animales\\\/alimentos-para-peces\\\/#primaryimage\"},\"thumbnailUrl\":\"https:\\\/\\\/naturalpoland.com\\\/wp-content\\\/uploads\\\/fish-food.jpg\",\"datePublished\":\"2023-08-10T09:13:37+00:00\",\"description\":\"Un alimento adecuado proporciona a los peces una dieta sana que favorece su crecimiento, color y estado general. Consulte nuestra oferta para mayoristas.\",\"breadcrumb\":{\"@id\":\"https:\\\/\\\/naturalpoland.com\\\/es\\\/productos\\\/materias-primas-para-alimentos-de-animales\\\/alimentos-para-peces\\\/#breadcrumb\"},\"inLanguage\":\"es\",\"potentialAction\":[{\"@type\":\"ReadAction\",\"target\":[\"https:\\\/\\\/naturalpoland.com\\\/es\\\/productos\\\/materias-primas-para-alimentos-de-animales\\\/alimentos-para-peces\\\/\"]}]},{\"@type\":\"ImageObject\",\"inLanguage\":\"es\",\"@id\":\"https:\\\/\\\/naturalpoland.com\\\/es\\\/productos\\\/materias-primas-para-alimentos-de-animales\\\/alimentos-para-peces\\\/#primaryimage\",\"url\":\"https:\\\/\\\/naturalpoland.com\\\/wp-content\\\/uploads\\\/fish-food.jpg\",\"contentUrl\":\"https:\\\/\\\/naturalpoland.com\\\/wp-content\\\/uploads\\\/fish-food.jpg\",\"width\":500,\"height\":500,\"caption\":\"fish food\"},{\"@type\":\"BreadcrumbList\",\"@id\":\"https:\\\/\\\/naturalpoland.com\\\/es\\\/productos\\\/materias-primas-para-alimentos-de-animales\\\/alimentos-para-peces\\\/#breadcrumb\",\"itemListElement\":[{\"@type\":\"ListItem\",\"position\":1,\"name\":\"Inicio\",\"item\":\"https:\\\/\\\/naturalpoland.com\\\/es\\\/\"},{\"@type\":\"ListItem\",\"position\":2,\"name\":\"Productos\",\"item\":\"https:\\\/\\\/naturalpoland.com\\\/es\\\/productos\\\/\"},{\"@type\":\"ListItem\",\"position\":3,\"name\":\"Comida para peces\"}]},{\"@type\":\"WebSite\",\"@id\":\"https:\\\/\\\/naturalpoland.com\\\/es\\\/#website\",\"url\":\"https:\\\/\\\/naturalpoland.com\\\/es\\\/\",\"name\":\"NATURAL POLAND - Distribuidor Mayorista de Materias Primas\",\"description\":\"Surowce dla przemys\u0142u spo\u017cywczego, kosmetycznego i farmaceutycznego\",\"publisher\":{\"@id\":\"https:\\\/\\\/naturalpoland.com\\\/es\\\/#organization\"},\"potentialAction\":[{\"@type\":\"SearchAction\",\"target\":{\"@type\":\"EntryPoint\",\"urlTemplate\":\"https:\\\/\\\/naturalpoland.com\\\/es\\\/?s={search_term_string}\"},\"query-input\":{\"@type\":\"PropertyValueSpecification\",\"valueRequired\":true,\"valueName\":\"search_term_string\"}}],\"inLanguage\":\"es\"},{\"@type\":\"Organization\",\"@id\":\"https:\\\/\\\/naturalpoland.com\\\/es\\\/#organization\",\"name\":\"Natural Poland\",\"url\":\"https:\\\/\\\/naturalpoland.com\\\/es\\\/\",\"logo\":{\"@type\":\"ImageObject\",\"inLanguage\":\"es\",\"@id\":\"https:\\\/\\\/naturalpoland.com\\\/es\\\/#\\\/schema\\\/logo\\\/image\\\/\",\"url\":\"https:\\\/\\\/naturalpoland.com\\\/wp-content\\\/uploads\\\/2021\\\/05\\\/natural-poland-icon.png\",\"contentUrl\":\"https:\\\/\\\/naturalpoland.com\\\/wp-content\\\/uploads\\\/2021\\\/05\\\/natural-poland-icon.png\",\"width\":512,\"height\":512,\"caption\":\"Natural Poland\"},\"image\":{\"@id\":\"https:\\\/\\\/naturalpoland.com\\\/es\\\/#\\\/schema\\\/logo\\\/image\\\/\"},\"sameAs\":[\"https:\\\/\\\/www.facebook.com\\\/naturalpoland.b2b\",\"https:\\\/\\\/pl.linkedin.com\\\/company\\\/natural-poland\",\"https:\\\/\\\/www.youtube.com\\\/channel\\\/UCgeGGkvOMahZo-xu_MSEWxg\"]}]}<\/script>\n<!-- \/ Yoast SEO plugin. -->","yoast_head_json":{"title":"Comida para peces - Distribuidor mayorista","description":"Un alimento adecuado proporciona a los peces una dieta sana que favorece su crecimiento, color y estado general. Consulte nuestra oferta para mayoristas.","robots":{"index":"index","follow":"follow","max-snippet":"max-snippet:-1","max-image-preview":"max-image-preview:large","max-video-preview":"max-video-preview:-1"},"canonical":"https:\/\/naturalpoland.com\/es\/productos\/materias-primas-para-alimentos-de-animales\/alimentos-para-peces\/","og_locale":"es_ES","og_type":"article","og_title":"Comida para peces - Distribuidor mayorista","og_description":"Un alimento adecuado proporciona a los peces una dieta sana que favorece su crecimiento, color y estado general. Consulte nuestra oferta para mayoristas.","og_url":"https:\/\/naturalpoland.com\/es\/productos\/materias-primas-para-alimentos-de-animales\/alimentos-para-peces\/","og_site_name":"NATURAL POLAND - Distribuidor Mayorista de Materias Primas","article_publisher":"https:\/\/www.facebook.com\/naturalpoland.b2b","og_image":[{"width":500,"height":500,"url":"https:\/\/naturalpoland.com\/wp-content\/uploads\/fish-food.jpg","type":"image\/jpeg"}],"schema":{"@context":"https:\/\/schema.org","@graph":[{"@type":"WebPage","@id":"https:\/\/naturalpoland.com\/es\/productos\/materias-primas-para-alimentos-de-animales\/alimentos-para-peces\/","url":"https:\/\/naturalpoland.com\/es\/productos\/materias-primas-para-alimentos-de-animales\/alimentos-para-peces\/","name":"Comida para peces - Distribuidor mayorista","isPartOf":{"@id":"https:\/\/naturalpoland.com\/es\/#website"},"primaryImageOfPage":{"@id":"https:\/\/naturalpoland.com\/es\/productos\/materias-primas-para-alimentos-de-animales\/alimentos-para-peces\/#primaryimage"},"image":{"@id":"https:\/\/naturalpoland.com\/es\/productos\/materias-primas-para-alimentos-de-animales\/alimentos-para-peces\/#primaryimage"},"thumbnailUrl":"https:\/\/naturalpoland.com\/wp-content\/uploads\/fish-food.jpg","datePublished":"2023-08-10T09:13:37+00:00","description":"Un alimento adecuado proporciona a los peces una dieta sana que favorece su crecimiento, color y estado general. Consulte nuestra oferta para mayoristas.","breadcrumb":{"@id":"https:\/\/naturalpoland.com\/es\/productos\/materias-primas-para-alimentos-de-animales\/alimentos-para-peces\/#breadcrumb"},"inLanguage":"es","potentialAction":[{"@type":"ReadAction","target":["https:\/\/naturalpoland.com\/es\/productos\/materias-primas-para-alimentos-de-animales\/alimentos-para-peces\/"]}]},{"@type":"ImageObject","inLanguage":"es","@id":"https:\/\/naturalpoland.com\/es\/productos\/materias-primas-para-alimentos-de-animales\/alimentos-para-peces\/#primaryimage","url":"https:\/\/naturalpoland.com\/wp-content\/uploads\/fish-food.jpg","contentUrl":"https:\/\/naturalpoland.com\/wp-content\/uploads\/fish-food.jpg","width":500,"height":500,"caption":"fish food"},{"@type":"BreadcrumbList","@id":"https:\/\/naturalpoland.com\/es\/productos\/materias-primas-para-alimentos-de-animales\/alimentos-para-peces\/#breadcrumb","itemListElement":[{"@type":"ListItem","position":1,"name":"Inicio","item":"https:\/\/naturalpoland.com\/es\/"},{"@type":"ListItem","position":2,"name":"Productos","item":"https:\/\/naturalpoland.com\/es\/productos\/"},{"@type":"ListItem","position":3,"name":"Comida para peces"}]},{"@type":"WebSite","@id":"https:\/\/naturalpoland.com\/es\/#website","url":"https:\/\/naturalpoland.com\/es\/","name":"NATURAL POLAND - Distribuidor Mayorista de Materias Primas","description":"Surowce dla przemys\u0142u spo\u017cywczego, kosmetycznego i farmaceutycznego","publisher":{"@id":"https:\/\/naturalpoland.com\/es\/#organization"},"potentialAction":[{"@type":"SearchAction","target":{"@type":"EntryPoint","urlTemplate":"https:\/\/naturalpoland.com\/es\/?s={search_term_string}"},"query-input":{"@type":"PropertyValueSpecification","valueRequired":true,"valueName":"search_term_string"}}],"inLanguage":"es"},{"@type":"Organization","@id":"https:\/\/naturalpoland.com\/es\/#organization","name":"Natural Poland","url":"https:\/\/naturalpoland.com\/es\/","logo":{"@type":"ImageObject","inLanguage":"es","@id":"https:\/\/naturalpoland.com\/es\/#\/schema\/logo\/image\/","url":"https:\/\/naturalpoland.com\/wp-content\/uploads\/2021\/05\/natural-poland-icon.png","contentUrl":"https:\/\/naturalpoland.com\/wp-content\/uploads\/2021\/05\/natural-poland-icon.png","width":512,"height":512,"caption":"Natural Poland"},"image":{"@id":"https:\/\/naturalpoland.com\/es\/#\/schema\/logo\/image\/"},"sameAs":["https:\/\/www.facebook.com\/naturalpoland.b2b","https:\/\/pl.linkedin.com\/company\/natural-poland","https:\/\/www.youtube.com\/channel\/UCgeGGkvOMahZo-xu_MSEWxg"]}]}},"_links":{"self":[{"href":"https:\/\/naturalpoland.com\/es\/wp-json\/wp\/v2\/product\/24790","targetHints":{"allow":["GET"]}}],"collection":[{"href":"https:\/\/naturalpoland.com\/es\/wp-json\/wp\/v2\/product"}],"about":[{"href":"https:\/\/naturalpoland.com\/es\/wp-json\/wp\/v2\/types\/product"}],"wp:featuredmedia":[{"embeddable":true,"href":"https:\/\/naturalpoland.com\/es\/wp-json\/wp\/v2\/media\/31323"}],"wp:attachment":[{"href":"https:\/\/naturalpoland.com\/es\/wp-json\/wp\/v2\/media?parent=24790"}],"wp:term":[{"taxonomy":"product_brand","embeddable":true,"href":"https:\/\/naturalpoland.com\/es\/wp-json\/wp\/v2\/product_brand?post=24790"},{"taxonomy":"product_cat","embeddable":true,"href":"https:\/\/naturalpoland.com\/es\/wp-json\/wp\/v2\/product_cat?post=24790"},{"taxonomy":"product_tag","embeddable":true,"href":"https:\/\/naturalpoland.com\/es\/wp-json\/wp\/v2\/product_tag?post=24790"}],"curies":[{"name":"wp","href":"https:\/\/api.w.org\/{rel}","templated":true}]}}