{"id":24827,"date":"2023-08-08T11:53:11","date_gmt":"2023-08-10T09:15:12","guid":{"rendered":"https:\/\/naturalpoland.com\/produkty\/sin categor\u00eda\/insectos\/"},"modified":"2023-08-10T11:15:12","modified_gmt":"2023-08-10T09:15:12","slug":"insectos","status":"publish","type":"product","link":"https:\/\/naturalpoland.com\/es\/productos\/materias-primas-para-alimentos-de-animales\/insectos\/","title":{"rendered":"Insectos"},"content":{"rendered":"<p>Los <strong>saltamontes <\/strong>(MD) y los <strong>grillos<\/strong> (MD) son excelentes fuentes de prote\u00ednas y funcionan bien en las dietas de reptiles, aves y muchos otros animales. <strong>Las moscas<\/strong> (MD) son una opci\u00f3n popular como suplemento para peces, perdices o p\u00e1jaros debido a su valor nutritivo.<\/p>\n<p><strong>Las larvas de mosquito rojo<\/strong> (FD) son un excelente alimento para muchas especies de peces, tanto de agua dulce como marina, ya que les aportan nutrientes esenciales. Nuestra gama de productos a base de<strong> mosca negra<\/strong><em>(Hermetia illucens<\/em>) incluye <strong>larvas<\/strong> grandes, <strong>pupas<\/strong> y <strong>adultos<\/strong>. Son apreciados por su alto contenido en prote\u00ednas y grasas, que ayudan a los animales a crecer adecuadamente.<\/p>\n<p>Tambi\u00e9n ofrecemos <strong>pupas<\/strong> especiales de <strong>gusanos de seda<\/strong> y su variante sudamericana, que pueden utilizarse con \u00e9xito como alimento en la cr\u00eda de aves y peces ex\u00f3ticos.<\/p>\n<p>Para quienes buscan fuentes alternativas de prote\u00ednas, ofrecemos <strong>prote\u00edna de insecto en polvo<\/strong> e <strong>hidrolizado de larva de mosca<\/strong> negra. Estos productos son un excelente suplemento diet\u00e9tico para animales que necesitan una rica fuente de prote\u00ednas.<\/p>\n","protected":false},"excerpt":{"rendered":"<p>Los insectos destinados a la alimentaci\u00f3n animal proporcionan a los animales ingredientes sanos y valiosos. Entre otros, ofrecemos. grillos, moscas blancas, larvas de mosquitos y moscas.<\/p>\n","protected":false},"featured_media":24685,"template":"","meta":{"_acf_changed":false},"product_brand":[],"product_cat":[2514],"product_tag":[],"class_list":{"0":"post-24827","1":"product","2":"type-product","3":"status-publish","4":"has-post-thumbnail","6":"product_cat-materias-primas-para-alimentos-de-animales","8":"first","9":"instock","10":"shipping-taxable","11":"product-type-simple"},"acf":[],"yoast_head":"<!-- This site is optimized with the Yoast SEO plugin v27.4 - https:\/\/yoast.com\/product\/yoast-seo-wordpress\/ -->\n<title>Insectos - Distribuidor mayorista<\/title>\n<meta name=\"description\" content=\"Los insectos de los alimentos para mascotas proporcionan a los animales ingredientes sanos y valiosos. Entre otros, ofrecemos. grillos, moscas blancas, larvas de mosquitos y moscas.\" \/>\n<meta name=\"robots\" content=\"index, follow, max-snippet:-1, max-image-preview:large, max-video-preview:-1\" \/>\n<link rel=\"canonical\" href=\"https:\/\/naturalpoland.com\/es\/productos\/materias-primas-para-alimentos-de-animales\/insectos\/\" \/>\n<meta property=\"og:locale\" content=\"es_ES\" \/>\n<meta property=\"og:type\" content=\"article\" \/>\n<meta property=\"og:title\" content=\"Insectos - Distribuidor mayorista\" \/>\n<meta property=\"og:description\" content=\"Los insectos de los alimentos para mascotas proporcionan a los animales ingredientes sanos y valiosos. Entre otros, ofrecemos. grillos, moscas blancas, larvas de mosquitos y moscas.\" \/>\n<meta property=\"og:url\" content=\"https:\/\/naturalpoland.com\/es\/productos\/materias-primas-para-alimentos-de-animales\/insectos\/\" \/>\n<meta property=\"og:site_name\" content=\"NATURAL POLAND - Distribuidor Mayorista de Materias Primas\" \/>\n<meta property=\"article:publisher\" content=\"https:\/\/www.facebook.com\/naturalpoland.b2b\" \/>\n<meta property=\"og:image\" content=\"https:\/\/naturalpoland.com\/wp-content\/uploads\/insekty-do-karm-dla-zwierzat.jpg\" \/>\n\t<meta property=\"og:image:width\" content=\"650\" \/>\n\t<meta property=\"og:image:height\" content=\"650\" \/>\n\t<meta property=\"og:image:type\" content=\"image\/jpeg\" \/>\n<script type=\"application\/ld+json\" class=\"yoast-schema-graph\">{\"@context\":\"https:\\\/\\\/schema.org\",\"@graph\":[{\"@type\":\"WebPage\",\"@id\":\"https:\\\/\\\/naturalpoland.com\\\/es\\\/productos\\\/materias-primas-para-alimentos-de-animales\\\/insectos\\\/\",\"url\":\"https:\\\/\\\/naturalpoland.com\\\/es\\\/productos\\\/materias-primas-para-alimentos-de-animales\\\/insectos\\\/\",\"name\":\"Insectos - Distribuidor mayorista\",\"isPartOf\":{\"@id\":\"https:\\\/\\\/naturalpoland.com\\\/es\\\/#website\"},\"primaryImageOfPage\":{\"@id\":\"https:\\\/\\\/naturalpoland.com\\\/es\\\/productos\\\/materias-primas-para-alimentos-de-animales\\\/insectos\\\/#primaryimage\"},\"image\":{\"@id\":\"https:\\\/\\\/naturalpoland.com\\\/es\\\/productos\\\/materias-primas-para-alimentos-de-animales\\\/insectos\\\/#primaryimage\"},\"thumbnailUrl\":\"https:\\\/\\\/naturalpoland.com\\\/wp-content\\\/uploads\\\/insekty-do-karm-dla-zwierzat.jpg\",\"datePublished\":\"2023-08-10T09:15:12+00:00\",\"description\":\"Los insectos de los alimentos para mascotas proporcionan a los animales ingredientes sanos y valiosos. Entre otros, ofrecemos. grillos, moscas blancas, larvas de mosquitos y moscas.\",\"breadcrumb\":{\"@id\":\"https:\\\/\\\/naturalpoland.com\\\/es\\\/productos\\\/materias-primas-para-alimentos-de-animales\\\/insectos\\\/#breadcrumb\"},\"inLanguage\":\"es\",\"potentialAction\":[{\"@type\":\"ReadAction\",\"target\":[\"https:\\\/\\\/naturalpoland.com\\\/es\\\/productos\\\/materias-primas-para-alimentos-de-animales\\\/insectos\\\/\"]}]},{\"@type\":\"ImageObject\",\"inLanguage\":\"es\",\"@id\":\"https:\\\/\\\/naturalpoland.com\\\/es\\\/productos\\\/materias-primas-para-alimentos-de-animales\\\/insectos\\\/#primaryimage\",\"url\":\"https:\\\/\\\/naturalpoland.com\\\/wp-content\\\/uploads\\\/insekty-do-karm-dla-zwierzat.jpg\",\"contentUrl\":\"https:\\\/\\\/naturalpoland.com\\\/wp-content\\\/uploads\\\/insekty-do-karm-dla-zwierzat.jpg\",\"width\":650,\"height\":650,\"caption\":\"insectos para comida de mascotas\"},{\"@type\":\"BreadcrumbList\",\"@id\":\"https:\\\/\\\/naturalpoland.com\\\/es\\\/productos\\\/materias-primas-para-alimentos-de-animales\\\/insectos\\\/#breadcrumb\",\"itemListElement\":[{\"@type\":\"ListItem\",\"position\":1,\"name\":\"Inicio\",\"item\":\"https:\\\/\\\/naturalpoland.com\\\/es\\\/\"},{\"@type\":\"ListItem\",\"position\":2,\"name\":\"Productos\",\"item\":\"https:\\\/\\\/naturalpoland.com\\\/es\\\/productos\\\/\"},{\"@type\":\"ListItem\",\"position\":3,\"name\":\"Insectos\"}]},{\"@type\":\"WebSite\",\"@id\":\"https:\\\/\\\/naturalpoland.com\\\/es\\\/#website\",\"url\":\"https:\\\/\\\/naturalpoland.com\\\/es\\\/\",\"name\":\"NATURAL POLAND - Distribuidor Mayorista de Materias Primas\",\"description\":\"Surowce dla przemys\u0142u spo\u017cywczego, kosmetycznego i farmaceutycznego\",\"publisher\":{\"@id\":\"https:\\\/\\\/naturalpoland.com\\\/es\\\/#organization\"},\"potentialAction\":[{\"@type\":\"SearchAction\",\"target\":{\"@type\":\"EntryPoint\",\"urlTemplate\":\"https:\\\/\\\/naturalpoland.com\\\/es\\\/?s={search_term_string}\"},\"query-input\":{\"@type\":\"PropertyValueSpecification\",\"valueRequired\":true,\"valueName\":\"search_term_string\"}}],\"inLanguage\":\"es\"},{\"@type\":\"Organization\",\"@id\":\"https:\\\/\\\/naturalpoland.com\\\/es\\\/#organization\",\"name\":\"Natural Poland\",\"url\":\"https:\\\/\\\/naturalpoland.com\\\/es\\\/\",\"logo\":{\"@type\":\"ImageObject\",\"inLanguage\":\"es\",\"@id\":\"https:\\\/\\\/naturalpoland.com\\\/es\\\/#\\\/schema\\\/logo\\\/image\\\/\",\"url\":\"https:\\\/\\\/naturalpoland.com\\\/wp-content\\\/uploads\\\/2021\\\/05\\\/natural-poland-icon.png\",\"contentUrl\":\"https:\\\/\\\/naturalpoland.com\\\/wp-content\\\/uploads\\\/2021\\\/05\\\/natural-poland-icon.png\",\"width\":512,\"height\":512,\"caption\":\"Natural Poland\"},\"image\":{\"@id\":\"https:\\\/\\\/naturalpoland.com\\\/es\\\/#\\\/schema\\\/logo\\\/image\\\/\"},\"sameAs\":[\"https:\\\/\\\/www.facebook.com\\\/naturalpoland.b2b\",\"https:\\\/\\\/pl.linkedin.com\\\/company\\\/natural-poland\",\"https:\\\/\\\/www.youtube.com\\\/channel\\\/UCgeGGkvOMahZo-xu_MSEWxg\"]}]}<\/script>\n<!-- \/ Yoast SEO plugin. -->","yoast_head_json":{"title":"Insectos - Distribuidor mayorista","description":"Los insectos de los alimentos para mascotas proporcionan a los animales ingredientes sanos y valiosos. Entre otros, ofrecemos. grillos, moscas blancas, larvas de mosquitos y moscas.","robots":{"index":"index","follow":"follow","max-snippet":"max-snippet:-1","max-image-preview":"max-image-preview:large","max-video-preview":"max-video-preview:-1"},"canonical":"https:\/\/naturalpoland.com\/es\/productos\/materias-primas-para-alimentos-de-animales\/insectos\/","og_locale":"es_ES","og_type":"article","og_title":"Insectos - Distribuidor mayorista","og_description":"Los insectos de los alimentos para mascotas proporcionan a los animales ingredientes sanos y valiosos. Entre otros, ofrecemos. grillos, moscas blancas, larvas de mosquitos y moscas.","og_url":"https:\/\/naturalpoland.com\/es\/productos\/materias-primas-para-alimentos-de-animales\/insectos\/","og_site_name":"NATURAL POLAND - Distribuidor Mayorista de Materias Primas","article_publisher":"https:\/\/www.facebook.com\/naturalpoland.b2b","og_image":[{"width":650,"height":650,"url":"https:\/\/naturalpoland.com\/wp-content\/uploads\/insekty-do-karm-dla-zwierzat.jpg","type":"image\/jpeg"}],"schema":{"@context":"https:\/\/schema.org","@graph":[{"@type":"WebPage","@id":"https:\/\/naturalpoland.com\/es\/productos\/materias-primas-para-alimentos-de-animales\/insectos\/","url":"https:\/\/naturalpoland.com\/es\/productos\/materias-primas-para-alimentos-de-animales\/insectos\/","name":"Insectos - Distribuidor mayorista","isPartOf":{"@id":"https:\/\/naturalpoland.com\/es\/#website"},"primaryImageOfPage":{"@id":"https:\/\/naturalpoland.com\/es\/productos\/materias-primas-para-alimentos-de-animales\/insectos\/#primaryimage"},"image":{"@id":"https:\/\/naturalpoland.com\/es\/productos\/materias-primas-para-alimentos-de-animales\/insectos\/#primaryimage"},"thumbnailUrl":"https:\/\/naturalpoland.com\/wp-content\/uploads\/insekty-do-karm-dla-zwierzat.jpg","datePublished":"2023-08-10T09:15:12+00:00","description":"Los insectos de los alimentos para mascotas proporcionan a los animales ingredientes sanos y valiosos. Entre otros, ofrecemos. grillos, moscas blancas, larvas de mosquitos y moscas.","breadcrumb":{"@id":"https:\/\/naturalpoland.com\/es\/productos\/materias-primas-para-alimentos-de-animales\/insectos\/#breadcrumb"},"inLanguage":"es","potentialAction":[{"@type":"ReadAction","target":["https:\/\/naturalpoland.com\/es\/productos\/materias-primas-para-alimentos-de-animales\/insectos\/"]}]},{"@type":"ImageObject","inLanguage":"es","@id":"https:\/\/naturalpoland.com\/es\/productos\/materias-primas-para-alimentos-de-animales\/insectos\/#primaryimage","url":"https:\/\/naturalpoland.com\/wp-content\/uploads\/insekty-do-karm-dla-zwierzat.jpg","contentUrl":"https:\/\/naturalpoland.com\/wp-content\/uploads\/insekty-do-karm-dla-zwierzat.jpg","width":650,"height":650,"caption":"insectos para comida de mascotas"},{"@type":"BreadcrumbList","@id":"https:\/\/naturalpoland.com\/es\/productos\/materias-primas-para-alimentos-de-animales\/insectos\/#breadcrumb","itemListElement":[{"@type":"ListItem","position":1,"name":"Inicio","item":"https:\/\/naturalpoland.com\/es\/"},{"@type":"ListItem","position":2,"name":"Productos","item":"https:\/\/naturalpoland.com\/es\/productos\/"},{"@type":"ListItem","position":3,"name":"Insectos"}]},{"@type":"WebSite","@id":"https:\/\/naturalpoland.com\/es\/#website","url":"https:\/\/naturalpoland.com\/es\/","name":"NATURAL POLAND - Distribuidor Mayorista de Materias Primas","description":"Surowce dla przemys\u0142u spo\u017cywczego, kosmetycznego i farmaceutycznego","publisher":{"@id":"https:\/\/naturalpoland.com\/es\/#organization"},"potentialAction":[{"@type":"SearchAction","target":{"@type":"EntryPoint","urlTemplate":"https:\/\/naturalpoland.com\/es\/?s={search_term_string}"},"query-input":{"@type":"PropertyValueSpecification","valueRequired":true,"valueName":"search_term_string"}}],"inLanguage":"es"},{"@type":"Organization","@id":"https:\/\/naturalpoland.com\/es\/#organization","name":"Natural Poland","url":"https:\/\/naturalpoland.com\/es\/","logo":{"@type":"ImageObject","inLanguage":"es","@id":"https:\/\/naturalpoland.com\/es\/#\/schema\/logo\/image\/","url":"https:\/\/naturalpoland.com\/wp-content\/uploads\/2021\/05\/natural-poland-icon.png","contentUrl":"https:\/\/naturalpoland.com\/wp-content\/uploads\/2021\/05\/natural-poland-icon.png","width":512,"height":512,"caption":"Natural Poland"},"image":{"@id":"https:\/\/naturalpoland.com\/es\/#\/schema\/logo\/image\/"},"sameAs":["https:\/\/www.facebook.com\/naturalpoland.b2b","https:\/\/pl.linkedin.com\/company\/natural-poland","https:\/\/www.youtube.com\/channel\/UCgeGGkvOMahZo-xu_MSEWxg"]}]}},"_links":{"self":[{"href":"https:\/\/naturalpoland.com\/es\/wp-json\/wp\/v2\/product\/24827","targetHints":{"allow":["GET"]}}],"collection":[{"href":"https:\/\/naturalpoland.com\/es\/wp-json\/wp\/v2\/product"}],"about":[{"href":"https:\/\/naturalpoland.com\/es\/wp-json\/wp\/v2\/types\/product"}],"wp:featuredmedia":[{"embeddable":true,"href":"https:\/\/naturalpoland.com\/es\/wp-json\/wp\/v2\/media\/24685"}],"wp:attachment":[{"href":"https:\/\/naturalpoland.com\/es\/wp-json\/wp\/v2\/media?parent=24827"}],"wp:term":[{"taxonomy":"product_brand","embeddable":true,"href":"https:\/\/naturalpoland.com\/es\/wp-json\/wp\/v2\/product_brand?post=24827"},{"taxonomy":"product_cat","embeddable":true,"href":"https:\/\/naturalpoland.com\/es\/wp-json\/wp\/v2\/product_cat?post=24827"},{"taxonomy":"product_tag","embeddable":true,"href":"https:\/\/naturalpoland.com\/es\/wp-json\/wp\/v2\/product_tag?post=24827"}],"curies":[{"name":"wp","href":"https:\/\/api.w.org\/{rel}","templated":true}]}}