{"id":24890,"date":"2023-07-25T13:41:24","date_gmt":"2023-08-10T10:36:32","guid":{"rendered":"https:\/\/naturalpoland.com\/produkty\/sin categor\u00eda\/mantequilla-de-onagra\/"},"modified":"2023-08-10T12:36:32","modified_gmt":"2023-08-10T10:36:32","slug":"mantequilla-de-perla","status":"publish","type":"product","link":"https:\/\/naturalpoland.com\/es\/productos\/productos-para-la-industria-cosmetica\/mantecas-cosmeticas\/mantequilla-de-perla\/","title":{"rendered":"Mantequilla de onagra"},"content":{"rendered":"<p>La onagra es una planta utilizada en medicina natural desde hace siglos por sus potentes propiedades curativas. La manteca de onagra es un extracto graso de las semillas de esta planta, enriquecido con <strong>\u00e1cidos grasos insaturados<\/strong>, entre ellos el valios\u00edsimo <strong>\u00e1cido gamma-linol\u00e9nico (GLA)<\/strong>. El GLA es esencial para el buen funcionamiento de nuestra piel, contribuye a su regeneraci\u00f3n y tambi\u00e9n favorece la barrera protectora natural de la piel.<\/p>\n<p>La manteca de onagra es tambi\u00e9n <strong>una rica fuente de vitaminas<\/strong>, minerales y antioxidantes que tienen un efecto antioxidante, previniendo los da\u00f1os de los radicales libres en la piel. Por ello, la manteca de onagra ayuda a combatir los signos del envejecimiento cut\u00e1neo, como las arrugas, la p\u00e9rdida de elasticidad y la pigmentaci\u00f3n irregular.<\/p>\n<p>Gracias a su rica textura, la manteca de onagra hidrata y nutre perfectamente la piel, dej\u00e1ndola suave, tersa y radiante. Est\u00e1 especialmente recomendado para pieles secas, sensibles e irritadas, gracias a sus propiedades calmantes y regeneradoras.<\/p>\n<p>El uso regular de cosm\u00e9ticos con manteca de onagra ayuda a mejorar el estado de la piel, aumenta su elasticidad y favorece los procesos de regeneraci\u00f3n. Es el ingrediente perfecto para quienes desean cuidar la salud y la belleza de su piel de forma natural.<\/p>\n","protected":false},"excerpt":{"rendered":"<p>La manteca de onagra es un tesoro cosm\u00e9tico, extremadamente valioso por sus propiedades hidratantes, regeneradoras y calmantes \u00fanicas.<\/p>\n","protected":false},"featured_media":24458,"template":"","meta":{"_acf_changed":false},"product_brand":[],"product_cat":[1072],"product_tag":[],"class_list":{"0":"post-24890","1":"product","2":"type-product","3":"status-publish","4":"has-post-thumbnail","6":"product_cat-mantecas-cosmeticas","8":"first","9":"instock","10":"shipping-taxable","11":"product-type-simple"},"acf":[],"yoast_head":"<!-- This site is optimized with the Yoast SEO plugin v27.5 - https:\/\/yoast.com\/product\/yoast-seo-wordpress\/ -->\n<title>Mantequilla de onagra - Distribuidor mayorista<\/title>\n<meta name=\"description\" content=\"La manteca de onagra es un tesoro cosm\u00e9tico, extremadamente valioso por sus propiedades hidratantes, regeneradoras y calmantes \u00fanicas.\" \/>\n<meta name=\"robots\" content=\"index, follow, max-snippet:-1, max-image-preview:large, max-video-preview:-1\" \/>\n<link rel=\"canonical\" href=\"https:\/\/naturalpoland.com\/es\/productos\/productos-para-la-industria-cosmetica\/mantecas-cosmeticas\/mantequilla-de-perla\/\" \/>\n<meta property=\"og:locale\" content=\"es_ES\" \/>\n<meta property=\"og:type\" content=\"article\" \/>\n<meta property=\"og:title\" content=\"Mantequilla de onagra - Distribuidor mayorista\" \/>\n<meta property=\"og:description\" content=\"La manteca de onagra es un tesoro cosm\u00e9tico, extremadamente valioso por sus propiedades hidratantes, regeneradoras y calmantes \u00fanicas.\" \/>\n<meta property=\"og:url\" content=\"https:\/\/naturalpoland.com\/es\/productos\/productos-para-la-industria-cosmetica\/mantecas-cosmeticas\/mantequilla-de-perla\/\" \/>\n<meta property=\"og:site_name\" content=\"NATURAL POLAND - Distribuidor Mayorista de Materias Primas\" \/>\n<meta property=\"article:publisher\" content=\"https:\/\/www.facebook.com\/naturalpoland.b2b\" \/>\n<meta property=\"og:image\" content=\"https:\/\/naturalpoland.com\/wp-content\/uploads\/Evening_Primrose_Butter.png\" \/>\n\t<meta property=\"og:image:width\" content=\"599\" \/>\n\t<meta property=\"og:image:height\" content=\"599\" \/>\n\t<meta property=\"og:image:type\" content=\"image\/png\" \/>\n<script type=\"application\/ld+json\" class=\"yoast-schema-graph\">{\"@context\":\"https:\\\/\\\/schema.org\",\"@graph\":[{\"@type\":\"WebPage\",\"@id\":\"https:\\\/\\\/naturalpoland.com\\\/es\\\/productos\\\/productos-para-la-industria-cosmetica\\\/mantecas-cosmeticas\\\/mantequilla-de-perla\\\/\",\"url\":\"https:\\\/\\\/naturalpoland.com\\\/es\\\/productos\\\/productos-para-la-industria-cosmetica\\\/mantecas-cosmeticas\\\/mantequilla-de-perla\\\/\",\"name\":\"Mantequilla de onagra - Distribuidor mayorista\",\"isPartOf\":{\"@id\":\"https:\\\/\\\/naturalpoland.com\\\/es\\\/#website\"},\"primaryImageOfPage\":{\"@id\":\"https:\\\/\\\/naturalpoland.com\\\/es\\\/productos\\\/productos-para-la-industria-cosmetica\\\/mantecas-cosmeticas\\\/mantequilla-de-perla\\\/#primaryimage\"},\"image\":{\"@id\":\"https:\\\/\\\/naturalpoland.com\\\/es\\\/productos\\\/productos-para-la-industria-cosmetica\\\/mantecas-cosmeticas\\\/mantequilla-de-perla\\\/#primaryimage\"},\"thumbnailUrl\":\"https:\\\/\\\/naturalpoland.com\\\/wp-content\\\/uploads\\\/Evening_Primrose_Butter.png\",\"datePublished\":\"2023-08-10T10:36:32+00:00\",\"description\":\"La manteca de onagra es un tesoro cosm\u00e9tico, extremadamente valioso por sus propiedades hidratantes, regeneradoras y calmantes \u00fanicas.\",\"breadcrumb\":{\"@id\":\"https:\\\/\\\/naturalpoland.com\\\/es\\\/productos\\\/productos-para-la-industria-cosmetica\\\/mantecas-cosmeticas\\\/mantequilla-de-perla\\\/#breadcrumb\"},\"inLanguage\":\"es\",\"potentialAction\":[{\"@type\":\"ReadAction\",\"target\":[\"https:\\\/\\\/naturalpoland.com\\\/es\\\/productos\\\/productos-para-la-industria-cosmetica\\\/mantecas-cosmeticas\\\/mantequilla-de-perla\\\/\"]}]},{\"@type\":\"ImageObject\",\"inLanguage\":\"es\",\"@id\":\"https:\\\/\\\/naturalpoland.com\\\/es\\\/productos\\\/productos-para-la-industria-cosmetica\\\/mantecas-cosmeticas\\\/mantequilla-de-perla\\\/#primaryimage\",\"url\":\"https:\\\/\\\/naturalpoland.com\\\/wp-content\\\/uploads\\\/Evening_Primrose_Butter.png\",\"contentUrl\":\"https:\\\/\\\/naturalpoland.com\\\/wp-content\\\/uploads\\\/Evening_Primrose_Butter.png\",\"width\":599,\"height\":599,\"caption\":\"mantequilla de onagra\"},{\"@type\":\"BreadcrumbList\",\"@id\":\"https:\\\/\\\/naturalpoland.com\\\/es\\\/productos\\\/productos-para-la-industria-cosmetica\\\/mantecas-cosmeticas\\\/mantequilla-de-perla\\\/#breadcrumb\",\"itemListElement\":[{\"@type\":\"ListItem\",\"position\":1,\"name\":\"Inicio\",\"item\":\"https:\\\/\\\/naturalpoland.com\\\/es\\\/\"},{\"@type\":\"ListItem\",\"position\":2,\"name\":\"Productos\",\"item\":\"https:\\\/\\\/naturalpoland.com\\\/es\\\/productos\\\/\"},{\"@type\":\"ListItem\",\"position\":3,\"name\":\"Mantequilla de onagra\"}]},{\"@type\":\"WebSite\",\"@id\":\"https:\\\/\\\/naturalpoland.com\\\/es\\\/#website\",\"url\":\"https:\\\/\\\/naturalpoland.com\\\/es\\\/\",\"name\":\"NATURAL POLAND - Distribuidor Mayorista de Materias Primas\",\"description\":\"Surowce dla przemys\u0142u spo\u017cywczego, kosmetycznego i farmaceutycznego\",\"publisher\":{\"@id\":\"https:\\\/\\\/naturalpoland.com\\\/es\\\/#organization\"},\"potentialAction\":[{\"@type\":\"SearchAction\",\"target\":{\"@type\":\"EntryPoint\",\"urlTemplate\":\"https:\\\/\\\/naturalpoland.com\\\/es\\\/?s={search_term_string}\"},\"query-input\":{\"@type\":\"PropertyValueSpecification\",\"valueRequired\":true,\"valueName\":\"search_term_string\"}}],\"inLanguage\":\"es\"},{\"@type\":\"Organization\",\"@id\":\"https:\\\/\\\/naturalpoland.com\\\/es\\\/#organization\",\"name\":\"Natural Poland\",\"url\":\"https:\\\/\\\/naturalpoland.com\\\/es\\\/\",\"logo\":{\"@type\":\"ImageObject\",\"inLanguage\":\"es\",\"@id\":\"https:\\\/\\\/naturalpoland.com\\\/es\\\/#\\\/schema\\\/logo\\\/image\\\/\",\"url\":\"https:\\\/\\\/naturalpoland.com\\\/wp-content\\\/uploads\\\/2021\\\/05\\\/natural-poland-icon.png\",\"contentUrl\":\"https:\\\/\\\/naturalpoland.com\\\/wp-content\\\/uploads\\\/2021\\\/05\\\/natural-poland-icon.png\",\"width\":512,\"height\":512,\"caption\":\"Natural Poland\"},\"image\":{\"@id\":\"https:\\\/\\\/naturalpoland.com\\\/es\\\/#\\\/schema\\\/logo\\\/image\\\/\"},\"sameAs\":[\"https:\\\/\\\/www.facebook.com\\\/naturalpoland.b2b\",\"https:\\\/\\\/pl.linkedin.com\\\/company\\\/natural-poland\",\"https:\\\/\\\/www.youtube.com\\\/channel\\\/UCgeGGkvOMahZo-xu_MSEWxg\"]}]}<\/script>\n<!-- \/ Yoast SEO plugin. -->","yoast_head_json":{"title":"Mantequilla de onagra - Distribuidor mayorista","description":"La manteca de onagra es un tesoro cosm\u00e9tico, extremadamente valioso por sus propiedades hidratantes, regeneradoras y calmantes \u00fanicas.","robots":{"index":"index","follow":"follow","max-snippet":"max-snippet:-1","max-image-preview":"max-image-preview:large","max-video-preview":"max-video-preview:-1"},"canonical":"https:\/\/naturalpoland.com\/es\/productos\/productos-para-la-industria-cosmetica\/mantecas-cosmeticas\/mantequilla-de-perla\/","og_locale":"es_ES","og_type":"article","og_title":"Mantequilla de onagra - Distribuidor mayorista","og_description":"La manteca de onagra es un tesoro cosm\u00e9tico, extremadamente valioso por sus propiedades hidratantes, regeneradoras y calmantes \u00fanicas.","og_url":"https:\/\/naturalpoland.com\/es\/productos\/productos-para-la-industria-cosmetica\/mantecas-cosmeticas\/mantequilla-de-perla\/","og_site_name":"NATURAL POLAND - Distribuidor Mayorista de Materias Primas","article_publisher":"https:\/\/www.facebook.com\/naturalpoland.b2b","og_image":[{"width":599,"height":599,"url":"https:\/\/naturalpoland.com\/wp-content\/uploads\/Evening_Primrose_Butter.png","type":"image\/png"}],"schema":{"@context":"https:\/\/schema.org","@graph":[{"@type":"WebPage","@id":"https:\/\/naturalpoland.com\/es\/productos\/productos-para-la-industria-cosmetica\/mantecas-cosmeticas\/mantequilla-de-perla\/","url":"https:\/\/naturalpoland.com\/es\/productos\/productos-para-la-industria-cosmetica\/mantecas-cosmeticas\/mantequilla-de-perla\/","name":"Mantequilla de onagra - Distribuidor mayorista","isPartOf":{"@id":"https:\/\/naturalpoland.com\/es\/#website"},"primaryImageOfPage":{"@id":"https:\/\/naturalpoland.com\/es\/productos\/productos-para-la-industria-cosmetica\/mantecas-cosmeticas\/mantequilla-de-perla\/#primaryimage"},"image":{"@id":"https:\/\/naturalpoland.com\/es\/productos\/productos-para-la-industria-cosmetica\/mantecas-cosmeticas\/mantequilla-de-perla\/#primaryimage"},"thumbnailUrl":"https:\/\/naturalpoland.com\/wp-content\/uploads\/Evening_Primrose_Butter.png","datePublished":"2023-08-10T10:36:32+00:00","description":"La manteca de onagra es un tesoro cosm\u00e9tico, extremadamente valioso por sus propiedades hidratantes, regeneradoras y calmantes \u00fanicas.","breadcrumb":{"@id":"https:\/\/naturalpoland.com\/es\/productos\/productos-para-la-industria-cosmetica\/mantecas-cosmeticas\/mantequilla-de-perla\/#breadcrumb"},"inLanguage":"es","potentialAction":[{"@type":"ReadAction","target":["https:\/\/naturalpoland.com\/es\/productos\/productos-para-la-industria-cosmetica\/mantecas-cosmeticas\/mantequilla-de-perla\/"]}]},{"@type":"ImageObject","inLanguage":"es","@id":"https:\/\/naturalpoland.com\/es\/productos\/productos-para-la-industria-cosmetica\/mantecas-cosmeticas\/mantequilla-de-perla\/#primaryimage","url":"https:\/\/naturalpoland.com\/wp-content\/uploads\/Evening_Primrose_Butter.png","contentUrl":"https:\/\/naturalpoland.com\/wp-content\/uploads\/Evening_Primrose_Butter.png","width":599,"height":599,"caption":"mantequilla de onagra"},{"@type":"BreadcrumbList","@id":"https:\/\/naturalpoland.com\/es\/productos\/productos-para-la-industria-cosmetica\/mantecas-cosmeticas\/mantequilla-de-perla\/#breadcrumb","itemListElement":[{"@type":"ListItem","position":1,"name":"Inicio","item":"https:\/\/naturalpoland.com\/es\/"},{"@type":"ListItem","position":2,"name":"Productos","item":"https:\/\/naturalpoland.com\/es\/productos\/"},{"@type":"ListItem","position":3,"name":"Mantequilla de onagra"}]},{"@type":"WebSite","@id":"https:\/\/naturalpoland.com\/es\/#website","url":"https:\/\/naturalpoland.com\/es\/","name":"NATURAL POLAND - Distribuidor Mayorista de Materias Primas","description":"Surowce dla przemys\u0142u spo\u017cywczego, kosmetycznego i farmaceutycznego","publisher":{"@id":"https:\/\/naturalpoland.com\/es\/#organization"},"potentialAction":[{"@type":"SearchAction","target":{"@type":"EntryPoint","urlTemplate":"https:\/\/naturalpoland.com\/es\/?s={search_term_string}"},"query-input":{"@type":"PropertyValueSpecification","valueRequired":true,"valueName":"search_term_string"}}],"inLanguage":"es"},{"@type":"Organization","@id":"https:\/\/naturalpoland.com\/es\/#organization","name":"Natural Poland","url":"https:\/\/naturalpoland.com\/es\/","logo":{"@type":"ImageObject","inLanguage":"es","@id":"https:\/\/naturalpoland.com\/es\/#\/schema\/logo\/image\/","url":"https:\/\/naturalpoland.com\/wp-content\/uploads\/2021\/05\/natural-poland-icon.png","contentUrl":"https:\/\/naturalpoland.com\/wp-content\/uploads\/2021\/05\/natural-poland-icon.png","width":512,"height":512,"caption":"Natural Poland"},"image":{"@id":"https:\/\/naturalpoland.com\/es\/#\/schema\/logo\/image\/"},"sameAs":["https:\/\/www.facebook.com\/naturalpoland.b2b","https:\/\/pl.linkedin.com\/company\/natural-poland","https:\/\/www.youtube.com\/channel\/UCgeGGkvOMahZo-xu_MSEWxg"]}]}},"_links":{"self":[{"href":"https:\/\/naturalpoland.com\/es\/wp-json\/wp\/v2\/product\/24890","targetHints":{"allow":["GET"]}}],"collection":[{"href":"https:\/\/naturalpoland.com\/es\/wp-json\/wp\/v2\/product"}],"about":[{"href":"https:\/\/naturalpoland.com\/es\/wp-json\/wp\/v2\/types\/product"}],"wp:featuredmedia":[{"embeddable":true,"href":"https:\/\/naturalpoland.com\/es\/wp-json\/wp\/v2\/media\/24458"}],"wp:attachment":[{"href":"https:\/\/naturalpoland.com\/es\/wp-json\/wp\/v2\/media?parent=24890"}],"wp:term":[{"taxonomy":"product_brand","embeddable":true,"href":"https:\/\/naturalpoland.com\/es\/wp-json\/wp\/v2\/product_brand?post=24890"},{"taxonomy":"product_cat","embeddable":true,"href":"https:\/\/naturalpoland.com\/es\/wp-json\/wp\/v2\/product_cat?post=24890"},{"taxonomy":"product_tag","embeddable":true,"href":"https:\/\/naturalpoland.com\/es\/wp-json\/wp\/v2\/product_tag?post=24890"}],"curies":[{"name":"wp","href":"https:\/\/api.w.org\/{rel}","templated":true}]}}