{"id":24891,"date":"2023-07-25T13:06:15","date_gmt":"2023-08-10T10:36:33","guid":{"rendered":"https:\/\/naturalpoland.com\/produkty\/sin categor\u00eda\/tripeptido-10-cirulina\/"},"modified":"2023-08-10T12:36:33","modified_gmt":"2023-08-10T10:36:33","slug":"tripeptido-10-cirulina","status":"publish","type":"product","link":"https:\/\/naturalpoland.com\/es\/productos\/productos-para-la-industria-cosmetica\/peptidos\/tripeptido-10-cirulina\/","title":{"rendered":"Trip\u00e9ptido-10 Cirulina"},"content":{"rendered":"<p>Su mecanismo de acci\u00f3n \u00fanico consiste en simular la acci\u00f3n de los proteoglicanos aut\u00f3ctonos (decorinas), que desempe\u00f1an un papel clave en la regulaci\u00f3n de la formaci\u00f3n de las fibras de col\u00e1geno. El col\u00e1geno es un componente fundamental de la piel, que contribuye a su firmeza, elasticidad y aspecto juvenil. El Trip\u00e9ptido-10 Cyrulin, a trav\u00e9s de su acci\u00f3n, favorece la producci\u00f3n y el apilamiento de col\u00e1geno, lo que tiene un efecto directo en la reducci\u00f3n de las arrugas y la mejora del aspecto de la piel.<\/p>\n<p>Los productos cosm\u00e9ticos que contienen Trip\u00e9ptido-10 Cyrulin son la soluci\u00f3n perfecta para quienes desean combatir eficazmente los signos del envejecimiento cut\u00e1neo. El uso regular de cosm\u00e9ticos con este ingrediente contribuye a que la piel recupere su aspecto juvenil, firmeza y brillo radiante.<\/p>\n","protected":false},"excerpt":{"rendered":"<p>El trip\u00e9ptido-10 CITRULINA (INCI: TRIPEPTIDE-10 CITRULLINE) es un ingrediente cosm\u00e9tico \u00fanico cuya funci\u00f3n principal es reducir las arrugas y retrasar el proceso de envejecimiento de la piel.<\/p>\n","protected":false},"featured_media":24446,"template":"","meta":{"_acf_changed":false},"product_brand":[],"product_cat":[2495],"product_tag":[],"class_list":{"0":"post-24891","1":"product","2":"type-product","3":"status-publish","4":"has-post-thumbnail","6":"product_cat-peptidos","8":"first","9":"instock","10":"shipping-taxable","11":"product-type-simple"},"acf":[],"yoast_head":"<!-- This site is optimized with the Yoast SEO plugin v27.4 - https:\/\/yoast.com\/product\/yoast-seo-wordpress\/ -->\n<title>Trip\u00e9ptido-10 Cirulina - Distribuidor mayorista<\/title>\n<meta name=\"description\" content=\"El Trip\u00e9ptido-10 Cyruline es un ingrediente cosm\u00e9tico \u00fanico cuya funci\u00f3n principal es reducir las arrugas y retrasar el proceso de envejecimiento de la piel.\" \/>\n<meta name=\"robots\" content=\"index, follow, max-snippet:-1, max-image-preview:large, max-video-preview:-1\" \/>\n<link rel=\"canonical\" href=\"https:\/\/naturalpoland.com\/es\/productos\/productos-para-la-industria-cosmetica\/peptidos\/tripeptido-10-cirulina\/\" \/>\n<meta property=\"og:locale\" content=\"es_ES\" \/>\n<meta property=\"og:type\" content=\"article\" \/>\n<meta property=\"og:title\" content=\"Trip\u00e9ptido-10 Cirulina - Distribuidor mayorista\" \/>\n<meta property=\"og:description\" content=\"El Trip\u00e9ptido-10 Cyruline es un ingrediente cosm\u00e9tico \u00fanico cuya funci\u00f3n principal es reducir las arrugas y retrasar el proceso de envejecimiento de la piel.\" \/>\n<meta property=\"og:url\" content=\"https:\/\/naturalpoland.com\/es\/productos\/productos-para-la-industria-cosmetica\/peptidos\/tripeptido-10-cirulina\/\" \/>\n<meta property=\"og:site_name\" content=\"NATURAL POLAND - Distribuidor Mayorista de Materias Primas\" \/>\n<meta property=\"article:publisher\" content=\"https:\/\/www.facebook.com\/naturalpoland.b2b\" \/>\n<meta property=\"og:image\" content=\"https:\/\/naturalpoland.com\/wp-content\/uploads\/TRIPEPTIDE-10-CITRULLINE.png\" \/>\n\t<meta property=\"og:image:width\" content=\"599\" \/>\n\t<meta property=\"og:image:height\" content=\"599\" \/>\n\t<meta property=\"og:image:type\" content=\"image\/png\" \/>\n<script type=\"application\/ld+json\" class=\"yoast-schema-graph\">{\"@context\":\"https:\\\/\\\/schema.org\",\"@graph\":[{\"@type\":\"WebPage\",\"@id\":\"https:\\\/\\\/naturalpoland.com\\\/es\\\/productos\\\/productos-para-la-industria-cosmetica\\\/peptidos\\\/tripeptido-10-cirulina\\\/\",\"url\":\"https:\\\/\\\/naturalpoland.com\\\/es\\\/productos\\\/productos-para-la-industria-cosmetica\\\/peptidos\\\/tripeptido-10-cirulina\\\/\",\"name\":\"Trip\u00e9ptido-10 Cirulina - Distribuidor mayorista\",\"isPartOf\":{\"@id\":\"https:\\\/\\\/naturalpoland.com\\\/es\\\/#website\"},\"primaryImageOfPage\":{\"@id\":\"https:\\\/\\\/naturalpoland.com\\\/es\\\/productos\\\/productos-para-la-industria-cosmetica\\\/peptidos\\\/tripeptido-10-cirulina\\\/#primaryimage\"},\"image\":{\"@id\":\"https:\\\/\\\/naturalpoland.com\\\/es\\\/productos\\\/productos-para-la-industria-cosmetica\\\/peptidos\\\/tripeptido-10-cirulina\\\/#primaryimage\"},\"thumbnailUrl\":\"https:\\\/\\\/naturalpoland.com\\\/wp-content\\\/uploads\\\/TRIPEPTIDE-10-CITRULLINE.png\",\"datePublished\":\"2023-08-10T10:36:33+00:00\",\"description\":\"El Trip\u00e9ptido-10 Cyruline es un ingrediente cosm\u00e9tico \u00fanico cuya funci\u00f3n principal es reducir las arrugas y retrasar el proceso de envejecimiento de la piel.\",\"breadcrumb\":{\"@id\":\"https:\\\/\\\/naturalpoland.com\\\/es\\\/productos\\\/productos-para-la-industria-cosmetica\\\/peptidos\\\/tripeptido-10-cirulina\\\/#breadcrumb\"},\"inLanguage\":\"es\",\"potentialAction\":[{\"@type\":\"ReadAction\",\"target\":[\"https:\\\/\\\/naturalpoland.com\\\/es\\\/productos\\\/productos-para-la-industria-cosmetica\\\/peptidos\\\/tripeptido-10-cirulina\\\/\"]}]},{\"@type\":\"ImageObject\",\"inLanguage\":\"es\",\"@id\":\"https:\\\/\\\/naturalpoland.com\\\/es\\\/productos\\\/productos-para-la-industria-cosmetica\\\/peptidos\\\/tripeptido-10-cirulina\\\/#primaryimage\",\"url\":\"https:\\\/\\\/naturalpoland.com\\\/wp-content\\\/uploads\\\/TRIPEPTIDE-10-CITRULLINE.png\",\"contentUrl\":\"https:\\\/\\\/naturalpoland.com\\\/wp-content\\\/uploads\\\/TRIPEPTIDE-10-CITRULLINE.png\",\"width\":599,\"height\":599,\"caption\":\"Trip\u00e9ptido-10 Cirulina\"},{\"@type\":\"BreadcrumbList\",\"@id\":\"https:\\\/\\\/naturalpoland.com\\\/es\\\/productos\\\/productos-para-la-industria-cosmetica\\\/peptidos\\\/tripeptido-10-cirulina\\\/#breadcrumb\",\"itemListElement\":[{\"@type\":\"ListItem\",\"position\":1,\"name\":\"Inicio\",\"item\":\"https:\\\/\\\/naturalpoland.com\\\/es\\\/\"},{\"@type\":\"ListItem\",\"position\":2,\"name\":\"Productos\",\"item\":\"https:\\\/\\\/naturalpoland.com\\\/es\\\/productos\\\/\"},{\"@type\":\"ListItem\",\"position\":3,\"name\":\"Trip\u00e9ptido-10 Cirulina\"}]},{\"@type\":\"WebSite\",\"@id\":\"https:\\\/\\\/naturalpoland.com\\\/es\\\/#website\",\"url\":\"https:\\\/\\\/naturalpoland.com\\\/es\\\/\",\"name\":\"NATURAL POLAND - Distribuidor Mayorista de Materias Primas\",\"description\":\"Surowce dla przemys\u0142u spo\u017cywczego, kosmetycznego i farmaceutycznego\",\"publisher\":{\"@id\":\"https:\\\/\\\/naturalpoland.com\\\/es\\\/#organization\"},\"potentialAction\":[{\"@type\":\"SearchAction\",\"target\":{\"@type\":\"EntryPoint\",\"urlTemplate\":\"https:\\\/\\\/naturalpoland.com\\\/es\\\/?s={search_term_string}\"},\"query-input\":{\"@type\":\"PropertyValueSpecification\",\"valueRequired\":true,\"valueName\":\"search_term_string\"}}],\"inLanguage\":\"es\"},{\"@type\":\"Organization\",\"@id\":\"https:\\\/\\\/naturalpoland.com\\\/es\\\/#organization\",\"name\":\"Natural Poland\",\"url\":\"https:\\\/\\\/naturalpoland.com\\\/es\\\/\",\"logo\":{\"@type\":\"ImageObject\",\"inLanguage\":\"es\",\"@id\":\"https:\\\/\\\/naturalpoland.com\\\/es\\\/#\\\/schema\\\/logo\\\/image\\\/\",\"url\":\"https:\\\/\\\/naturalpoland.com\\\/wp-content\\\/uploads\\\/2021\\\/05\\\/natural-poland-icon.png\",\"contentUrl\":\"https:\\\/\\\/naturalpoland.com\\\/wp-content\\\/uploads\\\/2021\\\/05\\\/natural-poland-icon.png\",\"width\":512,\"height\":512,\"caption\":\"Natural Poland\"},\"image\":{\"@id\":\"https:\\\/\\\/naturalpoland.com\\\/es\\\/#\\\/schema\\\/logo\\\/image\\\/\"},\"sameAs\":[\"https:\\\/\\\/www.facebook.com\\\/naturalpoland.b2b\",\"https:\\\/\\\/pl.linkedin.com\\\/company\\\/natural-poland\",\"https:\\\/\\\/www.youtube.com\\\/channel\\\/UCgeGGkvOMahZo-xu_MSEWxg\"]}]}<\/script>\n<!-- \/ Yoast SEO plugin. -->","yoast_head_json":{"title":"Trip\u00e9ptido-10 Cirulina - Distribuidor mayorista","description":"El Trip\u00e9ptido-10 Cyruline es un ingrediente cosm\u00e9tico \u00fanico cuya funci\u00f3n principal es reducir las arrugas y retrasar el proceso de envejecimiento de la piel.","robots":{"index":"index","follow":"follow","max-snippet":"max-snippet:-1","max-image-preview":"max-image-preview:large","max-video-preview":"max-video-preview:-1"},"canonical":"https:\/\/naturalpoland.com\/es\/productos\/productos-para-la-industria-cosmetica\/peptidos\/tripeptido-10-cirulina\/","og_locale":"es_ES","og_type":"article","og_title":"Trip\u00e9ptido-10 Cirulina - Distribuidor mayorista","og_description":"El Trip\u00e9ptido-10 Cyruline es un ingrediente cosm\u00e9tico \u00fanico cuya funci\u00f3n principal es reducir las arrugas y retrasar el proceso de envejecimiento de la piel.","og_url":"https:\/\/naturalpoland.com\/es\/productos\/productos-para-la-industria-cosmetica\/peptidos\/tripeptido-10-cirulina\/","og_site_name":"NATURAL POLAND - Distribuidor Mayorista de Materias Primas","article_publisher":"https:\/\/www.facebook.com\/naturalpoland.b2b","og_image":[{"width":599,"height":599,"url":"https:\/\/naturalpoland.com\/wp-content\/uploads\/TRIPEPTIDE-10-CITRULLINE.png","type":"image\/png"}],"schema":{"@context":"https:\/\/schema.org","@graph":[{"@type":"WebPage","@id":"https:\/\/naturalpoland.com\/es\/productos\/productos-para-la-industria-cosmetica\/peptidos\/tripeptido-10-cirulina\/","url":"https:\/\/naturalpoland.com\/es\/productos\/productos-para-la-industria-cosmetica\/peptidos\/tripeptido-10-cirulina\/","name":"Trip\u00e9ptido-10 Cirulina - Distribuidor mayorista","isPartOf":{"@id":"https:\/\/naturalpoland.com\/es\/#website"},"primaryImageOfPage":{"@id":"https:\/\/naturalpoland.com\/es\/productos\/productos-para-la-industria-cosmetica\/peptidos\/tripeptido-10-cirulina\/#primaryimage"},"image":{"@id":"https:\/\/naturalpoland.com\/es\/productos\/productos-para-la-industria-cosmetica\/peptidos\/tripeptido-10-cirulina\/#primaryimage"},"thumbnailUrl":"https:\/\/naturalpoland.com\/wp-content\/uploads\/TRIPEPTIDE-10-CITRULLINE.png","datePublished":"2023-08-10T10:36:33+00:00","description":"El Trip\u00e9ptido-10 Cyruline es un ingrediente cosm\u00e9tico \u00fanico cuya funci\u00f3n principal es reducir las arrugas y retrasar el proceso de envejecimiento de la piel.","breadcrumb":{"@id":"https:\/\/naturalpoland.com\/es\/productos\/productos-para-la-industria-cosmetica\/peptidos\/tripeptido-10-cirulina\/#breadcrumb"},"inLanguage":"es","potentialAction":[{"@type":"ReadAction","target":["https:\/\/naturalpoland.com\/es\/productos\/productos-para-la-industria-cosmetica\/peptidos\/tripeptido-10-cirulina\/"]}]},{"@type":"ImageObject","inLanguage":"es","@id":"https:\/\/naturalpoland.com\/es\/productos\/productos-para-la-industria-cosmetica\/peptidos\/tripeptido-10-cirulina\/#primaryimage","url":"https:\/\/naturalpoland.com\/wp-content\/uploads\/TRIPEPTIDE-10-CITRULLINE.png","contentUrl":"https:\/\/naturalpoland.com\/wp-content\/uploads\/TRIPEPTIDE-10-CITRULLINE.png","width":599,"height":599,"caption":"Trip\u00e9ptido-10 Cirulina"},{"@type":"BreadcrumbList","@id":"https:\/\/naturalpoland.com\/es\/productos\/productos-para-la-industria-cosmetica\/peptidos\/tripeptido-10-cirulina\/#breadcrumb","itemListElement":[{"@type":"ListItem","position":1,"name":"Inicio","item":"https:\/\/naturalpoland.com\/es\/"},{"@type":"ListItem","position":2,"name":"Productos","item":"https:\/\/naturalpoland.com\/es\/productos\/"},{"@type":"ListItem","position":3,"name":"Trip\u00e9ptido-10 Cirulina"}]},{"@type":"WebSite","@id":"https:\/\/naturalpoland.com\/es\/#website","url":"https:\/\/naturalpoland.com\/es\/","name":"NATURAL POLAND - Distribuidor Mayorista de Materias Primas","description":"Surowce dla przemys\u0142u spo\u017cywczego, kosmetycznego i farmaceutycznego","publisher":{"@id":"https:\/\/naturalpoland.com\/es\/#organization"},"potentialAction":[{"@type":"SearchAction","target":{"@type":"EntryPoint","urlTemplate":"https:\/\/naturalpoland.com\/es\/?s={search_term_string}"},"query-input":{"@type":"PropertyValueSpecification","valueRequired":true,"valueName":"search_term_string"}}],"inLanguage":"es"},{"@type":"Organization","@id":"https:\/\/naturalpoland.com\/es\/#organization","name":"Natural Poland","url":"https:\/\/naturalpoland.com\/es\/","logo":{"@type":"ImageObject","inLanguage":"es","@id":"https:\/\/naturalpoland.com\/es\/#\/schema\/logo\/image\/","url":"https:\/\/naturalpoland.com\/wp-content\/uploads\/2021\/05\/natural-poland-icon.png","contentUrl":"https:\/\/naturalpoland.com\/wp-content\/uploads\/2021\/05\/natural-poland-icon.png","width":512,"height":512,"caption":"Natural Poland"},"image":{"@id":"https:\/\/naturalpoland.com\/es\/#\/schema\/logo\/image\/"},"sameAs":["https:\/\/www.facebook.com\/naturalpoland.b2b","https:\/\/pl.linkedin.com\/company\/natural-poland","https:\/\/www.youtube.com\/channel\/UCgeGGkvOMahZo-xu_MSEWxg"]}]}},"_links":{"self":[{"href":"https:\/\/naturalpoland.com\/es\/wp-json\/wp\/v2\/product\/24891","targetHints":{"allow":["GET"]}}],"collection":[{"href":"https:\/\/naturalpoland.com\/es\/wp-json\/wp\/v2\/product"}],"about":[{"href":"https:\/\/naturalpoland.com\/es\/wp-json\/wp\/v2\/types\/product"}],"wp:featuredmedia":[{"embeddable":true,"href":"https:\/\/naturalpoland.com\/es\/wp-json\/wp\/v2\/media\/24446"}],"wp:attachment":[{"href":"https:\/\/naturalpoland.com\/es\/wp-json\/wp\/v2\/media?parent=24891"}],"wp:term":[{"taxonomy":"product_brand","embeddable":true,"href":"https:\/\/naturalpoland.com\/es\/wp-json\/wp\/v2\/product_brand?post=24891"},{"taxonomy":"product_cat","embeddable":true,"href":"https:\/\/naturalpoland.com\/es\/wp-json\/wp\/v2\/product_cat?post=24891"},{"taxonomy":"product_tag","embeddable":true,"href":"https:\/\/naturalpoland.com\/es\/wp-json\/wp\/v2\/product_tag?post=24891"}],"curies":[{"name":"wp","href":"https:\/\/api.w.org\/{rel}","templated":true}]}}