{"id":24914,"date":"2023-07-21T16:26:52","date_gmt":"2023-07-21T14:26:52","guid":{"rendered":"https:\/\/naturalpoland.com\/produkty\/sin categor\u00eda\/mantequilla-de-grosella-negra\/"},"modified":"2023-08-10T13:10:33","modified_gmt":"2023-08-10T11:10:33","slug":"mantequilla-de-grosella-negra","status":"publish","type":"product","link":"https:\/\/naturalpoland.com\/es\/productos\/productos-para-la-industria-cosmetica\/mantecas-cosmeticas\/mantequilla-de-grosella-negra\/","title":{"rendered":"Mantequilla de grosella negra"},"content":{"rendered":"<h2>\u00bfPropiedades de la mantequilla de grosella negra?<\/h2>\n<p>La exclusiva f\u00f3rmula de manteca de grosella negra ha sido cuidadosamente dise\u00f1ada para proporcionar una hidrataci\u00f3n intensa, nutrici\u00f3n y protecci\u00f3n a la piel y el cabello.<\/p>\n<p>La <strong>grosella negra<\/strong>, conocida por su riqueza en antioxidantes, vitaminas C y E y \u00e1cido gamma-linol\u00e9nico (GLA), es un aut\u00e9ntico superalimento para la piel. <a href=\"https:\/\/naturalpoland.com\/es\/productos\/productos-para-la-industria-cosmetica\/aceites-cosmeticos\/aceite-de-semilla-de-grosella-negra\/\"><br \/>\n  <strong>El aceite de grosella negra<\/strong><br \/>\n<\/a>contenido en nuestra manteca, es conocido por sus efectos hidratantes, calmantes y antienvejecimiento. Act\u00faa en m\u00faltiples niveles, aumentando la elasticidad de la piel, mejorando su textura, reduciendo los signos del envejecimiento y favoreciendo los procesos regenerativos naturales de la piel.<\/p>\n<p>Nuestro producto aprovecha estas ventajas, combin\u00e1ndolas con aceites vegetales hidrogenados para crear una mantequilla cremosa y f\u00e1cil de untar. Gracias a su textura, la manteca de grosella negra es f\u00e1cil de usar y se absorbe r\u00e1pidamente sin dejar sensaci\u00f3n grasa.<\/p>\n<h2>Uso de la mantequilla de grosella negra<\/h2>\n<p>Esta manteca puede aplicarse directamente sobre la piel y el cabello, pero tambi\u00e9n puede enriquecer diversos cosm\u00e9ticos como cremas, lociones, mascarillas o champ\u00fas.<\/p>\n<p>Adem\u00e1s, la mantequilla de grosella negra es extremadamente vers\u00e1til. Se puede utilizar tanto para pieles maduras, como un eficaz ingrediente antiedad, como para pieles problem\u00e1ticas, gracias a sus propiedades calmantes. Para el cabello, la manteca de grosella negra puede ayudar a combatir la sequedad y la fragilidad, aport\u00e1ndole un brillo saludable y suavidad.<\/p>\n","protected":false},"excerpt":{"rendered":"<p>La manteca de grosella negra es un ingrediente cosm\u00e9tico de lujo que combina los beneficios del aceite de grosella negra con los de los aceites vegetales hidrogenados.<\/p>\n","protected":false},"featured_media":24379,"template":"","meta":[],"product_brand":[],"product_cat":[1072],"product_tag":[],"class_list":{"0":"post-24914","1":"product","2":"type-product","3":"status-publish","4":"has-post-thumbnail","6":"product_cat-mantecas-cosmeticas","8":"first","9":"instock","10":"shipping-taxable","11":"product-type-simple"},"yoast_head":"<!-- This site is optimized with the Yoast SEO plugin v27.3 - https:\/\/yoast.com\/product\/yoast-seo-wordpress\/ -->\n<title>Mantequilla de grosella negra - Distribuidor mayorista<\/title>\n<meta name=\"description\" content=\"La manteca de grosella negra es un ingrediente cosm\u00e9tico \u00fanico que combina la riqueza del aceite de grosella negra con aceites vegetales hidrogenados.\" \/>\n<meta name=\"robots\" content=\"index, follow, max-snippet:-1, max-image-preview:large, max-video-preview:-1\" \/>\n<link rel=\"canonical\" href=\"https:\/\/naturalpoland.com\/es\/productos\/productos-para-la-industria-cosmetica\/mantecas-cosmeticas\/mantequilla-de-grosella-negra\/\" \/>\n<meta property=\"og:locale\" content=\"es_ES\" \/>\n<meta property=\"og:type\" content=\"article\" \/>\n<meta property=\"og:title\" content=\"Mantequilla de grosella negra - Distribuidor mayorista\" \/>\n<meta property=\"og:description\" content=\"La manteca de grosella negra es un ingrediente cosm\u00e9tico \u00fanico que combina la riqueza del aceite de grosella negra con aceites vegetales hidrogenados.\" \/>\n<meta property=\"og:url\" content=\"https:\/\/naturalpoland.com\/es\/productos\/productos-para-la-industria-cosmetica\/mantecas-cosmeticas\/mantequilla-de-grosella-negra\/\" \/>\n<meta property=\"og:site_name\" content=\"NATURAL POLAND - Distribuidor Mayorista de Materias Primas\" \/>\n<meta property=\"article:publisher\" content=\"https:\/\/www.facebook.com\/naturalpoland.b2b\" \/>\n<meta property=\"article:modified_time\" content=\"2023-08-10T11:10:33+00:00\" \/>\n<meta property=\"og:image\" content=\"https:\/\/naturalpoland.com\/wp-content\/uploads\/blackcurrant_butter.png\" \/>\n\t<meta property=\"og:image:width\" content=\"595\" \/>\n\t<meta property=\"og:image:height\" content=\"595\" \/>\n\t<meta property=\"og:image:type\" content=\"image\/png\" \/>\n<script type=\"application\/ld+json\" class=\"yoast-schema-graph\">{\"@context\":\"https:\\\/\\\/schema.org\",\"@graph\":[{\"@type\":\"WebPage\",\"@id\":\"https:\\\/\\\/naturalpoland.com\\\/es\\\/productos\\\/productos-para-la-industria-cosmetica\\\/mantecas-cosmeticas\\\/mantequilla-de-grosella-negra\\\/\",\"url\":\"https:\\\/\\\/naturalpoland.com\\\/es\\\/productos\\\/productos-para-la-industria-cosmetica\\\/mantecas-cosmeticas\\\/mantequilla-de-grosella-negra\\\/\",\"name\":\"Mantequilla de grosella negra - Distribuidor mayorista\",\"isPartOf\":{\"@id\":\"https:\\\/\\\/naturalpoland.com\\\/es\\\/#website\"},\"primaryImageOfPage\":{\"@id\":\"https:\\\/\\\/naturalpoland.com\\\/es\\\/productos\\\/productos-para-la-industria-cosmetica\\\/mantecas-cosmeticas\\\/mantequilla-de-grosella-negra\\\/#primaryimage\"},\"image\":{\"@id\":\"https:\\\/\\\/naturalpoland.com\\\/es\\\/productos\\\/productos-para-la-industria-cosmetica\\\/mantecas-cosmeticas\\\/mantequilla-de-grosella-negra\\\/#primaryimage\"},\"thumbnailUrl\":\"https:\\\/\\\/naturalpoland.com\\\/wp-content\\\/uploads\\\/blackcurrant_butter.png\",\"datePublished\":\"2023-07-21T14:26:52+00:00\",\"dateModified\":\"2023-08-10T11:10:33+00:00\",\"description\":\"La manteca de grosella negra es un ingrediente cosm\u00e9tico \u00fanico que combina la riqueza del aceite de grosella negra con aceites vegetales hidrogenados.\",\"breadcrumb\":{\"@id\":\"https:\\\/\\\/naturalpoland.com\\\/es\\\/productos\\\/productos-para-la-industria-cosmetica\\\/mantecas-cosmeticas\\\/mantequilla-de-grosella-negra\\\/#breadcrumb\"},\"inLanguage\":\"es\",\"potentialAction\":[{\"@type\":\"ReadAction\",\"target\":[\"https:\\\/\\\/naturalpoland.com\\\/es\\\/productos\\\/productos-para-la-industria-cosmetica\\\/mantecas-cosmeticas\\\/mantequilla-de-grosella-negra\\\/\"]}]},{\"@type\":\"ImageObject\",\"inLanguage\":\"es\",\"@id\":\"https:\\\/\\\/naturalpoland.com\\\/es\\\/productos\\\/productos-para-la-industria-cosmetica\\\/mantecas-cosmeticas\\\/mantequilla-de-grosella-negra\\\/#primaryimage\",\"url\":\"https:\\\/\\\/naturalpoland.com\\\/wp-content\\\/uploads\\\/blackcurrant_butter.png\",\"contentUrl\":\"https:\\\/\\\/naturalpoland.com\\\/wp-content\\\/uploads\\\/blackcurrant_butter.png\",\"width\":595,\"height\":595,\"caption\":\"mantequilla de grosella negra\"},{\"@type\":\"BreadcrumbList\",\"@id\":\"https:\\\/\\\/naturalpoland.com\\\/es\\\/productos\\\/productos-para-la-industria-cosmetica\\\/mantecas-cosmeticas\\\/mantequilla-de-grosella-negra\\\/#breadcrumb\",\"itemListElement\":[{\"@type\":\"ListItem\",\"position\":1,\"name\":\"Inicio\",\"item\":\"https:\\\/\\\/naturalpoland.com\\\/es\\\/\"},{\"@type\":\"ListItem\",\"position\":2,\"name\":\"Productos\",\"item\":\"https:\\\/\\\/naturalpoland.com\\\/es\\\/productos\\\/\"},{\"@type\":\"ListItem\",\"position\":3,\"name\":\"Mantequilla de grosella negra\"}]},{\"@type\":\"WebSite\",\"@id\":\"https:\\\/\\\/naturalpoland.com\\\/es\\\/#website\",\"url\":\"https:\\\/\\\/naturalpoland.com\\\/es\\\/\",\"name\":\"NATURAL POLAND - Distribuidor Mayorista de Materias Primas\",\"description\":\"Surowce dla przemys\u0142u spo\u017cywczego, kosmetycznego i farmaceutycznego\",\"publisher\":{\"@id\":\"https:\\\/\\\/naturalpoland.com\\\/es\\\/#organization\"},\"potentialAction\":[{\"@type\":\"SearchAction\",\"target\":{\"@type\":\"EntryPoint\",\"urlTemplate\":\"https:\\\/\\\/naturalpoland.com\\\/es\\\/?s={search_term_string}\"},\"query-input\":{\"@type\":\"PropertyValueSpecification\",\"valueRequired\":true,\"valueName\":\"search_term_string\"}}],\"inLanguage\":\"es\"},{\"@type\":\"Organization\",\"@id\":\"https:\\\/\\\/naturalpoland.com\\\/es\\\/#organization\",\"name\":\"Natural Poland\",\"url\":\"https:\\\/\\\/naturalpoland.com\\\/es\\\/\",\"logo\":{\"@type\":\"ImageObject\",\"inLanguage\":\"es\",\"@id\":\"https:\\\/\\\/naturalpoland.com\\\/es\\\/#\\\/schema\\\/logo\\\/image\\\/\",\"url\":\"https:\\\/\\\/naturalpoland.com\\\/wp-content\\\/uploads\\\/2021\\\/05\\\/natural-poland-icon.png\",\"contentUrl\":\"https:\\\/\\\/naturalpoland.com\\\/wp-content\\\/uploads\\\/2021\\\/05\\\/natural-poland-icon.png\",\"width\":512,\"height\":512,\"caption\":\"Natural Poland\"},\"image\":{\"@id\":\"https:\\\/\\\/naturalpoland.com\\\/es\\\/#\\\/schema\\\/logo\\\/image\\\/\"},\"sameAs\":[\"https:\\\/\\\/www.facebook.com\\\/naturalpoland.b2b\",\"https:\\\/\\\/pl.linkedin.com\\\/company\\\/natural-poland\",\"https:\\\/\\\/www.youtube.com\\\/channel\\\/UCgeGGkvOMahZo-xu_MSEWxg\"]}]}<\/script>\n<!-- \/ Yoast SEO plugin. -->","yoast_head_json":{"title":"Mantequilla de grosella negra - Distribuidor mayorista","description":"La manteca de grosella negra es un ingrediente cosm\u00e9tico \u00fanico que combina la riqueza del aceite de grosella negra con aceites vegetales hidrogenados.","robots":{"index":"index","follow":"follow","max-snippet":"max-snippet:-1","max-image-preview":"max-image-preview:large","max-video-preview":"max-video-preview:-1"},"canonical":"https:\/\/naturalpoland.com\/es\/productos\/productos-para-la-industria-cosmetica\/mantecas-cosmeticas\/mantequilla-de-grosella-negra\/","og_locale":"es_ES","og_type":"article","og_title":"Mantequilla de grosella negra - Distribuidor mayorista","og_description":"La manteca de grosella negra es un ingrediente cosm\u00e9tico \u00fanico que combina la riqueza del aceite de grosella negra con aceites vegetales hidrogenados.","og_url":"https:\/\/naturalpoland.com\/es\/productos\/productos-para-la-industria-cosmetica\/mantecas-cosmeticas\/mantequilla-de-grosella-negra\/","og_site_name":"NATURAL POLAND - Distribuidor Mayorista de Materias Primas","article_publisher":"https:\/\/www.facebook.com\/naturalpoland.b2b","article_modified_time":"2023-08-10T11:10:33+00:00","og_image":[{"width":595,"height":595,"url":"https:\/\/naturalpoland.com\/wp-content\/uploads\/blackcurrant_butter.png","type":"image\/png"}],"schema":{"@context":"https:\/\/schema.org","@graph":[{"@type":"WebPage","@id":"https:\/\/naturalpoland.com\/es\/productos\/productos-para-la-industria-cosmetica\/mantecas-cosmeticas\/mantequilla-de-grosella-negra\/","url":"https:\/\/naturalpoland.com\/es\/productos\/productos-para-la-industria-cosmetica\/mantecas-cosmeticas\/mantequilla-de-grosella-negra\/","name":"Mantequilla de grosella negra - Distribuidor mayorista","isPartOf":{"@id":"https:\/\/naturalpoland.com\/es\/#website"},"primaryImageOfPage":{"@id":"https:\/\/naturalpoland.com\/es\/productos\/productos-para-la-industria-cosmetica\/mantecas-cosmeticas\/mantequilla-de-grosella-negra\/#primaryimage"},"image":{"@id":"https:\/\/naturalpoland.com\/es\/productos\/productos-para-la-industria-cosmetica\/mantecas-cosmeticas\/mantequilla-de-grosella-negra\/#primaryimage"},"thumbnailUrl":"https:\/\/naturalpoland.com\/wp-content\/uploads\/blackcurrant_butter.png","datePublished":"2023-07-21T14:26:52+00:00","dateModified":"2023-08-10T11:10:33+00:00","description":"La manteca de grosella negra es un ingrediente cosm\u00e9tico \u00fanico que combina la riqueza del aceite de grosella negra con aceites vegetales hidrogenados.","breadcrumb":{"@id":"https:\/\/naturalpoland.com\/es\/productos\/productos-para-la-industria-cosmetica\/mantecas-cosmeticas\/mantequilla-de-grosella-negra\/#breadcrumb"},"inLanguage":"es","potentialAction":[{"@type":"ReadAction","target":["https:\/\/naturalpoland.com\/es\/productos\/productos-para-la-industria-cosmetica\/mantecas-cosmeticas\/mantequilla-de-grosella-negra\/"]}]},{"@type":"ImageObject","inLanguage":"es","@id":"https:\/\/naturalpoland.com\/es\/productos\/productos-para-la-industria-cosmetica\/mantecas-cosmeticas\/mantequilla-de-grosella-negra\/#primaryimage","url":"https:\/\/naturalpoland.com\/wp-content\/uploads\/blackcurrant_butter.png","contentUrl":"https:\/\/naturalpoland.com\/wp-content\/uploads\/blackcurrant_butter.png","width":595,"height":595,"caption":"mantequilla de grosella negra"},{"@type":"BreadcrumbList","@id":"https:\/\/naturalpoland.com\/es\/productos\/productos-para-la-industria-cosmetica\/mantecas-cosmeticas\/mantequilla-de-grosella-negra\/#breadcrumb","itemListElement":[{"@type":"ListItem","position":1,"name":"Inicio","item":"https:\/\/naturalpoland.com\/es\/"},{"@type":"ListItem","position":2,"name":"Productos","item":"https:\/\/naturalpoland.com\/es\/productos\/"},{"@type":"ListItem","position":3,"name":"Mantequilla de grosella negra"}]},{"@type":"WebSite","@id":"https:\/\/naturalpoland.com\/es\/#website","url":"https:\/\/naturalpoland.com\/es\/","name":"NATURAL POLAND - Distribuidor Mayorista de Materias Primas","description":"Surowce dla przemys\u0142u spo\u017cywczego, kosmetycznego i farmaceutycznego","publisher":{"@id":"https:\/\/naturalpoland.com\/es\/#organization"},"potentialAction":[{"@type":"SearchAction","target":{"@type":"EntryPoint","urlTemplate":"https:\/\/naturalpoland.com\/es\/?s={search_term_string}"},"query-input":{"@type":"PropertyValueSpecification","valueRequired":true,"valueName":"search_term_string"}}],"inLanguage":"es"},{"@type":"Organization","@id":"https:\/\/naturalpoland.com\/es\/#organization","name":"Natural Poland","url":"https:\/\/naturalpoland.com\/es\/","logo":{"@type":"ImageObject","inLanguage":"es","@id":"https:\/\/naturalpoland.com\/es\/#\/schema\/logo\/image\/","url":"https:\/\/naturalpoland.com\/wp-content\/uploads\/2021\/05\/natural-poland-icon.png","contentUrl":"https:\/\/naturalpoland.com\/wp-content\/uploads\/2021\/05\/natural-poland-icon.png","width":512,"height":512,"caption":"Natural Poland"},"image":{"@id":"https:\/\/naturalpoland.com\/es\/#\/schema\/logo\/image\/"},"sameAs":["https:\/\/www.facebook.com\/naturalpoland.b2b","https:\/\/pl.linkedin.com\/company\/natural-poland","https:\/\/www.youtube.com\/channel\/UCgeGGkvOMahZo-xu_MSEWxg"]}]}},"_links":{"self":[{"href":"https:\/\/naturalpoland.com\/es\/wp-json\/wp\/v2\/product\/24914","targetHints":{"allow":["GET"]}}],"collection":[{"href":"https:\/\/naturalpoland.com\/es\/wp-json\/wp\/v2\/product"}],"about":[{"href":"https:\/\/naturalpoland.com\/es\/wp-json\/wp\/v2\/types\/product"}],"wp:featuredmedia":[{"embeddable":true,"href":"https:\/\/naturalpoland.com\/es\/wp-json\/wp\/v2\/media\/24379"}],"wp:attachment":[{"href":"https:\/\/naturalpoland.com\/es\/wp-json\/wp\/v2\/media?parent=24914"}],"wp:term":[{"taxonomy":"product_brand","embeddable":true,"href":"https:\/\/naturalpoland.com\/es\/wp-json\/wp\/v2\/product_brand?post=24914"},{"taxonomy":"product_cat","embeddable":true,"href":"https:\/\/naturalpoland.com\/es\/wp-json\/wp\/v2\/product_cat?post=24914"},{"taxonomy":"product_tag","embeddable":true,"href":"https:\/\/naturalpoland.com\/es\/wp-json\/wp\/v2\/product_tag?post=24914"}],"curies":[{"name":"wp","href":"https:\/\/api.w.org\/{rel}","templated":true}]}}