{"id":25250,"date":"2023-09-01T09:36:08","date_gmt":"2023-09-01T07:36:08","guid":{"rendered":"https:\/\/naturalpoland.com\/produkty\/sin%20categor\u00eda\/colageno\/"},"modified":"2026-03-23T11:23:01","modified_gmt":"2026-03-23T10:23:01","slug":"colageno","status":"publish","type":"product","link":"https:\/\/naturalpoland.com\/es\/productos\/productos-para-la-industria-farmaceutica-y-medica\/aditivos-para-complementos-alimenticios\/colageno\/","title":{"rendered":"Col\u00e1geno"},"content":{"rendered":"<h2>Col\u00e1geno de pescado<\/h2>\n<p><strong>El p\u00e9ptido de col\u00e1geno de pescado tipo I<\/strong> se obtiene mediante el proceso de hidr\u00f3lisis de gelatina de piel de pescado. Es un ingrediente puro y natural con un alto contenido de prote\u00ednas que supera el 94% en materia seca. Contiene 18 amino\u00e1cidos (incluyendo glicina, prolina, hidroxiprolina, arginina, leucina, lisina), de los cuales 7 son amino\u00e1cidos esenciales.  <\/p>\n<p>El producto est\u00e1 disponible en polvo y granulado, siendo la forma granulada la que asegura una disoluci\u00f3n m\u00e1s r\u00e1pida. Puede utilizarse en suplementos diet\u00e9ticos, productos cosm\u00e9ticos y alimentos funcionales. <\/p>\n<p>&nbsp;<\/p>\n<h2 id=\"hydrolizat-kolagenu-z-indyka\">Hidrolizado de col\u00e1geno de pavo<\/h2>\n<p>La hidr\u00f3lisis controlada de col\u00e1geno de origen animal da como resultado una mezcla de p\u00e9ptidos de diferente peso molecular, que se caracterizan por su muy buena solubilidad en agua (incluso a bajas temperaturas) y alta biodisponibilidad.<\/p>\n<p>El col\u00e1geno ofrecido contiene <strong>\u226590% de prote\u00edna<\/strong> y puede presentarse en diversas fracciones (bajo, medio peso molecular o espectro completo). El producto contiene componentes estructurales de origen natural: <strong>hidroxiprolina<\/strong> y <strong>prolina<\/strong>, <strong>glicina<\/strong> (aprox. 14,6 g\/100 g de prote\u00edna) y <strong>\u00e1cido glut\u00e1mico<\/strong> (~11,4 g\/100 g). Adem\u00e1s, puede contener trazas de compuestos que apoyan la estructura del tejido conectivo, como el <strong>sulfato de condroitina<\/strong> o la <strong>glucosamina<\/strong>. El perfil de amino\u00e1cidos tambi\u00e9n incluye amino\u00e1cidos esenciales y ramificados (<strong>BCAA<\/strong>), lo que aumenta su atractivo en aplicaciones nutrac\u00e9uticas.   <\/p>\n<p>En formulaciones alimentarias y suplementarias, el hidrolizado de col\u00e1geno de pavo se utiliza como ingrediente funcional que <strong>no afecta significativamente el sabor ni el olor del producto.<\/strong> Puede emplearse tanto en bebidas como en productos en polvo o encapsulados.<\/p>\n<p>El hidrolizado de col\u00e1geno de pavo cuenta con las certificaciones: BRCGS Food, IFS Food, IFS Logistics y Halal.<\/p>\n<p>&nbsp;<\/p>\n<h2>Col\u00e1geno bovino hidrolizado<\/h2>\n<p>El col\u00e1geno bovino hidrolizado se obtiene de materias primas certificadas de Turqu\u00eda. Es un ingrediente con un contenido proteico muy alto, de aproximadamente el 94,4%, lo que demuestra su calidad y alta concentraci\u00f3n de p\u00e9ptidos activos. Gracias a un avanzado proceso de hidr\u00f3lisis, el col\u00e1geno se descompone en p\u00e9ptidos peque\u00f1os y f\u00e1cilmente asimilables, que se distinguen por su alta biodisponibilidad y excelente solubilidad en agua. Los par\u00e1metros de viscosidad, que oscilan entre 3,6 y 3,99 mPa\u00b7s, facilitan su uso en diversas formulaciones, tanto <strong>l\u00edquidas como en polvo<\/strong>. La materia prima tambi\u00e9n se caracteriza por una <strong>muy buena transparencia de la soluci\u00f3n<\/strong>, lo que permite su uso en bebidas funcionales y productos donde la transparencia es clave.     <\/p>\n<p>El p\u00e9ptido de col\u00e1geno es pr\u00e1cticamente <strong>inodoro<\/strong> y <strong>carece de color intenso<\/strong>. Los an\u00e1lisis microbiol\u00f3gicos confirman que el producto es totalmente seguro <strong>para aplicaciones alimentarias y cosm\u00e9ticas<\/strong>. <\/p>\n<p>Los p\u00e9ptidos de col\u00e1geno, ricos en amino\u00e1cidos como glicina, prolina e hidroxiprolina, apoyan la <strong>s\u00edntesis de col\u00e1geno en la piel<\/strong>, mejoran su elasticidad y nivel de hidrataci\u00f3n, y ayudan a reducir la visibilidad de las arrugas finas. La materia prima tambi\u00e9n es excelente <strong>en suplementos diet\u00e9ticos para deportistas y personas activas<\/strong>, ya que apoya la regeneraci\u00f3n del tejido conectivo, la salud de las articulaciones y los procesos de recuperaci\u00f3n post-ejercicio. En productos alimentarios y nutrac\u00e9uticos, su sabor neutro, claridad y facilidad de mezcla lo convierten en una materia prima atractiva para crear bebidas de col\u00e1geno, polvos instant\u00e1neos y barritas funcionales.  <\/p>\n<p>En aplicaciones cosm\u00e9ticas, el col\u00e1geno hidrolizado act\u00faa como un <strong>ingrediente hidratante y suavizante<\/strong>, mejorando el confort y la condici\u00f3n de la piel, especialmente la deshidratada y que requiere refuerzo. Es un componente valioso en cremas, s\u00e9rums, b\u00e1lsamos y mascarillas de cuidado. <\/p>\n<h2><\/h2>\n<h2>Propiedades del col\u00e1geno<\/h2>\n<p>La funci\u00f3n principal del col\u00e1geno es proporcionar estructura, fuerza y soporte al organismo, y sus roles espec\u00edficos incluyen: <strong>ayudar a los fibroblastos a formar la dermis<\/strong> (capa intermedia de la piel), lo que contribuye al crecimiento de nuevas c\u00e9lulas; proporcionar una capa protectora para los \u00f3rganos; dar a la piel estructura, resistencia y elasticidad; y participar en la coagulaci\u00f3n sangu\u00ednea.<\/p>\n<p>En nuestra oferta al por mayor, presentamos col\u00e1geno de la m\u00e1s alta calidad, cuyo consumo regular puede contrarrestar los procesos de envejecimiento de la piel, reducir la visibilidad de las l\u00edneas finas y arrugas, y apoyar la regeneraci\u00f3n del cabello y las u\u00f1as. Con propiedades que favorecen la producci\u00f3n de nuevas c\u00e9lulas cut\u00e1neas, el col\u00e1geno tambi\u00e9n es inestimable para la cicatrizaci\u00f3n de heridas y la regeneraci\u00f3n de tejidos.<\/p>\n<p>Adem\u00e1s de los beneficios cosm\u00e9ticos, el col\u00e1geno es <strong>esencial para la salud de las articulaciones y los ligamentos<\/strong>. Su consumo puede ayudar a aliviar el dolor, mejorar la elasticidad articular y apoyar la salud \u00f3sea. <\/p>\n<p>&nbsp;<\/p>\n<h2>\u00bfQui\u00e9n deber\u00eda suplementar col\u00e1geno?<\/h2>\n<p>Con la edad, el cuerpo produce menos col\u00e1geno y el col\u00e1geno existente se descompone m\u00e1s r\u00e1pidamente. Las mujeres experimentan una reducci\u00f3n significativa en la producci\u00f3n de col\u00e1geno despu\u00e9s de la menopausia. La disminuci\u00f3n de la producci\u00f3n de col\u00e1geno despu\u00e9s de los 60 a\u00f1os es un fen\u00f3meno natural en todas las personas. Una dieta pobre en prote\u00ednas puede hacer que el nivel de col\u00e1geno en el cuerpo no sea suficiente. Esto se puede notar por la aparici\u00f3n de s\u00edntomas como: piel arrugada o fl\u00e1cida, hinchaz\u00f3n alrededor de los ojos, m\u00fasculos debilitados, tendones y ligamentos m\u00e1s r\u00edgidos y menos el\u00e1sticos, dolor articular u osteoartritis causada por el desgaste del cart\u00edlago, o problemas de flujo sangu\u00edneo.     <\/p>\n<p>En el contexto de la suplementaci\u00f3n diet\u00e9tica, el col\u00e1geno se recomienda a personas <strong>que cuidan su salud y belleza<\/strong>, as\u00ed como a personas <strong>con un estilo de vida activo<\/strong>, <strong>deportistas<\/strong> y <strong>personas mayores<\/strong>.<\/p>\n<p>&nbsp;<\/p>\n<h2>\u00bfQu\u00e9 da\u00f1a el col\u00e1geno en el cuerpo?<\/h2>\n<p>Los factores ambientales que influyen en la disminuci\u00f3n de la s\u00edntesis de col\u00e1geno incluyen, entre otros, <strong>fumar<\/strong>, lo que reduce la producci\u00f3n de col\u00e1geno. Da\u00f1a el col\u00e1geno y la elastina, lo que lleva a la formaci\u00f3n de arrugas y hace que las heridas cicatricen m\u00e1s lentamente. La nicotina contrae los vasos sangu\u00edneos cerca de la superficie de la piel, impidiendo el suministro de ox\u00edgeno y nutrientes.   <\/p>\n<p>Otro factor adverso es el <strong>consumo excesivo de az\u00facar y carbohidratos refinados<\/strong>. El az\u00facar se une a las prote\u00ednas, y las mol\u00e9culas resultantes da\u00f1an las prote\u00ednas cercanas y hacen que el col\u00e1geno se vuelva d\u00e9bil y quebradizo. <\/p>\n<p>Asimismo, la <strong>exposici\u00f3n a la luz ultravioleta<\/strong> afecta negativamente la estructura del col\u00e1geno en la piel. Demasiada luz solar reduce la producci\u00f3n de col\u00e1geno y provoca su descomposici\u00f3n m\u00e1s r\u00e1pida, lo que da lugar a la formaci\u00f3n de arrugas. <\/p>\n<p>Otros factores que contribuyen a las deficiencias de col\u00e1geno en el organismo son las <strong>enfermedades autoinmunes<\/strong> (artritis reumatoide, lupus, dermatomiositis y esclerodermia) y las <strong>mutaciones gen\u00e9ticas<\/strong> (s\u00edndrome de Ehlers-Danlos y osteog\u00e9nesis imperfecta).<\/p>\n<p>&nbsp;<\/p>\n<h2>\u00bfQu\u00e9 tipo de col\u00e1geno elegir?<\/h2>\n<p>Se han identificado <strong>aproximadamente 28 tipos de col\u00e1geno<\/strong>. Se diferencian en la forma en que se unen las mol\u00e9culas, los componentes celulares a\u00f1adidos y el lugar de utilizaci\u00f3n del col\u00e1geno en el organismo. <\/p>\n<p>Los principales amino\u00e1cidos que forman el col\u00e1geno son la <strong>prolina<\/strong>, la <strong>glicina<\/strong> y la <strong>hidroxiprolina<\/strong>. Todas las fibras de col\u00e1geno tienen al menos una estructura de triple h\u00e9lice. <\/p>\n<p><strong>Existen cinco tipos diferentes de col\u00e1geno en el cuerpo:<\/strong><\/p>\n<p>&#8211; <strong>Tipo 1<\/strong> &#8211; constituye aproximadamente el 90% de todo el col\u00e1geno del cuerpo. Se encuentra en la piel, el tejido conectivo, los tendones, los dientes y los huesos. <\/p>\n<p>&#8211; <strong>Tipo 2<\/strong> &#8211; se encuentra en el cart\u00edlago articular.<\/p>\n<p>&#8211; <strong>Tipo 3<\/strong> \u2013 presente en las estructuras de m\u00fasculos, \u00f3rganos y arterias.<\/p>\n<p>&#8211; <strong>Tipo 4<\/strong> &#8211; se encuentra en las capas y la membrana de la piel.<\/p>\n<p>&#8211; <strong>Tipo 5<\/strong> &#8211; presente en el cabello, la c\u00f3rnea de los ojos y tambi\u00e9n en la placenta durante el embarazo.<\/p>\n<p>Existen varios tipos diferentes de suplementos de col\u00e1geno disponibles: <strong>animal<\/strong> y <strong>marino (de pescado)<\/strong>, as\u00ed como <strong>vegano<\/strong>. Los productos veganos proporcionan precursores de col\u00e1geno, ya que el col\u00e1geno de origen natural proviene exclusivamente de fuentes animales. <\/p>\n<p>&nbsp;<\/p>\n<h2>C\u00f3mo usar el col\u00e1geno<\/h2>\n<p>El col\u00e1geno se puede a\u00f1adir a batidos o al caf\u00e9 de la ma\u00f1ana, o tomar en forma de c\u00e1psulas, seg\u00fan las preferencias. La cantidad de col\u00e1geno necesaria cada d\u00eda depende de su tipo, forma y el motivo de la suplementaci\u00f3n. <\/p>\n<p>Estudios recientes sugieren que el col\u00e1geno hidrolizado en dosis de 2,5 g a 15 g al d\u00eda es seguro y eficaz. Una dosis menor de 2,5 g puede tener un efecto beneficioso sobre el dolor articular, la salud de la piel y la hidrataci\u00f3n, mientras que 5 g al d\u00eda han demostrado ser beneficiosos para la salud \u00f3sea; dosis mayores de 15 g se han utilizado para mejorar la composici\u00f3n corporal y la masa muscular. <\/p>\n<p>&nbsp;<\/p>\n<h2>C\u00f3mo aumentar los niveles de col\u00e1geno en el cuerpo<\/h2>\n<p>El col\u00e1geno se puede aportar al organismo con una dieta equilibrada rica en legumbres, mariscos, carne, aves, l\u00e1cteos y huevos. Sin embargo, hay que recordar que el cuerpo descompone las prote\u00ednas de col\u00e1geno ingeridas en amino\u00e1cidos, a partir de los cuales sintetiza de nuevo las prote\u00ednas que faltan. As\u00ed, <strong>el consumo de alimentos ricos en col\u00e1geno no resulta directamente en niveles m\u00e1s altos de col\u00e1geno en el cuerpo<\/strong> si en ese momento necesita otras prote\u00ednas. No obstante, hay muchos alimentos y suplementos que aportan ingredientes que apoyan la producci\u00f3n de col\u00e1geno. Estos contienen los amino\u00e1cidos: prolina y glicina. La vitamina C, el zinc y el cobre tambi\u00e9n son esenciales para el proceso de formaci\u00f3n del col\u00e1geno.     <\/p>\n<p>Adem\u00e1s de la dieta, se puede considerar el <strong>apoyo con suplementos diet\u00e9ticos<\/strong>. Los estudios han demostrado que los p\u00e9ptidos de col\u00e1geno son probablemente eficaces para mejorar la hidrataci\u00f3n y elasticidad de la piel. Tambi\u00e9n son probablemente eficaces para aliviar el dolor y mejorar la funci\u00f3n articular en personas con osteoartritis de rodilla.  <\/p>\n<hr>\n<h5 class=\"author-name uppercase pt-half\"><strong><small>Mgr. Misza Kinsner<\/small><\/strong><\/h5>\n<p class=\"author-desc small\"><small>Estudiante de doctorado e investigadora en el Instituto de Fisiolog\u00eda y Nutrici\u00f3n Animal en Jab\u0142onna, con formaci\u00f3n en nutrici\u00f3n humana, evaluaci\u00f3n de alimentos y sistemas de seguridad aplicados en la producci\u00f3n alimentaria. Interesada en la ciencia de diversas \u00e1reas, incluyendo f\u00edsica, biolog\u00eda, nutrigen\u00f3mica y nutrigen\u00e9tica.  <\/small><\/p>\n<p>&nbsp;<\/p>\n","protected":false},"excerpt":{"rendered":"<p><strong>El col\u00e1geno<\/strong> es la prote\u00edna m\u00e1s abundante en el cuerpo; se encuentra en huesos, piel, m\u00fasculos y tendones. Participa en procesos como la coagulaci\u00f3n sangu\u00ednea, la cicatrizaci\u00f3n de heridas y la protecci\u00f3n del sistema nervioso. Con la edad, la producci\u00f3n de col\u00e1geno disminuye naturalmente, y tomar suplementos diet\u00e9ticos o productos alimenticios que contienen col\u00e1geno puede aportar beneficios para la salud y la est\u00e9tica.  <\/p>\n","protected":false},"featured_media":25241,"template":"","meta":{"_acf_changed":false},"product_brand":[],"product_cat":[1076],"product_tag":[],"class_list":{"0":"post-25250","1":"product","2":"type-product","3":"status-publish","4":"has-post-thumbnail","6":"product_cat-aditivos-para-complementos-alimenticios","8":"first","9":"instock","10":"shipping-taxable","11":"product-type-simple"},"acf":[],"yoast_head":"<!-- This site is optimized with the Yoast SEO plugin v27.4 - https:\/\/yoast.com\/product\/yoast-seo-wordpress\/ -->\n<title>Col\u00e1geno - NATURAL POLAND - Distribuidor Mayorista de Materias Primas<\/title>\n<meta name=\"description\" content=\"El col\u00e1geno es un ingrediente indispensable en la alimentaci\u00f3n, que sustenta la salud de la piel, el cabello, las u\u00f1as, las articulaciones y los huesos.\" \/>\n<meta name=\"robots\" content=\"index, follow, max-snippet:-1, max-image-preview:large, max-video-preview:-1\" \/>\n<link rel=\"canonical\" href=\"https:\/\/naturalpoland.com\/es\/productos\/productos-para-la-industria-farmaceutica-y-medica\/aditivos-para-complementos-alimenticios\/colageno\/\" \/>\n<meta property=\"og:locale\" content=\"es_ES\" \/>\n<meta property=\"og:type\" content=\"article\" \/>\n<meta property=\"og:title\" content=\"Col\u00e1geno - NATURAL POLAND - Distribuidor Mayorista de Materias Primas\" \/>\n<meta property=\"og:description\" content=\"El col\u00e1geno es un ingrediente indispensable en la alimentaci\u00f3n, que sustenta la salud de la piel, el cabello, las u\u00f1as, las articulaciones y los huesos.\" \/>\n<meta property=\"og:url\" content=\"https:\/\/naturalpoland.com\/es\/productos\/productos-para-la-industria-farmaceutica-y-medica\/aditivos-para-complementos-alimenticios\/colageno\/\" \/>\n<meta property=\"og:site_name\" content=\"NATURAL POLAND - Distribuidor Mayorista de Materias Primas\" \/>\n<meta property=\"article:publisher\" content=\"https:\/\/www.facebook.com\/naturalpoland.b2b\" \/>\n<meta property=\"article:modified_time\" content=\"2026-03-23T10:23:01+00:00\" \/>\n<meta property=\"og:image\" content=\"https:\/\/naturalpoland.com\/wp-content\/uploads\/collagen.jpg\" \/>\n\t<meta property=\"og:image:width\" content=\"592\" \/>\n\t<meta property=\"og:image:height\" content=\"592\" \/>\n\t<meta property=\"og:image:type\" content=\"image\/jpeg\" \/>\n<script type=\"application\/ld+json\" class=\"yoast-schema-graph\">{\"@context\":\"https:\\\/\\\/schema.org\",\"@graph\":[{\"@type\":\"WebPage\",\"@id\":\"https:\\\/\\\/naturalpoland.com\\\/es\\\/productos\\\/productos-para-la-industria-farmaceutica-y-medica\\\/aditivos-para-complementos-alimenticios\\\/colageno\\\/\",\"url\":\"https:\\\/\\\/naturalpoland.com\\\/es\\\/productos\\\/productos-para-la-industria-farmaceutica-y-medica\\\/aditivos-para-complementos-alimenticios\\\/colageno\\\/\",\"name\":\"Col\u00e1geno - NATURAL POLAND - Distribuidor Mayorista de Materias Primas\",\"isPartOf\":{\"@id\":\"https:\\\/\\\/naturalpoland.com\\\/es\\\/#website\"},\"primaryImageOfPage\":{\"@id\":\"https:\\\/\\\/naturalpoland.com\\\/es\\\/productos\\\/productos-para-la-industria-farmaceutica-y-medica\\\/aditivos-para-complementos-alimenticios\\\/colageno\\\/#primaryimage\"},\"image\":{\"@id\":\"https:\\\/\\\/naturalpoland.com\\\/es\\\/productos\\\/productos-para-la-industria-farmaceutica-y-medica\\\/aditivos-para-complementos-alimenticios\\\/colageno\\\/#primaryimage\"},\"thumbnailUrl\":\"https:\\\/\\\/naturalpoland.com\\\/wp-content\\\/uploads\\\/collagen.jpg\",\"datePublished\":\"2023-09-01T07:36:08+00:00\",\"dateModified\":\"2026-03-23T10:23:01+00:00\",\"description\":\"El col\u00e1geno es un ingrediente indispensable en la alimentaci\u00f3n, que sustenta la salud de la piel, el cabello, las u\u00f1as, las articulaciones y los huesos.\",\"breadcrumb\":{\"@id\":\"https:\\\/\\\/naturalpoland.com\\\/es\\\/productos\\\/productos-para-la-industria-farmaceutica-y-medica\\\/aditivos-para-complementos-alimenticios\\\/colageno\\\/#breadcrumb\"},\"inLanguage\":\"es\",\"potentialAction\":[{\"@type\":\"ReadAction\",\"target\":[\"https:\\\/\\\/naturalpoland.com\\\/es\\\/productos\\\/productos-para-la-industria-farmaceutica-y-medica\\\/aditivos-para-complementos-alimenticios\\\/colageno\\\/\"]}]},{\"@type\":\"ImageObject\",\"inLanguage\":\"es\",\"@id\":\"https:\\\/\\\/naturalpoland.com\\\/es\\\/productos\\\/productos-para-la-industria-farmaceutica-y-medica\\\/aditivos-para-complementos-alimenticios\\\/colageno\\\/#primaryimage\",\"url\":\"https:\\\/\\\/naturalpoland.com\\\/wp-content\\\/uploads\\\/collagen.jpg\",\"contentUrl\":\"https:\\\/\\\/naturalpoland.com\\\/wp-content\\\/uploads\\\/collagen.jpg\",\"width\":592,\"height\":592,\"caption\":\"col\u00e1geno\"},{\"@type\":\"BreadcrumbList\",\"@id\":\"https:\\\/\\\/naturalpoland.com\\\/es\\\/productos\\\/productos-para-la-industria-farmaceutica-y-medica\\\/aditivos-para-complementos-alimenticios\\\/colageno\\\/#breadcrumb\",\"itemListElement\":[{\"@type\":\"ListItem\",\"position\":1,\"name\":\"Inicio\",\"item\":\"https:\\\/\\\/naturalpoland.com\\\/es\\\/\"},{\"@type\":\"ListItem\",\"position\":2,\"name\":\"Productos\",\"item\":\"https:\\\/\\\/naturalpoland.com\\\/es\\\/productos\\\/\"},{\"@type\":\"ListItem\",\"position\":3,\"name\":\"Col\u00e1geno\"}]},{\"@type\":\"WebSite\",\"@id\":\"https:\\\/\\\/naturalpoland.com\\\/es\\\/#website\",\"url\":\"https:\\\/\\\/naturalpoland.com\\\/es\\\/\",\"name\":\"NATURAL POLAND - Distribuidor Mayorista de Materias Primas\",\"description\":\"Surowce dla przemys\u0142u spo\u017cywczego, kosmetycznego i farmaceutycznego\",\"publisher\":{\"@id\":\"https:\\\/\\\/naturalpoland.com\\\/es\\\/#organization\"},\"potentialAction\":[{\"@type\":\"SearchAction\",\"target\":{\"@type\":\"EntryPoint\",\"urlTemplate\":\"https:\\\/\\\/naturalpoland.com\\\/es\\\/?s={search_term_string}\"},\"query-input\":{\"@type\":\"PropertyValueSpecification\",\"valueRequired\":true,\"valueName\":\"search_term_string\"}}],\"inLanguage\":\"es\"},{\"@type\":\"Organization\",\"@id\":\"https:\\\/\\\/naturalpoland.com\\\/es\\\/#organization\",\"name\":\"Natural Poland\",\"url\":\"https:\\\/\\\/naturalpoland.com\\\/es\\\/\",\"logo\":{\"@type\":\"ImageObject\",\"inLanguage\":\"es\",\"@id\":\"https:\\\/\\\/naturalpoland.com\\\/es\\\/#\\\/schema\\\/logo\\\/image\\\/\",\"url\":\"https:\\\/\\\/naturalpoland.com\\\/wp-content\\\/uploads\\\/2021\\\/05\\\/natural-poland-icon.png\",\"contentUrl\":\"https:\\\/\\\/naturalpoland.com\\\/wp-content\\\/uploads\\\/2021\\\/05\\\/natural-poland-icon.png\",\"width\":512,\"height\":512,\"caption\":\"Natural Poland\"},\"image\":{\"@id\":\"https:\\\/\\\/naturalpoland.com\\\/es\\\/#\\\/schema\\\/logo\\\/image\\\/\"},\"sameAs\":[\"https:\\\/\\\/www.facebook.com\\\/naturalpoland.b2b\",\"https:\\\/\\\/pl.linkedin.com\\\/company\\\/natural-poland\",\"https:\\\/\\\/www.youtube.com\\\/channel\\\/UCgeGGkvOMahZo-xu_MSEWxg\"]}]}<\/script>\n<!-- \/ Yoast SEO plugin. -->","yoast_head_json":{"title":"Col\u00e1geno - NATURAL POLAND - Distribuidor Mayorista de Materias Primas","description":"El col\u00e1geno es un ingrediente indispensable en la alimentaci\u00f3n, que sustenta la salud de la piel, el cabello, las u\u00f1as, las articulaciones y los huesos.","robots":{"index":"index","follow":"follow","max-snippet":"max-snippet:-1","max-image-preview":"max-image-preview:large","max-video-preview":"max-video-preview:-1"},"canonical":"https:\/\/naturalpoland.com\/es\/productos\/productos-para-la-industria-farmaceutica-y-medica\/aditivos-para-complementos-alimenticios\/colageno\/","og_locale":"es_ES","og_type":"article","og_title":"Col\u00e1geno - NATURAL POLAND - Distribuidor Mayorista de Materias Primas","og_description":"El col\u00e1geno es un ingrediente indispensable en la alimentaci\u00f3n, que sustenta la salud de la piel, el cabello, las u\u00f1as, las articulaciones y los huesos.","og_url":"https:\/\/naturalpoland.com\/es\/productos\/productos-para-la-industria-farmaceutica-y-medica\/aditivos-para-complementos-alimenticios\/colageno\/","og_site_name":"NATURAL POLAND - Distribuidor Mayorista de Materias Primas","article_publisher":"https:\/\/www.facebook.com\/naturalpoland.b2b","article_modified_time":"2026-03-23T10:23:01+00:00","og_image":[{"width":592,"height":592,"url":"https:\/\/naturalpoland.com\/wp-content\/uploads\/collagen.jpg","type":"image\/jpeg"}],"schema":{"@context":"https:\/\/schema.org","@graph":[{"@type":"WebPage","@id":"https:\/\/naturalpoland.com\/es\/productos\/productos-para-la-industria-farmaceutica-y-medica\/aditivos-para-complementos-alimenticios\/colageno\/","url":"https:\/\/naturalpoland.com\/es\/productos\/productos-para-la-industria-farmaceutica-y-medica\/aditivos-para-complementos-alimenticios\/colageno\/","name":"Col\u00e1geno - NATURAL POLAND - Distribuidor Mayorista de Materias Primas","isPartOf":{"@id":"https:\/\/naturalpoland.com\/es\/#website"},"primaryImageOfPage":{"@id":"https:\/\/naturalpoland.com\/es\/productos\/productos-para-la-industria-farmaceutica-y-medica\/aditivos-para-complementos-alimenticios\/colageno\/#primaryimage"},"image":{"@id":"https:\/\/naturalpoland.com\/es\/productos\/productos-para-la-industria-farmaceutica-y-medica\/aditivos-para-complementos-alimenticios\/colageno\/#primaryimage"},"thumbnailUrl":"https:\/\/naturalpoland.com\/wp-content\/uploads\/collagen.jpg","datePublished":"2023-09-01T07:36:08+00:00","dateModified":"2026-03-23T10:23:01+00:00","description":"El col\u00e1geno es un ingrediente indispensable en la alimentaci\u00f3n, que sustenta la salud de la piel, el cabello, las u\u00f1as, las articulaciones y los huesos.","breadcrumb":{"@id":"https:\/\/naturalpoland.com\/es\/productos\/productos-para-la-industria-farmaceutica-y-medica\/aditivos-para-complementos-alimenticios\/colageno\/#breadcrumb"},"inLanguage":"es","potentialAction":[{"@type":"ReadAction","target":["https:\/\/naturalpoland.com\/es\/productos\/productos-para-la-industria-farmaceutica-y-medica\/aditivos-para-complementos-alimenticios\/colageno\/"]}]},{"@type":"ImageObject","inLanguage":"es","@id":"https:\/\/naturalpoland.com\/es\/productos\/productos-para-la-industria-farmaceutica-y-medica\/aditivos-para-complementos-alimenticios\/colageno\/#primaryimage","url":"https:\/\/naturalpoland.com\/wp-content\/uploads\/collagen.jpg","contentUrl":"https:\/\/naturalpoland.com\/wp-content\/uploads\/collagen.jpg","width":592,"height":592,"caption":"col\u00e1geno"},{"@type":"BreadcrumbList","@id":"https:\/\/naturalpoland.com\/es\/productos\/productos-para-la-industria-farmaceutica-y-medica\/aditivos-para-complementos-alimenticios\/colageno\/#breadcrumb","itemListElement":[{"@type":"ListItem","position":1,"name":"Inicio","item":"https:\/\/naturalpoland.com\/es\/"},{"@type":"ListItem","position":2,"name":"Productos","item":"https:\/\/naturalpoland.com\/es\/productos\/"},{"@type":"ListItem","position":3,"name":"Col\u00e1geno"}]},{"@type":"WebSite","@id":"https:\/\/naturalpoland.com\/es\/#website","url":"https:\/\/naturalpoland.com\/es\/","name":"NATURAL POLAND - Distribuidor Mayorista de Materias Primas","description":"Surowce dla przemys\u0142u spo\u017cywczego, kosmetycznego i farmaceutycznego","publisher":{"@id":"https:\/\/naturalpoland.com\/es\/#organization"},"potentialAction":[{"@type":"SearchAction","target":{"@type":"EntryPoint","urlTemplate":"https:\/\/naturalpoland.com\/es\/?s={search_term_string}"},"query-input":{"@type":"PropertyValueSpecification","valueRequired":true,"valueName":"search_term_string"}}],"inLanguage":"es"},{"@type":"Organization","@id":"https:\/\/naturalpoland.com\/es\/#organization","name":"Natural Poland","url":"https:\/\/naturalpoland.com\/es\/","logo":{"@type":"ImageObject","inLanguage":"es","@id":"https:\/\/naturalpoland.com\/es\/#\/schema\/logo\/image\/","url":"https:\/\/naturalpoland.com\/wp-content\/uploads\/2021\/05\/natural-poland-icon.png","contentUrl":"https:\/\/naturalpoland.com\/wp-content\/uploads\/2021\/05\/natural-poland-icon.png","width":512,"height":512,"caption":"Natural Poland"},"image":{"@id":"https:\/\/naturalpoland.com\/es\/#\/schema\/logo\/image\/"},"sameAs":["https:\/\/www.facebook.com\/naturalpoland.b2b","https:\/\/pl.linkedin.com\/company\/natural-poland","https:\/\/www.youtube.com\/channel\/UCgeGGkvOMahZo-xu_MSEWxg"]}]}},"_links":{"self":[{"href":"https:\/\/naturalpoland.com\/es\/wp-json\/wp\/v2\/product\/25250","targetHints":{"allow":["GET"]}}],"collection":[{"href":"https:\/\/naturalpoland.com\/es\/wp-json\/wp\/v2\/product"}],"about":[{"href":"https:\/\/naturalpoland.com\/es\/wp-json\/wp\/v2\/types\/product"}],"wp:featuredmedia":[{"embeddable":true,"href":"https:\/\/naturalpoland.com\/es\/wp-json\/wp\/v2\/media\/25241"}],"wp:attachment":[{"href":"https:\/\/naturalpoland.com\/es\/wp-json\/wp\/v2\/media?parent=25250"}],"wp:term":[{"taxonomy":"product_brand","embeddable":true,"href":"https:\/\/naturalpoland.com\/es\/wp-json\/wp\/v2\/product_brand?post=25250"},{"taxonomy":"product_cat","embeddable":true,"href":"https:\/\/naturalpoland.com\/es\/wp-json\/wp\/v2\/product_cat?post=25250"},{"taxonomy":"product_tag","embeddable":true,"href":"https:\/\/naturalpoland.com\/es\/wp-json\/wp\/v2\/product_tag?post=25250"}],"curies":[{"name":"wp","href":"https:\/\/api.w.org\/{rel}","templated":true}]}}