{"id":26090,"date":"2023-10-02T13:56:47","date_gmt":"2023-10-02T11:56:47","guid":{"rendered":"https:\/\/naturalpoland.com\/produkty\/sin categor\u00eda\/proteinas-de-las-habas\/"},"modified":"2023-10-03T10:09:00","modified_gmt":"2023-10-03T08:09:00","slug":"proteina-frijoles","status":"publish","type":"product","link":"https:\/\/naturalpoland.com\/es\/productos\/productos-para-la-industria-alimentaria\/proteinas-vegetales\/proteina-frijoles\/","title":{"rendered":"Prote\u00ednas de las habas"},"content":{"rendered":"<p>Su mayor ventaja es su completo perfil de amino\u00e1cidos: <strong>contiene todos los amino\u00e1cidos esenciales<\/strong>, algo poco frecuente entre las prote\u00ednas vegetales. Como resultado, la prote\u00edna de haba puede apoyar eficazmente los procesos regenerativos del organismo, la construcci\u00f3n y reparaci\u00f3n del tejido muscular y el curso normal de muchos procesos metab\u00f3licos clave.<\/p>\n<p>Los valores nutricionales de la prote\u00edna de haba son bastante vers\u00e1tiles. Este producto puede ser utilizado con \u00e9xito tanto por deportistas como por personas con un estilo de vida menos activo. Su consumo regular puede ayudar a mejorar el estado general del organismo y a cumplir la norma diaria de prote\u00ednas, que es crucial sobre todo en las dietas vegetarianas y veganas.<\/p>\n<p>El sabor suave y neutro de la prote\u00edna de haba hace que combine perfectamente con una gran variedad de alimentos. Pueden a\u00f1adirse a smoothies, batidos de prote\u00ednas, copos de avena, yogures, ensaladas o utilizarse como ingrediente en productos de panader\u00eda y platos precocinados, aumentando su valor nutritivo.<\/p>\n<p>Adem\u00e1s, la prote\u00edna de haba no contiene gluten y es hipoalerg\u00e9nica, por lo que es segura para las personas con intolerancias y alergias alimentarias. Correctamente procesado, proporciona un ingrediente f\u00e1cilmente absorbible y digerible por el organismo, sin ninguna carga adicional para el sistema digestivo.<\/p>\n<p>Tampoco pueden pasarse por alto los aspectos ecol\u00f3gicos de la producci\u00f3n de prote\u00edna de haba. Es una materia prima sostenible cuyo cultivo tiene un bajo impacto medioambiental, lo que la convierte en una elecci\u00f3n respetuosa con el planeta. En una \u00e9poca de creciente concienciaci\u00f3n medioambiental entre los consumidores, un argumento de este tipo es cada vez m\u00e1s importante, y la prote\u00edna de haba cumple sin duda estas expectativas.<\/p>\n","protected":false},"excerpt":{"rendered":"<p>La prote\u00edna de jud\u00eda, con un contenido proteico del 60%, es una excelente fuente vegetal de prote\u00ednas. Es una excelente alternativa para quienes buscan fuentes diversas y valiosas de prote\u00ednas en su dieta.<\/p>\n","protected":false},"featured_media":25931,"template":"","meta":{"_acf_changed":false},"product_brand":[],"product_cat":[2671],"product_tag":[],"class_list":{"0":"post-26090","1":"product","2":"type-product","3":"status-publish","4":"has-post-thumbnail","6":"product_cat-proteinas-vegetales","8":"first","9":"instock","10":"shipping-taxable","11":"product-type-simple"},"acf":[],"yoast_head":"<!-- This site is optimized with the Yoast SEO plugin v27.4 - https:\/\/yoast.com\/product\/yoast-seo-wordpress\/ -->\n<title>Prote\u00ednas de las habas - Distribuidor mayorista<\/title>\n<meta name=\"robots\" content=\"index, follow, max-snippet:-1, max-image-preview:large, max-video-preview:-1\" \/>\n<link rel=\"canonical\" href=\"https:\/\/naturalpoland.com\/es\/productos\/productos-para-la-industria-alimentaria\/proteinas-vegetales\/proteina-frijoles\/\" \/>\n<meta property=\"og:locale\" content=\"es_ES\" \/>\n<meta property=\"og:type\" content=\"article\" \/>\n<meta property=\"og:title\" content=\"Prote\u00ednas de las habas - Distribuidor mayorista\" \/>\n<meta property=\"og:description\" content=\"La prote\u00edna de jud\u00eda, con un contenido proteico del 60%, es una excelente fuente vegetal de prote\u00ednas. Es una excelente alternativa para quienes buscan fuentes diversas y valiosas de prote\u00ednas en su dieta.\" \/>\n<meta property=\"og:url\" content=\"https:\/\/naturalpoland.com\/es\/productos\/productos-para-la-industria-alimentaria\/proteinas-vegetales\/proteina-frijoles\/\" \/>\n<meta property=\"og:site_name\" content=\"NATURAL POLAND - Distribuidor Mayorista de Materias Primas\" \/>\n<meta property=\"article:publisher\" content=\"https:\/\/www.facebook.com\/naturalpoland.b2b\" \/>\n<meta property=\"article:modified_time\" content=\"2023-10-03T08:09:00+00:00\" \/>\n<meta property=\"og:image\" content=\"https:\/\/naturalpoland.com\/wp-content\/uploads\/bialko-bobu.jpg\" \/>\n\t<meta property=\"og:image:width\" content=\"650\" \/>\n\t<meta property=\"og:image:height\" content=\"650\" \/>\n\t<meta property=\"og:image:type\" content=\"image\/jpeg\" \/>\n<script type=\"application\/ld+json\" class=\"yoast-schema-graph\">{\"@context\":\"https:\\\/\\\/schema.org\",\"@graph\":[{\"@type\":\"WebPage\",\"@id\":\"https:\\\/\\\/naturalpoland.com\\\/es\\\/productos\\\/productos-para-la-industria-alimentaria\\\/proteinas-vegetales\\\/proteina-frijoles\\\/\",\"url\":\"https:\\\/\\\/naturalpoland.com\\\/es\\\/productos\\\/productos-para-la-industria-alimentaria\\\/proteinas-vegetales\\\/proteina-frijoles\\\/\",\"name\":\"Prote\u00ednas de las habas - Distribuidor mayorista\",\"isPartOf\":{\"@id\":\"https:\\\/\\\/naturalpoland.com\\\/es\\\/#website\"},\"primaryImageOfPage\":{\"@id\":\"https:\\\/\\\/naturalpoland.com\\\/es\\\/productos\\\/productos-para-la-industria-alimentaria\\\/proteinas-vegetales\\\/proteina-frijoles\\\/#primaryimage\"},\"image\":{\"@id\":\"https:\\\/\\\/naturalpoland.com\\\/es\\\/productos\\\/productos-para-la-industria-alimentaria\\\/proteinas-vegetales\\\/proteina-frijoles\\\/#primaryimage\"},\"thumbnailUrl\":\"https:\\\/\\\/naturalpoland.com\\\/wp-content\\\/uploads\\\/bialko-bobu.jpg\",\"datePublished\":\"2023-10-02T11:56:47+00:00\",\"dateModified\":\"2023-10-03T08:09:00+00:00\",\"breadcrumb\":{\"@id\":\"https:\\\/\\\/naturalpoland.com\\\/es\\\/productos\\\/productos-para-la-industria-alimentaria\\\/proteinas-vegetales\\\/proteina-frijoles\\\/#breadcrumb\"},\"inLanguage\":\"es\",\"potentialAction\":[{\"@type\":\"ReadAction\",\"target\":[\"https:\\\/\\\/naturalpoland.com\\\/es\\\/productos\\\/productos-para-la-industria-alimentaria\\\/proteinas-vegetales\\\/proteina-frijoles\\\/\"]}]},{\"@type\":\"ImageObject\",\"inLanguage\":\"es\",\"@id\":\"https:\\\/\\\/naturalpoland.com\\\/es\\\/productos\\\/productos-para-la-industria-alimentaria\\\/proteinas-vegetales\\\/proteina-frijoles\\\/#primaryimage\",\"url\":\"https:\\\/\\\/naturalpoland.com\\\/wp-content\\\/uploads\\\/bialko-bobu.jpg\",\"contentUrl\":\"https:\\\/\\\/naturalpoland.com\\\/wp-content\\\/uploads\\\/bialko-bobu.jpg\",\"width\":650,\"height\":650,\"caption\":\"prote\u00edna de haba\"},{\"@type\":\"BreadcrumbList\",\"@id\":\"https:\\\/\\\/naturalpoland.com\\\/es\\\/productos\\\/productos-para-la-industria-alimentaria\\\/proteinas-vegetales\\\/proteina-frijoles\\\/#breadcrumb\",\"itemListElement\":[{\"@type\":\"ListItem\",\"position\":1,\"name\":\"Inicio\",\"item\":\"https:\\\/\\\/naturalpoland.com\\\/es\\\/\"},{\"@type\":\"ListItem\",\"position\":2,\"name\":\"Productos\",\"item\":\"https:\\\/\\\/naturalpoland.com\\\/es\\\/productos\\\/\"},{\"@type\":\"ListItem\",\"position\":3,\"name\":\"Prote\u00ednas de las habas\"}]},{\"@type\":\"WebSite\",\"@id\":\"https:\\\/\\\/naturalpoland.com\\\/es\\\/#website\",\"url\":\"https:\\\/\\\/naturalpoland.com\\\/es\\\/\",\"name\":\"NATURAL POLAND - Distribuidor Mayorista de Materias Primas\",\"description\":\"Surowce dla przemys\u0142u spo\u017cywczego, kosmetycznego i farmaceutycznego\",\"publisher\":{\"@id\":\"https:\\\/\\\/naturalpoland.com\\\/es\\\/#organization\"},\"potentialAction\":[{\"@type\":\"SearchAction\",\"target\":{\"@type\":\"EntryPoint\",\"urlTemplate\":\"https:\\\/\\\/naturalpoland.com\\\/es\\\/?s={search_term_string}\"},\"query-input\":{\"@type\":\"PropertyValueSpecification\",\"valueRequired\":true,\"valueName\":\"search_term_string\"}}],\"inLanguage\":\"es\"},{\"@type\":\"Organization\",\"@id\":\"https:\\\/\\\/naturalpoland.com\\\/es\\\/#organization\",\"name\":\"Natural Poland\",\"url\":\"https:\\\/\\\/naturalpoland.com\\\/es\\\/\",\"logo\":{\"@type\":\"ImageObject\",\"inLanguage\":\"es\",\"@id\":\"https:\\\/\\\/naturalpoland.com\\\/es\\\/#\\\/schema\\\/logo\\\/image\\\/\",\"url\":\"https:\\\/\\\/naturalpoland.com\\\/wp-content\\\/uploads\\\/2021\\\/05\\\/natural-poland-icon.png\",\"contentUrl\":\"https:\\\/\\\/naturalpoland.com\\\/wp-content\\\/uploads\\\/2021\\\/05\\\/natural-poland-icon.png\",\"width\":512,\"height\":512,\"caption\":\"Natural Poland\"},\"image\":{\"@id\":\"https:\\\/\\\/naturalpoland.com\\\/es\\\/#\\\/schema\\\/logo\\\/image\\\/\"},\"sameAs\":[\"https:\\\/\\\/www.facebook.com\\\/naturalpoland.b2b\",\"https:\\\/\\\/pl.linkedin.com\\\/company\\\/natural-poland\",\"https:\\\/\\\/www.youtube.com\\\/channel\\\/UCgeGGkvOMahZo-xu_MSEWxg\"]}]}<\/script>\n<!-- \/ Yoast SEO plugin. -->","yoast_head_json":{"title":"Prote\u00ednas de las habas - Distribuidor mayorista","robots":{"index":"index","follow":"follow","max-snippet":"max-snippet:-1","max-image-preview":"max-image-preview:large","max-video-preview":"max-video-preview:-1"},"canonical":"https:\/\/naturalpoland.com\/es\/productos\/productos-para-la-industria-alimentaria\/proteinas-vegetales\/proteina-frijoles\/","og_locale":"es_ES","og_type":"article","og_title":"Prote\u00ednas de las habas - Distribuidor mayorista","og_description":"La prote\u00edna de jud\u00eda, con un contenido proteico del 60%, es una excelente fuente vegetal de prote\u00ednas. Es una excelente alternativa para quienes buscan fuentes diversas y valiosas de prote\u00ednas en su dieta.","og_url":"https:\/\/naturalpoland.com\/es\/productos\/productos-para-la-industria-alimentaria\/proteinas-vegetales\/proteina-frijoles\/","og_site_name":"NATURAL POLAND - Distribuidor Mayorista de Materias Primas","article_publisher":"https:\/\/www.facebook.com\/naturalpoland.b2b","article_modified_time":"2023-10-03T08:09:00+00:00","og_image":[{"width":650,"height":650,"url":"https:\/\/naturalpoland.com\/wp-content\/uploads\/bialko-bobu.jpg","type":"image\/jpeg"}],"schema":{"@context":"https:\/\/schema.org","@graph":[{"@type":"WebPage","@id":"https:\/\/naturalpoland.com\/es\/productos\/productos-para-la-industria-alimentaria\/proteinas-vegetales\/proteina-frijoles\/","url":"https:\/\/naturalpoland.com\/es\/productos\/productos-para-la-industria-alimentaria\/proteinas-vegetales\/proteina-frijoles\/","name":"Prote\u00ednas de las habas - Distribuidor mayorista","isPartOf":{"@id":"https:\/\/naturalpoland.com\/es\/#website"},"primaryImageOfPage":{"@id":"https:\/\/naturalpoland.com\/es\/productos\/productos-para-la-industria-alimentaria\/proteinas-vegetales\/proteina-frijoles\/#primaryimage"},"image":{"@id":"https:\/\/naturalpoland.com\/es\/productos\/productos-para-la-industria-alimentaria\/proteinas-vegetales\/proteina-frijoles\/#primaryimage"},"thumbnailUrl":"https:\/\/naturalpoland.com\/wp-content\/uploads\/bialko-bobu.jpg","datePublished":"2023-10-02T11:56:47+00:00","dateModified":"2023-10-03T08:09:00+00:00","breadcrumb":{"@id":"https:\/\/naturalpoland.com\/es\/productos\/productos-para-la-industria-alimentaria\/proteinas-vegetales\/proteina-frijoles\/#breadcrumb"},"inLanguage":"es","potentialAction":[{"@type":"ReadAction","target":["https:\/\/naturalpoland.com\/es\/productos\/productos-para-la-industria-alimentaria\/proteinas-vegetales\/proteina-frijoles\/"]}]},{"@type":"ImageObject","inLanguage":"es","@id":"https:\/\/naturalpoland.com\/es\/productos\/productos-para-la-industria-alimentaria\/proteinas-vegetales\/proteina-frijoles\/#primaryimage","url":"https:\/\/naturalpoland.com\/wp-content\/uploads\/bialko-bobu.jpg","contentUrl":"https:\/\/naturalpoland.com\/wp-content\/uploads\/bialko-bobu.jpg","width":650,"height":650,"caption":"prote\u00edna de haba"},{"@type":"BreadcrumbList","@id":"https:\/\/naturalpoland.com\/es\/productos\/productos-para-la-industria-alimentaria\/proteinas-vegetales\/proteina-frijoles\/#breadcrumb","itemListElement":[{"@type":"ListItem","position":1,"name":"Inicio","item":"https:\/\/naturalpoland.com\/es\/"},{"@type":"ListItem","position":2,"name":"Productos","item":"https:\/\/naturalpoland.com\/es\/productos\/"},{"@type":"ListItem","position":3,"name":"Prote\u00ednas de las habas"}]},{"@type":"WebSite","@id":"https:\/\/naturalpoland.com\/es\/#website","url":"https:\/\/naturalpoland.com\/es\/","name":"NATURAL POLAND - Distribuidor Mayorista de Materias Primas","description":"Surowce dla przemys\u0142u spo\u017cywczego, kosmetycznego i farmaceutycznego","publisher":{"@id":"https:\/\/naturalpoland.com\/es\/#organization"},"potentialAction":[{"@type":"SearchAction","target":{"@type":"EntryPoint","urlTemplate":"https:\/\/naturalpoland.com\/es\/?s={search_term_string}"},"query-input":{"@type":"PropertyValueSpecification","valueRequired":true,"valueName":"search_term_string"}}],"inLanguage":"es"},{"@type":"Organization","@id":"https:\/\/naturalpoland.com\/es\/#organization","name":"Natural Poland","url":"https:\/\/naturalpoland.com\/es\/","logo":{"@type":"ImageObject","inLanguage":"es","@id":"https:\/\/naturalpoland.com\/es\/#\/schema\/logo\/image\/","url":"https:\/\/naturalpoland.com\/wp-content\/uploads\/2021\/05\/natural-poland-icon.png","contentUrl":"https:\/\/naturalpoland.com\/wp-content\/uploads\/2021\/05\/natural-poland-icon.png","width":512,"height":512,"caption":"Natural Poland"},"image":{"@id":"https:\/\/naturalpoland.com\/es\/#\/schema\/logo\/image\/"},"sameAs":["https:\/\/www.facebook.com\/naturalpoland.b2b","https:\/\/pl.linkedin.com\/company\/natural-poland","https:\/\/www.youtube.com\/channel\/UCgeGGkvOMahZo-xu_MSEWxg"]}]}},"_links":{"self":[{"href":"https:\/\/naturalpoland.com\/es\/wp-json\/wp\/v2\/product\/26090","targetHints":{"allow":["GET"]}}],"collection":[{"href":"https:\/\/naturalpoland.com\/es\/wp-json\/wp\/v2\/product"}],"about":[{"href":"https:\/\/naturalpoland.com\/es\/wp-json\/wp\/v2\/types\/product"}],"wp:featuredmedia":[{"embeddable":true,"href":"https:\/\/naturalpoland.com\/es\/wp-json\/wp\/v2\/media\/25931"}],"wp:attachment":[{"href":"https:\/\/naturalpoland.com\/es\/wp-json\/wp\/v2\/media?parent=26090"}],"wp:term":[{"taxonomy":"product_brand","embeddable":true,"href":"https:\/\/naturalpoland.com\/es\/wp-json\/wp\/v2\/product_brand?post=26090"},{"taxonomy":"product_cat","embeddable":true,"href":"https:\/\/naturalpoland.com\/es\/wp-json\/wp\/v2\/product_cat?post=26090"},{"taxonomy":"product_tag","embeddable":true,"href":"https:\/\/naturalpoland.com\/es\/wp-json\/wp\/v2\/product_tag?post=26090"}],"curies":[{"name":"wp","href":"https:\/\/api.w.org\/{rel}","templated":true}]}}