{"id":26132,"date":"2023-10-02T13:19:15","date_gmt":"2023-10-02T11:19:15","guid":{"rendered":"https:\/\/naturalpoland.com\/produkty\/sin categor\u00eda\/proteina-de-canamo\/"},"modified":"2023-10-03T10:09:30","modified_gmt":"2023-10-03T08:09:30","slug":"proteina-cobre","status":"publish","type":"product","link":"https:\/\/naturalpoland.com\/es\/productos\/productos-para-la-industria-alimentaria\/proteinas-vegetales\/proteina-cobre\/","title":{"rendered":"Prote\u00edna de c\u00e1\u00f1amo"},"content":{"rendered":"<p>El producto se ofrece en tres concentraciones diferentes: <strong>30%, 50% y 65%<\/strong>, lo que le permite elegir la opci\u00f3n que mejor se adapte a sus necesidades. La prote\u00edna de c\u00e1\u00f1amo 30% se recomienda como adici\u00f3n vers\u00e1til a una variedad de platos, proporcionando un gran suplemento a la ingesta diaria de prote\u00ednas. Las concentraciones m\u00e1s elevadas, como el 50% y el 65%, son ideales para las personas f\u00edsicamente activas, los atletas o las personas que despu\u00e9s de entrenar necesitan una r\u00e1pida recuperaci\u00f3n y reposici\u00f3n de energ\u00eda.<\/p>\n<h2>Propiedades de la prote\u00edna de c\u00e1\u00f1amo<\/h2>\n<p>La prote\u00edna de c\u00e1\u00f1amo no s\u00f3lo aporta al organismo amino\u00e1cidos esenciales, sino que tambi\u00e9n contiene \u00e1cidos grasos omega-3 y omega-6 en proporciones \u00f3ptimas, lo que contribuye a mejorar la funci\u00f3n cardiovascular. Adem\u00e1s, tiene fibra en su composici\u00f3n, que favorece los procesos digestivos y tiene un efecto beneficioso para la salud del aparato digestivo.<\/p>\n<p>Gracias al cuidadoso proceso de producci\u00f3n, la prote\u00edna de c\u00e1\u00f1amo conserva sus propiedades nutritivas y bioactivas \u00fanicas. Tambi\u00e9n es un producto hipoalerg\u00e9nico, lo que significa que puede ser consumido por personas con alergias e intolerancias alimentarias. No contiene lactosa, gluten ni colesterol.<\/p>\n<p>Se destina tanto al consumo directo como a a\u00f1adir sabor y valor nutritivo a las comidas. Funcionar\u00e1 bien como complemento de batidos, licuados, muesli, ensaladas, as\u00ed como para hornear pan, pasteles y galletas. Con su sabor neutro y su textura cremosa, encajar\u00e1 en una gran variedad de creaciones culinarias, siendo un complemento perfecto para una dieta equilibrada.<\/p>\n","protected":false},"excerpt":{"rendered":"<p>La prote\u00edna de c\u00e1\u00f1amo es una fuente de prote\u00edna vegetal de alta calidad. Se obtiene de la semilla de c\u00e1\u00f1amo y es una excelente alternativa a la prote\u00edna animal. Forma parte importante de las dietas vegetariana y vegana.<\/p>\n","protected":false},"featured_media":25892,"template":"","meta":{"_acf_changed":false},"product_brand":[],"product_cat":[2671],"product_tag":[],"class_list":{"0":"post-26132","1":"product","2":"type-product","3":"status-publish","4":"has-post-thumbnail","6":"product_cat-proteinas-vegetales","8":"first","9":"instock","10":"shipping-taxable","11":"product-type-simple"},"acf":[],"yoast_head":"<!-- This site is optimized with the Yoast SEO plugin v27.6 - https:\/\/yoast.com\/product\/yoast-seo-wordpress\/ -->\n<title>Prote\u00edna de c\u00e1\u00f1amo - Distribuidor mayorista<\/title>\n<meta name=\"description\" content=\"La prote\u00edna de c\u00e1\u00f1amo es una fuente de prote\u00edna vegetal de alta calidad. Se obtiene de la semilla de c\u00e1\u00f1amo y es una excelente alternativa a la prote\u00edna animal.\" \/>\n<meta name=\"robots\" content=\"index, follow, max-snippet:-1, max-image-preview:large, max-video-preview:-1\" \/>\n<link rel=\"canonical\" href=\"https:\/\/naturalpoland.com\/es\/productos\/productos-para-la-industria-alimentaria\/proteinas-vegetales\/proteina-cobre\/\" \/>\n<meta property=\"og:locale\" content=\"es_ES\" \/>\n<meta property=\"og:type\" content=\"article\" \/>\n<meta property=\"og:title\" content=\"Prote\u00edna de c\u00e1\u00f1amo - Distribuidor mayorista\" \/>\n<meta property=\"og:description\" content=\"La prote\u00edna de c\u00e1\u00f1amo es una fuente de prote\u00edna vegetal de alta calidad. Se obtiene de la semilla de c\u00e1\u00f1amo y es una excelente alternativa a la prote\u00edna animal.\" \/>\n<meta property=\"og:url\" content=\"https:\/\/naturalpoland.com\/es\/productos\/productos-para-la-industria-alimentaria\/proteinas-vegetales\/proteina-cobre\/\" \/>\n<meta property=\"og:site_name\" content=\"NATURAL POLAND - Distribuidor Mayorista de Materias Primas\" \/>\n<meta property=\"article:publisher\" content=\"https:\/\/www.facebook.com\/naturalpoland.b2b\" \/>\n<meta property=\"article:modified_time\" content=\"2023-10-03T08:09:30+00:00\" \/>\n<meta property=\"og:image\" content=\"https:\/\/naturalpoland.com\/wp-content\/uploads\/bialko-konopne.jpg\" \/>\n\t<meta property=\"og:image:width\" content=\"650\" \/>\n\t<meta property=\"og:image:height\" content=\"650\" \/>\n\t<meta property=\"og:image:type\" content=\"image\/jpeg\" \/>\n<script type=\"application\/ld+json\" class=\"yoast-schema-graph\">{\"@context\":\"https:\\\/\\\/schema.org\",\"@graph\":[{\"@type\":\"WebPage\",\"@id\":\"https:\\\/\\\/naturalpoland.com\\\/es\\\/productos\\\/productos-para-la-industria-alimentaria\\\/proteinas-vegetales\\\/proteina-cobre\\\/\",\"url\":\"https:\\\/\\\/naturalpoland.com\\\/es\\\/productos\\\/productos-para-la-industria-alimentaria\\\/proteinas-vegetales\\\/proteina-cobre\\\/\",\"name\":\"Prote\u00edna de c\u00e1\u00f1amo - Distribuidor mayorista\",\"isPartOf\":{\"@id\":\"https:\\\/\\\/naturalpoland.com\\\/es\\\/#website\"},\"primaryImageOfPage\":{\"@id\":\"https:\\\/\\\/naturalpoland.com\\\/es\\\/productos\\\/productos-para-la-industria-alimentaria\\\/proteinas-vegetales\\\/proteina-cobre\\\/#primaryimage\"},\"image\":{\"@id\":\"https:\\\/\\\/naturalpoland.com\\\/es\\\/productos\\\/productos-para-la-industria-alimentaria\\\/proteinas-vegetales\\\/proteina-cobre\\\/#primaryimage\"},\"thumbnailUrl\":\"https:\\\/\\\/naturalpoland.com\\\/wp-content\\\/uploads\\\/bialko-konopne.jpg\",\"datePublished\":\"2023-10-02T11:19:15+00:00\",\"dateModified\":\"2023-10-03T08:09:30+00:00\",\"description\":\"La prote\u00edna de c\u00e1\u00f1amo es una fuente de prote\u00edna vegetal de alta calidad. Se obtiene de la semilla de c\u00e1\u00f1amo y es una excelente alternativa a la prote\u00edna animal.\",\"breadcrumb\":{\"@id\":\"https:\\\/\\\/naturalpoland.com\\\/es\\\/productos\\\/productos-para-la-industria-alimentaria\\\/proteinas-vegetales\\\/proteina-cobre\\\/#breadcrumb\"},\"inLanguage\":\"es\",\"potentialAction\":[{\"@type\":\"ReadAction\",\"target\":[\"https:\\\/\\\/naturalpoland.com\\\/es\\\/productos\\\/productos-para-la-industria-alimentaria\\\/proteinas-vegetales\\\/proteina-cobre\\\/\"]}]},{\"@type\":\"ImageObject\",\"inLanguage\":\"es\",\"@id\":\"https:\\\/\\\/naturalpoland.com\\\/es\\\/productos\\\/productos-para-la-industria-alimentaria\\\/proteinas-vegetales\\\/proteina-cobre\\\/#primaryimage\",\"url\":\"https:\\\/\\\/naturalpoland.com\\\/wp-content\\\/uploads\\\/bialko-konopne.jpg\",\"contentUrl\":\"https:\\\/\\\/naturalpoland.com\\\/wp-content\\\/uploads\\\/bialko-konopne.jpg\",\"width\":650,\"height\":650,\"caption\":\"prote\u00edna de c\u00e1\u00f1amo\"},{\"@type\":\"BreadcrumbList\",\"@id\":\"https:\\\/\\\/naturalpoland.com\\\/es\\\/productos\\\/productos-para-la-industria-alimentaria\\\/proteinas-vegetales\\\/proteina-cobre\\\/#breadcrumb\",\"itemListElement\":[{\"@type\":\"ListItem\",\"position\":1,\"name\":\"Inicio\",\"item\":\"https:\\\/\\\/naturalpoland.com\\\/es\\\/\"},{\"@type\":\"ListItem\",\"position\":2,\"name\":\"Productos\",\"item\":\"https:\\\/\\\/naturalpoland.com\\\/es\\\/productos\\\/\"},{\"@type\":\"ListItem\",\"position\":3,\"name\":\"Prote\u00edna de c\u00e1\u00f1amo\"}]},{\"@type\":\"WebSite\",\"@id\":\"https:\\\/\\\/naturalpoland.com\\\/es\\\/#website\",\"url\":\"https:\\\/\\\/naturalpoland.com\\\/es\\\/\",\"name\":\"NATURAL POLAND - Distribuidor Mayorista de Materias Primas\",\"description\":\"Surowce dla przemys\u0142u spo\u017cywczego, kosmetycznego i farmaceutycznego\",\"publisher\":{\"@id\":\"https:\\\/\\\/naturalpoland.com\\\/es\\\/#organization\"},\"potentialAction\":[{\"@type\":\"SearchAction\",\"target\":{\"@type\":\"EntryPoint\",\"urlTemplate\":\"https:\\\/\\\/naturalpoland.com\\\/es\\\/?s={search_term_string}\"},\"query-input\":{\"@type\":\"PropertyValueSpecification\",\"valueRequired\":true,\"valueName\":\"search_term_string\"}}],\"inLanguage\":\"es\"},{\"@type\":\"Organization\",\"@id\":\"https:\\\/\\\/naturalpoland.com\\\/es\\\/#organization\",\"name\":\"Natural Poland\",\"url\":\"https:\\\/\\\/naturalpoland.com\\\/es\\\/\",\"logo\":{\"@type\":\"ImageObject\",\"inLanguage\":\"es\",\"@id\":\"https:\\\/\\\/naturalpoland.com\\\/es\\\/#\\\/schema\\\/logo\\\/image\\\/\",\"url\":\"https:\\\/\\\/naturalpoland.com\\\/wp-content\\\/uploads\\\/2021\\\/05\\\/natural-poland-icon.png\",\"contentUrl\":\"https:\\\/\\\/naturalpoland.com\\\/wp-content\\\/uploads\\\/2021\\\/05\\\/natural-poland-icon.png\",\"width\":512,\"height\":512,\"caption\":\"Natural Poland\"},\"image\":{\"@id\":\"https:\\\/\\\/naturalpoland.com\\\/es\\\/#\\\/schema\\\/logo\\\/image\\\/\"},\"sameAs\":[\"https:\\\/\\\/www.facebook.com\\\/naturalpoland.b2b\",\"https:\\\/\\\/pl.linkedin.com\\\/company\\\/natural-poland\",\"https:\\\/\\\/www.youtube.com\\\/channel\\\/UCgeGGkvOMahZo-xu_MSEWxg\"]}]}<\/script>\n<!-- \/ Yoast SEO plugin. -->","yoast_head_json":{"title":"Prote\u00edna de c\u00e1\u00f1amo - Distribuidor mayorista","description":"La prote\u00edna de c\u00e1\u00f1amo es una fuente de prote\u00edna vegetal de alta calidad. Se obtiene de la semilla de c\u00e1\u00f1amo y es una excelente alternativa a la prote\u00edna animal.","robots":{"index":"index","follow":"follow","max-snippet":"max-snippet:-1","max-image-preview":"max-image-preview:large","max-video-preview":"max-video-preview:-1"},"canonical":"https:\/\/naturalpoland.com\/es\/productos\/productos-para-la-industria-alimentaria\/proteinas-vegetales\/proteina-cobre\/","og_locale":"es_ES","og_type":"article","og_title":"Prote\u00edna de c\u00e1\u00f1amo - Distribuidor mayorista","og_description":"La prote\u00edna de c\u00e1\u00f1amo es una fuente de prote\u00edna vegetal de alta calidad. Se obtiene de la semilla de c\u00e1\u00f1amo y es una excelente alternativa a la prote\u00edna animal.","og_url":"https:\/\/naturalpoland.com\/es\/productos\/productos-para-la-industria-alimentaria\/proteinas-vegetales\/proteina-cobre\/","og_site_name":"NATURAL POLAND - Distribuidor Mayorista de Materias Primas","article_publisher":"https:\/\/www.facebook.com\/naturalpoland.b2b","article_modified_time":"2023-10-03T08:09:30+00:00","og_image":[{"width":650,"height":650,"url":"https:\/\/naturalpoland.com\/wp-content\/uploads\/bialko-konopne.jpg","type":"image\/jpeg"}],"schema":{"@context":"https:\/\/schema.org","@graph":[{"@type":"WebPage","@id":"https:\/\/naturalpoland.com\/es\/productos\/productos-para-la-industria-alimentaria\/proteinas-vegetales\/proteina-cobre\/","url":"https:\/\/naturalpoland.com\/es\/productos\/productos-para-la-industria-alimentaria\/proteinas-vegetales\/proteina-cobre\/","name":"Prote\u00edna de c\u00e1\u00f1amo - Distribuidor mayorista","isPartOf":{"@id":"https:\/\/naturalpoland.com\/es\/#website"},"primaryImageOfPage":{"@id":"https:\/\/naturalpoland.com\/es\/productos\/productos-para-la-industria-alimentaria\/proteinas-vegetales\/proteina-cobre\/#primaryimage"},"image":{"@id":"https:\/\/naturalpoland.com\/es\/productos\/productos-para-la-industria-alimentaria\/proteinas-vegetales\/proteina-cobre\/#primaryimage"},"thumbnailUrl":"https:\/\/naturalpoland.com\/wp-content\/uploads\/bialko-konopne.jpg","datePublished":"2023-10-02T11:19:15+00:00","dateModified":"2023-10-03T08:09:30+00:00","description":"La prote\u00edna de c\u00e1\u00f1amo es una fuente de prote\u00edna vegetal de alta calidad. Se obtiene de la semilla de c\u00e1\u00f1amo y es una excelente alternativa a la prote\u00edna animal.","breadcrumb":{"@id":"https:\/\/naturalpoland.com\/es\/productos\/productos-para-la-industria-alimentaria\/proteinas-vegetales\/proteina-cobre\/#breadcrumb"},"inLanguage":"es","potentialAction":[{"@type":"ReadAction","target":["https:\/\/naturalpoland.com\/es\/productos\/productos-para-la-industria-alimentaria\/proteinas-vegetales\/proteina-cobre\/"]}]},{"@type":"ImageObject","inLanguage":"es","@id":"https:\/\/naturalpoland.com\/es\/productos\/productos-para-la-industria-alimentaria\/proteinas-vegetales\/proteina-cobre\/#primaryimage","url":"https:\/\/naturalpoland.com\/wp-content\/uploads\/bialko-konopne.jpg","contentUrl":"https:\/\/naturalpoland.com\/wp-content\/uploads\/bialko-konopne.jpg","width":650,"height":650,"caption":"prote\u00edna de c\u00e1\u00f1amo"},{"@type":"BreadcrumbList","@id":"https:\/\/naturalpoland.com\/es\/productos\/productos-para-la-industria-alimentaria\/proteinas-vegetales\/proteina-cobre\/#breadcrumb","itemListElement":[{"@type":"ListItem","position":1,"name":"Inicio","item":"https:\/\/naturalpoland.com\/es\/"},{"@type":"ListItem","position":2,"name":"Productos","item":"https:\/\/naturalpoland.com\/es\/productos\/"},{"@type":"ListItem","position":3,"name":"Prote\u00edna de c\u00e1\u00f1amo"}]},{"@type":"WebSite","@id":"https:\/\/naturalpoland.com\/es\/#website","url":"https:\/\/naturalpoland.com\/es\/","name":"NATURAL POLAND - Distribuidor Mayorista de Materias Primas","description":"Surowce dla przemys\u0142u spo\u017cywczego, kosmetycznego i farmaceutycznego","publisher":{"@id":"https:\/\/naturalpoland.com\/es\/#organization"},"potentialAction":[{"@type":"SearchAction","target":{"@type":"EntryPoint","urlTemplate":"https:\/\/naturalpoland.com\/es\/?s={search_term_string}"},"query-input":{"@type":"PropertyValueSpecification","valueRequired":true,"valueName":"search_term_string"}}],"inLanguage":"es"},{"@type":"Organization","@id":"https:\/\/naturalpoland.com\/es\/#organization","name":"Natural Poland","url":"https:\/\/naturalpoland.com\/es\/","logo":{"@type":"ImageObject","inLanguage":"es","@id":"https:\/\/naturalpoland.com\/es\/#\/schema\/logo\/image\/","url":"https:\/\/naturalpoland.com\/wp-content\/uploads\/2021\/05\/natural-poland-icon.png","contentUrl":"https:\/\/naturalpoland.com\/wp-content\/uploads\/2021\/05\/natural-poland-icon.png","width":512,"height":512,"caption":"Natural Poland"},"image":{"@id":"https:\/\/naturalpoland.com\/es\/#\/schema\/logo\/image\/"},"sameAs":["https:\/\/www.facebook.com\/naturalpoland.b2b","https:\/\/pl.linkedin.com\/company\/natural-poland","https:\/\/www.youtube.com\/channel\/UCgeGGkvOMahZo-xu_MSEWxg"]}]}},"_links":{"self":[{"href":"https:\/\/naturalpoland.com\/es\/wp-json\/wp\/v2\/product\/26132","targetHints":{"allow":["GET"]}}],"collection":[{"href":"https:\/\/naturalpoland.com\/es\/wp-json\/wp\/v2\/product"}],"about":[{"href":"https:\/\/naturalpoland.com\/es\/wp-json\/wp\/v2\/types\/product"}],"wp:featuredmedia":[{"embeddable":true,"href":"https:\/\/naturalpoland.com\/es\/wp-json\/wp\/v2\/media\/25892"}],"wp:attachment":[{"href":"https:\/\/naturalpoland.com\/es\/wp-json\/wp\/v2\/media?parent=26132"}],"wp:term":[{"taxonomy":"product_brand","embeddable":true,"href":"https:\/\/naturalpoland.com\/es\/wp-json\/wp\/v2\/product_brand?post=26132"},{"taxonomy":"product_cat","embeddable":true,"href":"https:\/\/naturalpoland.com\/es\/wp-json\/wp\/v2\/product_cat?post=26132"},{"taxonomy":"product_tag","embeddable":true,"href":"https:\/\/naturalpoland.com\/es\/wp-json\/wp\/v2\/product_tag?post=26132"}],"curies":[{"name":"wp","href":"https:\/\/api.w.org\/{rel}","templated":true}]}}