{"id":26168,"date":"2023-09-15T15:46:00","date_gmt":"2023-10-03T08:29:55","guid":{"rendered":"https:\/\/naturalpoland.com\/produkty\/sin categor\u00eda\/mezclas-para-roedores-y-reptiles-herbivoros\/"},"modified":"2023-10-03T10:29:55","modified_gmt":"2023-10-03T08:29:55","slug":"mezclas-para-roedores-y-roedores-venison","status":"publish","type":"product","link":"https:\/\/naturalpoland.com\/es\/productos\/materias-primas-para-alimentos-de-animales\/mezclas-para-roedores-y-roedores-venison\/","title":{"rendered":"Mezclas para roedores y reptiles herb\u00edvoros"},"content":{"rendered":"<ol>\n<li><strong>Mezcla cl\u00e1sica<\/strong>: alfalfa, hojas de cal\u00e9ndula, manzanilla, flores de rosa, tallos de perejil &#8211; una combinaci\u00f3n ideal de prote\u00ednas, vitaminas y minerales.<\/li>\n<li><strong>Mezcla de frutas y hierbas<\/strong>: tallos de perejil, hojas de frambuesa, ortiga, llant\u00e9n, diente de le\u00f3n y aciano en tonos rojos y rosas.<\/li>\n<li><strong>Mezcla enriquecida<\/strong>: tallos de perejil, aciano azul, hojas de frambuesa, zarzamora, equin\u00e1cea y flores de manzanilla &#8211; una composici\u00f3n que refuerza la inmunidad.<\/li>\n<li><strong>Mezcla ex\u00f3tica<\/strong>: tallos de perejil, pl\u00e1tano, hojas de abedul, hojas de frambuesa, diente de le\u00f3n, alfalfa, hibisco: un perfil de sabor \u00fanico.<\/li>\n<li><strong>Mezcla de verduras y frutas<\/strong>: Hojas de abedul, alfalfa, zanahoria, calabac\u00edn, manzana, hojas de frambuesa, tallos de perejil, llant\u00e9n, tomate, pepino, diente de le\u00f3n.<\/li>\n<li><strong>Mezcla de verano<\/strong>: Alfalfa, zanahorias, hibisco, tallos de perejil, pepino, hojas de cal\u00e9ndula: la combinaci\u00f3n perfecta para los d\u00edas m\u00e1s c\u00e1lidos.<\/li>\n<li><strong>Mezcla de hierbas<\/strong>: tallos de perejil, aciano, diente de le\u00f3n, llant\u00e9n, ortiga, manzanilla, l\u00fapulo &#8211; apoyo al sistema digestivo.<\/li>\n<\/ol>\n<p>Cada una de estas mezclas est\u00e1 dise\u00f1ada para satisfacer las diferentes necesidades nutricionales de roedores y reptiles herb\u00edvoros, al tiempo que proporciona una variedad de sabor y valor nutritivo.<\/p>\n","protected":false},"excerpt":{"rendered":"<p>Nuestras mezclas para roedores y reptiles herb\u00edvoros han sido cuidadosamente compuestas, a base de ingredientes de alta calidad de origen vegetal. Cada uno de ellos aporta los nutrientes esenciales necesarios para el correcto desarrollo y salud de los animales.<\/p>\n","protected":false},"featured_media":25527,"template":"","meta":{"_acf_changed":false},"product_brand":[],"product_cat":[2514],"product_tag":[],"class_list":{"0":"post-26168","1":"product","2":"type-product","3":"status-publish","4":"has-post-thumbnail","6":"product_cat-materias-primas-para-alimentos-de-animales","8":"first","9":"instock","10":"shipping-taxable","11":"product-type-simple"},"acf":[],"yoast_head":"<!-- This site is optimized with the Yoast SEO plugin v27.4 - https:\/\/yoast.com\/product\/yoast-seo-wordpress\/ -->\n<title>Mezclas para roedores y reptiles herb\u00edvoros - Distribuidor mayorista<\/title>\n<meta name=\"description\" content=\"Nuestras mezclas para roedores y reptiles herb\u00edvoros han sido cuidadosamente compuestas, a base de ingredientes de alta calidad de origen vegetal.\" \/>\n<meta name=\"robots\" content=\"index, follow, max-snippet:-1, max-image-preview:large, max-video-preview:-1\" \/>\n<link rel=\"canonical\" href=\"https:\/\/naturalpoland.com\/es\/productos\/materias-primas-para-alimentos-de-animales\/mezclas-para-roedores-y-roedores-venison\/\" \/>\n<meta property=\"og:locale\" content=\"es_ES\" \/>\n<meta property=\"og:type\" content=\"article\" \/>\n<meta property=\"og:title\" content=\"Mezclas para roedores y reptiles herb\u00edvoros - Distribuidor mayorista\" \/>\n<meta property=\"og:description\" content=\"Nuestras mezclas para roedores y reptiles herb\u00edvoros han sido cuidadosamente compuestas, a base de ingredientes de alta calidad de origen vegetal.\" \/>\n<meta property=\"og:url\" content=\"https:\/\/naturalpoland.com\/es\/productos\/materias-primas-para-alimentos-de-animales\/mezclas-para-roedores-y-roedores-venison\/\" \/>\n<meta property=\"og:site_name\" content=\"NATURAL POLAND - Distribuidor Mayorista de Materias Primas\" \/>\n<meta property=\"article:publisher\" content=\"https:\/\/www.facebook.com\/naturalpoland.b2b\" \/>\n<meta property=\"og:image\" content=\"https:\/\/naturalpoland.com\/wp-content\/uploads\/mieszanki-dla-gryzoni.jpg\" \/>\n\t<meta property=\"og:image:width\" content=\"650\" \/>\n\t<meta property=\"og:image:height\" content=\"650\" \/>\n\t<meta property=\"og:image:type\" content=\"image\/jpeg\" \/>\n<script type=\"application\/ld+json\" class=\"yoast-schema-graph\">{\"@context\":\"https:\\\/\\\/schema.org\",\"@graph\":[{\"@type\":\"WebPage\",\"@id\":\"https:\\\/\\\/naturalpoland.com\\\/es\\\/productos\\\/materias-primas-para-alimentos-de-animales\\\/mezclas-para-roedores-y-roedores-venison\\\/\",\"url\":\"https:\\\/\\\/naturalpoland.com\\\/es\\\/productos\\\/materias-primas-para-alimentos-de-animales\\\/mezclas-para-roedores-y-roedores-venison\\\/\",\"name\":\"Mezclas para roedores y reptiles herb\u00edvoros - Distribuidor mayorista\",\"isPartOf\":{\"@id\":\"https:\\\/\\\/naturalpoland.com\\\/es\\\/#website\"},\"primaryImageOfPage\":{\"@id\":\"https:\\\/\\\/naturalpoland.com\\\/es\\\/productos\\\/materias-primas-para-alimentos-de-animales\\\/mezclas-para-roedores-y-roedores-venison\\\/#primaryimage\"},\"image\":{\"@id\":\"https:\\\/\\\/naturalpoland.com\\\/es\\\/productos\\\/materias-primas-para-alimentos-de-animales\\\/mezclas-para-roedores-y-roedores-venison\\\/#primaryimage\"},\"thumbnailUrl\":\"https:\\\/\\\/naturalpoland.com\\\/wp-content\\\/uploads\\\/mieszanki-dla-gryzoni.jpg\",\"datePublished\":\"2023-10-03T08:29:55+00:00\",\"description\":\"Nuestras mezclas para roedores y reptiles herb\u00edvoros han sido cuidadosamente compuestas, a base de ingredientes de alta calidad de origen vegetal.\",\"breadcrumb\":{\"@id\":\"https:\\\/\\\/naturalpoland.com\\\/es\\\/productos\\\/materias-primas-para-alimentos-de-animales\\\/mezclas-para-roedores-y-roedores-venison\\\/#breadcrumb\"},\"inLanguage\":\"es\",\"potentialAction\":[{\"@type\":\"ReadAction\",\"target\":[\"https:\\\/\\\/naturalpoland.com\\\/es\\\/productos\\\/materias-primas-para-alimentos-de-animales\\\/mezclas-para-roedores-y-roedores-venison\\\/\"]}]},{\"@type\":\"ImageObject\",\"inLanguage\":\"es\",\"@id\":\"https:\\\/\\\/naturalpoland.com\\\/es\\\/productos\\\/materias-primas-para-alimentos-de-animales\\\/mezclas-para-roedores-y-roedores-venison\\\/#primaryimage\",\"url\":\"https:\\\/\\\/naturalpoland.com\\\/wp-content\\\/uploads\\\/mieszanki-dla-gryzoni.jpg\",\"contentUrl\":\"https:\\\/\\\/naturalpoland.com\\\/wp-content\\\/uploads\\\/mieszanki-dla-gryzoni.jpg\",\"width\":650,\"height\":650,\"caption\":\"mezclas para roedores\"},{\"@type\":\"BreadcrumbList\",\"@id\":\"https:\\\/\\\/naturalpoland.com\\\/es\\\/productos\\\/materias-primas-para-alimentos-de-animales\\\/mezclas-para-roedores-y-roedores-venison\\\/#breadcrumb\",\"itemListElement\":[{\"@type\":\"ListItem\",\"position\":1,\"name\":\"Inicio\",\"item\":\"https:\\\/\\\/naturalpoland.com\\\/es\\\/\"},{\"@type\":\"ListItem\",\"position\":2,\"name\":\"Productos\",\"item\":\"https:\\\/\\\/naturalpoland.com\\\/es\\\/productos\\\/\"},{\"@type\":\"ListItem\",\"position\":3,\"name\":\"Mezclas para roedores y reptiles herb\u00edvoros\"}]},{\"@type\":\"WebSite\",\"@id\":\"https:\\\/\\\/naturalpoland.com\\\/es\\\/#website\",\"url\":\"https:\\\/\\\/naturalpoland.com\\\/es\\\/\",\"name\":\"NATURAL POLAND - Distribuidor Mayorista de Materias Primas\",\"description\":\"Surowce dla przemys\u0142u spo\u017cywczego, kosmetycznego i farmaceutycznego\",\"publisher\":{\"@id\":\"https:\\\/\\\/naturalpoland.com\\\/es\\\/#organization\"},\"potentialAction\":[{\"@type\":\"SearchAction\",\"target\":{\"@type\":\"EntryPoint\",\"urlTemplate\":\"https:\\\/\\\/naturalpoland.com\\\/es\\\/?s={search_term_string}\"},\"query-input\":{\"@type\":\"PropertyValueSpecification\",\"valueRequired\":true,\"valueName\":\"search_term_string\"}}],\"inLanguage\":\"es\"},{\"@type\":\"Organization\",\"@id\":\"https:\\\/\\\/naturalpoland.com\\\/es\\\/#organization\",\"name\":\"Natural Poland\",\"url\":\"https:\\\/\\\/naturalpoland.com\\\/es\\\/\",\"logo\":{\"@type\":\"ImageObject\",\"inLanguage\":\"es\",\"@id\":\"https:\\\/\\\/naturalpoland.com\\\/es\\\/#\\\/schema\\\/logo\\\/image\\\/\",\"url\":\"https:\\\/\\\/naturalpoland.com\\\/wp-content\\\/uploads\\\/2021\\\/05\\\/natural-poland-icon.png\",\"contentUrl\":\"https:\\\/\\\/naturalpoland.com\\\/wp-content\\\/uploads\\\/2021\\\/05\\\/natural-poland-icon.png\",\"width\":512,\"height\":512,\"caption\":\"Natural Poland\"},\"image\":{\"@id\":\"https:\\\/\\\/naturalpoland.com\\\/es\\\/#\\\/schema\\\/logo\\\/image\\\/\"},\"sameAs\":[\"https:\\\/\\\/www.facebook.com\\\/naturalpoland.b2b\",\"https:\\\/\\\/pl.linkedin.com\\\/company\\\/natural-poland\",\"https:\\\/\\\/www.youtube.com\\\/channel\\\/UCgeGGkvOMahZo-xu_MSEWxg\"]}]}<\/script>\n<!-- \/ Yoast SEO plugin. -->","yoast_head_json":{"title":"Mezclas para roedores y reptiles herb\u00edvoros - Distribuidor mayorista","description":"Nuestras mezclas para roedores y reptiles herb\u00edvoros han sido cuidadosamente compuestas, a base de ingredientes de alta calidad de origen vegetal.","robots":{"index":"index","follow":"follow","max-snippet":"max-snippet:-1","max-image-preview":"max-image-preview:large","max-video-preview":"max-video-preview:-1"},"canonical":"https:\/\/naturalpoland.com\/es\/productos\/materias-primas-para-alimentos-de-animales\/mezclas-para-roedores-y-roedores-venison\/","og_locale":"es_ES","og_type":"article","og_title":"Mezclas para roedores y reptiles herb\u00edvoros - Distribuidor mayorista","og_description":"Nuestras mezclas para roedores y reptiles herb\u00edvoros han sido cuidadosamente compuestas, a base de ingredientes de alta calidad de origen vegetal.","og_url":"https:\/\/naturalpoland.com\/es\/productos\/materias-primas-para-alimentos-de-animales\/mezclas-para-roedores-y-roedores-venison\/","og_site_name":"NATURAL POLAND - Distribuidor Mayorista de Materias Primas","article_publisher":"https:\/\/www.facebook.com\/naturalpoland.b2b","og_image":[{"width":650,"height":650,"url":"https:\/\/naturalpoland.com\/wp-content\/uploads\/mieszanki-dla-gryzoni.jpg","type":"image\/jpeg"}],"schema":{"@context":"https:\/\/schema.org","@graph":[{"@type":"WebPage","@id":"https:\/\/naturalpoland.com\/es\/productos\/materias-primas-para-alimentos-de-animales\/mezclas-para-roedores-y-roedores-venison\/","url":"https:\/\/naturalpoland.com\/es\/productos\/materias-primas-para-alimentos-de-animales\/mezclas-para-roedores-y-roedores-venison\/","name":"Mezclas para roedores y reptiles herb\u00edvoros - Distribuidor mayorista","isPartOf":{"@id":"https:\/\/naturalpoland.com\/es\/#website"},"primaryImageOfPage":{"@id":"https:\/\/naturalpoland.com\/es\/productos\/materias-primas-para-alimentos-de-animales\/mezclas-para-roedores-y-roedores-venison\/#primaryimage"},"image":{"@id":"https:\/\/naturalpoland.com\/es\/productos\/materias-primas-para-alimentos-de-animales\/mezclas-para-roedores-y-roedores-venison\/#primaryimage"},"thumbnailUrl":"https:\/\/naturalpoland.com\/wp-content\/uploads\/mieszanki-dla-gryzoni.jpg","datePublished":"2023-10-03T08:29:55+00:00","description":"Nuestras mezclas para roedores y reptiles herb\u00edvoros han sido cuidadosamente compuestas, a base de ingredientes de alta calidad de origen vegetal.","breadcrumb":{"@id":"https:\/\/naturalpoland.com\/es\/productos\/materias-primas-para-alimentos-de-animales\/mezclas-para-roedores-y-roedores-venison\/#breadcrumb"},"inLanguage":"es","potentialAction":[{"@type":"ReadAction","target":["https:\/\/naturalpoland.com\/es\/productos\/materias-primas-para-alimentos-de-animales\/mezclas-para-roedores-y-roedores-venison\/"]}]},{"@type":"ImageObject","inLanguage":"es","@id":"https:\/\/naturalpoland.com\/es\/productos\/materias-primas-para-alimentos-de-animales\/mezclas-para-roedores-y-roedores-venison\/#primaryimage","url":"https:\/\/naturalpoland.com\/wp-content\/uploads\/mieszanki-dla-gryzoni.jpg","contentUrl":"https:\/\/naturalpoland.com\/wp-content\/uploads\/mieszanki-dla-gryzoni.jpg","width":650,"height":650,"caption":"mezclas para roedores"},{"@type":"BreadcrumbList","@id":"https:\/\/naturalpoland.com\/es\/productos\/materias-primas-para-alimentos-de-animales\/mezclas-para-roedores-y-roedores-venison\/#breadcrumb","itemListElement":[{"@type":"ListItem","position":1,"name":"Inicio","item":"https:\/\/naturalpoland.com\/es\/"},{"@type":"ListItem","position":2,"name":"Productos","item":"https:\/\/naturalpoland.com\/es\/productos\/"},{"@type":"ListItem","position":3,"name":"Mezclas para roedores y reptiles herb\u00edvoros"}]},{"@type":"WebSite","@id":"https:\/\/naturalpoland.com\/es\/#website","url":"https:\/\/naturalpoland.com\/es\/","name":"NATURAL POLAND - Distribuidor Mayorista de Materias Primas","description":"Surowce dla przemys\u0142u spo\u017cywczego, kosmetycznego i farmaceutycznego","publisher":{"@id":"https:\/\/naturalpoland.com\/es\/#organization"},"potentialAction":[{"@type":"SearchAction","target":{"@type":"EntryPoint","urlTemplate":"https:\/\/naturalpoland.com\/es\/?s={search_term_string}"},"query-input":{"@type":"PropertyValueSpecification","valueRequired":true,"valueName":"search_term_string"}}],"inLanguage":"es"},{"@type":"Organization","@id":"https:\/\/naturalpoland.com\/es\/#organization","name":"Natural Poland","url":"https:\/\/naturalpoland.com\/es\/","logo":{"@type":"ImageObject","inLanguage":"es","@id":"https:\/\/naturalpoland.com\/es\/#\/schema\/logo\/image\/","url":"https:\/\/naturalpoland.com\/wp-content\/uploads\/2021\/05\/natural-poland-icon.png","contentUrl":"https:\/\/naturalpoland.com\/wp-content\/uploads\/2021\/05\/natural-poland-icon.png","width":512,"height":512,"caption":"Natural Poland"},"image":{"@id":"https:\/\/naturalpoland.com\/es\/#\/schema\/logo\/image\/"},"sameAs":["https:\/\/www.facebook.com\/naturalpoland.b2b","https:\/\/pl.linkedin.com\/company\/natural-poland","https:\/\/www.youtube.com\/channel\/UCgeGGkvOMahZo-xu_MSEWxg"]}]}},"_links":{"self":[{"href":"https:\/\/naturalpoland.com\/es\/wp-json\/wp\/v2\/product\/26168","targetHints":{"allow":["GET"]}}],"collection":[{"href":"https:\/\/naturalpoland.com\/es\/wp-json\/wp\/v2\/product"}],"about":[{"href":"https:\/\/naturalpoland.com\/es\/wp-json\/wp\/v2\/types\/product"}],"wp:featuredmedia":[{"embeddable":true,"href":"https:\/\/naturalpoland.com\/es\/wp-json\/wp\/v2\/media\/25527"}],"wp:attachment":[{"href":"https:\/\/naturalpoland.com\/es\/wp-json\/wp\/v2\/media?parent=26168"}],"wp:term":[{"taxonomy":"product_brand","embeddable":true,"href":"https:\/\/naturalpoland.com\/es\/wp-json\/wp\/v2\/product_brand?post=26168"},{"taxonomy":"product_cat","embeddable":true,"href":"https:\/\/naturalpoland.com\/es\/wp-json\/wp\/v2\/product_cat?post=26168"},{"taxonomy":"product_tag","embeddable":true,"href":"https:\/\/naturalpoland.com\/es\/wp-json\/wp\/v2\/product_tag?post=26168"}],"curies":[{"name":"wp","href":"https:\/\/api.w.org\/{rel}","templated":true}]}}