{"id":26194,"date":"2023-09-15T15:13:14","date_gmt":"2023-10-03T08:30:04","guid":{"rendered":"https:\/\/naturalpoland.com\/produkty\/sin categor\u00eda\/aceites-para-animales\/"},"modified":"2023-10-03T10:30:04","modified_gmt":"2023-10-03T08:30:04","slug":"aceites-para-animales","status":"publish","type":"product","link":"https:\/\/naturalpoland.com\/es\/productos\/materias-primas-para-alimentos-de-animales\/aceites-para-animales\/","title":{"rendered":"Aceites para animales"},"content":{"rendered":"<div class=\"group w-full text-token-text-primary border-b border-black\/10 dark:border-gray-900\/50 bg-gray-50 dark:bg-[#444654]\" data-testid=\"conversation-turn-120\">\n<div class=\"p-4 justify-center text-base md:gap-6 md:py-6 m-auto\">\n<div class=\"flex flex-1 gap-4 text-base mx-auto md:gap-6 md:max-w-2xl lg:max-w-[38rem] xl:max-w-3xl }\">\n<div class=\"relative flex w-[calc(100%-50px)] flex-col gap-1 md:gap-3 lg:w-[calc(100%-115px)]\">\n<div class=\"flex flex-grow flex-col gap-3 max-w-full\">\n<div class=\"min-h-[20px] flex flex-col items-start gap-3 overflow-x-auto whitespace-pre-wrap break-words\">\n<div class=\"markdown prose w-full break-words dark:prose-invert light\">\n<ul>\n<li><strong>Aceite de comino negro<\/strong>: Conocido por sus potentes propiedades antiinflamatorias y antioxidantes. Favorece el sistema inmunitario y tiene un efecto beneficioso sobre el estado de la piel y el pelaje. Ideal para mascotas con problemas de piel o alergias.<\/li>\n<li><strong>Aceite de salm\u00f3n<\/strong>: Rico en \u00e1cidos grasos poliinsaturados omega-3, que benefician al sistema cardiovascular, la piel y el pelaje. Recomendado especialmente para animales de edad avanzada y con problemas articulares.<\/li>\n<li><strong>Aceite de h\u00edgado de bacalao<\/strong>: Valiosa fuente de vitaminas A y D, que favorece la salud ocular, \u00f3sea y del sistema inmunitario. Recomendado para animales j\u00f3venes en crecimiento y convalecientes.<\/li>\n<li><strong>Aceite de linaza<\/strong>: Contiene \u00e1cidos grasos omega-3 y omega-6, que favorecen el sistema cardiovascular y tienen un efecto positivo sobre la piel y el pelaje.<\/li>\n<li><strong>Aceite de c\u00e1\u00f1amo<\/strong>: Contiene \u00e1cidos grasos esenciales y antioxidantes, favorece el sistema nervioso y mejora el estado de la piel y el pelaje.<\/li>\n<\/ul>\n<p>Nuestros aceites para mascotas son garant\u00eda de la m\u00e1xima calidad y proceden de fuentes naturales. El suave proceso de extracci\u00f3n garantiza que se conserven todas las propiedades beneficiosas. El uso de estos aceites en productos de origen animal contribuye a su bienestar y aspecto saludable. Ideal para fabricantes y minoristas de alimentos para mascotas que buscan ingredientes de la m\u00e1xima calidad.<\/p>\n<\/div>\n<\/div>\n<\/div>\n<div class=\"flex justify-between lg:block\">\n<div class=\"text-xs flex items-center justify-center gap-1 self-center pt-2 !invisible\"><\/div>\n<div class=\"text-gray-400 flex self-end lg:self-center justify-center mt-2 gap-2 md:gap-3 lg:gap-1 lg:absolute lg:top-0 lg:translate-x-full lg:right-0 lg:mt-0 lg:pl-2 visible\"><button class=\"flex ml-auto gap-2 rounded-md p-1 hover:bg-gray-100 hover:text-gray-700 dark:text-gray-400 dark:hover:bg-gray-700 dark:hover:text-gray-200 disabled:dark:hover:text-gray-400\"><\/button><\/p>\n<div class=\"flex gap-1\"><\/div>\n<\/div>\n<\/div>\n<\/div>\n<\/div>\n<\/div>\n<\/div>\n","protected":false},"excerpt":{"rendered":"<p>Los aceites animales que ofrecemos son una excelente fuente de \u00e1cidos grasos esenciales y vitaminas, un complemento importante de la suplementaci\u00f3n nutricional animal. Cada aceite tiene un perfil nutricional espec\u00edfico que contribuye a la salud general del animal.<\/p>\n","protected":false},"featured_media":25501,"template":"","meta":{"_acf_changed":false},"product_brand":[],"product_cat":[2514],"product_tag":[],"class_list":{"0":"post-26194","1":"product","2":"type-product","3":"status-publish","4":"has-post-thumbnail","6":"product_cat-materias-primas-para-alimentos-de-animales","8":"first","9":"instock","10":"shipping-taxable","11":"product-type-simple"},"acf":[],"yoast_head":"<!-- This site is optimized with the Yoast SEO plugin v27.4 - https:\/\/yoast.com\/product\/yoast-seo-wordpress\/ -->\n<title>Aceites para animales - Distribuidor mayorista<\/title>\n<meta name=\"description\" content=\"Los aceites animales son una fuente excelente de \u00e1cidos grasos esenciales y vitaminas, y constituyen un complemento importante de la alimentaci\u00f3n animal.\" \/>\n<meta name=\"robots\" content=\"index, follow, max-snippet:-1, max-image-preview:large, max-video-preview:-1\" \/>\n<link rel=\"canonical\" href=\"https:\/\/naturalpoland.com\/es\/productos\/materias-primas-para-alimentos-de-animales\/aceites-para-animales\/\" \/>\n<meta property=\"og:locale\" content=\"es_ES\" \/>\n<meta property=\"og:type\" content=\"article\" \/>\n<meta property=\"og:title\" content=\"Aceites para animales - Distribuidor mayorista\" \/>\n<meta property=\"og:description\" content=\"Los aceites animales son una fuente excelente de \u00e1cidos grasos esenciales y vitaminas, y constituyen un complemento importante de la alimentaci\u00f3n animal.\" \/>\n<meta property=\"og:url\" content=\"https:\/\/naturalpoland.com\/es\/productos\/materias-primas-para-alimentos-de-animales\/aceites-para-animales\/\" \/>\n<meta property=\"og:site_name\" content=\"NATURAL POLAND - Distribuidor Mayorista de Materias Primas\" \/>\n<meta property=\"article:publisher\" content=\"https:\/\/www.facebook.com\/naturalpoland.b2b\" \/>\n<meta property=\"og:image\" content=\"https:\/\/naturalpoland.com\/wp-content\/uploads\/oleje-dla-zwierzat.jpg\" \/>\n\t<meta property=\"og:image:width\" content=\"650\" \/>\n\t<meta property=\"og:image:height\" content=\"650\" \/>\n\t<meta property=\"og:image:type\" content=\"image\/jpeg\" \/>\n<script type=\"application\/ld+json\" class=\"yoast-schema-graph\">{\"@context\":\"https:\\\/\\\/schema.org\",\"@graph\":[{\"@type\":\"WebPage\",\"@id\":\"https:\\\/\\\/naturalpoland.com\\\/es\\\/productos\\\/materias-primas-para-alimentos-de-animales\\\/aceites-para-animales\\\/\",\"url\":\"https:\\\/\\\/naturalpoland.com\\\/es\\\/productos\\\/materias-primas-para-alimentos-de-animales\\\/aceites-para-animales\\\/\",\"name\":\"Aceites para animales - Distribuidor mayorista\",\"isPartOf\":{\"@id\":\"https:\\\/\\\/naturalpoland.com\\\/es\\\/#website\"},\"primaryImageOfPage\":{\"@id\":\"https:\\\/\\\/naturalpoland.com\\\/es\\\/productos\\\/materias-primas-para-alimentos-de-animales\\\/aceites-para-animales\\\/#primaryimage\"},\"image\":{\"@id\":\"https:\\\/\\\/naturalpoland.com\\\/es\\\/productos\\\/materias-primas-para-alimentos-de-animales\\\/aceites-para-animales\\\/#primaryimage\"},\"thumbnailUrl\":\"https:\\\/\\\/naturalpoland.com\\\/wp-content\\\/uploads\\\/oleje-dla-zwierzat.jpg\",\"datePublished\":\"2023-10-03T08:30:04+00:00\",\"description\":\"Los aceites animales son una fuente excelente de \u00e1cidos grasos esenciales y vitaminas, y constituyen un complemento importante de la alimentaci\u00f3n animal.\",\"breadcrumb\":{\"@id\":\"https:\\\/\\\/naturalpoland.com\\\/es\\\/productos\\\/materias-primas-para-alimentos-de-animales\\\/aceites-para-animales\\\/#breadcrumb\"},\"inLanguage\":\"es\",\"potentialAction\":[{\"@type\":\"ReadAction\",\"target\":[\"https:\\\/\\\/naturalpoland.com\\\/es\\\/productos\\\/materias-primas-para-alimentos-de-animales\\\/aceites-para-animales\\\/\"]}]},{\"@type\":\"ImageObject\",\"inLanguage\":\"es\",\"@id\":\"https:\\\/\\\/naturalpoland.com\\\/es\\\/productos\\\/materias-primas-para-alimentos-de-animales\\\/aceites-para-animales\\\/#primaryimage\",\"url\":\"https:\\\/\\\/naturalpoland.com\\\/wp-content\\\/uploads\\\/oleje-dla-zwierzat.jpg\",\"contentUrl\":\"https:\\\/\\\/naturalpoland.com\\\/wp-content\\\/uploads\\\/oleje-dla-zwierzat.jpg\",\"width\":650,\"height\":650,\"caption\":\"aceites para animales\"},{\"@type\":\"BreadcrumbList\",\"@id\":\"https:\\\/\\\/naturalpoland.com\\\/es\\\/productos\\\/materias-primas-para-alimentos-de-animales\\\/aceites-para-animales\\\/#breadcrumb\",\"itemListElement\":[{\"@type\":\"ListItem\",\"position\":1,\"name\":\"Inicio\",\"item\":\"https:\\\/\\\/naturalpoland.com\\\/es\\\/\"},{\"@type\":\"ListItem\",\"position\":2,\"name\":\"Productos\",\"item\":\"https:\\\/\\\/naturalpoland.com\\\/es\\\/productos\\\/\"},{\"@type\":\"ListItem\",\"position\":3,\"name\":\"Aceites para animales\"}]},{\"@type\":\"WebSite\",\"@id\":\"https:\\\/\\\/naturalpoland.com\\\/es\\\/#website\",\"url\":\"https:\\\/\\\/naturalpoland.com\\\/es\\\/\",\"name\":\"NATURAL POLAND - Distribuidor Mayorista de Materias Primas\",\"description\":\"Surowce dla przemys\u0142u spo\u017cywczego, kosmetycznego i farmaceutycznego\",\"publisher\":{\"@id\":\"https:\\\/\\\/naturalpoland.com\\\/es\\\/#organization\"},\"potentialAction\":[{\"@type\":\"SearchAction\",\"target\":{\"@type\":\"EntryPoint\",\"urlTemplate\":\"https:\\\/\\\/naturalpoland.com\\\/es\\\/?s={search_term_string}\"},\"query-input\":{\"@type\":\"PropertyValueSpecification\",\"valueRequired\":true,\"valueName\":\"search_term_string\"}}],\"inLanguage\":\"es\"},{\"@type\":\"Organization\",\"@id\":\"https:\\\/\\\/naturalpoland.com\\\/es\\\/#organization\",\"name\":\"Natural Poland\",\"url\":\"https:\\\/\\\/naturalpoland.com\\\/es\\\/\",\"logo\":{\"@type\":\"ImageObject\",\"inLanguage\":\"es\",\"@id\":\"https:\\\/\\\/naturalpoland.com\\\/es\\\/#\\\/schema\\\/logo\\\/image\\\/\",\"url\":\"https:\\\/\\\/naturalpoland.com\\\/wp-content\\\/uploads\\\/2021\\\/05\\\/natural-poland-icon.png\",\"contentUrl\":\"https:\\\/\\\/naturalpoland.com\\\/wp-content\\\/uploads\\\/2021\\\/05\\\/natural-poland-icon.png\",\"width\":512,\"height\":512,\"caption\":\"Natural Poland\"},\"image\":{\"@id\":\"https:\\\/\\\/naturalpoland.com\\\/es\\\/#\\\/schema\\\/logo\\\/image\\\/\"},\"sameAs\":[\"https:\\\/\\\/www.facebook.com\\\/naturalpoland.b2b\",\"https:\\\/\\\/pl.linkedin.com\\\/company\\\/natural-poland\",\"https:\\\/\\\/www.youtube.com\\\/channel\\\/UCgeGGkvOMahZo-xu_MSEWxg\"]}]}<\/script>\n<!-- \/ Yoast SEO plugin. -->","yoast_head_json":{"title":"Aceites para animales - Distribuidor mayorista","description":"Los aceites animales son una fuente excelente de \u00e1cidos grasos esenciales y vitaminas, y constituyen un complemento importante de la alimentaci\u00f3n animal.","robots":{"index":"index","follow":"follow","max-snippet":"max-snippet:-1","max-image-preview":"max-image-preview:large","max-video-preview":"max-video-preview:-1"},"canonical":"https:\/\/naturalpoland.com\/es\/productos\/materias-primas-para-alimentos-de-animales\/aceites-para-animales\/","og_locale":"es_ES","og_type":"article","og_title":"Aceites para animales - Distribuidor mayorista","og_description":"Los aceites animales son una fuente excelente de \u00e1cidos grasos esenciales y vitaminas, y constituyen un complemento importante de la alimentaci\u00f3n animal.","og_url":"https:\/\/naturalpoland.com\/es\/productos\/materias-primas-para-alimentos-de-animales\/aceites-para-animales\/","og_site_name":"NATURAL POLAND - Distribuidor Mayorista de Materias Primas","article_publisher":"https:\/\/www.facebook.com\/naturalpoland.b2b","og_image":[{"width":650,"height":650,"url":"https:\/\/naturalpoland.com\/wp-content\/uploads\/oleje-dla-zwierzat.jpg","type":"image\/jpeg"}],"schema":{"@context":"https:\/\/schema.org","@graph":[{"@type":"WebPage","@id":"https:\/\/naturalpoland.com\/es\/productos\/materias-primas-para-alimentos-de-animales\/aceites-para-animales\/","url":"https:\/\/naturalpoland.com\/es\/productos\/materias-primas-para-alimentos-de-animales\/aceites-para-animales\/","name":"Aceites para animales - Distribuidor mayorista","isPartOf":{"@id":"https:\/\/naturalpoland.com\/es\/#website"},"primaryImageOfPage":{"@id":"https:\/\/naturalpoland.com\/es\/productos\/materias-primas-para-alimentos-de-animales\/aceites-para-animales\/#primaryimage"},"image":{"@id":"https:\/\/naturalpoland.com\/es\/productos\/materias-primas-para-alimentos-de-animales\/aceites-para-animales\/#primaryimage"},"thumbnailUrl":"https:\/\/naturalpoland.com\/wp-content\/uploads\/oleje-dla-zwierzat.jpg","datePublished":"2023-10-03T08:30:04+00:00","description":"Los aceites animales son una fuente excelente de \u00e1cidos grasos esenciales y vitaminas, y constituyen un complemento importante de la alimentaci\u00f3n animal.","breadcrumb":{"@id":"https:\/\/naturalpoland.com\/es\/productos\/materias-primas-para-alimentos-de-animales\/aceites-para-animales\/#breadcrumb"},"inLanguage":"es","potentialAction":[{"@type":"ReadAction","target":["https:\/\/naturalpoland.com\/es\/productos\/materias-primas-para-alimentos-de-animales\/aceites-para-animales\/"]}]},{"@type":"ImageObject","inLanguage":"es","@id":"https:\/\/naturalpoland.com\/es\/productos\/materias-primas-para-alimentos-de-animales\/aceites-para-animales\/#primaryimage","url":"https:\/\/naturalpoland.com\/wp-content\/uploads\/oleje-dla-zwierzat.jpg","contentUrl":"https:\/\/naturalpoland.com\/wp-content\/uploads\/oleje-dla-zwierzat.jpg","width":650,"height":650,"caption":"aceites para animales"},{"@type":"BreadcrumbList","@id":"https:\/\/naturalpoland.com\/es\/productos\/materias-primas-para-alimentos-de-animales\/aceites-para-animales\/#breadcrumb","itemListElement":[{"@type":"ListItem","position":1,"name":"Inicio","item":"https:\/\/naturalpoland.com\/es\/"},{"@type":"ListItem","position":2,"name":"Productos","item":"https:\/\/naturalpoland.com\/es\/productos\/"},{"@type":"ListItem","position":3,"name":"Aceites para animales"}]},{"@type":"WebSite","@id":"https:\/\/naturalpoland.com\/es\/#website","url":"https:\/\/naturalpoland.com\/es\/","name":"NATURAL POLAND - Distribuidor Mayorista de Materias Primas","description":"Surowce dla przemys\u0142u spo\u017cywczego, kosmetycznego i farmaceutycznego","publisher":{"@id":"https:\/\/naturalpoland.com\/es\/#organization"},"potentialAction":[{"@type":"SearchAction","target":{"@type":"EntryPoint","urlTemplate":"https:\/\/naturalpoland.com\/es\/?s={search_term_string}"},"query-input":{"@type":"PropertyValueSpecification","valueRequired":true,"valueName":"search_term_string"}}],"inLanguage":"es"},{"@type":"Organization","@id":"https:\/\/naturalpoland.com\/es\/#organization","name":"Natural Poland","url":"https:\/\/naturalpoland.com\/es\/","logo":{"@type":"ImageObject","inLanguage":"es","@id":"https:\/\/naturalpoland.com\/es\/#\/schema\/logo\/image\/","url":"https:\/\/naturalpoland.com\/wp-content\/uploads\/2021\/05\/natural-poland-icon.png","contentUrl":"https:\/\/naturalpoland.com\/wp-content\/uploads\/2021\/05\/natural-poland-icon.png","width":512,"height":512,"caption":"Natural Poland"},"image":{"@id":"https:\/\/naturalpoland.com\/es\/#\/schema\/logo\/image\/"},"sameAs":["https:\/\/www.facebook.com\/naturalpoland.b2b","https:\/\/pl.linkedin.com\/company\/natural-poland","https:\/\/www.youtube.com\/channel\/UCgeGGkvOMahZo-xu_MSEWxg"]}]}},"_links":{"self":[{"href":"https:\/\/naturalpoland.com\/es\/wp-json\/wp\/v2\/product\/26194","targetHints":{"allow":["GET"]}}],"collection":[{"href":"https:\/\/naturalpoland.com\/es\/wp-json\/wp\/v2\/product"}],"about":[{"href":"https:\/\/naturalpoland.com\/es\/wp-json\/wp\/v2\/types\/product"}],"wp:featuredmedia":[{"embeddable":true,"href":"https:\/\/naturalpoland.com\/es\/wp-json\/wp\/v2\/media\/25501"}],"wp:attachment":[{"href":"https:\/\/naturalpoland.com\/es\/wp-json\/wp\/v2\/media?parent=26194"}],"wp:term":[{"taxonomy":"product_brand","embeddable":true,"href":"https:\/\/naturalpoland.com\/es\/wp-json\/wp\/v2\/product_brand?post=26194"},{"taxonomy":"product_cat","embeddable":true,"href":"https:\/\/naturalpoland.com\/es\/wp-json\/wp\/v2\/product_cat?post=26194"},{"taxonomy":"product_tag","embeddable":true,"href":"https:\/\/naturalpoland.com\/es\/wp-json\/wp\/v2\/product_tag?post=26194"}],"curies":[{"name":"wp","href":"https:\/\/api.w.org\/{rel}","templated":true}]}}