{"id":26229,"date":"2023-09-15T14:53:58","date_gmt":"2023-09-15T12:53:58","guid":{"rendered":"https:\/\/naturalpoland.com\/produkty\/sin categor\u00eda\/pellets\/"},"modified":"2023-10-03T10:30:30","modified_gmt":"2023-10-03T08:30:30","slug":"pellets","status":"publish","type":"product","link":"https:\/\/naturalpoland.com\/es\/productos\/materias-primas-para-alimentos-de-animales\/pellets\/","title":{"rendered":"Pellets"},"content":{"rendered":"<ul>\n<li><strong>Gr\u00e1nulos<\/strong> de diente de le\u00f3n: El diente de le\u00f3n es una hierba muy conocida que facilita la digesti\u00f3n y tiene un efecto antiinflamatorio. En forma de gr\u00e1nulos, es f\u00e1cil enriquecer la dieta con estas propiedades beneficiosas.<\/li>\n<li><strong>Pellets<\/strong> de alfalfa: La alfalfa es una excelente fuente de prote\u00ednas y vitaminas. Su f\u00f3rmula granulada garantiza que los animales reciban todos los nutrientes que necesitan.<\/li>\n<li><strong>Gr\u00e1nulos de hierbas de primera calidad para roedores<\/strong>: Una mezcla especialmente compuesta de hierbas adaptada a las necesidades de los roedores. Contiene ingredientes que favorecen la digesti\u00f3n, la salud del pelaje y el estado general del animal.<\/li>\n<li><strong>Pellets de hierbas de primera calidad para reptiles<\/strong>: Hierbas cuidadosamente seleccionadas que reflejan la dieta natural de muchas especies de reptiles. Favorece el sistema digestivo, el crecimiento y la salud de la piel.<\/li>\n<\/ul>\n<p>Nuestros pellets se fabrican cuidando hasta el m\u00e1s m\u00ednimo detalle y cumpliendo las normas de calidad m\u00e1s estrictas. Representan una soluci\u00f3n \u00fanica para los due\u00f1os de mascotas que desean proporcionar a sus mascotas los mejores ingredientes naturales de forma pr\u00e1ctica.<\/p>\n","protected":false},"excerpt":{"rendered":"<p>Nuestra gama de pellets proporciona una fuente ideal de valor nutritivo para una gran variedad de especies animales. Elaborados a partir de ingredientes de alta calidad, los gr\u00e1nulos se procesan cuidadosamente para conservar el mayor n\u00famero posible de propiedades beneficiosas de las materias primas con las que se producen.<\/p>\n","protected":false},"featured_media":25475,"template":"","meta":{"_acf_changed":false},"product_brand":[],"product_cat":[2514],"product_tag":[],"class_list":{"0":"post-26229","1":"product","2":"type-product","3":"status-publish","4":"has-post-thumbnail","6":"product_cat-materias-primas-para-alimentos-de-animales","8":"first","9":"instock","10":"shipping-taxable","11":"product-type-simple"},"acf":[],"yoast_head":"<!-- This site is optimized with the Yoast SEO plugin v27.5 - https:\/\/yoast.com\/product\/yoast-seo-wordpress\/ -->\n<title>Pellets - Distribuidor mayorista<\/title>\n<meta name=\"description\" content=\"El pellet es una fuente ideal de valor nutritivo para diversas especies animales. Los pellets proporcionan beneficios \u00f3ptimos para la salud animal.\" \/>\n<meta name=\"robots\" content=\"index, follow, max-snippet:-1, max-image-preview:large, max-video-preview:-1\" \/>\n<link rel=\"canonical\" href=\"https:\/\/naturalpoland.com\/es\/productos\/materias-primas-para-alimentos-de-animales\/pellets\/\" \/>\n<meta property=\"og:locale\" content=\"es_ES\" \/>\n<meta property=\"og:type\" content=\"article\" \/>\n<meta property=\"og:title\" content=\"Pellets - Distribuidor mayorista\" \/>\n<meta property=\"og:description\" content=\"El pellet es una fuente ideal de valor nutritivo para diversas especies animales. Los pellets proporcionan beneficios \u00f3ptimos para la salud animal.\" \/>\n<meta property=\"og:url\" content=\"https:\/\/naturalpoland.com\/es\/productos\/materias-primas-para-alimentos-de-animales\/pellets\/\" \/>\n<meta property=\"og:site_name\" content=\"NATURAL POLAND - Distribuidor Mayorista de Materias Primas\" \/>\n<meta property=\"article:publisher\" content=\"https:\/\/www.facebook.com\/naturalpoland.b2b\" \/>\n<meta property=\"article:modified_time\" content=\"2023-10-03T08:30:30+00:00\" \/>\n<meta property=\"og:image\" content=\"https:\/\/naturalpoland.com\/wp-content\/uploads\/pelet-dla-gryzoni.jpg\" \/>\n\t<meta property=\"og:image:width\" content=\"650\" \/>\n\t<meta property=\"og:image:height\" content=\"650\" \/>\n\t<meta property=\"og:image:type\" content=\"image\/jpeg\" \/>\n<script type=\"application\/ld+json\" class=\"yoast-schema-graph\">{\"@context\":\"https:\\\/\\\/schema.org\",\"@graph\":[{\"@type\":\"WebPage\",\"@id\":\"https:\\\/\\\/naturalpoland.com\\\/es\\\/productos\\\/materias-primas-para-alimentos-de-animales\\\/pellets\\\/\",\"url\":\"https:\\\/\\\/naturalpoland.com\\\/es\\\/productos\\\/materias-primas-para-alimentos-de-animales\\\/pellets\\\/\",\"name\":\"Pellets - Distribuidor mayorista\",\"isPartOf\":{\"@id\":\"https:\\\/\\\/naturalpoland.com\\\/es\\\/#website\"},\"primaryImageOfPage\":{\"@id\":\"https:\\\/\\\/naturalpoland.com\\\/es\\\/productos\\\/materias-primas-para-alimentos-de-animales\\\/pellets\\\/#primaryimage\"},\"image\":{\"@id\":\"https:\\\/\\\/naturalpoland.com\\\/es\\\/productos\\\/materias-primas-para-alimentos-de-animales\\\/pellets\\\/#primaryimage\"},\"thumbnailUrl\":\"https:\\\/\\\/naturalpoland.com\\\/wp-content\\\/uploads\\\/pelet-dla-gryzoni.jpg\",\"datePublished\":\"2023-09-15T12:53:58+00:00\",\"dateModified\":\"2023-10-03T08:30:30+00:00\",\"description\":\"El pellet es una fuente ideal de valor nutritivo para diversas especies animales. Los pellets proporcionan beneficios \u00f3ptimos para la salud animal.\",\"breadcrumb\":{\"@id\":\"https:\\\/\\\/naturalpoland.com\\\/es\\\/productos\\\/materias-primas-para-alimentos-de-animales\\\/pellets\\\/#breadcrumb\"},\"inLanguage\":\"es\",\"potentialAction\":[{\"@type\":\"ReadAction\",\"target\":[\"https:\\\/\\\/naturalpoland.com\\\/es\\\/productos\\\/materias-primas-para-alimentos-de-animales\\\/pellets\\\/\"]}]},{\"@type\":\"ImageObject\",\"inLanguage\":\"es\",\"@id\":\"https:\\\/\\\/naturalpoland.com\\\/es\\\/productos\\\/materias-primas-para-alimentos-de-animales\\\/pellets\\\/#primaryimage\",\"url\":\"https:\\\/\\\/naturalpoland.com\\\/wp-content\\\/uploads\\\/pelet-dla-gryzoni.jpg\",\"contentUrl\":\"https:\\\/\\\/naturalpoland.com\\\/wp-content\\\/uploads\\\/pelet-dla-gryzoni.jpg\",\"width\":650,\"height\":650,\"caption\":\"pellets para roedores\"},{\"@type\":\"BreadcrumbList\",\"@id\":\"https:\\\/\\\/naturalpoland.com\\\/es\\\/productos\\\/materias-primas-para-alimentos-de-animales\\\/pellets\\\/#breadcrumb\",\"itemListElement\":[{\"@type\":\"ListItem\",\"position\":1,\"name\":\"Inicio\",\"item\":\"https:\\\/\\\/naturalpoland.com\\\/es\\\/\"},{\"@type\":\"ListItem\",\"position\":2,\"name\":\"Productos\",\"item\":\"https:\\\/\\\/naturalpoland.com\\\/es\\\/productos\\\/\"},{\"@type\":\"ListItem\",\"position\":3,\"name\":\"Pellets\"}]},{\"@type\":\"WebSite\",\"@id\":\"https:\\\/\\\/naturalpoland.com\\\/es\\\/#website\",\"url\":\"https:\\\/\\\/naturalpoland.com\\\/es\\\/\",\"name\":\"NATURAL POLAND - Distribuidor Mayorista de Materias Primas\",\"description\":\"Surowce dla przemys\u0142u spo\u017cywczego, kosmetycznego i farmaceutycznego\",\"publisher\":{\"@id\":\"https:\\\/\\\/naturalpoland.com\\\/es\\\/#organization\"},\"potentialAction\":[{\"@type\":\"SearchAction\",\"target\":{\"@type\":\"EntryPoint\",\"urlTemplate\":\"https:\\\/\\\/naturalpoland.com\\\/es\\\/?s={search_term_string}\"},\"query-input\":{\"@type\":\"PropertyValueSpecification\",\"valueRequired\":true,\"valueName\":\"search_term_string\"}}],\"inLanguage\":\"es\"},{\"@type\":\"Organization\",\"@id\":\"https:\\\/\\\/naturalpoland.com\\\/es\\\/#organization\",\"name\":\"Natural Poland\",\"url\":\"https:\\\/\\\/naturalpoland.com\\\/es\\\/\",\"logo\":{\"@type\":\"ImageObject\",\"inLanguage\":\"es\",\"@id\":\"https:\\\/\\\/naturalpoland.com\\\/es\\\/#\\\/schema\\\/logo\\\/image\\\/\",\"url\":\"https:\\\/\\\/naturalpoland.com\\\/wp-content\\\/uploads\\\/2021\\\/05\\\/natural-poland-icon.png\",\"contentUrl\":\"https:\\\/\\\/naturalpoland.com\\\/wp-content\\\/uploads\\\/2021\\\/05\\\/natural-poland-icon.png\",\"width\":512,\"height\":512,\"caption\":\"Natural Poland\"},\"image\":{\"@id\":\"https:\\\/\\\/naturalpoland.com\\\/es\\\/#\\\/schema\\\/logo\\\/image\\\/\"},\"sameAs\":[\"https:\\\/\\\/www.facebook.com\\\/naturalpoland.b2b\",\"https:\\\/\\\/pl.linkedin.com\\\/company\\\/natural-poland\",\"https:\\\/\\\/www.youtube.com\\\/channel\\\/UCgeGGkvOMahZo-xu_MSEWxg\"]}]}<\/script>\n<!-- \/ Yoast SEO plugin. -->","yoast_head_json":{"title":"Pellets - Distribuidor mayorista","description":"El pellet es una fuente ideal de valor nutritivo para diversas especies animales. Los pellets proporcionan beneficios \u00f3ptimos para la salud animal.","robots":{"index":"index","follow":"follow","max-snippet":"max-snippet:-1","max-image-preview":"max-image-preview:large","max-video-preview":"max-video-preview:-1"},"canonical":"https:\/\/naturalpoland.com\/es\/productos\/materias-primas-para-alimentos-de-animales\/pellets\/","og_locale":"es_ES","og_type":"article","og_title":"Pellets - Distribuidor mayorista","og_description":"El pellet es una fuente ideal de valor nutritivo para diversas especies animales. Los pellets proporcionan beneficios \u00f3ptimos para la salud animal.","og_url":"https:\/\/naturalpoland.com\/es\/productos\/materias-primas-para-alimentos-de-animales\/pellets\/","og_site_name":"NATURAL POLAND - Distribuidor Mayorista de Materias Primas","article_publisher":"https:\/\/www.facebook.com\/naturalpoland.b2b","article_modified_time":"2023-10-03T08:30:30+00:00","og_image":[{"width":650,"height":650,"url":"https:\/\/naturalpoland.com\/wp-content\/uploads\/pelet-dla-gryzoni.jpg","type":"image\/jpeg"}],"schema":{"@context":"https:\/\/schema.org","@graph":[{"@type":"WebPage","@id":"https:\/\/naturalpoland.com\/es\/productos\/materias-primas-para-alimentos-de-animales\/pellets\/","url":"https:\/\/naturalpoland.com\/es\/productos\/materias-primas-para-alimentos-de-animales\/pellets\/","name":"Pellets - Distribuidor mayorista","isPartOf":{"@id":"https:\/\/naturalpoland.com\/es\/#website"},"primaryImageOfPage":{"@id":"https:\/\/naturalpoland.com\/es\/productos\/materias-primas-para-alimentos-de-animales\/pellets\/#primaryimage"},"image":{"@id":"https:\/\/naturalpoland.com\/es\/productos\/materias-primas-para-alimentos-de-animales\/pellets\/#primaryimage"},"thumbnailUrl":"https:\/\/naturalpoland.com\/wp-content\/uploads\/pelet-dla-gryzoni.jpg","datePublished":"2023-09-15T12:53:58+00:00","dateModified":"2023-10-03T08:30:30+00:00","description":"El pellet es una fuente ideal de valor nutritivo para diversas especies animales. Los pellets proporcionan beneficios \u00f3ptimos para la salud animal.","breadcrumb":{"@id":"https:\/\/naturalpoland.com\/es\/productos\/materias-primas-para-alimentos-de-animales\/pellets\/#breadcrumb"},"inLanguage":"es","potentialAction":[{"@type":"ReadAction","target":["https:\/\/naturalpoland.com\/es\/productos\/materias-primas-para-alimentos-de-animales\/pellets\/"]}]},{"@type":"ImageObject","inLanguage":"es","@id":"https:\/\/naturalpoland.com\/es\/productos\/materias-primas-para-alimentos-de-animales\/pellets\/#primaryimage","url":"https:\/\/naturalpoland.com\/wp-content\/uploads\/pelet-dla-gryzoni.jpg","contentUrl":"https:\/\/naturalpoland.com\/wp-content\/uploads\/pelet-dla-gryzoni.jpg","width":650,"height":650,"caption":"pellets para roedores"},{"@type":"BreadcrumbList","@id":"https:\/\/naturalpoland.com\/es\/productos\/materias-primas-para-alimentos-de-animales\/pellets\/#breadcrumb","itemListElement":[{"@type":"ListItem","position":1,"name":"Inicio","item":"https:\/\/naturalpoland.com\/es\/"},{"@type":"ListItem","position":2,"name":"Productos","item":"https:\/\/naturalpoland.com\/es\/productos\/"},{"@type":"ListItem","position":3,"name":"Pellets"}]},{"@type":"WebSite","@id":"https:\/\/naturalpoland.com\/es\/#website","url":"https:\/\/naturalpoland.com\/es\/","name":"NATURAL POLAND - Distribuidor Mayorista de Materias Primas","description":"Surowce dla przemys\u0142u spo\u017cywczego, kosmetycznego i farmaceutycznego","publisher":{"@id":"https:\/\/naturalpoland.com\/es\/#organization"},"potentialAction":[{"@type":"SearchAction","target":{"@type":"EntryPoint","urlTemplate":"https:\/\/naturalpoland.com\/es\/?s={search_term_string}"},"query-input":{"@type":"PropertyValueSpecification","valueRequired":true,"valueName":"search_term_string"}}],"inLanguage":"es"},{"@type":"Organization","@id":"https:\/\/naturalpoland.com\/es\/#organization","name":"Natural Poland","url":"https:\/\/naturalpoland.com\/es\/","logo":{"@type":"ImageObject","inLanguage":"es","@id":"https:\/\/naturalpoland.com\/es\/#\/schema\/logo\/image\/","url":"https:\/\/naturalpoland.com\/wp-content\/uploads\/2021\/05\/natural-poland-icon.png","contentUrl":"https:\/\/naturalpoland.com\/wp-content\/uploads\/2021\/05\/natural-poland-icon.png","width":512,"height":512,"caption":"Natural Poland"},"image":{"@id":"https:\/\/naturalpoland.com\/es\/#\/schema\/logo\/image\/"},"sameAs":["https:\/\/www.facebook.com\/naturalpoland.b2b","https:\/\/pl.linkedin.com\/company\/natural-poland","https:\/\/www.youtube.com\/channel\/UCgeGGkvOMahZo-xu_MSEWxg"]}]}},"_links":{"self":[{"href":"https:\/\/naturalpoland.com\/es\/wp-json\/wp\/v2\/product\/26229","targetHints":{"allow":["GET"]}}],"collection":[{"href":"https:\/\/naturalpoland.com\/es\/wp-json\/wp\/v2\/product"}],"about":[{"href":"https:\/\/naturalpoland.com\/es\/wp-json\/wp\/v2\/types\/product"}],"wp:featuredmedia":[{"embeddable":true,"href":"https:\/\/naturalpoland.com\/es\/wp-json\/wp\/v2\/media\/25475"}],"wp:attachment":[{"href":"https:\/\/naturalpoland.com\/es\/wp-json\/wp\/v2\/media?parent=26229"}],"wp:term":[{"taxonomy":"product_brand","embeddable":true,"href":"https:\/\/naturalpoland.com\/es\/wp-json\/wp\/v2\/product_brand?post=26229"},{"taxonomy":"product_cat","embeddable":true,"href":"https:\/\/naturalpoland.com\/es\/wp-json\/wp\/v2\/product_cat?post=26229"},{"taxonomy":"product_tag","embeddable":true,"href":"https:\/\/naturalpoland.com\/es\/wp-json\/wp\/v2\/product_tag?post=26229"}],"curies":[{"name":"wp","href":"https:\/\/api.w.org\/{rel}","templated":true}]}}